{"id":9208,"date":"2025-05-20T17:45:51","date_gmt":"2025-05-20T17:45:51","guid":{"rendered":"https:\/\/electricstore.eu\/p\/uncategorized\/lanpwr-51-2v-100ah-rack-mount-lifepo4-battery-pack-backup-power-5120wh-energy-built-in-100a-bms-100-dod-support-in-parallel\/"},"modified":"2025-05-20T17:46:19","modified_gmt":"2025-05-20T17:46:19","slug":"lanpwr-51-2v-100ah-rack-mount-lifepo4-battery-pack-backup-power-5120wh-energy-built-in-100a-bms-100-dod-support-in-parallel","status":"publish","type":"product","link":"https:\/\/www.electricstore.eu\/pl\/p\/batteries\/portable-power-stations\/lanpwr-51-2v-100ah-rack-mount-lifepo4-battery-pack-backup-power-5120wh-energy-built-in-100a-bms-100-dod-support-in-parallel\/","title":{"rendered":"Akumulator LiFePO4 LANPWR 51,2 V 100 Ah do monta\u017cu w szafie rack, zasilanie awaryjne, energia 5120 Wh, wbudowany system BMS 100 A, DOD 100%, obs\u0142uga po\u0142\u0105czenia r\u00f3wnoleg\u0142ego"},"content":{"rendered":"<div class=\"product-specs-list-container\">\n<ul class=\"product-specs-list util-clearfix\">\n<li class=\"product-prop line-limit-length\"><span\n                                        class=\"property-title\">Ekran wy\u015bwietlacza:&nbsp;<\/span><span\n                                        class=\"property-desc line-limit-length\">Tak<\/span>\n                            <\/li>\n<li class=\"product-prop line-limit-length\"><span\n                                        class=\"property-title\">Pojemno\u015b\u0107 nominalna:&nbsp;<\/span><span\n                                        class=\"property-desc line-limit-length\">&gt;3500mAh<\/span>\n                            <\/li>\n<li class=\"product-prop line-limit-length\"><span\n                                        class=\"property-title\">Numer modelu:&nbsp;<\/span><span\n                                        class=\"property-desc line-limit-length\">LFP51.2-100<\/span>\n                            <\/li>\n<li class=\"product-prop line-limit-length\"><span\n                                        class=\"property-title\">Typ:&nbsp;<\/span><span\n                                        class=\"property-desc line-limit-length\">LiFePO4<\/span>\n                            <\/li>\n<li class=\"product-prop line-limit-length\"><span\n                                        class=\"property-title\">Sk\u0142ada\u0107 czcionki do druku:&nbsp;<\/span><span\n                                        class=\"property-desc line-limit-length\">Zestawy \u0142aduj\u0105ce<\/span>\n                            <\/li>\n<li class=\"product-prop line-limit-length\"><span\n                                        class=\"property-title\">Nominal Voltage:&nbsp;<\/span><span\n                                        class=\"property-desc line-limit-length\">51.2V<\/span>\n                            <\/li>\n<li class=\"product-prop line-limit-length\"><span\n                                        class=\"property-title\">Voltage Range:&nbsp;<\/span><span\n                                        class=\"property-desc line-limit-length\">44.8V-56V<\/span>\n                            <\/li>\n<li class=\"product-prop line-limit-length\"><span\n                                        class=\"property-title\">Pojemno\u015b\u0107 nominalna:&nbsp;<\/span><span\n                                        class=\"property-desc line-limit-length\">100Ah<\/span>\n                            <\/li>\n<li class=\"product-prop line-limit-length\"><span\n                                        class=\"property-title\">Nominal Energy:&nbsp;<\/span><span\n                                        class=\"property-desc line-limit-length\">5120Wh<\/span>\n                            <\/li>\n<li class=\"product-prop line-limit-length\"><span\n                                        class=\"property-title\">Charge Voltage Range:&nbsp;<\/span><span\n                                        class=\"property-desc line-limit-length\">56-57.6V<\/span>\n                            <\/li>\n<li class=\"product-prop line-limit-length\"><span\n                                        class=\"property-title\">Cut-off Voltage:&nbsp;<\/span><span\n                                        class=\"property-desc line-limit-length\">44.8V<\/span>\n                            <\/li>\n<li class=\"product-prop line-limit-length\"><span\n                                        class=\"property-title\">Recommend Charge Current:&nbsp;<\/span><span\n                                        class=\"property-desc line-limit-length\">50A<\/span>\n                            <\/li>\n<li class=\"product-prop line-limit-length\"><span\n                                        class=\"property-title\">Max. Charging Current:&nbsp;<\/span><span\n                                        class=\"property-desc line-limit-length\">100A<\/span>\n                            <\/li>\n<li class=\"product-prop line-limit-length\"><span\n                                        class=\"property-title\">Max. Discharging Current:&nbsp;<\/span><span\n                                        class=\"property-desc line-limit-length\">100A<\/span>\n                            <\/li>\n<\/ul><\/div>\n<div class=\"detailmodule_dynamic\"><kse:widget data-widget-type=\"relatedProduct\" id=\"1005000009406803\" title=\"\" type=\"relation\"><\/kse:widget><\/div>\n<div class=\"detailmodule_html\">\n<div class=\"detail-desc-decorate-richtext\">\n<p><\/p>\n<div style=\"background-color:rgb(240, 234, 255);margin:20px 0px 10px;margin-bottom:10px;margin-top:20px;margin-left:0px;margin-right:0px;width:100%;height:34px\">\n <span style=\"background-color:rgb(55, 139, 238);color:rgb(255, 255, 255);font-size:24px;font-family:Verdana, Arial\">Przegl\u0105d najwa\u017cniejszych wydarze\u0144<\/span><br \/>\n \n<\/div>\n<div class=\"detailmodule_text\">\n<p style=\"font-family:&quot;Microsoft YaHei&quot;;letter-spacing:normal;text-align:start;white-space:normal;color:rgb(0, 0, 0)\" align=\"start\"><strong><span style=\"font-size:16px;font-family:arial, helvetica, sans-serif\">High Cycle Life and Service Life<\/span><\/strong><\/p>\n<p style=\"font-family:&quot;Microsoft YaHei&quot;;font-size:medium;font-weight:400;letter-spacing:normal;text-align:start;white-space:normal;color:rgb(0, 0, 0)\" align=\"start\"><span style=\"font-size:16px;font-family:arial, helvetica, sans-serif\">LANPWR 51.2V 100Ah LiFePO4 batteries use advanced Class A LiFePO4 cells. With a new improved metal housing that provides more strength than a normal ABS housing, heat dissipation is easier. It is the perfect replacement for your old battery system. LANPWR 51.2V 100Ah 100% DOD service life exceeds 5000 cycles and can be used for about 10 years.<\/span><\/p>\n<p><\/p>\n<p style=\"font-family:&quot;Microsoft YaHei&quot;;letter-spacing:normal;text-align:start;white-space:normal;color:rgb(0, 0, 0)\" align=\"start\"><strong><span style=\"font-size:16px;font-family:arial, helvetica, sans-serif\">10 Days Non-stop Power Supply<\/span><\/strong><\/p>\n<p style=\"font-family:&quot;Microsoft YaHei&quot;;font-size:medium;font-weight:400;letter-spacing:normal;text-align:start;white-space:normal;color:rgb(0, 0, 0)\" align=\"start\"><span style=\"font-size:16px;font-family:arial, helvetica, sans-serif\">LANPWR 51.2V 100Ah rack-mount LiFePO4 battery can power your home for up to 10 days without using any utility power (Ensure daily power demand is 0.5kWh), allowing you to avoid grid outages. LANPWR 51.2V 100Ah rack-mount LiFePO4 battery flexible configuration, a maximum of 8 units can be connected in parallel for expanding capacity and power with DIP switches.<\/span><\/p>\n<p><\/p>\n<p style=\"font-family:&quot;Microsoft YaHei&quot;;letter-spacing:normal;text-align:start;white-space:normal;color:rgb(0, 0, 0)\" align=\"start\"><strong><span style=\"font-size:16px;font-family:arial, helvetica, sans-serif\">Safety &amp; Eco-Friendly<\/span><\/strong><\/p>\n<p style=\"font-family:&quot;Microsoft YaHei&quot;;font-size:medium;font-weight:400;letter-spacing:normal;text-align:start;white-space:normal;color:rgb(0, 0, 0)\" align=\"start\"><span style=\"font-size:16px;font-family:arial, helvetica, sans-serif\">LANPWR 51.2V 100Ah lithium iron phosphate battery uses A-grade lithium iron phosphate cells, which have higher energy density, more stable performance, and higher performance. LiFePO4 batteries can be recycled and do not produce elements that are harmful to the environment, but lead-acid batteries pollute the environment.<\/span><\/p>\n<\/div>\n<div style=\"background-color:rgb(240, 234, 255);margin:20px 0px 10px;margin-bottom:10px;margin-top:20px;margin-left:0px;margin-right:0px;width:100%;height:34px\">\n <span style=\"background-color:rgb(55, 139, 238);color:rgb(255, 255, 255);font-size:24px;font-family:Verdana, Arial\">Szczeg\u00f3\u0142y produktu<\/span>\n<\/div>\n<p><img decoding=\"async\" src=\"https:\/\/ae01.alicdn.com\/kf\/S499e3ff91aa940898a439643698def2eu.jpg\" slate-data-type=\"image\" \/><img decoding=\"async\" src=\"https:\/\/ae01.alicdn.com\/kf\/S028f210b3c6647f1b4db126ba56ec88af.jpg\" slate-data-type=\"image\" \/><img decoding=\"async\" src=\"https:\/\/ae01.alicdn.com\/kf\/S65d8462a308648a9af33fda06bcaa857a.jpg\" slate-data-type=\"image\" \/><img decoding=\"async\" src=\"https:\/\/ae01.alicdn.com\/kf\/S2bc5fccd681b459784d42d3f9193a97cs.jpg\" slate-data-type=\"image\" \/><img decoding=\"async\" src=\"https:\/\/ae01.alicdn.com\/kf\/Sc56c2ac8a6be476fabc41125fea07b1ei.jpg\" slate-data-type=\"image\" \/><img decoding=\"async\" src=\"https:\/\/ae01.alicdn.com\/kf\/Sbda7ca0196f64cdda33e4a1d200f312dj.jpg\" slate-data-type=\"image\" \/><img decoding=\"async\" src=\"https:\/\/ae01.alicdn.com\/kf\/Sdb923799e32947c1a349a3e293374406W.jpg\" slate-data-type=\"image\" \/><\/p>\n<div style=\"background-color:rgb(240, 234, 255);margin:20px 0px 10px;margin-bottom:10px;margin-top:20px;margin-left:0px;margin-right:0px;width:100%;height:34px\">\n <span style=\"background-color:rgb(55, 139, 238);color:rgb(255, 255, 255);font-size:24px;font-family:Verdana, Arial\">Specyfikacja<\/span>\n<\/div>\n<p><\/p>\n<table style=\"border-collapse:collapse;font-family:&quot;Microsoft YaHei&quot;;width:1000px\" class=\"jbEidtTable\" border=\"1\" cellpadding=\"5\" cellspacing=\"0\">\n<tbody>\n<tr>\n<td style=\"text-align:left\" align=\"left\">\n<p><span style=\"font-size:16px;font-family:arial, helvetica, sans-serif\"><strong>Og\u00f3lny<\/strong><\/span><\/p>\n<\/td>\n<td style=\"text-align:left\" align=\"left\">\n<p><span style=\"font-size:16px;font-family:arial, helvetica, sans-serif\">Brand: LANPWR<br \/>Type: Rack-Mount LiFePO4 Battery<br \/>Model: LFP51.2-100<br \/>Kolor: czarny<\/span><\/p>\n<\/td>\n<\/tr>\n<tr>\n<td style=\"text-align:left\" align=\"left\">\n<p><span style=\"font-size:16px;font-family:arial, helvetica, sans-serif\"><strong>Specyfikacja<\/strong><\/span><\/p>\n<\/td>\n<td style=\"text-align:left\" align=\"left\">\n<p><span style=\"font-size:16px;font-family:arial, helvetica, sans-serif\">Nominal Voltage: 51.2V<br \/>Voltage Range: 44.8V-56V<br \/>Nominal Capacity: 100Ah<br \/>Nominal Energy: 5120Wh<br \/>Charge Voltage Range: 56-57.6V<br \/>Cut-off Voltage: 44.8V<br \/>Recommend Charge Current: 50A<br \/>Max. Charging Current: 100A<br \/>Max. Discharging Current: 100A<\/span><\/p>\n<\/td>\n<\/tr>\n<tr>\n<td style=\"text-align:left\" align=\"left\">\n<p><span style=\"font-size:16px;font-family:arial, helvetica, sans-serif\"><strong>Waga i rozmiar<\/strong><\/span><\/p>\n<\/td>\n<td style=\"text-align:left\" align=\"left\">\n<p><span style=\"font-size:16px;font-family:arial, helvetica, sans-serif\">Product Weight: 42.3kg<br \/>Package Weight: 45.5kg<br \/>Product Size(L x W x H): 490*451.5*160mm<br \/>Package Size(L x W x H): 564*542*239mm<\/span><\/p>\n<\/td>\n<\/tr>\n<tr>\n<td style=\"text-align:left\" align=\"left\">\n<p><span style=\"font-size:16px;font-family:arial, helvetica, sans-serif\"><strong>Zawarto\u015b\u0107 opakowania<\/strong><\/span><\/p>\n<\/td>\n<td style=\"text-align:left\" align=\"left\">\n<p><span style=\"font-size:16px;font-family:arial, helvetica, sans-serif\">1 x 51.2V 100Ah Rack-Mount LiFePO4 Battery<br \/>1 x Positive Parallel Battery Cable<br \/>1 x Negative Parallel Battery Cable<br \/>1 x RJ45 Terminal Cable<br \/>1 x Instrukcja obs\u0142ugi<\/span><\/p>\n<\/td>\n<\/tr>\n<\/tbody>\n<\/table>\n<p><\/div>\n<\/div>","protected":false},"excerpt":{"rendered":"<p>Display screen:&nbsp;Yes Nominal Capacity:&nbsp;&gt;3500mAh Model Number:&nbsp;LFP51.2-100 Type:&nbsp;LiFePO4 Set Type:&nbsp;Charger Sets Nominal Voltage:&nbsp;51.2V Voltage Range:&nbsp;44.8V-56V Nominal Capacity:&nbsp;100Ah Nominal Energy:&nbsp;5120Wh Charge Voltage Range:&nbsp;56-57.6V Cut-off Voltage:&nbsp;44.8V Recommend Charge Current:&nbsp;50A Max. Charging Current:&nbsp;100A Max.<\/p>","protected":false},"featured_media":9210,"comment_status":"open","ping_status":"closed","template":"","meta":{"_acf_changed":false},"product_brand":[],"product_cat":[515],"product_tag":[],"class_list":{"0":"post-9208","1":"product","2":"type-product","3":"status-publish","4":"has-post-thumbnail","6":"product_cat-portable-power-stations","8":"first","9":"instock","10":"shipping-taxable","11":"purchasable","12":"product-type-simple"},"acf":[],"_links":{"self":[{"href":"https:\/\/www.electricstore.eu\/pl\/wp-json\/wp\/v2\/product\/9208","targetHints":{"allow":["GET"]}}],"collection":[{"href":"https:\/\/www.electricstore.eu\/pl\/wp-json\/wp\/v2\/product"}],"about":[{"href":"https:\/\/www.electricstore.eu\/pl\/wp-json\/wp\/v2\/types\/product"}],"replies":[{"embeddable":true,"href":"https:\/\/www.electricstore.eu\/pl\/wp-json\/wp\/v2\/comments?post=9208"}],"wp:featuredmedia":[{"embeddable":true,"href":"https:\/\/www.electricstore.eu\/pl\/wp-json\/wp\/v2\/media\/9210"}],"wp:attachment":[{"href":"https:\/\/www.electricstore.eu\/pl\/wp-json\/wp\/v2\/media?parent=9208"}],"wp:term":[{"taxonomy":"product_brand","embeddable":true,"href":"https:\/\/www.electricstore.eu\/pl\/wp-json\/wp\/v2\/product_brand?post=9208"},{"taxonomy":"product_cat","embeddable":true,"href":"https:\/\/www.electricstore.eu\/pl\/wp-json\/wp\/v2\/product_cat?post=9208"},{"taxonomy":"product_tag","embeddable":true,"href":"https:\/\/www.electricstore.eu\/pl\/wp-json\/wp\/v2\/product_tag?post=9208"}],"curies":[{"name":"wp","href":"https:\/\/api.w.org\/{rel}","templated":true}]}}