{"id":9187,"date":"2025-05-20T17:45:39","date_gmt":"2025-05-20T17:45:39","guid":{"rendered":"https:\/\/electricstore.eu\/p\/uncategorized\/oscal-powermax2400-2400w-1872wh-portable-power-station-dual-speaker-1-2h-fast-charging-app-control-16-outputs-up-to-10bp2400\/"},"modified":"2025-05-20T17:46:03","modified_gmt":"2025-05-20T17:46:03","slug":"oscal-powermax2400-2400w-1872wh-portable-power-station-dual-speaker-1-2h-fast-charging-app-control-16-outputs-up-to-10bp2400","status":"publish","type":"product","link":"https:\/\/www.electricstore.eu\/pl\/p\/batteries\/portable-power-stations\/oscal-powermax2400-2400w-1872wh-portable-power-station-dual-speaker-1-2h-fast-charging-app-control-16-outputs-up-to-10bp2400\/","title":{"rendered":"Oscal PowerMax2400 2400 W 1872 Wh przeno\u015bna stacja zasilania podw\u00f3jny g\u0142o\u015bnik 1,2 godz. szybkie \u0142adowanie, sterowanie aplikacj\u0105, 16 wyj\u015b\u0107, do 10*BP2400"},"content":{"rendered":"<div class=\"product-specs-list-container\">\n<ul class=\"product-specs-list util-clearfix\">\n<li class=\"product-prop line-limit-length\"><span\n                                        class=\"property-title\">Ekran wy\u015bwietlacza:&nbsp;<\/span><span\n                                        class=\"property-desc line-limit-length\">Tak<\/span>\n                            <\/li>\n<li class=\"product-prop line-limit-length\"><span\n                                        class=\"property-title\">Pojemno\u015b\u0107 nominalna:&nbsp;<\/span><span\n                                        class=\"property-desc line-limit-length\">&gt;3500mAh<\/span>\n                            <\/li>\n<li class=\"product-prop line-limit-length\"><span\n                                        class=\"property-title\">Numer modelu:&nbsp;<\/span><span\n                                        class=\"property-desc line-limit-length\">PowerMax2400<\/span>\n                            <\/li>\n<li class=\"product-prop line-limit-length\"><span\n                                        class=\"property-title\">Typ:&nbsp;<\/span><span\n                                        class=\"property-desc line-limit-length\">LiFePO4<\/span>\n                            <\/li>\n<li class=\"product-prop line-limit-length\"><span\n                                        class=\"property-title\">Sk\u0142ada\u0107 czcionki do druku:&nbsp;<\/span><span\n                                        class=\"property-desc line-limit-length\">Zestawy \u0142aduj\u0105ce<\/span>\n                            <\/li>\n<\/ul><\/div>\n<div class=\"detailmodule_dynamic\"><kse:widget data-widget-type=\"customText\" id=\"1005000009406803\" type=\"relation\"><\/kse:widget><\/div>\n<div class=\"detailmodule_html\">\n<div class=\"detail-desc-decorate-richtext\">\n<p><\/p>\n<div style=\"background-color:rgb(240, 234, 255);margin:20px 0px 10px;margin-bottom:10px;margin-top:20px;margin-left:0px;margin-right:0px;width:100%;height:34px\"><span style=\"background-color:rgb(55, 139, 238);color:rgb(255, 255, 255);font-size:24px;font-family:Verdana, Arial\">Przegl\u0105d najwa\u017cniejszych wydarze\u0144<\/span><\/div>\n<div class=\"detailmodule_text\">\n<div class=\"detailmodule_html\">\n<div class=\"detail-desc-decorate-richtext\">\n<div class=\"detailmodule_text-image\">\n<div class=\"detailmodule_text-image\">\n<div class=\"detailmodule_text-image\">\n<div class=\"detailmodule_text-image\">\n<div class=\"detailmodule_html\">\n<div class=\"detail-desc-decorate-richtext\">\n<div class=\"detailmodule_text-image\">\n<div class=\"detailmodule_text-image\">\n<p style=\"font-family:&quot;Microsoft YaHei&quot;;letter-spacing:normal;text-align:start;white-space:normal;color:rgb(0, 0, 0)\" align=\"start\"><span style=\"font-size:16px;font-family:arial, helvetica, sans-serif\">1, 1,872Wh to 20,592Wh Mega Capacity\u00a0;<\/span><\/p>\n<p style=\"font-family:&quot;Microsoft YaHei&quot;;letter-spacing:normal;text-align:start;white-space:normal;color:rgb(0, 0, 0)\" align=\"start\"><span style=\"font-size:16px;font-family:arial, helvetica, sans-serif\">2, Powerful Dual Speakers\u00a0;<\/span><\/p>\n<p style=\"font-family:&quot;Microsoft YaHei&quot;;letter-spacing:normal;text-align:start;white-space:normal;color:rgb(0, 0, 0)\" align=\"start\"><span style=\"font-size:16px;font-family:arial, helvetica, sans-serif\">3, Powerful 2400W Output;<\/span><\/p>\n<p style=\"font-family:&quot;Microsoft YaHei&quot;;letter-spacing:normal;text-align:start;white-space:normal;color:rgb(0, 0, 0)\" align=\"start\"><span style=\"font-size:16px;font-family:arial, helvetica, sans-serif\">4, 16 Thoughtfully Organized Outputs;<\/span><\/p>\n<p style=\"font-family:&quot;Microsoft YaHei&quot;;letter-spacing:normal;text-align:start;white-space:normal;color:rgb(0, 0, 0)\" align=\"start\"><span style=\"font-size:16px;font-family:arial, helvetica, sans-serif\">5, Ultra-Fast Charging.<\/span><\/p>\n<p style=\"font-family:&quot;Microsoft YaHei&quot;;letter-spacing:normal;text-align:start;white-space:normal;color:rgb(0, 0, 0)\" align=\"start\"><span style=\"font-size:16px;font-family:arial, helvetica, sans-serif\">6, Smart APP Control;<\/span><\/p>\n<p style=\"font-family:&quot;Microsoft YaHei&quot;;letter-spacing:normal;text-align:start;white-space:normal;color:rgb(0, 0, 0)\" align=\"start\">7, Smart Battery Management System;<\/p>\n<p style=\"font-family:&quot;Microsoft YaHei&quot;;letter-spacing:normal;text-align:start;white-space:normal;color:rgb(0, 0, 0)\" align=\"start\">8, Ultra-fast UPS Auto-switch &lt;0.01s ;<\/p>\n<p style=\"font-family:&quot;Microsoft YaHei&quot;;letter-spacing:normal;text-align:start;white-space:normal;color:rgb(0, 0, 0)\" align=\"start\">9, Ultra-bright LED Light;<\/p>\n<p style=\"font-family:&quot;Microsoft YaHei&quot;;letter-spacing:normal;text-align:start;white-space:normal;color:rgb(0, 0, 0)\" align=\"start\">10, Ultra-large Smart LCD Display.<\/p>\n<\/div>\n<\/div>\n<\/div>\n<\/div>\n<\/div>\n<\/div>\n<\/div>\n<\/div>\n<\/div>\n<\/div>\n<\/div>\n<div style=\"background-color:rgb(240, 234, 255);margin:20px 0px 10px;margin-bottom:10px;margin-top:20px;margin-left:0px;margin-right:0px;width:100%;height:34px\"><span style=\"background-color:rgb(55, 139, 238);color:rgb(255, 255, 255);font-size:24px;font-family:Verdana, Arial\">Szczeg\u00f3\u0142y produktu<\/span><\/div>\n<p><img decoding=\"async\" src=\"https:\/\/ae01.alicdn.com\/kf\/S2166a84a9b4b4b7e9a9cf2a12590b980q.jpg\" slate-data-type=\"image\"\/><img decoding=\"async\" src=\"https:\/\/ae01.alicdn.com\/kf\/S994386f90a894b3ca403de84764d2b488.jpg\" slate-data-type=\"image\"\/><img decoding=\"async\" src=\"https:\/\/ae01.alicdn.com\/kf\/S16525582acf2415ab8772a183412a072j.jpg\" slate-data-type=\"image\"\/><img decoding=\"async\" src=\"https:\/\/ae01.alicdn.com\/kf\/S86dcab4db08f4f139c8c1fb0d0de2b07I.jpg\" slate-data-type=\"image\"\/><img decoding=\"async\" src=\"https:\/\/ae01.alicdn.com\/kf\/S9014c58ac94542598cbb6d0b80541e3d6.jpg\" slate-data-type=\"image\"\/><img decoding=\"async\" src=\"https:\/\/ae01.alicdn.com\/kf\/S51e574265a254f84b71ad55ed9b144525.jpg\" slate-data-type=\"image\"\/><img decoding=\"async\" src=\"https:\/\/ae01.alicdn.com\/kf\/S2b624132294c41c6800a36d3fbfba473z.jpg\" slate-data-type=\"image\"\/><img decoding=\"async\" src=\"https:\/\/ae01.alicdn.com\/kf\/S34042baad6ce49a4b9bafee3b18d5fa1S.jpg\" slate-data-type=\"image\"\/><img decoding=\"async\" src=\"https:\/\/ae01.alicdn.com\/kf\/S843d9bcba4044593b3067c6b9f4f32bac.jpg\" slate-data-type=\"image\"\/><img decoding=\"async\" src=\"https:\/\/ae01.alicdn.com\/kf\/Saa29d1b5a5134e1db34386a476f5dcc6S.jpg\" slate-data-type=\"image\"\/><img decoding=\"async\" src=\"https:\/\/ae01.alicdn.com\/kf\/S4f1c05f5955e4f18b7e64e3e0163e40ds.jpg\" slate-data-type=\"image\"\/><img decoding=\"async\" src=\"https:\/\/ae01.alicdn.com\/kf\/S741e355d653d4765b6853e105691d52dB.jpg\" slate-data-type=\"image\"\/><img decoding=\"async\" src=\"https:\/\/ae01.alicdn.com\/kf\/S93a776ea018d4eaaad8ada5709e5ae42q.jpg\" slate-data-type=\"image\"\/><img decoding=\"async\" src=\"https:\/\/ae01.alicdn.com\/kf\/Sd664afbb50d74510b888873698587c9em.jpg\" slate-data-type=\"image\"\/><img decoding=\"async\" src=\"https:\/\/ae01.alicdn.com\/kf\/S43035061781943a49c697f14e0b49121O.jpg\" slate-data-type=\"image\"\/><img decoding=\"async\" src=\"https:\/\/ae01.alicdn.com\/kf\/S40c6098d13044eb8ba211ea87b6967e56.jpg\" slate-data-type=\"image\"\/><img decoding=\"async\" src=\"https:\/\/ae01.alicdn.com\/kf\/S21a700419a2d4a03997e3396efe11785H.jpg\" slate-data-type=\"image\"\/><img decoding=\"async\" src=\"https:\/\/ae01.alicdn.com\/kf\/Sb9c04e7f9d034c9987816286d6782b6aA.jpg\" slate-data-type=\"image\"\/><img decoding=\"async\" src=\"https:\/\/ae01.alicdn.com\/kf\/Sadb1b344782e47d09086e28c655ea2741.jpg\" slate-data-type=\"image\"\/><img decoding=\"async\" src=\"https:\/\/ae01.alicdn.com\/kf\/S48f3ce26e81c4982b654cdb72fdc18aaU.jpg\" slate-data-type=\"image\"\/><img decoding=\"async\" src=\"https:\/\/ae01.alicdn.com\/kf\/S50370460017d43fba932a020d7e6fab0l.jpg\" slate-data-type=\"image\"\/><img decoding=\"async\" src=\"https:\/\/ae01.alicdn.com\/kf\/Sc6516ed4e9ea497cb603adaf14b65219e.jpg\" slate-data-type=\"image\"\/><img decoding=\"async\" src=\"https:\/\/ae01.alicdn.com\/kf\/S4b5be57fa2dc442c9764043efdca8740e.jpg\" slate-data-type=\"image\"\/><img decoding=\"async\" src=\"https:\/\/ae01.alicdn.com\/kf\/Sfecc6bd422f4454c808c851ed6be7244j.jpg\" slate-data-type=\"image\"\/><img decoding=\"async\" src=\"https:\/\/ae01.alicdn.com\/kf\/S0958aa8a233a48309829f798b3c988adu.jpg\" slate-data-type=\"image\"\/><img decoding=\"async\" src=\"https:\/\/ae01.alicdn.com\/kf\/S2bbbfafadef447f9ba81e84e44e78286W.jpg\" slate-data-type=\"image\"\/><img decoding=\"async\" src=\"https:\/\/ae01.alicdn.com\/kf\/S4dd052cb12764e3583b8b68f858c470aO.jpg\" slate-data-type=\"image\"\/><img decoding=\"async\" src=\"https:\/\/ae01.alicdn.com\/kf\/S3aec5fe454594684877c6f9ae4b5d8413.jpg\" slate-data-type=\"image\"\/><img decoding=\"async\" src=\"https:\/\/ae01.alicdn.com\/kf\/Secfacf0bc7cc4e2db2e174ddeb39f6e2x.jpg\" slate-data-type=\"image\"\/><img decoding=\"async\" src=\"https:\/\/ae01.alicdn.com\/kf\/Se6816dede79a4719b814e96c6a366811g.jpg\" slate-data-type=\"image\"\/><img decoding=\"async\" src=\"https:\/\/ae01.alicdn.com\/kf\/S165f83fc66b44f95bc67591af0d6576bO.jpg\" slate-data-type=\"image\"\/><img decoding=\"async\" src=\"https:\/\/ae01.alicdn.com\/kf\/S271a9cea4edd475cb78854836a2d99a5s.jpg\" slate-data-type=\"image\"\/><img decoding=\"async\" src=\"https:\/\/ae01.alicdn.com\/kf\/Sac48a9198c5c48cda8caf4a172fdf779R.jpg\" slate-data-type=\"image\"\/><img decoding=\"async\" src=\"https:\/\/ae01.alicdn.com\/kf\/S041560df92254811b562a3339e5ae8439.jpg\" slate-data-type=\"image\"\/><img decoding=\"async\" src=\"https:\/\/ae01.alicdn.com\/kf\/Sa9538338abbd4cd89cec6a4343e37dc63.jpg\" slate-data-type=\"image\"\/><img decoding=\"async\" src=\"https:\/\/ae01.alicdn.com\/kf\/Sabad70842f13444e8fc098a274776276h.jpg\" slate-data-type=\"image\"\/><img decoding=\"async\" src=\"https:\/\/ae01.alicdn.com\/kf\/S345c577c61824cd890e0e34857140fffk.jpg\" slate-data-type=\"image\"\/><img decoding=\"async\" src=\"https:\/\/ae01.alicdn.com\/kf\/S3a367f6a3d8f4995b433d9576189a6aaf.jpg\" slate-data-type=\"image\"\/><img decoding=\"async\" src=\"https:\/\/ae01.alicdn.com\/kf\/S6b15820a36a04dd99d78d542fa2ee090m.jpg\" slate-data-type=\"image\"\/><img decoding=\"async\" src=\"https:\/\/ae01.alicdn.com\/kf\/S434944b71eeb48e68496e3302627da75A.jpg\" slate-data-type=\"image\"\/><img decoding=\"async\" src=\"https:\/\/ae01.alicdn.com\/kf\/S8a0360d993214460a9d590b9f2716e9ev.jpg\" slate-data-type=\"image\"\/><img decoding=\"async\" src=\"https:\/\/ae01.alicdn.com\/kf\/Sc7677b22c57148a0873f8cc338dfb1d5K.jpg\" slate-data-type=\"image\"\/><\/p>\n<div style=\"background-color:rgb(240, 234, 255);margin:20px 0px 10px;margin-bottom:10px;margin-top:20px;margin-left:0px;margin-right:0px;width:100%;height:34px\"><span style=\"background-color:rgb(55, 139, 238);color:rgb(255, 255, 255);font-size:24px;font-family:Verdana, Arial\">Specyfikacja<\/span><\/div>\n<p style=\"font-family:&quot;Microsoft YaHei&quot;;font-size:medium;font-weight:400;letter-spacing:normal;text-align:left;white-space:normal;color:rgb(0, 0, 0)\" align=\"left\"><span style=\"font-size:16px;font-family:arial, helvetica, sans-serif\">Bateria<br \/>Capacity: 1,872Wh<br \/>S<\/span><\/p>\n<p style=\"font-family:&quot;Microsoft YaHei&quot;;font-size:medium;font-weight:400;letter-spacing:normal;text-align:left;white-space:normal;color:rgb(0, 0, 0)\" align=\"left\"><span style=\"font-size:16px;font-family:arial, helvetica, sans-serif\">calability: 1,872Wh-20,592Wh (PowerMax 2400 Up to 10*BP2400)<br \/><\/span><\/p>\n<p style=\"font-family:&quot;Microsoft YaHei&quot;;font-size:medium;font-weight:400;letter-spacing:normal;text-align:left;white-space:normal;color:rgb(0, 0, 0)\" align=\"left\"><span style=\"font-size:16px;font-family:arial, helvetica, sans-serif\">Type: LiFePO4(Lithium Iron Phosphate)<\/span><\/p>\n<p style=\"font-family:&quot;Microsoft YaHei&quot;;font-size:medium;font-weight:400;letter-spacing:normal;text-align:left;white-space:normal;color:rgb(0, 0, 0)\" align=\"left\"><span style=\"font-size:16px;font-family:arial, helvetica, sans-serif\"><br \/>Life Cycles: 3,500+ Cycles to 80% Original Capacity<\/span><\/p>\n<p style=\"font-family:&quot;Microsoft YaHei&quot;;font-size:medium;font-weight:400;letter-spacing:normal;text-align:left;white-space:normal;color:rgb(0, 0, 0)\" align=\"left\"><span style=\"font-size:16px;font-family:arial, helvetica, sans-serif\"><br \/>Shelf-life: Recharge to 80% Every 3-6 Months<br \/><\/span><\/p>\n<p style=\"font-family:&quot;Microsoft YaHei&quot;;font-size:medium;font-weight:400;letter-spacing:normal;text-align:left;white-space:normal;color:rgb(0, 0, 0)\" align=\"left\"><span style=\"font-size:16px;font-family:arial, helvetica, sans-serif\">Management System: BMS<\/span><\/p>\n<p style=\"font-family:&quot;Microsoft YaHei&quot;;font-size:medium;font-weight:400;letter-spacing:normal;text-align:left;white-space:normal;color:rgb(0, 0, 0)\" align=\"left\"><span style=\"font-size:16px;font-family:arial, helvetica, sans-serif\">Wyj\u015bcie<br \/>Power: 2400W, Surge Power: 4800W<\/span><\/p>\n<p style=\"font-family:&quot;Microsoft YaHei&quot;;font-size:medium;font-weight:400;letter-spacing:normal;text-align:left;white-space:normal;color:rgb(0, 0, 0)\" align=\"left\"><span style=\"font-size:16px;font-family:arial, helvetica, sans-serif\"><br \/>Typ falownika: czysta fala sinusoidalna<br \/><\/span><\/p>\n<p style=\"font-family:&quot;Microsoft YaHei&quot;;font-size:medium;font-weight:400;letter-spacing:normal;text-align:left;white-space:normal;color:rgb(0, 0, 0)\" align=\"left\"><span style=\"font-size:16px;font-family:arial, helvetica, sans-serif\">AC Outlets: 4x 2400W Max<br \/><\/span><\/p>\n<p style=\"font-family:&quot;Microsoft YaHei&quot;;font-size:medium;font-weight:400;letter-spacing:normal;text-align:left;white-space:normal;color:rgb(0, 0, 0)\" align=\"left\"><span style=\"font-size:16px;font-family:arial, helvetica, sans-serif\">USB-A Ports: 4x18W<\/span><\/p>\n<p style=\"font-family:&quot;Microsoft YaHei&quot;;font-size:medium;font-weight:400;letter-spacing:normal;text-align:left;white-space:normal;color:rgb(0, 0, 0)\" align=\"left\"><span style=\"font-size:16px;font-family:arial, helvetica, sans-serif\"><br \/>USB-C Ports: 2x 100W Max<br \/><\/span><\/p>\n<p style=\"font-family:&quot;Microsoft YaHei&quot;;font-size:medium;font-weight:400;letter-spacing:normal;text-align:left;white-space:normal;color:rgb(0, 0, 0)\" align=\"left\"><span style=\"font-size:16px;font-family:arial, helvetica, sans-serif\">DC5521 Ports: 2x60W<br \/><\/span><\/p>\n<p style=\"font-family:&quot;Microsoft YaHei&quot;;font-size:medium;font-weight:400;letter-spacing:normal;text-align:left;white-space:normal;color:rgb(0, 0, 0)\" align=\"left\"><span style=\"font-size:16px;font-family:arial, helvetica, sans-serif\">Car Cigarette Lighter Port: 1x 240W Max<\/span><\/p>\n<p style=\"font-family:&quot;Microsoft YaHei&quot;;font-size:medium;font-weight:400;letter-spacing:normal;text-align:left;white-space:normal;color:rgb(0, 0, 0)\" align=\"left\"><span style=\"font-size:16px;font-family:arial, helvetica, sans-serif\"><br \/>Anderson Connector: 1x 240W Max<br \/><\/span><\/p>\n<p style=\"font-family:&quot;Microsoft YaHei&quot;;font-size:medium;font-weight:400;letter-spacing:normal;text-align:left;white-space:normal;color:rgb(0, 0, 0)\" align=\"left\"><span style=\"font-size:16px;font-family:arial, helvetica, sans-serif\">Wireless Charging Pads: 2x15W<\/span><\/p>\n<p style=\"font-family:&quot;Microsoft YaHei&quot;;font-size:medium;font-weight:400;letter-spacing:normal;text-align:left;white-space:normal;color:rgb(0, 0, 0)\" align=\"left\"><span style=\"font-size:16px;font-family:arial, helvetica, sans-serif\">Wej\u015bcie<br \/>AC Fast Charging:\u00a0<br \/>1.6 Hours(Full Charge)<br \/>1,400W(Max)<br \/><\/span><\/p>\n<p style=\"font-family:&quot;Microsoft YaHei&quot;;font-size:medium;font-weight:400;letter-spacing:normal;text-align:left;white-space:normal;color:rgb(0, 0, 0)\" align=\"left\"><span style=\"font-size:16px;font-family:arial, helvetica, sans-serif\">Pair with PM200 for 1,500W Max.<br \/><\/span><\/p>\n<p style=\"font-family:&quot;Microsoft YaHei&quot;;font-size:medium;font-weight:400;letter-spacing:normal;text-align:left;white-space:normal;color:rgb(0, 0, 0)\" align=\"left\"><span style=\"font-size:16px;font-family:arial, helvetica, sans-serif\">Solar Charging: 2.8 Hours(Full Charge)800W(Max)<br \/><\/span><\/p>\n<p style=\"font-family:&quot;Microsoft YaHei&quot;;font-size:medium;font-weight:400;letter-spacing:normal;text-align:left;white-space:normal;color:rgb(0, 0, 0)\" align=\"left\"><span style=\"font-size:16px;font-family:arial, helvetica, sans-serif\">12\/24V Car Outlet(120W\/240W)<\/span><\/p>\n<p style=\"font-family:&quot;Microsoft YaHei&quot;;font-size:medium;font-weight:400;letter-spacing:normal;text-align:left;white-space:normal;color:rgb(0, 0, 0)\" align=\"left\"><span style=\"font-size:16px;font-family:arial, helvetica, sans-serif\"><br \/>24V: 9 Hours(Full Charge)<br \/><\/span><\/p>\n<p style=\"font-family:&quot;Microsoft YaHei&quot;;font-size:medium;font-weight:400;letter-spacing:normal;text-align:left;white-space:normal;color:rgb(0, 0, 0)\" align=\"left\"><span style=\"font-size:16px;font-family:arial, helvetica, sans-serif\">12V: 18 Hours(Full Charge)<\/span><\/p>\n<p style=\"font-family:&quot;Microsoft YaHei&quot;;font-size:medium;font-weight:400;letter-spacing:normal;text-align:left;white-space:normal;color:rgb(0, 0, 0)\" align=\"left\"><span style=\"font-size:16px;font-family:arial, helvetica, sans-serif\">Pass-through Charging: Yes<br \/><\/span><\/p>\n<p style=\"font-family:&quot;Microsoft YaHei&quot;;font-size:medium;font-weight:400;letter-spacing:normal;text-align:left;white-space:normal;color:rgb(0, 0, 0)\" align=\"left\"><span style=\"font-size:16px;font-family:arial, helvetica, sans-serif\">UPS Switching Time: 0.01s<\/span><\/p>\n<p style=\"font-family:&quot;Microsoft YaHei&quot;;font-size:medium;font-weight:400;letter-spacing:normal;text-align:left;white-space:normal;color:rgb(0, 0, 0)\" align=\"left\"><span style=\"font-size:16px;font-family:arial, helvetica, sans-serif\"><br \/>Operating Temperature: -4\u2109 to 113\u00b0\u2109 (-20\u2103-45\u2103)<br \/><\/span><\/p>\n<p style=\"font-family:&quot;Microsoft YaHei&quot;;font-size:medium;font-weight:400;letter-spacing:normal;text-align:left;white-space:normal;color:rgb(0, 0, 0)\" align=\"left\"><span style=\"font-size:16px;font-family:arial, helvetica, sans-serif\">Storage Temperature: -14 &#8211; 113\u2103 (-10\u2103-45\u2103)<\/span><\/p>\n<\/div>\n<\/div>\n<p><\/p>","protected":false},"excerpt":{"rendered":"<p>Display screen:&nbsp;Yes Nominal Capacity:&nbsp;&gt;3500mAh Model Number:&nbsp;PowerMax2400 Type:&nbsp;LiFePO4 Set Type:&nbsp;Charger Sets Highlights 1, 1,872Wh to 20,592Wh Mega Capacity\u00a0; 2, Powerful Dual Speakers\u00a0; 3, Powerful 2400W Output; 4, 16 Thoughtfully Organized Outputs;<\/p>","protected":false},"featured_media":9189,"comment_status":"open","ping_status":"closed","template":"","meta":{"_acf_changed":false},"product_brand":[],"product_cat":[515],"product_tag":[],"class_list":{"0":"post-9187","1":"product","2":"type-product","3":"status-publish","4":"has-post-thumbnail","6":"product_cat-portable-power-stations","8":"first","9":"instock","10":"shipping-taxable","11":"purchasable","12":"product-type-simple"},"acf":[],"_links":{"self":[{"href":"https:\/\/www.electricstore.eu\/pl\/wp-json\/wp\/v2\/product\/9187","targetHints":{"allow":["GET"]}}],"collection":[{"href":"https:\/\/www.electricstore.eu\/pl\/wp-json\/wp\/v2\/product"}],"about":[{"href":"https:\/\/www.electricstore.eu\/pl\/wp-json\/wp\/v2\/types\/product"}],"replies":[{"embeddable":true,"href":"https:\/\/www.electricstore.eu\/pl\/wp-json\/wp\/v2\/comments?post=9187"}],"wp:featuredmedia":[{"embeddable":true,"href":"https:\/\/www.electricstore.eu\/pl\/wp-json\/wp\/v2\/media\/9189"}],"wp:attachment":[{"href":"https:\/\/www.electricstore.eu\/pl\/wp-json\/wp\/v2\/media?parent=9187"}],"wp:term":[{"taxonomy":"product_brand","embeddable":true,"href":"https:\/\/www.electricstore.eu\/pl\/wp-json\/wp\/v2\/product_brand?post=9187"},{"taxonomy":"product_cat","embeddable":true,"href":"https:\/\/www.electricstore.eu\/pl\/wp-json\/wp\/v2\/product_cat?post=9187"},{"taxonomy":"product_tag","embeddable":true,"href":"https:\/\/www.electricstore.eu\/pl\/wp-json\/wp\/v2\/product_tag?post=9187"}],"curies":[{"name":"wp","href":"https:\/\/api.w.org\/{rel}","templated":true}]}}