{"id":9108,"date":"2025-05-20T17:44:59","date_gmt":"2025-05-20T17:44:59","guid":{"rendered":"https:\/\/electricstore.eu\/p\/uncategorized\/tallpower-tp200-200w-portable-foldable-solar-panel-portable-solar-charger-24-energy-conversion-efficiency\/"},"modified":"2025-05-20T17:45:14","modified_gmt":"2025-05-20T17:45:14","slug":"tallpower-tp200-200w-portable-foldable-solar-panel-portable-solar-charger-24-energy-conversion-efficiency","status":"publish","type":"product","link":"https:\/\/www.electricstore.eu\/pl\/p\/batteries\/foldable-solar-panels\/tallpower-tp200-200w-portable-foldable-solar-panel-portable-solar-charger-24-energy-conversion-efficiency\/","title":{"rendered":"TALLPOWER TP200 200 W przeno\u015bny sk\u0142adany panel s\u0142oneczny, przeno\u015bna \u0142adowarka s\u0142oneczna, wydajno\u015b\u0107 konwersji energii 24%"},"content":{"rendered":"<div class=\"product-specs-list-container\">\n<ul class=\"product-specs-list util-clearfix\">\n<li class=\"product-prop line-limit-length\"><span\n                                        class=\"property-title\">Aplikacja:&nbsp;<\/span><span\n                                        class=\"property-desc line-limit-length\">HOME<\/span>\n                            <\/li>\n<li class=\"product-prop line-limit-length\"><span\n                                        class=\"property-title\">Numer modelu:&nbsp;<\/span><span\n                                        class=\"property-desc line-limit-length\">TP200<\/span>\n                            <\/li>\n<\/ul><\/div>\n<div class=\"detailmodule_dynamic\"><kse:widget data-widget-type=\"customText\" id=\"1005000009406803\" type=\"relation\"><\/kse:widget><\/div>\n<div class=\"detailmodule_html\">\n<div class=\"detail-desc-decorate-richtext\">\n<p><\/p>\n<div style=\"background-color:rgb(240, 234, 255);margin:20px 0px 10px;margin-bottom:10px;margin-top:20px;margin-left:0px;margin-right:0px;width:100%;height:34px\"><span style=\"background-color:rgb(55, 139, 238);color:rgb(255, 255, 255);font-size:24px;font-family:Verdana, Arial\">Przegl\u0105d najwa\u017cniejszych wydarze\u0144<\/span><\/div>\n<div class=\"detailmodule_text\">\n<p style=\"font-family:&quot;Microsoft YaHei&quot;;letter-spacing:normal;text-align:start;white-space:normal;color:rgb(0, 0, 0)\" align=\"start\"><strong><span style=\"font-size:16px;font-family:arial, helvetica, sans-serif\">Maksymalna moc wyj\u015bciowa 200 W<\/span><\/strong><\/p>\n<p style=\"font-family:&quot;Microsoft YaHei&quot;;font-size:medium;font-weight:400;letter-spacing:normal;text-align:start;white-space:normal;color:rgb(0, 0, 0)\" align=\"start\"><span style=\"font-size:16px;font-family:arial, helvetica, sans-serif\">TP200 ma maksymaln\u0105 moc wyj\u015bciow\u0105 200 W, co pozwala na szybkie \u0142adowanie urz\u0105dze\u0144. Niezale\u017cnie od tego, czy jeste\u015b na przygodach na \u015bwie\u017cym powietrzu, czy jako zapasowe \u017ar\u00f3d\u0142o zasilania w domu, TP200 zapewnia niezawodne wsparcie zasilania.<\/span><\/p>\n<p><\/p>\n<p style=\"font-family:&quot;Microsoft YaHei&quot;;letter-spacing:normal;text-align:start;white-space:normal;color:rgb(0, 0, 0)\" align=\"start\"><strong><span style=\"font-size:16px;font-family:arial, helvetica, sans-serif\">Wysokowydajny panel s\u0142oneczny<\/span><\/strong><\/p>\n<p style=\"font-family:&quot;Microsoft YaHei&quot;;font-size:medium;font-weight:400;letter-spacing:normal;text-align:start;white-space:normal;color:rgb(0, 0, 0)\" align=\"start\"><span style=\"font-size:16px;font-family:arial, helvetica, sans-serif\">TP200 wykorzystuje panele s\u0142oneczne ETFE, aby zwi\u0119kszy\u0107 zdolno\u015b\u0107 absorpcji \u015bwiat\u0142a. Dzi\u0119ki temu TP200 jest niezawodnym, wydajnym generatorem s\u0142onecznym, kt\u00f3ry zapewnia niezawodn\u0105 moc nawet w warunkach s\u0142abego o\u015bwietlenia.<\/span><\/p>\n<p><\/p>\n<p style=\"font-family:&quot;Microsoft YaHei&quot;;letter-spacing:normal;text-align:start;white-space:normal;color:rgb(0, 0, 0)\" align=\"start\"><strong><span style=\"font-size:16px;font-family:arial, helvetica, sans-serif\">Stabilne zasilanie<\/span><\/strong><\/p>\n<p style=\"font-family:&quot;Microsoft YaHei&quot;;font-size:medium;font-weight:400;letter-spacing:normal;text-align:start;white-space:normal;color:rgb(0, 0, 0)\" align=\"start\"><span style=\"font-size:16px;font-family:arial, helvetica, sans-serif\">TP200 zapewnia do 18 V napi\u0119cia wyj\u015bciowego (maks.) i pr\u0105d wyj\u015bciowy do 11,1 A (maks.), aby zapewni\u0107 niezawodne zasilanie. Posiada r\u00f3wnie\u017c 21,6 V napi\u0119cia obwodu otwartego i 13,3 A pr\u0105du zwarciowego, dzi\u0119ki czemu mo\u017ce zapewni\u0107 stabilne zasilanie nawet w przypadku uszkodzenia panelu s\u0142onecznego.<\/span><\/p>\n<\/div>\n<div style=\"background-color:rgb(240, 234, 255);margin:20px 0px 10px;margin-bottom:10px;margin-top:20px;margin-left:0px;margin-right:0px;width:100%;height:34px\"><span style=\"background-color:rgb(55, 139, 238);color:rgb(255, 255, 255);font-size:24px;font-family:Verdana, Arial\">Szczeg\u00f3\u0142y produktu<\/span><\/div>\n<p><img decoding=\"async\" src=\"https:\/\/ae01.alicdn.com\/kf\/Sd771100d00c44d6b99c3eb5a1a5e5785w.jpg\" slate-data-type=\"image\"\/><img decoding=\"async\" src=\"https:\/\/ae01.alicdn.com\/kf\/S1697df2f62624d5a989cf740688c6a28A.jpg\" slate-data-type=\"image\"\/><img decoding=\"async\" src=\"https:\/\/ae01.alicdn.com\/kf\/Scb4022b25d7c428cae0fa329547db581e.jpg\" slate-data-type=\"image\"\/><img decoding=\"async\" src=\"https:\/\/ae01.alicdn.com\/kf\/S13715c580a5843cd9e0100bc2a0f2b8di.jpg\" slate-data-type=\"image\"\/><\/p>\n<div style=\"background-color:rgb(240, 234, 255);margin:20px 0px 10px;margin-bottom:10px;margin-top:20px;margin-left:0px;margin-right:0px;width:100%;height:34px\"><span style=\"background-color:rgb(55, 139, 238);color:rgb(255, 255, 255);font-size:24px;font-family:Verdana, Arial\">Specyfikacja<\/span><\/div>\n<table style=\"border-collapse:collapse;font-family:&quot;Microsoft YaHei&quot;;width:1000px\" class=\"jbEidtTable\" border=\"1\" cellpadding=\"5\" cellspacing=\"0\">\n<tbody>\n<tr>\n<td style=\"text-align:left\" align=\"left\">\n<p><span style=\"font-size:16px;font-family:arial, helvetica, sans-serif\"><strong>Og\u00f3lny<\/strong><\/span><\/p>\n<\/td>\n<td style=\"text-align:left\" align=\"left\">\n<p><span style=\"font-size:16px;font-family:arial, helvetica, sans-serif\">Marka: TALLPOWER<br \/>Typ: przeno\u015bny panel s\u0142oneczny<br \/>Model: TP200<br \/>Kolor: czarny<\/span><\/p>\n<\/td>\n<\/tr>\n<tr>\n<td style=\"text-align:left\" align=\"left\">\n<p><span style=\"font-size:16px;font-family:arial, helvetica, sans-serif\"><strong>Specyfikacja<\/strong><\/span><\/p>\n<\/td>\n<td style=\"text-align:left\" align=\"left\">\n<p><span style=\"font-size:16px;font-family:arial, helvetica, sans-serif\">Moc panelu s\u0142onecznego: 200 W<br \/>Napi\u0119cie: 18V<br \/>Pr\u0105d: 11,1A<br \/>Lotne: 21,6 V<br \/>Isc: 13.3A<br \/>Wydajno\u015b\u0107 konwersji: 24%<br \/>Temperatura pracy: -10 \u2013 65 stopni Celsjusza<\/span><\/p>\n<\/td>\n<\/tr>\n<tr>\n<td style=\"text-align:left\" align=\"left\">\n<p><span style=\"font-size:16px;font-family:arial, helvetica, sans-serif\"><strong>Waga i rozmiar<\/strong><\/span><\/p>\n<\/td>\n<td style=\"text-align:left\" align=\"left\">\n<p><span style=\"font-size:16px;font-family:arial, helvetica, sans-serif\">Waga paczki: 7,2 kg<br \/>Wymiary paczki (d\u0142. x szer. x wys.): 53x57x0,1 cm<\/span><\/p>\n<\/td>\n<\/tr>\n<tr>\n<td style=\"text-align:left\" align=\"left\">\n<p><span style=\"font-size:16px;font-family:arial, helvetica, sans-serif\"><strong>Zawarto\u015b\u0107 opakowania<\/strong><\/span><\/p>\n<\/td>\n<td style=\"text-align:left\" align=\"left\">\n<p><span style=\"font-size:16px;font-family:arial, helvetica, sans-serif\">1 x przeno\u015bny panel s\u0142oneczny TP200<br \/>1 x kabel \u0142aduj\u0105cy MC4<br \/>1 x Instrukcja obs\u0142ugi<\/span><\/p>\n<\/td>\n<\/tr>\n<\/tbody>\n<\/table>\n<p><\/p>\n<\/div>\n<\/div>\n<p><\/p>","protected":false},"excerpt":{"rendered":"<p>Application:&nbsp;HOME Model Number:&nbsp;TP200 Highlights 200W Max Output TP200 has a maximum output of 200W, which allows you to charge your devices quickly. Whether you&#x27;re on outdoor adventures or a backup<\/p>","protected":false},"featured_media":9110,"comment_status":"open","ping_status":"closed","template":"","meta":{"_acf_changed":false},"product_brand":[],"product_cat":[531],"product_tag":[],"class_list":{"0":"post-9108","1":"product","2":"type-product","3":"status-publish","4":"has-post-thumbnail","6":"product_cat-foldable-solar-panels","8":"first","9":"instock","10":"shipping-taxable","11":"purchasable","12":"product-type-simple"},"acf":[],"_links":{"self":[{"href":"https:\/\/www.electricstore.eu\/pl\/wp-json\/wp\/v2\/product\/9108","targetHints":{"allow":["GET"]}}],"collection":[{"href":"https:\/\/www.electricstore.eu\/pl\/wp-json\/wp\/v2\/product"}],"about":[{"href":"https:\/\/www.electricstore.eu\/pl\/wp-json\/wp\/v2\/types\/product"}],"replies":[{"embeddable":true,"href":"https:\/\/www.electricstore.eu\/pl\/wp-json\/wp\/v2\/comments?post=9108"}],"wp:featuredmedia":[{"embeddable":true,"href":"https:\/\/www.electricstore.eu\/pl\/wp-json\/wp\/v2\/media\/9110"}],"wp:attachment":[{"href":"https:\/\/www.electricstore.eu\/pl\/wp-json\/wp\/v2\/media?parent=9108"}],"wp:term":[{"taxonomy":"product_brand","embeddable":true,"href":"https:\/\/www.electricstore.eu\/pl\/wp-json\/wp\/v2\/product_brand?post=9108"},{"taxonomy":"product_cat","embeddable":true,"href":"https:\/\/www.electricstore.eu\/pl\/wp-json\/wp\/v2\/product_cat?post=9108"},{"taxonomy":"product_tag","embeddable":true,"href":"https:\/\/www.electricstore.eu\/pl\/wp-json\/wp\/v2\/product_tag?post=9108"}],"curies":[{"name":"wp","href":"https:\/\/api.w.org\/{rel}","templated":true}]}}