{"id":8780,"date":"2025-05-19T21:18:43","date_gmt":"2025-05-19T21:18:43","guid":{"rendered":"https:\/\/electricstore.eu\/product\/uncategorized\/ridstar-q20-48v-15ah-40km-h-1500w-mountain-ebike\/"},"modified":"2025-05-21T05:41:23","modified_gmt":"2025-05-21T05:41:23","slug":"ridstar-q20-48v-15ah-40km-h-1500w-mountain-ebike","status":"publish","type":"product","link":"https:\/\/www.electricstore.eu\/pl\/p\/bikes\/electric-pedal-motorcycle\/ridstar-q20-48v-15ah-40km-h-1500w-mountain-ebike\/","title":{"rendered":"RIDSTAR Q20 1500W 48V 15Ah 40km\/h &gt;60km 20\u2033 rower g\u00f3rski elektryczny"},"content":{"rendered":"<div class=\"product-specs-list-container\">\n<ul class=\"product-specs-list util-clearfix\">\n<li class=\"product-prop line-limit-length\"><span\n                                        class=\"property-title\">Numer modelu:&nbsp;<\/span><span\n                                        class=\"property-desc line-limit-length\">RIDSTAR Q20<\/span>\n                            <\/li>\n<li class=\"product-prop line-limit-length\"><span\n                                        class=\"property-title\">Nominalna pojemno\u015b\u0107 pasa\u017cerska:&nbsp;<\/span><span\n                                        class=\"property-desc line-limit-length\">Jedno miejsce<\/span>\n                            <\/li>\n<li class=\"product-prop line-limit-length\"><span\n                                        class=\"property-title\">Styl:&nbsp;<\/span><span\n                                        class=\"property-desc line-limit-length\">Typ wielofunkcyjny<\/span>\n                            <\/li>\n<li class=\"product-prop line-limit-length\"><span\n                                        class=\"property-title\">Maksymalna pr\u0119dko\u015b\u0107:&nbsp;<\/span><span\n                                        class=\"property-desc line-limit-length\">30-50 km\/h<\/span>\n                            <\/li>\n<li class=\"product-prop line-limit-length\"><span\n                                        class=\"property-title\">Zasi\u0119g na moc:&nbsp;<\/span><span\n                                        class=\"property-desc line-limit-length\">&gt; 60 km<\/span>\n                            <\/li>\n<li class=\"product-prop line-limit-length\"><span\n                                        class=\"property-title\">Materia\u0142 ramy:&nbsp;<\/span><span\n                                        class=\"property-desc line-limit-length\">Stop aluminium<\/span>\n                            <\/li>\n<li class=\"product-prop line-limit-length\"><span\n                                        class=\"property-title\">Silnik:&nbsp;<\/span><span\n                                        class=\"property-desc line-limit-length\">Bezszczotkowy<\/span>\n                            <\/li>\n<li class=\"product-prop line-limit-length\"><span\n                                        class=\"property-title\">Rozmiar ko\u0142a:&nbsp;<\/span><span\n                                        class=\"property-desc line-limit-length\">20 cali<\/span>\n                            <\/li>\n<li class=\"product-prop line-limit-length\"><span\n                                        class=\"property-title\">Moc:&nbsp;<\/span><span\n                                        class=\"property-desc line-limit-length\">&gt; 500W<\/span>\n                            <\/li>\n<li class=\"product-prop line-limit-length\"><span\n                                        class=\"property-title\">Sk\u0142adany:&nbsp;<\/span><span\n                                        class=\"property-desc line-limit-length\">NIE<\/span>\n                            <\/li>\n<li class=\"product-prop line-limit-length\"><span\n                                        class=\"property-title\">Zasilanie:&nbsp;<\/span><span\n                                        class=\"property-desc line-limit-length\">bateria litowa<\/span>\n                            <\/li>\n<li class=\"product-prop line-limit-length\"><span\n                                        class=\"property-title\">Wolta\u017c:&nbsp;<\/span><span\n                                        class=\"property-desc line-limit-length\">48V<\/span>\n                            <\/li>\n<li class=\"product-prop line-limit-length\"><span\n                                        class=\"property-title\">Nazwa marki:&nbsp;<\/span><span\n                                        class=\"property-desc line-limit-length\">RIDSTAR<\/span>\n                            <\/li>\n<li class=\"product-prop line-limit-length\"><span\n                                        class=\"property-title\">Model RIDSTAR:&nbsp;<\/span><span\n                                        class=\"property-desc line-limit-length\">q20<\/span>\n                            <\/li>\n<li class=\"product-prop line-limit-length\"><span\n                                        class=\"property-title\">Pochodzenie:&nbsp;<\/span><span\n                                        class=\"property-desc line-limit-length\">Chiny kontynentalne<\/span>\n                            <\/li>\n<\/ul><\/div>\n<p><span style=\"color:rgb(244, 78, 59)\"><u>Drogi przyjacielu,<\/u><\/span><\/p>\n<h3 style=\"font-family:&quot;TT Norms Pro&quot;, &quot;Open Sans&quot;, Roboto, Arial, Helvetica, sans-serif, SimSun;letter-spacing:normal;text-align:start;white-space:normal;color:rgb(34, 34, 34);box-sizing:border-box\" align=\"start\"><span style=\"color:rgb(244, 78, 59)\"><u>Posiadamy profesjonaln\u0105 ekip\u0119 naprawcz\u0105 i serwis posprzeda\u017cowy offline w Polsce.<\/u><\/span><\/h3>\n<h3 style=\"font-family:&quot;TT Norms Pro&quot;, &quot;Open Sans&quot;, Roboto, Arial, Helvetica, sans-serif, SimSun;letter-spacing:normal;text-align:start;white-space:normal;color:rgb(34, 34, 34);box-sizing:border-box\" align=\"start\"><span style=\"color:rgb(244, 78, 59)\"><u>Zakupiony rower elektryczny zostanie wys\u0142any z Polski, na co mo\u017cemy wystawi\u0107 faktur\u0119. W razie pyta\u0144 prosimy o kontakt.<\/u><\/span><br \/><\/h3>\n<h1 style=\"text-align:center\" align=\"center\"><strong>Rower elektryczny RIDSTAR Q20, akumulator 48V15AH, miejski rower elektryczny, 40 km\/h, opony 20&quot; Fat, mocny silnik 1500 W, rower g\u00f3rski dla doros\u0142ych<\/strong><\/h1>\n<p style=\"font-family:&quot;TT Norms Pro&quot;, &quot;Open Sans&quot;, Roboto, Arial, Helvetica, sans-serif, SimSun;font-size:14px;font-weight:400;letter-spacing:normal;line-height:inherit;text-align:start;white-space:normal;color:rgb(34, 34, 34);margin:0px;margin-bottom:0px;margin-top:0px;margin-left:0px;margin-right:0px;padding:0px;padding-bottom:0px;padding-top:0px;padding-left:0px;padding-right:0px;box-sizing:border-box\" align=\"start\"><span style=\"font-size:18px\"><strong><\/strong><\/span><img decoding=\"async\" src=\"https:\/\/ae01.alicdn.com\/kf\/S3edf3f7b74f14f3aaf28aab24dc2293aJ.jpg\" slate-data-type=\"image\"\/><span style=\"font-size:18px\"><strong><\/strong><\/span><img decoding=\"async\" src=\"https:\/\/ae01.alicdn.com\/kf\/S8559df8e99384b1cac4eb222999ab5deX.jpg\" slate-data-type=\"image\"\/><span style=\"font-size:18px\"><strong><\/strong><\/span><img decoding=\"async\" src=\"https:\/\/ae01.alicdn.com\/kf\/S6cb4505fc0454fe689ab759421871287A.jpg\" slate-data-type=\"image\"\/><span style=\"font-size:18px\"><strong><\/strong><\/span><img decoding=\"async\" src=\"https:\/\/ae01.alicdn.com\/kf\/Se07b39ad216244c38273736584215a1bl.jpg\" slate-data-type=\"image\"\/><span style=\"font-size:18px\"><strong><\/strong><\/span><img decoding=\"async\" src=\"https:\/\/ae01.alicdn.com\/kf\/Sc5ca016512c247bfa774503a337b0ffbU.jpg\" slate-data-type=\"image\"\/><span style=\"font-size:18px\"><strong><\/strong><\/span><img decoding=\"async\" src=\"https:\/\/ae01.alicdn.com\/kf\/S6dd00ca4df9f4c5b9d122c4b1e270d71C.jpg\" slate-data-type=\"image\"\/><span style=\"font-size:18px\"><strong><\/strong><\/span><img decoding=\"async\" src=\"https:\/\/ae01.alicdn.com\/kf\/Sb52987fb72354abe8b9772b68258619au.jpg\" slate-data-type=\"image\"\/><span style=\"font-size:18px\"><strong><\/strong><\/span><img decoding=\"async\" src=\"https:\/\/ae01.alicdn.com\/kf\/Sbd1cf28a2d10429db44282761426b5eea.jpg\" slate-data-type=\"image\"\/><span style=\"font-size:18px\"><strong><\/strong><\/span><img decoding=\"async\" src=\"https:\/\/ae01.alicdn.com\/kf\/Sfbdb05ddd4a148e192bf5a01178a3b32n.jpg\" slate-data-type=\"image\"\/><span style=\"font-size:18px\"><strong><\/strong><\/span><img decoding=\"async\" src=\"https:\/\/ae01.alicdn.com\/kf\/Sa40ff2b6135341638c46557362c2fdecK.jpg\" slate-data-type=\"image\"\/><span style=\"font-size:18px\"><strong><\/strong><\/span><\/p>","protected":false},"excerpt":{"rendered":"<p>Model Number:&nbsp;RIDSTAR Q20 Rated Passenger Capacity:&nbsp;One Seat Style:&nbsp;Multifunctional Type Max Speed:&nbsp;30-50km\/h Range per Power:&nbsp;&gt; 60 km Frame Material:&nbsp;Aluminum alloy Motor:&nbsp;Brushless Wheel Size:&nbsp;20\u201c Wattage:&nbsp;&gt; 500w Foldable:&nbsp;No Power Supply:&nbsp;lithium battery Voltage:&nbsp;48V Brand<\/p>","protected":false},"featured_media":8782,"comment_status":"open","ping_status":"closed","template":"","meta":{"_acf_changed":false},"product_brand":[],"product_cat":[470],"product_tag":[],"class_list":{"0":"post-8780","1":"product","2":"type-product","3":"status-publish","4":"has-post-thumbnail","6":"product_cat-electric-pedal-motorcycle","8":"first","9":"instock","10":"shipping-taxable","11":"purchasable","12":"product-type-variable"},"acf":[],"_links":{"self":[{"href":"https:\/\/www.electricstore.eu\/pl\/wp-json\/wp\/v2\/product\/8780","targetHints":{"allow":["GET"]}}],"collection":[{"href":"https:\/\/www.electricstore.eu\/pl\/wp-json\/wp\/v2\/product"}],"about":[{"href":"https:\/\/www.electricstore.eu\/pl\/wp-json\/wp\/v2\/types\/product"}],"replies":[{"embeddable":true,"href":"https:\/\/www.electricstore.eu\/pl\/wp-json\/wp\/v2\/comments?post=8780"}],"wp:featuredmedia":[{"embeddable":true,"href":"https:\/\/www.electricstore.eu\/pl\/wp-json\/wp\/v2\/media\/8782"}],"wp:attachment":[{"href":"https:\/\/www.electricstore.eu\/pl\/wp-json\/wp\/v2\/media?parent=8780"}],"wp:term":[{"taxonomy":"product_brand","embeddable":true,"href":"https:\/\/www.electricstore.eu\/pl\/wp-json\/wp\/v2\/product_brand?post=8780"},{"taxonomy":"product_cat","embeddable":true,"href":"https:\/\/www.electricstore.eu\/pl\/wp-json\/wp\/v2\/product_cat?post=8780"},{"taxonomy":"product_tag","embeddable":true,"href":"https:\/\/www.electricstore.eu\/pl\/wp-json\/wp\/v2\/product_tag?post=8780"}],"curies":[{"name":"wp","href":"https:\/\/api.w.org\/{rel}","templated":true}]}}