{"id":8724,"date":"2025-05-19T21:18:10","date_gmt":"2025-05-19T21:18:10","guid":{"rendered":"https:\/\/electricstore.eu\/product\/uncategorized\/kukirin-g2pro-45km-h-1000w-48v-15-6ah-58km-off-road-kick-scooter\/"},"modified":"2025-05-20T13:06:26","modified_gmt":"2025-05-20T13:06:26","slug":"kukirin-g2pro-45km-h-1000w-48v-15-6ah-58km-off-road-kick-scooter","status":"publish","type":"product","link":"https:\/\/www.electricstore.eu\/pl\/p\/scooters\/electric-off-road-scooter\/kukirin-g2pro-45km-h-1000w-48v-15-6ah-58km-off-road-kick-scooter\/","title":{"rendered":"Hulajnoga terenowa KuKirin G2 Pro 1000 W 48 V 15,6 Ah 45 km\/h 58 km 9\u2033"},"content":{"rendered":"<div class=\"product-specs-list-container\">\n<ul class=\"product-specs-list util-clearfix\">\n<li class=\"product-prop line-limit-length\"><span\n                                        class=\"property-title\">Rozmiar opony:&nbsp;<\/span><span\n                                        class=\"property-desc line-limit-length\">9 inch<\/span>\n                            <\/li>\n<li class=\"product-prop line-limit-length\"><span\n                                        class=\"property-title\">Numer modelu:&nbsp;<\/span><span\n                                        class=\"property-desc line-limit-length\">KuKirin G2 Pro<\/span>\n                            <\/li>\n<li class=\"product-prop line-limit-length\"><span\n                                        class=\"property-title\">Kategoria:&nbsp;<\/span><span\n                                        class=\"property-desc line-limit-length\">Hulajnoga dwuko\u0142owa<\/span>\n                            <\/li>\n<li class=\"product-prop line-limit-length\"><span\n                                        class=\"property-title\">Osoby, kt\u00f3rych to dotyczy:&nbsp;<\/span><span\n                                        class=\"property-desc line-limit-length\">Dla obu p\u0142ci<\/span>\n                            <\/li>\n<li class=\"product-prop line-limit-length\"><span\n                                        class=\"property-title\">Zasi\u0119g na jednym \u0142adowaniu:&nbsp;<\/span><span\n                                        class=\"property-desc line-limit-length\">40-60km<\/span>\n                            <\/li>\n<li class=\"product-prop line-limit-length\"><span\n                                        class=\"property-title\">Czas \u0142adowania:&nbsp;<\/span><span\n                                        class=\"property-desc line-limit-length\">6-8 godzin<\/span>\n                            <\/li>\n<li class=\"product-prop line-limit-length\"><span\n                                        class=\"property-title\">Wolta\u017c:&nbsp;<\/span><span\n                                        class=\"property-desc line-limit-length\">48V<\/span>\n                            <\/li>\n<li class=\"product-prop line-limit-length\"><span\n                                        class=\"property-title\">Fa\u0142dowy:&nbsp;<\/span><span\n                                        class=\"property-desc line-limit-length\">TAK<\/span>\n                            <\/li>\n<li class=\"product-prop line-limit-length\"><span\n                                        class=\"property-title\">Moc (W):&nbsp;<\/span><span\n                                        class=\"property-desc line-limit-length\">501-1000 W<\/span>\n                            <\/li>\n<li class=\"product-prop line-limit-length\"><span\n                                        class=\"property-title\">Pochodzenie:&nbsp;<\/span><span\n                                        class=\"property-desc line-limit-length\">Chiny kontynentalne<\/span>\n                            <\/li>\n<li class=\"product-prop line-limit-length\"><span\n                                        class=\"property-title\">maksymalny silnik:&nbsp;<\/span><span\n                                        class=\"property-desc line-limit-length\">1000W<\/span>\n                            <\/li>\n<li class=\"product-prop line-limit-length\"><span\n                                        class=\"property-title\">maksymalny zasi\u0119g:&nbsp;<\/span><span\n                                        class=\"property-desc line-limit-length\">58 KM<\/span>\n                            <\/li>\n<li class=\"product-prop line-limit-length\"><span\n                                        class=\"property-title\">maksymalna pr\u0119dko\u015b\u0107:&nbsp;<\/span><span\n                                        class=\"property-desc line-limit-length\">45km\/godz.<\/span>\n                            <\/li>\n<li class=\"product-prop line-limit-length\"><span\n                                        class=\"property-title\">maksymalne obci\u0105\u017cenie:&nbsp;<\/span><span\n                                        class=\"property-desc line-limit-length\">120kg<\/span>\n                            <\/li>\n<li class=\"product-prop line-limit-length\"><span\n                                        class=\"property-title\">1., 2., 3. (bieg ja\u0142owy):&nbsp;<\/span><span\n                                        class=\"property-desc line-limit-length\">23km\/h, 43km\/h, 55km\/h<\/span>\n                            <\/li>\n<li class=\"product-prop line-limit-length\"><span\n                                        class=\"property-title\">Zdolno\u015b\u0107 wspinaczkowa:&nbsp;<\/span><span\n                                        class=\"property-desc line-limit-length\">\u226419\u00b0 slope<\/span>\n                            <\/li>\n<li class=\"product-prop line-limit-length\"><span\n                                        class=\"property-title\">Uk\u0142ad hamulcowy:&nbsp;<\/span><span\n                                        class=\"property-desc line-limit-length\">Przedni i tylny hamulec tarczowy oraz hamulec r\u0119czny<\/span>\n                            <\/li>\n<li class=\"product-prop line-limit-length\"><span\n                                        class=\"property-title\">Bateria:&nbsp;<\/span><span\n                                        class=\"property-desc line-limit-length\">48V 15.6Ah<\/span>\n                            <\/li>\n<li class=\"product-prop line-limit-length\"><span\n                                        class=\"property-title\">Amortyzator przedni:&nbsp;<\/span><span\n                                        class=\"property-desc line-limit-length\">Adsorpcja szokowa spr\u0119\u017cynowa<\/span>\n                            <\/li>\n<li class=\"product-prop line-limit-length\"><span\n                                        class=\"property-title\">Amortyzator tylny:&nbsp;<\/span><span\n                                        class=\"property-desc line-limit-length\">Adsorpcja szokowa spr\u0119\u017cynowa<\/span>\n                            <\/li>\n<li class=\"product-prop line-limit-length\"><span\n                                        class=\"property-title\">Certyfikat:&nbsp;<\/span><span\n                                        class=\"property-desc line-limit-length\"><\/span>\n                            <\/li>\n<\/ul><\/div>\n<h1 style=\"text-align:center\" align=\"center\"><strong>Kukirin G2 Pro Electric Scooter Adult 45KM\/H Speed 1000W Motor 48V 15.6Ah Battery 58KM Max Range 9-inch Rubber Vacuum Tires Off-road Kick scooter Detachable Seat<\/strong><\/h1>\n<p><strong><span style=\"color:rgb(25, 25, 25);font-size:24px;font-family:&quot;TT Norms Pro&quot;, &quot;Open Sans&quot;, Roboto, Arial, Helvetica, sans-serif, SimSun\">Opis:<\/span><\/strong><\/p>\n<p><span style=\"color:rgb(0, 0, 0);font-size:14px;font-family:OpenSans\">Maksymalna pr\u0119dko\u015b\u0107: 45 km\/h<\/span><br \/><span style=\"color:rgb(0, 0, 0);font-size:14px;font-family:OpenSans\">1st, 2nd, 3rd (idling): 23km\/h, 43km\/h, 55km\/h<\/span><br \/><span style=\"color:rgb(0, 0, 0);font-size:14px;font-family:OpenSans\">1st, 2nd, 3rd (65kg load): 20km\/h, 40km\/h, 45km\/h<\/span><br \/><span style=\"color:rgb(0, 0, 0);font-size:14px;font-family:OpenSans\">Middle speed mileage (65kg load): \u226458km<\/span><br \/><span style=\"color:rgb(0, 0, 0);font-size:14px;font-family:OpenSans\">Climbing ability: \u226419\u00b0 slope<\/span><br \/><span style=\"color:rgb(0, 0, 0);font-size:14px;font-family:OpenSans\">Uk\u0142ad hamulcowy: Przedni i tylny hamulec tarczowy oraz hamulec r\u0119czny<\/span><br \/><span style=\"color:rgb(0, 0, 0);font-size:14px;font-family:OpenSans\">Brake distance: 5-12m<\/span><br \/><span style=\"color:rgb(0, 0, 0);font-size:14px;font-family:OpenSans\">Stopie\u0144 wodoodporno\u015bci: IP54<\/span><br \/><span style=\"color:rgb(0, 0, 0);font-size:14px;font-family:OpenSans\">Motor type: Hall brushless DC motor (rear wheel single drive)<\/span><br \/><span style=\"color:rgb(0, 0, 0);font-size:14px;font-family:OpenSans\">Motor Rated Power: 600W (Max 1000W)<\/span><br \/><span style=\"color:rgb(0, 0, 0);font-size:14px;font-family:OpenSans\">Max output torque: 22N.m<\/span><br \/><span style=\"color:rgb(0, 0, 0);font-size:14px;font-family:OpenSans\">Battery: 48V 15.6Ah<\/span><br \/><span style=\"color:rgb(0, 0, 0);font-size:14px;font-family:OpenSans\">Charger input voltage: 100-240VAC~50\/60Hz<\/span><br \/><span style=\"color:rgb(0, 0, 0);font-size:14px;font-family:OpenSans\">Charging time: 7-8h<\/span><br \/><span style=\"color:rgb(0, 0, 0);font-size:14px;font-family:OpenSans\">Front shock absorber: Spring shock adsorption<\/span><br \/><span style=\"color:rgb(0, 0, 0);font-size:14px;font-family:OpenSans\">Rear shock absorber: Spring shock adsorption<\/span><br \/><span style=\"color:rgb(0, 0, 0);font-size:14px;font-family:OpenSans\">Typ reflektora: LED<\/span><br \/><span style=\"color:rgb(0, 0, 0);font-size:14px;font-family:OpenSans\">Moc reflektora: 6W<\/span><br \/><span style=\"color:rgb(0, 0, 0);font-size:14px;font-family:OpenSans\">K\u0105t \u015bwiecenia reflektor\u00f3w: 45\u00b0<\/span><br \/><span style=\"color:rgb(0, 0, 0);font-size:14px;font-family:OpenSans\">Headlight illumination area: 5\u33a1<\/span><br \/><span style=\"color:rgb(0, 0, 0);font-size:14px;font-family:OpenSans\">\u015awiat\u0142o kierunkowskazu: Tak<\/span><br \/><span style=\"color:rgb(0, 0, 0);font-size:14px;font-family:OpenSans\">Taillight: Yes, the taillights are on when the headlight is on, taillight flash when breaking.<\/span><br \/><span style=\"color:rgb(0, 0, 0);font-size:14px;font-family:OpenSans\">Tire 9-inch vacuum tire<\/span><br \/><span style=\"color:rgb(0, 0, 0);font-size:14px;font-family:OpenSans\">Instrument type: LED<\/span><\/p>\n<p><\/p>\n<p style=\"font-family:&quot;Microsoft YaHei&quot;;font-size:14px;font-weight:400;letter-spacing:normal;line-height:inherit;text-align:start;white-space:normal;color:rgb(0, 0, 0);margin:0px;margin-bottom:0px;margin-top:0px;margin-left:0px;margin-right:0px;padding:0px;padding-bottom:0px;padding-top:0px;padding-left:0px;padding-right:0px;box-sizing:border-box\" align=\"start\"><strong><span style=\"font-size:16px;font-family:arial, helvetica, sans-serif\">Mocny silnik<\/span><\/strong><\/p>\n<p style=\"font-family:&quot;Microsoft YaHei&quot;;font-size:medium;font-weight:400;letter-spacing:normal;line-height:inherit;text-align:start;white-space:normal;color:rgb(0, 0, 0);margin:0px;margin-bottom:0px;margin-top:0px;margin-left:0px;margin-right:0px;padding:0px;padding-bottom:0px;padding-top:0px;padding-left:0px;padding-right:0px;box-sizing:border-box\" align=\"start\"><span style=\"font-size:16px;font-family:arial, helvetica, sans-serif\">KuKirin G2 Pro Electric Scooter 2024 Version has a 600W brushless powerful motor, enjoys extremely fast soaring, 3-speed speed mode, the maximum speed can reach 45km\/h, making the riding more arbitrary.\u00a0<\/span><\/p>\n<div style=\"font-family:&quot;Open Sans&quot;, Arial, Helvetica, sans-serif, Heiti;font-size:14px;font-weight:400;letter-spacing:normal;text-align:start;white-space:normal;color:rgb(0, 0, 0);margin:0px;margin-bottom:0px;margin-top:0px;margin-left:0px;margin-right:0px;padding:0px;padding-bottom:0px;padding-top:0px;padding-left:0px;padding-right:0px;box-sizing:content-box\" align=\"start\"><\/div>\n<p style=\"font-family:&quot;Microsoft YaHei&quot;;font-size:14px;font-weight:400;letter-spacing:normal;line-height:inherit;text-align:start;white-space:normal;color:rgb(0, 0, 0);margin:0px;margin-bottom:0px;margin-top:0px;margin-left:0px;margin-right:0px;padding:0px;padding-bottom:0px;padding-top:0px;padding-left:0px;padding-right:0px;box-sizing:border-box\" align=\"start\"><strong><span style=\"font-size:16px;font-family:arial, helvetica, sans-serif\">High-quality Battery<\/span><\/strong><\/p>\n<p style=\"font-family:&quot;Microsoft YaHei&quot;;font-size:medium;font-weight:400;letter-spacing:normal;line-height:inherit;text-align:start;white-space:normal;color:rgb(0, 0, 0);margin:0px;margin-bottom:0px;margin-top:0px;margin-left:0px;margin-right:0px;padding:0px;padding-bottom:0px;padding-top:0px;padding-left:0px;padding-right:0px;box-sizing:border-box\" align=\"start\"><span style=\"font-size:16px;font-family:arial, helvetica, sans-serif\">48V 15.6AH high-capacity lithium-ion battery, high-quality power-type lithium-ion battery, continuous high-rate current output capability, providing 58km long mileage. \u00a0 \u00a0 \u00a0 \u00a0 \u00a0 \u00a0\u00a0<\/span><\/p>\n<div style=\"font-family:&quot;Open Sans&quot;, Arial, Helvetica, sans-serif, Heiti;font-size:14px;font-weight:400;letter-spacing:normal;text-align:start;white-space:normal;color:rgb(0, 0, 0);margin:0px;margin-bottom:0px;margin-top:0px;margin-left:0px;margin-right:0px;padding:0px;padding-bottom:0px;padding-top:0px;padding-left:0px;padding-right:0px;box-sizing:content-box\" align=\"start\"><\/div>\n<p style=\"font-family:&quot;Microsoft YaHei&quot;;font-size:14px;font-weight:400;letter-spacing:normal;line-height:inherit;text-align:start;white-space:normal;color:rgb(0, 0, 0);margin:0px;margin-bottom:0px;margin-top:0px;margin-left:0px;margin-right:0px;padding:0px;padding-bottom:0px;padding-top:0px;padding-left:0px;padding-right:0px;box-sizing:border-box\" align=\"start\"><strong><span style=\"font-size:16px;font-family:arial, helvetica, sans-serif\">Braking System<\/span><\/strong><\/p>\n<p style=\"font-family:&quot;Microsoft YaHei&quot;;font-size:medium;font-weight:400;letter-spacing:normal;line-height:inherit;text-align:start;white-space:normal;color:rgb(0, 0, 0);margin:0px;margin-bottom:0px;margin-top:0px;margin-left:0px;margin-right:0px;padding:0px;padding-bottom:0px;padding-top:0px;padding-left:0px;padding-right:0px;box-sizing:border-box\" align=\"start\"><span style=\"font-size:16px;font-family:arial, helvetica, sans-serif\">Front and rear double disc brakes, you can stop if you want, you can walk if you want, go wild! No fear of high speed, giving you the confidence to stop when you want. \u00a0 \u00a0<\/span><\/p>\n<div style=\"font-family:&quot;Open Sans&quot;, Arial, Helvetica, sans-serif, Heiti;font-size:14px;font-weight:400;letter-spacing:normal;text-align:start;white-space:normal;color:rgb(0, 0, 0);margin:0px;margin-bottom:0px;margin-top:0px;margin-left:0px;margin-right:0px;padding:0px;padding-bottom:0px;padding-top:0px;padding-left:0px;padding-right:0px;box-sizing:content-box\" align=\"start\"><\/div>\n<p style=\"font-family:&quot;Microsoft YaHei&quot;;font-size:14px;font-weight:400;letter-spacing:normal;line-height:inherit;text-align:start;white-space:normal;color:rgb(0, 0, 0);margin:0px;margin-bottom:0px;margin-top:0px;margin-left:0px;margin-right:0px;padding:0px;padding-bottom:0px;padding-top:0px;padding-left:0px;padding-right:0px;box-sizing:border-box\" align=\"start\"><strong><span style=\"font-size:16px;font-family:arial, helvetica, sans-serif\">Front and Rear Double Spring Shock Absorber System<\/span><\/strong><\/p>\n<p style=\"font-family:&quot;Microsoft YaHei&quot;;font-size:medium;font-weight:400;letter-spacing:normal;line-height:inherit;text-align:start;white-space:normal;color:rgb(0, 0, 0);margin:0px;margin-bottom:0px;margin-top:0px;margin-left:0px;margin-right:0px;padding:0px;padding-bottom:0px;padding-top:0px;padding-left:0px;padding-right:0px;box-sizing:border-box\" align=\"start\"><span style=\"font-size:16px;font-family:arial, helvetica, sans-serif\">The finely tuned spring shock absorber can effectively buffer the bumps brought by the complex terrain, you can drive it to ride on the rough road and maximize your travel fun.\u00a0<\/span><\/p>\n<div style=\"font-family:&quot;Open Sans&quot;, Arial, Helvetica, sans-serif, Heiti;font-size:14px;font-weight:400;letter-spacing:normal;text-align:start;white-space:normal;color:rgb(0, 0, 0);margin:0px;margin-bottom:0px;margin-top:0px;margin-left:0px;margin-right:0px;padding:0px;padding-bottom:0px;padding-top:0px;padding-left:0px;padding-right:0px;box-sizing:content-box\" align=\"start\"><\/div>\n<p style=\"font-family:&quot;Microsoft YaHei&quot;;font-size:14px;font-weight:400;letter-spacing:normal;line-height:inherit;text-align:start;white-space:normal;color:rgb(0, 0, 0);margin:0px;margin-bottom:0px;margin-top:0px;margin-left:0px;margin-right:0px;padding:0px;padding-bottom:0px;padding-top:0px;padding-left:0px;padding-right:0px;box-sizing:border-box\" align=\"start\"><strong><span style=\"font-size:16px;font-family:arial, helvetica, sans-serif\">9-inch Tires<\/span><\/strong><\/p>\n<p style=\"font-family:&quot;Microsoft YaHei&quot;;font-size:medium;font-weight:400;letter-spacing:normal;line-height:inherit;text-align:start;white-space:normal;color:rgb(0, 0, 0);margin:0px;margin-bottom:0px;margin-top:0px;margin-left:0px;margin-right:0px;padding:0px;padding-bottom:0px;padding-top:0px;padding-left:0px;padding-right:0px;box-sizing:border-box\" align=\"start\"><span style=\"font-size:16px;font-family:arial, helvetica, sans-serif\">9-inch rubber vacuum tires, with a large coverage area, will not fall into mud in rainy days, good shock absorption, good grip, no fear of complex road conditions, giving you the confidence to go when you want.<\/span><\/p>\n<div style=\"font-family:&quot;Open Sans&quot;, Arial, Helvetica, sans-serif, Heiti;font-size:14px;font-weight:400;letter-spacing:normal;text-align:start;white-space:normal;color:rgb(0, 0, 0);margin:0px;margin-bottom:0px;margin-top:0px;margin-left:0px;margin-right:0px;padding:0px;padding-bottom:0px;padding-top:0px;padding-left:0px;padding-right:0px;box-sizing:content-box\" align=\"start\"><\/div>\n<p style=\"font-family:&quot;Microsoft YaHei&quot;;font-size:14px;font-weight:400;letter-spacing:normal;line-height:inherit;text-align:start;white-space:normal;color:rgb(0, 0, 0);margin:0px;margin-bottom:0px;margin-top:0px;margin-left:0px;margin-right:0px;padding:0px;padding-bottom:0px;padding-top:0px;padding-left:0px;padding-right:0px;box-sizing:border-box\" align=\"start\"><strong><span style=\"font-size:16px;font-family:arial, helvetica, sans-serif\">LED Lighting System<\/span><\/strong><\/p>\n<p style=\"font-family:&quot;Microsoft YaHei&quot;;font-size:medium;font-weight:400;letter-spacing:normal;line-height:inherit;text-align:start;white-space:normal;color:rgb(0, 0, 0);margin:0px;margin-bottom:0px;margin-top:0px;margin-left:0px;margin-right:0px;padding:0px;padding-bottom:0px;padding-top:0px;padding-left:0px;padding-right:0px;box-sizing:border-box\" align=\"start\"><span style=\"font-size:16px;font-family:arial, helvetica, sans-serif\">6 lights system in the whole car, to illuminate you and protect your safety, 1 headlight + 2 front side lights + 3 tail lights brake lights, which can not only illuminate the road ahead for you but also protect you Left and right and rear security. \u00a0 \u00a0 \u00a0 \u00a0 \u00a0 \u00a0<\/span><\/p>\n<div style=\"font-family:&quot;Open Sans&quot;, Arial, Helvetica, sans-serif, Heiti;font-size:14px;font-weight:400;letter-spacing:normal;text-align:start;white-space:normal;color:rgb(0, 0, 0);margin:0px;margin-bottom:0px;margin-top:0px;margin-left:0px;margin-right:0px;padding:0px;padding-bottom:0px;padding-top:0px;padding-left:0px;padding-right:0px;box-sizing:content-box\" align=\"start\"><\/div>\n<p style=\"font-family:&quot;Microsoft YaHei&quot;;font-size:14px;font-weight:400;letter-spacing:normal;line-height:inherit;text-align:start;white-space:normal;color:rgb(0, 0, 0);margin:0px;margin-bottom:0px;margin-top:0px;margin-left:0px;margin-right:0px;padding:0px;padding-bottom:0px;padding-top:0px;padding-left:0px;padding-right:0px;box-sizing:border-box\" align=\"start\"><strong><span style=\"font-size:16px;font-family:arial, helvetica, sans-serif\">Quick Folding<\/span><\/strong><\/p>\n<p style=\"font-family:&quot;Microsoft YaHei&quot;;font-size:medium;font-weight:400;letter-spacing:normal;line-height:inherit;text-align:start;white-space:normal;color:rgb(0, 0, 0);margin:0px;margin-bottom:0px;margin-top:0px;margin-left:0px;margin-right:0px;padding:0px;padding-bottom:0px;padding-top:0px;padding-left:0px;padding-right:0px;box-sizing:border-box\" align=\"start\"><span style=\"font-size:16px;font-family:arial, helvetica, sans-serif\">The design of the folding place is simple and easy to operate, which is convenient for you to carry it in other vehicles.<\/span><\/p>\n<p><img decoding=\"async\" src=\"https:\/\/ae01.alicdn.com\/kf\/Sbb096dc8e55945b885445d9ba1c39d06Y.jpg\" slate-data-type=\"image\"\/><img decoding=\"async\" src=\"https:\/\/ae01.alicdn.com\/kf\/S34789e29ffd549e68f826130c3d366aah.jpg\" slate-data-type=\"image\"\/><img decoding=\"async\" src=\"https:\/\/ae01.alicdn.com\/kf\/S686ca120ab7943c18982b2a2bfc2352b8.jpg\" slate-data-type=\"image\"\/><img decoding=\"async\" src=\"https:\/\/ae01.alicdn.com\/kf\/S943c7cbeffaa4b259bfe3a6fb82c53d1j.jpg\" slate-data-type=\"image\"\/><img decoding=\"async\" src=\"https:\/\/ae01.alicdn.com\/kf\/S7cb55e4682984d89b98522be0bef5095k.jpg\" slate-data-type=\"image\"\/><img decoding=\"async\" src=\"https:\/\/ae01.alicdn.com\/kf\/Sdbff02b76d9d4df5ba39914b98a580e9h.jpg\" slate-data-type=\"image\"\/><img decoding=\"async\" src=\"https:\/\/ae01.alicdn.com\/kf\/S80d0c6c9386945359f05b3a181979b00s.jpg\" slate-data-type=\"image\"\/><img decoding=\"async\" src=\"https:\/\/ae01.alicdn.com\/kf\/S12a26d4d1c834bd791900f06c3a1a4d0g.jpg\" slate-data-type=\"image\"\/><img decoding=\"async\" src=\"https:\/\/ae01.alicdn.com\/kf\/S3967faa9764e4747aa6c36db2d6e00697.jpg\" slate-data-type=\"image\"\/><img decoding=\"async\" src=\"https:\/\/ae01.alicdn.com\/kf\/Sde07cad3139b45dfb18ea70848c16c66e.jpg\" slate-data-type=\"image\"\/><img decoding=\"async\" src=\"https:\/\/ae01.alicdn.com\/kf\/S1a6ea048d8364756a9035aa2ac382b27s.jpg\" slate-data-type=\"image\"\/><img decoding=\"async\" src=\"https:\/\/ae01.alicdn.com\/kf\/Sfeb4a2b78c4b49578387f15e4e07ad23X.jpg\" slate-data-type=\"image\"\/><img decoding=\"async\" src=\"https:\/\/ae01.alicdn.com\/kf\/S2e557031d8a442fa928cce49ca9ec049w.jpg\" slate-data-type=\"image\"\/><img decoding=\"async\" src=\"https:\/\/ae01.alicdn.com\/kf\/S6d62bc5fafa244f1ab2eb6df73ede7a42.jpg\" slate-data-type=\"image\"\/><img decoding=\"async\" src=\"https:\/\/ae01.alicdn.com\/kf\/S67c5c2fc4790408ea45e847f856afa631.jpg\" slate-data-type=\"image\"\/><img decoding=\"async\" src=\"https:\/\/ae01.alicdn.com\/kf\/Sb1fdae96e910414fbcc23967e94f9508q.jpg\" slate-data-type=\"image\"\/><img decoding=\"async\" src=\"https:\/\/ae01.alicdn.com\/kf\/Sb7d454ee778e43108e63485961295b236.jpg\" slate-data-type=\"image\"\/><img decoding=\"async\" src=\"https:\/\/ae01.alicdn.com\/kf\/S55742d8867104dfc90837aefe0eb9fc5B.jpg\" slate-data-type=\"image\"\/><\/p>","protected":false},"excerpt":{"rendered":"<p>Tire Size:&nbsp;9 inch Model Number:&nbsp;KuKirin G2 Pro Category:&nbsp;Two-wheel Scooter Applicable People:&nbsp;Unisex Range Per Charge:&nbsp;40-60km Charging Time:&nbsp;6-8h Voltage:&nbsp;48v Folded:&nbsp;YES Power (W):&nbsp;501-1000w Origin:&nbsp;Mainland China max motor:&nbsp;1000W max range:&nbsp;58 KM max speed:&nbsp;45km\/h max<\/p>","protected":false},"featured_media":8725,"comment_status":"open","ping_status":"closed","template":"","meta":{"_acf_changed":false},"product_brand":[],"product_cat":[468,471],"product_tag":[],"class_list":{"0":"post-8724","1":"product","2":"type-product","3":"status-publish","4":"has-post-thumbnail","6":"product_cat-electric-off-road-scooter","7":"product_cat-electric-scooters-with-seat","9":"first","10":"instock","11":"shipping-taxable","12":"purchasable","13":"product-type-simple"},"acf":[],"_links":{"self":[{"href":"https:\/\/www.electricstore.eu\/pl\/wp-json\/wp\/v2\/product\/8724","targetHints":{"allow":["GET"]}}],"collection":[{"href":"https:\/\/www.electricstore.eu\/pl\/wp-json\/wp\/v2\/product"}],"about":[{"href":"https:\/\/www.electricstore.eu\/pl\/wp-json\/wp\/v2\/types\/product"}],"replies":[{"embeddable":true,"href":"https:\/\/www.electricstore.eu\/pl\/wp-json\/wp\/v2\/comments?post=8724"}],"wp:featuredmedia":[{"embeddable":true,"href":"https:\/\/www.electricstore.eu\/pl\/wp-json\/wp\/v2\/media\/8725"}],"wp:attachment":[{"href":"https:\/\/www.electricstore.eu\/pl\/wp-json\/wp\/v2\/media?parent=8724"}],"wp:term":[{"taxonomy":"product_brand","embeddable":true,"href":"https:\/\/www.electricstore.eu\/pl\/wp-json\/wp\/v2\/product_brand?post=8724"},{"taxonomy":"product_cat","embeddable":true,"href":"https:\/\/www.electricstore.eu\/pl\/wp-json\/wp\/v2\/product_cat?post=8724"},{"taxonomy":"product_tag","embeddable":true,"href":"https:\/\/www.electricstore.eu\/pl\/wp-json\/wp\/v2\/product_tag?post=8724"}],"curies":[{"name":"wp","href":"https:\/\/api.w.org\/{rel}","templated":true}]}}