{"id":8568,"date":"2025-05-19T20:32:10","date_gmt":"2025-05-19T20:32:10","guid":{"rendered":"https:\/\/electricstore.eu\/product\/uncategorized\/woyu-q3-electric-bicycle-20-inch-large-motor-48v-13ah\/"},"modified":"2025-05-21T05:41:25","modified_gmt":"2025-05-21T05:41:25","slug":"woyu-q3-electric-bicycle-20-inch-large-motor-48v-13ah","status":"publish","type":"product","link":"https:\/\/www.electricstore.eu\/pl\/p\/bikes\/electric-fat-bikes\/woyu-q3-electric-bicycle-20-inch-large-motor-48v-13ah\/","title":{"rendered":"Rower elektryczny WOYU Q3 250W 48V 13Ah 60km 20\u2033"},"content":{"rendered":"<div class=\"product-specs-list-container\">\n<ul class=\"product-specs-list util-clearfix\">\n<li class=\"product-prop line-limit-length\"><span\n                                        class=\"property-title\">Numer modelu:&nbsp;<\/span><span\n                                        class=\"property-desc line-limit-length\">Q3<\/span>\n                            <\/li>\n<li class=\"product-prop line-limit-length\"><span\n                                        class=\"property-title\">Nominalna pojemno\u015b\u0107 pasa\u017cerska:&nbsp;<\/span><span\n                                        class=\"property-desc line-limit-length\">Jedno miejsce<\/span>\n                            <\/li>\n<li class=\"product-prop line-limit-length\"><span\n                                        class=\"property-title\">Styl:&nbsp;<\/span><span\n                                        class=\"property-desc line-limit-length\">Typ luksusowy<\/span>\n                            <\/li>\n<li class=\"product-prop line-limit-length\"><span\n                                        class=\"property-title\">Maksymalna pr\u0119dko\u015b\u0107:&nbsp;<\/span><span\n                                        class=\"property-desc line-limit-length\">&lt;25 km\/h<\/span>\n                            <\/li>\n<li class=\"product-prop line-limit-length\"><span\n                                        class=\"property-title\">Zasi\u0119g na moc:&nbsp;<\/span><span\n                                        class=\"property-desc line-limit-length\">&gt; 60 km<\/span>\n                            <\/li>\n<li class=\"product-prop line-limit-length\"><span\n                                        class=\"property-title\">Moc:&nbsp;<\/span><span\n                                        class=\"property-desc line-limit-length\">200 \u2013 250 W<\/span>\n                            <\/li>\n<li class=\"product-prop line-limit-length\"><span\n                                        class=\"property-title\">Zasilanie:&nbsp;<\/span><span\n                                        class=\"property-desc line-limit-length\">bateria litowa<\/span>\n                            <\/li>\n<li class=\"product-prop line-limit-length\"><span\n                                        class=\"property-title\">Wolta\u017c:&nbsp;<\/span><span\n                                        class=\"property-desc line-limit-length\">48V<\/span>\n                            <\/li>\n<li class=\"product-prop line-limit-length\"><span\n                                        class=\"property-title\">\u0179r\u00f3d\u0142o zasilania:&nbsp;<\/span><span\n                                        class=\"property-desc line-limit-length\">bateria litowa<\/span>\n                            <\/li>\n<li class=\"product-prop line-limit-length\"><span\n                                        class=\"property-title\">Pochodzenie:&nbsp;<\/span><span\n                                        class=\"property-desc line-limit-length\">Chiny kontynentalne<\/span>\n                            <\/li>\n<li class=\"product-prop line-limit-length\"><span\n                                        class=\"property-title\">Fa\u0142dowy:&nbsp;<\/span><span\n                                        class=\"property-desc line-limit-length\">NIE<\/span>\n                            <\/li>\n<li class=\"product-prop line-limit-length\"><span\n                                        class=\"property-title\">Miejsce pochodzenia:&nbsp;<\/span><span\n                                        class=\"property-desc line-limit-length\">Anhui, Chiny<\/span>\n                            <\/li>\n<li class=\"product-prop line-limit-length\"><span\n                                        class=\"property-title\">Nazwa marki:&nbsp;<\/span><span\n                                        class=\"property-desc line-limit-length\">WOYU<\/span>\n                            <\/li>\n<li class=\"product-prop line-limit-length\"><span\n                                        class=\"property-title\">Numer modelu:&nbsp;<\/span><span\n                                        class=\"property-desc line-limit-length\">Q3<\/span>\n                            <\/li>\n<li class=\"product-prop line-limit-length\"><span\n                                        class=\"property-title\">Ko\u0142a z\u0119bate:&nbsp;<\/span><span\n                                        class=\"property-desc line-limit-length\">7 Speed<\/span>\n                            <\/li>\n<li class=\"product-prop line-limit-length\"><span\n                                        class=\"property-title\">Zasi\u0119g na moc:&nbsp;<\/span><span\n                                        class=\"property-desc line-limit-length\">&gt; 60 km<\/span>\n                            <\/li>\n<li class=\"product-prop line-limit-length\"><span\n                                        class=\"property-title\">Materia\u0142 ramy:&nbsp;<\/span><span\n                                        class=\"property-desc line-limit-length\">stop aluminium<\/span>\n                            <\/li>\n<li class=\"product-prop line-limit-length\"><span\n                                        class=\"property-title\">Rozmiar ko\u0142a:&nbsp;<\/span><span\n                                        class=\"property-desc line-limit-length\">20&quot;<\/span>\n                            <\/li>\n<li class=\"product-prop line-limit-length\"><span\n                                        class=\"property-title\">Maksymalna pr\u0119dko\u015b\u0107:&nbsp;<\/span><span\n                                        class=\"property-desc line-limit-length\">30-50Km\/h<\/span>\n                            <\/li>\n<li class=\"product-prop line-limit-length\"><span\n                                        class=\"property-title\">Wolta\u017c:&nbsp;<\/span><span\n                                        class=\"property-desc line-limit-length\">48V<\/span>\n                            <\/li>\n<li class=\"product-prop line-limit-length\"><span\n                                        class=\"property-title\">Zasilanie:&nbsp;<\/span><span\n                                        class=\"property-desc line-limit-length\">bateria litowa<\/span>\n                            <\/li>\n<li class=\"product-prop line-limit-length\"><span\n                                        class=\"property-title\">Uk\u0142ad hamulcowy:&nbsp;<\/span><span\n                                        class=\"property-desc line-limit-length\">Hamulec tarczowy<\/span>\n                            <\/li>\n<li class=\"product-prop line-limit-length\"><span\n                                        class=\"property-title\">Moment obrotowy:&nbsp;<\/span><span\n                                        class=\"property-desc line-limit-length\">80-90 Nm<\/span>\n                            <\/li>\n<li class=\"product-prop line-limit-length\"><span\n                                        class=\"property-title\">Czas \u0142adowania:&nbsp;<\/span><span\n                                        class=\"property-desc line-limit-length\">&gt;3 godziny<\/span>\n                            <\/li>\n<li class=\"product-prop line-limit-length\"><span\n                                        class=\"property-title\">Pozycja silnika:&nbsp;<\/span><span\n                                        class=\"property-desc line-limit-length\">Silnik piasty tylnej<\/span>\n                            <\/li>\n<li class=\"product-prop line-limit-length\"><span\n                                        class=\"property-title\">Pozycja baterii:&nbsp;<\/span><span\n                                        class=\"property-desc line-limit-length\">Down Tube<\/span>\n                            <\/li>\n<li class=\"product-prop line-limit-length\"><span\n                                        class=\"property-title\">Pojemno\u015b\u0107 baterii:&nbsp;<\/span><span\n                                        class=\"property-desc line-limit-length\">13AH<\/span>\n                            <\/li>\n<li class=\"product-prop line-limit-length\"><span\n                                        class=\"property-title\">Inteligentny typ:&nbsp;<\/span><span\n                                        class=\"property-desc line-limit-length\">Elektroniczny<\/span>\n                            <\/li>\n<li class=\"product-prop line-limit-length\"><span\n                                        class=\"property-title\">Maksymalne obci\u0105\u017cenie:&nbsp;<\/span><span\n                                        class=\"property-desc line-limit-length\">150 kg<\/span>\n                            <\/li>\n<li class=\"product-prop line-limit-length\"><span\n                                        class=\"property-title\">Climb Angle:&nbsp;<\/span><span\n                                        class=\"property-desc line-limit-length\">25\u00b0<\/span>\n                            <\/li>\n<li class=\"product-prop line-limit-length\"><span\n                                        class=\"property-title\">Power assist range:&nbsp;<\/span><span\n                                        class=\"property-desc line-limit-length\">90-100km<\/span>\n                            <\/li>\n<li class=\"product-prop line-limit-length\"><span\n                                        class=\"property-title\">The power adapter:&nbsp;<\/span><span\n                                        class=\"property-desc line-limit-length\">54.6V\/2A<\/span>\n                            <\/li>\n<li class=\"product-prop line-limit-length\"><span\n                                        class=\"property-title\">Masa netto:&nbsp;<\/span><span\n                                        class=\"property-desc line-limit-length\">26kg<\/span>\n                            <\/li>\n<li class=\"product-prop line-limit-length\"><span\n                                        class=\"property-title\">Ride Mode:&nbsp;<\/span><span\n                                        class=\"property-desc line-limit-length\">Riding \/ Electric<\/span>\n                            <\/li>\n<li class=\"product-prop line-limit-length\"><span\n                                        class=\"property-title\">APLIKACJA:&nbsp;<\/span><span\n                                        class=\"property-desc line-limit-length\">Optional<\/span>\n                            <\/li>\n<\/ul><\/div>\n<div class=\"detailmodule_html\">\n<div class=\"detail-desc-decorate-richtext\">\n<div id=\"detail_decorate_root\">\n<div>\u00a0<\/div>\n<div>\n<div>\u00a0<\/div>\n<div><img decoding=\"async\" class=\"magic-3\" src=\"https:\/\/ae01.alicdn.com\/kf\/S310ff39c0bc24d898c3cde7ec06e12b6Z.jpg?width=800&amp;height=800&amp;hash=1600\" slate-data-type=\"image\"\/><\/div>\n<div><img decoding=\"async\" class=\"magic-3\" src=\"https:\/\/ae01.alicdn.com\/kf\/Sd52a485ca77842d487d82c1890c28bebM.jpg?width=1920&amp;height=1080&amp;hash=3000\" slate-data-type=\"image\"\/><\/div>\n<div><img decoding=\"async\" class=\"magic-3\" src=\"https:\/\/ae01.alicdn.com\/kf\/S3131163a05164d08ab1450ea7e8a07f0n.jpg?width=1920&amp;height=1080&amp;hash=3000\" slate-data-type=\"image\"\/><\/div>\n<div><img decoding=\"async\" class=\"magic-3\" src=\"https:\/\/ae01.alicdn.com\/kf\/S0e93a7f427b0476f8de460f1e60e8d677.jpg?width=1920&amp;height=1080&amp;hash=3000\" slate-data-type=\"image\"\/><\/div>\n<div><img decoding=\"async\" class=\"magic-3\" src=\"https:\/\/ae01.alicdn.com\/kf\/S7ad63b8ed4ea41218f1c7785ef484a90X.jpg?width=1920&amp;height=1080&amp;hash=3000\" slate-data-type=\"image\"\/><\/div>\n<div><img decoding=\"async\" class=\"magic-3\" src=\"https:\/\/ae01.alicdn.com\/kf\/Sf99093f1c29f47d3850a66631be898d1v.jpg?width=1920&amp;height=1080&amp;hash=3000\" slate-data-type=\"image\"\/><\/div>\n<div><img decoding=\"async\" class=\"magic-3\" src=\"https:\/\/ae01.alicdn.com\/kf\/S5670927b9c4d40308caaa739b381dad1x.jpg?width=1920&amp;height=1080&amp;hash=3000\" slate-data-type=\"image\"\/><\/div>\n<div><img decoding=\"async\" class=\"magic-3\" src=\"https:\/\/ae01.alicdn.com\/kf\/S2f36f9a305694488a4040d16c50ff308J.jpg?width=790&amp;height=920&amp;hash=1710\" slate-data-type=\"image\"\/><\/div>\n<div><img decoding=\"async\" class=\"magic-3\" src=\"https:\/\/ae01.alicdn.com\/kf\/Se30c7ba6434a4f0b9faec3fbb3470a8dj.jpg?width=790&amp;height=1409&amp;hash=2199\" slate-data-type=\"image\"\/><\/div>\n<\/div>\n<div>\n<div id=\"ali-anchor-AliMagic-qaj16g\">Opakowanie produktu<\/div>\n<\/div>\n<div>\n<div>\n<div>\n<div>\n<div>\n<div><img decoding=\"async\" class=\"magic-7\" src=\"https:\/\/ae01.alicdn.com\/kf\/Saece606b87444e65aa35926dd8e3afbf6.jpg?width=1280&amp;height=960&amp;hash=2240\" slate-data-type=\"image\"\/><\/div>\n<div><img decoding=\"async\" class=\"magic-9\" src=\"https:\/\/ae01.alicdn.com\/kf\/S3aa10afa66f247fab5b2103bffc9850bd.jpg?width=800&amp;height=800&amp;hash=1600\" slate-data-type=\"image\"\/><\/div>\n<\/div>\n<div><img decoding=\"async\" class=\"magic-11\" src=\"https:\/\/ae01.alicdn.com\/kf\/Sea15a1f42651436a95d203e6d796e0663.jpg?width=600&amp;height=800&amp;hash=1400\" slate-data-type=\"image\"\/><\/div>\n<\/div>\n<\/div>\n<\/div>\n<\/div>\n<div>\n<div>\n<div>\n<div>\n<div>\n<div><img decoding=\"async\" class=\"magic-14\" src=\"https:\/\/ae01.alicdn.com\/kf\/S5f3acce68f1a4edb8d64f23d32ba302bj.jpg?width=600&amp;height=800&amp;hash=1400\" slate-data-type=\"image\"\/><\/div>\n<\/div>\n<div>\n<div>\n<div>\n<div>\u00a0<\/div>\n<div>\u00a0<\/div>\n<div>\u00a0<\/div>\n<div>\u00a0<\/div>\n<div><span><strong>Aby zapewni\u0107 bezpiecze\u0144stwo Twoich towar\u00f3w, oferujemy profesjonalne, przyjazne dla \u015brodowiska, wygodne i wydajne us\u0142ugi pakowania<br \/>zostanie zapewnione.<\/strong><\/span><\/div>\n<\/div>\n<\/div>\n<\/div>\n<\/div>\n<\/div>\n<\/div>\n<\/div>\n<div>\n<div>\u00a0<\/div>\n<div>\n<div><img decoding=\"async\" class=\"magic-19\" src=\"https:\/\/ae01.alicdn.com\/kf\/S0ddff6bbe6504307a89cf73e7329a369n.jpg?width=693&amp;height=978&amp;hash=1671\" slate-data-type=\"image\"\/><\/div>\n<div><img decoding=\"async\" class=\"magic-21\" src=\"https:\/\/ae01.alicdn.com\/kf\/S6a0013e33cce42e5968aeab412eab04fX.jpg?width=696&amp;height=980&amp;hash=1676\" slate-data-type=\"image\"\/><\/div>\n<\/div>\n<\/div>\n<div>\n<div id=\"ali-anchor-AliMagic-8728gk\">Wystawa<\/div>\n<\/div>\n<div>\n<div>\n<div>\n<div>\n<div>\n<div><img decoding=\"async\" class=\"magic-23\" src=\"https:\/\/ae01.alicdn.com\/kf\/S424810e4dba74c8ca860a47c077228b6t.jpg?width=940&amp;height=562&amp;hash=1502\" slate-data-type=\"image\"\/><\/div>\n<\/div>\n<\/div>\n<\/div>\n<\/div>\n<\/div>\n<div>\n<div id=\"ali-anchor-AliMagic-7isiro\">Profil firmy<\/div>\n<\/div>\n<div>\n<div>\u00a0<\/div>\n<div>\n<div>\n<div>\u00a0<\/div>\n<div>E-ONE to przedsi\u0119biorstwo zajmuj\u0105ce si\u0119 g\u0142\u00f3wnie eksportem nowych produkt\u00f3w energetycznych. Firma znajduje si\u0119 w stolicy prowincji Anhui, Hefei, E-ONE<strong>zosta\u0142 oficjalnie autoryzowany <\/strong>za po\u015brednictwem takich znanych marek bran\u017cowych jak:<strong>Segway-Ninebot, Intex, DYU, HIMO, Kugoo<\/strong> i kilka innych znanych. Zasadniczo nasza kompletna seria zr\u00f3wnowa\u017conych, zielonych i czystych produkt\u00f3w obejmuje<strong>hulajnogi elektryczne, hulajnogi elektryczne samobalansuj\u0105ce, monocykle elektryczne,<\/strong><span><strong>gokarty elektryczne<\/strong><\/span><strong>, rowery elektryczne, motocykle elektryczne<\/strong>. Ze wszystkimi dost\u0119pnymi certyfikatami, co zdecydowanie pozwala nam sprzedawa\u0107 nasze produkty zorientowane na jako\u015b\u0107 na ca\u0142ym \u015bwiecie.<\/div>\n<\/div>\n<\/div>\n<\/div>\n<div>\n<div id=\"ali-anchor-AliMagic-y5v1u8\">Cz\u0119sto zadawane pytania<\/div>\n<\/div>\n<div>\n<div>\n<div>\n<h3 class=\"magic-28\"><\/h3>\n<div>\n<div>\n<div><strong>Q<\/strong>: Czy jeste\u015b producentem?<strong>A<\/strong>: Tak, jeste\u015bmy producentami. Mo\u017cemy \u015bwiadczy\u0107 us\u0142ugi OEM\/ODM dostosowane do r\u00f3\u017cnych zastosowa\u0144 i wymaga\u0144 naszych klient\u00f3w. Wszystkie nasze produkty s\u0105 w pe\u0142ni opatentowane, a ich konstrukcja, osprz\u0119t i oprogramowanie, forma i monta\u017c s\u0105 wykonywane przez nasz w\u0142asny zesp\u00f3\u0142.<strong>Q<\/strong>:Jaka jest minimalna wielko\u015b\u0107 zam\u00f3wienia (MOQ)?<strong>A<\/strong>: Akceptujemy jedn\u0105 jednostk\u0119 dla standardowych produkt\u00f3w. Mo\u017cemy nawet dostosowa\u0107 je do Twojego logo, je\u015bli jest to potrzebne. Je\u015bli potrzebujesz OEM, zobaczymy szczeg\u00f3\u0142owe wymagania i potwierdzimy Ci MOQ z naszego dzia\u0142u sprzeda\u017cy.<strong>Q<\/strong>: Czy mo\u017cemy otrzyma\u0107 darmow\u0105 pr\u00f3bk\u0119?<strong>A<\/strong>: Przepraszamy, zazwyczaj nie dostarczamy bezp\u0142atnych pr\u00f3bek. Je\u015bli klient potwierdzi specyfikacj\u0119 i cen\u0119, mo\u017ce najpierw zam\u00f3wi\u0107 pr\u00f3bk\u0119 do test\u00f3w i oceny.<strong>Q<\/strong>:Jak zam\u00f3wi\u0107 i zap\u0142aci\u0107?<strong>A<\/strong>: Akceptujemy T\/T (przelew bankowy), Alibaba online, Western Union 1 Trade Assurance<strong>Q<\/strong>:Jaka jest gwarancja na Wasze produkty?<strong>A<\/strong>:Oferujemy 24-miesi\u0119czn\u0105 gwarancj\u0119 po wys\u0142aniu przesy\u0142ki.<strong>Q<\/strong>:Jak d\u0142ugo b\u0119dzie trwa\u0142a dostawa?<strong>A<\/strong>: W przypadku czasu realizacji produkcji oko\u0142o 3-10 dni, w zale\u017cno\u015bci od wymaga\u0144, i czasu wysy\u0142ki przez DHL\/UPS\/FEDEX\/TNT, czas dostawy wyniesie oko\u0142o 3-7 dni roboczych. W przypadku niekt\u00f3rych odleg\u0142ych miejsc czas dostawy mo\u017ce by\u0107 nieco d\u0142u\u017cszy.<strong>Q<\/strong> :Jak naprawi\u0107 urz\u0105dzenie w przypadku wyst\u0105pienia problemu?<strong>A<\/strong>:Zapewniamy wsparcie techniczne online w celu rozwi\u0105zania problemu. Je\u015bli chodzi o problem ze sprz\u0119tem, mo\u017cemy wys\u0142a\u0107 cz\u0119\u015bci lub komponenty i nauczy\u0107 klienta, jak je zamontowa\u0107, je\u015bli ma technika, lub mo\u017ce r\u00f3wnie\u017c odes\u0142a\u0107 je do nas w celu rozwi\u0105zania problemu.<strong>Q<\/strong>: Czy mo\u017cecie dostosowa\u0107 i rozpowszechni\u0107 nasz produkt?<strong>A<\/strong>:Jeste\u015bmy profesjonalnym producentem rower\u00f3w elektrycznych z 8-letnim do\u015bwiadczeniem w produkcji. Oferujemy wsparcie w zakresie personalizacji, dystrybucji i sprzeda\u017cy hurtowej naszych produkt\u00f3w.<\/div>\n<\/div>\n<\/div>\n<\/div>\n<\/div>\n<\/div>\n<\/div>\n<div><\/div>\n<\/div>\n<\/div>\n<p><\/p>","protected":false},"excerpt":{"rendered":"<p>Model Number:&nbsp;Q3 Rated Passenger Capacity:&nbsp;One Seat Style:&nbsp;Luxury Type Max Speed:&nbsp;&lt;25km\/h Range per Power:&nbsp;&gt; 60 km Wattage:&nbsp;200 &#8211; 250w Power Supply:&nbsp;lithium battery Voltage:&nbsp;48V Power Source:&nbsp;lithium battery Origin:&nbsp;Mainland China Folded:&nbsp;No Place of<\/p>","protected":false},"featured_media":8569,"comment_status":"open","ping_status":"closed","template":"","meta":{"_acf_changed":false},"product_brand":[],"product_cat":[300],"product_tag":[],"class_list":{"0":"post-8568","1":"product","2":"type-product","3":"status-publish","4":"has-post-thumbnail","6":"product_cat-electric-fat-bikes","8":"first","9":"instock","10":"shipping-taxable","11":"purchasable","12":"product-type-variable"},"acf":[],"_links":{"self":[{"href":"https:\/\/www.electricstore.eu\/pl\/wp-json\/wp\/v2\/product\/8568","targetHints":{"allow":["GET"]}}],"collection":[{"href":"https:\/\/www.electricstore.eu\/pl\/wp-json\/wp\/v2\/product"}],"about":[{"href":"https:\/\/www.electricstore.eu\/pl\/wp-json\/wp\/v2\/types\/product"}],"replies":[{"embeddable":true,"href":"https:\/\/www.electricstore.eu\/pl\/wp-json\/wp\/v2\/comments?post=8568"}],"wp:featuredmedia":[{"embeddable":true,"href":"https:\/\/www.electricstore.eu\/pl\/wp-json\/wp\/v2\/media\/8569"}],"wp:attachment":[{"href":"https:\/\/www.electricstore.eu\/pl\/wp-json\/wp\/v2\/media?parent=8568"}],"wp:term":[{"taxonomy":"product_brand","embeddable":true,"href":"https:\/\/www.electricstore.eu\/pl\/wp-json\/wp\/v2\/product_brand?post=8568"},{"taxonomy":"product_cat","embeddable":true,"href":"https:\/\/www.electricstore.eu\/pl\/wp-json\/wp\/v2\/product_cat?post=8568"},{"taxonomy":"product_tag","embeddable":true,"href":"https:\/\/www.electricstore.eu\/pl\/wp-json\/wp\/v2\/product_tag?post=8568"}],"curies":[{"name":"wp","href":"https:\/\/api.w.org\/{rel}","templated":true}]}}