{"id":8557,"date":"2025-05-19T20:32:04","date_gmt":"2025-05-19T20:32:04","guid":{"rendered":"https:\/\/electricstore.eu\/product\/uncategorized\/kukirin-g2-max-electric-scooter-48v-20-8ah1000w\/"},"modified":"2025-05-20T13:07:08","modified_gmt":"2025-05-20T13:07:08","slug":"kukirin-g2-max-electric-scooter-48v-20-8ah1000w","status":"publish","type":"product","link":"https:\/\/www.electricstore.eu\/pl\/p\/scooters\/electric-off-road-scooter\/kukirin-g2-max-electric-scooter-48v-20-8ah1000w\/","title":{"rendered":"Kukirin G2 Max 1000W 48V 20,8Ah 55km\/h \u226470km 10\u2033 skuter dwuko\u0142owy"},"content":{"rendered":"<div class=\"product-specs-list-container\">\n<ul class=\"product-specs-list util-clearfix\">\n<li class=\"product-prop line-limit-length\"><span\n                                        class=\"property-title\">Numer modelu:&nbsp;<\/span><span\n                                        class=\"property-desc line-limit-length\">G2 Max<\/span>\n                            <\/li>\n<li class=\"product-prop line-limit-length\"><span\n                                        class=\"property-title\">Kategoria:&nbsp;<\/span><span\n                                        class=\"property-desc line-limit-length\">Hulajnoga dwuko\u0142owa<\/span>\n                            <\/li>\n<li class=\"product-prop line-limit-length\"><span\n                                        class=\"property-title\">Osoby, kt\u00f3rych to dotyczy:&nbsp;<\/span><span\n                                        class=\"property-desc line-limit-length\">Dla obu p\u0142ci<\/span>\n                            <\/li>\n<li class=\"product-prop line-limit-length\"><span\n                                        class=\"property-title\">Zasi\u0119g na jednym \u0142adowaniu:&nbsp;<\/span><span\n                                        class=\"property-desc line-limit-length\">60-80km<\/span>\n                            <\/li>\n<li class=\"product-prop line-limit-length\"><span\n                                        class=\"property-title\">Czas \u0142adowania:&nbsp;<\/span><span\n                                        class=\"property-desc line-limit-length\">6-8 godzin<\/span>\n                            <\/li>\n<li class=\"product-prop line-limit-length\"><span\n                                        class=\"property-title\">Wolta\u017c:&nbsp;<\/span><span\n                                        class=\"property-desc line-limit-length\">48V<\/span>\n                            <\/li>\n<li class=\"product-prop line-limit-length\"><span\n                                        class=\"property-title\">Fa\u0142dowy:&nbsp;<\/span><span\n                                        class=\"property-desc line-limit-length\">TAK<\/span>\n                            <\/li>\n<li class=\"product-prop line-limit-length\"><span\n                                        class=\"property-title\">Moc (W):&nbsp;<\/span><span\n                                        class=\"property-desc line-limit-length\">501-1000 W<\/span>\n                            <\/li>\n<li class=\"product-prop line-limit-length\"><span\n                                        class=\"property-title\">Pochodzenie:&nbsp;<\/span><span\n                                        class=\"property-desc line-limit-length\">Chiny kontynentalne<\/span>\n                            <\/li>\n<li class=\"product-prop line-limit-length\"><span\n                                        class=\"property-title\">Miejsce pochodzenia:&nbsp;<\/span><span\n                                        class=\"property-desc line-limit-length\">Zhejiang, Chiny<\/span>\n                            <\/li>\n<li class=\"product-prop line-limit-length\"><span\n                                        class=\"property-title\">Marka:&nbsp;<\/span><span\n                                        class=\"property-desc line-limit-length\">Kukirin<\/span>\n                            <\/li>\n<li class=\"product-prop line-limit-length\"><span\n                                        class=\"property-title\">Numer modelu:&nbsp;<\/span><span\n                                        class=\"property-desc line-limit-length\">G2 Max<\/span>\n                            <\/li>\n<li class=\"product-prop line-limit-length\"><span\n                                        class=\"property-title\">Czas \u0142adowania:&nbsp;<\/span><span\n                                        class=\"property-desc line-limit-length\">10-11 hours<\/span>\n                            <\/li>\n<li class=\"product-prop line-limit-length\"><span\n                                        class=\"property-title\">Sk\u0142adany:&nbsp;<\/span><span\n                                        class=\"property-desc line-limit-length\">Tak<\/span>\n                            <\/li>\n<li class=\"product-prop line-limit-length\"><span\n                                        class=\"property-title\">Zasi\u0119g na jednym \u0142adowaniu:&nbsp;<\/span><span\n                                        class=\"property-desc line-limit-length\">\u226470km<\/span>\n                            <\/li>\n<li class=\"product-prop line-limit-length\"><span\n                                        class=\"property-title\">Maksymalna pr\u0119dko\u015b\u0107:&nbsp;<\/span><span\n                                        class=\"property-desc line-limit-length\">55 km\/h<\/span>\n                            <\/li>\n<li class=\"product-prop line-limit-length\"><span\n                                        class=\"property-title\">Kategoria:&nbsp;<\/span><span\n                                        class=\"property-desc line-limit-length\">Hulajnoga dwuko\u0142owa<\/span>\n                            <\/li>\n<li class=\"product-prop line-limit-length\"><span\n                                        class=\"property-title\">Dotyczy t\u0142umu:&nbsp;<\/span><span\n                                        class=\"property-desc line-limit-length\">Dla obu p\u0142ci<\/span>\n                            <\/li>\n<li class=\"product-prop line-limit-length\"><span\n                                        class=\"property-title\">Inteligentny typ:&nbsp;<\/span><span\n                                        class=\"property-desc line-limit-length\">Elektroniczny<\/span>\n                            <\/li>\n<li class=\"product-prop line-limit-length\"><span\n                                        class=\"property-title\">Pojemno\u015b\u0107 baterii:&nbsp;<\/span><span\n                                        class=\"property-desc line-limit-length\">20.8Ah<\/span>\n                            <\/li>\n<li class=\"product-prop line-limit-length\"><span\n                                        class=\"property-title\">silnik:&nbsp;<\/span><span\n                                        class=\"property-desc line-limit-length\">Bezszczotkowy<\/span>\n                            <\/li>\n<li class=\"product-prop line-limit-length\"><span\n                                        class=\"property-title\">Wodoodporny:&nbsp;<\/span><span\n                                        class=\"property-desc line-limit-length\">Wodoodporny<\/span>\n                            <\/li>\n<li class=\"product-prop line-limit-length\"><span\n                                        class=\"property-title\">Moc silnika:&nbsp;<\/span><span\n                                        class=\"property-desc line-limit-length\">1000w<\/span>\n                            <\/li>\n<li class=\"product-prop line-limit-length\"><span\n                                        class=\"property-title\">Typ wtyczki:&nbsp;<\/span><span\n                                        class=\"property-desc line-limit-length\">wtyczka europejska<\/span>\n                            <\/li>\n<li class=\"product-prop line-limit-length\"><span\n                                        class=\"property-title\">Typ zawieszenia:&nbsp;<\/span><span\n                                        class=\"property-desc line-limit-length\">Podw\u00f3jne zawieszenie<\/span>\n                            <\/li>\n<li class=\"product-prop line-limit-length\"><span\n                                        class=\"property-title\">maksymalne obci\u0105\u017cenie:&nbsp;<\/span><span\n                                        class=\"property-desc line-limit-length\">120kg<\/span>\n                            <\/li>\n<li class=\"product-prop line-limit-length\"><span\n                                        class=\"property-title\">Typ baterii:&nbsp;<\/span><span\n                                        class=\"property-desc line-limit-length\">bateria litowa<\/span>\n                            <\/li>\n<li class=\"product-prop line-limit-length\"><span\n                                        class=\"property-title\">Tworzywo:&nbsp;<\/span><span\n                                        class=\"property-desc line-limit-length\">Aluminium<\/span>\n                            <\/li>\n<li class=\"product-prop line-limit-length\"><span\n                                        class=\"property-title\">Uk\u0142ad hamulcowy:&nbsp;<\/span><span\n                                        class=\"property-desc line-limit-length\">Dysk<\/span>\n                            <\/li>\n<li class=\"product-prop line-limit-length\"><span\n                                        class=\"property-title\">funkcja:&nbsp;<\/span><span\n                                        class=\"property-desc line-limit-length\">Sk\u0142adany<\/span>\n                            <\/li>\n<li class=\"product-prop line-limit-length\"><span\n                                        class=\"property-title\">Wysoko\u015b\u0107 przedmiotu od podstawy do g\u00f3ry:&nbsp;<\/span><span\n                                        class=\"property-desc line-limit-length\">128cm<\/span>\n                            <\/li>\n<li class=\"product-prop line-limit-length\"><span\n                                        class=\"property-title\">Certyfikat:&nbsp;<\/span><span\n                                        class=\"property-desc line-limit-length\"><\/span>\n                            <\/li>\n<\/ul><\/div>\n<div class=\"detailmodule_html\">\n<div class=\"detail-desc-decorate-richtext\">\n<div id=\"detail_decorate_root\">\n<div>\u00a0<\/div>\n<div class=\"J_module\">\n<div class=\"icbu-pc-detailVideoShow magic-0\"><\/div>\n<\/div>\n<div class=\"J_module\">\n<div id=\"ali-anchor-AliMagic-ftpkuf\" class=\"magic-1\">Opis produktu<\/div>\n<\/div>\n<div class=\"J_module\">\n<div class=\"detail-decorate-json-renderer-container\">\n<div class=\"magic-2\">\n<div class=\"magic-3\">\n<div class=\"magic-4\">\n<div class=\"magic-5\">\n<div class=\"magic-6\"><strong class=\"magic-7\">KUKIRIN G2 MAX Electric Scooter<\/strong><\/div>\n<div class=\"magic-6\"><span><strong class=\"magic-7\">Super Battery\/Strong Motor\/Intelligent Dashboard\/Effective Damping System<\/strong><\/span><\/div>\n<div class=\"magic-11\"><\/div>\n<\/div>\n<\/div>\n<\/div>\n<\/div>\n<\/div>\n<\/div>\n<div class=\"J_module\">\n<div id=\"ali-anchor-AliMagic-hg0ciz\" class=\"magic-1\">Parametry produktu<\/div>\n<\/div>\n<div class=\"J_module\">\n<div class=\"ife-detail-decorate-table\">\n<table style=\"border-collapse:collapse\" class=\"all magic-13\">\n<tbody>\n<tr>\n<td rowspan=\"1\" colspan=\"1\">\n<div class=\"magic-14\">Nazwa modelu<\/div>\n<\/td>\n<td rowspan=\"1\" colspan=\"1\">\n<div class=\"magic-15\">Kukirin G2 Max<\/div>\n<\/td>\n<td class=\"magic-16\" rowspan=\"0\">\n<div class=\"magic-17\">54V<\/div>\n<\/td>\n<\/tr>\n<tr>\n<td rowspan=\"1\" colspan=\"1\">\n<div class=\"magic-18\">Silnik<\/div>\n<\/td>\n<td rowspan=\"1\" colspan=\"1\">\n<div class=\"magic-15\">1000w<\/div>\n<\/td>\n<td class=\"magic-16\" rowspan=\"0\">\n<div class=\"magic-17\">8 godzin<\/div>\n<\/td>\n<\/tr>\n<tr>\n<td rowspan=\"1\" colspan=\"1\">\n<div class=\"magic-14\">Napi\u0119cie akumulatora<\/div>\n<\/td>\n<td rowspan=\"1\" colspan=\"1\">\n<div class=\"magic-15\">48V<\/div>\n<\/td>\n<td class=\"magic-16\" rowspan=\"0\">\n<div class=\"magic-17\">Disc\u00a0 Brake Power-off Brake<\/div>\n<\/td>\n<\/tr>\n<tr>\n<td rowspan=\"1\" colspan=\"1\">\n<div class=\"magic-18\">Bateria<\/div>\n<\/td>\n<td rowspan=\"1\" colspan=\"1\">\n<div class=\"magic-15\">20.8Ah<\/div>\n<\/td>\n<td class=\"magic-16\" rowspan=\"0\">\n<div class=\"magic-17\">4m<\/div>\n<\/td>\n<\/tr>\n<tr>\n<td rowspan=\"1\" colspan=\"1\">\n<div class=\"magic-14\">Maksymalna pr\u0119dko\u015b\u0107<\/div>\n<\/td>\n<td rowspan=\"1\" colspan=\"1\">\n<div class=\"magic-15\">55KM\/h\u00a0<\/div>\n<\/td>\n<td class=\"magic-16\" rowspan=\"0\">\n<div class=\"magic-17\">PROWADZONY\u00a0<\/div>\n<\/td>\n<\/tr>\n<tr>\n<td rowspan=\"1\" colspan=\"1\">\n<div class=\"magic-18\">Zakres<\/div>\n<\/td>\n<td rowspan=\"1\" colspan=\"1\">\n<div class=\"magic-15\">\u226470km<\/div>\n<\/td>\n<td class=\"magic-16\" rowspan=\"0\">\n<div class=\"magic-17\">Soczewka\/\u015awiat\u0142a drogowe\/Klakson<\/div>\n<\/td>\n<\/tr>\n<tr>\n<td rowspan=\"1\" colspan=\"1\">\n<div class=\"magic-18\">Maksymalne obci\u0105\u017cenie<\/div>\n<\/td>\n<td rowspan=\"1\" colspan=\"1\">\n<div class=\"magic-15\">120 KG<\/div>\n<\/td>\n<td class=\"magic-16\" rowspan=\"0\">\n<div class=\"magic-17\">IED\/\u015awiat\u0142a drogowe\/\u015awiat\u0142a hamowania<\/div>\n<\/td>\n<\/tr>\n<tr>\n<td rowspan=\"1\" colspan=\"1\">\n<div class=\"magic-18\">Opona<\/div>\n<\/td>\n<td rowspan=\"1\" colspan=\"1\">\n<div class=\"magic-15\">10inch Pneumatic Tires<\/div>\n<\/td>\n<td class=\"magic-16\" rowspan=\"0\">\n<div class=\"magic-17\">IED\/Kierunkowskaz\/\u015awiat\u0142o hamowania<\/div>\n<\/td>\n<\/tr>\n<\/tbody>\n<\/table>\n<\/div>\n<\/div>\n<div class=\"J_module\">\n<div id=\"ali-anchor-AliMagic-2gdml9\" class=\"magic-1\">Szczeg\u00f3\u0142y Obrazy<\/div>\n<\/div>\n<div class=\"J_module\">\n<div class=\"icbu-pc-detailManyImage magic-19\">\n<div class=\"magic-20\"><img decoding=\"async\" class=\"magic-21\" src=\"https:\/\/ae01.alicdn.com\/kf\/S5d98c9c75fff4aaea2f5e9b3fc79f6a4C.jpg?width=1920&amp;height=1265&amp;hash=3185\" slate-data-type=\"image\"\/><\/div>\n<div class=\"magic-20\"><img decoding=\"async\" class=\"magic-21\" src=\"https:\/\/ae01.alicdn.com\/kf\/S1a8360d59e20432daf4c59e256b64f00C.jpg?width=1920&amp;height=1004&amp;hash=2924\" slate-data-type=\"image\"\/><\/div>\n<div class=\"magic-20\"><img decoding=\"async\" class=\"magic-21\" src=\"https:\/\/ae01.alicdn.com\/kf\/S9beafde1827a4f3593e8bb4dc3745420i.jpg?width=1920&amp;height=1003&amp;hash=2923\" slate-data-type=\"image\"\/><\/div>\n<div class=\"magic-20\"><img decoding=\"async\" class=\"magic-21\" src=\"https:\/\/ae01.alicdn.com\/kf\/S095580a3abf1491a904935c5682a9cf8f.jpg?width=1920&amp;height=1042&amp;hash=2962\" slate-data-type=\"image\"\/><\/div>\n<div class=\"magic-20\"><img decoding=\"async\" class=\"magic-21\" src=\"https:\/\/ae01.alicdn.com\/kf\/S61c65cb31a284a76b47f76a0851884ab6.jpg?width=1920&amp;height=931&amp;hash=2851\" slate-data-type=\"image\"\/><\/div>\n<div class=\"magic-20\"><img decoding=\"async\" class=\"magic-21\" src=\"https:\/\/ae01.alicdn.com\/kf\/S71ceaa25badd440c8d62b03f8a0ccf6b0.jpg?width=1920&amp;height=935&amp;hash=2855\" slate-data-type=\"image\"\/><\/div>\n<div class=\"magic-20\"><img decoding=\"async\" class=\"magic-21\" src=\"https:\/\/ae01.alicdn.com\/kf\/Sd0e6384701a44a2ea0a414195c5bed83J.jpg?width=1920&amp;height=1001&amp;hash=2921\" slate-data-type=\"image\"\/><\/div>\n<div class=\"magic-20\"><img decoding=\"async\" class=\"magic-21\" src=\"https:\/\/ae01.alicdn.com\/kf\/S148f87fc89954ed19a4bc67875362e0aH.jpg?width=1920&amp;height=1041&amp;hash=2961\" slate-data-type=\"image\"\/><\/div>\n<div class=\"magic-20\"><img decoding=\"async\" class=\"magic-21\" src=\"https:\/\/ae01.alicdn.com\/kf\/S499260b1613347b99f08eb2686b66509U.jpg?width=1920&amp;height=941&amp;hash=2861\" slate-data-type=\"image\"\/><\/div>\n<div class=\"magic-20\"><img decoding=\"async\" class=\"magic-21\" src=\"https:\/\/ae01.alicdn.com\/kf\/S5d7cdb6c60d344eca8fc61b21f04ce69r.jpg?width=1920&amp;height=931&amp;hash=2851\" slate-data-type=\"image\"\/><\/div>\n<\/div>\n<\/div>\n<div class=\"J_module\">\n<div class=\"icbu-pc-images magic-22\">\n<div>\n<div class=\"flex-layout-v\">\n<div class=\"flex-layout-h magic-22\">\n<div class=\"magic-23\"><img decoding=\"async\" class=\"magic-24\" src=\"https:\/\/ae01.alicdn.com\/kf\/S76c1372101ad4064a7070dae4a13af91l.jpg?width=1920&amp;height=977&amp;hash=2897\" slate-data-type=\"image\"\/><\/div>\n<\/div>\n<\/div>\n<\/div>\n<\/div>\n<\/div>\n<div class=\"J_module\">\n<div class=\"icbu-pc-images magic-22\">\n<div>\n<div class=\"flex-layout-v\">\n<div class=\"flex-layout-h magic-22\">\n<div class=\"magic-25\"><img decoding=\"async\" class=\"magic-26\" src=\"https:\/\/ae01.alicdn.com\/kf\/S84eb547379144e80b006f270182e256bz.jpg?width=1920&amp;height=984&amp;hash=2904\" slate-data-type=\"image\"\/><\/div>\n<\/div>\n<\/div>\n<\/div>\n<\/div>\n<\/div>\n<div class=\"J_module\">\n<div class=\"icbu-pc-images magic-22\">\n<div>\n<div class=\"flex-layout-v\">\n<div class=\"flex-layout-h magic-22\">\n<div class=\"magic-27\"><img decoding=\"async\" class=\"magic-28\" src=\"https:\/\/ae01.alicdn.com\/kf\/Sc16624be42bb49f4815c2cf08b2ccd473.jpg?width=1920&amp;height=997&amp;hash=2917\" slate-data-type=\"image\"\/><\/div>\n<\/div>\n<\/div>\n<\/div>\n<\/div>\n<\/div>\n<div class=\"J_module\">\n<div class=\"icbu-pc-images magic-22\">\n<div>\n<div class=\"flex-layout-v\">\n<div class=\"flex-layout-h magic-22\">\n<div class=\"magic-29\"><img decoding=\"async\" class=\"magic-30\" src=\"https:\/\/ae01.alicdn.com\/kf\/Scd9d5e2d7a234060903f76ead4f245aa3.jpg?width=1920&amp;height=915&amp;hash=2835\" slate-data-type=\"image\"\/><\/div>\n<\/div>\n<\/div>\n<\/div>\n<\/div>\n<\/div>\n<div class=\"J_module\">\n<div class=\"icbu-pc-images magic-22\">\n<div>\n<div class=\"flex-layout-v\">\n<div class=\"flex-layout-h magic-22\">\n<div class=\"magic-31\"><img decoding=\"async\" class=\"magic-32\" src=\"https:\/\/ae01.alicdn.com\/kf\/Sdbc475f34acc41ca92890626649909e8D.jpg?width=1920&amp;height=2384&amp;hash=4304\" slate-data-type=\"image\"\/><\/div>\n<\/div>\n<\/div>\n<\/div>\n<\/div>\n<\/div>\n<div class=\"J_module\">\n<div class=\"icbu-pc-images magic-22\">\n<div>\n<div class=\"flex-layout-v\">\n<div class=\"flex-layout-h magic-22\">\n<div class=\"magic-33\"><img decoding=\"async\" class=\"magic-34\" src=\"https:\/\/ae01.alicdn.com\/kf\/S6f4fed6b409a45cd8a8bfc3d9a7056d9P.jpg?width=1920&amp;height=996&amp;hash=2916\" slate-data-type=\"image\"\/><\/div>\n<\/div>\n<\/div>\n<\/div>\n<\/div>\n<\/div>\n<div class=\"J_module\">\n<div class=\"icbu-pc-images magic-22\">\n<div>\n<div class=\"flex-layout-v\">\n<div class=\"flex-layout-h magic-22\">\n<div class=\"magic-35\"><img decoding=\"async\" class=\"magic-36\" src=\"https:\/\/ae01.alicdn.com\/kf\/S5fd74b20d5444fa0a0257561de906999e.jpg?width=1920&amp;height=3248&amp;hash=5168\" slate-data-type=\"image\"\/><\/div>\n<\/div>\n<\/div>\n<\/div>\n<\/div>\n<\/div>\n<div class=\"J_module\">\n<div id=\"ali-anchor-AliMagic-t66yqe\" class=\"magic-1\">Dlaczego warto nas wybra\u0107<\/div>\n<\/div>\n<div class=\"J_module\">\n<div class=\"icbu-pc-images magic-22\">\n<div>\n<div class=\"flex-layout-v\">\n<div class=\"flex-layout-h magic-22\">\n<div class=\"magic-37\"><img decoding=\"async\" class=\"magic-38\" src=\"https:\/\/ae01.alicdn.com\/kf\/S27ae9ce82ae741139944b93eba0f6f39n.jpg?width=750&amp;height=571&amp;hash=1321\" slate-data-type=\"image\"\/><\/div>\n<\/div>\n<\/div>\n<\/div>\n<\/div>\n<\/div>\n<div class=\"J_module\">\n<div class=\"icbu-pc-images magic-22\">\n<div>\n<div class=\"flex-layout-v\">\n<div class=\"flex-layout-h magic-22\">\n<div class=\"magic-39\"><img decoding=\"async\" class=\"magic-40\" src=\"https:\/\/ae01.alicdn.com\/kf\/Sa12f41e1baad428b8107b5af09ffa675C.jpg?width=750&amp;height=655&amp;hash=1405\" slate-data-type=\"image\"\/><\/div>\n<\/div>\n<\/div>\n<\/div>\n<\/div>\n<\/div>\n<div class=\"J_module\">\n<div id=\"ali-anchor-AliMagic-14oh3y\" class=\"magic-1\">Magazyn Europa<\/div>\n<\/div>\n<div class=\"J_module\">\n<div class=\"icbu-pc-images magic-22\">\n<div>\n<div class=\"flex-layout-v\">\n<div class=\"flex-layout-h magic-22\">\n<div class=\"magic-41\"><img decoding=\"async\" class=\"magic-42\" src=\"https:\/\/ae01.alicdn.com\/kf\/Sdc0c972ec92f4eae9c37e60a99497c47X.jpg?width=750&amp;height=1109&amp;hash=1859\" slate-data-type=\"image\"\/><\/div>\n<\/div>\n<\/div>\n<\/div>\n<\/div>\n<\/div>\n<div class=\"J_module\">\n<div class=\"icbu-pc-images magic-22\">\n<div>\n<div class=\"flex-layout-v\">\n<div class=\"flex-layout-h magic-22\">\n<div class=\"magic-43\"><img decoding=\"async\" class=\"magic-44\" src=\"https:\/\/ae01.alicdn.com\/kf\/Se569c5fcbb134d88a8111b73ba330050b.jpg?width=750&amp;height=709&amp;hash=1459\" slate-data-type=\"image\"\/><\/div>\n<\/div>\n<\/div>\n<\/div>\n<\/div>\n<\/div>\n<div class=\"J_module\">\n<div class=\"icbu-pc-images magic-22\">\n<div>\n<div class=\"flex-layout-v\">\n<div class=\"flex-layout-h magic-22\">\n<div class=\"magic-45\"><img decoding=\"async\" class=\"magic-46\" src=\"https:\/\/ae01.alicdn.com\/kf\/S0c59973d3f3549439484d6d02885f886c.jpg?width=750&amp;height=554&amp;hash=1304\" slate-data-type=\"image\"\/><\/div>\n<\/div>\n<\/div>\n<\/div>\n<\/div>\n<\/div>\n<div class=\"J_module\">\n<div id=\"ali-anchor-AliMagic-w6yc41\" class=\"magic-1\">Cz\u0119sto zadawane pytania<\/div>\n<\/div>\n<div class=\"J_module\">\n<div class=\"icbu-pc-images magic-22\">\n<div>\n<div class=\"flex-layout-v\">\n<div class=\"flex-layout-h magic-22\">\n<div class=\"magic-47\"><img decoding=\"async\" class=\"magic-48\" src=\"https:\/\/ae01.alicdn.com\/kf\/S9d4825ca785e4e648d35c4053b2760f8b.jpg?width=750&amp;height=601&amp;hash=1351\" slate-data-type=\"image\"\/><\/div>\n<\/div>\n<\/div>\n<\/div>\n<\/div>\n<\/div>\n<div class=\"J_module\">\n<div id=\"ali-anchor-AliMagic-pc0uv8\" class=\"magic-1\">Skontaktuj si\u0119 z nami<\/div>\n<\/div>\n<div class=\"J_module\">\n<div class=\"icbu-pc-images magic-22\">\n<div>\n<div class=\"flex-layout-v\">\n<div class=\"flex-layout-h magic-22\">\n<div class=\"magic-49\"><img decoding=\"async\" class=\"magic-50\" src=\"https:\/\/ae01.alicdn.com\/kf\/Sd5e5db0f7b3042a491b974f77e225fa5a.jpg?width=750&amp;height=518&amp;hash=1268\" usemap=\"#6-8b-05f-27c5\" slate-data-type=\"image\"\/><\/p>\n<map name=\"6-8b-05f-27c5\">\n<area shape=\"rect\" coords=\"29,224,214,326\" target=\"_blank\" href=\"https:\/\/sedatop.en.alibaba.com\/contactinfo.html\"\/>\n<area shape=\"rect\" coords=\"228,268,666,429\" target=\"_blank\" href=\"https:\/\/sedatop.en.alibaba.com\/\"\/><\/map>\n<\/div>\n<\/div>\n<\/div>\n<\/div>\n<\/div>\n<\/div>\n<\/div>\n<\/div>\n<\/div>\n<p><\/p>","protected":false},"excerpt":{"rendered":"<p>Model Number:&nbsp;G2 Max Category:&nbsp;Two-wheel Scooter Applicable People:&nbsp;Unisex Range Per Charge:&nbsp;60-80km Charging Time:&nbsp;6-8h Voltage:&nbsp;48v Folded:&nbsp;YES Power (W):&nbsp;501-1000w Origin:&nbsp;Mainland China Place of Origin:&nbsp;Zhejiang, China Brand:&nbsp;Kukirin Model Number:&nbsp;G2 Max Charging Time:&nbsp;10-11 hours Foldable:&nbsp;Yes<\/p>","protected":false},"featured_media":8558,"comment_status":"open","ping_status":"closed","template":"","meta":{"_acf_changed":false},"product_brand":[],"product_cat":[468,297],"product_tag":[],"class_list":{"0":"post-8557","1":"product","2":"type-product","3":"status-publish","4":"has-post-thumbnail","6":"product_cat-electric-off-road-scooter","7":"product_cat-scooters","9":"first","10":"instock","11":"shipping-taxable","12":"purchasable","13":"product-type-simple"},"acf":[],"_links":{"self":[{"href":"https:\/\/www.electricstore.eu\/pl\/wp-json\/wp\/v2\/product\/8557","targetHints":{"allow":["GET"]}}],"collection":[{"href":"https:\/\/www.electricstore.eu\/pl\/wp-json\/wp\/v2\/product"}],"about":[{"href":"https:\/\/www.electricstore.eu\/pl\/wp-json\/wp\/v2\/types\/product"}],"replies":[{"embeddable":true,"href":"https:\/\/www.electricstore.eu\/pl\/wp-json\/wp\/v2\/comments?post=8557"}],"wp:featuredmedia":[{"embeddable":true,"href":"https:\/\/www.electricstore.eu\/pl\/wp-json\/wp\/v2\/media\/8558"}],"wp:attachment":[{"href":"https:\/\/www.electricstore.eu\/pl\/wp-json\/wp\/v2\/media?parent=8557"}],"wp:term":[{"taxonomy":"product_brand","embeddable":true,"href":"https:\/\/www.electricstore.eu\/pl\/wp-json\/wp\/v2\/product_brand?post=8557"},{"taxonomy":"product_cat","embeddable":true,"href":"https:\/\/www.electricstore.eu\/pl\/wp-json\/wp\/v2\/product_cat?post=8557"},{"taxonomy":"product_tag","embeddable":true,"href":"https:\/\/www.electricstore.eu\/pl\/wp-json\/wp\/v2\/product_tag?post=8557"}],"curies":[{"name":"wp","href":"https:\/\/api.w.org\/{rel}","templated":true}]}}