{"id":8477,"date":"2025-05-19T20:31:19","date_gmt":"2025-05-19T20:31:19","guid":{"rendered":"https:\/\/electricstore.eu\/product\/uncategorized\/kukirin-g2-master-1000w52v20-8ah-electric-scooter-dual-motor\/"},"modified":"2025-05-20T13:07:53","modified_gmt":"2025-05-20T13:07:53","slug":"kukirin-g2-master-1000w52v20-8ah-electric-scooter-dual-motor","status":"publish","type":"product","link":"https:\/\/www.electricstore.eu\/pl\/p\/scooters\/electric-off-road-scooter\/kukirin-g2-master-1000w52v20-8ah-electric-scooter-dual-motor\/","title":{"rendered":"KuKirin G2 Master 1000 W 52 V 20,8 Ah 60 km\/h \u226470 km 10\u2033 skuter elektryczny z podw\u00f3jnym silnikiem"},"content":{"rendered":"<div class=\"product-specs-list-container\">\n<ul class=\"product-specs-list util-clearfix\">\n<li class=\"product-prop line-limit-length\"><span\n                                        class=\"property-title\">Numer modelu:&nbsp;<\/span><span\n                                        class=\"property-desc line-limit-length\">G2 Master<\/span>\n                            <\/li>\n<li class=\"product-prop line-limit-length\"><span\n                                        class=\"property-title\">Kategoria:&nbsp;<\/span><span\n                                        class=\"property-desc line-limit-length\">Hulajnoga dwuko\u0142owa<\/span>\n                            <\/li>\n<li class=\"product-prop line-limit-length\"><span\n                                        class=\"property-title\">Osoby, kt\u00f3rych to dotyczy:&nbsp;<\/span><span\n                                        class=\"property-desc line-limit-length\">Dla obu p\u0142ci<\/span>\n                            <\/li>\n<li class=\"product-prop line-limit-length\"><span\n                                        class=\"property-title\">Zasi\u0119g na jednym \u0142adowaniu:&nbsp;<\/span><span\n                                        class=\"property-desc line-limit-length\">60-80km<\/span>\n                            <\/li>\n<li class=\"product-prop line-limit-length\"><span\n                                        class=\"property-title\">Czas \u0142adowania:&nbsp;<\/span><span\n                                        class=\"property-desc line-limit-length\">6-8 godzin<\/span>\n                            <\/li>\n<li class=\"product-prop line-limit-length\"><span\n                                        class=\"property-title\">Wolta\u017c:&nbsp;<\/span><span\n                                        class=\"property-desc line-limit-length\">48V<\/span>\n                            <\/li>\n<li class=\"product-prop line-limit-length\"><span\n                                        class=\"property-title\">Fa\u0142dowy:&nbsp;<\/span><span\n                                        class=\"property-desc line-limit-length\">TAK<\/span>\n                            <\/li>\n<li class=\"product-prop line-limit-length\"><span\n                                        class=\"property-title\">Pochodzenie:&nbsp;<\/span><span\n                                        class=\"property-desc line-limit-length\">Chiny kontynentalne<\/span>\n                            <\/li>\n<li class=\"product-prop line-limit-length\"><span\n                                        class=\"property-title\">Moc (W):&nbsp;<\/span><span\n                                        class=\"property-desc line-limit-length\">501-1000 W<\/span>\n                            <\/li>\n<li class=\"product-prop line-limit-length\"><span\n                                        class=\"property-title\">Miejsce pochodzenia:&nbsp;<\/span><span\n                                        class=\"property-desc line-limit-length\">Zhejiang, Chiny<\/span>\n                            <\/li>\n<li class=\"product-prop line-limit-length\"><span\n                                        class=\"property-title\">Marka:&nbsp;<\/span><span\n                                        class=\"property-desc line-limit-length\">Kukirin<\/span>\n                            <\/li>\n<li class=\"product-prop line-limit-length\"><span\n                                        class=\"property-title\">Numer modelu:&nbsp;<\/span><span\n                                        class=\"property-desc line-limit-length\">G2 Master<\/span>\n                            <\/li>\n<li class=\"product-prop line-limit-length\"><span\n                                        class=\"property-title\">Czas \u0142adowania:&nbsp;<\/span><span\n                                        class=\"property-desc line-limit-length\">10-11 hours<\/span>\n                            <\/li>\n<li class=\"product-prop line-limit-length\"><span\n                                        class=\"property-title\">Sk\u0142adany:&nbsp;<\/span><span\n                                        class=\"property-desc line-limit-length\">Tak<\/span>\n                            <\/li>\n<li class=\"product-prop line-limit-length\"><span\n                                        class=\"property-title\">Zasi\u0119g na jednym \u0142adowaniu:&nbsp;<\/span><span\n                                        class=\"property-desc line-limit-length\">\u226470km<\/span>\n                            <\/li>\n<li class=\"product-prop line-limit-length\"><span\n                                        class=\"property-title\">Maksymalna pr\u0119dko\u015b\u0107:&nbsp;<\/span><span\n                                        class=\"property-desc line-limit-length\">60km\/h<\/span>\n                            <\/li>\n<li class=\"product-prop line-limit-length\"><span\n                                        class=\"property-title\">Kategoria:&nbsp;<\/span><span\n                                        class=\"property-desc line-limit-length\">Hulajnoga dwuko\u0142owa<\/span>\n                            <\/li>\n<li class=\"product-prop line-limit-length\"><span\n                                        class=\"property-title\">Dotyczy t\u0142umu:&nbsp;<\/span><span\n                                        class=\"property-desc line-limit-length\">Dla obu p\u0142ci<\/span>\n                            <\/li>\n<li class=\"product-prop line-limit-length\"><span\n                                        class=\"property-title\">Inteligentny typ:&nbsp;<\/span><span\n                                        class=\"property-desc line-limit-length\">Elektroniczny<\/span>\n                            <\/li>\n<li class=\"product-prop line-limit-length\"><span\n                                        class=\"property-title\">Pojemno\u015b\u0107 baterii:&nbsp;<\/span><span\n                                        class=\"property-desc line-limit-length\">20.8 Ah<\/span>\n                            <\/li>\n<li class=\"product-prop line-limit-length\"><span\n                                        class=\"property-title\">Certyfikat:&nbsp;<\/span><span\n                                        class=\"property-desc line-limit-length\"><\/span>\n                            <\/li>\n<\/ul><\/div>\n<div class=\"detailmodule_html\">\n<div class=\"detail-desc-decorate-richtext\">\n<p class=\"word-break white-space mt-10\">Opis produktu<br \/>KuKirin G2 Master Electric Scooter<br \/>Parametry produktu<br \/>Nazwa modelu<br \/>Kukirin G2 Master<br \/>54V<br \/>Silnik<br \/>1000w *2<br \/>8 godzin<br \/>Napi\u0119cie akumulatora<br \/>52V<br \/>Disc\u00a0 Brake Power-off Brake<br \/>Bateria<br \/>20.8Ah<br \/>4m<br \/>Maksymalna pr\u0119dko\u015b\u0107<br \/>60KM\/h<br \/>PROWADZONY<br \/>Zakres<br \/>&amp;lt;70KM<br \/>Soczewka\/\u015awiat\u0142a drogowe\/Klakson<br \/>Maksymalne obci\u0105\u017cenie<br \/>120 KG<br \/>IED\/\u015awiat\u0142a drogowe\/\u015awiat\u0142a hamowania<br \/>Opona<br \/>10inch Off-road pneumatic tires<br \/>IED\/Kierunkowskaz\/\u015awiat\u0142o hamowania<br \/>Szczeg\u00f3\u0142y Obrazy<\/p>\n<div><img decoding=\"async\" style=\"width:100%;height:auto\" width=\"100%\" height=\"auto\" src=\"https:\/\/ae01.alicdn.com\/kf\/S7b6702c227a94bacbbdbd9d99705029aE.jpg?width=2072&amp;height=1468&amp;hash=3540\" slate-data-type=\"image\"\/> <img decoding=\"async\" style=\"width:100%;height:auto\" width=\"100%\" height=\"auto\" src=\"https:\/\/ae01.alicdn.com\/kf\/Sac014936282742849a39418111a02640P.jpg?width=2072&amp;height=1003&amp;hash=3075\" slate-data-type=\"image\"\/> <img decoding=\"async\" style=\"width:100%;height:auto\" width=\"100%\" height=\"auto\" src=\"https:\/\/ae01.alicdn.com\/kf\/S81b54867e42e46c4bb697150de553c1eP.jpg?width=2072&amp;height=1153&amp;hash=3225\" slate-data-type=\"image\"\/> <img decoding=\"async\" style=\"width:100%;height:auto\" width=\"100%\" height=\"auto\" src=\"https:\/\/ae01.alicdn.com\/kf\/S9370d18e64d94d0dbf01cf71728e08702.jpg?width=2072&amp;height=1010&amp;hash=3082\" slate-data-type=\"image\"\/> <img decoding=\"async\" style=\"width:100%;height:auto\" width=\"100%\" height=\"auto\" src=\"https:\/\/ae01.alicdn.com\/kf\/Scb6d4c6aa92641ee85f97a26424a9a87n.jpg?width=2072&amp;height=1005&amp;hash=3077\" slate-data-type=\"image\"\/> <img decoding=\"async\" style=\"width:100%;height:auto\" width=\"100%\" height=\"auto\" src=\"https:\/\/ae01.alicdn.com\/kf\/S90a49787a63a47a5855361cec39ad4c0O.jpg?width=2072&amp;height=1374&amp;hash=3446\" slate-data-type=\"image\"\/> <img decoding=\"async\" style=\"width:100%;height:auto\" width=\"100%\" height=\"auto\" src=\"https:\/\/ae01.alicdn.com\/kf\/Sbd590b6540f048f0ab29bcec7c3335dcK.jpg?width=2072&amp;height=1096&amp;hash=3168\" slate-data-type=\"image\"\/> <img decoding=\"async\" style=\"width:100%;height:auto\" width=\"100%\" height=\"auto\" src=\"https:\/\/ae01.alicdn.com\/kf\/Sd5ac73fcc6d043a5bf35ce911ff03d35X.jpg?width=2072&amp;height=1298&amp;hash=3370\" slate-data-type=\"image\"\/> <img decoding=\"async\" style=\"width:100%;height:auto\" width=\"100%\" height=\"auto\" src=\"https:\/\/ae01.alicdn.com\/kf\/S68c0f7f4b1fe495c8b55e2b38b4d2da8D.jpg?width=2072&amp;height=793&amp;hash=2865\" slate-data-type=\"image\"\/> <img decoding=\"async\" style=\"width:100%;height:auto\" width=\"100%\" height=\"auto\" src=\"https:\/\/ae01.alicdn.com\/kf\/S882cff0dcec940b2b72d20b4c9da6a55n.jpg?width=2072&amp;height=892&amp;hash=2964\" slate-data-type=\"image\"\/> <img decoding=\"async\" style=\"width:100%;height:auto\" width=\"100%\" height=\"auto\" src=\"https:\/\/ae01.alicdn.com\/kf\/S328f973da45c489c8bbe290c9ed7c9972.jpg?width=2072&amp;height=1064&amp;hash=3136\" slate-data-type=\"image\"\/> <img decoding=\"async\" style=\"width:100%;height:auto\" width=\"100%\" height=\"auto\" src=\"https:\/\/ae01.alicdn.com\/kf\/S4fdf416b59244890804c6ed0bbef114ab.jpg?width=2072&amp;height=1048&amp;hash=3120\" slate-data-type=\"image\"\/> <img decoding=\"async\" style=\"width:100%;height:auto\" width=\"100%\" height=\"auto\" src=\"https:\/\/ae01.alicdn.com\/kf\/Sa6362e477fe94edf8348ed96aa49a6d2m.jpg?width=2072&amp;height=2109&amp;hash=4181\" slate-data-type=\"image\"\/> <img decoding=\"async\" style=\"width:100%;height:auto\" width=\"100%\" height=\"auto\" src=\"https:\/\/ae01.alicdn.com\/kf\/S0ead8fd01c384781873af20a2a769bd99.jpg?width=2072&amp;height=960&amp;hash=3032\" slate-data-type=\"image\"\/> <img decoding=\"async\" style=\"width:100%;height:auto\" width=\"100%\" height=\"auto\" src=\"https:\/\/ae01.alicdn.com\/kf\/Se40dc6f010fd4cb38cf0cb12fca459e3g.jpg?width=2072&amp;height=1764&amp;hash=3836\" slate-data-type=\"image\"\/> <img decoding=\"async\" style=\"width:100%;height:auto\" width=\"100%\" height=\"auto\" src=\"https:\/\/ae01.alicdn.com\/kf\/Sb9f8844b275742c69aa9236fdec03b837.jpg?width=2072&amp;height=1104&amp;hash=3176\" slate-data-type=\"image\"\/> <img decoding=\"async\" style=\"width:100%;height:auto\" width=\"100%\" height=\"auto\" src=\"https:\/\/ae01.alicdn.com\/kf\/S4c92a5ca745f466f84d3fcf8822319cao.jpg?width=2072&amp;height=1065&amp;hash=3137\" slate-data-type=\"image\"\/> <img decoding=\"async\" style=\"width:100%;height:auto\" width=\"100%\" height=\"auto\" src=\"https:\/\/ae01.alicdn.com\/kf\/S39118ff8dafa47d986cbe8c06a0179e8x.jpg?width=2072&amp;height=2881&amp;hash=4953\" slate-data-type=\"image\"\/> <img decoding=\"async\" style=\"width:100%;height:auto\" width=\"100%\" height=\"auto\" src=\"https:\/\/ae01.alicdn.com\/kf\/Sffa5e3e79a5d4885bb748cff7ba8f565g.jpg?width=2072&amp;height=1053&amp;hash=3125\" slate-data-type=\"image\"\/><\/div>\n<p class=\"word-break white-space mt-10\">Dlaczego warto nas wybra\u0107<\/p>\n<div><img decoding=\"async\" style=\"width:100%;height:auto\" width=\"100%\" height=\"auto\" src=\"https:\/\/ae01.alicdn.com\/kf\/S27ae9ce82ae741139944b93eba0f6f39n.jpg?width=750&amp;height=571&amp;hash=1321\" slate-data-type=\"image\"\/> <img decoding=\"async\" style=\"width:100%;height:auto\" width=\"100%\" height=\"auto\" src=\"https:\/\/ae01.alicdn.com\/kf\/Sa12f41e1baad428b8107b5af09ffa675C.jpg?width=750&amp;height=655&amp;hash=1405\" slate-data-type=\"image\"\/><\/div>\n<p class=\"word-break white-space mt-10\">Magazyn Europa<\/p>\n<div><img decoding=\"async\" style=\"width:100%;height:auto\" width=\"100%\" height=\"auto\" src=\"https:\/\/ae01.alicdn.com\/kf\/Sdc0c972ec92f4eae9c37e60a99497c47X.jpg?width=750&amp;height=1109&amp;hash=1859\" slate-data-type=\"image\"\/> <img decoding=\"async\" style=\"width:100%;height:auto\" width=\"100%\" height=\"auto\" src=\"https:\/\/ae01.alicdn.com\/kf\/Se569c5fcbb134d88a8111b73ba330050b.jpg?width=750&amp;height=709&amp;hash=1459\" slate-data-type=\"image\"\/> <img decoding=\"async\" style=\"width:100%;height:auto\" width=\"100%\" height=\"auto\" src=\"https:\/\/ae01.alicdn.com\/kf\/S0c59973d3f3549439484d6d02885f886c.jpg?width=750&amp;height=554&amp;hash=1304\" slate-data-type=\"image\"\/><\/div>\n<p class=\"word-break white-space mt-10\">Cz\u0119sto zadawane pytania<\/p>\n<div><img decoding=\"async\" style=\"width:100%;height:auto\" width=\"100%\" height=\"auto\" src=\"https:\/\/ae01.alicdn.com\/kf\/S9d4825ca785e4e648d35c4053b2760f8b.jpg?width=750&amp;height=601&amp;hash=1351\" slate-data-type=\"image\"\/><\/div>\n<p class=\"word-break white-space mt-10\">Skontaktuj si\u0119 z nami<\/p>\n<div><img decoding=\"async\" style=\"width:100%;height:auto\" width=\"100%\" height=\"auto\" src=\"https:\/\/ae01.alicdn.com\/kf\/Sd5e5db0f7b3042a491b974f77e225fa5a.jpg?width=750&amp;height=518&amp;hash=1268\" slate-data-type=\"image\"\/><\/div>\n<\/div>\n<\/div>\n<p><\/p>","protected":false},"excerpt":{"rendered":"<p>Model Number:&nbsp;G2 Master Category:&nbsp;Two-wheel Scooter Applicable People:&nbsp;Unisex Range Per Charge:&nbsp;60-80km Charging Time:&nbsp;6-8h Voltage:&nbsp;48v Folded:&nbsp;YES Origin:&nbsp;Mainland China Power (W):&nbsp;501-1000w Place of Origin:&nbsp;Zhejiang, China Brand:&nbsp;Kukirin Model Number:&nbsp;G2 Master Charging Time:&nbsp;10-11 hours Foldable:&nbsp;Yes<\/p>","protected":false},"featured_media":8478,"comment_status":"open","ping_status":"closed","template":"","meta":{"_acf_changed":false},"product_brand":[],"product_cat":[468,297],"product_tag":[],"class_list":{"0":"post-8477","1":"product","2":"type-product","3":"status-publish","4":"has-post-thumbnail","6":"product_cat-electric-off-road-scooter","7":"product_cat-scooters","9":"first","10":"instock","11":"shipping-taxable","12":"purchasable","13":"product-type-simple"},"acf":[],"_links":{"self":[{"href":"https:\/\/www.electricstore.eu\/pl\/wp-json\/wp\/v2\/product\/8477","targetHints":{"allow":["GET"]}}],"collection":[{"href":"https:\/\/www.electricstore.eu\/pl\/wp-json\/wp\/v2\/product"}],"about":[{"href":"https:\/\/www.electricstore.eu\/pl\/wp-json\/wp\/v2\/types\/product"}],"replies":[{"embeddable":true,"href":"https:\/\/www.electricstore.eu\/pl\/wp-json\/wp\/v2\/comments?post=8477"}],"wp:featuredmedia":[{"embeddable":true,"href":"https:\/\/www.electricstore.eu\/pl\/wp-json\/wp\/v2\/media\/8478"}],"wp:attachment":[{"href":"https:\/\/www.electricstore.eu\/pl\/wp-json\/wp\/v2\/media?parent=8477"}],"wp:term":[{"taxonomy":"product_brand","embeddable":true,"href":"https:\/\/www.electricstore.eu\/pl\/wp-json\/wp\/v2\/product_brand?post=8477"},{"taxonomy":"product_cat","embeddable":true,"href":"https:\/\/www.electricstore.eu\/pl\/wp-json\/wp\/v2\/product_cat?post=8477"},{"taxonomy":"product_tag","embeddable":true,"href":"https:\/\/www.electricstore.eu\/pl\/wp-json\/wp\/v2\/product_tag?post=8477"}],"curies":[{"name":"wp","href":"https:\/\/api.w.org\/{rel}","templated":true}]}}