{"id":8415,"date":"2025-05-19T20:30:44","date_gmt":"2025-05-19T20:30:44","guid":{"rendered":"https:\/\/electricstore.eu\/product\/uncategorized\/hx-x7-foldable-electric-scooter-36v-5ah\/"},"modified":"2025-05-21T05:41:29","modified_gmt":"2025-05-21T05:41:29","slug":"hx-x7-foldable-electric-scooter-36v-5ah","status":"publish","type":"product","link":"https:\/\/www.electricstore.eu\/pl\/p\/scooters\/electric-city-scooters\/hx-x7-foldable-electric-scooter-36v-5ah\/","title":{"rendered":"HX X7 350W 36V 5Ah 25km\/h 40-60km 10\u2033 sk\u0142adany skuter elektryczny"},"content":{"rendered":"<div class=\"product-specs-list-container\">\n<ul class=\"product-specs-list util-clearfix\">\n<li class=\"product-prop line-limit-length\"><span\n                                        class=\"property-title\">Rozmiar opony:&nbsp;<\/span><span\n                                        class=\"property-desc line-limit-length\">10 cali<\/span>\n                            <\/li>\n<li class=\"product-prop line-limit-length\"><span\n                                        class=\"property-title\">Numer modelu:&nbsp;<\/span><span\n                                        class=\"property-desc line-limit-length\">X7<\/span>\n                            <\/li>\n<li class=\"product-prop line-limit-length\"><span\n                                        class=\"property-title\">Kategoria:&nbsp;<\/span><span\n                                        class=\"property-desc line-limit-length\">Hulajnoga dwuko\u0142owa<\/span>\n                            <\/li>\n<li class=\"product-prop line-limit-length\"><span\n                                        class=\"property-title\">Osoby, kt\u00f3rych to dotyczy:&nbsp;<\/span><span\n                                        class=\"property-desc line-limit-length\">M\u0118\u017bCZY\u0179NI<\/span>\n                            <\/li>\n<li class=\"product-prop line-limit-length\"><span\n                                        class=\"property-title\">Zasi\u0119g na jednym \u0142adowaniu:&nbsp;<\/span><span\n                                        class=\"property-desc line-limit-length\">40-60km<\/span>\n                            <\/li>\n<li class=\"product-prop line-limit-length\"><span\n                                        class=\"property-title\">Czas \u0142adowania:&nbsp;<\/span><span\n                                        class=\"property-desc line-limit-length\">6-8 godzin<\/span>\n                            <\/li>\n<li class=\"product-prop line-limit-length\"><span\n                                        class=\"property-title\">Wolta\u017c:&nbsp;<\/span><span\n                                        class=\"property-desc line-limit-length\">36 V<\/span>\n                            <\/li>\n<li class=\"product-prop line-limit-length\"><span\n                                        class=\"property-title\">Fa\u0142dowy:&nbsp;<\/span><span\n                                        class=\"property-desc line-limit-length\">TAK<\/span>\n                            <\/li>\n<li class=\"product-prop line-limit-length\"><span\n                                        class=\"property-title\">Pochodzenie:&nbsp;<\/span><span\n                                        class=\"property-desc line-limit-length\">Chiny kontynentalne<\/span>\n                            <\/li>\n<li class=\"product-prop line-limit-length\"><span\n                                        class=\"property-title\">Moc (W):&nbsp;<\/span><span\n                                        class=\"property-desc line-limit-length\">501-1000 W<\/span>\n                            <\/li>\n<li class=\"product-prop line-limit-length\"><span\n                                        class=\"property-title\">Nazwa marki:&nbsp;<\/span><span\n                                        class=\"property-desc line-limit-length\">HUANCI<\/span>\n                            <\/li>\n<li class=\"product-prop line-limit-length\"><span\n                                        class=\"property-title\">Cechy:&nbsp;<\/span><span\n                                        class=\"property-desc line-limit-length\">mocny skuter elektryczny<\/span>\n                            <\/li>\n<li class=\"product-prop line-limit-length\"><span\n                                        class=\"property-title\">Dane techniczne:&nbsp;<\/span><span\n                                        class=\"property-desc line-limit-length\">skuter elektryczny<\/span>\n                            <\/li>\n<li class=\"product-prop line-limit-length\"><span\n                                        class=\"property-title\">Zastosowania:&nbsp;<\/span><span\n                                        class=\"property-desc line-limit-length\">deskorolki elektryczne dla doros\u0142ych<\/span>\n                            <\/li>\n<li class=\"product-prop line-limit-length\"><span\n                                        class=\"property-title\">Funkcje:&nbsp;<\/span><span\n                                        class=\"property-desc line-limit-length\">hulajnogi elektryczne<\/span>\n                            <\/li>\n<li class=\"product-prop line-limit-length\"><span\n                                        class=\"property-title\">Tworzywo:&nbsp;<\/span><span\n                                        class=\"property-desc line-limit-length\">Stop aluminium<\/span>\n                            <\/li>\n<li class=\"product-prop line-limit-length\"><span\n                                        class=\"property-title\">Zastosowania:&nbsp;<\/span><span\n                                        class=\"property-desc line-limit-length\">hulajnoga elektryczna dla doros\u0142ych<\/span>\n                            <\/li>\n<li class=\"product-prop line-limit-length\"><span\n                                        class=\"property-title\">K\u0105t nachylenia stoku:&nbsp;<\/span><span\n                                        class=\"property-desc line-limit-length\">15 stopni<\/span>\n                            <\/li>\n<li class=\"product-prop line-limit-length\"><span\n                                        class=\"property-title\">Silnik:&nbsp;<\/span><span\n                                        class=\"property-desc line-limit-length\">350W bezszczotkowy<\/span>\n                            <\/li>\n<li class=\"product-prop line-limit-length\"><span\n                                        class=\"property-title\">Nap\u0119d silnikowy:&nbsp;<\/span><span\n                                        class=\"property-desc line-limit-length\">Nap\u0119d na przednie ko\u0142a<\/span>\n                            <\/li>\n<li class=\"product-prop line-limit-length\"><span\n                                        class=\"property-title\">Spos\u00f3b sk\u0142adania:&nbsp;<\/span><span\n                                        class=\"property-desc line-limit-length\">3 sekundy szybkiego sk\u0142adania<\/span>\n                            <\/li>\n<li class=\"product-prop line-limit-length\"><span\n                                        class=\"property-title\">Stopie\u0144 wodoodporno\u015bci:&nbsp;<\/span><span\n                                        class=\"property-desc line-limit-length\">IP54<\/span>\n                            <\/li>\n<li class=\"product-prop line-limit-length\"><span\n                                        class=\"property-title\">Certyfikat:&nbsp;<\/span><span\n                                        class=\"property-desc line-limit-length\"><\/span>\n                            <\/li>\n<\/ul><\/div>\n<div class=\"detailmodule_html\">\n<div class=\"detail-desc-decorate-richtext\">\n<p><strong><span style=\"font-size:22px\">HX X7 350W sk\u0142adana hulajnoga elektryczna dla doros\u0142ych, 10-calowa, 36V, 5AH, elektryczna hulajnoga, maksymalna pr\u0119dko\u015b\u0107 25 km\/h<\/span><\/strong><\/p>\n<p><strong><span style=\"font-size:18px\">O wysy\u0142ce:<\/span><\/strong><\/p>\n<p><span style=\"font-size:18px\">Rosja\/oko\u0142o 30 dni.<\/span><\/p>\n<p><span style=\"font-size:18px\">Korea Po\u0142udniowa\/Japonia oko\u0142o 15 dni.<\/span><\/p>\n<p><span style=\"font-size:18px\">Tajlandia i Wietnam oko\u0142o 15 dni.<\/span><\/p>\n<p><span style=\"font-size:18px\">Kanada oko\u0142o 50 dni.<\/span><\/p>\n<p><span style=\"font-size:18px\">Kraje UE: 3-7 dni.<\/span><\/p>\n<p><span style=\"font-size:18px\">Meksyk oko\u0142o 50 dni.<\/span><\/p>\n<p><span style=\"font-size:18px\">Stany Zjednoczone 30-40 dni.<\/span><\/p>\n<p><strong><span style=\"font-size:18px\">Cechy:<\/span><\/strong><\/p>\n<p><span style=\"font-size:18px\">Silnik bezszczotkowy 350 W<\/span><\/p>\n<p><span style=\"font-size:18px\">Akumulator o du\u017cej mocy 36 V 5 Ah<\/span><\/p>\n<p><span style=\"font-size:18px\">Zasi\u0119g na akumulatorze do 25 km<\/span><\/p>\n<p><span style=\"font-size:18px\">3 tryby pr\u0119dko\u015bci, maksymalna pr\u0119dko\u015b\u0107 do 25 km\/h<\/span><\/p>\n<p><span style=\"font-size:18px\">K\u0105t nachylenia stoku do 15 stopni<\/span><\/p>\n<p><span style=\"font-size:18px\">10-calowa pusta opona<\/span><img fetchpriority=\"high\" decoding=\"async\" width=\"944\" height=\"708\" src=\"https:\/\/ae01.alicdn.com\/kf\/S1bd41f095d804b769add10ed0045eea1Z.jpg?width=1400&amp;height=1050&amp;hash=2450\" slate-data-type=\"image\"\/><img decoding=\"async\" src=\"https:\/\/ae01.alicdn.com\/kf\/S07cfef17a5df4668ba6b2838236fe691q.jpg?width=1400&amp;height=1050&amp;hash=2450\" slate-data-type=\"image\"\/><img decoding=\"async\" src=\"https:\/\/ae01.alicdn.com\/kf\/See8cf87f986248d8a7c8e6fdd7539f3bB.jpg?width=1400&amp;height=1050&amp;hash=2450\" slate-data-type=\"image\"\/><img decoding=\"async\" src=\"https:\/\/ae01.alicdn.com\/kf\/S29221cacd4ce45ea86094ab906ff1e524.jpg?width=1400&amp;height=1050&amp;hash=2450\" slate-data-type=\"image\"\/><img decoding=\"async\" src=\"https:\/\/ae01.alicdn.com\/kf\/Sef9012c3e93f4188a15bc83cbea52e20T.jpg?width=1400&amp;height=1050&amp;hash=2450\" slate-data-type=\"image\"\/><img decoding=\"async\" src=\"https:\/\/ae01.alicdn.com\/kf\/Sa7745e8db8b840a095b045bb5393c1567.jpg?width=1400&amp;height=1050&amp;hash=2450\" slate-data-type=\"image\"\/><img decoding=\"async\" src=\"https:\/\/ae01.alicdn.com\/kf\/S6bf41facb93641d884852e86cb446ce3n.jpg?width=1400&amp;height=1050&amp;hash=2450\" slate-data-type=\"image\"\/><img decoding=\"async\" src=\"https:\/\/ae01.alicdn.com\/kf\/S368374f34a81400992ed0411edadc518Q.jpg?width=1400&amp;height=1050&amp;hash=2450\" slate-data-type=\"image\"\/><img decoding=\"async\" src=\"https:\/\/ae01.alicdn.com\/kf\/S6b34a3b963604a7bbeeea6955ff5ad9bM.jpg?width=1400&amp;height=1050&amp;hash=2450\" slate-data-type=\"image\"\/><img decoding=\"async\" src=\"https:\/\/ae01.alicdn.com\/kf\/S68ea25433e1f4f0f86726d14dc550b7ap.jpg?width=1400&amp;height=1050&amp;hash=2450\" slate-data-type=\"image\"\/><img decoding=\"async\" src=\"https:\/\/ae01.alicdn.com\/kf\/S97095a545a7b4d21a47cbabaf6d98a9bQ.jpg?width=1400&amp;height=1050&amp;hash=2450\" slate-data-type=\"image\"\/><img decoding=\"async\" src=\"https:\/\/ae01.alicdn.com\/kf\/Se06d82b7bce441a9a39cba9df4a65f79Y.jpg?width=1400&amp;height=1050&amp;hash=2450\" slate-data-type=\"image\"\/><\/p>\n<div><\/div>\n<\/div>\n<\/div>\n<p><\/p>","protected":false},"excerpt":{"rendered":"<p>Tire Size:&nbsp;10 inch Model Number:&nbsp;X7 Category:&nbsp;Two-wheel Scooter Applicable People:&nbsp;MEN Range Per Charge:&nbsp;40-60km Charging Time:&nbsp;6-8h Voltage:&nbsp;36v Folded:&nbsp;YES Origin:&nbsp;Mainland China Power (W):&nbsp;501-1000w Brand Name:&nbsp;HUANCI Features:&nbsp;powerful electric scooter Specifications:&nbsp;scooter electric Usages:&nbsp;adult electric skateboards<\/p>","protected":false},"featured_media":8417,"comment_status":"open","ping_status":"closed","template":"","meta":{"_acf_changed":false},"product_brand":[],"product_cat":[469],"product_tag":[],"class_list":{"0":"post-8415","1":"product","2":"type-product","3":"status-publish","4":"has-post-thumbnail","6":"product_cat-electric-city-scooters","8":"first","9":"instock","10":"shipping-taxable","11":"purchasable","12":"product-type-variable"},"acf":[],"_links":{"self":[{"href":"https:\/\/www.electricstore.eu\/pl\/wp-json\/wp\/v2\/product\/8415","targetHints":{"allow":["GET"]}}],"collection":[{"href":"https:\/\/www.electricstore.eu\/pl\/wp-json\/wp\/v2\/product"}],"about":[{"href":"https:\/\/www.electricstore.eu\/pl\/wp-json\/wp\/v2\/types\/product"}],"replies":[{"embeddable":true,"href":"https:\/\/www.electricstore.eu\/pl\/wp-json\/wp\/v2\/comments?post=8415"}],"wp:featuredmedia":[{"embeddable":true,"href":"https:\/\/www.electricstore.eu\/pl\/wp-json\/wp\/v2\/media\/8417"}],"wp:attachment":[{"href":"https:\/\/www.electricstore.eu\/pl\/wp-json\/wp\/v2\/media?parent=8415"}],"wp:term":[{"taxonomy":"product_brand","embeddable":true,"href":"https:\/\/www.electricstore.eu\/pl\/wp-json\/wp\/v2\/product_brand?post=8415"},{"taxonomy":"product_cat","embeddable":true,"href":"https:\/\/www.electricstore.eu\/pl\/wp-json\/wp\/v2\/product_cat?post=8415"},{"taxonomy":"product_tag","embeddable":true,"href":"https:\/\/www.electricstore.eu\/pl\/wp-json\/wp\/v2\/product_tag?post=8415"}],"curies":[{"name":"wp","href":"https:\/\/api.w.org\/{rel}","templated":true}]}}