{"id":8411,"date":"2025-05-19T20:30:40","date_gmt":"2025-05-19T20:30:40","guid":{"rendered":"https:\/\/electricstore.eu\/product\/uncategorized\/x4-best-dual-motor-1600w-48v-17-5ah\/"},"modified":"2025-05-20T13:08:31","modified_gmt":"2025-05-20T13:08:31","slug":"x4-best-dual-motor-1600w-48v-17-5ah","status":"publish","type":"product","link":"https:\/\/www.electricstore.eu\/pl\/p\/scooters\/electric-off-road-scooter\/x4-best-dual-motor-1600w-48v-17-5ah\/","title":{"rendered":"Electrib X4 1600 W 48 V 17,5 Ah 45 km\/h 70 km 10\u2033 skuter elektryczny z podw\u00f3jnym silnikiem"},"content":{"rendered":"<div class=\"product-specs-list-container\">\n<ul class=\"product-specs-list util-clearfix\">\n<li class=\"product-prop line-limit-length\"><span\n                                        class=\"property-title\">Rozmiar opony:&nbsp;<\/span><span\n                                        class=\"property-desc line-limit-length\">10 cali<\/span>\n                            <\/li>\n<li class=\"product-prop line-limit-length\"><span\n                                        class=\"property-title\">Numer modelu:&nbsp;<\/span><span\n                                        class=\"property-desc line-limit-length\">X4<\/span>\n                            <\/li>\n<li class=\"product-prop line-limit-length\"><span\n                                        class=\"property-title\">Kategoria:&nbsp;<\/span><span\n                                        class=\"property-desc line-limit-length\">Hulajnoga dwuko\u0142owa<\/span>\n                            <\/li>\n<li class=\"product-prop line-limit-length\"><span\n                                        class=\"property-title\">Osoby, kt\u00f3rych to dotyczy:&nbsp;<\/span><span\n                                        class=\"property-desc line-limit-length\">Dla obu p\u0142ci<\/span>\n                            <\/li>\n<li class=\"product-prop line-limit-length\"><span\n                                        class=\"property-title\">Zasi\u0119g na jednym \u0142adowaniu:&nbsp;<\/span><span\n                                        class=\"property-desc line-limit-length\">40-60km<\/span>\n                            <\/li>\n<li class=\"product-prop line-limit-length\"><span\n                                        class=\"property-title\">Czas \u0142adowania:&nbsp;<\/span><span\n                                        class=\"property-desc line-limit-length\">6-8 godzin<\/span>\n                            <\/li>\n<li class=\"product-prop line-limit-length\"><span\n                                        class=\"property-title\">Wolta\u017c:&nbsp;<\/span><span\n                                        class=\"property-desc line-limit-length\">48V<\/span>\n                            <\/li>\n<li class=\"product-prop line-limit-length\"><span\n                                        class=\"property-title\">Fa\u0142dowy:&nbsp;<\/span><span\n                                        class=\"property-desc line-limit-length\">TAK<\/span>\n                            <\/li>\n<li class=\"product-prop line-limit-length\"><span\n                                        class=\"property-title\">Pochodzenie:&nbsp;<\/span><span\n                                        class=\"property-desc line-limit-length\">Chiny kontynentalne<\/span>\n                            <\/li>\n<li class=\"product-prop line-limit-length\"><span\n                                        class=\"property-title\">Moc (W):&nbsp;<\/span><span\n                                        class=\"property-desc line-limit-length\">1001-2000 W<\/span>\n                            <\/li>\n<li class=\"product-prop line-limit-length\"><span\n                                        class=\"property-title\">Miejsce pochodzenia:&nbsp;<\/span><span\n                                        class=\"property-desc line-limit-length\">Zhejiang, Chiny<\/span>\n                            <\/li>\n<li class=\"product-prop line-limit-length\"><span\n                                        class=\"property-title\">Marka:&nbsp;<\/span><span\n                                        class=\"property-desc line-limit-length\">Producent OEM<\/span>\n                            <\/li>\n<li class=\"product-prop line-limit-length\"><span\n                                        class=\"property-title\">Numer modelu:&nbsp;<\/span><span\n                                        class=\"property-desc line-limit-length\">X4<\/span>\n                            <\/li>\n<li class=\"product-prop line-limit-length\"><span\n                                        class=\"property-title\">Czas \u0142adowania:&nbsp;<\/span><span\n                                        class=\"property-desc line-limit-length\">6-8h, 6-8Godzin<\/span>\n                            <\/li>\n<li class=\"product-prop line-limit-length\"><span\n                                        class=\"property-title\">Sk\u0142adany:&nbsp;<\/span><span\n                                        class=\"property-desc line-limit-length\">Tak<\/span>\n                            <\/li>\n<li class=\"product-prop line-limit-length\"><span\n                                        class=\"property-title\">Zasi\u0119g na jednym \u0142adowaniu:&nbsp;<\/span><span\n                                        class=\"property-desc line-limit-length\">70-80km<\/span>\n                            <\/li>\n<li class=\"product-prop line-limit-length\"><span\n                                        class=\"property-title\">Maksymalna pr\u0119dko\u015b\u0107:&nbsp;<\/span><span\n                                        class=\"property-desc line-limit-length\">41-50 km\/godz.<\/span>\n                            <\/li>\n<li class=\"product-prop line-limit-length\"><span\n                                        class=\"property-title\">Kategoria:&nbsp;<\/span><span\n                                        class=\"property-desc line-limit-length\">Hulajnoga dwuko\u0142owa<\/span>\n                            <\/li>\n<li class=\"product-prop line-limit-length\"><span\n                                        class=\"property-title\">Dotyczy t\u0142umu:&nbsp;<\/span><span\n                                        class=\"property-desc line-limit-length\">Dla obu p\u0142ci<\/span>\n                            <\/li>\n<li class=\"product-prop line-limit-length\"><span\n                                        class=\"property-title\">Inteligentny typ:&nbsp;<\/span><span\n                                        class=\"property-desc line-limit-length\">Elektroniczny<\/span>\n                            <\/li>\n<li class=\"product-prop line-limit-length\"><span\n                                        class=\"property-title\">Pojemno\u015b\u0107 baterii:&nbsp;<\/span><span\n                                        class=\"property-desc line-limit-length\">10 \u2013 20Ah<\/span>\n                            <\/li>\n<li class=\"product-prop line-limit-length\"><span\n                                        class=\"property-title\">Napi\u0119cie wej\u015bciowe:&nbsp;<\/span><span\n                                        class=\"property-desc line-limit-length\">100-240 V<\/span>\n                            <\/li>\n<li class=\"product-prop line-limit-length\"><span\n                                        class=\"property-title\">Torba na akumulator do hulajnogi elektrycznej Typ:&nbsp;<\/span><span\n                                        class=\"property-desc line-limit-length\">17,5 A<\/span>\n                            <\/li>\n<li class=\"product-prop line-limit-length\"><span\n                                        class=\"property-title\">Zasi\u0119g na jednym \u0142adowaniu:&nbsp;<\/span><span\n                                        class=\"property-desc line-limit-length\">70KM<\/span>\n                            <\/li>\n<li class=\"product-prop line-limit-length\"><span\n                                        class=\"property-title\">Maksymalna \u0142adowno\u015b\u0107:&nbsp;<\/span><span\n                                        class=\"property-desc line-limit-length\">130 kg<\/span>\n                            <\/li>\n<li class=\"product-prop line-limit-length\"><span\n                                        class=\"property-title\">Wy\u015bwietlacz:&nbsp;<\/span><span\n                                        class=\"property-desc line-limit-length\">Wy\u015bwietlacz LED<\/span>\n                            <\/li>\n<li class=\"product-prop line-limit-length\"><span\n                                        class=\"property-title\">Tryby pr\u0119dko\u015bci:&nbsp;<\/span><span\n                                        class=\"property-desc line-limit-length\">3 tryby pr\u0119dko\u015bci<\/span>\n                            <\/li>\n<li class=\"product-prop line-limit-length\"><span\n                                        class=\"property-title\">Masa brutto:&nbsp;<\/span><span\n                                        class=\"property-desc line-limit-length\">29 KG<\/span>\n                            <\/li>\n<li class=\"product-prop line-limit-length\"><span\n                                        class=\"property-title\">Wielko\u015b\u0107 opakowania:&nbsp;<\/span><span\n                                        class=\"property-desc line-limit-length\">122*26*48CM<\/span>\n                            <\/li>\n<li class=\"product-prop line-limit-length\"><span\n                                        class=\"property-title\">Orzecznictwo:&nbsp;<\/span><span\n                                        class=\"property-desc line-limit-length\">to jest<\/span>\n                            <\/li>\n<li class=\"product-prop line-limit-length\"><span\n                                        class=\"property-title\">Certyfikat:&nbsp;<\/span><span\n                                        class=\"property-desc line-limit-length\"><\/span>\n                            <\/li>\n<\/ul><\/div>\n<div class=\"detailmodule_html\">\n<div class=\"detail-desc-decorate-richtext\">\n<div id=\"detail_decorate_root\">\n<div>\u00a0<\/div>\n<div>\u00a0<\/div>\n<div>\n<div>\n<table style=\"border-collapse:collapse\" class=\"has-title is-zebra hight-light-first-column all magic-1\">\n<tbody>\n<tr>\n<td rowspan=\"1\" colspan=\"1\">\n<div>Maksymalna pr\u0119dko\u015b\u0107<\/div>\n<\/td>\n<td rowspan=\"1\" colspan=\"1\">\n<div>Przebieg<\/div>\n<\/td>\n<td rowspan=\"1\" colspan=\"1\">\n<div>Bateria<\/div>\n<\/td>\n<td rowspan=\"1\" colspan=\"1\">\n<div>Napi\u0119cie wej\u015bciowe<\/div>\n<\/td>\n<td rowspan=\"1\" colspan=\"1\">\n<div>Wy\u015bwietlacz<\/div>\n<\/td>\n<\/tr>\n<tr>\n<td rowspan=\"1\" colspan=\"1\">\n<div>45km\/godz.<\/div>\n<\/td>\n<td rowspan=\"1\" colspan=\"1\">\n<div>70km<\/div>\n<\/td>\n<td rowspan=\"1\" colspan=\"1\">\n<div>17,5 A<\/div>\n<\/td>\n<td rowspan=\"1\" colspan=\"1\">\n<div>100-240 V<\/div>\n<\/td>\n<td rowspan=\"1\" colspan=\"1\">\n<div>Wy\u015bwietlacz LED<\/div>\n<\/td>\n<\/tr>\n<tr>\n<td rowspan=\"1\" colspan=\"1\">\n<div>Tryby pr\u0119dko\u015bci<\/div>\n<\/td>\n<td rowspan=\"1\" colspan=\"1\">\n<div>Materia\u0142 ramy<\/div>\n<\/td>\n<td rowspan=\"1\" colspan=\"1\">\n<div>Maksymalna \u0142adowno\u015b\u0107<\/div>\n<\/td>\n<td rowspan=\"1\" colspan=\"1\">\n<div>Masa brutto<\/div>\n<\/td>\n<td rowspan=\"1\" colspan=\"1\">\n<div>Rozmiar opakowania<\/div>\n<\/td>\n<\/tr>\n<tr>\n<td rowspan=\"1\" colspan=\"1\">\n<div>Tryb 3 pr\u0119dko\u015bci<\/div>\n<\/td>\n<td rowspan=\"1\" colspan=\"1\">\n<div>Stop aluminium<\/div>\n<\/td>\n<td rowspan=\"1\" colspan=\"1\">\n<div>130 kg<\/div>\n<\/td>\n<td rowspan=\"1\" colspan=\"1\">\n<div>29 KG<\/div>\n<\/td>\n<td rowspan=\"1\" colspan=\"1\">\n<div>122*26*48CM<\/div>\n<\/td>\n<\/tr>\n<\/tbody>\n<\/table>\n<\/div>\n<\/div>\n<div>\n<div>\n<div><img decoding=\"async\" class=\"magic-6\" src=\"https:\/\/ae01.alicdn.com\/kf\/S2e1a3bd0b109455fa16d00e72f1c544b2.jpg?width=1000&amp;height=1000&amp;hash=2000\" slate-data-type=\"image\"\/><\/div>\n<div><img decoding=\"async\" class=\"magic-6\" src=\"https:\/\/ae01.alicdn.com\/kf\/S5fa77583b0384ff98b1c7faf8137bb2f9.jpg?width=1000&amp;height=1000&amp;hash=2000\" slate-data-type=\"image\"\/><\/div>\n<div><img decoding=\"async\" class=\"magic-6\" src=\"https:\/\/ae01.alicdn.com\/kf\/S2873c9bed9ca487d8dd70ddf2f981ca8D.jpg?width=800&amp;height=800&amp;hash=1600\" slate-data-type=\"image\"\/><\/div>\n<div><img decoding=\"async\" class=\"magic-6\" src=\"https:\/\/ae01.alicdn.com\/kf\/Sd3cf4a08ab0e4ed38cc33fcf9fe73ea0O.jpg?width=800&amp;height=800&amp;hash=1600\" slate-data-type=\"image\"\/><\/div>\n<div><img decoding=\"async\" class=\"magic-6\" src=\"https:\/\/ae01.alicdn.com\/kf\/S91db3c7657314e52ab0d30c5ad820867C.jpg?width=1000&amp;height=1000&amp;hash=2000\" slate-data-type=\"image\"\/><\/div>\n<div><img decoding=\"async\" class=\"magic-6\" src=\"https:\/\/ae01.alicdn.com\/kf\/S73ec722e81084f5f9b0bde83d149b615W.jpg?width=720&amp;height=727&amp;hash=1447\" slate-data-type=\"image\"\/><\/div>\n<div><img decoding=\"async\" class=\"magic-6\" src=\"https:\/\/ae01.alicdn.com\/kf\/S3f92091c2427448aa0df1ebd80db3b75h.jpg?width=720&amp;height=720&amp;hash=1440\" slate-data-type=\"image\"\/><\/div>\n<div><img decoding=\"async\" class=\"magic-6\" src=\"https:\/\/ae01.alicdn.com\/kf\/S56f7f4d1ae7443aea0f2c4ba5e92582aY.jpg?width=800&amp;height=800&amp;hash=1600\" slate-data-type=\"image\"\/><\/div>\n<div><img decoding=\"async\" class=\"magic-6\" src=\"https:\/\/ae01.alicdn.com\/kf\/S4076d43cf25d43f58d55b64e0d2d98a7L.jpg?width=1000&amp;height=1000&amp;hash=2000\" slate-data-type=\"image\"\/><\/div>\n<div><img decoding=\"async\" class=\"magic-6\" src=\"https:\/\/ae01.alicdn.com\/kf\/Sbf836306499d4b1ebd48515c1bb4a4e1I.jpg?width=877&amp;height=609&amp;hash=1486\" slate-data-type=\"image\"\/><\/div>\n<\/div>\n<\/div>\n<div>\n<div>\n<div>\n<div>\n<div>\n<div><img decoding=\"async\" class=\"magic-9\" src=\"https:\/\/ae01.alicdn.com\/kf\/S4d6d7579fa4a48f497f8c5c6cb917f883.jpg?width=800&amp;height=1092&amp;hash=1892\" slate-data-type=\"image\"\/><\/div>\n<\/div>\n<\/div>\n<\/div>\n<\/div>\n<\/div>\n<div>\n<div>\n<div>\n<div>\n<div>\n<div><img decoding=\"async\" class=\"magic-11\" src=\"https:\/\/ae01.alicdn.com\/kf\/S3c9eabbe15644c2ab878dc329669ec16I.jpg?width=800&amp;height=1002&amp;hash=1802\" slate-data-type=\"image\"\/><\/div>\n<\/div>\n<\/div>\n<\/div>\n<\/div>\n<\/div>\n<div>\n<div>\n<div>\n<div>\n<div>\n<div><img decoding=\"async\" class=\"magic-13\" src=\"https:\/\/ae01.alicdn.com\/kf\/S2192512aec8347b79fba0cebc1745b79d.jpg?width=800&amp;height=712&amp;hash=1512\" slate-data-type=\"image\"\/><\/div>\n<\/div>\n<\/div>\n<\/div>\n<\/div>\n<\/div>\n<div>\n<div id=\"ali-anchor-AliMagic-w6s9px\">Cz\u0119sto zadawane pytania<\/div>\n<\/div>\n<div>\n<div>\n<div>\n<h3 class=\"magic-16\"><span>P1. Jakie s\u0105 warunki pakowania?<\/span><\/h3>\n<div>\n<div>\n<div><span>A: Zazwyczaj pakujemy nasze towary w kartony. Je\u015bli masz prawnie zarejestrowany patent, mo\u017cemy zapakowa\u0107 towary w Twoje firmowe pude\u0142ka<br \/>po otrzymaniu list\u00f3w autoryzacyjnych.<\/span><\/div>\n<\/div>\n<\/div>\n<\/div>\n<\/div>\n<\/div>\n<div>\n<div>\n<div>\n<h3 class=\"magic-16\"><span>P2. Jakie s\u0105 warunki p\u0142atno\u015bci?<\/span><\/h3>\n<div>\n<div>\n<div><span>A: Mo\u017cesz zap\u0142aci\u0107 z Trust Assurance, TT\/LC, a tak\u017ce akceptujemy karty kredytowe. T\/T 30% jako depozyt i 70% przed dostaw\u0105. Poka\u017cemy<br \/>prze\u015blemy Ci zdj\u0119cia produkt\u00f3w i opakowa\u0144 zanim zap\u0142acisz reszt\u0119.<\/span><\/div>\n<\/div>\n<\/div>\n<\/div>\n<\/div>\n<\/div>\n<div>\n<div>\n<div>\n<h3 class=\"magic-16\"><span>P3. Czy mo\u017cesz produkowa\u0107 na podstawie pr\u00f3bek?<\/span><\/h3>\n<div>\n<div>\n<div><span>A: Tak, mo\u017cemy produkowa\u0107 na podstawie Twoich pr\u00f3bek lub rysunk\u00f3w technicznych. Mo\u017cemy budowa\u0107 formy i urz\u0105dzenia.<\/span><\/div>\n<\/div>\n<\/div>\n<\/div>\n<\/div>\n<\/div>\n<div>\n<div>\n<div>\n<h3 class=\"magic-16\"><span>P4. Jaki jest czas dostawy?<\/span><\/h3>\n<div>\n<div>\n<div><span>A: Zazwyczaj zajmie to od 15 do 30 dni od otrzymania zaliczki. Konkretny czas dostawy zale\u017cy od przedmiot\u00f3w i<br \/>jako\u015b\u0107 Twojego zam\u00f3wienia.<\/span><\/div>\n<\/div>\n<\/div>\n<\/div>\n<\/div>\n<\/div>\n<div>\n<div>\n<div>\n<h3 class=\"magic-16\"><span>P5. Jak sprawi\u0107, by nasza wsp\u00f3\u0142praca by\u0142a d\u0142ugotrwa\u0142a i opiera\u0142a si\u0119 na dobrych relacjach?<\/span><\/h3>\n<div>\n<div>\n<div>\n<div><span>A: 1. Dbamy o dobr\u0105 jako\u015b\u0107 i konkurencyjne ceny, aby zapewni\u0107 naszym klientom korzy\u015bci.<\/span><\/div>\n<div><span>2. Szanujemy ka\u017cdego klienta jak przyjaciela, szczerze prowadzimy interesy i nawi\u0105zujemy z nim przyja\u017anie, bez wzgl\u0119du na to, sk\u0105d pochodzi.<\/span><\/div>\n<\/div>\n<\/div>\n<\/div>\n<\/div>\n<\/div>\n<\/div>\n<\/div>\n<div><\/div>\n<\/div>\n<\/div>\n<p><\/p>","protected":false},"excerpt":{"rendered":"<p>Tire Size:&nbsp;10 inch Model Number:&nbsp;X4 Category:&nbsp;Two-wheel Scooter Applicable People:&nbsp;Unisex Range Per Charge:&nbsp;40-60km Charging Time:&nbsp;6-8h Voltage:&nbsp;48v Folded:&nbsp;YES Origin:&nbsp;Mainland China Power (W):&nbsp;1001-2000w Place of Origin:&nbsp;Zhejiang, China Brand:&nbsp;OEM Model Number:&nbsp;X4 Charging Time:&nbsp;6-8h, 6-8Hours<\/p>","protected":false},"featured_media":8412,"comment_status":"open","ping_status":"closed","template":"","meta":{"_acf_changed":false},"product_brand":[],"product_cat":[468,297],"product_tag":[],"class_list":{"0":"post-8411","1":"product","2":"type-product","3":"status-publish","4":"has-post-thumbnail","6":"product_cat-electric-off-road-scooter","7":"product_cat-scooters","9":"first","10":"instock","11":"shipping-taxable","12":"purchasable","13":"product-type-simple"},"acf":[],"_links":{"self":[{"href":"https:\/\/www.electricstore.eu\/pl\/wp-json\/wp\/v2\/product\/8411","targetHints":{"allow":["GET"]}}],"collection":[{"href":"https:\/\/www.electricstore.eu\/pl\/wp-json\/wp\/v2\/product"}],"about":[{"href":"https:\/\/www.electricstore.eu\/pl\/wp-json\/wp\/v2\/types\/product"}],"replies":[{"embeddable":true,"href":"https:\/\/www.electricstore.eu\/pl\/wp-json\/wp\/v2\/comments?post=8411"}],"wp:featuredmedia":[{"embeddable":true,"href":"https:\/\/www.electricstore.eu\/pl\/wp-json\/wp\/v2\/media\/8412"}],"wp:attachment":[{"href":"https:\/\/www.electricstore.eu\/pl\/wp-json\/wp\/v2\/media?parent=8411"}],"wp:term":[{"taxonomy":"product_brand","embeddable":true,"href":"https:\/\/www.electricstore.eu\/pl\/wp-json\/wp\/v2\/product_brand?post=8411"},{"taxonomy":"product_cat","embeddable":true,"href":"https:\/\/www.electricstore.eu\/pl\/wp-json\/wp\/v2\/product_cat?post=8411"},{"taxonomy":"product_tag","embeddable":true,"href":"https:\/\/www.electricstore.eu\/pl\/wp-json\/wp\/v2\/product_tag?post=8411"}],"curies":[{"name":"wp","href":"https:\/\/api.w.org\/{rel}","templated":true}]}}