{"id":8395,"date":"2025-05-19T20:30:31","date_gmt":"2025-05-19T20:30:31","guid":{"rendered":"https:\/\/electricstore.eu\/product\/uncategorized\/humsienk-lifepo4-battery-pack-12v-100ah\/"},"modified":"2025-05-21T05:41:29","modified_gmt":"2025-05-21T05:41:29","slug":"humsienk-lifepo4-battery-pack-12v-100ah","status":"publish","type":"product","link":"https:\/\/www.electricstore.eu\/pl\/p\/batteries\/lifepo4-batteries\/100-200ah-lifepo4-batteries\/humsienk-lifepo4-battery-pack-12v-100ah\/","title":{"rendered":"Akumulator LiFePO4 Humsienk 100Ah 12V"},"content":{"rendered":"<div class=\"product-specs-list-container\">\n<ul class=\"product-specs-list util-clearfix\">\n<li class=\"product-prop line-limit-length\"><span\n                                        class=\"property-title\">Substancja chemiczna budz\u0105ca du\u017ce obawy:&nbsp;<\/span><span\n                                        class=\"property-desc line-limit-length\">Nic<\/span>\n                            <\/li>\n<li class=\"product-prop line-limit-length\"><span\n                                        class=\"property-title\">Pojemno\u015b\u0107 nominalna:&nbsp;<\/span><span\n                                        class=\"property-desc line-limit-length\">100Ah<\/span>\n                            <\/li>\n<li class=\"product-prop line-limit-length\"><span\n                                        class=\"property-title\">Waga:&nbsp;<\/span><span\n                                        class=\"property-desc line-limit-length\">23,26 funta \/ 10,55 kg<\/span>\n                            <\/li>\n<li class=\"product-prop line-limit-length\"><span\n                                        class=\"property-title\">Wolta\u017c:&nbsp;<\/span><span\n                                        class=\"property-desc line-limit-length\">12,8 V<\/span>\n                            <\/li>\n<li class=\"product-prop line-limit-length\"><span\n                                        class=\"property-title\">Rozmiar:&nbsp;<\/span><span\n                                        class=\"property-desc line-limit-length\">10,24 x 6,61 x 8,23 cala \/ 260 x 168 x 209 mm<\/span>\n                            <\/li>\n<li class=\"product-prop line-limit-length\"><span\n                                        class=\"property-title\">Aplikacja:&nbsp;<\/span><span\n                                        class=\"property-desc line-limit-length\">Magazynowanie energii w domu<\/span>\n                            <\/li>\n<li class=\"product-prop line-limit-length\"><span\n                                        class=\"property-title\">Numer modelu:&nbsp;<\/span><span\n                                        class=\"property-desc line-limit-length\">12V 100Ah<\/span>\n                            <\/li>\n<li class=\"product-prop line-limit-length\"><span\n                                        class=\"property-title\">Typ:&nbsp;<\/span><span\n                                        class=\"property-desc line-limit-length\">LiFePO4<\/span>\n                            <\/li>\n<li class=\"product-prop line-limit-length\"><span\n                                        class=\"property-title\">Nazwa marki:&nbsp;<\/span><span\n                                        class=\"property-desc line-limit-length\">Humsienk<\/span>\n                            <\/li>\n<li class=\"product-prop line-limit-length\"><span\n                                        class=\"property-title\">Pochodzenie:&nbsp;<\/span><span\n                                        class=\"property-desc line-limit-length\">Chiny kontynentalne<\/span>\n                            <\/li>\n<li class=\"product-prop line-limit-length\"><span\n                                        class=\"property-title\">Napi\u0119cie znamionowe:&nbsp;<\/span><span\n                                        class=\"property-desc line-limit-length\">Inni<\/span>\n                            <\/li>\n<li class=\"product-prop line-limit-length\"><span\n                                        class=\"property-title\">Stopie\u0144 wodoodporno\u015bci:&nbsp;<\/span><span\n                                        class=\"property-desc line-limit-length\">IP65<\/span>\n                            <\/li>\n<li class=\"product-prop line-limit-length\"><span\n                                        class=\"property-title\">Gwarancja:&nbsp;<\/span><span\n                                        class=\"property-desc line-limit-length\">5 lat<\/span>\n                            <\/li>\n<li class=\"product-prop line-limit-length\"><span\n                                        class=\"property-title\">Kom\u00f3rka:&nbsp;<\/span><span\n                                        class=\"property-desc line-limit-length\">Ogniwa LiFePO4 klasy A+<\/span>\n                            <\/li>\n<\/ul><\/div>\n<p><strong><span style=\"color:rgb(77, 77, 77);font-size:20px;font-family:arial, helvetica, sans-serif\">Wysoka wydajno\u015b\u0107: <\/span><\/strong><\/p>\n<p><span style=\"color:rgb(77, 77, 77);font-size:20px;font-family:arial, helvetica, sans-serif\">Akumulator LiFePO4 Humsienk oferuje pojemno\u015b\u0107 100 Ah i standardowe napi\u0119cie 12,8 V. Dzi\u0119ki ogniwom klasy A+ charakteryzuje si\u0119 imponuj\u0105c\u0105 \u017cywotno\u015bci\u0105 do 20 000 cykli. Certyfikaty SDS\/UN38.3\/FCC\/CE\/ROHS gwarantuj\u0105 jego jako\u015b\u0107 i bezpiecze\u0144stwo.<\/span><\/p>\n<p><\/p>\n<p><strong><span style=\"color:rgb(77, 77, 77);font-size:20px;font-family:arial, helvetica, sans-serif\">Wbudowana ochrona BMS:<\/span><\/strong><\/p>\n<p><span style=\"color:rgb(77, 77, 77);font-size:20px;font-family:arial, helvetica, sans-serif\">Ten akumulator litowy ma wbudowan\u0105 p\u0142ytk\u0119 ochronn\u0105 BMS 100A, kt\u00f3ra automatycznie roz\u0142\u0105cza si\u0119, je\u015bli pr\u0105d roz\u0142adowania przekroczy 300\u00b150A, zapewniaj\u0105c wi\u0119ksze bezpiecze\u0144stwo.<\/span><\/p>\n<p><\/p>\n<p><strong><span style=\"color:rgb(77, 77, 77);font-size:20px;font-family:arial, helvetica, sans-serif\">Kompaktowa konstrukcja: <\/span><\/strong><\/p>\n<p><span style=\"color:rgb(77, 77, 77);font-size:20px;font-family:arial, helvetica, sans-serif\">Nasz akumulator o wymiarach 10,2 \u00d7 6,6 \u00d7 8,2 cala (26 \u00d7 17 \u00d7 21 cm) i wadze 23,2 funta (10,5 kg) maksymalizuje g\u0119sto\u015b\u0107 energii przy jednoczesnym zachowaniu wydajno\u015bci. Kompaktowy kszta\u0142t oszcz\u0119dza miejsce i zapewnia elastyczno\u015b\u0107 instalacji.<\/span><\/p>\n<p><\/p>\n<p><strong><span style=\"color:rgb(77, 77, 77);font-size:20px;font-family:arial, helvetica, sans-serif\">Odporno\u015b\u0107 na temperatur\u0119: <\/span><\/strong><\/p>\n<p><span style=\"color:rgb(77, 77, 77);font-size:20px;font-family:arial, helvetica, sans-serif\">Akumulator dzia\u0142a p\u0142ynnie w temperaturach od -20\u00b0C (-4\u00b0F) do 70\u00b0C (158\u00b0F) i jest wyposa\u017cony w funkcj\u0119 automatycznego wy\u0142\u0105czania zasilania poni\u017cej -20\u00b0C (-4\u00b0F), co zapewnia dodatkow\u0105 ochron\u0119 i d\u0142u\u017csz\u0105 \u017cywotno\u015b\u0107.<\/span><\/p>\n<p><\/p>\n<p><strong><span style=\"color:rgb(77, 77, 77);font-size:20px;font-family:arial, helvetica, sans-serif\">Po\u0142\u0105czenie szeregowe lub r\u00f3wnoleg\u0142e: <\/span><\/strong><\/p>\n<p><span style=\"color:rgb(77, 77, 77);font-size:20px;font-family:arial, helvetica, sans-serif\">\u0141atwe po\u0142\u0105czenie do 4 akumulator\u00f3w szeregowo lub r\u00f3wnolegle, co pozwala uzyska\u0107 \u0142\u0105czn\u0105 pojemno\u015b\u0107 do 20,48 kWh. Dostosuj rozwi\u0105zanie zasilania do swoich potrzeb.<\/span><\/p>\n<p><\/p>\n<p><strong><span style=\"color:rgb(77, 77, 77);font-size:20px;font-family:arial, helvetica, sans-serif\">Idealne dopasowanie:<\/span><\/strong><\/p>\n<p><span style=\"color:rgb(77, 77, 77);font-size:20px;font-family:arial, helvetica, sans-serif\">Nasz akumulator LiFePO4 100Ah zosta\u0142 zaprojektowany tak, aby idealnie pasowa\u0142 do skrzynki akumulatora Grupy 24, co eliminuje potrzeb\u0119 stosowania wi\u0119kszej skrzynki i u\u0142atwia instalacj\u0119.<\/span><\/p>\n<p><\/p>\n<p><strong><span style=\"color:rgb(77, 77, 77);font-size:20px;font-family:arial, helvetica, sans-serif\">5-letnia gwarancja i wsparcie: <\/span><\/strong><\/p>\n<p><span style=\"color:rgb(77, 77, 77);font-size:20px;font-family:arial, helvetica, sans-serif\">Priorytetem jest dla nas Twoja satysfakcja. Skontaktuj si\u0119 z nami w razie pyta\u0144 lub w\u0105tpliwo\u015bci. Nasze produkty obj\u0119te s\u0105 5-letni\u0105 gwarancj\u0105, co zapewni Ci spok\u00f3j ducha.<\/span><\/p>\n<p style=\"font-family:&quot;TT Norms Pro&quot;, &quot;Open Sans&quot;, Roboto, Arial, Helvetica, sans-serif, SimSun;font-size:14px;font-weight:400;letter-spacing:normal;line-height:inherit;text-align:start;white-space:normal;color:rgb(34, 34, 34);margin:0px;margin-bottom:0px;margin-top:0px;margin-left:0px;margin-right:0px;padding:0px;padding-bottom:0px;padding-top:0px;padding-left:0px;padding-right:0px;box-sizing:border-box\" align=\"start\"><img decoding=\"async\" src=\"https:\/\/ae01.alicdn.com\/kf\/S3b6622bab01844e0924121e3a713e4ea8.jpg\" slate-data-type=\"image\"\/><img decoding=\"async\" src=\"https:\/\/ae01.alicdn.com\/kf\/Se276861c5c014f5db652d77b80308820I.jpg\" slate-data-type=\"image\"\/><img decoding=\"async\" src=\"https:\/\/ae01.alicdn.com\/kf\/S9f6e8c9325bc4db4a7947b814463ba3dm.jpg\" slate-data-type=\"image\"\/><img decoding=\"async\" src=\"https:\/\/ae01.alicdn.com\/kf\/See756a9d533c405887c6d54e059141018.jpg\" slate-data-type=\"image\"\/><img decoding=\"async\" src=\"https:\/\/ae01.alicdn.com\/kf\/S86c50d43cb6f4fa8b0a4c03f0805605bF.jpg\" slate-data-type=\"image\"\/><img decoding=\"async\" src=\"https:\/\/ae01.alicdn.com\/kf\/S74dfb4cac7b24c16805630ae37131e458.jpg\" slate-data-type=\"image\"\/><img decoding=\"async\" src=\"https:\/\/ae01.alicdn.com\/kf\/S32a87e08ad9f46929d2b701e5f64b2dfX.jpg\" slate-data-type=\"image\"\/><img decoding=\"async\" src=\"https:\/\/ae01.alicdn.com\/kf\/S5b546ce1fd314df69dd77ea09c507c968.jpg\" slate-data-type=\"image\"\/><img decoding=\"async\" src=\"https:\/\/ae01.alicdn.com\/kf\/S85ecc7bddd764db88a94e084f04a45559.jpg\" slate-data-type=\"image\"\/><\/p>","protected":false},"excerpt":{"rendered":"<p>Hign-concerned Chemical:&nbsp;None Nominal Capacity:&nbsp;100Ah Weight:&nbsp;23.26 lbs \/ 10.55 kg Voltage:&nbsp;12.8V Size:&nbsp;10.24 x 6.61 x 8.23 inches \/ 260 x 168 x 209 mm Application:&nbsp;Home Energy Storage Model Number:&nbsp;12V 100Ah Type:&nbsp;LiFePO4<\/p>","protected":false},"featured_media":8396,"comment_status":"open","ping_status":"closed","template":"","meta":{"_acf_changed":false},"product_brand":[],"product_cat":[237],"product_tag":[],"class_list":{"0":"post-8395","1":"product","2":"type-product","3":"status-publish","4":"has-post-thumbnail","6":"product_cat-100-200ah-lifepo4-batteries","8":"first","9":"instock","10":"shipping-taxable","11":"purchasable","12":"product-type-variable"},"acf":[],"_links":{"self":[{"href":"https:\/\/www.electricstore.eu\/pl\/wp-json\/wp\/v2\/product\/8395","targetHints":{"allow":["GET"]}}],"collection":[{"href":"https:\/\/www.electricstore.eu\/pl\/wp-json\/wp\/v2\/product"}],"about":[{"href":"https:\/\/www.electricstore.eu\/pl\/wp-json\/wp\/v2\/types\/product"}],"replies":[{"embeddable":true,"href":"https:\/\/www.electricstore.eu\/pl\/wp-json\/wp\/v2\/comments?post=8395"}],"wp:featuredmedia":[{"embeddable":true,"href":"https:\/\/www.electricstore.eu\/pl\/wp-json\/wp\/v2\/media\/8396"}],"wp:attachment":[{"href":"https:\/\/www.electricstore.eu\/pl\/wp-json\/wp\/v2\/media?parent=8395"}],"wp:term":[{"taxonomy":"product_brand","embeddable":true,"href":"https:\/\/www.electricstore.eu\/pl\/wp-json\/wp\/v2\/product_brand?post=8395"},{"taxonomy":"product_cat","embeddable":true,"href":"https:\/\/www.electricstore.eu\/pl\/wp-json\/wp\/v2\/product_cat?post=8395"},{"taxonomy":"product_tag","embeddable":true,"href":"https:\/\/www.electricstore.eu\/pl\/wp-json\/wp\/v2\/product_tag?post=8395"}],"curies":[{"name":"wp","href":"https:\/\/api.w.org\/{rel}","templated":true}]}}