{"id":8308,"date":"2025-05-19T20:29:53","date_gmt":"2025-05-19T20:29:53","guid":{"rendered":"https:\/\/electricstore.eu\/product\/uncategorized\/gaiary-grade-a-3-2v-304ah-battery-lifepo4\/"},"modified":"2025-05-21T05:39:59","modified_gmt":"2025-05-21T05:39:59","slug":"gaiary-grade-a-3-2v-304ah-battery-lifepo4","status":"publish","type":"product","link":"https:\/\/www.electricstore.eu\/pl\/p\/batteries\/lifepo4-batteries\/lifepo4-battery-cells\/gaiary-grade-a-3-2v-304ah-battery-lifepo4\/","title":{"rendered":"Ogniwa baterii GaiaRay LF304 304Ah 3,2 V LiFePO4"},"content":{"rendered":"<div class=\"product-specs-list-container\">\n<ul class=\"product-specs-list util-clearfix\">\n<li class=\"product-prop line-limit-length\"><span\n                                        class=\"property-title\">Substancja chemiczna budz\u0105ca du\u017ce obawy:&nbsp;<\/span><span\n                                        class=\"property-desc line-limit-length\">Nic<\/span>\n                            <\/li>\n<li class=\"product-prop line-limit-length\"><span\n                                        class=\"property-title\">Pojemno\u015b\u0107 nominalna:&nbsp;<\/span><span\n                                        class=\"property-desc line-limit-length\">320AH<\/span>\n                            <\/li>\n<li class=\"product-prop line-limit-length\"><span\n                                        class=\"property-title\">Waga:&nbsp;<\/span><span\n                                        class=\"property-desc line-limit-length\">5.5KG<\/span>\n                            <\/li>\n<li class=\"product-prop line-limit-length\"><span\n                                        class=\"property-title\">Wolta\u017c:&nbsp;<\/span><span\n                                        class=\"property-desc line-limit-length\">3,2 V<\/span>\n                            <\/li>\n<li class=\"product-prop line-limit-length\"><span\n                                        class=\"property-title\">Rozmiar:&nbsp;<\/span><span\n                                        class=\"property-desc line-limit-length\">81*175*200mm<\/span>\n                            <\/li>\n<li class=\"product-prop line-limit-length\"><span\n                                        class=\"property-title\">Numer modelu:&nbsp;<\/span><span\n                                        class=\"property-desc line-limit-length\">LF304<\/span>\n                            <\/li>\n<li class=\"product-prop line-limit-length\"><span\n                                        class=\"property-title\">Typ:&nbsp;<\/span><span\n                                        class=\"property-desc line-limit-length\">LiFePO4<\/span>\n                            <\/li>\n<li class=\"product-prop line-limit-length\"><span\n                                        class=\"property-title\">Nazwa marki:&nbsp;<\/span><span\n                                        class=\"property-desc line-limit-length\">GaiaRay<\/span>\n                            <\/li>\n<li class=\"product-prop line-limit-length\"><span\n                                        class=\"property-title\">Pochodzenie:&nbsp;<\/span><span\n                                        class=\"property-desc line-limit-length\">Chiny kontynentalne<\/span>\n                            <\/li>\n<li class=\"product-prop line-limit-length\"><span\n                                        class=\"property-title\">Napi\u0119cie znamionowe:&nbsp;<\/span><span\n                                        class=\"property-desc line-limit-length\">Inni<\/span>\n                            <\/li>\n<li class=\"product-prop line-limit-length\"><span\n                                        class=\"property-title\">Pojemno\u015b\u0107 nominalna:&nbsp;<\/span><span\n                                        class=\"property-desc line-limit-length\">304AH<\/span>\n                            <\/li>\n<li class=\"product-prop line-limit-length\"><span\n                                        class=\"property-title\">Waga:&nbsp;<\/span><span\n                                        class=\"property-desc line-limit-length\">5.5KG<\/span>\n                            <\/li>\n<li class=\"product-prop line-limit-length\"><span\n                                        class=\"property-title\">Wymiar:&nbsp;<\/span><span\n                                        class=\"property-desc line-limit-length\">81*175*200mm<\/span>\n                            <\/li>\n<li class=\"product-prop line-limit-length\"><span\n                                        class=\"property-title\">Napi\u0119cie odci\u0119cia \u0142adowania\/roz\u0142adowania::&nbsp;<\/span><span\n                                        class=\"property-desc line-limit-length\">3,65 V\/2,5 V<\/span>\n                            <\/li>\n<li class=\"product-prop line-limit-length\"><span\n                                        class=\"property-title\">Rozmiar \u015bruby:&nbsp;<\/span><span\n                                        class=\"property-desc line-limit-length\">M6<\/span>\n                            <\/li>\n<li class=\"product-prop line-limit-length\"><span\n                                        class=\"property-title\">Cykl \u017cycia:&nbsp;<\/span><span\n                                        class=\"property-desc line-limit-length\">8000 Cycle<\/span>\n                            <\/li>\n<li class=\"product-prop line-limit-length\"><span\n                                        class=\"property-title\">Pasuje do systemu:&nbsp;<\/span><span\n                                        class=\"property-desc line-limit-length\">12V 24V 48V 72V 96V 108V System magazynowania energii s\u0142onecznej<\/span>\n                            <\/li>\n<li class=\"product-prop line-limit-length\"><span\n                                        class=\"property-title\">Aplikacja:&nbsp;<\/span><span\n                                        class=\"property-desc line-limit-length\">Kampery Kampery \u0141odzie elektryczne Jachty W\u00f3zki golfowe W\u00f3zki wid\u0142owe Akumulatory s\u0142oneczne<\/span>\n                            <\/li>\n<\/ul><\/div>\n<div class=\"detailmodule_text\">\n<p style=\"text-align:center;color:rgb(144, 19, 254);display:block;width:100%\" align=\"center\"><span style=\"font-size:28px\">[Description]<\/span><\/p>\n<p><span style=\"font-size:20px\"><strong>Opis produktu<br \/>Apexium REPT 304AH lifepo4 Battery Pack<br \/>Actual capacity 304AH<br \/>Nominal voltage 3.2V<br \/>High life expectancy 8000 cycles<br \/>Maximum charging voltage 3.65 V<br \/>AC resistance 0.25 mOhm<br \/>Charging temperature -5-60 \u00b0C<br \/>Weight 5.7kg<br \/>Dimension 207*174*72 mm<\/strong><\/span><\/p>\n<\/div>\n<div class=\"detailmodule_image\"><img decoding=\"async\" src=\"https:\/\/ae01.alicdn.com\/kf\/S370497360d374b5a8d429bc1590c1568o.jpg\" slate-data-type=\"image\"\/><img decoding=\"async\" src=\"https:\/\/ae01.alicdn.com\/kf\/S8805556a88ef4954ae6bf43618f4d9f68.jpg\" slate-data-type=\"image\"\/><\/div>\n<div class=\"detailmodule_text\">\n<p><span style=\"background-color:rgb(255, 255, 255);color:rgb(0, 0, 0);font-size:15px;font-family:&quot;TT Norms Pro&quot;, &quot;Open Sans&quot;, Roboto, Arial, Helvetica, sans-serif, SimSun\">Gaiary Grade A 3.2V 304AH Battery LiFePO4 Lithium Iron Phospha For 12V 24V 4S E-scooter RV Solar Energy Storage System<\/span><\/p>\n<p style=\"font-family:OpenSans;font-size:14px;font-weight:300;line-height:20px;text-align:left;white-space:pre-wrap;color:rgb(0, 0, 0);margin-bottom:12px\" class=\"detail-desc-decorate-content\" align=\"left\"><span style=\"font-size:28px\"><strong>Posiadamy magazyny w Polsce i na Ukrainie w Europie. Kraje europejskie mog\u0105 dotrze\u0107 w ci\u0105gu 3-7 dni.<\/strong><\/span><\/p>\n<\/div>\n<div class=\"detailmodule_text\">\n<p style=\"font-family:OpenSans;font-size:14px;font-weight:300;line-height:20px;text-align:left;white-space:pre-wrap;color:rgb(0, 0, 0);margin-bottom:12px\" class=\"detail-desc-decorate-content\" align=\"left\"><span style=\"font-size:28px\"><strong>Wybierz wysy\u0142k\u0119 z Chin bez p\u0142acenia podatk\u00f3w<\/strong><\/span><\/p>\n<\/div>\n<div class=\"detailmodule_text\">\n<p style=\"font-family:OpenSans;font-size:14px;font-weight:300;line-height:20px;text-align:left;white-space:pre-wrap;color:rgb(0, 0, 0);margin-bottom:12px\" class=\"detail-desc-decorate-content\" align=\"left\"><span style=\"font-size:28px\"><strong>Czas dostawy<\/strong><\/span><\/p>\n<\/div>\n<div class=\"detailmodule_text\">\n<p style=\"font-family:OpenSans;font-size:14px;font-weight:300;line-height:20px;text-align:left;white-space:pre-wrap;color:rgb(0, 0, 0);margin-bottom:12px\" class=\"detail-desc-decorate-content\" align=\"left\"><span style=\"font-size:28px\"><strong>Z Chin do Europy: 50-60 dni<\/strong><\/span><\/p>\n<\/div>\n<div class=\"detailmodule_text\">\n<p style=\"font-family:OpenSans;font-size:14px;font-weight:300;line-height:20px;text-align:left;white-space:pre-wrap;color:rgb(0, 0, 0);margin-bottom:12px\" class=\"detail-desc-decorate-content\" align=\"left\"><span style=\"font-size:28px\"><strong>Japonia: 7-15 dni<\/strong><\/span><\/p>\n<\/div>\n<div class=\"detailmodule_text\">\n<p style=\"font-family:OpenSans;font-size:14px;font-weight:300;line-height:20px;text-align:left;white-space:pre-wrap;color:rgb(0, 0, 0);margin-bottom:12px\" class=\"detail-desc-decorate-content\" align=\"left\"><span style=\"font-size:28px\"><strong>Korea: 7-15 dni<\/strong><\/span><\/p>\n<\/div>\n<div class=\"detailmodule_text\">\n<p style=\"font-family:OpenSans;font-size:14px;font-weight:300;line-height:20px;text-align:left;white-space:pre-wrap;color:rgb(0, 0, 0);margin-bottom:12px\" class=\"detail-desc-decorate-content\" align=\"left\"><span style=\"font-size:28px\"><strong>Rosja: 40-50 dni<\/strong><\/span><\/p>\n<\/div>\n<div class=\"detailmodule_text\">\n<p style=\"font-family:OpenSans;font-size:14px;font-weight:300;line-height:20px;text-align:left;white-space:pre-wrap;color:rgb(0, 0, 0);margin-bottom:12px\" class=\"detail-desc-decorate-content\" align=\"left\"><span style=\"font-size:28px\"><strong>USA: 50-60 dni<\/strong><\/span><\/p>\n<\/div>\n<div class=\"detailmodule_text\">\n<p style=\"font-family:OpenSans;font-size:14px;font-weight:300;line-height:20px;text-align:left;white-space:pre-wrap;color:rgb(0, 0, 0);margin-bottom:12px\" class=\"detail-desc-decorate-content\" align=\"left\"><span style=\"font-size:28px\"><strong>Kanada Kanada: 50-60 dni<\/strong><\/span><\/p>\n<\/div>\n<div class=\"detailmodule_text\">\n<p style=\"font-family:OpenSans;font-size:14px;font-weight:300;line-height:20px;text-align:left;white-space:pre-wrap;color:rgb(0, 0, 0);margin-bottom:12px\" class=\"detail-desc-decorate-content\" align=\"left\"><span style=\"font-size:28px\"><strong>Australia: 50-60 dni<\/strong><\/span><\/p>\n<\/div>\n<div class=\"detailmodule_text\">\n<p style=\"font-family:OpenSans;font-size:14px;font-weight:300;line-height:20px;text-align:left;white-space:pre-wrap;color:rgb(0, 0, 0);margin-bottom:12px\" class=\"detail-desc-decorate-content\" align=\"left\"><span style=\"font-size:28px\"><strong>Ukraina: 60-70 dni<\/strong><\/span><\/p>\n<\/div>\n<div class=\"detailmodule_text\">\n<p style=\"font-family:OpenSans;font-size:14px;font-weight:300;line-height:20px;text-align:left;white-space:pre-wrap;color:rgb(0, 0, 0);margin-bottom:12px\" class=\"detail-desc-decorate-content\" align=\"left\"><span style=\"font-size:28px\"><strong>Ciep\u0142e wskaz\u00f3wki: Ukraina wybiera transport lotniczy, aby dotrze\u0107 na miejsce 7-15 dni!<\/strong><\/span><\/p>\n<\/div>\n<div style=\"text-align:left\" class=\"detailmodule_image\" align=\"left\"><img decoding=\"async\" class=\"detail-desc-decorate-image\" src=\"https:\/\/ae01.alicdn.com\/kf\/S2c55404059a1490896241d537b7f052ar.jpg\" slate-data-type=\"image\"\/><\/div>\n<div class=\"detailmodule_text\">\n<div style=\"text-align:center\" class=\"detailmodule_image\" align=\"center\"><span style=\"color:rgb(123, 100, 255);font-size:32px\"><strong>[About the problem]<\/strong><\/span><\/div>\n<div style=\"text-align:left\" class=\"detailmodule_image\" align=\"left\"><span style=\"font-size:26px\">Q: Why did I only receive the accessories and not the battery.<br \/>Da\uff1aDear buyer, according to the regulations of Speedway, the goods of Ukraine can only be sent from online logistics, but online logistics can&#x27;t send the batteries.<\/span><\/div>\n<\/div>\n<div class=\"detailmodule_text\">\n<div style=\"text-align:left\" class=\"detailmodule_image\" align=\"left\"><span style=\"font-size:26px\">Applications Electric power system, household appliances, electric cars, golf carts, electric scooters, electric bicycles, used cars,tc.<\/span><\/div>\n<\/div>\n<div class=\"detailmodule_image\"><img decoding=\"async\" src=\"https:\/\/ae01.alicdn.com\/kf\/S1b9b0e604c3e438099cd3cb2608387e4Y.jpg\" slate-data-type=\"image\"\/><\/div>\n<div class=\"detailmodule_image\"><img decoding=\"async\" src=\"https:\/\/ae01.alicdn.com\/kf\/Sd013774921e845a4b4586bfc5e71f676I.jpg\" slate-data-type=\"image\"\/><img decoding=\"async\" src=\"https:\/\/ae01.alicdn.com\/kf\/Sc9417420b8e94213b2f41ff6e6703b03P.jpg\" slate-data-type=\"image\"\/><img decoding=\"async\" src=\"https:\/\/ae01.alicdn.com\/kf\/Sa648b86cce8c4478932ea9b7f3c62574S.jpg\" slate-data-type=\"image\"\/><img decoding=\"async\" src=\"https:\/\/ae01.alicdn.com\/kf\/S8389378a10f1400797c2c9d09176babff.jpg\" slate-data-type=\"image\"\/><img decoding=\"async\" src=\"https:\/\/ae01.alicdn.com\/kf\/Sf1e1fc0d53664845ae05fbd93a369acd2.jpg\" slate-data-type=\"image\"\/><\/div>\n<div style=\"text-align:center\" class=\"detailmodule_image\" align=\"center\"><img decoding=\"async\" style=\"margin-bottom:10px\" class=\"detail-desc-decorate-image\" src=\"https:\/\/ae01.alicdn.com\/kf\/S3f16c1c71264487ca375043e8f58b075d.jpg\" slate-data-type=\"image\"\/><span style=\"color:rgb(123, 100, 255);font-size:32px\">&lt;Application&gt;<\/span><\/div>\n<div><span style=\"font-size:28px\"><strong>\u2022 RV power supply<\/strong><\/span><\/div>\n<div><span style=\"font-size:28px\"><strong>\u2022 Offshore power supply<\/strong><\/span><\/div>\n<div><span style=\"font-size:28px\"><strong>\u2022 Household energy storage<\/strong><\/span><\/div>\n<div><span style=\"font-size:28px\"><strong>\u2022 Backup power supply<\/strong><\/span><\/div>\n<div><span style=\"font-size:28px\"><strong>\u2022 Outdoor power supply<\/strong><\/span><\/div>\n<div><span style=\"font-size:28px\"><strong>\u2022 Forklift power supply<\/strong><\/span><\/div>\n<div><img decoding=\"async\" src=\"https:\/\/ae01.alicdn.com\/kf\/S3bd9415f10ea4faab1a0d7813692f4d6P.jpg\" slate-data-type=\"image\"\/><\/div>\n<div class=\"detailmodule_image\"><img decoding=\"async\" style=\"margin-bottom:10px\" class=\"detail-desc-decorate-image\" src=\"https:\/\/ae01.alicdn.com\/kf\/Sb54e82fbf2e440edb64e7e7821f2fe89h.png\" slate-data-type=\"image\"\/><\/div>\n<p><img decoding=\"async\" src=\"https:\/\/ae01.alicdn.com\/kf\/S3af62ed51a6c4c9aaf6b1a74f942731d7.jpg\" slate-data-type=\"image\"\/><img decoding=\"async\" src=\"https:\/\/ae01.alicdn.com\/kf\/Sa525f81f13fa45d5a4d28e743ba1abd0r.jpg\" slate-data-type=\"image\"\/><img decoding=\"async\" src=\"https:\/\/ae01.alicdn.com\/kf\/Sd38090f9a3a04d9cbe8750c62a40b127u.jpg\" slate-data-type=\"image\"\/><\/p>\n<div class=\"detailmodule_image\"><\/div>\n<p><\/p>\n<div class=\"detailmodule_image\"><img decoding=\"async\" style=\"margin-bottom:10px\" class=\"detail-desc-decorate-image\" src=\"https:\/\/ae01.alicdn.com\/kf\/Sc1f01b78a31c4945a44765c40f701120P.jpg\" slate-data-type=\"image\"\/><\/div>\n<div class=\"detailmodule_image\"><img decoding=\"async\" style=\"margin-bottom:10px\" class=\"detail-desc-decorate-image\" src=\"https:\/\/ae01.alicdn.com\/kf\/S2fd873fa2d0647c38d6b0b7c2e150b78d.jpg\" slate-data-type=\"image\"\/><\/div>\n<p><\/p>","protected":false},"excerpt":{"rendered":"<p>Hign-concerned Chemical:&nbsp;None Nominal Capacity:&nbsp;320AH Weight:&nbsp;5.5KG Voltage:&nbsp;3.2v Size:&nbsp;81*175*200mm Model Number:&nbsp;LF304 Type:&nbsp;LiFePO4 Brand Name:&nbsp;GaiaRay Origin:&nbsp;Mainland China Rated Voltage:&nbsp;Others Nominal Capacity:&nbsp;304AH Weight:&nbsp;5.5KG Dimension:&nbsp;81*175*200mm Charge\/discharge cut-off voltage::&nbsp;3.65 V\/2.5 V Screw Size:&nbsp;M6 Cycle life:&nbsp;8000 Cycle<\/p>","protected":false},"featured_media":8309,"comment_status":"open","ping_status":"closed","template":"","meta":{"_acf_changed":false},"product_brand":[],"product_cat":[235],"product_tag":[],"class_list":{"0":"post-8308","1":"product","2":"type-product","3":"status-publish","4":"has-post-thumbnail","6":"product_cat-lifepo4-battery-cells","8":"first","9":"instock","10":"shipping-taxable","11":"purchasable","12":"product-type-variable"},"acf":[],"_links":{"self":[{"href":"https:\/\/www.electricstore.eu\/pl\/wp-json\/wp\/v2\/product\/8308","targetHints":{"allow":["GET"]}}],"collection":[{"href":"https:\/\/www.electricstore.eu\/pl\/wp-json\/wp\/v2\/product"}],"about":[{"href":"https:\/\/www.electricstore.eu\/pl\/wp-json\/wp\/v2\/types\/product"}],"replies":[{"embeddable":true,"href":"https:\/\/www.electricstore.eu\/pl\/wp-json\/wp\/v2\/comments?post=8308"}],"wp:featuredmedia":[{"embeddable":true,"href":"https:\/\/www.electricstore.eu\/pl\/wp-json\/wp\/v2\/media\/8309"}],"wp:attachment":[{"href":"https:\/\/www.electricstore.eu\/pl\/wp-json\/wp\/v2\/media?parent=8308"}],"wp:term":[{"taxonomy":"product_brand","embeddable":true,"href":"https:\/\/www.electricstore.eu\/pl\/wp-json\/wp\/v2\/product_brand?post=8308"},{"taxonomy":"product_cat","embeddable":true,"href":"https:\/\/www.electricstore.eu\/pl\/wp-json\/wp\/v2\/product_cat?post=8308"},{"taxonomy":"product_tag","embeddable":true,"href":"https:\/\/www.electricstore.eu\/pl\/wp-json\/wp\/v2\/product_tag?post=8308"}],"curies":[{"name":"wp","href":"https:\/\/api.w.org\/{rel}","templated":true}]}}