{"id":7723,"date":"2025-05-15T19:52:37","date_gmt":"2025-05-15T19:52:37","guid":{"rendered":"https:\/\/electricstore.eu\/product\/electric-mobility-scooter\/"},"modified":"2025-05-21T05:40:10","modified_gmt":"2025-05-21T05:40:10","slug":"electric-mobility-scooter","status":"publish","type":"product","link":"https:\/\/www.electricstore.eu\/pl\/p\/electric-mobility-scooters\/electric-mobility-scooter\/","title":{"rendered":"ZHANGU DH0305 500W 36V 10,5Ah &lt;30km\/h 40-60km 10-calowy skuter elektryczny czteroko\u0142owy"},"content":{"rendered":"<div class=\"product-specs-list-container\">\n<ul class=\"product-specs-list util-clearfix\">\n<li class=\"product-prop line-limit-length\"><span\n                                        class=\"property-title\">Kategoria:&nbsp;<\/span><span\n                                        class=\"property-desc line-limit-length\">Skuter czteroko\u0142owy<\/span>\n                            <\/li>\n<li class=\"product-prop line-limit-length\"><span\n                                        class=\"property-title\">Osoby, kt\u00f3rych to dotyczy:&nbsp;<\/span><span\n                                        class=\"property-desc line-limit-length\">Dla obu p\u0142ci<\/span>\n                            <\/li>\n<li class=\"product-prop line-limit-length\"><span\n                                        class=\"property-title\">Zasi\u0119g na jednym \u0142adowaniu:&nbsp;<\/span><span\n                                        class=\"property-desc line-limit-length\">40-60km<\/span>\n                            <\/li>\n<li class=\"product-prop line-limit-length\"><span\n                                        class=\"property-title\">Czas \u0142adowania:&nbsp;<\/span><span\n                                        class=\"property-desc line-limit-length\">1-2 godz.<\/span>\n                            <\/li>\n<li class=\"product-prop line-limit-length\"><span\n                                        class=\"property-title\">Wolta\u017c:&nbsp;<\/span><span\n                                        class=\"property-desc line-limit-length\">36V<\/span>\n                            <\/li>\n<li class=\"product-prop line-limit-length\"><span\n                                        class=\"property-title\">Fa\u0142dowy:&nbsp;<\/span><span\n                                        class=\"property-desc line-limit-length\">NIE<\/span>\n                            <\/li>\n<li class=\"product-prop line-limit-length\"><span\n                                        class=\"property-title\">Pochodzenie:&nbsp;<\/span><span\n                                        class=\"property-desc line-limit-length\">Chiny kontynentalne<\/span>\n                            <\/li>\n<li class=\"product-prop line-limit-length\"><span\n                                        class=\"property-title\">Moc (W):&nbsp;<\/span><span\n                                        class=\"property-desc line-limit-length\">201-500 W<\/span>\n                            <\/li>\n<li class=\"product-prop line-limit-length\"><span\n                                        class=\"property-title\">Nazwa marki:&nbsp;<\/span><span\n                                        class=\"property-desc line-limit-length\">ZHANGU<\/span>\n                            <\/li>\n<li class=\"product-prop line-limit-length\"><span\n                                        class=\"property-title\">Miejsce pochodzenia:&nbsp;<\/span><span\n                                        class=\"property-desc line-limit-length\">Zhejiang, Chiny<\/span>\n                            <\/li>\n<li class=\"product-prop line-limit-length\"><span\n                                        class=\"property-title\">Numer modelu:&nbsp;<\/span><span\n                                        class=\"property-desc line-limit-length\">DH0305<\/span>\n                            <\/li>\n<li class=\"product-prop line-limit-length\"><span\n                                        class=\"property-title\">Ko\u0142a z\u0119bate:&nbsp;<\/span><span\n                                        class=\"property-desc line-limit-length\">3 pr\u0119dko\u015bci<\/span>\n                            <\/li>\n<li class=\"product-prop line-limit-length\"><span\n                                        class=\"property-title\">Zasi\u0119g na moc:&nbsp;<\/span><span\n                                        class=\"property-desc line-limit-length\">31 \u2013 60 kilometr\u00f3w<\/span>\n                            <\/li>\n<li class=\"product-prop line-limit-length\"><span\n                                        class=\"property-title\">Materia\u0142 ramy:&nbsp;<\/span><span\n                                        class=\"property-desc line-limit-length\">Stal<\/span>\n                            <\/li>\n<li class=\"product-prop line-limit-length\"><span\n                                        class=\"property-title\">Rozmiar ko\u0142a:&nbsp;<\/span><span\n                                        class=\"property-desc line-limit-length\">10 cali<\/span>\n                            <\/li>\n<li class=\"product-prop line-limit-length\"><span\n                                        class=\"property-title\">Maksymalna pr\u0119dko\u015b\u0107:&nbsp;<\/span><span\n                                        class=\"property-desc line-limit-length\">&lt;30 km\/h<\/span>\n                            <\/li>\n<li class=\"product-prop line-limit-length\"><span\n                                        class=\"property-title\">Zasilanie:&nbsp;<\/span><span\n                                        class=\"property-desc line-limit-length\">bateria litowa<\/span>\n                            <\/li>\n<li class=\"product-prop line-limit-length\"><span\n                                        class=\"property-title\">Uk\u0142ad hamulcowy:&nbsp;<\/span><span\n                                        class=\"property-desc line-limit-length\">Hamulec tarczowy<\/span>\n                            <\/li>\n<li class=\"product-prop line-limit-length\"><span\n                                        class=\"property-title\">Moment obrotowy:&nbsp;<\/span><span\n                                        class=\"property-desc line-limit-length\">30-50 Nm<\/span>\n                            <\/li>\n<li class=\"product-prop line-limit-length\"><span\n                                        class=\"property-title\">Czas \u0142adowania:&nbsp;<\/span><span\n                                        class=\"property-desc line-limit-length\">&gt;3 godziny<\/span>\n                            <\/li>\n<li class=\"product-prop line-limit-length\"><span\n                                        class=\"property-title\">Pozycja silnika:&nbsp;<\/span><span\n                                        class=\"property-desc line-limit-length\">Silnik piasty tylnej<\/span>\n                            <\/li>\n<li class=\"product-prop line-limit-length\"><span\n                                        class=\"property-title\">Pozycja baterii:&nbsp;<\/span><span\n                                        class=\"property-desc line-limit-length\">Zintegrowana bateria<\/span>\n                            <\/li>\n<li class=\"product-prop line-limit-length\"><span\n                                        class=\"property-title\">Pojemno\u015b\u0107 baterii:&nbsp;<\/span><span\n                                        class=\"property-desc line-limit-length\">10,5 Ah<\/span>\n                            <\/li>\n<li class=\"product-prop line-limit-length\"><span\n                                        class=\"property-title\">Nazwa produktu:&nbsp;<\/span><span\n                                        class=\"property-desc line-limit-length\">Motocykl elektryczny<\/span>\n                            <\/li>\n<li class=\"product-prop line-limit-length\"><span\n                                        class=\"property-title\">Moc silnika:&nbsp;<\/span><span\n                                        class=\"property-desc line-limit-length\">Podw\u00f3jny silnik tylny 250 W<\/span>\n                            <\/li>\n<li class=\"product-prop line-limit-length\"><span\n                                        class=\"property-title\">Bateria:&nbsp;<\/span><span\n                                        class=\"property-desc line-limit-length\">36V10.4AH do 36V45AH<\/span>\n                            <\/li>\n<li class=\"product-prop line-limit-length\"><span\n                                        class=\"property-title\">Silnik:&nbsp;<\/span><span\n                                        class=\"property-desc line-limit-length\">Bezszczotkowy<\/span>\n                            <\/li>\n<li class=\"product-prop line-limit-length\"><span\n                                        class=\"property-title\">Maksymalne obci\u0105\u017cenie:&nbsp;<\/span><span\n                                        class=\"property-desc line-limit-length\">120kg<\/span>\n                            <\/li>\n<li class=\"product-prop line-limit-length\"><span\n                                        class=\"property-title\">Zakres:&nbsp;<\/span><span\n                                        class=\"property-desc line-limit-length\">25 km<\/span>\n                            <\/li>\n<li class=\"product-prop line-limit-length\"><span\n                                        class=\"property-title\">Kontroler:&nbsp;<\/span><span\n                                        class=\"property-desc line-limit-length\">Inteligentny kontroler<\/span>\n                            <\/li>\n<li class=\"product-prop line-limit-length\"><span\n                                        class=\"property-title\">Tworzywo:&nbsp;<\/span><span\n                                        class=\"property-desc line-limit-length\">Stal o wysokiej wytrzyma\u0142o\u015bci na rozci\u0105ganie<\/span>\n                            <\/li>\n<li class=\"product-prop line-limit-length\"><span\n                                        class=\"property-title\">Orzecznictwo:&nbsp;<\/span><span\n                                        class=\"property-desc line-limit-length\">to jest<\/span>\n                            <\/li>\n<li class=\"product-prop line-limit-length\"><span\n                                        class=\"property-title\">Certyfikat:&nbsp;<\/span><span\n                                        class=\"property-desc line-limit-length\"><\/span>\n                            <\/li>\n<\/ul><\/div>\n<div class=\"detailmodule_html\">\n<div class=\"detail-desc-decorate-richtext\">\n<div>\n<div>\n<div>\u00a0<\/div>\n<div id=\"detail_decorate_root\">\n<div>\n<div id=\"ali-anchor-AliMagic-5d4zru\">Opis produktu<\/div>\n<\/div>\n<div>\n<div>\n<div>\n<div>\n<div>\n<div><img decoding=\"async\" class=\"magic-3\" src=\"https:\/\/ae01.alicdn.com\/kf\/S65346f3ff9684171bdb54084884cf8b4u.jpg?width=1007&amp;height=997&amp;hash=2004\" slate-data-type=\"image\"\/><\/div>\n<\/div>\n<\/div>\n<\/div>\n<\/div>\n<\/div>\n<div>\n<div>\n<table style=\"border-collapse:collapse\" class=\"has-title all magic-4\">\n<tbody>\n<tr>\n<td>\n<div><strong>Numer modelu\u00a0<\/strong><\/div>\n<\/td>\n<td>\n<div>DH0305<\/div>\n<\/td>\n<td>\n<div>\u00a0<\/div>\n<\/td>\n<td>\n<div>\u00a0<\/div>\n<\/td>\n<\/tr>\n<tr>\n<td>\n<div><strong>Silnik<\/strong><\/div>\n<\/td>\n<td>\n<div>Silnik tylny bezszczotkowy 500 W<\/div>\n<\/td>\n<td>\n<div><strong>Rama<\/strong><\/div>\n<\/td>\n<td>\n<div>Wysokiej jako\u015bci stal w\u0119glowa<\/div>\n<\/td>\n<\/tr>\n<tr>\n<td>\n<div><strong>Bateria<\/strong><\/div>\n<\/td>\n<td>\n<div>Akumulator litowy 36V10AH\u201315,6AH<\/div>\n<\/td>\n<td>\n<div><strong>Opony prz\u00f3d\/ty\u0142<\/strong><\/div>\n<\/td>\n<td>\n<div>Opony 10\/8 cala<\/div>\n<\/td>\n<\/tr>\n<tr>\n<td>\n<div><strong>Rumak<\/strong><\/div>\n<\/td>\n<td>\n<div>100~240V, 50-60Hz, inteligentna \u0142adowarka<\/div>\n<\/td>\n<td>\n<div><strong>Kierownica<\/strong><\/div>\n<\/td>\n<td>\n<div>Stop aluminium<\/div>\n<\/td>\n<\/tr>\n<tr>\n<td>\n<div><strong>Kontroler<\/strong><\/div>\n<\/td>\n<td>\n<div>Wysoka wydajno\u015b\u0107Inteligentny kontroler<\/div>\n<\/td>\n<td>\n<div><strong>Chwyt<\/strong><\/div>\n<\/td>\n<td>\n<div>Wygodny chwyt<\/div>\n<\/td>\n<\/tr>\n<tr>\n<td>\n<div><strong>Wy\u015bwietlacz<\/strong><\/div>\n<\/td>\n<td>\n<div>Wy\u015bwietlacz LED<\/div>\n<\/td>\n<td>\n<div><strong>Siod\u0142o<\/strong><\/div>\n<\/td>\n<td>\n<div>Mi\u0119kkie podw\u00f3jne siod\u0142o<\/div>\n<\/td>\n<\/tr>\n<tr>\n<td>\n<div><strong>\u015awiat\u0142o<\/strong><\/div>\n<\/td>\n<td>\n<div>\u015awiat\u0142o LED\u00a0<\/div>\n<\/td>\n<td>\n<div><strong>Kolor<\/strong><\/div>\n<\/td>\n<td>\n<div>Otwarte<\/div>\n<\/td>\n<\/tr>\n<tr>\n<td colspan=\"4\">\n<div>\u00a0<\/div>\n<\/td>\n<td class=\"magic-11\">\n<div>\u00a0<\/div>\n<\/td>\n<td class=\"magic-11\">\n<div>\u00a0<\/div>\n<\/td>\n<td class=\"magic-11\">\n<div>\u00a0<\/div>\n<\/td>\n<\/tr>\n<tr>\n<td>\n<div><strong>Maksymalna pr\u0119dko\u015b\u0107<\/strong><\/div>\n<\/td>\n<td>\n<div>18 km\/h<\/div>\n<\/td>\n<td>\n<div><strong>Rozmiar produktu<\/strong><\/div>\n<\/td>\n<td>\n<div>980*550*830 mm<\/div>\n<\/td>\n<\/tr>\n<tr>\n<td>\n<div><strong>Odleg\u0142o\u015b\u0107 do przejechania<\/strong><\/div>\n<\/td>\n<td>\n<div>25 km<\/div>\n<\/td>\n<td>\n<div><strong>Rozmiar opakowania<\/strong><\/div>\n<\/td>\n<td>\n<div>575*400*720 mm<\/div>\n<\/td>\n<\/tr>\n<tr>\n<td>\n<div><strong>Czas \u0142adowania<\/strong><\/div>\n<\/td>\n<td>\n<div>5 godzin<\/div>\n<\/td>\n<td>\n<div>\u00a0<\/div>\n<\/td>\n<td>\n<div>\u00a0<\/div>\n<\/td>\n<\/tr>\n<tr>\n<td>\n<div><strong>Maksymalne obci\u0105\u017cenie<\/strong><\/div>\n<\/td>\n<td>\n<div>120 kg<\/div>\n<\/td>\n<td>\n<div>\u00a0<\/div>\n<\/td>\n<td>\n<div>\u00a0<\/div>\n<\/td>\n<\/tr>\n<\/tbody>\n<\/table>\n<\/div>\n<\/div>\n<div>\n<div id=\"ali-anchor-AliMagic-o1csom\">Zdj\u0119cia produkt\u00f3w<\/div>\n<\/div>\n<div>\n<div>\n<div>\n<div>\n<div>\n<div><img decoding=\"async\" class=\"magic-14\" src=\"https:\/\/ae01.alicdn.com\/kf\/Se1e040235e9846b8bb063af2468f694c2.jpg?width=631&amp;height=631&amp;hash=1262\" slate-data-type=\"image\"\/><\/div>\n<\/div>\n<\/div>\n<\/div>\n<\/div>\n<\/div>\n<div>\n<div>\n<div>\n<div>\n<div>\n<div><img decoding=\"async\" class=\"magic-15\" src=\"https:\/\/ae01.alicdn.com\/kf\/S76a2495475da433e8ed55ec374928a3fF.jpg?width=1000&amp;height=1000&amp;hash=2000\" slate-data-type=\"image\"\/><\/div>\n<\/div>\n<\/div>\n<\/div>\n<\/div>\n<\/div>\n<div>\n<div>\n<div>\n<div>\n<div>\n<div><img decoding=\"async\" class=\"magic-17\" src=\"https:\/\/ae01.alicdn.com\/kf\/S616be776d11341b7864980594822f8a1Q.jpg?width=649&amp;height=650&amp;hash=1299\" slate-data-type=\"image\"\/><\/div>\n<div><img decoding=\"async\" class=\"magic-19\" src=\"https:\/\/ae01.alicdn.com\/kf\/S73267641890a4d88ae4e3f39032cd597m.jpg?width=650&amp;height=649&amp;hash=1299\" slate-data-type=\"image\"\/><\/div>\n<\/div>\n<\/div>\n<\/div>\n<\/div>\n<\/div>\n<div>\n<div>\n<div>\n<div>\n<div>\n<div><img decoding=\"async\" class=\"magic-21\" src=\"https:\/\/ae01.alicdn.com\/kf\/S1cd4cd6aa0a5496c889f1933cfd987cbe.jpg?width=970&amp;height=1500&amp;hash=2470\" slate-data-type=\"image\"\/><\/div>\n<\/div>\n<\/div>\n<\/div>\n<\/div>\n<\/div>\n<div>\n<div>\n<div>\n<div>\n<div>\n<div><img decoding=\"async\" class=\"magic-23\" src=\"https:\/\/ae01.alicdn.com\/kf\/S9a4792b775d54a9498ae331261cca280e.jpg?width=1265&amp;height=1500&amp;hash=2765\" slate-data-type=\"image\"\/><\/div>\n<\/div>\n<\/div>\n<\/div>\n<\/div>\n<\/div>\n<div>\n<div>\n<div>\n<div>\n<div>\n<div><img decoding=\"async\" class=\"magic-25\" src=\"https:\/\/ae01.alicdn.com\/kf\/Se434e2a48d80405d990cb55432385d948.jpg?width=1352&amp;height=1500&amp;hash=2852\" slate-data-type=\"image\"\/><\/div>\n<\/div>\n<\/div>\n<\/div>\n<\/div>\n<\/div>\n<div>\n<div>\n<div>\n<div>\n<div>\n<div><img decoding=\"async\" class=\"magic-27\" src=\"https:\/\/ae01.alicdn.com\/kf\/S32ea4943f3924d5584b71dd45e45df53S.jpg?width=1000&amp;height=750&amp;hash=1750\" slate-data-type=\"image\"\/><\/div>\n<\/div>\n<\/div>\n<\/div>\n<\/div>\n<\/div>\n<div>\n<div id=\"ali-anchor-AliMagic-qqhum3\">Nasza firma<\/div>\n<\/div>\n<div>\n<div>\n<div>\n<div>\n<div>\n<div><img decoding=\"async\" class=\"magic-29\" src=\"https:\/\/ae01.alicdn.com\/kf\/Sb0b0449c0dcf4df0aa0e69a41b0dbb92S.jpg?width=750&amp;height=400&amp;hash=1150\" slate-data-type=\"image\"\/><\/div>\n<\/div>\n<\/div>\n<\/div>\n<\/div>\n<\/div>\n<div>\n<div>\n<div>\n<div>\n<div>\n<div><img decoding=\"async\" class=\"magic-30\" src=\"https:\/\/ae01.alicdn.com\/kf\/S164111958a284dd08f5012fa8fb1ed21q.jpg?width=4032&amp;height=3024&amp;hash=7056\" slate-data-type=\"image\"\/><\/div>\n<\/div>\n<\/div>\n<\/div>\n<\/div>\n<\/div>\n<div>\n<div>\n<div>\n<div>\n<div>\n<div>\n<div>\u00a0<\/div>\n<div><span> Firma Yongkang Dahai Industry and Trade Co.,LTD. zosta\u0142a za\u0142o\u017cona w 2011 roku i posiada bogate do\u015bwiadczenie w bran\u017cy pojazd\u00f3w elektrycznych. Zapewniamy niezawodne rozwi\u0105zania w zakresie pojazd\u00f3w elektrycznych, takie jak skutery i motocykle elektryczne. Obs\u0142ugujemy producent\u00f3w OEM i ODM. Nasze produkty s\u0105 sprzedawane w ponad 50 krajach i regionach na ca\u0142ym \u015bwiecie. Posiadamy certyfikaty CE, ROSH, FCC i inne mi\u0119dzynarodowe certyfikaty oraz liczne patenty. Posiadamy silne zaplecze projektowo-rozwojowe, rygorystyczne systemy zarz\u0105dzania i kontroli jako\u015bci. Nasz profesjonalny zesp\u00f3\u0142 ds. handlu zagranicznego z entuzjazmem podchodzi do obs\u0142ugi klient\u00f3w i d\u0105\u017cy do rozwoju oraz doskona\u0142o\u015bci w konkurencji. Mamy nadziej\u0119 na nawi\u0105zanie d\u0142ugoterminowej wsp\u00f3\u0142pracy, kt\u00f3ra przyniesie korzy\u015bci obu stronom!<\/span><\/div>\n<div>\u00a0<\/div>\n<\/div>\n<\/div>\n<\/div>\n<\/div>\n<\/div>\n<\/div>\n<div>\u00a0<\/div>\n<div>\n<div id=\"ali-anchor-AliMagic-22j5mo\">Certyfikaty<\/div>\n<\/div>\n<div>\n<div>\n<div>\n<div>\n<div>\n<div><img decoding=\"async\" class=\"magic-41\" src=\"https:\/\/ae01.alicdn.com\/kf\/S6dfa9042940d4bd79773e8c3f2e3d3acI.jpg?width=790&amp;height=953&amp;hash=1743\" slate-data-type=\"image\"\/><\/div>\n<\/div>\n<\/div>\n<\/div>\n<\/div>\n<\/div>\n<div>\n<div id=\"ali-anchor-AliMagic-uhh5q1\">Opinie kupuj\u0105cych<\/div>\n<\/div>\n<div>\u00a0<\/div>\n<div>\n<div id=\"ali-anchor-AliMagic-kpnqam\">Pakowanie i dostawa<\/div>\n<\/div>\n<div>\n<div>\n<div>\n<div>\n<div>\n<div><img decoding=\"async\" class=\"magic-47\" src=\"https:\/\/ae01.alicdn.com\/kf\/S32ea4943f3924d5584b71dd45e45df53S.jpg?width=1000&amp;height=750&amp;hash=1750\" slate-data-type=\"image\"\/><\/div>\n<\/div>\n<div>\u00a0<\/div>\n<div>\u00a0<\/div>\n<\/div>\n<div>\n<div>\n<div><img decoding=\"async\" class=\"magic-50\" src=\"https:\/\/ae01.alicdn.com\/kf\/S09841dbaae10458eba8ca805856c4f68a.jpg?width=1440&amp;height=1080&amp;hash=2520\" slate-data-type=\"image\"\/><\/div>\n<\/div>\n<div>\u00a0<\/div>\n<div>\u00a0<\/div>\n<\/div>\n<div>\n<div>\n<div><img decoding=\"async\" class=\"magic-50\" src=\"https:\/\/ae01.alicdn.com\/kf\/S6f3348679c394569902e96ab82057e0b1.jpg?width=1440&amp;height=1080&amp;hash=2520\" slate-data-type=\"image\"\/><\/div>\n<\/div>\n<div>\u00a0<\/div>\n<div>\u00a0<\/div>\n<\/div>\n<\/div>\n<\/div>\n<\/div>\n<div>\n<div id=\"ali-anchor-AliMagic-yqexns\">Nasza us\u0142uga<\/div>\n<\/div>\n<div>\n<div>\n<div>\n<div>\n<div>\n<div>\n<div>1. OEM jest dozwolony<\/p>\n<p>2. Zam\u00f3wienie pr\u00f3bki<\/p>\n<p>3. Odpowiemy na Twoje zapytanie w ci\u0105gu 24 godzin.<\/p>\n<p>4. Po wys\u0142aniu b\u0119dziemy \u015bledzi\u0107 produkty co dwa dni, a\u017c do ich otrzymania. Po otrzymaniu towaru, przetestuj go i prze\u015blij nam swoj\u0105 opini\u0119. W razie pyta\u0144 dotycz\u0105cych problemu, skontaktuj si\u0119 z nami, a zaproponujemy Ci rozwi\u0105zanie.<\/p>\n<p><span>5. Czas trwania naszej gwarancji jest nast\u0119puj\u0105cy:<br \/>\u25c612 miesi\u0119cy na silnik elektryczny<br \/>\u25c612 miesi\u0119cy na akumulator litowo-jonowy<br \/>\u25c6 24 miesi\u0105ce na ram\u0119.<br \/>\u25c612 miesi\u0119cy dla kontrolera.<br \/>\u25c612 miesi\u0119cy na \u0142adowark\u0119.<br \/>\u25c66 miesi\u0119cy na pozosta\u0142e cz\u0119\u015bci.<\/span><\/div>\n<p class=\"magic-35\">.<\/p>\n<\/div>\n<\/div>\n<\/div>\n<\/div>\n<\/div>\n<\/div>\n<div>\n<div id=\"ali-anchor-AliMagic-yvqitf\">Cz\u0119sto zadawane pytania<\/div>\n<\/div>\n<div>\n<div>\n<div>\n<div>\n<div>\n<div>\n<p class=\"magic-35\"><strong>P1. Jakie s\u0105 warunki pakowania? <\/strong><br \/>A: Zazwyczaj pakujemy nasze towary w neutralne bia\u0142e pude\u0142ka i br\u0105zowe kartony. Je\u015bli posiadasz zarejestrowany patent, mo\u017cemy zapakowa\u0107 towary w firmowe pude\u0142ka po otrzymaniu list\u00f3w autoryzacyjnych.<\/p>\n<p><strong>P2. Jakie s\u0105 warunki p\u0142atno\u015bci?<\/strong><br \/>A: Zap\u0142a\u0107 30% jako depozyt i 70% przed dostaw\u0105. Poka\u017cemy Ci zdj\u0119cia produkt\u00f3w i opakowa\u0144 przed zap\u0142at\u0105 reszty.<\/p>\n<p><strong>P3. Jakie s\u0105 warunki dostawy?<\/strong><br \/>A: EXW, FOB, CIF.<\/p>\n<p><strong>P4. Jaki jest czas dostawy?<\/strong><br \/>O: Zazwyczaj realizacja zam\u00f3wienia trwa od 30 do 60 dni od otrzymania zaliczki. Konkretny czas dostawy zale\u017cy od ilo\u015bci zam\u00f3wionych produkt\u00f3w i ich ilo\u015bci.<\/p>\n<p><strong>P5. Czy mo\u017cecie produkowa\u0107 na podstawie pr\u00f3bek?<\/strong><br \/>A: Tak, mo\u017cemy produkowa\u0107 na podstawie Twoich pr\u00f3bek lub rysunk\u00f3w technicznych. Mo\u017cemy budowa\u0107 formy i urz\u0105dzenia.<\/p>\n<p><strong>P6. Jaka jest Pa\u0144stwa polityka dotycz\u0105ca pr\u00f3bek?<\/strong><br \/>A: Mo\u017cemy dostarczy\u0107 pr\u00f3bk\u0119, je\u015bli mamy gotowe cz\u0119\u015bci w magazynie, ale klient musi zap\u0142aci\u0107 za koszt pr\u00f3bki i koszt przesy\u0142ki kurierskiej.<\/p>\n<p><strong>P7. Czy testujecie wszystkie swoje towary przed dostaw\u0105?<\/strong><br \/>A: Tak, przed dostaw\u0105 wykonujemy test 100%<\/p>\n<p><strong>P8: W jaki spos\u00f3b sprawi\u0107, aby nasza wsp\u00f3\u0142praca by\u0142a d\u0142ugotrwa\u0142a i dobra?<\/strong><br \/>A: 1. Dbamy o wysok\u0105 jako\u015b\u0107 i konkurencyjne ceny, aby zapewni\u0107 naszym klientom korzy\u015bci; 2. Szanujemy ka\u017cdego klienta jak przyjaciela, szczerze z nim wsp\u00f3\u0142pracujemy i nawi\u0105zujemy z nim przyja\u017anie, niezale\u017cnie od tego, sk\u0105d pochodzi.<\/p>\n<p><strong>P9: Czy mo\u017cemy umie\u015bci\u0107 nasze logo lub mark\u0119 na motocyklu?<\/strong><br \/>A: Tak, akceptujemy OEM.<\/p>\n<\/div>\n<\/div>\n<\/div>\n<\/div>\n<\/div>\n<\/div>\n<\/div>\n<\/div>\n<\/div>\n<div><\/div>\n<\/div>\n<\/div>\n<p><\/p>","protected":false},"excerpt":{"rendered":"<p>Category:&nbsp;Four-wheel Scooter Applicable People:&nbsp;Unisex Range Per Charge:&nbsp;40-60km Charging Time:&nbsp;1-2h Voltage:&nbsp;36V Folded:&nbsp;No Origin:&nbsp;Mainland China Power (W):&nbsp;201-500W Brand Name:&nbsp;ZHANGU Place of Origin:&nbsp;Zhejiang, China Model Number:&nbsp;DH0305 Gears:&nbsp;3 Speed Range per Power:&nbsp;31 &#8211; 60<\/p>","protected":false},"featured_media":7724,"comment_status":"open","ping_status":"closed","template":"","meta":{"_acf_changed":false},"product_brand":[],"product_cat":[301],"product_tag":[],"class_list":{"0":"post-7723","1":"product","2":"type-product","3":"status-publish","4":"has-post-thumbnail","6":"product_cat-electric-mobility-scooters","8":"first","9":"instock","10":"shipping-taxable","11":"purchasable","12":"product-type-variable"},"acf":[],"_links":{"self":[{"href":"https:\/\/www.electricstore.eu\/pl\/wp-json\/wp\/v2\/product\/7723","targetHints":{"allow":["GET"]}}],"collection":[{"href":"https:\/\/www.electricstore.eu\/pl\/wp-json\/wp\/v2\/product"}],"about":[{"href":"https:\/\/www.electricstore.eu\/pl\/wp-json\/wp\/v2\/types\/product"}],"replies":[{"embeddable":true,"href":"https:\/\/www.electricstore.eu\/pl\/wp-json\/wp\/v2\/comments?post=7723"}],"wp:featuredmedia":[{"embeddable":true,"href":"https:\/\/www.electricstore.eu\/pl\/wp-json\/wp\/v2\/media\/7724"}],"wp:attachment":[{"href":"https:\/\/www.electricstore.eu\/pl\/wp-json\/wp\/v2\/media?parent=7723"}],"wp:term":[{"taxonomy":"product_brand","embeddable":true,"href":"https:\/\/www.electricstore.eu\/pl\/wp-json\/wp\/v2\/product_brand?post=7723"},{"taxonomy":"product_cat","embeddable":true,"href":"https:\/\/www.electricstore.eu\/pl\/wp-json\/wp\/v2\/product_cat?post=7723"},{"taxonomy":"product_tag","embeddable":true,"href":"https:\/\/www.electricstore.eu\/pl\/wp-json\/wp\/v2\/product_tag?post=7723"}],"curies":[{"name":"wp","href":"https:\/\/api.w.org\/{rel}","templated":true}]}}