{"id":7695,"date":"2025-05-15T19:43:27","date_gmt":"2025-05-15T19:43:27","guid":{"rendered":"https:\/\/electricstore.eu\/product\/hx-c1-200w-21-6v-5-2ah-childrens-electric-scooter-pink\/"},"modified":"2025-05-20T13:11:12","modified_gmt":"2025-05-20T13:11:12","slug":"hx-c1-200w-21-6v-5-2ah-childrens-electric-scooter-pink","status":"publish","type":"product","link":"https:\/\/www.electricstore.eu\/pl\/p\/scooters\/electric-children-scooters\/hx-c1-200w-21-6v-5-2ah-childrens-electric-scooter-pink\/","title":{"rendered":"HX C1 200W 24V 5Ah 15km\/h 10-15km 8\u2033 Elektryczna hulajnoga dla dzieci"},"content":{"rendered":"<div class=\"product-specs-list-container\">\n<ul class=\"product-specs-list util-clearfix\">\n<li class=\"product-prop line-limit-length\"><span\n                                        class=\"property-title\">Rozmiar opony:&nbsp;<\/span><span\n                                        class=\"property-desc line-limit-length\">8 cali<\/span>\n                            <\/li>\n<li class=\"product-prop line-limit-length\"><span\n                                        class=\"property-title\">Numer modelu:&nbsp;<\/span><span\n                                        class=\"property-desc line-limit-length\">C1<\/span>\n                            <\/li>\n<li class=\"product-prop line-limit-length\"><span\n                                        class=\"property-title\">Kategoria:&nbsp;<\/span><span\n                                        class=\"property-desc line-limit-length\">Hulajnoga dwuko\u0142owa<\/span>\n                            <\/li>\n<li class=\"product-prop line-limit-length\"><span\n                                        class=\"property-title\">Osoby, kt\u00f3rych to dotyczy:&nbsp;<\/span><span\n                                        class=\"property-desc line-limit-length\">M\u0118\u017bCZY\u0179NI<\/span>\n                            <\/li>\n<li class=\"product-prop line-limit-length\"><span\n                                        class=\"property-title\">Zasi\u0119g na jednym \u0142adowaniu:&nbsp;<\/span><span\n                                        class=\"property-desc line-limit-length\">40-60km<\/span>\n                            <\/li>\n<li class=\"product-prop line-limit-length\"><span\n                                        class=\"property-title\">Czas \u0142adowania:&nbsp;<\/span><span\n                                        class=\"property-desc line-limit-length\">6-8 godzin<\/span>\n                            <\/li>\n<li class=\"product-prop line-limit-length\"><span\n                                        class=\"property-title\">Wolta\u017c:&nbsp;<\/span><span\n                                        class=\"property-desc line-limit-length\">24V<\/span>\n                            <\/li>\n<li class=\"product-prop line-limit-length\"><span\n                                        class=\"property-title\">Fa\u0142dowy:&nbsp;<\/span><span\n                                        class=\"property-desc line-limit-length\">TAK<\/span>\n                            <\/li>\n<li class=\"product-prop line-limit-length\"><span\n                                        class=\"property-title\">Pochodzenie:&nbsp;<\/span><span\n                                        class=\"property-desc line-limit-length\">Chiny kontynentalne<\/span>\n                            <\/li>\n<li class=\"product-prop line-limit-length\"><span\n                                        class=\"property-title\">Moc (W):&nbsp;<\/span><span\n                                        class=\"property-desc line-limit-length\">100-200 W<\/span>\n                            <\/li>\n<li class=\"product-prop line-limit-length\"><span\n                                        class=\"property-title\">Miejsce pochodzenia:&nbsp;<\/span><span\n                                        class=\"property-desc line-limit-length\">Anhui, Chiny<\/span>\n                            <\/li>\n<li class=\"product-prop line-limit-length\"><span\n                                        class=\"property-title\">Marka:&nbsp;<\/span><span\n                                        class=\"property-desc line-limit-length\">kiksyna<\/span>\n                            <\/li>\n<li class=\"product-prop line-limit-length\"><span\n                                        class=\"property-title\">Numer modelu:&nbsp;<\/span><span\n                                        class=\"property-desc line-limit-length\">C1<\/span>\n                            <\/li>\n<li class=\"product-prop line-limit-length\"><span\n                                        class=\"property-title\">Czas \u0142adowania:&nbsp;<\/span><span\n                                        class=\"property-desc line-limit-length\">5-6 godzin<\/span>\n                            <\/li>\n<li class=\"product-prop line-limit-length\"><span\n                                        class=\"property-title\">Sk\u0142adany:&nbsp;<\/span><span\n                                        class=\"property-desc line-limit-length\">Tak<\/span>\n                            <\/li>\n<li class=\"product-prop line-limit-length\"><span\n                                        class=\"property-title\">Zasi\u0119g na jednym \u0142adowaniu:&nbsp;<\/span><span\n                                        class=\"property-desc line-limit-length\">10-15km<\/span>\n                            <\/li>\n<li class=\"product-prop line-limit-length\"><span\n                                        class=\"property-title\">Maksymalna pr\u0119dko\u015b\u0107:&nbsp;<\/span><span\n                                        class=\"property-desc line-limit-length\">15km\/godz.<\/span>\n                            <\/li>\n<li class=\"product-prop line-limit-length\"><span\n                                        class=\"property-title\">Kategoria:&nbsp;<\/span><span\n                                        class=\"property-desc line-limit-length\">Hulajnoga elektryczna<\/span>\n                            <\/li>\n<li class=\"product-prop line-limit-length\"><span\n                                        class=\"property-title\">Dotyczy t\u0142umu:&nbsp;<\/span><span\n                                        class=\"property-desc line-limit-length\">Dziecko<\/span>\n                            <\/li>\n<li class=\"product-prop line-limit-length\"><span\n                                        class=\"property-title\">Inteligentny typ:&nbsp;<\/span><span\n                                        class=\"property-desc line-limit-length\">Elektroniczny<\/span>\n                            <\/li>\n<li class=\"product-prop line-limit-length\"><span\n                                        class=\"property-title\">Pojemno\u015b\u0107 baterii:&nbsp;<\/span><span\n                                        class=\"property-desc line-limit-length\">5Ah<\/span>\n                            <\/li>\n<li class=\"product-prop line-limit-length\"><span\n                                        class=\"property-title\">Produkt opatentowany:&nbsp;<\/span><span\n                                        class=\"property-desc line-limit-length\">NIE<\/span>\n                            <\/li>\n<li class=\"product-prop line-limit-length\"><span\n                                        class=\"property-title\">Tworzywo:&nbsp;<\/span><span\n                                        class=\"property-desc line-limit-length\">Stal konstrukcyjna<\/span>\n                            <\/li>\n<li class=\"product-prop line-limit-length\"><span\n                                        class=\"property-title\">Rozmiar opony:&nbsp;<\/span><span\n                                        class=\"property-desc line-limit-length\">8 cali<\/span>\n                            <\/li>\n<li class=\"product-prop line-limit-length\"><span\n                                        class=\"property-title\">Silnik:&nbsp;<\/span><span\n                                        class=\"property-desc line-limit-length\">200 W<\/span>\n                            <\/li>\n<li class=\"product-prop line-limit-length\"><span\n                                        class=\"property-title\">P\u00f3\u0142nocny zach\u00f3d:&nbsp;<\/span><span\n                                        class=\"property-desc line-limit-length\">10kg<\/span>\n                            <\/li>\n<li class=\"product-prop line-limit-length\"><span\n                                        class=\"property-title\">Zakres:&nbsp;<\/span><span\n                                        class=\"property-desc line-limit-length\">10-15 kilometr\u00f3w<\/span>\n                            <\/li>\n<li class=\"product-prop line-limit-length\"><span\n                                        class=\"property-title\">Bateria:&nbsp;<\/span><span\n                                        class=\"property-desc line-limit-length\">24V 5Ah<\/span>\n                            <\/li>\n<li class=\"product-prop line-limit-length\"><span\n                                        class=\"property-title\">Maksymalne obci\u0105\u017cenie:&nbsp;<\/span><span\n                                        class=\"property-desc line-limit-length\">100kg<\/span>\n                            <\/li>\n<li class=\"product-prop line-limit-length\"><span\n                                        class=\"property-title\">Rozmiar otwarty:&nbsp;<\/span><span\n                                        class=\"property-desc line-limit-length\">Wymiary: 94*47,5*103 cm<\/span>\n                            <\/li>\n<li class=\"product-prop line-limit-length\"><span\n                                        class=\"property-title\">Dopuszczalna wysoko\u015b\u0107:&nbsp;<\/span><span\n                                        class=\"property-desc line-limit-length\">120-16cm<\/span>\n                            <\/li>\n<li class=\"product-prop line-limit-length\"><span\n                                        class=\"property-title\">Zdolno\u015b\u0107 wspinaczkowa:&nbsp;<\/span><span\n                                        class=\"property-desc line-limit-length\">10\u00b0<\/span>\n                            <\/li>\n<li class=\"product-prop line-limit-length\"><span\n                                        class=\"property-title\">Certyfikat:&nbsp;<\/span><span\n                                        class=\"property-desc line-limit-length\"><\/span>\n                            <\/li>\n<\/ul><\/div>\n<div class=\"detailmodule_html\">\n<div class=\"detail-desc-decorate-richtext\">\n<div id=\"detail_decorate_root\">\n<div>\u00a0<\/div>\n<div>\n<div id=\"ali-anchor-AliMagic-fdtnlw\">Opis produktu<\/div>\n<\/div>\n<div>\n<div>\n<div><img decoding=\"async\" class=\"magic-3\" src=\"https:\/\/ae01.alicdn.com\/kf\/S0920da7b96cd41acb1c945a14301ede90.jpg?width=1080&amp;height=2127&amp;hash=3207\" slate-data-type=\"image\"\/><\/div>\n<div><img decoding=\"async\" class=\"magic-3\" src=\"https:\/\/ae01.alicdn.com\/kf\/S6b0e1e0d498f4418951d2636885d64c1x.jpg?width=1080&amp;height=1932&amp;hash=3012\" slate-data-type=\"image\"\/><\/div>\n<div><img decoding=\"async\" class=\"magic-3\" src=\"https:\/\/ae01.alicdn.com\/kf\/Se70ebd0e0d59408ab480463e9ddb5774u.jpg?width=1080&amp;height=1700&amp;hash=2780\" slate-data-type=\"image\"\/><\/div>\n<div><img decoding=\"async\" class=\"magic-3\" src=\"https:\/\/ae01.alicdn.com\/kf\/S9b3fd279eca34ecb8aa55857a01d7659c.jpg?width=1080&amp;height=2245&amp;hash=3325\" slate-data-type=\"image\"\/><\/div>\n<div><img decoding=\"async\" class=\"magic-3\" src=\"https:\/\/ae01.alicdn.com\/kf\/S3ba39dc8d2104df5923af37eb5730d11g.jpg?width=1080&amp;height=1757&amp;hash=2837\" slate-data-type=\"image\"\/><\/div>\n<div><img decoding=\"async\" class=\"magic-3\" src=\"https:\/\/ae01.alicdn.com\/kf\/Sa5c9b90d0c5045198beda021557772493.jpg?width=1080&amp;height=1633&amp;hash=2713\" slate-data-type=\"image\"\/><\/div>\n<div><img decoding=\"async\" class=\"magic-3\" src=\"https:\/\/ae01.alicdn.com\/kf\/S2d97091d1ca5403291b1c84b7336fe3bB.jpg?width=1080&amp;height=1918&amp;hash=2998\" slate-data-type=\"image\"\/><\/div>\n<div><img decoding=\"async\" class=\"magic-3\" src=\"https:\/\/ae01.alicdn.com\/kf\/S25077da84ef34b9aa3898b794009dfc4Y.jpg?width=1080&amp;height=1983&amp;hash=3063\" slate-data-type=\"image\"\/><\/div>\n<div><img decoding=\"async\" class=\"magic-3\" src=\"https:\/\/ae01.alicdn.com\/kf\/S7e584ede0ea44775a8a29c8a6cd19b36l.jpg?width=1080&amp;height=2195&amp;hash=3275\" slate-data-type=\"image\"\/><\/div>\n<div><img decoding=\"async\" class=\"magic-3\" src=\"https:\/\/ae01.alicdn.com\/kf\/Scee143e0027e4c9bbe2c94e7aaa06097L.jpg?width=1080&amp;height=1439&amp;hash=2519\" slate-data-type=\"image\"\/><\/div>\n<\/div>\n<\/div>\n<div>\n<div id=\"ali-anchor-AliMagic-bbu3j8\">Specyfikacja<\/div>\n<\/div>\n<div>\n<div>\n<table style=\"border-collapse:collapse\" class=\"all magic-4\">\n<tbody>\n<tr>\n<td rowspan=\"1\" colspan=\"1\">\n<div>Pojemno\u015b\u0107 baterii<\/div>\n<\/td>\n<td rowspan=\"1\" colspan=\"1\">\n<div>5Ah<\/div>\n<\/td>\n<\/tr>\n<tr>\n<td rowspan=\"1\" colspan=\"1\">\n<div>Silnik<\/div>\n<\/td>\n<td rowspan=\"1\" colspan=\"1\">\n<div>24V<\/div>\n<\/td>\n<\/tr>\n<tr>\n<td rowspan=\"1\" colspan=\"1\">\n<div>Czas \u0142adowania<\/div>\n<\/td>\n<td rowspan=\"1\" colspan=\"1\">\n<div>5-6 godzin<\/div>\n<\/td>\n<\/tr>\n<tr>\n<td rowspan=\"1\" colspan=\"1\">\n<div>Maksymalne obci\u0105\u017cenie<\/div>\n<\/td>\n<td rowspan=\"1\" colspan=\"1\">\n<div>100 kg<\/div>\n<\/td>\n<\/tr>\n<tr>\n<td rowspan=\"1\" colspan=\"1\">\n<div>Maksymalny zasi\u0119g<\/div>\n<\/td>\n<td rowspan=\"1\" colspan=\"1\">\n<div>15KM<\/div>\n<\/td>\n<\/tr>\n<tr>\n<td rowspan=\"1\" colspan=\"1\">\n<div>Opona<\/div>\n<\/td>\n<td rowspan=\"1\" colspan=\"1\">\n<div>8 cali\u00a0<\/div>\n<\/td>\n<\/tr>\n<\/tbody>\n<\/table>\n<\/div>\n<\/div>\n<div>\n<div id=\"ali-anchor-AliMagic-6tg71n\">Profil firmy<\/div>\n<\/div>\n<div>\n<div>\n<div>\n<div>\n<div>\n<div><img decoding=\"async\" class=\"magic-10\" src=\"https:\/\/ae01.alicdn.com\/kf\/S4e793c0de76f4b88a482a65c00b9d101n.jpg?width=2342&amp;height=2242&amp;hash=4584\" slate-data-type=\"image\"\/><\/div>\n<\/div>\n<div>\n<div>\n<div>\u00a0<\/div>\n<div>E-ONE to przedsi\u0119biorstwo zajmuj\u0105ce si\u0119 g\u0142\u00f3wnie eksportem nowych produkt\u00f3w energetycznych. Firma znajduje si\u0119 w stolicy prowincji Anhui, Hefei, E-ONE <strong>zosta\u0142 oficjalnie autoryzowany <\/strong>za po\u015brednictwem takich znanych marek bran\u017cowych jak: <strong>Segway-Ninebot, Intex, DYU, HIMO, Kugoo<\/strong> i kilka innych znanych. Zasadniczo nasza kompletna seria zr\u00f3wnowa\u017conych, zielonych i czystych produkt\u00f3w obejmuje <strong>hulajnogi elektryczne, hulajnogi elektryczne samobalansuj\u0105ce, monocykle elektryczne,<\/strong> <span><strong>gokarty elektryczne<\/strong><\/span> <strong>, rowery elektryczne, motocykle elektryczne<\/strong>. Ze wszystkimi dost\u0119pnymi certyfikatami, co zdecydowanie pozwala nam sprzedawa\u0107 nasze produkty zorientowane na jako\u015b\u0107 na ca\u0142ym \u015bwiecie.<\/div>\n<\/div>\n<\/div>\n<\/div>\n<\/div>\n<\/div>\n<\/div>\n<div>\n<div>\n<div>\n<div>\n<div><img decoding=\"async\" class=\"magic-14\" src=\"https:\/\/ae01.alicdn.com\/kf\/S68ac18a75b094e669ae761d7495416f8w.jpg?width=1200&amp;height=450&amp;hash=1650\" slate-data-type=\"image\"\/><\/div>\n<div>\n<div><img decoding=\"async\" class=\"magic-16\" src=\"https:\/\/ae01.alicdn.com\/kf\/Sd01d98a5d2e34d649f49394465343dbe4.jpg?width=693&amp;height=978&amp;hash=1671\" slate-data-type=\"image\"\/><\/div>\n<div><img decoding=\"async\" class=\"magic-18\" src=\"https:\/\/ae01.alicdn.com\/kf\/S3674a5ba838d4dd18bd1e5064ce9acd0Y.jpg?width=696&amp;height=980&amp;hash=1676\" slate-data-type=\"image\"\/><\/div>\n<\/div>\n<\/div>\n<\/div>\n<\/div>\n<\/div>\n<div>\n<div id=\"ali-anchor-AliMagic-tx58ux\">Wystawa<\/div>\n<\/div>\n<div>\n<div>\n<div>\n<div>\n<div>\n<div><img decoding=\"async\" class=\"magic-20\" src=\"https:\/\/ae01.alicdn.com\/kf\/Scc76444e41d347fbad43d728c374f28cx.jpg?width=940&amp;height=562&amp;hash=1502\" slate-data-type=\"image\"\/><\/div>\n<\/div>\n<\/div>\n<\/div>\n<\/div>\n<\/div>\n<div>\n<div id=\"ali-anchor-AliMagic-pyg24g\">Opakowanie produktu<\/div>\n<\/div>\n<div>\n<div>\n<div>\n<div>\n<div>\n<div><img decoding=\"async\" class=\"magic-23\" src=\"https:\/\/ae01.alicdn.com\/kf\/S603c352f31ec4ee7928249922cde2535G.jpg?width=1280&amp;height=960&amp;hash=2240\" slate-data-type=\"image\"\/><\/div>\n<div><img decoding=\"async\" class=\"magic-25\" src=\"https:\/\/ae01.alicdn.com\/kf\/S95bfd1d7a07f4f3d9b400cf282483639t.jpg?width=800&amp;height=800&amp;hash=1600\" slate-data-type=\"image\"\/><\/div>\n<\/div>\n<div><img decoding=\"async\" class=\"magic-27\" src=\"https:\/\/ae01.alicdn.com\/kf\/Sf819f886e9ee42da834170d7fbd1b7ach.jpg?width=600&amp;height=800&amp;hash=1400\" slate-data-type=\"image\"\/><\/div>\n<\/div>\n<\/div>\n<\/div>\n<\/div>\n<div>\n<div>\n<div>\n<div>\n<div>\n<div><img decoding=\"async\" class=\"magic-29\" src=\"https:\/\/ae01.alicdn.com\/kf\/S84939f2b10d24bd89ebbf28984b35e9cV.jpg?width=600&amp;height=800&amp;hash=1400\" slate-data-type=\"image\"\/><\/div>\n<\/div>\n<div>\n<div>\n<div>\n<div>\u00a0<\/div>\n<div>\u00a0<\/div>\n<div>\u00a0<\/div>\n<div>\u00a0<\/div>\n<div><span><strong>Aby zapewni\u0107 bezpiecze\u0144stwo Twoich towar\u00f3w, oferujemy profesjonalne, przyjazne dla \u015brodowiska, wygodne i wydajne us\u0142ugi pakowania<br \/>zostanie zapewnione.<\/strong><\/span><\/div>\n<\/div>\n<\/div>\n<\/div>\n<\/div>\n<\/div>\n<\/div>\n<\/div>\n<div>\n<div id=\"ali-anchor-AliMagic-5xyhcf\">Cz\u0119sto zadawane pytania<\/div>\n<\/div>\n<div>\n<div>\n<div>\n<h3 class=\"magic-31\"><\/h3>\n<div>\n<div>\n<div><strong>Q<\/strong>: Czy jeste\u015b producentem? <strong>A<\/strong>: Tak, jeste\u015bmy producentami. Mo\u017cemy \u015bwiadczy\u0107 us\u0142ugi OEM\/ODM dostosowane do r\u00f3\u017cnych zastosowa\u0144 i wymaga\u0144 naszych klient\u00f3w. Wszystkie nasze produkty s\u0105 w pe\u0142ni opatentowane, a ich konstrukcja, osprz\u0119t i oprogramowanie, forma i monta\u017c s\u0105 wykonywane przez nasz w\u0142asny zesp\u00f3\u0142. <strong>Q<\/strong>:Jaka jest minimalna wielko\u015b\u0107 zam\u00f3wienia (MOQ)? <strong>A<\/strong>: Akceptujemy jedn\u0105 jednostk\u0119 dla standardowych produkt\u00f3w. Mo\u017cemy nawet dostosowa\u0107 je do Twojego logo, je\u015bli jest to potrzebne. Je\u015bli potrzebujesz OEM, zobaczymy szczeg\u00f3\u0142owe wymagania i potwierdzimy Ci MOQ z naszego dzia\u0142u sprzeda\u017cy. <strong>Q<\/strong>: Czy mo\u017cemy otrzyma\u0107 darmow\u0105 pr\u00f3bk\u0119? <strong>A<\/strong>: Przepraszamy, zazwyczaj nie dostarczamy bezp\u0142atnych pr\u00f3bek. Je\u015bli klient potwierdzi specyfikacj\u0119 i cen\u0119, mo\u017ce najpierw zam\u00f3wi\u0107 pr\u00f3bk\u0119 do test\u00f3w i oceny. <strong>Q<\/strong>:Jak zam\u00f3wi\u0107 i zap\u0142aci\u0107? <strong>A<\/strong>: Akceptujemy T\/T (przelew bankowy), Alibaba online, Western Union 1 Trade Assurance <strong>Q<\/strong>:Jaka jest gwarancja na Wasze produkty? <strong>A<\/strong>:Oferujemy 24-miesi\u0119czn\u0105 gwarancj\u0119 po wys\u0142aniu przesy\u0142ki. <strong>Q<\/strong>:Jak d\u0142ugo b\u0119dzie trwa\u0142a dostawa? <strong>A<\/strong>: W przypadku czasu realizacji produkcji oko\u0142o 3-10 dni, w zale\u017cno\u015bci od wymaga\u0144, i czasu wysy\u0142ki przez DHL\/UPS\/FEDEX\/TNT, czas dostawy wyniesie oko\u0142o 3-7 dni roboczych. W przypadku niekt\u00f3rych odleg\u0142ych miejsc czas dostawy mo\u017ce by\u0107 nieco d\u0142u\u017cszy. <strong>Q<\/strong> :Jak naprawi\u0107 urz\u0105dzenie w przypadku wyst\u0105pienia problemu? <strong>A<\/strong>:Zapewniamy wsparcie techniczne online w celu rozwi\u0105zania problemu. Je\u015bli chodzi o problem ze sprz\u0119tem, mo\u017cemy wys\u0142a\u0107 cz\u0119\u015bci lub komponenty i nauczy\u0107 klienta, jak je zamontowa\u0107, je\u015bli ma technika, lub mo\u017ce r\u00f3wnie\u017c odes\u0142a\u0107 je do nas w celu rozwi\u0105zania problemu. <strong>Q<\/strong>: Czy mo\u017cecie dostosowa\u0107 i rozpowszechni\u0107 nasz produkt? <strong>A<\/strong>:Jeste\u015bmy profesjonalnym producentem rower\u00f3w elektrycznych z 8-letnim do\u015bwiadczeniem w produkcji. Oferujemy wsparcie w zakresie personalizacji, dystrybucji i sprzeda\u017cy hurtowej naszych produkt\u00f3w.<\/div>\n<\/div>\n<\/div>\n<\/div>\n<\/div>\n<\/div>\n<div id=\"42229223123\"><\/div>\n<div>\u00a0<\/div>\n<\/div>\n<div><\/div>\n<\/div>\n<\/div>\n<p><\/p>","protected":false},"excerpt":{"rendered":"<p>Tire Size:&nbsp;8 inch Model Number:&nbsp;C1 Category:&nbsp;Two-wheel Scooter Applicable People:&nbsp;MEN Range Per Charge:&nbsp;40-60km Charging Time:&nbsp;6-8h Voltage:&nbsp;24v Folded:&nbsp;YES Origin:&nbsp;Mainland China Power (W):&nbsp;100-200w Place of Origin:&nbsp;Anhui, China Brand:&nbsp;kixin Model Number:&nbsp;C1 Charging Time:&nbsp;5-6h Foldable:&nbsp;Yes<\/p>","protected":false},"featured_media":7696,"comment_status":"open","ping_status":"closed","template":"","meta":{"_acf_changed":false},"product_brand":[],"product_cat":[302],"product_tag":[303],"class_list":{"0":"post-7695","1":"product","2":"type-product","3":"status-publish","4":"has-post-thumbnail","6":"product_cat-electric-children-scooters","7":"product_tag-hx","9":"first","10":"instock","11":"shipping-taxable","12":"purchasable","13":"product-type-simple"},"acf":[],"_links":{"self":[{"href":"https:\/\/www.electricstore.eu\/pl\/wp-json\/wp\/v2\/product\/7695","targetHints":{"allow":["GET"]}}],"collection":[{"href":"https:\/\/www.electricstore.eu\/pl\/wp-json\/wp\/v2\/product"}],"about":[{"href":"https:\/\/www.electricstore.eu\/pl\/wp-json\/wp\/v2\/types\/product"}],"replies":[{"embeddable":true,"href":"https:\/\/www.electricstore.eu\/pl\/wp-json\/wp\/v2\/comments?post=7695"}],"wp:featuredmedia":[{"embeddable":true,"href":"https:\/\/www.electricstore.eu\/pl\/wp-json\/wp\/v2\/media\/7696"}],"wp:attachment":[{"href":"https:\/\/www.electricstore.eu\/pl\/wp-json\/wp\/v2\/media?parent=7695"}],"wp:term":[{"taxonomy":"product_brand","embeddable":true,"href":"https:\/\/www.electricstore.eu\/pl\/wp-json\/wp\/v2\/product_brand?post=7695"},{"taxonomy":"product_cat","embeddable":true,"href":"https:\/\/www.electricstore.eu\/pl\/wp-json\/wp\/v2\/product_cat?post=7695"},{"taxonomy":"product_tag","embeddable":true,"href":"https:\/\/www.electricstore.eu\/pl\/wp-json\/wp\/v2\/product_tag?post=7695"}],"curies":[{"name":"wp","href":"https:\/\/api.w.org\/{rel}","templated":true}]}}