{"id":7661,"date":"2025-05-15T19:33:34","date_gmt":"2025-05-15T19:33:34","guid":{"rendered":"https:\/\/electricstore.eu\/product\/gaiaray-6ah-12v-lifepo4-battery\/"},"modified":"2025-05-21T05:40:10","modified_gmt":"2025-05-21T05:40:10","slug":"gaiaray-6ah-12v-lifepo4-battery","status":"publish","type":"product","link":"https:\/\/www.electricstore.eu\/pl\/p\/batteries\/lifepo4-batteries\/100ah\/gaiaray-6ah-12v-lifepo4-battery\/","title":{"rendered":"Akumulator Gaiaray 6Ah 12V LiFePO4"},"content":{"rendered":"<div class=\"product-specs-list-container\">\n<ul class=\"product-specs-list util-clearfix\">\n<li class=\"product-prop line-limit-length\"><span\n                                        class=\"property-title\">Substancja chemiczna budz\u0105ca du\u017ce obawy:&nbsp;<\/span><span\n                                        class=\"property-desc line-limit-length\">Nic<\/span>\n                            <\/li>\n<li class=\"product-prop line-limit-length\"><span\n                                        class=\"property-title\">Pojemno\u015b\u0107 nominalna:&nbsp;<\/span><span\n                                        class=\"property-desc line-limit-length\">12 V<\/span>\n                            <\/li>\n<li class=\"product-prop line-limit-length\"><span\n                                        class=\"property-title\">Waga:&nbsp;<\/span><span\n                                        class=\"property-desc line-limit-length\">1kg<\/span>\n                            <\/li>\n<li class=\"product-prop line-limit-length\"><span\n                                        class=\"property-title\">Wolta\u017c:&nbsp;<\/span><span\n                                        class=\"property-desc line-limit-length\">12 V<\/span>\n                            <\/li>\n<li class=\"product-prop line-limit-length\"><span\n                                        class=\"property-title\">Aplikacja:&nbsp;<\/span><span\n                                        class=\"property-desc line-limit-length\">Rower elektryczny, hulajnoga elektryczna, kamper, \u0142\u00f3d\u017a morska, silnik zaburtowy<\/span>\n                            <\/li>\n<li class=\"product-prop line-limit-length\"><span\n                                        class=\"property-title\">Numer modelu:&nbsp;<\/span><span\n                                        class=\"property-desc line-limit-length\">J212<\/span>\n                            <\/li>\n<li class=\"product-prop line-limit-length\"><span\n                                        class=\"property-title\">Typ:&nbsp;<\/span><span\n                                        class=\"property-desc line-limit-length\">Kwasowo-o\u0142owiowy<\/span>\n                            <\/li>\n<li class=\"product-prop line-limit-length\"><span\n                                        class=\"property-title\">Nazwa marki:&nbsp;<\/span><span\n                                        class=\"property-desc line-limit-length\">GaiaRay<\/span>\n                            <\/li>\n<li class=\"product-prop line-limit-length\"><span\n                                        class=\"property-title\">Pochodzenie:&nbsp;<\/span><span\n                                        class=\"property-desc line-limit-length\">Chiny kontynentalne<\/span>\n                            <\/li>\n<li class=\"product-prop line-limit-length\"><span\n                                        class=\"property-title\">Napi\u0119cie znamionowe:&nbsp;<\/span><span\n                                        class=\"property-desc line-limit-length\">14,8 V<\/span>\n                            <\/li>\n<\/ul><\/div>\n<div class=\"detailmodule_html\">\n<div class=\"detail-desc-decorate-richtext\">\n<p><span style=\"font-size:20px\">Gaiaray Nowy akumulator LiFePo4 12 V 6 Ah z wbudowanym akumulatorem BMS do skuter\u00f3w dzieci\u0119cych, \u0142odzi, motocykli, bez podatku<\/span><\/p>\n<div style=\"margin:0px;margin-bottom:0px;margin-top:0px;margin-left:0px;margin-right:0px;padding:0px;padding-bottom:0px;padding-top:0px;padding-left:0px;padding-right:0px;box-sizing:content-box\" class=\"detailmodule_text-image\">\n<p style=\"font-family:&quot;TT Norms Pro&quot;, &quot;Open Sans&quot;, Roboto, Arial, Helvetica, sans-serif, SimSun;font-size:13px;font-weight:400;letter-spacing:normal;line-height:inherit;text-align:start;white-space:normal;color:rgb(208, 2, 27);background-color:rgb(255, 255, 255);margin:0px;margin-bottom:0px;margin-top:0px;margin-left:0px;margin-right:0px;padding:0px;padding-bottom:0px;padding-top:0px;padding-left:0px;padding-right:0px;box-sizing:border-box\" align=\"start\"><span style=\"font-size:20px;font-family:arial, helvetica, sans-serif\"><strong>Wydajna wydajno\u015b\u0107:<\/strong><\/span><\/p>\n<p style=\"font-family:&quot;TT Norms Pro&quot;, &quot;Open Sans&quot;, Roboto, Arial, Helvetica, sans-serif, SimSun;font-size:13px;font-weight:400;letter-spacing:normal;line-height:inherit;text-align:start;white-space:normal;color:rgb(34, 34, 34);background-color:rgb(255, 255, 255);margin:0px;margin-bottom:0px;margin-top:0px;margin-left:0px;margin-right:0px;padding:0px;padding-bottom:0px;padding-top:0px;padding-left:0px;padding-right:0px;box-sizing:border-box\" align=\"start\"><span style=\"font-size:20px;font-family:arial, helvetica, sans-serif\">Akumulator LiFePO4 mo\u017ce doskonale zast\u0105pi\u0107 tradycyjne akumulatory o\u0142owiowe. Ogniwa LiFePO4 o wi\u0119kszej g\u0119sto\u015bci energii, lepszej stabilno\u015bci sprawiaj\u0105, \u017ce akumulatory s\u0105 wystarczaj\u0105co dobre w wysokiej temperaturze, wysokiej mocy wyj\u015bciowej, niskim wsp\u00f3\u0142czynniku samoroz\u0142adowania. Akumulator LiFePO4 mo\u017cna roz\u0142adowywa\u0107 w zakresie 96%-99%, podczas gdy akumulator kwasowo-o\u0142owiowy mo\u017cna roz\u0142adowywa\u0107 tylko w zakresie 40% do 50%.<\/span><\/p>\n<\/div>\n<div style=\"margin:0px;margin-bottom:0px;margin-top:0px;margin-left:0px;margin-right:0px;padding:0px;padding-bottom:0px;padding-top:0px;padding-left:0px;padding-right:0px;box-sizing:content-box\" class=\"detailmodule_text-image\"><\/div>\n<div style=\"margin:0px;margin-bottom:0px;margin-top:0px;margin-left:0px;margin-right:0px;padding:0px;padding-bottom:0px;padding-top:0px;padding-left:0px;padding-right:0px;box-sizing:content-box\" class=\"detailmodule_text-image\">\n<p style=\"font-size:16px;line-height:inherit;color:rgb(208, 2, 27);margin:0px;margin-bottom:0px;margin-top:0px;margin-left:0px;margin-right:0px;padding:0px;padding-bottom:0px;padding-top:0px;padding-left:0px;padding-right:0px;box-sizing:border-box\"><strong>Akumulator LiPO4 12V 6Ah<\/strong><\/p>\n<p style=\"font-size:13px;line-height:inherit;margin:0px;margin-bottom:0px;margin-top:0px;margin-left:0px;margin-right:0px;padding:0px;padding-bottom:0px;padding-top:0px;padding-left:0px;padding-right:0px;box-sizing:border-box\"><span style=\"font-size:20px;font-family:arial, helvetica, sans-serif\">Napi\u0119cie znamionowe: 12,8 V<br \/>Pojemno\u015b\u0107 nominalna: 6Ah<br \/>Wbudowany BMS:4S15A<br \/>Energia: 76,8 Wh<br \/>Cykl \u017cycia: \uff1e4000 cykli przy 0,5C<br \/>Napi\u0119cie \u0142adowania: 14,6\u00b10,2V<br \/>Zalecany pr\u0105d \u0142adowania: 0,5C(3A)<br \/>Maksymalny pr\u0105d roz\u0142adowania\/\u0142adowania: 10A<br \/>Maksymalny pr\u0105d impulsowy: 20A(\uff1c3S)<br \/>Napi\u0119cie odci\u0119cia roz\u0142adowania: 10,0 V<br \/>Temperatura \u0142adowania: od 0 do 45\u2103 (od 32 do 113\u2109)<br \/>Temperatura roz\u0142adowania: -20 do 60\u2103 (-4 do 140\u2109)<br \/>Temperatura przechowywania: od 0 do 45\u2103 (od 32 do 113\u2109)<br \/>Odporno\u015b\u0107 na wod\u0119 i kurz: IP5<br \/>Materia\u0142 obudowy: ABS<br \/>Wymiary (d\u0142.\/szer.\/wys.): D\u0142.: 151 mm * szer.: 65 mm * wys.: 100 mm<br \/>Waga: ok. 0,75 kg<br \/>Typ terminala: F2<\/span><\/p>\n<div style=\"margin:0px;margin-bottom:0px;margin-top:0px;margin-left:0px;margin-right:0px;padding:0px;padding-bottom:0px;padding-top:0px;padding-left:0px;padding-right:0px;box-sizing:content-box\"><img decoding=\"async\" src=\"https:\/\/ae01.alicdn.com\/kf\/S697402c1550147609fafd6665daed34fO.jpg\" slate-data-type=\"image\"\/><img decoding=\"async\" src=\"https:\/\/ae01.alicdn.com\/kf\/S3fafb04bf5db4efc9135ce791296555d4.jpg\" slate-data-type=\"image\"\/><img decoding=\"async\" src=\"https:\/\/ae01.alicdn.com\/kf\/S32abe70b53b24e1aa567856138fe600fa.jpg\" slate-data-type=\"image\"\/><img decoding=\"async\" src=\"https:\/\/ae01.alicdn.com\/kf\/S909f29fb2c4d47e291beef3b4b440b4eQ.jpg\" slate-data-type=\"image\"\/><img decoding=\"async\" src=\"https:\/\/ae01.alicdn.com\/kf\/Sf26a8ab905014bbb99c8a92d6db8b43fP.jpg\" slate-data-type=\"image\"\/><img decoding=\"async\" src=\"https:\/\/ae01.alicdn.com\/kf\/S98227e933a724425a9a337a6a2a42572x.jpg\" slate-data-type=\"image\"\/><img decoding=\"async\" src=\"https:\/\/ae01.alicdn.com\/kf\/S5fd84ecd91124f5eb616747dd971cb3aJ.jpg\" slate-data-type=\"image\"\/><img decoding=\"async\" src=\"https:\/\/ae01.alicdn.com\/kf\/S656b3d661da64520beeae103c6db2105S.jpg\" slate-data-type=\"image\"\/><\/div>\n<\/div>\n<\/div>\n<\/div>\n<p><\/p>","protected":false},"excerpt":{"rendered":"<p>Hign-concerned Chemical:&nbsp;None Nominal Capacity:&nbsp;12v Weight:&nbsp;1kg Voltage:&nbsp;12v Application:&nbsp;Electric Bicycle,E-scooter,RV,Marine Boat,Trolling Motor Model Number:&nbsp;J212 Type:&nbsp;Lead-acid Brand Name:&nbsp;GaiaRay Origin:&nbsp;Mainland China Rated Voltage:&nbsp;14.8V Gaiaray New 12V 6Ah LiFePo4 Battery with built-in BMS rechargeable battery<\/p>","protected":false},"featured_media":7664,"comment_status":"open","ping_status":"closed","template":"","meta":{"_acf_changed":false},"product_brand":[],"product_cat":[236],"product_tag":[271],"class_list":{"0":"post-7661","1":"product","2":"type-product","3":"status-publish","4":"has-post-thumbnail","6":"product_cat-100ah","7":"product_tag-gaiary","9":"first","10":"instock","11":"shipping-taxable","12":"purchasable","13":"product-type-variable"},"acf":[],"_links":{"self":[{"href":"https:\/\/www.electricstore.eu\/pl\/wp-json\/wp\/v2\/product\/7661","targetHints":{"allow":["GET"]}}],"collection":[{"href":"https:\/\/www.electricstore.eu\/pl\/wp-json\/wp\/v2\/product"}],"about":[{"href":"https:\/\/www.electricstore.eu\/pl\/wp-json\/wp\/v2\/types\/product"}],"replies":[{"embeddable":true,"href":"https:\/\/www.electricstore.eu\/pl\/wp-json\/wp\/v2\/comments?post=7661"}],"wp:featuredmedia":[{"embeddable":true,"href":"https:\/\/www.electricstore.eu\/pl\/wp-json\/wp\/v2\/media\/7664"}],"wp:attachment":[{"href":"https:\/\/www.electricstore.eu\/pl\/wp-json\/wp\/v2\/media?parent=7661"}],"wp:term":[{"taxonomy":"product_brand","embeddable":true,"href":"https:\/\/www.electricstore.eu\/pl\/wp-json\/wp\/v2\/product_brand?post=7661"},{"taxonomy":"product_cat","embeddable":true,"href":"https:\/\/www.electricstore.eu\/pl\/wp-json\/wp\/v2\/product_cat?post=7661"},{"taxonomy":"product_tag","embeddable":true,"href":"https:\/\/www.electricstore.eu\/pl\/wp-json\/wp\/v2\/product_tag?post=7661"}],"curies":[{"name":"wp","href":"https:\/\/api.w.org\/{rel}","templated":true}]}}