{"id":7561,"date":"2025-05-15T19:32:37","date_gmt":"2025-05-15T19:32:37","guid":{"rendered":"https:\/\/electricstore.eu\/product\/usamr-4-pcs-350ah-lifepo4-battery-cells-3-2v\/"},"modified":"2025-05-20T13:33:58","modified_gmt":"2025-05-20T13:33:58","slug":"usamr-4-pcs-350ah-lifepo4-battery-cells-3-2v","status":"publish","type":"product","link":"https:\/\/www.electricstore.eu\/pl\/p\/batteries\/lifepo4-batteries\/lifepo4-battery-cells\/usamr-4-pcs-350ah-lifepo4-battery-cells-3-2v\/","title":{"rendered":"Ogniwa baterii Likctt 350Ah 3,2 V LiFePO4"},"content":{"rendered":"<div class=\"product-specs-list-container\">\n<ul class=\"product-specs-list util-clearfix\">\n<li class=\"product-prop line-limit-length\"><span\n                                        class=\"property-title\">Pojemno\u015b\u0107 nominalna:&nbsp;<\/span><span\n                                        class=\"property-desc line-limit-length\">350AH<\/span>\n                            <\/li>\n<li class=\"product-prop line-limit-length\"><span\n                                        class=\"property-title\">Waga:&nbsp;<\/span><span\n                                        class=\"property-desc line-limit-length\">Oko\u0142o 5,6 kg<\/span>\n                            <\/li>\n<li class=\"product-prop line-limit-length\"><span\n                                        class=\"property-title\">Rozmiar:&nbsp;<\/span><span\n                                        class=\"property-desc line-limit-length\">174*72*207 mm<\/span>\n                            <\/li>\n<li class=\"product-prop line-limit-length\"><span\n                                        class=\"property-title\">Aplikacja:&nbsp;<\/span><span\n                                        class=\"property-desc line-limit-length\">Pojazdy elektryczne, kampery, \u0142odzie morskie, silniki zaburtowe, energia domowa, magazynowanie energii s\u0142onecznej, systemy zasilania s\u0142onecznego poza sieci\u0105, inne<\/span>\n                            <\/li>\n<li class=\"product-prop line-limit-length\"><span\n                                        class=\"property-title\">Numer modelu:&nbsp;<\/span><span\n                                        class=\"property-desc line-limit-length\">Akumulator Liferpo4 3,2 V<\/span>\n                            <\/li>\n<li class=\"product-prop line-limit-length\"><span\n                                        class=\"property-title\">Typ:&nbsp;<\/span><span\n                                        class=\"property-desc line-limit-length\">LiFePO4<\/span>\n                            <\/li>\n<li class=\"product-prop line-limit-length\"><span\n                                        class=\"property-title\">Nazwa marki:&nbsp;<\/span><span\n                                        class=\"property-desc line-limit-length\">Lubi\u0107<\/span>\n                            <\/li>\n<li class=\"product-prop line-limit-length\"><span\n                                        class=\"property-title\">Pochodzenie:&nbsp;<\/span><span\n                                        class=\"property-desc line-limit-length\">Chiny kontynentalne<\/span>\n                            <\/li>\n<\/ul><\/div>\n<div class=\"detailmodule_html\">\n<div class=\"detail-desc-decorate-richtext\">\n<p class=\"word-break white-space mt-10\" style=\"text-align:left;color:#ff0000;font-size:16px;font-weight:bold;\">Uwaga: Ten produkt jest dost\u0119pny w stylach A i B i b\u0119dzie wysy\u0142any losowo.<\/p>\n<p><img fetchpriority=\"high\" decoding=\"async\" height=\"1000\" referrerpolicy=\"no-referrer\" src=\"https:\/\/ae01.alicdn.com\/kf\/S1532e78c3f4b497c8d6cc18c643be48co.jpg\" style=\"width: 100%; height: auto; vertical-align: middle;\" width=\"1000\"><\/p>\n<p class=\"word-break white-space mt-10\" style=\"color:#434649;\">Dotar\u0142 magazyn w UE (magazyn w Niemczech) (350AH) z 200 sztukami. Potrzebuj\u0105cy mog\u0105 ju\u017c teraz z\u0142o\u017cy\u0107 zam\u00f3wienie. Najpierw z\u0142\u00f3\u017c zam\u00f3wienie i zorganizuj przesy\u0142k\u0119. Towar otrzymasz w ci\u0105gu 3-7 dni od daty wysy\u0142ki.<\/p>\n<p class=\"word-break white-space mt-10\" style=\"text-align:left;color:#434649;font-size:13px;font-weight:normal;\">Specyfikacja produktu<br \/>\nNazwa produktu: \u017belazo fosforanowo-litowe<br \/>\nOcena: Ocena A<br \/>\nJako\u015b\u0107: nowy<br \/>\nMateria\u0142: aluminium<br \/>\nPojemno\u015b\u0107 znamionowa: 350Ah<br \/>\nMinimalna pojemno\u015b\u0107: 350Ah<br \/>\nImpedancja wewn\u0119trzna: 0,1~0,5 m\u03a9<br \/>\nNapi\u0119cie znamionowe: 3,2 V<br \/>\nWymiary (d\u0142. * szer. * wys.): 174*72*207 mm (+\/-10 mm)<br \/>\nWaga baterii: oko\u0142o 5,6 kg<br \/>\nZalecana sta\u0142a pr\u0105du: 350A (1C)<br \/>\nNapi\u0119cie ko\u0144cowe roz\u0142adowania: 2,5 V<br \/>\nZalecany pr\u0105d sta\u0142y: 350A (1C)<br \/>\nNapi\u0119cie \u0142adowania: 3,65 V<br \/>\nMaksymalny ci\u0105g\u0142y pr\u0105d roz\u0142adowania: 350A (1C)<br \/>\nCykl \u017cycia (90% DOD): 6000<br \/>\nTemperatura \u0142adowania: -5~60\u00b0C<br \/>\nTemperatura roz\u0142adowania: -30~60\u00b0C<br \/>\nO DIY: Poniewa\u017c DIY wykorzystuje laser do spawania dodatnich i ujemnych biegun\u00f3w akumulatora, w niekt\u00f3rych punktach spawania wyst\u0119puj\u0105 \u015blady spawania, kt\u00f3re nie wp\u0142ywaj\u0105 na u\u017cytkowanie akumulatora. Prosimy o zapoznanie si\u0119 z nimi.<br \/>\nObszary zastosowa\u0144: akumulatory rozruchowe silnik\u00f3w, rowery elektryczne, motocykle, skutery, w\u00f3zki golfowe, elektronarz\u0119dzia, systemy energii s\u0142onecznej i wiatrowej, kampery, przyczepy kempingowe, systemy zasilania awaryjnego i UPS.<br \/>\nUwaga: Do ka\u017cdej baterii do\u0142\u0105czony jest 1 metalowy \u0142\u0105cznik + 2 metalowe nakr\u0119tki + 2 p\u0142askie podk\u0142adki gratis<\/p>\n<p><img decoding=\"async\" height=\"1000\" referrerpolicy=\"no-referrer\" src=\"https:\/\/ae01.alicdn.com\/kf\/S70f7fe4ac85e425d9af32019ce6df00a1.jpg\" style=\"width: 100%; height: auto; vertical-align: middle;\" width=\"1000\"><img decoding=\"async\" height=\"1000\" referrerpolicy=\"no-referrer\" src=\"https:\/\/ae01.alicdn.com\/kf\/Sb27b7d4064b943fd83b1fba731473704K.jpg\" style=\"width: 100%; height: auto; vertical-align: middle;\" width=\"1000\"><img loading=\"lazy\" decoding=\"async\" height=\"1000\" referrerpolicy=\"no-referrer\" src=\"https:\/\/ae01.alicdn.com\/kf\/S358fa734cc1f4bb382f471fda4b30b4dK.jpg\" style=\"width: 100%; height: auto; vertical-align: middle;\" width=\"1000\"><img loading=\"lazy\" decoding=\"async\" height=\"1000\" referrerpolicy=\"no-referrer\" src=\"https:\/\/ae01.alicdn.com\/kf\/Sa67775ecc16043abbe1953f07e8d7937N.jpg\" style=\"width: 100%; height: auto; vertical-align: middle;\" width=\"1000\"><img loading=\"lazy\" decoding=\"async\" height=\"1000\" referrerpolicy=\"no-referrer\" src=\"https:\/\/ae01.alicdn.com\/kf\/S68e8016d2ba743e2b7b98ee5d3ce7258p.jpg\" style=\"width: 100%; height: auto; vertical-align: middle;\" width=\"1000\"><img loading=\"lazy\" decoding=\"async\" height=\"1000\" referrerpolicy=\"no-referrer\" src=\"https:\/\/ae01.alicdn.com\/kf\/S55edc1cfe069408897e51df3b8ad42b3I.jpg\" style=\"width: 100%; height: auto; vertical-align: middle;\" width=\"1000\"><img loading=\"lazy\" decoding=\"async\" height=\"1000\" referrerpolicy=\"no-referrer\" src=\"https:\/\/ae01.alicdn.com\/kf\/S4ceaef45ee774471a6ea50ec9d040b9cV.jpg\" style=\"width: 100%; height: auto; vertical-align: middle;\" width=\"1000\"><img loading=\"lazy\" decoding=\"async\" height=\"1000\" referrerpolicy=\"no-referrer\" src=\"https:\/\/ae01.alicdn.com\/kf\/Sad2d94d572004438ba560a76eb2bce0cY.jpg\" style=\"width: 100%; height: auto; vertical-align: middle;\" width=\"1000\"><img loading=\"lazy\" decoding=\"async\" height=\"1000\" referrerpolicy=\"no-referrer\" src=\"https:\/\/ae01.alicdn.com\/kf\/S2f9d60010e614866be6425608b5e1c3dR.jpg\" style=\"width: 100%; height: auto; vertical-align: middle;\" width=\"1000\"><img loading=\"lazy\" decoding=\"async\" height=\"1000\" referrerpolicy=\"no-referrer\" src=\"https:\/\/ae01.alicdn.com\/kf\/S92c3b30a902949efaad240200ffff083e.jpg\" style=\"width: 100%; height: auto; vertical-align: middle;\" width=\"1000\"><img loading=\"lazy\" decoding=\"async\" height=\"1000\" referrerpolicy=\"no-referrer\" src=\"https:\/\/ae01.alicdn.com\/kf\/Se67c36ca8cf740d29a0a1e9c0720b276H.jpg\" style=\"width: 100%; height: auto; vertical-align: middle;\" width=\"1000\"><img loading=\"lazy\" decoding=\"async\" height=\"1000\" referrerpolicy=\"no-referrer\" src=\"https:\/\/ae01.alicdn.com\/kf\/Se25f70b2a8e0459da01a28566215c2661.jpg\" style=\"width: 100%; height: auto; vertical-align: middle;\" width=\"1000\"><img loading=\"lazy\" decoding=\"async\" height=\"1000\" referrerpolicy=\"no-referrer\" src=\"https:\/\/ae01.alicdn.com\/kf\/Sdf45bcf43bdb4e6cb4df66e9bb09fdbbp.jpg\" style=\"width: 100%; height: auto; vertical-align: middle;\" width=\"1000\"><\/div>\n<\/div>","protected":false},"excerpt":{"rendered":"<p>Nominal Capacity:&nbsp;350AH Weight:&nbsp;About 5.6KG Size:&nbsp;174*72*207mm Application:&nbsp;EV,RV,Marine Boat,Trolling Motor,Home Energy,Solar Power Storage,Off-Grid Solar Power System,Others Model Number:&nbsp;3.2V Liferpo4 Battery Type:&nbsp;LiFePO4 Brand Name:&nbsp;Likctt Origin:&nbsp;Mainland China Note: This product is available in A<\/p>","protected":false},"featured_media":7562,"comment_status":"open","ping_status":"closed","template":"","meta":{"_acf_changed":false},"product_brand":[],"product_cat":[235],"product_tag":[243],"class_list":{"0":"post-7561","1":"product","2":"type-product","3":"status-publish","4":"has-post-thumbnail","6":"product_cat-lifepo4-battery-cells","7":"product_tag-usamr","9":"first","10":"instock","11":"shipping-taxable","12":"purchasable","13":"product-type-simple"},"acf":[],"_links":{"self":[{"href":"https:\/\/www.electricstore.eu\/pl\/wp-json\/wp\/v2\/product\/7561","targetHints":{"allow":["GET"]}}],"collection":[{"href":"https:\/\/www.electricstore.eu\/pl\/wp-json\/wp\/v2\/product"}],"about":[{"href":"https:\/\/www.electricstore.eu\/pl\/wp-json\/wp\/v2\/types\/product"}],"replies":[{"embeddable":true,"href":"https:\/\/www.electricstore.eu\/pl\/wp-json\/wp\/v2\/comments?post=7561"}],"wp:featuredmedia":[{"embeddable":true,"href":"https:\/\/www.electricstore.eu\/pl\/wp-json\/wp\/v2\/media\/7562"}],"wp:attachment":[{"href":"https:\/\/www.electricstore.eu\/pl\/wp-json\/wp\/v2\/media?parent=7561"}],"wp:term":[{"taxonomy":"product_brand","embeddable":true,"href":"https:\/\/www.electricstore.eu\/pl\/wp-json\/wp\/v2\/product_brand?post=7561"},{"taxonomy":"product_cat","embeddable":true,"href":"https:\/\/www.electricstore.eu\/pl\/wp-json\/wp\/v2\/product_cat?post=7561"},{"taxonomy":"product_tag","embeddable":true,"href":"https:\/\/www.electricstore.eu\/pl\/wp-json\/wp\/v2\/product_tag?post=7561"}],"curies":[{"name":"wp","href":"https:\/\/api.w.org\/{rel}","templated":true}]}}