{"id":7544,"date":"2025-05-15T19:32:29","date_gmt":"2025-05-15T19:32:29","guid":{"rendered":"https:\/\/electricstore.eu\/product\/usamr-150ah-12v-lifepo4-battery\/"},"modified":"2025-05-21T05:40:16","modified_gmt":"2025-05-21T05:40:16","slug":"usamr-150ah-12v-lifepo4-battery","status":"publish","type":"product","link":"https:\/\/www.electricstore.eu\/pl\/p\/batteries\/lifepo4-batteries\/100-200ah-lifepo4-batteries\/usamr-150ah-12v-lifepo4-battery\/","title":{"rendered":"Akumulator USAMR 150Ah 12V LiFePO4"},"content":{"rendered":"<div class=\"product-specs-list-container\">\n<ul class=\"product-specs-list util-clearfix\">\n<li class=\"product-prop line-limit-length\"><span\n                                        class=\"property-title\">Pojemno\u015b\u0107 nominalna:&nbsp;<\/span><span\n                                        class=\"property-desc line-limit-length\">150AH<\/span>\n                            <\/li>\n<li class=\"product-prop line-limit-length\"><span\n                                        class=\"property-title\">Waga:&nbsp;<\/span><span\n                                        class=\"property-desc line-limit-length\">About 12kg<\/span>\n                            <\/li>\n<li class=\"product-prop line-limit-length\"><span\n                                        class=\"property-title\">Rozmiar:&nbsp;<\/span><span\n                                        class=\"property-desc line-limit-length\">330x230x170mm<\/span>\n                            <\/li>\n<li class=\"product-prop line-limit-length\"><span\n                                        class=\"property-title\">Aplikacja:&nbsp;<\/span><span\n                                        class=\"property-desc line-limit-length\">Pojazdy elektryczne, kampery, \u0142odzie morskie, silniki zaburtowe, energia domowa, magazynowanie energii s\u0142onecznej, systemy zasilania s\u0142onecznego poza sieci\u0105, inne<\/span>\n                            <\/li>\n<li class=\"product-prop line-limit-length\"><span\n                                        class=\"property-title\">Numer modelu:&nbsp;<\/span><span\n                                        class=\"property-desc line-limit-length\">Akumulator Liferpo4 12 V<\/span>\n                            <\/li>\n<li class=\"product-prop line-limit-length\"><span\n                                        class=\"property-title\">Typ:&nbsp;<\/span><span\n                                        class=\"property-desc line-limit-length\">LiFePO4<\/span>\n                            <\/li>\n<li class=\"product-prop line-limit-length\"><span\n                                        class=\"property-title\">Nazwa marki:&nbsp;<\/span><span\n                                        class=\"property-desc line-limit-length\">Lubi\u0107<\/span>\n                            <\/li>\n<li class=\"product-prop line-limit-length\"><span\n                                        class=\"property-title\">Pochodzenie:&nbsp;<\/span><span\n                                        class=\"property-desc line-limit-length\">Chiny kontynentalne<\/span>\n                            <\/li>\n<\/ul><\/div>\n<div class=\"detailmodule_html\">\n<div class=\"detail-desc-decorate-richtext\">\n<p class=\"word-break white-space mt-10\" style=\"color:rgb(255, 0, 0);font-size:20px;font-weight:bold;\">Transport na terenie Unii Europejskiej, Wielkiej Brytanii, Stan\u00f3w Zjednoczonych, Kanady i Azji jest WOLNY OD PODATKU.<\/p>\n<p><img fetchpriority=\"high\" decoding=\"async\" height=\"1200\" referrerpolicy=\"no-referrer\" src=\"https:\/\/ae01.alicdn.com\/kf\/S35dcd2739699439a88556f721058ed87D.jpg?width=1200&amp;height=1200&amp;hash=2400\" style=\"width: 100%; height: auto; vertical-align: middle;\" width=\"1200\"><\/p>\n<p class=\"word-break white-space mt-10\" style=\"color:#ff0000;font-size:20px;font-weight:bold;\">Magazyn UE (magazyn w Polsce) dotar\u0142. Przyjaciele, kt\u00f3rzy go potrzebuj\u0105, mog\u0105 z\u0142o\u017cy\u0107 zam\u00f3wienie ju\u017c teraz. Najpierw z\u0142\u00f3\u017c zam\u00f3wienie i zorganizuj przesy\u0142k\u0119. Towar mo\u017cesz otrzyma\u0107 w ci\u0105gu 3-7 dni od wysy\u0142ki.<\/p>\n<p class=\"word-break white-space mt-10\" style=\"text-align:left;color:#434649;font-size:13px;font-weight:normal;\">Typ baterii:<br \/>\nBattery capacity:150ah<br \/>\nBattery size:330*230*170mm (+\/-10mm)<br \/>\nWeight:12kg(+\/-0.5kg)<br \/>\nWbudowany: Akumulator LiFePO4 3,2 V<br \/>\nNapi\u0119cie znamionowe: 12,8 V<br \/>\nMaksymalny pr\u0105d \u0142adowania: 50A<br \/>\nPr\u0105d roz\u0142adowania natychmiastowego: 200A<br \/>\nCi\u0105g\u0142y pr\u0105d roz\u0142adowania: 100A<br \/>\n\u017bycie: 6000 cykli lub wi\u0119cej<br \/>\nTemperatura \u0142adowania: 0~45\u00b0C<br \/>\nTemperatura roz\u0142adowania: -20~60\u00b0C<br \/>\nTemperatura przechowywania: -20~65 \u00b0C<br \/>\nZakres napi\u0119cia roboczego: 8,0 V-14,6 V<br \/>\nNapi\u0119cie zabezpieczenia przeci\u0105\u017ceniowego: 14,6 V \u00b1 0,05 V<br \/>\nZabezpieczenie napi\u0119ciowe przed przepi\u0119ciami: 8,0 V \u00b1 0,05 V<br \/>\nChro\u0144 temperatur\u0119 akumulatora: 60\u00b0C plus 5\u00b0C<br \/>\nWyj\u015bcie i parametry: kolumna po\u0142\u0105cze\u0144 wysokopr\u0105dowych dodatnich\/ujemnych (czerwony dodatni, czarny ujemny)<\/p>\n<p><img decoding=\"async\" height=\"1000\" referrerpolicy=\"no-referrer\" src=\"https:\/\/ae01.alicdn.com\/kf\/S8bcff6c1d553445badafa9b8f7186a08N.jpg\" style=\"width: 100%; height: auto; vertical-align: middle;\" width=\"1000\"><img decoding=\"async\" height=\"1000\" referrerpolicy=\"no-referrer\" src=\"https:\/\/ae01.alicdn.com\/kf\/S82b27f18f1c141ffba330fc0e4484fb3Q.jpg?width=1000&amp;height=1000&amp;hash=2000\" style=\"width: 100%; height: auto; vertical-align: middle;\" width=\"1000\"><img loading=\"lazy\" decoding=\"async\" height=\"1000\" referrerpolicy=\"no-referrer\" src=\"https:\/\/ae01.alicdn.com\/kf\/Sf70946ecb6e3472ab0d4d5b24f333c40h.jpg?width=1000&amp;height=1000&amp;hash=2000\" style=\"width: 100%; height: auto; vertical-align: middle;\" width=\"1000\"><\/p>\n<p class=\"word-break white-space mt-10\" style=\"text-align:left;color:#434649;font-size:13px;font-weight:normal;\">Typ baterii:<br \/>\nBattery capacity:120ah<br \/>\nBattery size:330*230*170mm (+\/-10mm)<br \/>\nWeight:10.5kg(+\/-0.5kg)<br \/>\nWbudowany: Akumulator LiFePO4 3,2 V<br \/>\nNapi\u0119cie znamionowe: 12,8 V<br \/>\nMaksymalny pr\u0105d \u0142adowania: 50A<br \/>\nPr\u0105d roz\u0142adowania natychmiastowego: 200A<br \/>\nCi\u0105g\u0142y pr\u0105d roz\u0142adowania: 100A<br \/>\n\u017bycie: 6000 cykli lub wi\u0119cej<br \/>\nTemperatura \u0142adowania: 0~45\u00b0C<br \/>\nTemperatura roz\u0142adowania: -20~60\u00b0C<br \/>\nTemperatura przechowywania: -20~65 \u00b0C<br \/>\nZakres napi\u0119cia roboczego: 8,0 V-14,6 V<br \/>\nNapi\u0119cie zabezpieczenia przeci\u0105\u017ceniowego: 14,6 V \u00b1 0,05 V<br \/>\nZabezpieczenie napi\u0119ciowe przed przepi\u0119ciami: 8,0 V \u00b1 0,05 V<br \/>\nChro\u0144 temperatur\u0119 akumulatora: 60\u00b0C plus 5\u00b0C<br \/>\nWyj\u015bcie i parametry: kolumna po\u0142\u0105cze\u0144 wysokopr\u0105dowych dodatnich\/ujemnych (czerwony dodatni, czarny ujemny)<\/p>\n<p><img loading=\"lazy\" decoding=\"async\" height=\"1000\" referrerpolicy=\"no-referrer\" src=\"https:\/\/ae01.alicdn.com\/kf\/S58e1749255c54da89732b0ff480bdc293.jpg?width=1000&amp;height=1000&amp;hash=2000\" style=\"width: 100%; height: auto; vertical-align: middle;\" width=\"1000\"><img loading=\"lazy\" decoding=\"async\" height=\"1000\" referrerpolicy=\"no-referrer\" src=\"https:\/\/ae01.alicdn.com\/kf\/S549ef97bb27e4969a47f7f1136bb182bO.jpg?width=1000&amp;height=1000&amp;hash=2000\" style=\"width: 100%; height: auto; vertical-align: middle;\" width=\"1000\"><img loading=\"lazy\" decoding=\"async\" height=\"1000\" referrerpolicy=\"no-referrer\" src=\"https:\/\/ae01.alicdn.com\/kf\/S8b93755b9ee24a889d7648bbba4d5c23C.jpg?width=1000&amp;height=1000&amp;hash=2000\" style=\"width: 100%; height: auto; vertical-align: middle;\" width=\"1000\"><\/p>\n<p class=\"word-break white-space mt-10\" style=\"text-align:left;color:#434649;font-size:13px;font-weight:normal;\">Typ baterii:<br \/>\nBattery capacity:100ah<br \/>\nBattery size:310*172*193mm (+\/-10mm)<br \/>\nWeight:9.5kg(+\/-0.5kg)<br \/>\nWbudowany: Akumulator LiFePO4 3,2 V<br \/>\nNapi\u0119cie znamionowe: 12,8 V<br \/>\nMaksymalny pr\u0105d \u0142adowania: 50A<br \/>\nPr\u0105d roz\u0142adowania natychmiastowego: 200A<br \/>\nCi\u0105g\u0142y pr\u0105d roz\u0142adowania: 100A<br \/>\n\u017bycie: 6000 cykli lub wi\u0119cej<br \/>\nTemperatura \u0142adowania: 0~45\u00b0C<br \/>\nTemperatura roz\u0142adowania: -20~60\u00b0C<br \/>\nTemperatura przechowywania: -20~65 \u00b0C<br \/>\nZakres napi\u0119cia roboczego: 8,0 V-14,6 V<br \/>\nNapi\u0119cie zabezpieczenia przeci\u0105\u017ceniowego: 14,6 V \u00b1 0,05 V<br \/>\nZabezpieczenie napi\u0119ciowe przed przepi\u0119ciami: 8,0 V \u00b1 0,05 V<br \/>\nChro\u0144 temperatur\u0119 akumulatora: 60\u00b0C plus 5\u00b0C<br \/>\nWyj\u015bcie i parametry: kolumna po\u0142\u0105cze\u0144 wysokopr\u0105dowych dodatnich\/ujemnych (czerwony dodatni, czarny ujemny)<\/p>\n<p><img loading=\"lazy\" decoding=\"async\" height=\"1000\" referrerpolicy=\"no-referrer\" src=\"https:\/\/ae01.alicdn.com\/kf\/S7ab31d5bcc21462190a3dbf7b8dde4a0c.jpg\" style=\"width: 100%; height: auto; vertical-align: middle;\" width=\"1000\"><img loading=\"lazy\" decoding=\"async\" height=\"1000\" referrerpolicy=\"no-referrer\" src=\"https:\/\/ae01.alicdn.com\/kf\/S59b8b8b3d37743c1aefe5710fc421d4dG.jpg\" style=\"width: 100%; height: auto; vertical-align: middle;\" width=\"1000\"><img loading=\"lazy\" decoding=\"async\" height=\"1000\" referrerpolicy=\"no-referrer\" src=\"https:\/\/ae01.alicdn.com\/kf\/Se4f0309c932a4b0b8c55f27669797293m.jpg\" style=\"width: 100%; height: auto; vertical-align: middle;\" width=\"1000\"><\/p>\n<p class=\"word-break white-space mt-10\" style=\"text-align:left;color:#434649;font-size:13px;font-weight:normal;\">Typ baterii:<br \/>\nBattery capacity:100ah<br \/>\nBattery size:230*230*180mm (+\/-10mm)<br \/>\nWeight:10.8kg(+\/-0.5kg)<br \/>\nWbudowany: Akumulator LiFePO4 3,2 V<br \/>\nNapi\u0119cie znamionowe: 12,8 V<br \/>\nMaksymalny pr\u0105d \u0142adowania: 50A<br \/>\nPr\u0105d roz\u0142adowania natychmiastowego: 200A<br \/>\nCi\u0105g\u0142y pr\u0105d roz\u0142adowania: 100A<br \/>\n\u017bycie: 6000 cykli lub wi\u0119cej<br \/>\nMateria\u0142 obudowy: Matel<br \/>\nTemperatura \u0142adowania: 0~45\u00b0C<br \/>\nTemperatura roz\u0142adowania: -20~60\u00b0C<br \/>\nTemperatura przechowywania: -20~65 \u00b0C<br \/>\nZakres napi\u0119cia roboczego: 8,0 V-14,6 V<br \/>\nNapi\u0119cie zabezpieczenia przeci\u0105\u017ceniowego: 14,6 V \u00b1 0,05 V<br \/>\nZabezpieczenie napi\u0119ciowe przed przepi\u0119ciami: 8,0 V \u00b1 0,05 V<br \/>\nChro\u0144 temperatur\u0119 akumulatora: 60\u00b0C plus 5\u00b0C<br \/>\nWyj\u015bcie i parametry: kolumna po\u0142\u0105cze\u0144 wysokopr\u0105dowych dodatnich\/ujemnych (czerwony dodatni, czarny ujemny)<\/p>\n<p><img loading=\"lazy\" decoding=\"async\" height=\"1000\" referrerpolicy=\"no-referrer\" src=\"https:\/\/ae01.alicdn.com\/kf\/Sb5c8989b88024f3ab8bb5925541be49d0.jpg?width=1000&#038;height=1000&#038;hash=2000\" style=\"width: 100%; height: auto; vertical-align: middle;\" width=\"1000\"><img loading=\"lazy\" decoding=\"async\" height=\"1000\" referrerpolicy=\"no-referrer\" src=\"https:\/\/ae01.alicdn.com\/kf\/S3b297dfe2df946db90b12474d69d5a4cb.jpg?width=1000&#038;height=1000&#038;hash=2000\" style=\"width: 100%; height: auto; vertical-align: middle;\" width=\"1000\"><img loading=\"lazy\" decoding=\"async\" height=\"1000\" referrerpolicy=\"no-referrer\" src=\"https:\/\/ae01.alicdn.com\/kf\/S1e25678d179944c5872e7d160ebab46c3.jpg?width=1000&#038;height=1000&#038;hash=2000\" style=\"width: 100%; height: auto; vertical-align: middle;\" width=\"1000\"><\/p>\n<p class=\"word-break white-space mt-10\" style=\"text-align:left;color:#434649;font-size:13px;font-weight:normal;\">Typ baterii:<br \/>\nBattery capacity:50ah<br \/>\nBattery size:230*230*180mm (+\/-10mm)<br \/>\nWeight:7.3kg(+\/-0.5kg)<br \/>\nWbudowany: Akumulator LiFePO4 3,2 V<br \/>\nNapi\u0119cie znamionowe: 12,8 V<br \/>\nMaksymalny pr\u0105d \u0142adowania: 50A<br \/>\nPr\u0105d roz\u0142adowania natychmiastowego: 200A<br \/>\nCi\u0105g\u0142y pr\u0105d roz\u0142adowania: 100A<br \/>\nLife: 5000 Cycles or more<br \/>\nMateria\u0142 obudowy: Matel<br \/>\nTemperatura \u0142adowania: 0~45\u00b0C<br \/>\nTemperatura roz\u0142adowania: -20~60\u00b0C<br \/>\nTemperatura przechowywania: -20~65 \u00b0C<br \/>\nZakres napi\u0119cia roboczego: 8,0 V-14,6 V<br \/>\nNapi\u0119cie zabezpieczenia przeci\u0105\u017ceniowego: 14,6 V \u00b1 0,05 V<br \/>\nZabezpieczenie napi\u0119ciowe przed przepi\u0119ciami: 8,0 V \u00b1 0,05 V<br \/>\nChro\u0144 temperatur\u0119 akumulatora: 60\u00b0C plus 5\u00b0C<br \/>\nWyj\u015bcie i parametry: kolumna po\u0142\u0105cze\u0144 wysokopr\u0105dowych dodatnich\/ujemnych (czerwony dodatni, czarny ujemny)<\/p>\n<p><img loading=\"lazy\" decoding=\"async\" height=\"1000\" referrerpolicy=\"no-referrer\" src=\"https:\/\/ae01.alicdn.com\/kf\/Sa8de42b6efd043fbbeefa518f3b9ee21S.jpg?width=1000&#038;height=1000&#038;hash=2000\" style=\"width: 100%; height: auto; vertical-align: middle;\" width=\"1000\"><img loading=\"lazy\" decoding=\"async\" height=\"1000\" referrerpolicy=\"no-referrer\" src=\"https:\/\/ae01.alicdn.com\/kf\/S3f2239c1872b4d93a0bc0cefd7defbccF.jpg?width=1000&#038;height=1000&#038;hash=2000\" style=\"width: 100%; height: auto; vertical-align: middle;\" width=\"1000\"><img loading=\"lazy\" decoding=\"async\" height=\"1000\" referrerpolicy=\"no-referrer\" src=\"https:\/\/ae01.alicdn.com\/kf\/Sb950945b25a6469cafda2a1c53f8af15D.jpg?width=1000&#038;height=1000&#038;hash=2000\" style=\"width: 100%; height: auto; vertical-align: middle;\" width=\"1000\"><\/p>\n<p class=\"word-break white-space mt-10\" style=\"text-align:left;color:#434649;font-size:13px;font-weight:normal;\">Zastosowanie energii elektrycznej<br \/>\n\u25cfUruchom silnik akumulatora<br \/>\n\u25cf Autobusy komercyjne i busy:<br \/>\nSamochody elektryczne, autobusy elektryczne, w\u00f3zki golfowe\/rowery elektryczne, skutery, pojazdy kempingowe, pojazdy AGV, marynarze, autokary, przyczepy kempingowe, w\u00f3zki inwalidzkie,<br \/>\nElektryczne w\u00f3zki wid\u0142owe, elektryczne zamiatarki, urz\u0105dzenia do mycia pod\u0142\u00f3g, elektroniczne chodziki itp.<br \/>\n\u25cf Inteligentny robot<br \/>\n\u25cf Narz\u0119dzia elektryczne: wiertarki elektryczne, zabawki<br \/>\nMagazynowanie energii<br \/>\n\u25cf System zasilania energi\u0105 s\u0142oneczn\u0105 z wiatru<br \/>\n\u25cf Siatka miejska (w\u0142.\/wy\u0142.)<br \/>\nSystem kopii zapasowych i UPS<br \/>\n\u25cf Baza telekomunikacyjna, system telewizji kablowej, centrum serwerowe, sprz\u0119t medyczny, sprz\u0119t wojskowy<br \/>\n\u25cf Bezpiecze\u0144stwo i elektronika, mobilny punkt sprzeda\u017cy, o\u015bwietlenie g\u00f3rnicze \/ latarki \/ \u015bwiat\u0142a LED \/ \u015bwiat\u0142a awaryjne<br \/>\nZalety produktu:<br \/>\n\u0141atwy do przenoszenia, o du\u017cej pojemno\u015bci, z platform\u0105 o du\u017cej pojemno\u015bci, d\u0142ugimi godzinami pracy, d\u0142ug\u0105 \u017cywotno\u015bci\u0105, bezpiecze\u0144stwem i ochron\u0105 \u015brodowiska<\/p>\n<p><img loading=\"lazy\" decoding=\"async\" height=\"1000\" referrerpolicy=\"no-referrer\" src=\"https:\/\/ae01.alicdn.com\/kf\/S27b23c2fe70a4c37899b54c92940cb610.jpg\" style=\"width: 100%; height: auto; vertical-align: middle;\" width=\"1000\"><\/div>\n<\/div>","protected":false},"excerpt":{"rendered":"<p>Nominal Capacity:&nbsp;150AH Weight:&nbsp;About 12kg Size:&nbsp;330x230x170mm Application:&nbsp;EV,RV,Marine Boat,Trolling Motor,Home Energy,Solar Power Storage,Off-Grid Solar Power System,Others Model Number:&nbsp;12V Liferpo4 Battery Type:&nbsp;LiFePO4 Brand Name:&nbsp;Likctt Origin:&nbsp;Mainland China Transportation in the European Union, United Kingdom,the<\/p>","protected":false},"featured_media":7545,"comment_status":"open","ping_status":"closed","template":"","meta":{"_acf_changed":false},"product_brand":[],"product_cat":[237],"product_tag":[243],"class_list":{"0":"post-7544","1":"product","2":"type-product","3":"status-publish","4":"has-post-thumbnail","6":"product_cat-100-200ah-lifepo4-batteries","7":"product_tag-usamr","9":"first","10":"instock","11":"shipping-taxable","12":"purchasable","13":"product-type-variable"},"acf":[],"_links":{"self":[{"href":"https:\/\/www.electricstore.eu\/pl\/wp-json\/wp\/v2\/product\/7544","targetHints":{"allow":["GET"]}}],"collection":[{"href":"https:\/\/www.electricstore.eu\/pl\/wp-json\/wp\/v2\/product"}],"about":[{"href":"https:\/\/www.electricstore.eu\/pl\/wp-json\/wp\/v2\/types\/product"}],"replies":[{"embeddable":true,"href":"https:\/\/www.electricstore.eu\/pl\/wp-json\/wp\/v2\/comments?post=7544"}],"wp:featuredmedia":[{"embeddable":true,"href":"https:\/\/www.electricstore.eu\/pl\/wp-json\/wp\/v2\/media\/7545"}],"wp:attachment":[{"href":"https:\/\/www.electricstore.eu\/pl\/wp-json\/wp\/v2\/media?parent=7544"}],"wp:term":[{"taxonomy":"product_brand","embeddable":true,"href":"https:\/\/www.electricstore.eu\/pl\/wp-json\/wp\/v2\/product_brand?post=7544"},{"taxonomy":"product_cat","embeddable":true,"href":"https:\/\/www.electricstore.eu\/pl\/wp-json\/wp\/v2\/product_cat?post=7544"},{"taxonomy":"product_tag","embeddable":true,"href":"https:\/\/www.electricstore.eu\/pl\/wp-json\/wp\/v2\/product_tag?post=7544"}],"curies":[{"name":"wp","href":"https:\/\/api.w.org\/{rel}","templated":true}]}}