{"id":7539,"date":"2025-05-15T19:32:26","date_gmt":"2025-05-15T19:32:26","guid":{"rendered":"https:\/\/electricstore.eu\/product\/usamr-60ah-12v-lifepo4-battery\/"},"modified":"2025-05-21T05:40:16","modified_gmt":"2025-05-21T05:40:16","slug":"usamr-60ah-12v-lifepo4-battery","status":"publish","type":"product","link":"https:\/\/www.electricstore.eu\/pl\/p\/batteries\/lifepo4-batteries\/100ah\/usamr-60ah-12v-lifepo4-battery\/","title":{"rendered":"Akumulator LiFePO4 USAMR 60Ah 12V"},"content":{"rendered":"<div class=\"product-specs-list-container\">\n<ul class=\"product-specs-list util-clearfix\">\n<li class=\"product-prop line-limit-length\"><span\n                                        class=\"property-title\">Pojemno\u015b\u0107 nominalna:&nbsp;<\/span><span\n                                        class=\"property-desc line-limit-length\">50AH<\/span>\n                            <\/li>\n<li class=\"product-prop line-limit-length\"><span\n                                        class=\"property-title\">Waga:&nbsp;<\/span><span\n                                        class=\"property-desc line-limit-length\">About 7.3kg<\/span>\n                            <\/li>\n<li class=\"product-prop line-limit-length\"><span\n                                        class=\"property-title\">Rozmiar:&nbsp;<\/span><span\n                                        class=\"property-desc line-limit-length\">230x230x180mm<\/span>\n                            <\/li>\n<li class=\"product-prop line-limit-length\"><span\n                                        class=\"property-title\">Aplikacja:&nbsp;<\/span><span\n                                        class=\"property-desc line-limit-length\">Pojazdy elektryczne, kampery, \u0142odzie morskie, silniki zaburtowe, energia domowa, magazynowanie energii s\u0142onecznej, systemy zasilania s\u0142onecznego poza sieci\u0105, inne<\/span>\n                            <\/li>\n<li class=\"product-prop line-limit-length\"><span\n                                        class=\"property-title\">Numer modelu:&nbsp;<\/span><span\n                                        class=\"property-desc line-limit-length\">Akumulator Liferpo4 12 V<\/span>\n                            <\/li>\n<li class=\"product-prop line-limit-length\"><span\n                                        class=\"property-title\">Typ:&nbsp;<\/span><span\n                                        class=\"property-desc line-limit-length\">LiFePO4<\/span>\n                            <\/li>\n<li class=\"product-prop line-limit-length\"><span\n                                        class=\"property-title\">Nazwa marki:&nbsp;<\/span><span\n                                        class=\"property-desc line-limit-length\">Lubi\u0107<\/span>\n                            <\/li>\n<li class=\"product-prop line-limit-length\"><span\n                                        class=\"property-title\">Pochodzenie:&nbsp;<\/span><span\n                                        class=\"property-desc line-limit-length\">Chiny kontynentalne<\/span>\n                            <\/li>\n<\/ul><\/div>\n<div class=\"detailmodule_html\">\n<div class=\"detail-desc-decorate-richtext\">\n<p class=\"word-break white-space mt-10\" style=\"color:#ff0000;\">Transport na terenie Unii Europejskiej, Wielkiej Brytanii, Stan\u00f3w Zjednoczonych, Kanady i Azji jest WOLNY OD PODATKU.<\/p>\n<p class=\"word-break white-space mt-10\" style=\"color:#434649;\">Magazyn UE (magazyn w Polsce) dotar\u0142. Przyjaciele, kt\u00f3rzy go potrzebuj\u0105, mog\u0105 z\u0142o\u017cy\u0107 zam\u00f3wienie ju\u017c teraz. Najpierw z\u0142\u00f3\u017c zam\u00f3wienie i zorganizuj przesy\u0142k\u0119. Towar mo\u017cesz otrzyma\u0107 w ci\u0105gu 3-7 dni od wysy\u0142ki.<\/p>\n<p class=\"word-break white-space mt-10\" style=\"text-align:left;color:#434649;font-size:16px;font-weight:bold;\">Typ baterii:<\/p>\n<p class=\"word-break white-space mt-10\" style=\"text-align:left;color:#434649;font-size:16px;font-weight:bold;\">Battery capacity:50ah<\/p>\n<p class=\"word-break white-space mt-10\" style=\"text-align:left;color:#434649;font-size:16px;font-weight:bold;\">Battery size:230*230*180mm (+\/-10mm)<\/p>\n<p class=\"word-break white-space mt-10\" style=\"text-align:left;color:#434649;font-size:16px;font-weight:bold;\">Weight:7.3kg(+\/-0.5kg)<\/p>\n<p class=\"word-break white-space mt-10\" style=\"text-align:left;color:#434649;font-size:16px;font-weight:bold;\">Wbudowany: Akumulator LiFePO4 3,2 V<\/p>\n<p class=\"word-break white-space mt-10\" style=\"text-align:left;color:#434649;font-size:16px;font-weight:bold;\">Napi\u0119cie znamionowe: 12,8 V<\/p>\n<p class=\"word-break white-space mt-10\" style=\"text-align:left;color:#434649;font-size:16px;font-weight:bold;\">Maksymalny pr\u0105d \u0142adowania: 50A<\/p>\n<p class=\"word-break white-space mt-10\" style=\"text-align:left;color:#434649;font-size:16px;font-weight:bold;\">Pr\u0105d roz\u0142adowania natychmiastowego: 200A<\/p>\n<p class=\"word-break white-space mt-10\" style=\"text-align:left;color:#434649;font-size:16px;font-weight:bold;\">Ci\u0105g\u0142y pr\u0105d roz\u0142adowania: 100A<\/p>\n<p class=\"word-break white-space mt-10\" style=\"text-align:left;color:#434649;font-size:16px;font-weight:bold;\">\u017bycie: 6000 cykli lub wi\u0119cej<\/p>\n<p class=\"word-break white-space mt-10\" style=\"text-align:left;color:#434649;font-size:16px;font-weight:bold;\">Materia\u0142 obudowy: Matel<\/p>\n<p class=\"word-break white-space mt-10\" style=\"text-align:left;color:#434649;font-size:16px;font-weight:bold;\">Temperatura \u0142adowania: 0~45\u00b0C<\/p>\n<p class=\"word-break white-space mt-10\" style=\"text-align:left;color:#434649;font-size:16px;font-weight:bold;\">Temperatura roz\u0142adowania: -20~60\u00b0C<\/p>\n<p class=\"word-break white-space mt-10\" style=\"text-align:left;color:#434649;font-size:16px;font-weight:bold;\">Temperatura przechowywania: -20~65 \u00b0C<\/p>\n<p class=\"word-break white-space mt-10\" style=\"text-align:left;color:#434649;font-size:16px;font-weight:bold;\">Zakres napi\u0119cia roboczego: 8,0 V-14,6 V<\/p>\n<p class=\"word-break white-space mt-10\" style=\"text-align:left;color:#434649;font-size:16px;font-weight:bold;\">Napi\u0119cie zabezpieczenia przeci\u0105\u017ceniowego: 14,6 V \u00b1 0,05 V<\/p>\n<p class=\"word-break white-space mt-10\" style=\"text-align:left;color:#434649;font-size:16px;font-weight:bold;\">Zabezpieczenie napi\u0119ciowe przed przepi\u0119ciami: 8,0 V \u00b1 0,05 V<\/p>\n<p class=\"word-break white-space mt-10\" style=\"text-align:left;color:#434649;font-size:16px;font-weight:bold;\">Chro\u0144 temperatur\u0119 akumulatora: 60\u00b0C plus 5\u00b0C<\/p>\n<p class=\"word-break white-space mt-10\" style=\"text-align:left;color:#434649;font-size:16px;font-weight:bold;\">Wyj\u015bcie i parametry: kolumna po\u0142\u0105cze\u0144 wysokopr\u0105dowych dodatnich\/ujemnych (czerwony dodatni, czarny ujemny)<\/p>\n<p><img fetchpriority=\"high\" decoding=\"async\" height=\"1000\" referrerpolicy=\"no-referrer\" src=\"https:\/\/ae01.alicdn.com\/kf\/S9101329362e249398fd44c27a0ea40e9J.jpg?width=1000&amp;height=1000&amp;hash=2000\" style=\"width: 100%; height: auto; vertical-align: middle;\" width=\"1000\"><img decoding=\"async\" height=\"1000\" referrerpolicy=\"no-referrer\" src=\"https:\/\/ae01.alicdn.com\/kf\/S3f2239c1872b4d93a0bc0cefd7defbccF.jpg?width=1000&amp;height=1000&amp;hash=2000\" style=\"width: 100%; height: auto; vertical-align: middle;\" width=\"1000\"><img decoding=\"async\" height=\"1000\" referrerpolicy=\"no-referrer\" src=\"https:\/\/ae01.alicdn.com\/kf\/Sb950945b25a6469cafda2a1c53f8af15D.jpg?width=1000&amp;height=1000&amp;hash=2000\" style=\"width: 100%; height: auto; vertical-align: middle;\" width=\"1000\"><\/p>\n<p class=\"word-break white-space mt-10\" style=\"color:#434649;\">Battery capacity:60ah<\/p>\n<p class=\"word-break white-space mt-10\" style=\"text-align:left;color:#434649;font-size:16px;font-weight:bold;\">Battery size:240*200*130mm (+\/-10mm)<\/p>\n<p class=\"word-break white-space mt-10\" style=\"text-align:left;color:#434649;font-size:16px;font-weight:bold;\">Weight:6kg(+\/-0.5kg)<\/p>\n<p class=\"word-break white-space mt-10\" style=\"text-align:left;color:#434649;font-size:16px;font-weight:bold;\">Wbudowany: Akumulator LiFePO4 3,2 V<\/p>\n<p class=\"word-break white-space mt-10\" style=\"text-align:left;color:#434649;font-size:16px;font-weight:bold;\">Napi\u0119cie znamionowe: 12,8 V<\/p>\n<p class=\"word-break white-space mt-10\" style=\"text-align:left;color:#434649;font-size:16px;font-weight:bold;\">Maksymalny pr\u0105d \u0142adowania: 50A<\/p>\n<p class=\"word-break white-space mt-10\" style=\"text-align:left;color:#434649;font-size:16px;font-weight:bold;\">Pr\u0105d roz\u0142adowania natychmiastowego: 200A<\/p>\n<p class=\"word-break white-space mt-10\" style=\"text-align:left;color:#434649;font-size:16px;font-weight:bold;\">Ci\u0105g\u0142y pr\u0105d roz\u0142adowania: 100A<\/p>\n<p class=\"word-break white-space mt-10\" style=\"text-align:left;color:#434649;font-size:16px;font-weight:bold;\">\u017bycie: 6000 cykli lub wi\u0119cej<\/p>\n<p class=\"word-break white-space mt-10\" style=\"text-align:left;color:#434649;font-size:16px;font-weight:bold;\">Temperatura \u0142adowania: 0~45\u00b0C<\/p>\n<p class=\"word-break white-space mt-10\" style=\"text-align:left;color:#434649;font-size:16px;font-weight:bold;\">Temperatura roz\u0142adowania: -20~60\u00b0C<\/p>\n<p class=\"word-break white-space mt-10\" style=\"text-align:left;color:#434649;font-size:16px;font-weight:bold;\">Temperatura przechowywania: -20~65 \u00b0C<\/p>\n<p class=\"word-break white-space mt-10\" style=\"text-align:left;color:#434649;font-size:16px;font-weight:bold;\">Zakres napi\u0119cia roboczego: 8,0 V-14,6 V<\/p>\n<p class=\"word-break white-space mt-10\" style=\"text-align:left;color:#434649;font-size:16px;font-weight:bold;\">Napi\u0119cie zabezpieczenia przeci\u0105\u017ceniowego: 14,6 V \u00b1 0,05 V<\/p>\n<p class=\"word-break white-space mt-10\" style=\"text-align:left;color:#434649;font-size:16px;font-weight:bold;\">Zabezpieczenie napi\u0119ciowe przed przepi\u0119ciami: 8,0 V \u00b1 0,05 V<\/p>\n<p class=\"word-break white-space mt-10\" style=\"text-align:left;color:#434649;font-size:16px;font-weight:bold;\">Chro\u0144 temperatur\u0119 akumulatora: 60\u00b0C plus 5\u00b0C<\/p>\n<p class=\"word-break white-space mt-10\" style=\"text-align:left;color:#434649;font-size:16px;font-weight:bold;\">Wyj\u015bcie i parametry: kolumna po\u0142\u0105cze\u0144 wysokopr\u0105dowych dodatnich\/ujemnych (czerwony dodatni, czarny ujemny)<\/p>\n<p><img loading=\"lazy\" decoding=\"async\" height=\"1000\" referrerpolicy=\"no-referrer\" src=\"https:\/\/ae01.alicdn.com\/kf\/S39b151d96098468abea8456976b3318bn.jpg?width=1000&amp;height=1000&amp;hash=2000\" style=\"width: 100%; height: auto; vertical-align: middle;\" width=\"1000\"><img loading=\"lazy\" decoding=\"async\" height=\"1000\" referrerpolicy=\"no-referrer\" src=\"https:\/\/ae01.alicdn.com\/kf\/Sf162493e05d74f3fa5cc0dff080880f9z.jpg?width=1000&amp;height=1000&amp;hash=2000\" style=\"width: 100%; height: auto; vertical-align: middle;\" width=\"1000\"><img loading=\"lazy\" decoding=\"async\" height=\"1000\" referrerpolicy=\"no-referrer\" src=\"https:\/\/ae01.alicdn.com\/kf\/S12cda80d153141aea12690703c23fd35c.jpg?width=1000&amp;height=1000&amp;hash=2000\" style=\"width: 100%; height: auto; vertical-align: middle;\" width=\"1000\"><\/p>\n<p class=\"word-break white-space mt-10\" style=\"color:#434649;\">Zastosowanie energii elektrycznej<\/p>\n<p class=\"word-break white-space mt-10\" style=\"text-align:left;color:#434649;font-size:16px;font-weight:bold;\">\u25cfUruchom silnik akumulatora<\/p>\n<p class=\"word-break white-space mt-10\" style=\"text-align:left;color:#434649;font-size:16px;font-weight:bold;\">\u25cf Autobusy komercyjne i busy:<\/p>\n<p class=\"word-break white-space mt-10\" style=\"text-align:left;color:#434649;font-size:16px;font-weight:bold;\">Samochody elektryczne, autobusy elektryczne, w\u00f3zki golfowe\/rowery elektryczne, skutery, pojazdy kempingowe, pojazdy AGV, marynarze, autokary, przyczepy kempingowe, w\u00f3zki inwalidzkie,<\/p>\n<p class=\"word-break white-space mt-10\" style=\"text-align:left;color:#434649;font-size:16px;font-weight:bold;\">Elektryczne w\u00f3zki wid\u0142owe, elektryczne zamiatarki, urz\u0105dzenia do mycia pod\u0142\u00f3g, elektroniczne chodziki itp.<\/p>\n<p class=\"word-break white-space mt-10\" style=\"text-align:left;color:#434649;font-size:16px;font-weight:bold;\">\u25cf Inteligentny robot<\/p>\n<p class=\"word-break white-space mt-10\" style=\"text-align:left;color:#434649;font-size:16px;font-weight:bold;\">\u25cf Narz\u0119dzia elektryczne: wiertarki elektryczne, zabawki<\/p>\n<p class=\"word-break white-space mt-10\" style=\"text-align:left;color:#434649;font-size:16px;font-weight:bold;\">Magazynowanie energii<\/p>\n<p class=\"word-break white-space mt-10\" style=\"text-align:left;color:#434649;font-size:16px;font-weight:bold;\">\u25cf System zasilania energi\u0105 s\u0142oneczn\u0105 z wiatru<\/p>\n<p class=\"word-break white-space mt-10\" style=\"text-align:left;color:#434649;font-size:16px;font-weight:bold;\">\u25cf Siatka miejska (w\u0142.\/wy\u0142.)<\/p>\n<p class=\"word-break white-space mt-10\" style=\"text-align:left;color:#434649;font-size:16px;font-weight:bold;\">System kopii zapasowych i UPS<\/p>\n<p class=\"word-break white-space mt-10\" style=\"text-align:left;color:#434649;font-size:16px;font-weight:bold;\">\u25cf Baza telekomunikacyjna, system telewizji kablowej, centrum serwerowe, sprz\u0119t medyczny, sprz\u0119t wojskowy<\/p>\n<p class=\"word-break white-space mt-10\" style=\"text-align:left;color:#434649;font-size:16px;font-weight:bold;\">\u25cf Bezpiecze\u0144stwo i elektronika, mobilny punkt sprzeda\u017cy, o\u015bwietlenie g\u00f3rnicze \/ latarki \/ \u015bwiat\u0142a LED \/ \u015bwiat\u0142a awaryjne<\/p>\n<p class=\"word-break white-space mt-10\" style=\"text-align:left;color:#434649;font-size:16px;font-weight:bold;\">Zalety produktu:<\/p>\n<p class=\"word-break white-space mt-10\" style=\"text-align:left;color:#434649;font-size:16px;font-weight:bold;\">\u0141atwy do przenoszenia, o du\u017cej pojemno\u015bci, z platform\u0105 o du\u017cej pojemno\u015bci, d\u0142ugimi godzinami pracy, d\u0142ug\u0105 \u017cywotno\u015bci\u0105, bezpiecze\u0144stwem i ochron\u0105 \u015brodowiska<\/p>\n<p><img loading=\"lazy\" decoding=\"async\" height=\"1000\" referrerpolicy=\"no-referrer\" src=\"https:\/\/ae01.alicdn.com\/kf\/S27b23c2fe70a4c37899b54c92940cb610.jpg\" style=\"width: 100%; height: auto; vertical-align: middle;\" width=\"1000\"><\/div>\n<\/div>","protected":false},"excerpt":{"rendered":"<p>Nominal Capacity:&nbsp;50AH Weight:&nbsp;About 7.3kg Size:&nbsp;230x230x180mm Application:&nbsp;EV,RV,Marine Boat,Trolling Motor,Home Energy,Solar Power Storage,Off-Grid Solar Power System,Others Model Number:&nbsp;12V Liferpo4 Battery Type:&nbsp;LiFePO4 Brand Name:&nbsp;Likctt Origin:&nbsp;Mainland China Transportation in the European Union, United Kingdom,the<\/p>","protected":false},"featured_media":7533,"comment_status":"open","ping_status":"closed","template":"","meta":{"_acf_changed":false},"product_brand":[],"product_cat":[236],"product_tag":[243],"class_list":{"0":"post-7539","1":"product","2":"type-product","3":"status-publish","4":"has-post-thumbnail","6":"product_cat-100ah","7":"product_tag-usamr","9":"first","10":"instock","11":"shipping-taxable","12":"purchasable","13":"product-type-variable"},"acf":[],"_links":{"self":[{"href":"https:\/\/www.electricstore.eu\/pl\/wp-json\/wp\/v2\/product\/7539","targetHints":{"allow":["GET"]}}],"collection":[{"href":"https:\/\/www.electricstore.eu\/pl\/wp-json\/wp\/v2\/product"}],"about":[{"href":"https:\/\/www.electricstore.eu\/pl\/wp-json\/wp\/v2\/types\/product"}],"replies":[{"embeddable":true,"href":"https:\/\/www.electricstore.eu\/pl\/wp-json\/wp\/v2\/comments?post=7539"}],"wp:featuredmedia":[{"embeddable":true,"href":"https:\/\/www.electricstore.eu\/pl\/wp-json\/wp\/v2\/media\/7533"}],"wp:attachment":[{"href":"https:\/\/www.electricstore.eu\/pl\/wp-json\/wp\/v2\/media?parent=7539"}],"wp:term":[{"taxonomy":"product_brand","embeddable":true,"href":"https:\/\/www.electricstore.eu\/pl\/wp-json\/wp\/v2\/product_brand?post=7539"},{"taxonomy":"product_cat","embeddable":true,"href":"https:\/\/www.electricstore.eu\/pl\/wp-json\/wp\/v2\/product_cat?post=7539"},{"taxonomy":"product_tag","embeddable":true,"href":"https:\/\/www.electricstore.eu\/pl\/wp-json\/wp\/v2\/product_tag?post=7539"}],"curies":[{"name":"wp","href":"https:\/\/api.w.org\/{rel}","templated":true}]}}