{"id":7536,"date":"2025-05-15T19:32:23","date_gmt":"2025-05-15T19:32:23","guid":{"rendered":"https:\/\/electricstore.eu\/product\/usamr-250ah-24v-lifepo4-battery\/"},"modified":"2025-05-20T13:42:18","modified_gmt":"2025-05-20T13:42:18","slug":"usamr-250ah-24v-lifepo4-battery","status":"publish","type":"product","link":"https:\/\/www.electricstore.eu\/pl\/p\/batteries\/lifepo4-batteries\/200ah-lifepo4-batteries\/usamr-250ah-24v-lifepo4-battery\/","title":{"rendered":"Akumulator USAMR 250Ah 24V LiFePO4"},"content":{"rendered":"<div class=\"product-specs-list-container\">\n<ul class=\"product-specs-list util-clearfix\">\n<li class=\"product-prop line-limit-length\"><span\n                                        class=\"property-title\">Pojemno\u015b\u0107 nominalna:&nbsp;<\/span><span\n                                        class=\"property-desc line-limit-length\">250AH<\/span>\n                            <\/li>\n<li class=\"product-prop line-limit-length\"><span\n                                        class=\"property-title\">Waga:&nbsp;<\/span><span\n                                        class=\"property-desc line-limit-length\">Oko\u0142o 39,3 kg<\/span>\n                            <\/li>\n<li class=\"product-prop line-limit-length\"><span\n                                        class=\"property-title\">Wolta\u017c:&nbsp;<\/span><span\n                                        class=\"property-desc line-limit-length\">25,2 V<\/span>\n                            <\/li>\n<li class=\"product-prop line-limit-length\"><span\n                                        class=\"property-title\">Rozmiar:&nbsp;<\/span><span\n                                        class=\"property-desc line-limit-length\">430x240x270mm<\/span>\n                            <\/li>\n<li class=\"product-prop line-limit-length\"><span\n                                        class=\"property-title\">Numer modelu:&nbsp;<\/span><span\n                                        class=\"property-desc line-limit-length\">24V Liferpo4 Battery<\/span>\n                            <\/li>\n<li class=\"product-prop line-limit-length\"><span\n                                        class=\"property-title\">Typ:&nbsp;<\/span><span\n                                        class=\"property-desc line-limit-length\">LiFePO4<\/span>\n                            <\/li>\n<li class=\"product-prop line-limit-length\"><span\n                                        class=\"property-title\">Nazwa marki:&nbsp;<\/span><span\n                                        class=\"property-desc line-limit-length\">Lubi\u0107<\/span>\n                            <\/li>\n<li class=\"product-prop line-limit-length\"><span\n                                        class=\"property-title\">Pochodzenie:&nbsp;<\/span><span\n                                        class=\"property-desc line-limit-length\">Chiny kontynentalne<\/span>\n                            <\/li>\n<\/ul><\/div>\n<div class=\"detailmodule_html\">\n<div class=\"detail-desc-decorate-richtext\">\n<p style=\"text-align:left;color:#ff0000;font-size:20px;font-weight:bold;\">Transport na terenie Unii Europejskiej, Wielkiej Brytanii, Stan\u00f3w Zjednoczonych, Kanady i Azji jest WOLNY OD PODATKU.<\/p>\n<p style=\"text-align:left;color:#434649;font-size:13px;\">Magazyn UE (magazyn w Polsce) dotar\u0142. Przyjaciele, kt\u00f3rzy go potrzebuj\u0105, mog\u0105 z\u0142o\u017cy\u0107 zam\u00f3wienie ju\u017c teraz. Najpierw z\u0142\u00f3\u017c zam\u00f3wienie i zorganizuj przesy\u0142k\u0119. Towar mo\u017cesz otrzyma\u0107 w ci\u0105gu 3-7 dni od wysy\u0142ki.<br \/>\nTyp baterii:<br \/>\nBattery capacity:250ah<br \/>\nBattery size:430x240x270mm (+\/-10mm)<br \/>\nWaga: 39,3 kg (+\/-0,5 kg)<br \/>\nWbudowany: Akumulator LiFePO4 3,2 V<br \/>\nNominal voltage: 29.2V<br \/>\nMaksymalny pr\u0105d \u0142adowania: 50A<br \/>\nPr\u0105d roz\u0142adowania natychmiastowego: 200A<br \/>\nCi\u0105g\u0142y pr\u0105d roz\u0142adowania: 100A<br \/>\n\u017bycie: 6000 cykli lub wi\u0119cej<br \/>\nMateria\u0142 obudowy: Matel<br \/>\nTemperatura \u0142adowania: 0~45\u00b0C<br \/>\nTemperatura roz\u0142adowania: -20~60\u00b0C<br \/>\nTemperatura przechowywania: -20~65 \u00b0C<br \/>\nOperating voltage range:20V-29.2V<br \/>\nOverload protection voltage: 29.2V\u00b10.05V<br \/>\nProtection voltage against overlo:20V\u00b10.05V<br \/>\nChro\u0144 temperatur\u0119 akumulatora: 60\u00b0C plus 5\u00b0C<br \/>\nWyj\u015bcie i parametry: kolumna po\u0142\u0105cze\u0144 wysokopr\u0105dowych dodatnich\/ujemnych (czerwony dodatni, czarny ujemny)<\/p>\n<p><img fetchpriority=\"high\" decoding=\"async\" height=\"1000\" referrerpolicy=\"no-referrer\" src=\"https:\/\/ae01.alicdn.com\/kf\/S69fb262c319949cfbdf83dce7e0051efe.jpg\" style=\"width: 100%; height: auto; vertical-align: middle;\" width=\"1000\"><img decoding=\"async\" height=\"1000\" referrerpolicy=\"no-referrer\" src=\"https:\/\/ae01.alicdn.com\/kf\/S3f5e34b7115849acb0f30af9dd95ee0c2.jpg\" style=\"width: 100%; height: auto; vertical-align: middle;\" width=\"1000\"><img decoding=\"async\" height=\"1000\" referrerpolicy=\"no-referrer\" src=\"https:\/\/ae01.alicdn.com\/kf\/Se6b46ca3c4ce470682eea734d60bf214U.jpg\" style=\"width: 100%; height: auto; vertical-align: middle;\" width=\"1000\"><img loading=\"lazy\" decoding=\"async\" height=\"1000\" referrerpolicy=\"no-referrer\" src=\"https:\/\/ae01.alicdn.com\/kf\/S8c8bbe31efc844a9b1cc0dbbe4782060m.jpg?width=1000&#038;height=1000&#038;hash=2000\" style=\"width: 100%; height: auto; vertical-align: middle;\" width=\"1000\"><img loading=\"lazy\" decoding=\"async\" height=\"1000\" referrerpolicy=\"no-referrer\" src=\"https:\/\/ae01.alicdn.com\/kf\/Sb220f10ac11d4696a34434bf17419df6m.jpg?width=1000&#038;height=1000&#038;hash=2000\" style=\"width: 100%; height: auto; vertical-align: middle;\" width=\"1000\"><img loading=\"lazy\" decoding=\"async\" height=\"1000\" referrerpolicy=\"no-referrer\" src=\"https:\/\/ae01.alicdn.com\/kf\/S0fd270850ea548fd9229306f30952edbZ.jpg?width=1000&#038;height=1000&#038;hash=2000\" style=\"width: 100%; height: auto; vertical-align: middle;\" width=\"1000\"><img loading=\"lazy\" decoding=\"async\" height=\"1000\" referrerpolicy=\"no-referrer\" src=\"https:\/\/ae01.alicdn.com\/kf\/Seeb4356d076a448aa8f92d21529c3a20y.jpg?width=1000&#038;height=1000&#038;hash=2000\" style=\"width: 100%; height: auto; vertical-align: middle;\" width=\"1000\"><img loading=\"lazy\" decoding=\"async\" height=\"1000\" referrerpolicy=\"no-referrer\" src=\"https:\/\/ae01.alicdn.com\/kf\/S065aefac03a543d39784ac68533fb6f0c.jpg?width=1000&#038;height=1000&#038;hash=2000\" style=\"width: 100%; height: auto; vertical-align: middle;\" width=\"1000\"><img loading=\"lazy\" decoding=\"async\" height=\"1000\" referrerpolicy=\"no-referrer\" src=\"https:\/\/ae01.alicdn.com\/kf\/S2509fa83fdfa4a06b02a22ee866d77c9f.jpg?width=1000&#038;height=1000&#038;hash=2000\" style=\"width: 100%; height: auto; vertical-align: middle;\" width=\"1000\"><\/p>\n<p style=\"text-align:left;color:#434649;font-size:13px;\">Zastosowanie energii elektrycznej<\/p>\n<p style=\"text-align:left;color:#434649;font-size:13px;\">\u25cfUruchom silnik akumulatora<\/p>\n<p style=\"text-align:left;color:#434649;font-size:13px;\">\u25cf Autobusy komercyjne i busy:<\/p>\n<p style=\"text-align:left;color:#434649;font-size:13px;\">Samochody elektryczne, autobusy elektryczne, w\u00f3zki golfowe\/rowery elektryczne, skutery, pojazdy kempingowe, pojazdy AGV, marynarze, autokary, przyczepy kempingowe, w\u00f3zki inwalidzkie,<\/p>\n<p style=\"text-align:left;color:#434649;font-size:13px;\">Elektryczne w\u00f3zki wid\u0142owe, elektryczne zamiatarki, urz\u0105dzenia do mycia pod\u0142\u00f3g, elektroniczne chodziki itp.<\/p>\n<p style=\"text-align:left;color:#434649;font-size:13px;\">\u25cf Inteligentny robot<\/p>\n<p style=\"text-align:left;color:#434649;font-size:13px;\">\u25cf Narz\u0119dzia elektryczne: wiertarki elektryczne, zabawki<\/p>\n<p style=\"text-align:left;color:#434649;font-size:13px;\">Magazynowanie energii<\/p>\n<p style=\"text-align:left;color:#434649;font-size:13px;\">\u25cf System zasilania energi\u0105 s\u0142oneczn\u0105 z wiatru<\/p>\n<p style=\"text-align:left;color:#434649;font-size:13px;\">\u25cf Siatka miejska (w\u0142.\/wy\u0142.)<\/p>\n<p style=\"text-align:left;color:#434649;font-size:13px;\">System kopii zapasowych i UPS<\/p>\n<p style=\"text-align:left;color:#434649;font-size:13px;\">\u25cf Baza telekomunikacyjna, system telewizji kablowej, centrum serwerowe, sprz\u0119t medyczny, sprz\u0119t wojskowy<\/p>\n<p style=\"text-align:left;color:#434649;font-size:13px;\">inne aplikacje<\/p>\n<p style=\"text-align:left;color:#434649;font-size:13px;\">\u25cf Bezpiecze\u0144stwo i elektronika, mobilny punkt sprzeda\u017cy, o\u015bwietlenie g\u00f3rnicze \/ latarki \/ \u015bwiat\u0142a LED \/ \u015bwiat\u0142a awaryjne<\/p>\n<p style=\"text-align:left;color:#434649;font-size:13px;\">Zalety produktu:<\/p>\n<p style=\"text-align:left;color:#434649;font-size:13px;\">\u0141atwy do przenoszenia, o du\u017cej pojemno\u015bci, z platform\u0105 o du\u017cej pojemno\u015bci, d\u0142ugimi godzinami pracy, d\u0142ug\u0105 \u017cywotno\u015bci\u0105, bezpiecze\u0144stwem i ochron\u0105 \u015brodowiska<\/p>\n<p><img loading=\"lazy\" decoding=\"async\" height=\"1000\" referrerpolicy=\"no-referrer\" src=\"https:\/\/ae01.alicdn.com\/kf\/S27b23c2fe70a4c37899b54c92940cb610.jpg\" style=\"width: 100%; height: auto; vertical-align: middle;\" width=\"1000\"><\/div>\n<\/div>","protected":false},"excerpt":{"rendered":"<p>Nominal Capacity:&nbsp;250AH Weight:&nbsp;About 39.3kg Voltage:&nbsp;25.2V Size:&nbsp;430x240x270mm Model Number:&nbsp;24V Liferpo4 Battery Type:&nbsp;LiFePO4 Brand Name:&nbsp;Likctt Origin:&nbsp;Mainland China Transportation in the European Union, United Kingdom,the United States, Canada, and Asian TAX FREE. The<\/p>","protected":false},"featured_media":7537,"comment_status":"open","ping_status":"closed","template":"","meta":{"_acf_changed":false},"product_brand":[],"product_cat":[238],"product_tag":[243],"class_list":{"0":"post-7536","1":"product","2":"type-product","3":"status-publish","4":"has-post-thumbnail","6":"product_cat-200ah-lifepo4-batteries","7":"product_tag-usamr","9":"first","10":"instock","11":"shipping-taxable","12":"purchasable","13":"product-type-simple"},"acf":[],"_links":{"self":[{"href":"https:\/\/www.electricstore.eu\/pl\/wp-json\/wp\/v2\/product\/7536","targetHints":{"allow":["GET"]}}],"collection":[{"href":"https:\/\/www.electricstore.eu\/pl\/wp-json\/wp\/v2\/product"}],"about":[{"href":"https:\/\/www.electricstore.eu\/pl\/wp-json\/wp\/v2\/types\/product"}],"replies":[{"embeddable":true,"href":"https:\/\/www.electricstore.eu\/pl\/wp-json\/wp\/v2\/comments?post=7536"}],"wp:featuredmedia":[{"embeddable":true,"href":"https:\/\/www.electricstore.eu\/pl\/wp-json\/wp\/v2\/media\/7537"}],"wp:attachment":[{"href":"https:\/\/www.electricstore.eu\/pl\/wp-json\/wp\/v2\/media?parent=7536"}],"wp:term":[{"taxonomy":"product_brand","embeddable":true,"href":"https:\/\/www.electricstore.eu\/pl\/wp-json\/wp\/v2\/product_brand?post=7536"},{"taxonomy":"product_cat","embeddable":true,"href":"https:\/\/www.electricstore.eu\/pl\/wp-json\/wp\/v2\/product_cat?post=7536"},{"taxonomy":"product_tag","embeddable":true,"href":"https:\/\/www.electricstore.eu\/pl\/wp-json\/wp\/v2\/product_tag?post=7536"}],"curies":[{"name":"wp","href":"https:\/\/api.w.org\/{rel}","templated":true}]}}