{"id":25932,"date":"2025-05-20T19:04:34","date_gmt":"2025-05-20T19:04:34","guid":{"rendered":"https:\/\/electricstore.eu\/p\/uncategorized\/engwe-electric-bicycle-l20-boost-48v20ah-100-km-max-range-ebikes-25-km-h-500w-motor-20-tire-fat-e-bike-folding-electric-bike\/"},"modified":"2025-05-20T19:08:03","modified_gmt":"2025-05-20T19:08:03","slug":"engwe-electric-bicycle-l20-boost-48v20ah-100-km-max-range-ebikes-25-km-h-500w-motor-20-tire-fat-e-bike-folding-electric-bike","status":"publish","type":"product","link":"https:\/\/www.electricstore.eu\/pl\/p\/bikes\/engwe-electric-bicycle-l20-boost-48v20ah-100-km-max-range-ebikes-25-km-h-500w-motor-20-tire-fat-e-bike-folding-electric-bike\/","title":{"rendered":"ENGWE Rower elektryczny L20 Boost 48V20Ah 100 km maks. zasi\u0119g Ebikes 25 km\/h 500 W silnik 20 opon Fat E-Bike sk\u0142adany rower elektryczny"},"content":{"rendered":"<div class=\"product-specs-list-container\">\n<ul class=\"product-specs-list util-clearfix\">\n<li class=\"product-prop line-limit-length\"><span\n                                        class=\"property-title\">Numer modelu:&nbsp;<\/span><span\n                                        class=\"property-desc line-limit-length\">ENGW L20 Boost<\/span>\n                            <\/li>\n<li class=\"product-prop line-limit-length\"><span\n                                        class=\"property-title\">Nominalna pojemno\u015b\u0107 pasa\u017cerska:&nbsp;<\/span><span\n                                        class=\"property-desc line-limit-length\">Dwa miejsca<\/span>\n                            <\/li>\n<li class=\"product-prop line-limit-length\"><span\n                                        class=\"property-title\">Styl:&nbsp;<\/span><span\n                                        class=\"property-desc line-limit-length\">Mini typ<\/span>\n                            <\/li>\n<li class=\"product-prop line-limit-length\"><span\n                                        class=\"property-title\">Maksymalna pr\u0119dko\u015b\u0107:&nbsp;<\/span><span\n                                        class=\"property-desc line-limit-length\">&lt;25 km\/h<\/span>\n                            <\/li>\n<li class=\"product-prop line-limit-length\"><span\n                                        class=\"property-title\">Zasi\u0119g na moc:&nbsp;<\/span><span\n                                        class=\"property-desc line-limit-length\">&gt; 60 km<\/span>\n                            <\/li>\n<li class=\"product-prop line-limit-length\"><span\n                                        class=\"property-title\">Moc:&nbsp;<\/span><span\n                                        class=\"property-desc line-limit-length\">200 \u2013 250 W<\/span>\n                            <\/li>\n<li class=\"product-prop line-limit-length\"><span\n                                        class=\"property-title\">Zasilanie:&nbsp;<\/span><span\n                                        class=\"property-desc line-limit-length\">bateria litowa<\/span>\n                            <\/li>\n<li class=\"product-prop line-limit-length\"><span\n                                        class=\"property-title\">Wolta\u017c:&nbsp;<\/span><span\n                                        class=\"property-desc line-limit-length\">48V<\/span>\n                            <\/li>\n<li class=\"product-prop line-limit-length\"><span\n                                        class=\"property-title\">\u0179r\u00f3d\u0142o zasilania:&nbsp;<\/span><span\n                                        class=\"property-desc line-limit-length\">bateria litowa<\/span>\n                            <\/li>\n<li class=\"product-prop line-limit-length\"><span\n                                        class=\"property-title\">Pochodzenie:&nbsp;<\/span><span\n                                        class=\"property-desc line-limit-length\">Chiny kontynentalne<\/span>\n                            <\/li>\n<li class=\"product-prop line-limit-length\"><span\n                                        class=\"property-title\">Fa\u0142dowy:&nbsp;<\/span><span\n                                        class=\"property-desc line-limit-length\">Tak<\/span>\n                            <\/li>\n<li class=\"product-prop line-limit-length\"><span\n                                        class=\"property-title\">Silnik:&nbsp;<\/span><span\n                                        class=\"property-desc line-limit-length\">Bezszczotkowy<\/span>\n                            <\/li>\n<li class=\"product-prop line-limit-length\"><span\n                                        class=\"property-title\">Rozmiar ko\u0142a:&nbsp;<\/span><span\n                                        class=\"property-desc line-limit-length\">20 cali<\/span>\n                            <\/li>\n<li class=\"product-prop line-limit-length\"><span\n                                        class=\"property-title\">Materia\u0142 ramy:&nbsp;<\/span><span\n                                        class=\"property-desc line-limit-length\">Stop aluminium<\/span>\n                            <\/li>\n<\/ul><\/div>\n<h1 style=\"text-align:center\" align=\"center\"><strong>ENGWE Rower elektryczny L20 Boost 48V20Ah 100 km maks. zasi\u0119g Ebikes 25 km\/h 500 W silnik 20 opon Fat E-Bike sk\u0142adany rower elektryczny<\/strong><\/h1>\n<p style=\"font-family:DeepSeek-CJK-patch, Inter, system-ui, -apple-system, BlinkMacSystemFont, &quot;Segoe UI&quot;, Roboto, &quot;Noto Sans&quot;, Ubuntu, Cantarell, &quot;Helvetica Neue&quot;, Oxygen, &quot;Open Sans&quot;, sans-serif;font-size:16.002px;font-weight:400;letter-spacing:normal;line-height:28.575px;text-align:start;white-space:normal;color:rgb(64, 64, 64);background-color:rgb(255, 255, 255);margin:13.716px 0px;margin-bottom:13.716px;margin-top:13.716px;margin-left:0px;margin-right:0px\" class=\"ds-markdown-paragraph\" align=\"start\">ENGWE L20 Boost \u0142\u0105czy w sobie solidn\u0105 moc z inteligentn\u0105 technologi\u0105 jazdy, oferuj\u0105c unikaln\u0105 funkcj\u0119 Boost, kt\u00f3ra zwi\u0119ksza moment obrotowy, gdy jest najbardziej potrzebny. Ten wysokiej klasy rower elektryczny zosta\u0142 zaprojektowany zar\u00f3wno do dojazd\u00f3w do pracy w mie\u015bcie, jak i do jazdy po szlakach pe\u0142nych przyg\u00f3d.<\/p>\n<p style=\"font-family:DeepSeek-CJK-patch, Inter, system-ui, -apple-system, BlinkMacSystemFont, &quot;Segoe UI&quot;, Roboto, &quot;Noto Sans&quot;, Ubuntu, Cantarell, &quot;Helvetica Neue&quot;, Oxygen, &quot;Open Sans&quot;, sans-serif;font-size:16.002px;font-weight:400;letter-spacing:normal;line-height:28.575px;text-align:start;white-space:normal;color:rgb(64, 64, 64);background-color:rgb(255, 255, 255);margin:13.716px 0px;margin-bottom:13.716px;margin-top:13.716px;margin-left:0px;margin-right:0px\" class=\"ds-markdown-paragraph\" align=\"start\"><strong>Kluczowe dane techniczne:<\/strong><\/p>\n<ul style=\"font-family:DeepSeek-CJK-patch, Inter, system-ui, -apple-system, BlinkMacSystemFont, &quot;Segoe UI&quot;, Roboto, &quot;Noto Sans&quot;, Ubuntu, Cantarell, &quot;Helvetica Neue&quot;, Oxygen, &quot;Open Sans&quot;, sans-serif;font-size:16.002px;font-weight:400;letter-spacing:normal;text-align:start;white-space:normal;color:rgb(64, 64, 64);background-color:rgb(255, 255, 255);margin:13.716px 0px;margin-bottom:13.716px;margin-top:13.716px;margin-left:0px;margin-right:0px;padding-left:27.432px\" align=\"start\">\n<li>\n<p style=\"font-size:16.002px;line-height:28.575px;margin-bottom:0px;margin-top:0px;margin-left:0px;margin-right:0px\" class=\"ds-markdown-paragraph\"><strong>Silnik:<\/strong><span>\u00a0<\/span>Silnik piasty tylnej 48 V 250 W (500 W szczyt) z czujnikiem momentu obrotowego<\/p>\n<\/li>\n<li style=\"margin-top:4px\">\n<p style=\"font-size:16.002px;line-height:28.575px;margin-bottom:0px;margin-top:0px;margin-left:0px;margin-right:0px\" class=\"ds-markdown-paragraph\"><strong>Pr\u0119dko\u015b\u0107:<\/strong><span>\u00a0<\/span>25 km\/h (32 km\/h przy zniesieniu ogranicze\u0144)<\/p>\n<\/li>\n<li style=\"margin-top:4px\">\n<p style=\"font-size:16.002px;line-height:28.575px;margin-bottom:0px;margin-top:0px;margin-left:0px;margin-right:0px\" class=\"ds-markdown-paragraph\"><strong>Zakres:<\/strong><span>\u00a0<\/span>Do 126 km (85 km przy maksymalnym poziomie wspomagania)<\/p>\n<\/li>\n<li style=\"margin-top:4px\">\n<p style=\"font-size:16.002px;line-height:28.575px;margin-bottom:0px;margin-top:0px;margin-left:0px;margin-right:0px\" class=\"ds-markdown-paragraph\"><strong>Bateria:<\/strong><span>\u00a0<\/span>48 V 13 Ah wymienny akumulator litowo-jonowy (czas \u0142adowania 6,5 godz.)<\/p>\n<\/li>\n<li style=\"margin-top:4px\">\n<p style=\"font-size:16.002px;line-height:28.575px;margin-bottom:0px;margin-top:0px;margin-left:0px;margin-right:0px\" class=\"ds-markdown-paragraph\"><strong>Opony:<\/strong><span>\u00a0<\/span>Opony Chaoyang fat 20\u00d74,0&quot; zapewniaj\u0105ce przyczepno\u015b\u0107 w ka\u017cdym terenie<\/p>\n<\/li>\n<li style=\"margin-top:4px\">\n<p style=\"font-size:16.002px;line-height:28.575px;margin-bottom:0px;margin-top:0px;margin-left:0px;margin-right:0px\" class=\"ds-markdown-paragraph\"><strong>Rama:<\/strong><span>\u00a0<\/span>Lekka konstrukcja aluminiowa<\/p>\n<\/li>\n<li style=\"margin-top:4px\">\n<p style=\"font-size:16.002px;line-height:28.575px;margin-bottom:0px;margin-top:0px;margin-left:0px;margin-right:0px\" class=\"ds-markdown-paragraph\"><strong>No\u015bno\u015b\u0107:<\/strong><span>\u00a0<\/span>120 kg (264 funty)<\/p>\n<\/li>\n<li style=\"margin-top:4px\">\n<p style=\"font-size:16.002px;line-height:28.575px;margin-bottom:0px;margin-top:0px;margin-left:0px;margin-right:0px\" class=\"ds-markdown-paragraph\"><strong>Wzrost je\u017ad\u017aca:<\/strong><span>\u00a0<\/span>155-185 cm (5&#039;0&quot;-6&#039;0&quot;)<\/p>\n<\/li>\n<\/ul>\n<p style=\"font-family:DeepSeek-CJK-patch, Inter, system-ui, -apple-system, BlinkMacSystemFont, &quot;Segoe UI&quot;, Roboto, &quot;Noto Sans&quot;, Ubuntu, Cantarell, &quot;Helvetica Neue&quot;, Oxygen, &quot;Open Sans&quot;, sans-serif;font-size:16.002px;font-weight:400;letter-spacing:normal;line-height:28.575px;text-align:start;white-space:normal;color:rgb(64, 64, 64);background-color:rgb(255, 255, 255);margin:13.716px 0px;margin-bottom:13.716px;margin-top:13.716px;margin-left:0px;margin-right:0px\" class=\"ds-markdown-paragraph\" align=\"start\"><strong>Funkcje zaawansowane:<\/strong><\/p>\n<ul style=\"font-family:DeepSeek-CJK-patch, Inter, system-ui, -apple-system, BlinkMacSystemFont, &quot;Segoe UI&quot;, Roboto, &quot;Noto Sans&quot;, Ubuntu, Cantarell, &quot;Helvetica Neue&quot;, Oxygen, &quot;Open Sans&quot;, sans-serif;font-size:16.002px;font-weight:400;letter-spacing:normal;text-align:start;white-space:normal;color:rgb(64, 64, 64);background-color:rgb(255, 255, 255);margin:13.716px 0px;margin-bottom:13.716px;margin-top:13.716px;margin-left:0px;margin-right:0px;padding-left:27.432px\" align=\"start\">\n<li>\n<p style=\"font-size:16.002px;line-height:28.575px;margin-bottom:0px;margin-top:0px;margin-left:0px;margin-right:0px\" class=\"ds-markdown-paragraph\"><strong>Podw\u00f3jne tryby zasilania:<\/strong><span>\u00a0<\/span>Po\u0142\u0105cz sterowanie przepustnic\u0105 z peda\u0142em wspomaganym czujnikiem momentu obrotowego<\/p>\n<\/li>\n<li style=\"margin-top:4px\">\n<p style=\"font-size:16.002px;line-height:28.575px;margin-bottom:0px;margin-top:0px;margin-left:0px;margin-right:0px\" class=\"ds-markdown-paragraph\"><strong>Przycisk Boost:<\/strong><span>\u00a0<\/span>Tymczasowe zwi\u0119kszenie mocy (czas trwania 60 sekund) w trudnym terenie<\/p>\n<\/li>\n<li style=\"margin-top:4px\">\n<p style=\"font-size:16.002px;line-height:28.575px;margin-bottom:0px;margin-top:0px;margin-left:0px;margin-right:0px\" class=\"ds-markdown-paragraph\"><strong>Przek\u0142adnia Shimano 7-biegowa:<\/strong><span>\u00a0<\/span>P\u0142ynna mechaniczna zmiana bieg\u00f3w<\/p>\n<\/li>\n<li style=\"margin-top:4px\">\n<p style=\"font-size:16.002px;line-height:28.575px;margin-bottom:0px;margin-top:0px;margin-left:0px;margin-right:0px\" class=\"ds-markdown-paragraph\"><strong>Przednie zawieszenie mechaniczne:<\/strong><span>\u00a0<\/span>Komfortowa amortyzacja<\/p>\n<\/li>\n<li style=\"margin-top:4px\">\n<p style=\"font-size:16.002px;line-height:28.575px;margin-bottom:0px;margin-top:0px;margin-left:0px;margin-right:0px\" class=\"ds-markdown-paragraph\"><strong>Wy\u015bwietlacz LCD:<\/strong><span>\u00a0<\/span>Przejrzyste dane dotycz\u0105ce jazdy i wska\u017anik poziomu wspomagania (poziomy 0\u20135)<\/p>\n<\/li>\n<li style=\"margin-top:4px\">\n<p style=\"font-size:16.002px;line-height:28.575px;margin-bottom:0px;margin-top:0px;margin-left:0px;margin-right:0px\" class=\"ds-markdown-paragraph\"><strong>\u015awiat\u0142a bezpiecze\u0144stwa:<\/strong><span>\u00a0<\/span>48V LED reflektor i tylne \u015bwiat\u0142o<\/p>\n<\/li>\n<li style=\"margin-top:4px\">\n<p style=\"font-size:16.002px;line-height:28.575px;margin-bottom:0px;margin-top:0px;margin-left:0px;margin-right:0px\" class=\"ds-markdown-paragraph\"><strong>Podw\u00f3jne mechaniczne hamulce tarczowe:<\/strong><span>\u00a0<\/span>Tarcze 160 mm zapewniaj\u0105ce niezawodn\u0105 si\u0142\u0119 hamowania<\/p>\n<\/li>\n<\/ul>\n<p style=\"font-family:DeepSeek-CJK-patch, Inter, system-ui, -apple-system, BlinkMacSystemFont, &quot;Segoe UI&quot;, Roboto, &quot;Noto Sans&quot;, Ubuntu, Cantarell, &quot;Helvetica Neue&quot;, Oxygen, &quot;Open Sans&quot;, sans-serif;font-size:16.002px;font-weight:400;letter-spacing:normal;line-height:28.575px;text-align:start;white-space:normal;color:rgb(64, 64, 64);background-color:rgb(255, 255, 255);margin:13.716px 0px;margin-bottom:13.716px;margin-top:13.716px;margin-left:0px;margin-right:0px\" class=\"ds-markdown-paragraph\" align=\"start\"><strong>Do\u0142\u0105czone akcesoria:<\/strong><\/p>\n<ul style=\"font-family:DeepSeek-CJK-patch, Inter, system-ui, -apple-system, BlinkMacSystemFont, &quot;Segoe UI&quot;, Roboto, &quot;Noto Sans&quot;, Ubuntu, Cantarell, &quot;Helvetica Neue&quot;, Oxygen, &quot;Open Sans&quot;, sans-serif;font-size:16.002px;font-weight:400;letter-spacing:normal;text-align:start;white-space:normal;color:rgb(64, 64, 64);background-color:rgb(255, 255, 255);margin:13.716px 0px;margin-bottom:13.716px;margin-top:13.716px;margin-left:0px;margin-right:0px;padding-left:27.432px\" align=\"start\">\n<li>\n<p style=\"font-size:16.002px;line-height:28.575px;margin-bottom:0px;margin-top:0px;margin-left:0px;margin-right:0px\" class=\"ds-markdown-paragraph\">Kompletny zestaw narz\u0119dzi (klucze imbusowe, klucze francuskie, \u015brubokr\u0119ty w p\u0142\u00f3ciennej torbie)<\/p>\n<\/li>\n<li style=\"margin-top:4px\">\n<p style=\"font-size:16.002px;line-height:28.575px;margin-bottom:0px;margin-top:0px;margin-left:0px;margin-right:0px\" class=\"ds-markdown-paragraph\">Instrukcja w j\u0119zyku angielskim<\/p>\n<\/li>\n<li style=\"margin-top:4px\">\n<p style=\"font-size:16.002px;line-height:28.575px;margin-bottom:0px;margin-top:0px;margin-left:0px;margin-right:0px\" class=\"ds-markdown-paragraph\">Akumulator 48V13Ah<\/p>\n<\/li>\n<\/ul>\n<p style=\"font-family:DeepSeek-CJK-patch, Inter, system-ui, -apple-system, BlinkMacSystemFont, &quot;Segoe UI&quot;, Roboto, &quot;Noto Sans&quot;, Ubuntu, Cantarell, &quot;Helvetica Neue&quot;, Oxygen, &quot;Open Sans&quot;, sans-serif;font-size:16.002px;font-weight:400;letter-spacing:normal;line-height:28.575px;text-align:start;white-space:normal;color:rgb(64, 64, 64);background-color:rgb(255, 255, 255);margin:13.716px 0px;margin-bottom:13.716px;margin-top:13.716px;margin-left:0px;margin-right:0px\" class=\"ds-markdown-paragraph\" align=\"start\"><strong>Najwa\u017cniejsze cechy produktu:<\/strong><br \/>\u2713 Zintegrowany silnik ko\u0142a zapewniaj\u0105cy czyst\u0105 estetyk\u0119<br \/>\u2713 Opony zimowe o szeroko\u015bci 4,0&quot; zapewniaj\u0105ce doskona\u0142\u0105 stabilno\u015b\u0107<br \/>\u2713 Czujnik momentu obrotowego zapewnia naturalne wra\u017cenia z jazdy<br \/>\u2713 Zawieszenie mechaniczne wyg\u0142adza nier\u00f3wno\u015bci terenu<br \/>\u2713 Funkcja Boost zapewnia dodatkow\u0105 moc podczas wspinaczki (Uwaga: Dzia\u0142a tylko w trybie wspomagania peda\u0142owania)<\/p>\n<p style=\"font-family:DeepSeek-CJK-patch, Inter, system-ui, -apple-system, BlinkMacSystemFont, &quot;Segoe UI&quot;, Roboto, &quot;Noto Sans&quot;, Ubuntu, Cantarell, &quot;Helvetica Neue&quot;, Oxygen, &quot;Open Sans&quot;, sans-serif;font-size:16.002px;font-weight:400;letter-spacing:normal;line-height:28.575px;text-align:start;white-space:normal;color:rgb(64, 64, 64);background-color:rgb(255, 255, 255);margin:13.716px 0px;margin-bottom:13.716px;margin-top:13.716px;margin-left:0px;margin-right:0px\" class=\"ds-markdown-paragraph\" align=\"start\"><strong>Szczeg\u00f3\u0142y pakietu:<\/strong><\/p>\n<ul style=\"font-family:DeepSeek-CJK-patch, Inter, system-ui, -apple-system, BlinkMacSystemFont, &quot;Segoe UI&quot;, Roboto, &quot;Noto Sans&quot;, Ubuntu, Cantarell, &quot;Helvetica Neue&quot;, Oxygen, &quot;Open Sans&quot;, sans-serif;font-size:16.002px;font-weight:400;letter-spacing:normal;text-align:start;white-space:normal;color:rgb(64, 64, 64);background-color:rgb(255, 255, 255);margin:13.716px 0px;margin-bottom:13.716px;margin-top:13.716px;margin-left:0px;margin-right:0px;padding-left:27.432px\" align=\"start\">\n<li>\n<p style=\"font-size:16.002px;line-height:28.575px;margin-bottom:0px;margin-top:0px;margin-left:0px;margin-right:0px\" class=\"ds-markdown-paragraph\">Wymiary: 148,5\u00d731\u00d778 cm (w opakowaniu)<\/p>\n<\/li>\n<li style=\"margin-top:4px\">\n<p style=\"font-size:16.002px;line-height:28.575px;margin-bottom:0px;margin-top:0px;margin-left:0px;margin-right:0px\" class=\"ds-markdown-paragraph\">Masa netto: 34 kg (74,8 funta)<\/p>\n<\/li>\n<li style=\"margin-top:4px\">\n<p style=\"font-size:16.002px;line-height:28.575px;margin-bottom:0px;margin-top:0px;margin-left:0px;margin-right:0px\" class=\"ds-markdown-paragraph\">Masa ca\u0142kowita: 41,5 kg (91,3 funta)<\/p>\n<\/li>\n<\/ul>\n<p style=\"font-family:DeepSeek-CJK-patch, Inter, system-ui, -apple-system, BlinkMacSystemFont, &quot;Segoe UI&quot;, Roboto, &quot;Noto Sans&quot;, Ubuntu, Cantarell, &quot;Helvetica Neue&quot;, Oxygen, &quot;Open Sans&quot;, sans-serif;font-size:16.002px;font-weight:400;letter-spacing:normal;line-height:28.575px;text-align:start;white-space:normal;color:rgb(64, 64, 64);background-color:rgb(255, 255, 255);margin:13.716px 0px;margin-bottom:13.716px;margin-top:13.716px;margin-left:0px;margin-right:0px\" class=\"ds-markdown-paragraph\" align=\"start\"><strong>Notatka:<\/strong><span>\u00a0<\/span>Zawsze przestrzegaj lokalnych przepis\u00f3w ruchu drogowego dotycz\u0105cych korzystania z rower\u00f3w elektrycznych. Funkcja Boost jest wy\u0142\u0105czona w trybie samej przepustnicy ze wzgl\u0119d\u00f3w bezpiecze\u0144stwa.<\/p>\n<p><img decoding=\"async\" src=\"https:\/\/ae01.alicdn.com\/kf\/Sc6d74862013642b0a307d98ca14aaf88W.jpg\" slate-data-type=\"image\"\/><img decoding=\"async\" src=\"https:\/\/ae01.alicdn.com\/kf\/S952673ea3f0141a39f1db7b2c6a9993aq.jpg\" slate-data-type=\"image\"\/><img decoding=\"async\" src=\"https:\/\/ae01.alicdn.com\/kf\/S04d62648ae3d48ea8ef740b88516df581.jpg\" slate-data-type=\"image\"\/><img decoding=\"async\" src=\"https:\/\/ae01.alicdn.com\/kf\/S98f1d030f34b411d8b0ced82353b4ae1D.jpg\" slate-data-type=\"image\"\/><img decoding=\"async\" src=\"https:\/\/ae01.alicdn.com\/kf\/S1be1c2f7f32c4d90a3ea855714133ab6F.jpg\" slate-data-type=\"image\"\/><img decoding=\"async\" src=\"https:\/\/ae01.alicdn.com\/kf\/Sdfd86adb2cc949dd9637eb7be1958cffC.jpg\" slate-data-type=\"image\"\/><img decoding=\"async\" src=\"https:\/\/ae01.alicdn.com\/kf\/Sae89a4efcff142648ddbfac24eb8f98cI.jpg\" slate-data-type=\"image\"\/><img decoding=\"async\" src=\"https:\/\/ae01.alicdn.com\/kf\/S94bf2213f1cd4ec0adeedfc5f30ad44bt.jpg\" slate-data-type=\"image\"\/><img decoding=\"async\" src=\"https:\/\/ae01.alicdn.com\/kf\/Sa565125199df4feb9c35494f92b993f6b.jpg\" slate-data-type=\"image\"\/><img decoding=\"async\" src=\"https:\/\/ae01.alicdn.com\/kf\/Sd684c870e305450195df8754f04010f3A.jpg\" slate-data-type=\"image\"\/><img decoding=\"async\" src=\"https:\/\/ae01.alicdn.com\/kf\/Sd1e7b9a53d6f4f52a4ee5c90fb78dae1n.jpg\" slate-data-type=\"image\"\/><img decoding=\"async\" src=\"https:\/\/ae01.alicdn.com\/kf\/Sf798c4ef0f4a4fcfb530dfba8fbb496ch.jpg\" slate-data-type=\"image\"\/><\/p>","protected":false},"excerpt":{"rendered":"<p>Model Number:&nbsp;ENGW L20 Boost Rated Passenger Capacity:&nbsp;Two Seat Style:&nbsp;Mini Type Max Speed:&nbsp;&lt;25km\/h Range per Power:&nbsp;&gt; 60 km Wattage:&nbsp;200 &#8211; 250w Power Supply:&nbsp;lithium battery Voltage:&nbsp;48V Power Source:&nbsp;lithium battery Origin:&nbsp;Mainland China Folded:&nbsp;Yes<\/p>","protected":false},"featured_media":25933,"comment_status":"open","ping_status":"closed","template":"","meta":{"_acf_changed":false},"product_brand":[],"product_cat":[230],"product_tag":[],"class_list":{"0":"post-25932","1":"product","2":"type-product","3":"status-publish","4":"has-post-thumbnail","6":"product_cat-bikes","8":"first","9":"instock","10":"shipping-taxable","11":"purchasable","12":"product-type-variable"},"acf":[],"_links":{"self":[{"href":"https:\/\/www.electricstore.eu\/pl\/wp-json\/wp\/v2\/product\/25932","targetHints":{"allow":["GET"]}}],"collection":[{"href":"https:\/\/www.electricstore.eu\/pl\/wp-json\/wp\/v2\/product"}],"about":[{"href":"https:\/\/www.electricstore.eu\/pl\/wp-json\/wp\/v2\/types\/product"}],"replies":[{"embeddable":true,"href":"https:\/\/www.electricstore.eu\/pl\/wp-json\/wp\/v2\/comments?post=25932"}],"wp:featuredmedia":[{"embeddable":true,"href":"https:\/\/www.electricstore.eu\/pl\/wp-json\/wp\/v2\/media\/25933"}],"wp:attachment":[{"href":"https:\/\/www.electricstore.eu\/pl\/wp-json\/wp\/v2\/media?parent=25932"}],"wp:term":[{"taxonomy":"product_brand","embeddable":true,"href":"https:\/\/www.electricstore.eu\/pl\/wp-json\/wp\/v2\/product_brand?post=25932"},{"taxonomy":"product_cat","embeddable":true,"href":"https:\/\/www.electricstore.eu\/pl\/wp-json\/wp\/v2\/product_cat?post=25932"},{"taxonomy":"product_tag","embeddable":true,"href":"https:\/\/www.electricstore.eu\/pl\/wp-json\/wp\/v2\/product_tag?post=25932"}],"curies":[{"name":"wp","href":"https:\/\/api.w.org\/{rel}","templated":true}]}}