{"id":25726,"date":"2025-05-20T19:00:50","date_gmt":"2025-05-20T19:00:50","guid":{"rendered":"https:\/\/electricstore.eu\/p\/uncategorized\/hyper-go-mjx-14210-v2-0-1-14-rc-car-55km-h-high-speed-brushless-2-4g-remote-control-4wd-off-road-racing-rc-truck-electric-toy\/"},"modified":"2025-05-20T19:06:07","modified_gmt":"2025-05-20T19:06:07","slug":"hyper-go-mjx-14210-v2-0-1-14-rc-car-55km-h-high-speed-brushless-2-4g-remote-control-4wd-off-road-racing-rc-truck-electric-toy","status":"publish","type":"product","link":"https:\/\/www.electricstore.eu\/pl\/p\/rc\/rc-cars\/hyper-go-mjx-14210-v2-0-1-14-rc-car-55km-h-high-speed-brushless-2-4g-remote-control-4wd-off-road-racing-rc-truck-electric-toy\/","title":{"rendered":"Hyper Go MJX 14210 V2.0 1\/14 RC Car 55 km\/h High Speed Brushless 2.4G Remote Control 4WD Off-road Racing RC Truck Electric Toy"},"content":{"rendered":"<div class=\"product-specs-list-container\">\n<ul class=\"product-specs-list util-clearfix\">\n<li class=\"product-prop line-limit-length\"><span\n                                        class=\"property-title\">Substancja chemiczna budz\u0105ca du\u017ce obawy:&nbsp;<\/span><span\n                                        class=\"property-desc line-limit-length\">Nic<\/span>\n                            <\/li>\n<li class=\"product-prop line-limit-length\"><span\n                                        class=\"property-title\">CE:&nbsp;<\/span><span\n                                        class=\"property-desc line-limit-length\">Certyfikat<\/span>\n                            <\/li>\n<li class=\"product-prop line-limit-length\"><span\n                                        class=\"property-title\">Czy jest elektryczny:&nbsp;<\/span><span\n                                        class=\"property-desc line-limit-length\">bateria litowa<\/span>\n                            <\/li>\n<li class=\"product-prop line-limit-length\"><span\n                                        class=\"property-title\">Kod kreskowy:&nbsp;<\/span><span\n                                        class=\"property-desc line-limit-length\">NIE<\/span>\n                            <\/li>\n<li class=\"product-prop line-limit-length\"><span\n                                        class=\"property-title\">Serwo przepustnicy:&nbsp;<\/span><span\n                                        class=\"property-desc line-limit-length\">Silnik bezszczotkowy 2852<\/span>\n                            <\/li>\n<li class=\"product-prop line-limit-length\"><span\n                                        class=\"property-title\">Serwomechanizm steruj\u0105cy:&nbsp;<\/span><span\n                                        class=\"property-desc line-limit-length\">Serwo cyfrowe 19 g (2,2 kg cm)<\/span>\n                            <\/li>\n<li class=\"product-prop line-limit-length\"><span\n                                        class=\"property-title\">Moc:&nbsp;<\/span><span\n                                        class=\"property-desc line-limit-length\">55 km\/h<\/span>\n                            <\/li>\n<li class=\"product-prop line-limit-length\"><span\n                                        class=\"property-title\">Stan Zgromadzenia:&nbsp;<\/span><span\n                                        class=\"property-desc line-limit-length\">Gotowy do u\u017cycia<\/span>\n                            <\/li>\n<li class=\"product-prop line-limit-length\"><span\n                                        class=\"property-title\">Czas lotu:&nbsp;<\/span><span\n                                        class=\"property-desc line-limit-length\">\u2265 13 minut (pe\u0142na pr\u0119dko\u015b\u0107)<\/span>\n                            <\/li>\n<li class=\"product-prop line-limit-length\"><span\n                                        class=\"property-title\">\u015alad opon:&nbsp;<\/span><span\n                                        class=\"property-desc line-limit-length\">188 mm<\/span>\n                            <\/li>\n<li class=\"product-prop line-limit-length\"><span\n                                        class=\"property-title\">Rozstaw osi:&nbsp;<\/span><span\n                                        class=\"property-desc line-limit-length\">198 mm<\/span>\n                            <\/li>\n<li class=\"product-prop line-limit-length\"><span\n                                        class=\"property-title\">Odleg\u0142o\u015b\u0107 zdalna:&nbsp;<\/span><span\n                                        class=\"property-desc line-limit-length\">\u2265120m<\/span>\n                            <\/li>\n<li class=\"product-prop line-limit-length\"><span\n                                        class=\"property-title\">Skala:&nbsp;<\/span><span\n                                        class=\"property-desc line-limit-length\">1:14<\/span>\n                            <\/li>\n<li class=\"product-prop line-limit-length\"><span\n                                        class=\"property-title\">Wymiary:&nbsp;<\/span><span\n                                        class=\"property-desc line-limit-length\">320*230*124 mm<\/span>\n                            <\/li>\n<li class=\"product-prop line-limit-length\"><span\n                                        class=\"property-title\">Moment obrotowy:&nbsp;<\/span><span\n                                        class=\"property-desc line-limit-length\">jak pokazano<\/span>\n                            <\/li>\n<li class=\"product-prop line-limit-length\"><span\n                                        class=\"property-title\">Numer modelu:&nbsp;<\/span><span\n                                        class=\"property-desc line-limit-length\">MJX Hyper Go 14210 14209<\/span>\n                            <\/li>\n<li class=\"product-prop line-limit-length\"><span\n                                        class=\"property-title\">Kana\u0142y sterowania:&nbsp;<\/span><span\n                                        class=\"property-desc line-limit-length\">4 kana\u0142y<\/span>\n                            <\/li>\n<li class=\"product-prop line-limit-length\"><span\n                                        class=\"property-title\">Tryb kontrolera:&nbsp;<\/span><span\n                                        class=\"property-desc line-limit-length\">TRYB 2<\/span>\n                            <\/li>\n<li class=\"product-prop line-limit-length\"><span\n                                        class=\"property-title\">Zdalne sterowanie:&nbsp;<\/span><span\n                                        class=\"property-desc line-limit-length\">Tak<\/span>\n                            <\/li>\n<li class=\"product-prop line-limit-length\"><span\n                                        class=\"property-title\">Tworzywo:&nbsp;<\/span><span\n                                        class=\"property-desc line-limit-length\">Metal, Plastik, Guma<\/span>\n                            <\/li>\n<li class=\"product-prop line-limit-length\"><span\n                                        class=\"property-title\">Nazwa marki:&nbsp;<\/span><span\n                                        class=\"property-desc line-limit-length\">WDSZKMYF<\/span>\n                            <\/li>\n<li class=\"product-prop line-limit-length\"><span\n                                        class=\"property-title\">Zalecany wiek:&nbsp;<\/span><span\n                                        class=\"property-desc line-limit-length\">14+ lat<\/span>\n                            <\/li>\n<li class=\"product-prop line-limit-length\"><span\n                                        class=\"property-title\">Pochodzenie:&nbsp;<\/span><span\n                                        class=\"property-desc line-limit-length\">Chiny kontynentalne<\/span>\n                            <\/li>\n<li class=\"product-prop line-limit-length\"><span\n                                        class=\"property-title\">Projekt:&nbsp;<\/span><span\n                                        class=\"property-desc line-limit-length\">Motocykl terenowy<\/span>\n                            <\/li>\n<li class=\"product-prop line-limit-length\"><span\n                                        class=\"property-title\">Typ:&nbsp;<\/span><span\n                                        class=\"property-desc line-limit-length\">Samoch\u00f3d<\/span>\n                            <\/li>\n<li class=\"product-prop line-limit-length\"><span\n                                        class=\"property-title\">Cechy:&nbsp;<\/span><span\n                                        class=\"property-desc line-limit-length\">ZDALNE STEROWANIE<\/span>\n                            <\/li>\n<\/ul><\/div>\n<p><span style=\"color:rgb(244, 78, 59);font-size:22px\"><strong>Hyper Go MJX 14210 V2.0 1\/14 RC Car 55 km\/h High Speed Brushless 2.4G Remote Control 4WD Off-road Racing RC Truck Electric Toy<\/strong><\/span><\/p>\n<p><\/p>\n<p><strong><span style=\"color:rgb(0, 0, 0);font-size:16px\">Opis produktu<\/span><\/strong><\/p>\n<p><\/p>\n<p><span style=\"color:rgb(0, 0, 0);font-size:16px\"> <\/span><span style=\"color:rgba(244,78,59,255);font-size:16px\">Cechy:<\/span><\/p>\n<p><\/p>\n<p><span style=\"color:rgba(244,78,59,255);font-size:16px\">1. Amortyzator hydrauliczny ca\u0142kowicie metalowy;<\/span><\/p>\n<p><\/p>\n<p><span style=\"color:rgba(244,78,59,255);font-size:16px\">2. Standardowa bateria 2S 55 km\/h, obs\u0142uga baterii 3S, maksymalna pr\u0119dko\u015b\u0107 do 80 km\/h<\/span><\/p>\n<p><\/p>\n<p><span style=\"color:rgba(244,78,59,255);font-size:16px\">3. 45A niezale\u017cny bezszczotkowy regulator obrot\u00f3w + 2852 4400KV czterobiegunowy silnik bezszczotkowy;<\/span><\/p>\n<p><\/p>\n<p><span style=\"color:rgba(244,78,59,255);font-size:16px\">4. Metalowa g\u0142owica antykolizyjna;<\/span><\/p>\n<p><\/p>\n<p><span style=\"color:rgba(244,78,59,255);font-size:16px\">5. Ca\u0142kowicie metalowy uk\u0142ad przeniesienia nap\u0119du (metalowy mechanizm r\u00f3\u017cnicowy);<\/span><\/p>\n<p><\/p>\n<p><span style=\"color:rgba(244,78,59,255);font-size:16px\">6. Standardowy, niezale\u017cny odbiornik, \u0142atwy do modyfikacji.<\/span><\/p>\n<p><\/p>\n<p><span style=\"color:rgb(0, 0, 0);font-size:16px\">Parametry podstawowe:<\/span><\/p>\n<p><\/p>\n<p><span style=\"color:rgb(0, 0, 0);font-size:16px\">Numer modelu produktu: 14210<\/span><\/p>\n<p><\/p>\n<p><span style=\"color:rgb(0, 0, 0);font-size:16px\">Skala: 1\/14<\/span><\/p>\n<p><\/p>\n<p><span style=\"color:rgb(0, 0, 0);font-size:16px\">Maksymalna pr\u0119dko\u015b\u0107: 80 km\/h<\/span><\/p>\n<p><\/p>\n<p><span style=\"color:rgb(0, 0, 0);font-size:16px\">Zasi\u0119g zdalnego sterowania: 120 m<\/span><\/p>\n<p><\/p>\n<p><span style=\"color:rgb(0, 0, 0);font-size:16px\">Maksymalny czas u\u017cytkowania: 15 min<\/span><\/p>\n<p><\/p>\n<p><span style=\"color:rgb(0, 0, 0);font-size:16px\">Czas \u0142adowania: 4 godz. (przy u\u017cyciu \u0142adowarki 5 V 2 A)<\/span><\/p>\n<p><\/p>\n<p><span style=\"color:rgb(0, 0, 0);font-size:16px\">Metoda \u0142adowania: kabel \u0142aduj\u0105cy USB<\/span><\/p>\n<p><\/p>\n<p><span style=\"color:rgb(0, 0, 0);font-size:16px\">Wymiary i specyfikacje:<\/span><\/p>\n<p><\/p>\n<p><\/p>\n<p><strong><span style=\"color:rgb(0, 0, 0);font-size:16px\">14210:<\/span><\/strong><\/p>\n<p><\/p>\n<p><span style=\"color:rgb(0, 0, 0);font-size:16px\">Wymiary produktu (mm) 320*230*124mm<\/span><\/p>\n<p><\/p>\n<p><span style=\"color:rgb(0, 0, 0);font-size:16px\">Rozstaw osi (mm) 188 mm<\/span><\/p>\n<p><\/p>\n<p><span style=\"color:rgb(0, 0, 0);font-size:16px\">Rozstaw osi (mm) 198 mm<\/span><\/p>\n<p><\/p>\n<p><span style=\"color:rgb(0, 0, 0);font-size:16px\">\u015arednica opony (mm) 90mm<\/span><\/p>\n<p><\/p>\n<p><span style=\"color:rgb(0, 0, 0);font-size:16px\">Masa pojazdu 1410 g<\/span><\/p>\n<p><\/p>\n<p><strong><span style=\"color:rgb(0, 0, 0);font-size:16px\">Konfiguruj:<\/span><\/strong><\/p>\n<p><\/p>\n<p><span style=\"color:rgb(0, 0, 0);font-size:16px\">Dane techniczne silnika: Silnik bezszczotkowy 2852 4400 kV 4 bieguny<\/span><\/p>\n<p><\/p>\n<p><span style=\"color:rgb(0, 0, 0);font-size:16px\">Radiator aluminiowy ch\u0142odz\u0105cy silnik + wentylator<\/span><\/p>\n<p><\/p>\n<p><span style=\"color:rgb(0, 0, 0);font-size:16px\">Regulator bezszczotkowy ESC 45A (metalowy radiator)<\/span><\/p>\n<p><\/p>\n<p><span style=\"color:rgb(0, 0, 0);font-size:16px\">Specyfikacja serwomechanizmu 19g serwo cyfrowe<\/span><\/p>\n<p><\/p>\n<p><span style=\"color:rgb(0, 0, 0);font-size:16px\">Pilot zdalnego sterowania 2,4 GHz<\/span><\/p>\n<p><\/p>\n<p><span style=\"color:rgb(0, 0, 0);font-size:16px\">Bateria do pilota 1,5AA*2<\/span><\/p>\n<p><\/p>\n<p><span style=\"color:rgb(0, 0, 0);font-size:16px\">Specyfikacja akumulatora samochodowego 7,4 V 3000 mAh 2S 25C<\/span><\/p>\n<p><\/p>\n<p><strong><span style=\"color:rgb(0, 0, 0);font-size:16px\">lista rzeczy do spakowania:<\/span><\/strong><\/p>\n<p><\/p>\n<p><span style=\"color:rgb(0, 0, 0);font-size:16px\">Samoch\u00f3d*1<\/span><\/p>\n<p><\/p>\n<p><span style=\"color:rgb(0, 0, 0);font-size:16px\">Pilot zdalnego sterowania*1<\/span><\/p>\n<p><\/p>\n<p><span style=\"color:rgb(0, 0, 0);font-size:16px\">bateria*1;<\/span><\/p>\n<p><\/p>\n<p><span style=\"color:rgb(0, 0, 0);font-size:16px\">tylne skrzyd\u0142o*1;<\/span><\/p>\n<p><\/p>\n<p><span style=\"color:rgb(0, 0, 0);font-size:16px\">Podr\u0119cznik*1;<\/span><\/p>\n<p><\/p>\n<p><span style=\"color:rgb(0, 0, 0);font-size:16px\">Kabel \u0142aduj\u0105cy USB*1;<\/span><\/p>\n<p><\/p>\n<p><span style=\"color:rgb(0, 0, 0);font-size:16px\">Klucz imbusowy*1;<\/span><\/p>\n<p><\/p>\n<p><span style=\"color:rgb(0, 0, 0);font-size:16px\">Akcesoria do k\u00f3\u0142 przeziernych*1;<\/span><\/p>\n<p><\/p>\n<p><span style=\"color:rgb(0, 0, 0);font-size:16px\">\u015arubokr\u0119t*1<\/span><\/p>\n<p><\/p>\n<p><span style=\"color:rgb(0, 0, 0);font-size:16px\">Opony*2 (wliczaj\u0105c opon\u0119 nadwozia)<\/span><\/p>\n<p><\/p>\n<p style=\"font-family:&quot;TT Norms Pro&quot;, &quot;Open Sans&quot;, Roboto, Arial, Helvetica, sans-serif, SimSun;font-size:14px;font-weight:400;letter-spacing:normal;line-height:inherit;text-align:start;white-space:normal;color:rgb(34, 34, 34);margin:0px;margin-bottom:0px;margin-top:0px;margin-left:0px;margin-right:0px;padding:0px;padding-bottom:0px;padding-top:0px;padding-left:0px;padding-right:0px;box-sizing:border-box\" align=\"start\"><img decoding=\"async\" style=\"border:0px;margin:0px;margin-bottom:0px;margin-top:0px;margin-left:0px;margin-right:0px;padding:0px;padding-bottom:0px;padding-top:0px;padding-left:0px;padding-right:0px;max-width:100%;box-sizing:border-box\" src=\"https:\/\/ae01.alicdn.com\/kf\/Ad3bddfd9b72b4845a536d4672df29bb3t.jpg\" slate-data-type=\"image\"\/><img decoding=\"async\" style=\"border:0px;margin:0px;margin-bottom:0px;margin-top:0px;margin-left:0px;margin-right:0px;padding:0px;padding-bottom:0px;padding-top:0px;padding-left:0px;padding-right:0px;max-width:100%;box-sizing:border-box\" src=\"https:\/\/ae01.alicdn.com\/kf\/Ae34950f5cb2543d199148235983484b4B.jpg\" slate-data-type=\"image\"\/><img decoding=\"async\" style=\"border:0px;margin:0px;margin-bottom:0px;margin-top:0px;margin-left:0px;margin-right:0px;padding:0px;padding-bottom:0px;padding-top:0px;padding-left:0px;padding-right:0px;max-width:100%;box-sizing:border-box\" src=\"https:\/\/ae01.alicdn.com\/kf\/A1741f0c3661542139a1b13ff7d43eff9x.jpg\" slate-data-type=\"image\"\/><img decoding=\"async\" style=\"border:0px;margin:0px;margin-bottom:0px;margin-top:0px;margin-left:0px;margin-right:0px;padding:0px;padding-bottom:0px;padding-top:0px;padding-left:0px;padding-right:0px;max-width:100%;box-sizing:border-box\" src=\"https:\/\/ae01.alicdn.com\/kf\/A174a908ee32d40a4aac656a63a2f6d8bC.jpg\" slate-data-type=\"image\"\/><img decoding=\"async\" style=\"border:0px;margin:0px;margin-bottom:0px;margin-top:0px;margin-left:0px;margin-right:0px;padding:0px;padding-bottom:0px;padding-top:0px;padding-left:0px;padding-right:0px;max-width:100%;box-sizing:border-box\" src=\"https:\/\/ae01.alicdn.com\/kf\/A9a18b8ff6a764a98bf107dbb3728b009i.jpg\" slate-data-type=\"image\"\/><img decoding=\"async\" style=\"border:0px;margin:0px;margin-bottom:0px;margin-top:0px;margin-left:0px;margin-right:0px;padding:0px;padding-bottom:0px;padding-top:0px;padding-left:0px;padding-right:0px;max-width:100%;box-sizing:border-box\" src=\"https:\/\/ae01.alicdn.com\/kf\/A4c8eba9294014111994c12bfba7aded3B.jpg\" slate-data-type=\"image\"\/><img decoding=\"async\" style=\"border:0px;margin:0px;margin-bottom:0px;margin-top:0px;margin-left:0px;margin-right:0px;padding:0px;padding-bottom:0px;padding-top:0px;padding-left:0px;padding-right:0px;max-width:100%;box-sizing:border-box\" src=\"https:\/\/ae01.alicdn.com\/kf\/A1bcaece87e1f48d5bbc9030b317674b4A.jpg\" slate-data-type=\"image\"\/><img decoding=\"async\" style=\"border:0px;margin:0px;margin-bottom:0px;margin-top:0px;margin-left:0px;margin-right:0px;padding:0px;padding-bottom:0px;padding-top:0px;padding-left:0px;padding-right:0px;max-width:100%;box-sizing:border-box\" src=\"https:\/\/ae01.alicdn.com\/kf\/A26ae147906f549c0b337a98524bbc7f8V.jpg\" slate-data-type=\"image\"\/><img decoding=\"async\" style=\"border:0px;margin:0px;margin-bottom:0px;margin-top:0px;margin-left:0px;margin-right:0px;padding:0px;padding-bottom:0px;padding-top:0px;padding-left:0px;padding-right:0px;max-width:100%;box-sizing:border-box\" src=\"https:\/\/ae01.alicdn.com\/kf\/A1fda068dace84fa79091c945c904724fk.jpg\" slate-data-type=\"image\"\/><img decoding=\"async\" style=\"border:0px;margin:0px;margin-bottom:0px;margin-top:0px;margin-left:0px;margin-right:0px;padding:0px;padding-bottom:0px;padding-top:0px;padding-left:0px;padding-right:0px;max-width:100%;box-sizing:border-box\" src=\"https:\/\/ae01.alicdn.com\/kf\/A0ae556d91ffb4c348be427abdd2b547bc.jpg\" slate-data-type=\"image\"\/><img decoding=\"async\" style=\"border:0px;margin:0px;margin-bottom:0px;margin-top:0px;margin-left:0px;margin-right:0px;padding:0px;padding-bottom:0px;padding-top:0px;padding-left:0px;padding-right:0px;max-width:100%;box-sizing:border-box\" src=\"https:\/\/ae01.alicdn.com\/kf\/Aa3e13f7814cd49009da1e0ea8336b841e.jpg\" slate-data-type=\"image\"\/><img decoding=\"async\" style=\"border:0px;margin:0px;margin-bottom:0px;margin-top:0px;margin-left:0px;margin-right:0px;padding:0px;padding-bottom:0px;padding-top:0px;padding-left:0px;padding-right:0px;max-width:100%;box-sizing:border-box\" src=\"https:\/\/ae01.alicdn.com\/kf\/A14f69ad1bd1b438bb4daa4b42597dfc7J.jpg\" slate-data-type=\"image\"\/><img decoding=\"async\" style=\"border:0px;margin:0px;margin-bottom:0px;margin-top:0px;margin-left:0px;margin-right:0px;padding:0px;padding-bottom:0px;padding-top:0px;padding-left:0px;padding-right:0px;max-width:100%;box-sizing:border-box\" src=\"https:\/\/ae01.alicdn.com\/kf\/Aa1f26019fa6746a788e33feb6adbe4a5B.jpg\" slate-data-type=\"image\"\/><img decoding=\"async\" style=\"border:0px;margin:0px;margin-bottom:0px;margin-top:0px;margin-left:0px;margin-right:0px;padding:0px;padding-bottom:0px;padding-top:0px;padding-left:0px;padding-right:0px;max-width:100%;box-sizing:border-box\" src=\"https:\/\/ae01.alicdn.com\/kf\/A774081aed8b942e7acaf49610db62bdcp.jpg\" slate-data-type=\"image\"\/><img decoding=\"async\" style=\"border:0px;margin:0px;margin-bottom:0px;margin-top:0px;margin-left:0px;margin-right:0px;padding:0px;padding-bottom:0px;padding-top:0px;padding-left:0px;padding-right:0px;max-width:100%;box-sizing:border-box\" src=\"https:\/\/ae01.alicdn.com\/kf\/A5049f32fb51c4b6893c15cd2091d39c6m.jpg\" slate-data-type=\"image\"\/><img decoding=\"async\" style=\"border:0px;margin:0px;margin-bottom:0px;margin-top:0px;margin-left:0px;margin-right:0px;padding:0px;padding-bottom:0px;padding-top:0px;padding-left:0px;padding-right:0px;max-width:100%;box-sizing:border-box\" src=\"https:\/\/ae01.alicdn.com\/kf\/A32563d52304747c8b5e86699d4af4df8G.jpg\" slate-data-type=\"image\"\/><img decoding=\"async\" style=\"border:0px;margin:0px;margin-bottom:0px;margin-top:0px;margin-left:0px;margin-right:0px;padding:0px;padding-bottom:0px;padding-top:0px;padding-left:0px;padding-right:0px;max-width:100%;box-sizing:border-box\" src=\"https:\/\/ae01.alicdn.com\/kf\/A6f008b1d035a433e99610ffe78870e9bC.jpg\" slate-data-type=\"image\"\/><img decoding=\"async\" style=\"border:0px;margin:0px;margin-bottom:0px;margin-top:0px;margin-left:0px;margin-right:0px;padding:0px;padding-bottom:0px;padding-top:0px;padding-left:0px;padding-right:0px;max-width:100%;box-sizing:border-box\" src=\"https:\/\/ae01.alicdn.com\/kf\/Af2d68fd06cd742e3851b9862f5f2d9e4v.jpg\" slate-data-type=\"image\"\/><img decoding=\"async\" style=\"border:0px;margin:0px;margin-bottom:0px;margin-top:0px;margin-left:0px;margin-right:0px;padding:0px;padding-bottom:0px;padding-top:0px;padding-left:0px;padding-right:0px;max-width:100%;box-sizing:border-box\" src=\"https:\/\/ae01.alicdn.com\/kf\/Abd482e2d7b8b4ebabab44c5b1c1c8530Y.jpg\" slate-data-type=\"image\"\/><img decoding=\"async\" style=\"border:0px;margin:0px;margin-bottom:0px;margin-top:0px;margin-left:0px;margin-right:0px;padding:0px;padding-bottom:0px;padding-top:0px;padding-left:0px;padding-right:0px;max-width:100%;box-sizing:border-box\" src=\"https:\/\/ae01.alicdn.com\/kf\/Aa2e0cb20a73a442fadc49fc9fe285b4dS.jpg\" slate-data-type=\"image\"\/><img decoding=\"async\" style=\"border:0px;margin:0px;margin-bottom:0px;margin-top:0px;margin-left:0px;margin-right:0px;padding:0px;padding-bottom:0px;padding-top:0px;padding-left:0px;padding-right:0px;max-width:100%;box-sizing:border-box\" src=\"https:\/\/ae01.alicdn.com\/kf\/A8740e031b4314d6785c4851ce1970bebW.jpg\" slate-data-type=\"image\"\/><img decoding=\"async\" style=\"border:0px;margin:0px;margin-bottom:0px;margin-top:0px;margin-left:0px;margin-right:0px;padding:0px;padding-bottom:0px;padding-top:0px;padding-left:0px;padding-right:0px;max-width:100%;box-sizing:border-box\" src=\"https:\/\/ae01.alicdn.com\/kf\/Aaddc1c4e75c9467b877f39cd68ee5696u.jpg\" slate-data-type=\"image\"\/><img decoding=\"async\" style=\"border:0px;margin:0px;margin-bottom:0px;margin-top:0px;margin-left:0px;margin-right:0px;padding:0px;padding-bottom:0px;padding-top:0px;padding-left:0px;padding-right:0px;max-width:100%;box-sizing:border-box\" src=\"https:\/\/ae01.alicdn.com\/kf\/A317b6c9d3b83421e9482cd1ab110604ck.jpg\" slate-data-type=\"image\"\/><img decoding=\"async\" style=\"border:0px;margin:0px;margin-bottom:0px;margin-top:0px;margin-left:0px;margin-right:0px;padding:0px;padding-bottom:0px;padding-top:0px;padding-left:0px;padding-right:0px;max-width:100%;box-sizing:border-box\" src=\"https:\/\/ae01.alicdn.com\/kf\/Acda42ec6a24a4bb9ba6997b3d8d9926fn.jpg\" slate-data-type=\"image\"\/><img decoding=\"async\" style=\"border:0px;margin:0px;margin-bottom:0px;margin-top:0px;margin-left:0px;margin-right:0px;padding:0px;padding-bottom:0px;padding-top:0px;padding-left:0px;padding-right:0px;max-width:100%;box-sizing:border-box\" src=\"https:\/\/ae01.alicdn.com\/kf\/A684404bc598e44d5992d7e7fec2bd671V.jpg\" slate-data-type=\"image\"\/><img decoding=\"async\" style=\"border:0px;margin:0px;margin-bottom:0px;margin-top:0px;margin-left:0px;margin-right:0px;padding:0px;padding-bottom:0px;padding-top:0px;padding-left:0px;padding-right:0px;max-width:100%;box-sizing:border-box\" src=\"https:\/\/ae01.alicdn.com\/kf\/A1994c28b1cc6443f86d58d102e26ca20w.jpg\" slate-data-type=\"image\"\/><img decoding=\"async\" style=\"border:0px;margin:0px;margin-bottom:0px;margin-top:0px;margin-left:0px;margin-right:0px;padding:0px;padding-bottom:0px;padding-top:0px;padding-left:0px;padding-right:0px;max-width:100%;box-sizing:border-box\" src=\"https:\/\/ae01.alicdn.com\/kf\/A49629716aaa042fb9c8c13678e1ee374C.jpg\" slate-data-type=\"image\"\/><img decoding=\"async\" style=\"border:0px;margin:0px;margin-bottom:0px;margin-top:0px;margin-left:0px;margin-right:0px;padding:0px;padding-bottom:0px;padding-top:0px;padding-left:0px;padding-right:0px;max-width:100%;box-sizing:border-box\" src=\"https:\/\/ae01.alicdn.com\/kf\/A4523b77d6f6a420d89d497ff253d96b3Z.jpg\" slate-data-type=\"image\"\/><img decoding=\"async\" style=\"border:0px;margin:0px;margin-bottom:0px;margin-top:0px;margin-left:0px;margin-right:0px;padding:0px;padding-bottom:0px;padding-top:0px;padding-left:0px;padding-right:0px;max-width:100%;box-sizing:border-box\" src=\"https:\/\/ae01.alicdn.com\/kf\/A54b8228b68d148eb815d22aa4994b8b4s.jpg\" slate-data-type=\"image\"\/><\/p>","protected":false},"excerpt":{"rendered":"<p>Hign-concerned Chemical:&nbsp;None CE:&nbsp;Certificate Is Electric:&nbsp;lithium battery Barcode:&nbsp;No Throttle servo:&nbsp;2852 brushless motor Steering servo:&nbsp;19g digital servo (2.2kg. cm) Power:&nbsp;55km\/h State of Assembly:&nbsp;Ready-to-Go Flight Time:&nbsp;\u2265 13 minutes (full speed) Tire Track:&nbsp;188mm Wheelbase:&nbsp;198mm<\/p>","protected":false},"featured_media":25727,"comment_status":"open","ping_status":"closed","template":"","meta":{"_acf_changed":false},"product_brand":[],"product_cat":[519],"product_tag":[],"class_list":{"0":"post-25726","1":"product","2":"type-product","3":"status-publish","4":"has-post-thumbnail","6":"product_cat-rc-cars","8":"first","9":"instock","10":"shipping-taxable","11":"purchasable","12":"product-type-simple"},"acf":[],"_links":{"self":[{"href":"https:\/\/www.electricstore.eu\/pl\/wp-json\/wp\/v2\/product\/25726","targetHints":{"allow":["GET"]}}],"collection":[{"href":"https:\/\/www.electricstore.eu\/pl\/wp-json\/wp\/v2\/product"}],"about":[{"href":"https:\/\/www.electricstore.eu\/pl\/wp-json\/wp\/v2\/types\/product"}],"replies":[{"embeddable":true,"href":"https:\/\/www.electricstore.eu\/pl\/wp-json\/wp\/v2\/comments?post=25726"}],"wp:featuredmedia":[{"embeddable":true,"href":"https:\/\/www.electricstore.eu\/pl\/wp-json\/wp\/v2\/media\/25727"}],"wp:attachment":[{"href":"https:\/\/www.electricstore.eu\/pl\/wp-json\/wp\/v2\/media?parent=25726"}],"wp:term":[{"taxonomy":"product_brand","embeddable":true,"href":"https:\/\/www.electricstore.eu\/pl\/wp-json\/wp\/v2\/product_brand?post=25726"},{"taxonomy":"product_cat","embeddable":true,"href":"https:\/\/www.electricstore.eu\/pl\/wp-json\/wp\/v2\/product_cat?post=25726"},{"taxonomy":"product_tag","embeddable":true,"href":"https:\/\/www.electricstore.eu\/pl\/wp-json\/wp\/v2\/product_tag?post=25726"}],"curies":[{"name":"wp","href":"https:\/\/api.w.org\/{rel}","templated":true}]}}