{"id":25682,"date":"2025-05-20T19:00:31","date_gmt":"2025-05-20T19:00:31","guid":{"rendered":"https:\/\/electricstore.eu\/p\/uncategorized\/16106-116-50km-h-4wd-rc-car-with-led-remote-control-off-road-cars-high-speed-drift-monster-truck-for-kids-vs-wltoys-144001-toys\/"},"modified":"2025-05-20T19:05:50","modified_gmt":"2025-05-20T19:05:50","slug":"16106-116-50km-h-4wd-rc-car-with-led-remote-control-off-road-cars-high-speed-drift-monster-truck-for-kids-vs-wltoys-144001-toys","status":"publish","type":"product","link":"https:\/\/www.electricstore.eu\/pl\/p\/rc\/rc-cars\/16106-116-50km-h-4wd-rc-car-with-led-remote-control-off-road-cars-high-speed-drift-monster-truck-for-kids-vs-wltoys-144001-toys\/","title":{"rendered":"16106 1:16 50 km\/h 4WD RC samoch\u00f3d z pilotem LED samochody terenowe szybki drift monster truck dla dzieci vs Wltoys 144001 zabawki"},"content":{"rendered":"<div class=\"product-specs-list-container\">\n<ul class=\"product-specs-list util-clearfix\">\n<li class=\"product-prop line-limit-length\"><span\n                                        class=\"property-title\">Substancja chemiczna budz\u0105ca du\u017ce obawy:&nbsp;<\/span><span\n                                        class=\"property-desc line-limit-length\">Nic<\/span>\n                            <\/li>\n<li class=\"product-prop line-limit-length\"><span\n                                        class=\"property-title\">Numer certyfikatu:&nbsp;<\/span><span\n                                        class=\"property-desc line-limit-length\">Jak pokazano<\/span>\n                            <\/li>\n<li class=\"product-prop line-limit-length\"><span\n                                        class=\"property-title\">CE:&nbsp;<\/span><span\n                                        class=\"property-desc line-limit-length\">Certyfikat<\/span>\n                            <\/li>\n<li class=\"product-prop line-limit-length\"><span\n                                        class=\"property-title\">Czy jest elektryczny:&nbsp;<\/span><span\n                                        class=\"property-desc line-limit-length\">bateria litowa<\/span>\n                            <\/li>\n<li class=\"product-prop line-limit-length\"><span\n                                        class=\"property-title\">Kod kreskowy:&nbsp;<\/span><span\n                                        class=\"property-desc line-limit-length\">NIE<\/span>\n                            <\/li>\n<li class=\"product-prop line-limit-length\"><span\n                                        class=\"property-title\">Serwo przepustnicy:&nbsp;<\/span><span\n                                        class=\"property-desc line-limit-length\">Jak pokazano<\/span>\n                            <\/li>\n<li class=\"product-prop line-limit-length\"><span\n                                        class=\"property-title\">Serwomechanizm steruj\u0105cy:&nbsp;<\/span><span\n                                        class=\"property-desc line-limit-length\">5 linii, 17g<\/span>\n                            <\/li>\n<li class=\"product-prop line-limit-length\"><span\n                                        class=\"property-title\">Moc:&nbsp;<\/span><span\n                                        class=\"property-desc line-limit-length\">Silnik szybkoobrotowy RC390<\/span>\n                            <\/li>\n<li class=\"product-prop line-limit-length\"><span\n                                        class=\"property-title\">Stan Zgromadzenia:&nbsp;<\/span><span\n                                        class=\"property-desc line-limit-length\">Gotowy do u\u017cycia<\/span>\n                            <\/li>\n<li class=\"product-prop line-limit-length\"><span\n                                        class=\"property-title\">Czas lotu:&nbsp;<\/span><span\n                                        class=\"property-desc line-limit-length\">15-18 minut (bieg ci\u0105g\u0142y z pe\u0142n\u0105 pr\u0119dko\u015bci\u0105)<\/span>\n                            <\/li>\n<li class=\"product-prop line-limit-length\"><span\n                                        class=\"property-title\">\u015alad opon:&nbsp;<\/span><span\n                                        class=\"property-desc line-limit-length\">172 mm<\/span>\n                            <\/li>\n<li class=\"product-prop line-limit-length\"><span\n                                        class=\"property-title\">Rozstaw osi:&nbsp;<\/span><span\n                                        class=\"property-desc line-limit-length\">185 mm<\/span>\n                            <\/li>\n<li class=\"product-prop line-limit-length\"><span\n                                        class=\"property-title\">Ostrze\u017cenie:&nbsp;<\/span><span\n                                        class=\"property-desc line-limit-length\">Nic<\/span>\n                            <\/li>\n<li class=\"product-prop line-limit-length\"><span\n                                        class=\"property-title\">Odleg\u0142o\u015b\u0107 zdalna:&nbsp;<\/span><span\n                                        class=\"property-desc line-limit-length\">80m<\/span>\n                            <\/li>\n<li class=\"product-prop line-limit-length\"><span\n                                        class=\"property-title\">Gwarancja:&nbsp;<\/span><span\n                                        class=\"property-desc line-limit-length\">Nic<\/span>\n                            <\/li>\n<li class=\"product-prop line-limit-length\"><span\n                                        class=\"property-title\">Skala:&nbsp;<\/span><span\n                                        class=\"property-desc line-limit-length\">1:16<\/span>\n                            <\/li>\n<li class=\"product-prop line-limit-length\"><span\n                                        class=\"property-title\">Wymiary:&nbsp;<\/span><span\n                                        class=\"property-desc line-limit-length\">32*20,5*14 cm<\/span>\n                            <\/li>\n<li class=\"product-prop line-limit-length\"><span\n                                        class=\"property-title\">Moment obrotowy:&nbsp;<\/span><span\n                                        class=\"property-desc line-limit-length\">Jak pokazano<\/span>\n                            <\/li>\n<li class=\"product-prop line-limit-length\"><span\n                                        class=\"property-title\">Numer modelu:&nbsp;<\/span><span\n                                        class=\"property-desc line-limit-length\">S386<\/span>\n                            <\/li>\n<li class=\"product-prop line-limit-length\"><span\n                                        class=\"property-title\">Zawarto\u015b\u0107 pakietu:&nbsp;<\/span><span\n                                        class=\"property-desc line-limit-length\">Baterie, Instrukcja obs\u0142ugi, Pilot zdalnego sterowania, KABEL USB<\/span>\n                            <\/li>\n<li class=\"product-prop line-limit-length\"><span\n                                        class=\"property-title\">Kana\u0142y sterowania:&nbsp;<\/span><span\n                                        class=\"property-desc line-limit-length\">4 kana\u0142y<\/span>\n                            <\/li>\n<li class=\"product-prop line-limit-length\"><span\n                                        class=\"property-title\">Tryb kontrolera:&nbsp;<\/span><span\n                                        class=\"property-desc line-limit-length\">TRYB 2<\/span>\n                            <\/li>\n<li class=\"product-prop line-limit-length\"><span\n                                        class=\"property-title\">Napi\u0119cie \u0142adowania:&nbsp;<\/span><span\n                                        class=\"property-desc line-limit-length\">5V<\/span>\n                            <\/li>\n<li class=\"product-prop line-limit-length\"><span\n                                        class=\"property-title\">Zdalne sterowanie:&nbsp;<\/span><span\n                                        class=\"property-desc line-limit-length\">Tak<\/span>\n                            <\/li>\n<li class=\"product-prop line-limit-length\"><span\n                                        class=\"property-title\">Tworzywo:&nbsp;<\/span><span\n                                        class=\"property-desc line-limit-length\">Metal, Plastik<\/span>\n                            <\/li>\n<li class=\"product-prop line-limit-length\"><span\n                                        class=\"property-title\">Zalecany wiek:&nbsp;<\/span><span\n                                        class=\"property-desc line-limit-length\">14+ lat<\/span>\n                            <\/li>\n<li class=\"product-prop line-limit-length\"><span\n                                        class=\"property-title\">Pochodzenie:&nbsp;<\/span><span\n                                        class=\"property-desc line-limit-length\">Chiny kontynentalne<\/span>\n                            <\/li>\n<li class=\"product-prop line-limit-length\"><span\n                                        class=\"property-title\">Projekt:&nbsp;<\/span><span\n                                        class=\"property-desc line-limit-length\">Motocykl terenowy<\/span>\n                            <\/li>\n<li class=\"product-prop line-limit-length\"><span\n                                        class=\"property-title\">Typ:&nbsp;<\/span><span\n                                        class=\"property-desc line-limit-length\">Samoch\u00f3d<\/span>\n                            <\/li>\n<li class=\"product-prop line-limit-length\"><span\n                                        class=\"property-title\">Cechy:&nbsp;<\/span><span\n                                        class=\"property-desc line-limit-length\">ZDALNE STEROWANIE<\/span>\n                            <\/li>\n<\/ul><\/div>\n<div class=\"detailmodule_html\">\n<div class=\"detail-desc-decorate-richtext\">\n<div>\n<\/div>\n<p><strong><span style=\"color:rgb(0, 0, 0)\">Pytania i odpowiedzi<\/span><\/strong><\/p>\n<p><span style=\"color:rgb(0, 0, 0)\">P1: Dlaczego opony samochodu zdalnie sterowanego s\u0105 ods\u0142oni\u0119te?<\/span><\/p>\n<p><span style=\"color:rgb(0, 0, 0)\">A: [Specjalna konstrukcja] Mocne trzymanie palc\u00f3w nie powoduje \u0142atwego pokonywania zakr\u0119t\u00f3w, co poprawia stabilno\u015b\u0107 nadwozia i przyczepno\u015b\u0107 opon podczas pokonywania zakr\u0119t\u00f3w.<\/span><\/p>\n<p><span style=\"color:rgb(0, 0, 0)\">P2: Jak wyregulowa\u0107 nachylenie opon w samochodzie zdalnie sterowanym?<\/span><\/p>\n<p><span style=\"color:rgb(0, 0, 0)\">A: Mo\u017cna to regulowa\u0107 za pomoc\u0105 przycisk\u00f3w precyzyjnej regulacji i przepustnicy na pilocie.<\/span><\/p>\n<p><span style=\"color:rgb(0, 0, 0)\">P3: Co mam zrobi\u0107, je\u015bli nie mog\u0119 znale\u017a\u0107 swoich akcesori\u00f3w?<\/span><\/p>\n<p><span style=\"color:rgb(0, 0, 0)\">A: Prosz\u0119 najpierw dok\u0142adnie sprawdzi\u0107 przesy\u0142k\u0119; je\u015bli nie znajdziesz przesy\u0142ki, prosimy o udost\u0119pnienie nam pe\u0142nego filmu z rozpakowywania, a my skontaktujemy si\u0119 z naszym magazynem i zaproponujemy odpowiednie rozwi\u0105zanie.<\/span><\/p>\n<p><span style=\"color:rgb(0, 0, 0)\">P4: P: Co powinienem zrobi\u0107, je\u015bli wyst\u0105pi\u0105 jakiekolwiek problemy posprzeda\u017cowe?<\/span><\/p>\n<p><span style=\"color:rgb(0, 0, 0)\">A: Prosz\u0119 by\u0107 spokojnym, je\u015bli wyst\u0105pi\u0105 jakiekolwiek problemy, zawsze jeste\u015bmy do Pa\u0144stwa dyspozycji, aby pom\u00f3c rozwi\u0105za\u0107 je bardziej skutecznie i zapewni\u0107 profesjonaln\u0105 pomoc. Na Pa\u0144stwa pytania odpowiemy w ci\u0105gu 24 godzin.<\/span><\/p>\n<p><span style=\"color:rgb(0, 0, 0)\">P5: Co mam zrobi\u0107, gdy nie mog\u0119 po\u0142\u0105czy\u0107 pilota z RC?<\/span><\/p>\n<p><span style=\"color:rgb(0, 0, 0)\">A: Upewnij si\u0119, \u017ce bateria jest w pe\u0142ni na\u0142adowana. Nast\u0119pnie r\u0119cznie sparuj samochodzik z pilotem. Szczeg\u00f3\u0142owe informacje na temat dopasowania samochodziku mo\u017cna znale\u017a\u0107 w instrukcji obs\u0142ugi. Mo\u017cesz r\u00f3wnie\u017c sprawdzi\u0107 napi\u0119cie p\u0142yty g\u0142\u00f3wnej, aby zidentyfikowa\u0107 przyczyn\u0119 problemu.<\/span><\/p>\n<p><span style=\"color:rgb(0, 0, 0)\">P6: Co mam zrobi\u0107, gdy po pod\u0142\u0105czeniu pilota do RC samoch\u00f3d zabawka skr\u0119ca, ale nie mo\u017ce porusza\u0107 si\u0119 do przodu ani do ty\u0142u?<\/span><\/p>\n<p><span style=\"color:rgb(0, 0, 0)\">A: Najpierw sprawd\u017a, czy akumulator jest ca\u0142kowicie na\u0142adowany, a nast\u0119pnie sprawd\u017a napi\u0119cie p\u0142yty g\u0142\u00f3wnej i silnika, co pozwoli na przeanalizowanie, na czym polega problem.<\/span><\/p>\n<p><span style=\"background-color:rgb(252, 220, 0);color:rgb(244, 78, 59)\"><strong>NOTATKA :<\/strong><\/span><\/p>\n<p><span style=\"color:rgb(244, 78, 59)\">1. Idealna pr\u0119dko\u015b\u0107 SCY-16106 wynosi 50 km\/h, ale rzeczywista pr\u0119dko\u015b\u0107 b\u0119dzie zale\u017ce\u0107 od innych czynnik\u00f3w, takich jak lokalizacja. Rzeczywista pr\u0119dko\u015b\u0107 SCY-16106 wynosi oko\u0142o 38 km\/h.<\/span><\/p>\n<p><span style=\"color:rgb(244, 78, 59)\">2. Opakowanie detaliczne wykonane jest z pude\u0142ek piankowych, co pozwala ograniczy\u0107 uszkodzenia produktu podczas transportu. Oryginalne pude\u0142ka nie s\u0105 do\u0142\u0105czone.<\/span><\/p>\n<p><strong>Podczas korzystania z baterii nale\u017cy pami\u0119ta\u0107, \u017ce:<\/strong><\/p>\n<p>Po otrzymaniu produktu nale\u017cy wyj\u0105\u0107 bateri\u0119 i na\u0142adowa\u0107 j\u0105, a nast\u0119pnie u\u017cywa\u0107 produktu po na\u0142adowaniu.<\/p>\n<p>1. Gdy akumulator jest roz\u0142adowany, nale\u017cy go na\u0142adowa\u0107 w odpowiednim czasie, aby zapewni\u0107 mu nadmiar energii. Je\u015bli akumulator jest ca\u0142kowicie roz\u0142adowany, nie b\u0119dzie mo\u017cna go na\u0142adowa\u0107.<\/p>\n<p>2. Podczas \u0142adowania akumulatora od\u0142\u0105cz z\u0142\u0105cze od samochodu zdalnie sterowanego. Pami\u0119taj o wyj\u0119ciu akumulatora, aby na\u0142adowa\u0107 go osobno.<\/p>\n<p>3. Je\u015bli nie u\u017cywasz zdalnie sterowanego samochodu, od\u0142\u0105cz akumulator od przewodu zdalnie sterowanego samochodu, absolutnie go nie pod\u0142\u0105czaj i ca\u0142kowicie na\u0142aduj akumulator, w przeciwnym razie mo\u017ce doj\u015b\u0107 do jego uszkodzenia.<\/p>\n<p>4. Link do zakupu baterii: https:\/\/www.aliexpress.us\/item\/3256805004857810.html?spm=5261.ProductManageOnline.0.0.65ca4edfQ08pDK&amp;gatewayAdapt=glo2usa4itemAdapt&amp;_randl_shipto=US<\/p>\n<p><strong>Zalecamy: obejrzenie filmu i dok\u0142adne przeczytanie naszego opisu przed zakupem<\/strong><\/p>\n<p>Nazwa elementu: SCY-16106<\/p>\n<p>Rozmiar: 32*20,5*14 cm<\/p>\n<p>Maksymalna pr\u0119dko\u015b\u0107: 50 km\/h<\/p>\n<p>Akumulator: 7,4 V 1300 mAh<\/p>\n<p>Silnik nap\u0119dowy: szybki silnik szczotkowo-w\u0119glowy RC390 o silnym polu magnetycznym (zabezpieczenie magnetyczne + radiator)<\/p>\n<p>Czas pracy: 15-18 minut<\/p>\n<p><strong>Cechy<\/strong><\/p>\n<p>1. Wykorzystanie symulowanej struktury, z odczuciem rzeczywistego sterowania samochodem, w celu osi\u0105gni\u0119cia pe\u0142nowymiarowej, p\u0142ynnej jazdy, b\u0142yskawicznego przyspieszania, zwalniania, hamowania, cofania, skr\u0119tu w lewo i skr\u0119tu w prawo.<\/p>\n<p>2. Miejsca zastosowania: p\u0142aski teren, piasek, b\u0142oto, trawa.<\/p>\n<p>3. Nap\u0119d 4WD: przednie i tylne zawieszenie spr\u0119\u017cynowe, niezale\u017cne zawieszenie na podw\u00f3jnych wahaczach.<\/p>\n<p>4. 2.4G, w pe\u0142ni proporcjonalny, zsynchronizowany system zdalnego sterowania. W pe\u0142ni proporcjonalny uk\u0142ad przepustnicy\/uk\u0142adu kierowniczego.<\/p>\n<p>5. Zintegrowany regulator\/odbiornik 2.4G z czterema wej\u015bciami i wyj\u015bciami 30A, odporny na zachlapanie.<\/p>\n<p>6. Wa\u0142 nap\u0119dowy przedniego ko\u0142a z przegubem kulowym, wa\u0142 nap\u0119dowy tylnego ko\u0142a z dzielonym przegubem kulowym.<\/p>\n<p>7. Serwomechanizm 17G pi\u0119cioprzewodowy.<\/p>\n<p>8. Super moc akumulatora: akumulator litowo-jonowy 7,4 V, 18650-1300 mAh (wtyczka T), szybko\u015b\u0107 roz\u0142adowania 10\u00b0C.<\/p>\n<p>9. 16 \u0142o\u017cysk kulkowych w ca\u0142ym poje\u017adzie.<\/p>\n<p>10. Metalowa p\u0142yta pod\u0142ogowa drugiej generacji, metalowy kod wahacza przedniego i tylnego, metalowy \u015brodkowy wa\u0142 nap\u0119dowy.<\/p>\n<p>Obudowa wykonana jest z wytrzyma\u0142ego i odpornego na wybuchy tworzywa PVC oraz posiada bardzo mocny szkielet zabezpieczaj\u0105cy przed stoczeniem.<\/p>\n<p>11. Obudowa wyposa\u017cona jest w reflektory LED, reflektory dachowe LED, tylne \u015bwiat\u0142a dachowe LED; (trzy tryby: \u015bwiat\u0142o sta\u0142e, wolne miganie, szybkie miganie)<\/p>\n<p>12. Symulacja opon terenowych, mocna przyczepno\u015b\u0107.<\/p>\n<p><img decoding=\"async\" src=\"https:\/\/ae01.alicdn.com\/kf\/Sb380b75922034046853d0a7e094248631.jpg?width=1000&amp;height=1441&amp;hash=2441\" slate-data-type=\"image\"\/><img decoding=\"async\" src=\"https:\/\/ae01.alicdn.com\/kf\/S78e5fd6623c448abb866844b09f51dd8P.jpg?width=1000&amp;height=1400&amp;hash=2400\" slate-data-type=\"image\"\/><img decoding=\"async\" src=\"https:\/\/ae01.alicdn.com\/kf\/S74cf5551c3dd46c589b1000e469d8ef5L.jpg?width=1000&amp;height=1405&amp;hash=2405\" slate-data-type=\"image\"\/><img decoding=\"async\" src=\"https:\/\/ae01.alicdn.com\/kf\/Sfd93e3740d334489b426303a395c52fdF.jpg?width=1000&amp;height=1399&amp;hash=2399\" slate-data-type=\"image\"\/><img decoding=\"async\" src=\"https:\/\/ae01.alicdn.com\/kf\/S15141754318b454c8825f46c5c420e8eX.jpg?width=1000&amp;height=1397&amp;hash=2397\" slate-data-type=\"image\"\/><img decoding=\"async\" src=\"https:\/\/ae01.alicdn.com\/kf\/S8a29c57ba47f48119928241c8f39c157o.jpg?width=1000&amp;height=1404&amp;hash=2404\" slate-data-type=\"image\"\/><img decoding=\"async\" src=\"https:\/\/ae01.alicdn.com\/kf\/Sf773cc710b8048e7b73a0c365d81e1b9q.jpg?width=1000&amp;height=1397&amp;hash=2397\" slate-data-type=\"image\"\/><img decoding=\"async\" src=\"https:\/\/ae01.alicdn.com\/kf\/Sab54b4a3686744f384dac0714f51e72fp.jpg?width=1000&amp;height=1799&amp;hash=2799\" slate-data-type=\"image\"\/><img decoding=\"async\" src=\"https:\/\/ae01.alicdn.com\/kf\/Sf734bd064e4f49619411c9f6f2252e4aP.jpg?width=1000&amp;height=1944&amp;hash=2944\" slate-data-type=\"image\"\/><img decoding=\"async\" src=\"https:\/\/ae01.alicdn.com\/kf\/Sa384ea5a78c24d49988ad89359e9b23aT.jpg?width=1000&amp;height=1677&amp;hash=2677\" slate-data-type=\"image\"\/><img decoding=\"async\" src=\"https:\/\/ae01.alicdn.com\/kf\/S5852843b625748a3a014ae5d00f4cc382.jpg?width=1000&amp;height=1851&amp;hash=2851\" slate-data-type=\"image\"\/><img decoding=\"async\" src=\"https:\/\/ae01.alicdn.com\/kf\/Sd8fd64d2b79441c8b7e3c339ee2f311bk.jpg?width=1000&amp;height=2209&amp;hash=3209\" slate-data-type=\"image\"\/><img decoding=\"async\" src=\"https:\/\/ae01.alicdn.com\/kf\/S4f92581c5f844f238eaf4e54b6144661I.jpg?width=1000&amp;height=2011&amp;hash=3011\" slate-data-type=\"image\"\/><img decoding=\"async\" src=\"https:\/\/ae01.alicdn.com\/kf\/S71ffc064cc14406a985585e5361a096cF.jpg?width=1000&amp;height=2039&amp;hash=3039\" slate-data-type=\"image\"\/><img decoding=\"async\" src=\"https:\/\/ae01.alicdn.com\/kf\/S9af29e92d1594a22ac323d1aca4530298.jpg?width=1000&amp;height=1886&amp;hash=2886\" slate-data-type=\"image\"\/><img decoding=\"async\" src=\"https:\/\/ae01.alicdn.com\/kf\/S687e21b96c734a3fa6d1bdda5e1eac80p.jpg?width=1000&amp;height=1616&amp;hash=2616\" slate-data-type=\"image\"\/><img decoding=\"async\" src=\"https:\/\/ae01.alicdn.com\/kf\/S692b55ae25dd4471a1f128ff2de7a0c43.jpg?width=1000&amp;height=2206&amp;hash=3206\" slate-data-type=\"image\"\/><img decoding=\"async\" src=\"https:\/\/ae01.alicdn.com\/kf\/S8a740a41cc01481598e908eae186adbfl.jpg?width=1000&amp;height=1265&amp;hash=2265\" slate-data-type=\"image\"\/><img decoding=\"async\" src=\"https:\/\/ae01.alicdn.com\/kf\/Sdcc86a84a58743c99171b3abeabd13aam.jpg?width=1000&amp;height=1156&amp;hash=2156\" slate-data-type=\"image\"\/><img decoding=\"async\" src=\"https:\/\/ae01.alicdn.com\/kf\/Sf6f0ef33372b4f4896805a193b5b1c14Y.jpg?width=1000&amp;height=1097&amp;hash=2097\" slate-data-type=\"image\"\/><img decoding=\"async\" src=\"https:\/\/ae01.alicdn.com\/kf\/S86e992edd3a54719ac9b4d504e2eb39e9.jpg?width=1000&amp;height=1162&amp;hash=2162\" slate-data-type=\"image\"\/><img decoding=\"async\" src=\"https:\/\/ae01.alicdn.com\/kf\/S7d53844b6e82444faca8781650a8ff74F.jpg?width=1000&amp;height=1197&amp;hash=2197\" slate-data-type=\"image\"\/><img decoding=\"async\" src=\"https:\/\/ae01.alicdn.com\/kf\/S0cd8f57d7dd14de19cb293da8455b1c01.jpg?width=1000&amp;height=1500&amp;hash=2500\" slate-data-type=\"image\"\/><\/p>\n<div>\n<\/div>\n<div><\/div>\n<\/div>\n<\/div>\n<p><\/p>","protected":false},"excerpt":{"rendered":"<p>Hign-concerned Chemical:&nbsp;None Certificate Number:&nbsp;As Show CE:&nbsp;Certificate Is Electric:&nbsp;lithium battery Barcode:&nbsp;No Throttle servo:&nbsp;As Show Steering servo:&nbsp;5 lines,17g Power:&nbsp;RC390 high-speed motor State of Assembly:&nbsp;Ready-to-Go Flight Time:&nbsp;15-18 minutes (continuous full speed running) Tire<\/p>","protected":false},"featured_media":25683,"comment_status":"open","ping_status":"closed","template":"","meta":{"_acf_changed":false},"product_brand":[],"product_cat":[519],"product_tag":[],"class_list":{"0":"post-25682","1":"product","2":"type-product","3":"status-publish","4":"has-post-thumbnail","6":"product_cat-rc-cars","8":"first","9":"instock","10":"shipping-taxable","11":"purchasable","12":"product-type-variable"},"acf":[],"_links":{"self":[{"href":"https:\/\/www.electricstore.eu\/pl\/wp-json\/wp\/v2\/product\/25682","targetHints":{"allow":["GET"]}}],"collection":[{"href":"https:\/\/www.electricstore.eu\/pl\/wp-json\/wp\/v2\/product"}],"about":[{"href":"https:\/\/www.electricstore.eu\/pl\/wp-json\/wp\/v2\/types\/product"}],"replies":[{"embeddable":true,"href":"https:\/\/www.electricstore.eu\/pl\/wp-json\/wp\/v2\/comments?post=25682"}],"wp:featuredmedia":[{"embeddable":true,"href":"https:\/\/www.electricstore.eu\/pl\/wp-json\/wp\/v2\/media\/25683"}],"wp:attachment":[{"href":"https:\/\/www.electricstore.eu\/pl\/wp-json\/wp\/v2\/media?parent=25682"}],"wp:term":[{"taxonomy":"product_brand","embeddable":true,"href":"https:\/\/www.electricstore.eu\/pl\/wp-json\/wp\/v2\/product_brand?post=25682"},{"taxonomy":"product_cat","embeddable":true,"href":"https:\/\/www.electricstore.eu\/pl\/wp-json\/wp\/v2\/product_cat?post=25682"},{"taxonomy":"product_tag","embeddable":true,"href":"https:\/\/www.electricstore.eu\/pl\/wp-json\/wp\/v2\/product_tag?post=25682"}],"curies":[{"name":"wp","href":"https:\/\/api.w.org\/{rel}","templated":true}]}}