{"id":25654,"date":"2025-05-20T19:00:27","date_gmt":"2025-05-20T19:00:27","guid":{"rendered":"https:\/\/electricstore.eu\/p\/uncategorized\/wltoys-16101-pro-116-75km-h-4wd-rc-car-with-led-light-2-4g-remote-control-cars-high-speed-drift-monster-truck-for-children-gift\/"},"modified":"2025-05-20T19:05:50","modified_gmt":"2025-05-20T19:05:50","slug":"wltoys-16101-pro-116-75km-h-4wd-rc-car-with-led-light-2-4g-remote-control-cars-high-speed-drift-monster-truck-for-children-gift","status":"publish","type":"product","link":"https:\/\/www.electricstore.eu\/pl\/p\/rc\/rc-cars\/wltoys-16101-pro-116-75km-h-4wd-rc-car-with-led-light-2-4g-remote-control-cars-high-speed-drift-monster-truck-for-children-gift\/","title":{"rendered":"WLtoys 16101 Pro 1:16 75 km\/h 4WD RC Car z o\u015bwietleniem LED, zdalnie sterowany 2.4G, szybki drift, monster truck, prezent dla dzieci"},"content":{"rendered":"<div class=\"product-specs-list-container\">\n<ul class=\"product-specs-list util-clearfix\">\n<li class=\"product-prop line-limit-length\"><span\n                                        class=\"property-title\">Substancja chemiczna budz\u0105ca du\u017ce obawy:&nbsp;<\/span><span\n                                        class=\"property-desc line-limit-length\">Nic<\/span>\n                            <\/li>\n<li class=\"product-prop line-limit-length\"><span\n                                        class=\"property-title\">Numer certyfikatu:&nbsp;<\/span><span\n                                        class=\"property-desc line-limit-length\">Jak pokazano<\/span>\n                            <\/li>\n<li class=\"product-prop line-limit-length\"><span\n                                        class=\"property-title\">CE:&nbsp;<\/span><span\n                                        class=\"property-desc line-limit-length\">Certyfikat<\/span>\n                            <\/li>\n<li class=\"product-prop line-limit-length\"><span\n                                        class=\"property-title\">Czy jest elektryczny:&nbsp;<\/span><span\n                                        class=\"property-desc line-limit-length\">bateria litowa<\/span>\n                            <\/li>\n<li class=\"product-prop line-limit-length\"><span\n                                        class=\"property-title\">Kod kreskowy:&nbsp;<\/span><span\n                                        class=\"property-desc line-limit-length\">NIE<\/span>\n                            <\/li>\n<li class=\"product-prop line-limit-length\"><span\n                                        class=\"property-title\">Serwo przepustnicy:&nbsp;<\/span><span\n                                        class=\"property-desc line-limit-length\">Silnik bezszczotkowy 2840<\/span>\n                            <\/li>\n<li class=\"product-prop line-limit-length\"><span\n                                        class=\"property-title\">Serwomechanizm steruj\u0105cy:&nbsp;<\/span><span\n                                        class=\"property-desc line-limit-length\">Cyfrowy serwo 17G tr\u00f3jprzewodowy<\/span>\n                            <\/li>\n<li class=\"product-prop line-limit-length\"><span\n                                        class=\"property-title\">Moc:&nbsp;<\/span><span\n                                        class=\"property-desc line-limit-length\">70 kilometr\u00f3w na godzin\u0119<\/span>\n                            <\/li>\n<li class=\"product-prop line-limit-length\"><span\n                                        class=\"property-title\">Stan Zgromadzenia:&nbsp;<\/span><span\n                                        class=\"property-desc line-limit-length\">Gotowy do u\u017cycia<\/span>\n                            <\/li>\n<li class=\"product-prop line-limit-length\"><span\n                                        class=\"property-title\">Czas lotu:&nbsp;<\/span><span\n                                        class=\"property-desc line-limit-length\">15-18 minut<\/span>\n                            <\/li>\n<li class=\"product-prop line-limit-length\"><span\n                                        class=\"property-title\">\u015alad opon:&nbsp;<\/span><span\n                                        class=\"property-desc line-limit-length\">188 mm<\/span>\n                            <\/li>\n<li class=\"product-prop line-limit-length\"><span\n                                        class=\"property-title\">Rozstaw osi:&nbsp;<\/span><span\n                                        class=\"property-desc line-limit-length\">185 mm<\/span>\n                            <\/li>\n<li class=\"product-prop line-limit-length\"><span\n                                        class=\"property-title\">Ostrze\u017cenie:&nbsp;<\/span><span\n                                        class=\"property-desc line-limit-length\">Nic<\/span>\n                            <\/li>\n<li class=\"product-prop line-limit-length\"><span\n                                        class=\"property-title\">Odleg\u0142o\u015b\u0107 zdalna:&nbsp;<\/span><span\n                                        class=\"property-desc line-limit-length\">120 milion\u00f3w<\/span>\n                            <\/li>\n<li class=\"product-prop line-limit-length\"><span\n                                        class=\"property-title\">Gwarancja:&nbsp;<\/span><span\n                                        class=\"property-desc line-limit-length\">Nic<\/span>\n                            <\/li>\n<li class=\"product-prop line-limit-length\"><span\n                                        class=\"property-title\">Skala:&nbsp;<\/span><span\n                                        class=\"property-desc line-limit-length\">1:16<\/span>\n                            <\/li>\n<li class=\"product-prop line-limit-length\"><span\n                                        class=\"property-title\">Wymiary:&nbsp;<\/span><span\n                                        class=\"property-desc line-limit-length\">30*23*11,5 cm<\/span>\n                            <\/li>\n<li class=\"product-prop line-limit-length\"><span\n                                        class=\"property-title\">Moment obrotowy:&nbsp;<\/span><span\n                                        class=\"property-desc line-limit-length\">Jak pokazano<\/span>\n                            <\/li>\n<li class=\"product-prop line-limit-length\"><span\n                                        class=\"property-title\">Numer modelu:&nbsp;<\/span><span\n                                        class=\"property-desc line-limit-length\">S196<\/span>\n                            <\/li>\n<li class=\"product-prop line-limit-length\"><span\n                                        class=\"property-title\">Zawarto\u015b\u0107 pakietu:&nbsp;<\/span><span\n                                        class=\"property-desc line-limit-length\">Oryginalne pude\u0142ko, baterie, instrukcja obs\u0142ugi, pilot zdalnego sterowania, kabel USB<\/span>\n                            <\/li>\n<li class=\"product-prop line-limit-length\"><span\n                                        class=\"property-title\">Kana\u0142y sterowania:&nbsp;<\/span><span\n                                        class=\"property-desc line-limit-length\">4 kana\u0142y<\/span>\n                            <\/li>\n<li class=\"product-prop line-limit-length\"><span\n                                        class=\"property-title\">Tryb kontrolera:&nbsp;<\/span><span\n                                        class=\"property-desc line-limit-length\">TRYB1<\/span>\n                            <\/li>\n<li class=\"product-prop line-limit-length\"><span\n                                        class=\"property-title\">Napi\u0119cie \u0142adowania:&nbsp;<\/span><span\n                                        class=\"property-desc line-limit-length\">7,4 V 1500 mAh<\/span>\n                            <\/li>\n<li class=\"product-prop line-limit-length\"><span\n                                        class=\"property-title\">Zdalne sterowanie:&nbsp;<\/span><span\n                                        class=\"property-desc line-limit-length\">Tak<\/span>\n                            <\/li>\n<li class=\"product-prop line-limit-length\"><span\n                                        class=\"property-title\">Tworzywo:&nbsp;<\/span><span\n                                        class=\"property-desc line-limit-length\">Metal, Plastik<\/span>\n                            <\/li>\n<li class=\"product-prop line-limit-length\"><span\n                                        class=\"property-title\">Nazwa marki:&nbsp;<\/span><span\n                                        class=\"property-desc line-limit-length\">WDSZKMYF<\/span>\n                            <\/li>\n<li class=\"product-prop line-limit-length\"><span\n                                        class=\"property-title\">Zalecany wiek:&nbsp;<\/span><span\n                                        class=\"property-desc line-limit-length\">14+ lat<\/span>\n                            <\/li>\n<li class=\"product-prop line-limit-length\"><span\n                                        class=\"property-title\">Pochodzenie:&nbsp;<\/span><span\n                                        class=\"property-desc line-limit-length\">Chiny kontynentalne<\/span>\n                            <\/li>\n<li class=\"product-prop line-limit-length\"><span\n                                        class=\"property-title\">Projekt:&nbsp;<\/span><span\n                                        class=\"property-desc line-limit-length\">Motocykl terenowy<\/span>\n                            <\/li>\n<li class=\"product-prop line-limit-length\"><span\n                                        class=\"property-title\">Typ:&nbsp;<\/span><span\n                                        class=\"property-desc line-limit-length\">Samoch\u00f3d<\/span>\n                            <\/li>\n<li class=\"product-prop line-limit-length\"><span\n                                        class=\"property-title\">Cechy:&nbsp;<\/span><span\n                                        class=\"property-desc line-limit-length\">ZDALNE STEROWANIE<\/span>\n                            <\/li>\n<\/ul><\/div>\n<div class=\"detailmodule_html\">\n<div class=\"detail-desc-decorate-richtext\">\n<p><span style=\"background-color:rgb(252, 220, 0);color:rgb(244, 78, 59);font-size:18px\">Notatka:<\/span><\/p>\n<p><span style=\"color:rgb(244, 78, 59);font-size:18px\">1. Ten zdalnie sterowany samoch\u00f3d nadaje si\u0119 wy\u0142\u0105cznie do jazdy z du\u017c\u0105 pr\u0119dko\u015bci\u0105. Poniewa\u017c generator wydaje dziwny d\u017awi\u0119k podczas jazdy z nisk\u0105 pr\u0119dko\u015bci\u0105, jest to normalne zjawisko, a nie usterka.<\/span><\/p>\n<p><span style=\"color:rgb(244, 78, 59);font-size:18px\">2. Obudowa samochodu zdalnie sterowanego pokryta jest foli\u0105 ochronn\u0105. Je\u015bli obudowa ma zarysowania, mo\u017cesz zerwa\u0107 foli\u0119.<\/span><\/p>\n<p><span style=\"color:rgb(244, 78, 59);font-size:18px\">3. U\u017cywamy oryginalnego opakowania z kolorowym kartonem. Podczas transportu istnieje pewne prawdopodobie\u0144stwo, \u017ce karton zostanie \u015bci\u015bni\u0119ty \u2013 to normalne zjawisko. Je\u015bli nie akceptujesz \u015bci\u015bni\u0119tego opakowania z kolorowym kartonem, prosz\u0119 o polecenie linku do zakupu opakowania z pianki.<\/span><\/p>\n<p><span style=\"background-color:rgb(255, 255, 255);color:rgb(0, 0, 0);font-size:20px\"><strong>16101PRO RC CAR Pytania i odpowiedzi<\/strong><\/span><\/p>\n<p style=\"font-family:&quot;Open Sans&quot;, Roboto, Arial, Helvetica, sans-serif, SimSun;font-size:14px;font-weight:400;letter-spacing:normal;line-height:inherit;text-align:start;white-space:normal;color:rgb(34, 34, 34);background-color:rgb(255, 255, 255);margin:0px;margin-bottom:0px;margin-top:0px;margin-left:0px;margin-right:0px;padding:0px;padding-bottom:0px;padding-top:0px;padding-left:0px;padding-right:0px;box-sizing:border-box\" align=\"start\"><span style=\"background-color:rgb(255, 255, 255);color:rgb(0, 0, 0);font-size:16px\">P1: Dlaczego opony samochodu zdalnie sterowanego s\u0105 ods\u0142oni\u0119te?<\/span><\/p>\n<p style=\"font-family:&quot;Open Sans&quot;, Roboto, Arial, Helvetica, sans-serif, SimSun;font-size:14px;font-weight:400;letter-spacing:normal;line-height:inherit;text-align:start;white-space:normal;color:rgb(34, 34, 34);background-color:rgb(255, 255, 255);margin:0px;margin-bottom:0px;margin-top:0px;margin-left:0px;margin-right:0px;padding:0px;padding-bottom:0px;padding-top:0px;padding-left:0px;padding-right:0px;box-sizing:border-box\" align=\"start\"><span style=\"background-color:rgb(255, 255, 255);color:rgb(0, 0, 0);font-size:16px\">A: [Specjalna konstrukcja] Mocne trzymanie palc\u00f3w nie powoduje \u0142atwego pokonywania zakr\u0119t\u00f3w, co poprawia stabilno\u015b\u0107 nadwozia i przyczepno\u015b\u0107 opon podczas pokonywania zakr\u0119t\u00f3w.<\/span><\/p>\n<p style=\"font-family:&quot;Open Sans&quot;, Roboto, Arial, Helvetica, sans-serif, SimSun;font-size:14px;font-weight:400;letter-spacing:normal;line-height:inherit;text-align:start;white-space:normal;color:rgb(34, 34, 34);background-color:rgb(255, 255, 255);margin:0px;margin-bottom:0px;margin-top:0px;margin-left:0px;margin-right:0px;padding:0px;padding-bottom:0px;padding-top:0px;padding-left:0px;padding-right:0px;box-sizing:border-box\" align=\"start\"><span style=\"background-color:rgb(255, 255, 255);color:rgb(0, 0, 0);font-size:16px\">P2: Jak wyregulowa\u0107 nachylenie opon w samochodzie zdalnie sterowanym?<\/span><\/p>\n<p style=\"font-family:&quot;Open Sans&quot;, Roboto, Arial, Helvetica, sans-serif, SimSun;font-size:14px;font-weight:400;letter-spacing:normal;line-height:inherit;text-align:start;white-space:normal;color:rgb(34, 34, 34);background-color:rgb(255, 255, 255);margin:0px;margin-bottom:0px;margin-top:0px;margin-left:0px;margin-right:0px;padding:0px;padding-bottom:0px;padding-top:0px;padding-left:0px;padding-right:0px;box-sizing:border-box\" align=\"start\"><span style=\"background-color:rgb(255, 255, 255);color:rgb(0, 0, 0);font-size:16px\">A: Mo\u017cna to regulowa\u0107 za pomoc\u0105 przycisk\u00f3w precyzyjnej regulacji i przepustnicy na pilocie.<\/span><\/p>\n<p style=\"font-family:&quot;Open Sans&quot;, Roboto, Arial, Helvetica, sans-serif, SimSun;font-size:14px;font-weight:400;letter-spacing:normal;line-height:inherit;text-align:start;white-space:normal;color:rgb(34, 34, 34);background-color:rgb(255, 255, 255);margin:0px;margin-bottom:0px;margin-top:0px;margin-left:0px;margin-right:0px;padding:0px;padding-bottom:0px;padding-top:0px;padding-left:0px;padding-right:0px;box-sizing:border-box\" align=\"start\"><span style=\"background-color:rgb(255, 255, 255);color:rgb(0, 0, 0);font-size:16px\">P3: Co mam zrobi\u0107, je\u015bli nie mog\u0119 znale\u017a\u0107 swoich akcesori\u00f3w?<\/span><\/p>\n<p style=\"font-family:&quot;Open Sans&quot;, Roboto, Arial, Helvetica, sans-serif, SimSun;font-size:14px;font-weight:400;letter-spacing:normal;line-height:inherit;text-align:start;white-space:normal;color:rgb(34, 34, 34);background-color:rgb(255, 255, 255);margin:0px;margin-bottom:0px;margin-top:0px;margin-left:0px;margin-right:0px;padding:0px;padding-bottom:0px;padding-top:0px;padding-left:0px;padding-right:0px;box-sizing:border-box\" align=\"start\"><span style=\"background-color:rgb(255, 255, 255);color:rgb(0, 0, 0);font-size:16px\">A: Prosz\u0119 najpierw dok\u0142adnie sprawdzi\u0107 przesy\u0142k\u0119; je\u015bli nie znajdziesz przesy\u0142ki, prosimy o udost\u0119pnienie nam pe\u0142nego filmu z rozpakowywania, a my skontaktujemy si\u0119 z naszym magazynem i zaproponujemy odpowiednie rozwi\u0105zanie.<\/span><\/p>\n<p style=\"font-family:&quot;Open Sans&quot;, Roboto, Arial, Helvetica, sans-serif, SimSun;font-size:14px;font-weight:400;letter-spacing:normal;line-height:inherit;text-align:start;white-space:normal;color:rgb(34, 34, 34);background-color:rgb(255, 255, 255);margin:0px;margin-bottom:0px;margin-top:0px;margin-left:0px;margin-right:0px;padding:0px;padding-bottom:0px;padding-top:0px;padding-left:0px;padding-right:0px;box-sizing:border-box\" align=\"start\"><span style=\"background-color:rgb(255, 255, 255);color:rgb(0, 0, 0);font-size:16px\">P4: Co powinienem zrobi\u0107, gdy nie mog\u0119 po\u0142\u0105czy\u0107 pilota z RC?<\/span><\/p>\n<p style=\"font-family:&quot;Open Sans&quot;, Roboto, Arial, Helvetica, sans-serif, SimSun;font-size:14px;font-weight:400;letter-spacing:normal;line-height:inherit;text-align:start;white-space:normal;color:rgb(34, 34, 34);background-color:rgb(255, 255, 255);margin:0px;margin-bottom:0px;margin-top:0px;margin-left:0px;margin-right:0px;padding:0px;padding-bottom:0px;padding-top:0px;padding-left:0px;padding-right:0px;box-sizing:border-box\" align=\"start\"><span style=\"background-color:rgb(255, 255, 255);color:rgb(0, 0, 0);font-size:16px\">A: Upewnij si\u0119, \u017ce bateria jest w pe\u0142ni na\u0142adowana. Nast\u0119pnie r\u0119cznie sparuj samochodzik z pilotem. Szczeg\u00f3\u0142owe informacje na temat dopasowania samochodziku mo\u017cna znale\u017a\u0107 w instrukcji obs\u0142ugi. Mo\u017cesz r\u00f3wnie\u017c sprawdzi\u0107 napi\u0119cie p\u0142yty g\u0142\u00f3wnej, aby zidentyfikowa\u0107 przyczyn\u0119 problemu.<\/span><\/p>\n<p style=\"font-family:&quot;Open Sans&quot;, Roboto, Arial, Helvetica, sans-serif, SimSun;font-size:14px;font-weight:400;letter-spacing:normal;line-height:inherit;text-align:start;white-space:normal;color:rgb(34, 34, 34);background-color:rgb(255, 255, 255);margin:0px;margin-bottom:0px;margin-top:0px;margin-left:0px;margin-right:0px;padding:0px;padding-bottom:0px;padding-top:0px;padding-left:0px;padding-right:0px;box-sizing:border-box\" align=\"start\"><span style=\"background-color:rgb(255, 255, 255);color:rgb(0, 0, 0);font-size:16px\">P5: Co mam zrobi\u0107, gdy po pod\u0142\u0105czeniu pilota do RC samoch\u00f3d zabawka skr\u0119ca, ale nie mo\u017ce porusza\u0107 si\u0119 do przodu ani do ty\u0142u?<\/span><\/p>\n<p style=\"font-family:&quot;Open Sans&quot;, Roboto, Arial, Helvetica, sans-serif, SimSun;font-size:14px;font-weight:400;letter-spacing:normal;line-height:inherit;text-align:start;white-space:normal;color:rgb(34, 34, 34);background-color:rgb(255, 255, 255);margin:0px;margin-bottom:0px;margin-top:0px;margin-left:0px;margin-right:0px;padding:0px;padding-bottom:0px;padding-top:0px;padding-left:0px;padding-right:0px;box-sizing:border-box\" align=\"start\"><span style=\"background-color:rgb(255, 255, 255);color:rgb(0, 0, 0);font-size:16px\">A: Najpierw sprawd\u017a, czy akumulator jest ca\u0142kowicie na\u0142adowany, a nast\u0119pnie sprawd\u017a napi\u0119cie p\u0142yty g\u0142\u00f3wnej i silnika, co pozwoli na przeanalizowanie, na czym polega problem.<\/span><\/p>\n<div><span style=\"background-color:rgb(255, 255, 255);color:rgb(34, 34, 34);font-size:20px;font-family:&quot;Open Sans&quot;, Roboto, Arial, Helvetica, sans-serif, SimSun\"><strong>SCY 16101PRO 16102PRO 16103PRO 1:16 70 km\/h 4WD RC samoch\u00f3d z reflektorem LED zdalnie sterowane samochody szybki drift monster truck dla dzieci vs Wltoys 144001 zabawki<\/strong><\/span><\/div>\n<p><strong>Podczas korzystania z baterii nale\u017cy pami\u0119ta\u0107, \u017ce:<\/strong><\/p>\n<p>1. Gdy akumulator jest roz\u0142adowany, nale\u017cy go na\u0142adowa\u0107 w odpowiednim czasie, aby zapewni\u0107 mu nadmiar energii. Je\u015bli akumulator jest ca\u0142kowicie roz\u0142adowany, nie b\u0119dzie mo\u017cna go na\u0142adowa\u0107.<\/p>\n<p>2. Podczas \u0142adowania akumulatora od\u0142\u0105cz z\u0142\u0105cze od samochodu zdalnie sterowanego. Pami\u0119taj o wyj\u0119ciu akumulatora, aby na\u0142adowa\u0107 go osobno.<\/p>\n<p>3. Je\u015bli nie u\u017cywasz zdalnie sterowanego samochodu, od\u0142\u0105cz akumulator od przewodu zdalnie sterowanego samochodu, absolutnie go nie pod\u0142\u0105czaj i ca\u0142kowicie na\u0142aduj akumulator, w przeciwnym razie mo\u017ce doj\u015b\u0107 do jego uszkodzenia.<\/p>\n<p><strong>Cechy:<\/strong><\/p>\n<ol>\n<li>\n<p>Zastosowanie symulowanej struktury projektowej z odczuciem sterowania prawdziwym samochodem pozwala na osi\u0105gni\u0119cie pe\u0142nowymiarowej, p\u0142ynnej jazdy, b\u0142yskawicznego przyspieszania i zwalniania, hamowania, cofania, skr\u0119tu w lewo i skr\u0119tu w prawo.<\/p>\n<\/li>\n<li>\n<p>Zastosowanie: tereny p\u0142askie, piasek, b\u0142oto, trawa.<\/p>\n<\/li>\n<li>\n<p>Nap\u0119d 4WD: przednie i tylne amortyzatory spr\u0119\u017cynowe, niezale\u017cne zawieszenie na podw\u00f3jnych wahaczach.<\/p>\n<\/li>\n<li>\n<p>2.4G, w pe\u0142ni proporcjonalny, zsynchronizowany system zdalnego sterowania. W pe\u0142ni proporcjonalny uk\u0142ad przepustnicy\/uk\u0142adu kierowniczego.<\/p>\n<\/li>\n<li>\n<p>Metalowy mechanizm r\u00f3\u017cnicowy, metalowa misa mechanizmu r\u00f3\u017cnicowego, przek\u0142adnia planetarna proszkowa, przek\u0142adnia czynna proszkowa, przek\u0142adnia g\u0142\u00f3wna proszkowa.<\/p>\n<\/li>\n<li>\n<p>Metalowy przedni wa\u0142 nap\u0119dowy CVD, metalowy tylny wa\u0142 nap\u0119dowy, metalowe miseczki k\u00f3\u0142.<\/p>\n<\/li>\n<li>\n<p>Cyfrowy serwo 17G, trzyprzewodowy.<\/p>\n<\/li>\n<li>\n<p>Akumulator litowo-jonowy 7,4 V, 18650-1500 mAh (wtyczka T), mno\u017cnik roz\u0142adowania 15C.<\/p>\n<\/li>\n<li>\n<p>Nowa funkcja panelu zdalnego sterowania: regulacja g\u0142o\u015bno\u015bci steru.<\/p>\n<\/li>\n<li>\n<p>16 \u0142o\u017cysk kulkowych na ca\u0142y pojazd.<\/p>\n<\/li>\n<li>\n<p>Metalowa p\u0142yta pod\u0142ogowa, metalowy kod przedniego i tylnego wahacza, metalowy \u015brodkowy wa\u0142 nap\u0119dowy.<\/p>\n<\/li>\n<li>\n<p>Karoseria samochodu wykonana jest z wytrzyma\u0142ego i odpornego na wybuchy tworzywa PVC.<\/p>\n<\/li>\n<li>\n<p>Wyposa\u017cone w reflektory LED; (trzy tryby: \u015bwiat\u0142o sta\u0142e, wolne miganie, szybkie miganie)<\/p>\n<\/li>\n<li>\n<p>Wyposa\u017cony w kierownic\u0119 przez g\u0142ow\u0119.<\/p>\n<\/li>\n<li>\n<p>Symulacja opon Bigfoot, mocna przyczepno\u015b\u0107<\/p>\n<\/li>\n<\/ol>\n<p><strong>Opis:<\/strong><\/p>\n<p><span style=\"background-color:rgb(255, 255, 255);color:rgb(34, 34, 34);font-size:14px;font-family:&quot;Open Sans&quot;, Roboto, Arial, Helvetica, sans-serif, SimSun\">Nazwa przedmiotu: 16101PRO, 16102PRO, 16103PRO<\/span><\/p>\n<p>100% zupe\u0142nie nowy, wysokiej jako\u015bci.<\/p>\n<p>1:16 Rozmiar ci\u0119\u017car\u00f3wki: 30*23*11,5 cm<\/p>\n<p>Czas gry: 15-18 minut (ci\u0105g\u0142y bieg z pe\u0142n\u0105 pr\u0119dko\u015bci\u0105)<\/p>\n<p>Czas \u0142adowania: 3-3,5 godziny<\/p>\n<p>Zakres sterowania: 120M<\/p>\n<p>Akumulator samochodowy w zestawie<\/p>\n<p>Pilot zdalnego sterowania: 3 baterie AA (nie do\u0142\u0105czone)<\/p>\n<p><span style=\"color:rgb(244, 78, 59)\"><strong>Notatka:<\/strong><\/span><\/p>\n<p><strong><span style=\"color:rgb(244, 78, 59)\">1: Zabezpieczenie \u0142adowania: zr\u00f3wnowa\u017cone \u0142adowanie sta\u0142ym pr\u0105dem i sta\u0142ym napi\u0119ciem, funkcja ochrony przed prze\u0142adowaniem akumulatora i nadmiernym pr\u0105dem.<\/span><\/strong><\/p>\n<p><strong><span style=\"color:rgb(244, 78, 59)\">2: Zabezpieczenie silnika przed zatarciem: praca przeci\u0105\u017ceniowa, silnik przestaje dzia\u0142a\u0107.<\/span><\/strong><\/p>\n<p><strong><span style=\"color:rgb(244, 78, 59)\">3: Zabezpieczenie przed wysok\u0105 temperatur\u0105: gdy temperatura robocza jest wy\u017csza od ustawionej warto\u015bci, obw\u00f3d sterowania nap\u0119dem zatrzymuje prac\u0119, a nast\u0119pnie wznawia prac\u0119, gdy temperatura spadnie do bezpiecznej warto\u015bci.<\/span><\/strong><\/p>\n<p><strong><span style=\"color:rgb(244, 78, 59)\">4: Funkcja wy\u0142\u0105czania zasilania ESC przy niskim napi\u0119ciu, gdy napi\u0119cie akumulatora jest ni\u017csze ni\u017c 6,3-6,4 V lub wi\u0119cej, automatyczne wy\u0142\u0105czanie zasilania zapobiega uszkodzeniu akumulatora na skutek roz\u0142adowania<\/span><\/strong><span style=\"color:rgb(244, 78, 59)\">.<\/span><img decoding=\"async\" src=\"https:\/\/ae01.alicdn.com\/kf\/Sdd01a7240c584b16b1a8a122c3c835ae2.jpg?width=1000&amp;height=5215&amp;hash=6215\" slate-data-type=\"image\"\/><\/p>\n<p><img decoding=\"async\" src=\"https:\/\/ae01.alicdn.com\/kf\/Sdedb2089b3ea41abb30373347f69d567d.jpg?width=1000&amp;height=6204&amp;hash=7204\" slate-data-type=\"image\"\/><img decoding=\"async\" src=\"https:\/\/ae01.alicdn.com\/kf\/Sf42b7fff22fb4dfea370c9431c033a0ex.jpg?width=1000&amp;height=5161&amp;hash=6161\" slate-data-type=\"image\"\/><\/p>\n<div>\n<\/div>\n<div><\/div>\n<\/div>\n<\/div>\n<p><\/p>","protected":false},"excerpt":{"rendered":"<p>Hign-concerned Chemical:&nbsp;None Certificate Number:&nbsp;As Show CE:&nbsp;Certificate Is Electric:&nbsp;lithium battery Barcode:&nbsp;No Throttle servo:&nbsp;2840 Brushless motor Steering servo:&nbsp;Three-wire 17G digital servo Power:&nbsp;70 km\/h State of Assembly:&nbsp;Ready-to-Go Flight Time:&nbsp;15-18 min Tire Track:&nbsp;188mm Wheelbase:&nbsp;185<\/p>","protected":false},"featured_media":25655,"comment_status":"open","ping_status":"closed","template":"","meta":{"_acf_changed":false},"product_brand":[],"product_cat":[519],"product_tag":[],"class_list":{"0":"post-25654","1":"product","2":"type-product","3":"status-publish","4":"has-post-thumbnail","6":"product_cat-rc-cars","8":"first","9":"instock","10":"shipping-taxable","11":"purchasable","12":"product-type-variable"},"acf":[],"_links":{"self":[{"href":"https:\/\/www.electricstore.eu\/pl\/wp-json\/wp\/v2\/product\/25654","targetHints":{"allow":["GET"]}}],"collection":[{"href":"https:\/\/www.electricstore.eu\/pl\/wp-json\/wp\/v2\/product"}],"about":[{"href":"https:\/\/www.electricstore.eu\/pl\/wp-json\/wp\/v2\/types\/product"}],"replies":[{"embeddable":true,"href":"https:\/\/www.electricstore.eu\/pl\/wp-json\/wp\/v2\/comments?post=25654"}],"wp:featuredmedia":[{"embeddable":true,"href":"https:\/\/www.electricstore.eu\/pl\/wp-json\/wp\/v2\/media\/25655"}],"wp:attachment":[{"href":"https:\/\/www.electricstore.eu\/pl\/wp-json\/wp\/v2\/media?parent=25654"}],"wp:term":[{"taxonomy":"product_brand","embeddable":true,"href":"https:\/\/www.electricstore.eu\/pl\/wp-json\/wp\/v2\/product_brand?post=25654"},{"taxonomy":"product_cat","embeddable":true,"href":"https:\/\/www.electricstore.eu\/pl\/wp-json\/wp\/v2\/product_cat?post=25654"},{"taxonomy":"product_tag","embeddable":true,"href":"https:\/\/www.electricstore.eu\/pl\/wp-json\/wp\/v2\/product_tag?post=25654"}],"curies":[{"name":"wp","href":"https:\/\/api.w.org\/{rel}","templated":true}]}}