{"id":25602,"date":"2025-05-20T19:00:09","date_gmt":"2025-05-20T19:00:09","guid":{"rendered":"https:\/\/electricstore.eu\/p\/uncategorized\/vevor-amphibious-rc-car-boat-2-4ghz-12-km-h-electric-remote-control-360-rotating-stunt-car-water-beach-pool-toys-boys-gifts\/"},"modified":"2025-05-20T19:05:06","modified_gmt":"2025-05-20T19:05:06","slug":"vevor-amphibious-rc-car-boat-2-4ghz-12-km-h-electric-remote-control-360-rotating-stunt-car-water-beach-pool-toys-boys-gifts","status":"publish","type":"product","link":"https:\/\/www.electricstore.eu\/pl\/p\/rc\/rc-cars\/vevor-amphibious-rc-car-boat-2-4ghz-12-km-h-electric-remote-control-360-rotating-stunt-car-water-beach-pool-toys-boys-gifts\/","title":{"rendered":"VEVOR Amphibious RC Car Boat 2.4GHz 12 km\/h Elektryczny pilot zdalnego sterowania 360\u00b0 Obrotowy samoch\u00f3d kaskaderski Woda Pla\u017ca Basen Zabawki Ch\u0142opcy Prezenty"},"content":{"rendered":"<div class=\"product-specs-list-container\">\n<ul class=\"product-specs-list util-clearfix\">\n<li class=\"product-prop line-limit-length\"><span\n                                        class=\"property-title\">Substancja chemiczna budz\u0105ca du\u017ce obawy:&nbsp;<\/span><span\n                                        class=\"property-desc line-limit-length\">Nic<\/span>\n                            <\/li>\n<li class=\"product-prop line-limit-length\"><span\n                                        class=\"property-title\">Czy jest elektryczny:&nbsp;<\/span><span\n                                        class=\"property-desc line-limit-length\">Brak baterii<\/span>\n                            <\/li>\n<li class=\"product-prop line-limit-length\"><span\n                                        class=\"property-title\">Kod kreskowy:&nbsp;<\/span><span\n                                        class=\"property-desc line-limit-length\">NIE<\/span>\n                            <\/li>\n<li class=\"product-prop line-limit-length\"><span\n                                        class=\"property-title\">\u0179r\u00f3d\u0142o zasilania:&nbsp;<\/span><span\n                                        class=\"property-desc line-limit-length\">Elektryczny<\/span>\n                            <\/li>\n<li class=\"product-prop line-limit-length\"><span\n                                        class=\"property-title\">Numer modelu:&nbsp;<\/span><span\n                                        class=\"property-desc line-limit-length\">666-802<\/span>\n                            <\/li>\n<li class=\"product-prop line-limit-length\"><span\n                                        class=\"property-title\">Czas lotu:&nbsp;<\/span><span\n                                        class=\"property-desc line-limit-length\">20 minut<\/span>\n                            <\/li>\n<li class=\"product-prop line-limit-length\"><span\n                                        class=\"property-title\">Odleg\u0142o\u015b\u0107 zdalna:&nbsp;<\/span><span\n                                        class=\"property-desc line-limit-length\">131 st\u00f3p\/40 metr\u00f3w<\/span>\n                            <\/li>\n<li class=\"product-prop line-limit-length\"><span\n                                        class=\"property-title\">Wymiary:&nbsp;<\/span><span\n                                        class=\"property-desc line-limit-length\">5,91 x 6,10 x 2,95 cala\/150 x 155 x 75 mm<\/span>\n                            <\/li>\n<li class=\"product-prop line-limit-length\"><span\n                                        class=\"property-title\">Maksymalna pr\u0119dko\u015b\u0107:&nbsp;<\/span><span\n                                        class=\"property-desc line-limit-length\">12 kilometr\u00f3w na godzin\u0119<\/span>\n                            <\/li>\n<li class=\"product-prop line-limit-length\"><span\n                                        class=\"property-title\">Stan Zgromadzenia:&nbsp;<\/span><span\n                                        class=\"property-desc line-limit-length\">Gotowy do u\u017cycia<\/span>\n                            <\/li>\n<li class=\"product-prop line-limit-length\"><span\n                                        class=\"property-title\">Zdalne sterowanie:&nbsp;<\/span><span\n                                        class=\"property-desc line-limit-length\">Tak<\/span>\n                            <\/li>\n<li class=\"product-prop line-limit-length\"><span\n                                        class=\"property-title\">Tworzywo:&nbsp;<\/span><span\n                                        class=\"property-desc line-limit-length\">Plastikowy<\/span>\n                            <\/li>\n<li class=\"product-prop line-limit-length\"><span\n                                        class=\"property-title\">Zalecany wiek:&nbsp;<\/span><span\n                                        class=\"property-desc line-limit-length\">6-12 lat<\/span>\n                            <\/li>\n<li class=\"product-prop line-limit-length\"><span\n                                        class=\"property-title\">Pochodzenie:&nbsp;<\/span><span\n                                        class=\"property-desc line-limit-length\">Chiny kontynentalne<\/span>\n                            <\/li>\n<li class=\"product-prop line-limit-length\"><span\n                                        class=\"property-title\">Typ:&nbsp;<\/span><span\n                                        class=\"property-desc line-limit-length\">\u0141\u00f3d\u017a i statek<\/span>\n                            <\/li>\n<li class=\"product-prop line-limit-length\"><span\n                                        class=\"property-title\">Cechy:&nbsp;<\/span><span\n                                        class=\"property-desc line-limit-length\">ZDALNE STEROWANIE<\/span>\n                            <\/li>\n<\/ul><\/div>\n<div class=\"detailmodule_html\">\n<div class=\"detail-desc-decorate-richtext\">\n<p><\/p>\n<div style=\"font-family:&quot;Open sans&quot;, Arial, Helvetica, sans-serif\">\n<div>\n  <img decoding=\"async\" style=\"width:100%\" width=\"100%\" src=\"https:\/\/d2qc09rl1gfuof.cloudfront.net\/vevor\/boutique-banner\/pc\/banner-en.jpg\" slate-data-type=\"image\" \/>\n <\/div>\n<div>\n<div style=\"font-size:16px;font-weight:bold;text-align:center;color:rgb(34, 34, 34);margin:24px 0px;margin-bottom:24px;margin-top:24px;margin-left:0px;margin-right:0px\" align=\"center\">\n   P\u0142ywaj po falach, rz\u0105d\u017a na l\u0105dzie \u2014 zabawa z \u0142odzi\u0105 zdalnie sterowan\u0105 VEVOR\n  <\/div>\n<div>\n   <img decoding=\"async\" style=\"width:100%\" width=\"100%\" src=\"https:\/\/d2qc09rl1gfuof.cloudfront.net\/product\/SLLQYKCQC1JZAI7C8\/rc-boat-a100-1.4.jpg\" slate-data-type=\"image\" \/>\n  <\/div>\n<div style=\"font-size:14px;text-align:center;color:rgb(34, 34, 34);margin:16px 0px 24px;margin-bottom:24px;margin-top:16px;margin-left:0px;margin-right:0px\" align=\"center\">\n   Do\u015bwiadcz niesamowitych salt, obrot\u00f3w i wszelkiego rodzaju akrobacji na wodzie i l\u0105dzie! Ta zdalnie sterowana \u0142\u00f3d\u017a-amfibia jest pe\u0142na ekscytuj\u0105cych funkcji, kt\u00f3re sprawi\u0105, \u017ce ka\u017cda chwila b\u0119dzie pe\u0142na akcji.\n  <\/div><\/div>\n<div>\n<div style=\"margin:8px 0px;margin-bottom:8px;margin-top:8px;margin-left:0px;margin-right:0px\">\n   <img decoding=\"async\" style=\"width:100%\" width=\"100%\" src=\"https:\/\/d2qc09rl1gfuof.cloudfront.net\/product\/SLLQYKCQC1JZAI7C8\/rc-boat-a100-2.2.jpg\" slate-data-type=\"image\" \/>\n  <\/div>\n<div style=\"font-size:14px;text-align:center;color:rgb(34, 34, 34);margin:16px 0px 24px;margin-bottom:24px;margin-top:16px;margin-left:0px;margin-right:0px\" align=\"center\">\n   Nap\u0119d na cztery ko\u0142a zapewnia tej amfibii-aucie kaskaderskiemu moc, stabilno\u015b\u0107 i kontrol\u0119 niezb\u0119dn\u0105 do wy\u015bcig\u00f3w i driftu. Dzi\u0119ki pr\u0119dko\u015bciom do 12 km\/h, zabawa staje si\u0119 jeszcze bardziej ekscytuj\u0105ca.\n  <\/div><\/div>\n<div>\n<div style=\"margin:8px 0px;margin-bottom:8px;margin-top:8px;margin-left:0px;margin-right:0px\">\n   <img decoding=\"async\" style=\"width:100%\" width=\"100%\" src=\"https:\/\/d2qc09rl1gfuof.cloudfront.net\/product\/SLLQYKCQC1JZAI7C8\/rc-boat-a100-2.3.jpg\" slate-data-type=\"image\" \/>\n  <\/div>\n<div style=\"font-size:14px;text-align:center;color:rgb(34, 34, 34);margin:16px 0px 24px;margin-bottom:24px;margin-top:16px;margin-left:0px;margin-right:0px\" align=\"center\">\n   Wykonany z wytrzyma\u0142ego materia\u0142u ABS i ca\u0142kowicie wodoodporny, ten samoch\u00f3d-amfibia jest gotowy na ka\u017cde wyzwanie, niezale\u017cnie od tego, czy bawisz si\u0119 na wodzie, czy na l\u0105dzie. Zosta\u0142 stworzony, by kontynuowa\u0107 jazd\u0119, niezale\u017cnie od tego, co stanie mu na drodze.\n  <\/div><\/div>\n<div>\n<div style=\"margin:8px 0px;margin-bottom:8px;margin-top:8px;margin-left:0px;margin-right:0px\">\n   <img decoding=\"async\" style=\"width:100%\" width=\"100%\" src=\"https:\/\/d2qc09rl1gfuof.cloudfront.net\/product\/SLLQYKCQC1JZAI7C8\/rc-boat-a100-2.4.jpg\" slate-data-type=\"image\" \/>\n  <\/div>\n<div style=\"font-size:14px;text-align:center;color:rgb(34, 34, 34);margin:16px 0px 24px;margin-bottom:24px;margin-top:16px;margin-left:0px;margin-right:0px\" align=\"center\">\n   Dzi\u0119ki technologii 2.4G mo\u017cesz sterowa\u0107 tym samochodem kaskaderskim z odleg\u0142o\u015bci do 40 m. Silny sygna\u0142 antyzak\u0142\u00f3ceniowy pozwala na bezproblemowe \u015bciganie si\u0119 i driftowanie ze znajomymi, co sprawia, \u017ce zabawa jest jeszcze wi\u0119ksza.\n  <\/div><\/div>\n<div>\n<div style=\"margin:8px 0px;margin-bottom:8px;margin-top:8px;margin-left:0px;margin-right:0px\">\n   <img decoding=\"async\" style=\"width:100%\" width=\"100%\" src=\"https:\/\/d2qc09rl1gfuof.cloudfront.net\/product\/SLLQYKCQC1JZAI7C8\/rc-boat-a100-2.5.jpg\" slate-data-type=\"image\" \/>\n  <\/div>\n<div style=\"font-size:14px;text-align:center;color:rgb(34, 34, 34);margin:16px 0px 24px;margin-bottom:24px;margin-top:16px;margin-left:0px;margin-right:0px\" align=\"center\">\n   Dzi\u0119ki \u0142adowaniu przez USB i systemowi dw\u00f3ch akumulator\u00f3w, ta zdalnie sterowana \u0142\u00f3d\u017a zapewnia ponad 40 minut zabawy. Zabierz ze sob\u0105 powerbank, aby zapewni\u0107 sobie nieograniczon\u0105 zabaw\u0119 podczas przyg\u00f3d na \u015bwie\u017cym powietrzu.\n  <\/div><\/div>\n<div style=\"margin:16px 0px 24px;margin-bottom:24px;margin-top:16px;margin-left:0px;margin-right:0px\"><\/div>\n<div style=\"margin:24px 0px;margin-bottom:24px;margin-top:24px;margin-left:0px;margin-right:0px\">\n<div style=\"font-size:16px;font-weight:bold;color:rgb(34, 34, 34);margin:24px 0px 16px;margin-bottom:16px;margin-top:24px;margin-left:0px;margin-right:0px\">\n   Funkcje i szczeg\u00f3\u0142y\n  <\/div>\n<ul style=\"margin:16px 0px 24px;margin-bottom:24px;margin-top:16px;margin-left:0px;margin-right:0px\">\n<li style=\"font-size:14px;color:rgb(34, 34, 34)\">\n<p>\u015awietne akrobacje: Przygotuj si\u0119 na akcj\u0119 z niesamowitymi saltami o 180\u00b0 i obrotami o 360\u00b0! Ta amfibia zdalnie sterowana \u0142\u00f3d\u017a oferuje ekscytuj\u0105ce akrobacje i ekscytuj\u0105ce wra\u017cenia z jazdy, zar\u00f3wno na l\u0105dzie, jak i na wodzie.<\/p>\n<\/li>\n<li style=\"font-size:14px;color:rgb(34, 34, 34)\">\n<p>Szybkie drifty: Osi\u0105gaj pr\u0119dko\u015bci do 12 km\/h i korzystaj z pot\u0119\u017cnych osi\u0105g\u00f3w. Ten amfibijny samoch\u00f3d kaskaderski p\u0142ynnie wykonuje drifty we wszystkich kierunkach, zapewniaj\u0105c dzieciom \u015bwietn\u0105 i anga\u017cuj\u0105c\u0105 zabaw\u0119, rozwijaj\u0105c jednocze\u015bnie ich koordynacj\u0119 i umiej\u0119tno\u015bci my\u015blenia.<\/p>\n<\/li>\n<li style=\"font-size:14px;color:rgb(34, 34, 34)\">\n<p>Terenowa przygoda: Ten wytrzyma\u0142y samoch\u00f3d amfibia, wykonany z tworzywa ABS, poradzi sobie z nier\u00f3wno\u015bciami i trudn\u0105 zabaw\u0105. Wodoodporna konstrukcja pozwala mu z \u0142atwo\u015bci\u0105 porusza\u0107 si\u0119 po piasku, jeziorach, basenach i trawie, dzi\u0119ki czemu ka\u017cda przygoda b\u0119dzie ekscytuj\u0105ca i pozbawiona przeszk\u00f3d.<\/p>\n<\/li>\n<li style=\"font-size:14px;color:rgb(34, 34, 34)\">\n<p>Pilot 2.4G: Steruj akcj\u0105 z odleg\u0142o\u015bci do 40 m za pomoc\u0105 pilota, kt\u00f3ry sprawdzi si\u0119 w przypadku wielu graczy. Idealny do samotnej zabawy lub wy\u015bcig\u00f3w towarzyskich, samoch\u00f3d kaskaderski zapewnia emocje bez zak\u0142\u00f3ce\u0144, co czyni go fantastycznym prezentem, kt\u00f3ry zapewni nieko\u0144cz\u0105c\u0105 si\u0119 zabaw\u0119 i przyja\u017a\u0144.<\/p>\n<\/li>\n<li style=\"font-size:14px;color:rgb(34, 34, 34)\">\n<p>D\u0142u\u017cszy czas zabawy: Ciesz si\u0119 zabaw\u0105 do 40 minut dzi\u0119ki podw\u00f3jnemu systemowi baterii 500 mAh i \u0142adowaniu przez USB. Zabezpieczenie przed prze\u0142adowaniem i nadmiernym roz\u0142adowaniem zapewnia bezpieczne u\u017cytkowanie \u0142odzi zdalnie sterowanej. Idealna do zabawy na \u015bwie\u017cym powietrzu \u2013 wystarczy zabra\u0107 powerbank, aby przygoda trwa\u0142a ca\u0142y dzie\u0144!<\/p>\n<\/li>\n<\/ul><\/div>\n<div>\n<div>\n<div style=\"margin:16px 0px 24px;margin-bottom:24px;margin-top:16px;margin-left:0px;margin-right:0px\">\n    <img decoding=\"async\" style=\"width:100%\" width=\"100%\" src=\"https:\/\/d2qc09rl1gfuof.cloudfront.net\/product\/SLLQYKCQC1JZAI7C8\/rc-boat-a100-1.11.jpg\" slate-data-type=\"image\" \/>\n   <\/div><\/div><\/div>\n<\/div>\n<p><\/p>\n<\/div>\n<\/div>","protected":false},"excerpt":{"rendered":"<p>Hign-concerned Chemical:&nbsp;None Is Electric:&nbsp;No battery Barcode:&nbsp;No Power Source:&nbsp;Electric Model Number:&nbsp;666-802 Flight Time:&nbsp;20min Remote Distance:&nbsp;131 ft\/40 m Dimensions:&nbsp;5.91 x 6.10 x 2.95 in\/150 x 155 x 75 mm Max Speed:&nbsp;12 km\/h<\/p>","protected":false},"featured_media":25603,"comment_status":"open","ping_status":"closed","template":"","meta":{"_acf_changed":false},"product_brand":[],"product_cat":[519],"product_tag":[],"class_list":{"0":"post-25602","1":"product","2":"type-product","3":"status-publish","4":"has-post-thumbnail","6":"product_cat-rc-cars","8":"first","9":"instock","10":"shipping-taxable","11":"purchasable","12":"product-type-variable"},"acf":[],"_links":{"self":[{"href":"https:\/\/www.electricstore.eu\/pl\/wp-json\/wp\/v2\/product\/25602","targetHints":{"allow":["GET"]}}],"collection":[{"href":"https:\/\/www.electricstore.eu\/pl\/wp-json\/wp\/v2\/product"}],"about":[{"href":"https:\/\/www.electricstore.eu\/pl\/wp-json\/wp\/v2\/types\/product"}],"replies":[{"embeddable":true,"href":"https:\/\/www.electricstore.eu\/pl\/wp-json\/wp\/v2\/comments?post=25602"}],"wp:featuredmedia":[{"embeddable":true,"href":"https:\/\/www.electricstore.eu\/pl\/wp-json\/wp\/v2\/media\/25603"}],"wp:attachment":[{"href":"https:\/\/www.electricstore.eu\/pl\/wp-json\/wp\/v2\/media?parent=25602"}],"wp:term":[{"taxonomy":"product_brand","embeddable":true,"href":"https:\/\/www.electricstore.eu\/pl\/wp-json\/wp\/v2\/product_brand?post=25602"},{"taxonomy":"product_cat","embeddable":true,"href":"https:\/\/www.electricstore.eu\/pl\/wp-json\/wp\/v2\/product_cat?post=25602"},{"taxonomy":"product_tag","embeddable":true,"href":"https:\/\/www.electricstore.eu\/pl\/wp-json\/wp\/v2\/product_tag?post=25602"}],"curies":[{"name":"wp","href":"https:\/\/api.w.org\/{rel}","templated":true}]}}