{"id":25544,"date":"2025-05-20T18:59:53","date_gmt":"2025-05-20T18:59:53","guid":{"rendered":"https:\/\/electricstore.eu\/p\/uncategorized\/vevor-88-lbs-bike-cargo-trailer-bicycle-wagon-cart-foldable-storage-with-16-wheels-safe-reflectors-fits-24-28-bike-wheels\/"},"modified":"2025-05-20T19:04:23","modified_gmt":"2025-05-20T19:04:23","slug":"vevor-88-lbs-bike-cargo-trailer-bicycle-wagon-cart-foldable-storage-with-16-wheels-safe-reflectors-fits-24-28-bike-wheels","status":"publish","type":"product","link":"https:\/\/www.electricstore.eu\/pl\/p\/o\/bike-trailers-and-wagons\/vevor-88-lbs-bike-cargo-trailer-bicycle-wagon-cart-foldable-storage-with-16-wheels-safe-reflectors-fits-24-28-bike-wheels\/","title":{"rendered":"VEVOR 88 lbs Bike Cargo Trailer Bicycle Wagon Cart Sk\u0142adany schowek z ko\u0142ami 16\u2033 i bezpiecznymi odblaskami Pasuje do k\u00f3\u0142 rowerowych 24\u2033-28\u2033"},"content":{"rendered":"<div class=\"product-specs-list-container\">\n<ul class=\"product-specs-list util-clearfix\">\n<li class=\"product-prop line-limit-length\"><span\n                                        class=\"property-title\">Substancja chemiczna budz\u0105ca du\u017ce obawy:&nbsp;<\/span><span\n                                        class=\"property-desc line-limit-length\">Nic<\/span>\n                            <\/li>\n<li class=\"product-prop line-limit-length\"><span\n                                        class=\"property-title\">Pozycja siedz\u0105ca:&nbsp;<\/span><span\n                                        class=\"property-desc line-limit-length\">POST<\/span>\n                            <\/li>\n<li class=\"product-prop line-limit-length\"><span\n                                        class=\"property-title\">Tworzywo:&nbsp;<\/span><span\n                                        class=\"property-desc line-limit-length\">Metal<\/span>\n                            <\/li>\n<li class=\"product-prop line-limit-length\"><span\n                                        class=\"property-title\">Przedzia\u0142 wiekowy:&nbsp;<\/span><span\n                                        class=\"property-desc line-limit-length\">3-6 lat<\/span>\n                            <\/li>\n<li class=\"product-prop line-limit-length\"><span\n                                        class=\"property-title\">Pochodzenie:&nbsp;<\/span><span\n                                        class=\"property-desc line-limit-length\">Chiny kontynentalne<\/span>\n                            <\/li>\n<li class=\"product-prop line-limit-length\"><span\n                                        class=\"property-title\">Maksymalna \u0142adowno\u015b\u0107:&nbsp;<\/span><span\n                                        class=\"property-desc line-limit-length\">88 funt\u00f3w\/40 kg<\/span>\n                            <\/li>\n<li class=\"product-prop line-limit-length\"><span\n                                        class=\"property-title\">Rozmiar skrzyni transportowej (w ramach):&nbsp;<\/span><span\n                                        class=\"property-desc line-limit-length\">26,5 x 17,1 x 8 cali\/675 x 435 x 205 mm<\/span>\n                            <\/li>\n<li class=\"product-prop line-limit-length\"><span\n                                        class=\"property-title\">Pozycja monta\u017cu:&nbsp;<\/span><span\n                                        class=\"property-desc line-limit-length\">S\u0142upek podsiod\u0142owy<\/span>\n                            <\/li>\n<li class=\"product-prop line-limit-length\"><span\n                                        class=\"property-title\">Waga produktu:&nbsp;<\/span><span\n                                        class=\"property-desc line-limit-length\">20,94 funta\/9,5 kg<\/span>\n                            <\/li>\n<li class=\"product-prop line-limit-length\"><span\n                                        class=\"property-title\">Tworzywo:&nbsp;<\/span><span\n                                        class=\"property-desc line-limit-length\">Stal w\u0119glowa + tkanina Oxford 600D + PP + PVC<\/span>\n                            <\/li>\n<\/ul><\/div>\n<div class=\"detailmodule_html\">\n<div class=\"detail-desc-decorate-richtext\">\n<div><\/div>\n<div style=\"font-family:&quot;Open sans&quot;, Arial, Helvetica, sans-serif\">\n<div><img decoding=\"async\" style=\"width:100%\" width=\"100%\" src=\"https:\/\/d2qc09rl1gfuof.cloudfront.net\/vevor\/boutique-banner\/pc\/banner-en.jpg\" slate-data-type=\"image\"\/><\/div>\n<div>\n<div style=\"font-size:16px;font-weight:bold;text-align:center;color:rgb(34, 34, 34);margin:24px 0px;margin-bottom:24px;margin-top:24px;margin-left:0px;margin-right:0px\" align=\"center\">Przewie\u017a wi\u0119cej, jed\u017a dalej z przyczepk\u0105 rowerow\u0105 VEVOR<\/div>\n<div style=\"font-size:14px;text-align:center;color:rgb(34, 34, 34);margin:16px 0px 24px;margin-bottom:24px;margin-top:16px;margin-left:0px;margin-right:0px\" align=\"center\">Ta przyczepa rowerowa to Tw\u00f3j najlepszy transporter sprz\u0119tu, wytrzymuj\u0105cy ci\u0119\u017car do 88 funt\u00f3w. Od niezb\u0119dnych rzeczy kempingowych po codzienne potrzeby, ma tyle miejsca, ile potrzebujesz. Ponadto pasuje do rower\u00f3w z ko\u0142ami 24&quot; do 28&quot;, dzi\u0119ki czemu jest wszechstronna na ka\u017cd\u0105 przeja\u017cd\u017ck\u0119.<\/div>\n<\/div>\n<div>\n<div style=\"margin:8px 0px;margin-bottom:8px;margin-top:8px;margin-left:0px;margin-right:0px\"><img decoding=\"async\" style=\"width:100%\" width=\"100%\" src=\"https:\/\/d2qc09rl1gfuof.cloudfront.net\/product\/CGKZGHJG100BKKTQK\/cargo-trailer-a100-1.4.jpg\" slate-data-type=\"image\"\/><img decoding=\"async\" style=\"width:100%\" width=\"100%\" src=\"https:\/\/d2qc09rl1gfuof.cloudfront.net\/product\/CGKZGHJG100BKKTQK\/cargo-trailer-a100-2.2.jpg\" slate-data-type=\"image\"\/><\/div>\n<div style=\"font-size:14px;text-align:center;color:rgb(34, 34, 34);margin:16px 0px 24px;margin-bottom:24px;margin-top:16px;margin-left:0px;margin-right:0px\" align=\"center\">Wykonana z przemys\u0142owej stali w\u0119glowej, ta przyczepka rowerowa jest lekka i wytrzyma\u0142a. Nie musisz si\u0119 martwi\u0107 rdz\u0105, dzi\u0119ki malowanej proszkowo powierzchni. A dzi\u0119ki dodatkowej os\u0142onie z tkaniny Oxford 600D Twoje rzeczy pozostan\u0105 suche bez wzgl\u0119du na wszystko. Gotowa na ka\u017cd\u0105 przygod\u0119, deszcz czy s\u0142o\u0144ce!<\/div>\n<\/div>\n<div>\n<div>\u00a0<\/div>\n<div style=\"margin:8px 0px;margin-bottom:8px;margin-top:8px;margin-left:0px;margin-right:0px\"><img decoding=\"async\" style=\"width:100%\" width=\"100%\" src=\"https:\/\/d2qc09rl1gfuof.cloudfront.net\/product\/CGKZGHJG100BKKTQK\/cargo-trailer-a100-2.3.jpg\" slate-data-type=\"image\"\/><\/div>\n<div style=\"font-size:14px;text-align:center;color:rgb(34, 34, 34);margin:16px 0px 24px;margin-bottom:24px;margin-top:16px;margin-left:0px;margin-right:0px\" align=\"center\">Dzi\u0119ki sportowym oponom i \u017celaznym piastom ta przyczepka rowerowa zapewni Ci stabilno\u015b\u0107 na ka\u017cdym terenie. Niezale\u017cnie od tego, czy jedziesz po asfalcie, czy po szlakach, pozostaniesz na w\u0142a\u015bciwej drodze.<\/div>\n<\/div>\n<div>\n<div>\u00a0<\/div>\n<div style=\"margin:8px 0px;margin-bottom:8px;margin-top:8px;margin-left:0px;margin-right:0px\"><img decoding=\"async\" style=\"width:100%\" width=\"100%\" src=\"https:\/\/d2qc09rl1gfuof.cloudfront.net\/product\/CGKZGHJG100BKKTQK\/cargo-trailer-a100-2.4.jpg\" slate-data-type=\"image\"\/><\/div>\n<div style=\"font-size:14px;text-align:center;color:rgb(34, 34, 34);margin:16px 0px 24px;margin-bottom:24px;margin-top:16px;margin-left:0px;margin-right:0px\" align=\"center\">Rozstawianie tego w\u00f3zka rowerowego jest dziecinnie proste dzi\u0119ki sk\u0142adanej ramie i systemowi szybkiego zwalniania. Kompaktowy i wygodny, idealny dla podr\u00f3\u017cnik\u00f3w w podr\u00f3\u017cy. Ponadto odblaskowe naklejki dodaj\u0105 odrobin\u0119 stylu, zapewniaj\u0105c jednocze\u015bnie bezpiecze\u0144stwo.<\/div>\n<\/div>\n<div>\n<div>\u00a0<\/div>\n<div style=\"margin:8px 0px;margin-bottom:8px;margin-top:8px;margin-left:0px;margin-right:0px\"><img decoding=\"async\" style=\"width:100%\" width=\"100%\" src=\"https:\/\/d2qc09rl1gfuof.cloudfront.net\/product\/CGKZGHJG100BKKTQK\/cargo-trailer-a100-2.5.jpg\" slate-data-type=\"image\"\/><\/div>\n<div style=\"font-size:14px;text-align:center;color:rgb(34, 34, 34);margin:16px 0px 24px;margin-bottom:24px;margin-top:16px;margin-left:0px;margin-right:0px\" align=\"center\">Niezale\u017cnie od tego, na jakim rowerze je\u017adzisz \u2013 cruiserze, g\u00f3rskim czy szosowym \u2013 ten w\u00f3zek rowerowy jest dla Ciebie. Idealny na wszystko, od zakup\u00f3w spo\u017cywczych po weekendowe wypady, to Tw\u00f3j towarzysz transportu.<\/div>\n<\/div>\n<div style=\"margin:16px 0px 24px;margin-bottom:24px;margin-top:16px;margin-left:0px;margin-right:0px\"><\/div>\n<div style=\"margin:24px 0px;margin-bottom:24px;margin-top:24px;margin-left:0px;margin-right:0px\">\n<div style=\"font-size:16px;font-weight:bold;color:rgb(34, 34, 34);margin:24px 0px 16px;margin-bottom:16px;margin-top:24px;margin-left:0px;margin-right:0px\">Funkcje i szczeg\u00f3\u0142y<\/div>\n<ul style=\"margin:16px 0px 24px;margin-bottom:24px;margin-top:16px;margin-left:0px;margin-right:0px\">\n<li style=\"font-size:14px;color:rgb(34, 34, 34)\">\n<p>Wysoka \u0142adowno\u015b\u0107 88 funt\u00f3w: Nasza przyczepa rowerowa to Tw\u00f3j najlepszy towarzysz podr\u00f3\u017cy, zapewniaj\u0105ca solidn\u0105 konstrukcj\u0119 i przestronn\u0105 konstrukcj\u0119, kt\u00f3ra mo\u017ce pomie\u015bci\u0107 do 88 funt\u00f3w \u0142adunku. Idealna na wszystkie Twoje przygody na \u015bwie\u017cym powietrzu, od wycieczek kempingowych po pikniki, to idealne rozwi\u0105zanie do przewo\u017cenia niezb\u0119dnych rzeczy, gdziekolwiek si\u0119 udasz.<\/p>\n<\/li>\n<li style=\"font-size:14px;color:rgb(34, 34, 34)\">\n<p>Materia\u0142 klasy przemys\u0142owej: Ta przyczepka rowerowa ma solidn\u0105 stalow\u0105 ram\u0119 z pow\u0142ok\u0105 odporn\u0105 na rdz\u0119, co zapewnia trwa\u0142o\u015b\u0107 i elegancki wygl\u0105d. Ponadto dzi\u0119ki pokrowcowi przeciwdeszczowemu z tkaniny Oxford 600D Tw\u00f3j sprz\u0119t pozostaje chroniony przed \u017cywio\u0142ami, deszczem i s\u0142o\u0144cem.<\/p>\n<\/li>\n<li style=\"font-size:14px;color:rgb(34, 34, 34)\">\n<p>Profesjonalna konstrukcja opon: P\u0142ynnie tocz si\u0119 po ka\u017cdej drodze! Nasza przyczepka rowerowa jest wyposa\u017cona w sportowe opony 16&quot; x 1,75&quot; i piasty \u017celazne, zapewniaj\u0105c doskona\u0142\u0105 stabilno\u015b\u0107 i przyczepno\u015b\u0107 na r\u00f3\u017cnych nawierzchniach, niezale\u017cnie od tego, czy jedziesz po betonie, po \u017cwirowych \u015bcie\u017ckach, czy pokonujesz piaszczyste szlaki.<\/p>\n<\/li>\n<li style=\"font-size:14px;color:rgb(34, 34, 34)\">\n<p>Ulepszona instalacja: \u0141atwa konfiguracja, zwi\u0119kszone bezpiecze\u0144stwo! Instalacja naszego w\u00f3zka rowerowego jest dziecinnie prosta dzi\u0119ki przyjaznej dla u\u017cytkownika konstrukcji i kompletnemu zestawowi narz\u0119dzi instalacyjnych. Ponadto wyr\u00f3\u017cnij si\u0119 na drodze dzi\u0119ki z\u0142otym odblaskom na szprychach, zapewniaj\u0105c widoczno\u015b\u0107 podczas nocnych przeja\u017cd\u017cek.<\/p>\n<\/li>\n<li style=\"font-size:14px;color:rgb(34, 34, 34)\">\n<p>Pasuje do wielu modeli rower\u00f3w: Kompatybilny z rowerami o rozmiarach od 24 do 28 cali, nasz w\u00f3zek rowerowy bezproblemowo mocuje si\u0119 do r\u00f3\u017cnych modeli rower\u00f3w, w tym rower\u00f3w rekreacyjnych, rower\u00f3w dzieci\u0119cych, rower\u00f3w g\u00f3rskich i rower\u00f3w szosowych. Idealny na zakupy, kemping i piknik. UWAGA: Nie nadaje si\u0119 dla zwierz\u0105t domowych ani dzieci.<\/p>\n<\/li>\n<\/ul>\n<\/div>\n<div>\n<div>\u00a0<\/div>\n<div>\n<div>\u00a0<\/div>\n<div style=\"margin:16px 0px 24px;margin-bottom:24px;margin-top:16px;margin-left:0px;margin-right:0px\"><img decoding=\"async\" style=\"width:100%\" width=\"100%\" src=\"https:\/\/d2qc09rl1gfuof.cloudfront.net\/product\/CGKZGHJG100BKKTQK\/cargo-trailer-a100-1.11.jpg\" slate-data-type=\"image\"\/><\/div>\n<\/div>\n<\/div>\n<\/div>\n<\/div>\n<\/div>\n<p><\/p>","protected":false},"excerpt":{"rendered":"<p>Hign-concerned Chemical:&nbsp;None Seat position:&nbsp;POST Material:&nbsp;Metal Age Range:&nbsp;3-6Y Origin:&nbsp;Mainland China Max Load Capacity:&nbsp;88 lbs\/40 kg Transport Box Size (Within the Framework):&nbsp;26.5 x 17.1 x 8 inches\/675 x 435 x 205 mm<\/p>","protected":false},"featured_media":25546,"comment_status":"open","ping_status":"closed","template":"","meta":{"_acf_changed":false},"product_brand":[],"product_cat":[523],"product_tag":[],"class_list":{"0":"post-25544","1":"product","2":"type-product","3":"status-publish","4":"has-post-thumbnail","6":"product_cat-bike-trailers-and-wagons","8":"first","9":"instock","10":"shipping-taxable","11":"purchasable","12":"product-type-variable"},"acf":[],"_links":{"self":[{"href":"https:\/\/www.electricstore.eu\/pl\/wp-json\/wp\/v2\/product\/25544","targetHints":{"allow":["GET"]}}],"collection":[{"href":"https:\/\/www.electricstore.eu\/pl\/wp-json\/wp\/v2\/product"}],"about":[{"href":"https:\/\/www.electricstore.eu\/pl\/wp-json\/wp\/v2\/types\/product"}],"replies":[{"embeddable":true,"href":"https:\/\/www.electricstore.eu\/pl\/wp-json\/wp\/v2\/comments?post=25544"}],"wp:featuredmedia":[{"embeddable":true,"href":"https:\/\/www.electricstore.eu\/pl\/wp-json\/wp\/v2\/media\/25546"}],"wp:attachment":[{"href":"https:\/\/www.electricstore.eu\/pl\/wp-json\/wp\/v2\/media?parent=25544"}],"wp:term":[{"taxonomy":"product_brand","embeddable":true,"href":"https:\/\/www.electricstore.eu\/pl\/wp-json\/wp\/v2\/product_brand?post=25544"},{"taxonomy":"product_cat","embeddable":true,"href":"https:\/\/www.electricstore.eu\/pl\/wp-json\/wp\/v2\/product_cat?post=25544"},{"taxonomy":"product_tag","embeddable":true,"href":"https:\/\/www.electricstore.eu\/pl\/wp-json\/wp\/v2\/product_tag?post=25544"}],"curies":[{"name":"wp","href":"https:\/\/api.w.org\/{rel}","templated":true}]}}