{"id":25526,"date":"2025-05-20T18:59:49","date_gmt":"2025-05-20T18:59:49","guid":{"rendered":"https:\/\/electricstore.eu\/p\/uncategorized\/vevor-2-pack-solid-pu-run-flat-tire-wheel-10-flat-free-tubeless-tires-and-wheels-for-dollies-garden-trailers-various-carts\/"},"modified":"2025-05-20T19:04:02","modified_gmt":"2025-05-20T19:04:02","slug":"vevor-2-pack-solid-pu-run-flat-tire-wheel-10-flat-free-tubeless-tires-and-wheels-for-dollies-garden-trailers-various-carts","status":"publish","type":"product","link":"https:\/\/www.electricstore.eu\/pl\/p\/p\/wheels\/vevor-2-pack-solid-pu-run-flat-tire-wheel-10-flat-free-tubeless-tires-and-wheels-for-dollies-garden-trailers-various-carts\/","title":{"rendered":"VEVOR 2-pak pe\u0142nych opon poliuretanowych Run-Flat 10\u2033 Opony bezd\u0119tkowe i ko\u0142a do w\u00f3zk\u00f3w, przyczep ogrodowych, r\u00f3\u017cnych w\u00f3zk\u00f3w"},"content":{"rendered":"<div class=\"product-specs-list-container\">\n<ul class=\"product-specs-list util-clearfix\">\n<li class=\"product-prop line-limit-length\"><span\n                                        class=\"property-title\">Substancja chemiczna budz\u0105ca du\u017ce obawy:&nbsp;<\/span><span\n                                        class=\"property-desc line-limit-length\">Nic<\/span>\n                            <\/li>\n<li class=\"product-prop line-limit-length\"><span\n                                        class=\"property-title\">Nazwa marki:&nbsp;<\/span><span\n                                        class=\"property-desc line-limit-length\">WI\u0118ZI\u0106<\/span>\n                            <\/li>\n<li class=\"product-prop line-limit-length\"><span\n                                        class=\"property-title\">Pochodzenie:&nbsp;<\/span><span\n                                        class=\"property-desc line-limit-length\">Chiny kontynentalne<\/span>\n                            <\/li>\n<li class=\"product-prop line-limit-length\"><span\n                                        class=\"property-title\">Typ:&nbsp;<\/span><span\n                                        class=\"property-desc line-limit-length\">Furniture Caster<\/span>\n                            <\/li>\n<li class=\"product-prop line-limit-length\"><span\n                                        class=\"property-title\">Marka:&nbsp;<\/span><span\n                                        class=\"property-desc line-limit-length\">WI\u0118ZI\u0106<\/span>\n                            <\/li>\n<li class=\"product-prop line-limit-length\"><span\n                                        class=\"property-title\">Typ:&nbsp;<\/span><span\n                                        class=\"property-desc line-limit-length\">Solid Wheels<\/span>\n                            <\/li>\n<li class=\"product-prop line-limit-length\"><span\n                                        class=\"property-title\">Wheel Material:&nbsp;<\/span><span\n                                        class=\"property-desc line-limit-length\">PU<\/span>\n                            <\/li>\n<li class=\"product-prop line-limit-length\"><span\n                                        class=\"property-title\">Wheel Diameter:&nbsp;<\/span><span\n                                        class=\"property-desc line-limit-length\">10&quot; \/ 254 mm<\/span>\n                            <\/li>\n<li class=\"product-prop line-limit-length\"><span\n                                        class=\"property-title\">Number of Wheels:&nbsp;<\/span><span\n                                        class=\"property-desc line-limit-length\">2<\/span>\n                            <\/li>\n<li class=\"product-prop line-limit-length\"><span\n                                        class=\"property-title\">Max Dynamic Load per Wheel:&nbsp;<\/span><span\n                                        class=\"property-desc line-limit-length\">180\/400 lbs<\/span>\n                            <\/li>\n<li class=\"product-prop line-limit-length\"><span\n                                        class=\"property-title\">Funkcja 1:&nbsp;<\/span><span\n                                        class=\"property-desc line-limit-length\">PU Run-Flat Tire Wheel<\/span>\n                            <\/li>\n<li class=\"product-prop line-limit-length\"><span\n                                        class=\"property-title\">Funkcja 2:&nbsp;<\/span><span\n                                        class=\"property-desc line-limit-length\">Flat Free Tubeless Tires<\/span>\n                            <\/li>\n<\/ul><\/div>\n<div class=\"detailmodule_dynamic\"><kse:widget data-widget-type=\"customText\" id=\"1005000000739365\" type=\"relation\"><\/kse:widget><\/div>\n<div class=\"detailmodule_html\">\n<div class=\"detail-desc-decorate-richtext\">\n<div><\/div>\n<div style=\"font-family:&quot;Open sans&quot;, Arial, Helvetica, sans-serif\">\n<div><img decoding=\"async\" style=\"width:100%\" width=\"100%\" src=\"https:\/\/d2qc09rl1gfuof.cloudfront.net\/vevor\/boutique-banner\/pc\/banner-en.jpg\" slate-data-type=\"image\"\/><\/div>\n<div>\n<div style=\"font-size:16px;font-weight:bold;text-align:center;color:rgb(34, 34, 34);margin:24px 0px;margin-bottom:24px;margin-top:24px;margin-left:0px;margin-right:0px\" align=\"center\">10&quot; Metal Hub Solid PU Wheels \u2013 The Ultimate Tool Vehicle Upgrade<\/div>\n<div><img decoding=\"async\" style=\"width:100%\" width=\"100%\" src=\"https:\/\/d2qc09rl1gfuof.cloudfront.net\/product\/FPLJAZPU400LBUE89\/solid-wheels-a100-1.4.jpg\" slate-data-type=\"image\"\/><\/div>\n<div style=\"font-size:14px;text-align:center;color:rgb(34, 34, 34);margin:16px 0px 24px;margin-bottom:24px;margin-top:16px;margin-left:0px;margin-right:0px\" align=\"center\">These solid wheels mean business, with a hefty 400 lbs dynamic load capacity and a rock-solid 450 lbs static limit. That&#x27;s like having a Hercules for your equipment!<\/div>\n<\/div>\n<div>\n<div style=\"margin:8px 0px;margin-bottom:8px;margin-top:8px;margin-left:0px;margin-right:0px\"><img decoding=\"async\" style=\"width:100%\" width=\"100%\" src=\"https:\/\/d2qc09rl1gfuof.cloudfront.net\/product\/FPLJAZPU400LBUE89\/solid-wheels-a100-2.2.jpg\" slate-data-type=\"image\"\/><\/div>\n<div style=\"font-size:14px;text-align:center;color:rgb(34, 34, 34);margin:16px 0px 24px;margin-bottom:24px;margin-top:16px;margin-left:0px;margin-right:0px\" align=\"center\">Our top-notch solid PU wheels sport a wide 3.2&quot; tread with a cool sawtooth design. Whether you&#x27;re mowing the lawn or tackling snowy slopes, slipping is not an option.<\/div>\n<\/div>\n<div>\n<div style=\"margin:8px 0px;margin-bottom:8px;margin-top:8px;margin-left:0px;margin-right:0px\"><img decoding=\"async\" style=\"width:100%\" width=\"100%\" src=\"https:\/\/d2qc09rl1gfuof.cloudfront.net\/product\/FPLJAZPU400LBUE89\/solid-wheels-a100-2.3.jpg\" slate-data-type=\"image\"\/><\/div>\n<div style=\"font-size:14px;text-align:center;color:rgb(34, 34, 34);margin:16px 0px 24px;margin-bottom:24px;margin-top:16px;margin-left:0px;margin-right:0px\" align=\"center\">Thanks to smart internal support, these solid PU tires keep their shape. Even after sitting on gravel or rough terrain, they won&#x27;t go flat or get all wonky.<\/div>\n<\/div>\n<div>\n<div style=\"margin:8px 0px;margin-bottom:8px;margin-top:8px;margin-left:0px;margin-right:0px\"><img decoding=\"async\" style=\"width:100%\" width=\"100%\" src=\"https:\/\/d2qc09rl1gfuof.cloudfront.net\/product\/FPLJAZPU400LBUE89\/solid-wheels-a100-2.4.jpg\" slate-data-type=\"image\"\/><\/div>\n<div style=\"font-size:14px;text-align:center;color:rgb(34, 34, 34);margin:16px 0px 24px;margin-bottom:24px;margin-top:16px;margin-left:0px;margin-right:0px\" align=\"center\">Installing these solid tire wheels is as easy as pie. Just pop on the flat washers and open-end pins \u2013 no rocket science involved!<\/div>\n<\/div>\n<div>\n<div style=\"margin:8px 0px;margin-bottom:8px;margin-top:8px;margin-left:0px;margin-right:0px\"><img decoding=\"async\" style=\"width:100%\" width=\"100%\" src=\"https:\/\/d2qc09rl1gfuof.cloudfront.net\/product\/FPLJAZPU400LBUE89\/solid-wheels-a100-2.5.jpg\" slate-data-type=\"image\"\/><\/div>\n<div style=\"font-size:14px;text-align:center;color:rgb(34, 34, 34);margin:16px 0px 24px;margin-bottom:24px;margin-top:16px;margin-left:0px;margin-right:0px\" align=\"center\">These 10&quot; run-flat tire wheels fit like a charm on yard tractors, wagons, wheelbarrows, portable generators, and lawnmowers. It&#x27;s like giving your gear a turbo boost!<\/div>\n<\/div>\n<div style=\"margin:24px 0px;margin-bottom:24px;margin-top:24px;margin-left:0px;margin-right:0px\">\n<div style=\"font-size:16px;font-weight:bold;color:rgb(34, 34, 34);margin:24px 0px 16px;margin-bottom:16px;margin-top:24px;margin-left:0px;margin-right:0px\">Funkcje i szczeg\u00f3\u0142y<\/div>\n<ul style=\"margin:16px 0px 24px;margin-bottom:24px;margin-top:16px;margin-left:0px;margin-right:0px\">\n<li style=\"font-size:14px;color:rgb(34, 34, 34)\">\n<p>180\/400 lbs 10&quot; PU Wheels: These solid PU wheels with sturdy metal hubs boast a whopping 400 lbs\/181.4 kg dynamic load and a static limit of 220lbs\/99.8kg\/450 lbs\/204.1 kg. Dual-sealed bearing shafts keep the surface smooth to prevent dust and water. This 2-pack set is perfect for replacing tires on heavy-duty towing and transport equipment.<\/p>\n<\/li>\n<li style=\"font-size:14px;color:rgb(34, 34, 34)\">\n<p>Ultimate Traction: Made from high-rebound PU material with extra-wide 3.2&quot;\/81 mm tires and deep tread patterns, these solid wheels grip like a pro. Say goodbye to slipping and sliding, even on those rough, unpredictable terrains. With the solid construction, you don&#x27;t have to worry about tire punctures or air leaks.<\/p>\n<\/li>\n<li style=\"font-size:14px;color:rgb(34, 34, 34)\">\n<p>No More Flattening Worries: Thanks to the added internal support component, these solid PU tires won&#x27;t go flat and are difficult to recover from prolonged use. They are also less prone to developing annoying flat spots on bumpy terrain. They bounce right back!<\/p>\n<\/li>\n<li style=\"font-size:14px;color:rgb(34, 34, 34)\">\n<p>Easy-Peasy Installation: Installing these solid run-flat tire wheels is a breeze! Just install the flat washers and open-end pins on both sides of the axle, tighten them, and you&#x27;re good to go. Replacing worn-out tires has never been this simple.<\/p>\n<\/li>\n<li style=\"font-size:14px;color:rgb(34, 34, 34)\">\n<p>Versatile Compatibility: These 10&quot; tubeless solid tire wheels fit perfectly on yard tractors, wagons, wheelbarrows, portable generators, hand trucks, dollies, trolleys, lawnmowers, and more! It&#x27;s like giving your equipment an instant upgrade!<\/p>\n<\/li>\n<\/ul>\n<\/div>\n<div>\n<div>\n<div style=\"margin:16px 0px 24px;margin-bottom:24px;margin-top:16px;margin-left:0px;margin-right:0px\"><strong>400 lbs<\/strong><\/div>\n<div style=\"margin:16px 0px 24px;margin-bottom:24px;margin-top:16px;margin-left:0px;margin-right:0px\"><img decoding=\"async\" style=\"width:100%\" width=\"100%\" src=\"https:\/\/d2qc09rl1gfuof.cloudfront.net\/product\/FPLJAZPU400LBUE89\/solid-wheels-a100-1.11.jpg\" slate-data-type=\"image\"\/><\/div>\n<\/div>\n<\/div>\n<div>\n<div>\n<div style=\"margin:16px 0px 24px;margin-bottom:24px;margin-top:16px;margin-left:0px;margin-right:0px\"><strong>180 lbs<\/strong><\/div>\n<div style=\"margin:16px 0px 24px;margin-bottom:24px;margin-top:16px;margin-left:0px;margin-right:0px\"><img decoding=\"async\" style=\"width:100%\" width=\"100%\" src=\"https:\/\/d2qc09rl1gfuof.cloudfront.net\/product\/FPLJAZPU180LBKDVK\/solid-wheels-a100-1.11.jpg\" slate-data-type=\"image\"\/><\/div>\n<\/div>\n<\/div>\n<\/div>\n<div><\/div>\n<\/div>\n<\/div>\n<div class=\"detailmodule_dynamic\"><kse:widget data-widget-type=\"customText\" id=\"1005000000397265\" type=\"custom\"><\/kse:widget><\/div>\n<p><\/p>","protected":false},"excerpt":{"rendered":"<p>Hign-concerned Chemical:&nbsp;None Brand Name:&nbsp;VEVOR Origin:&nbsp;Mainland China Type:&nbsp;Furniture Caster Brand:&nbsp;VEVOR Type:&nbsp;Solid Wheels Wheel Material:&nbsp;PU Wheel Diameter:&nbsp;10&quot; \/ 254 mm Number of Wheels:&nbsp;2 Max Dynamic Load per Wheel:&nbsp;180\/400 lbs Feature 1:&nbsp;PU Run-Flat<\/p>","protected":false},"featured_media":25527,"comment_status":"open","ping_status":"closed","template":"","meta":{"_acf_changed":false},"product_brand":[],"product_cat":[524],"product_tag":[],"class_list":{"0":"post-25526","1":"product","2":"type-product","3":"status-publish","4":"has-post-thumbnail","6":"product_cat-wheels","8":"first","9":"instock","10":"shipping-taxable","11":"purchasable","12":"product-type-variable"},"acf":[],"_links":{"self":[{"href":"https:\/\/www.electricstore.eu\/pl\/wp-json\/wp\/v2\/product\/25526","targetHints":{"allow":["GET"]}}],"collection":[{"href":"https:\/\/www.electricstore.eu\/pl\/wp-json\/wp\/v2\/product"}],"about":[{"href":"https:\/\/www.electricstore.eu\/pl\/wp-json\/wp\/v2\/types\/product"}],"replies":[{"embeddable":true,"href":"https:\/\/www.electricstore.eu\/pl\/wp-json\/wp\/v2\/comments?post=25526"}],"wp:featuredmedia":[{"embeddable":true,"href":"https:\/\/www.electricstore.eu\/pl\/wp-json\/wp\/v2\/media\/25527"}],"wp:attachment":[{"href":"https:\/\/www.electricstore.eu\/pl\/wp-json\/wp\/v2\/media?parent=25526"}],"wp:term":[{"taxonomy":"product_brand","embeddable":true,"href":"https:\/\/www.electricstore.eu\/pl\/wp-json\/wp\/v2\/product_brand?post=25526"},{"taxonomy":"product_cat","embeddable":true,"href":"https:\/\/www.electricstore.eu\/pl\/wp-json\/wp\/v2\/product_cat?post=25526"},{"taxonomy":"product_tag","embeddable":true,"href":"https:\/\/www.electricstore.eu\/pl\/wp-json\/wp\/v2\/product_tag?post=25526"}],"curies":[{"name":"wp","href":"https:\/\/api.w.org\/{rel}","templated":true}]}}