{"id":25515,"date":"2025-05-20T18:59:45","date_gmt":"2025-05-20T18:59:45","guid":{"rendered":"https:\/\/electricstore.eu\/p\/uncategorized\/vevor-160-lbs-bike-cargo-trailer-foldable-storage-bicycle-wagon-cart-with-16-wheels-safe-reflectors-fits-22-28-bike-wheels\/"},"modified":"2025-05-20T19:03:40","modified_gmt":"2025-05-20T19:03:40","slug":"vevor-160-lbs-bike-cargo-trailer-foldable-storage-bicycle-wagon-cart-with-16-wheels-safe-reflectors-fits-22-28-bike-wheels","status":"publish","type":"product","link":"https:\/\/www.electricstore.eu\/pl\/p\/o\/bike-trailers-and-wagons\/vevor-160-lbs-bike-cargo-trailer-foldable-storage-bicycle-wagon-cart-with-16-wheels-safe-reflectors-fits-22-28-bike-wheels\/","title":{"rendered":"Przyczepa rowerowa VEVOR 160 funt\u00f3w, sk\u0142adana, w\u00f3zek rowerowy z ko\u0142ami 16\u2033, bezpieczne odblaski, pasuje do k\u00f3\u0142 rowerowych o \u015brednicy 22\u2033-28\u2033"},"content":{"rendered":"<div class=\"product-specs-list-container\">\n<ul class=\"product-specs-list util-clearfix\">\n<li class=\"product-prop line-limit-length\"><span\n                                        class=\"property-title\">Substancja chemiczna budz\u0105ca du\u017ce obawy:&nbsp;<\/span><span\n                                        class=\"property-desc line-limit-length\">Nic<\/span>\n                            <\/li>\n<li class=\"product-prop line-limit-length\"><span\n                                        class=\"property-title\">Pozycja siedz\u0105ca:&nbsp;<\/span><span\n                                        class=\"property-desc line-limit-length\">POST<\/span>\n                            <\/li>\n<li class=\"product-prop line-limit-length\"><span\n                                        class=\"property-title\">Tworzywo:&nbsp;<\/span><span\n                                        class=\"property-desc line-limit-length\">Metal<\/span>\n                            <\/li>\n<li class=\"product-prop line-limit-length\"><span\n                                        class=\"property-title\">Przedzia\u0142 wiekowy:&nbsp;<\/span><span\n                                        class=\"property-desc line-limit-length\">3-6 lat<\/span>\n                            <\/li>\n<li class=\"product-prop line-limit-length\"><span\n                                        class=\"property-title\">Pochodzenie:&nbsp;<\/span><span\n                                        class=\"property-desc line-limit-length\">Chiny kontynentalne<\/span>\n                            <\/li>\n<\/ul><\/div>\n<div class=\"detailmodule_html\">\n<div class=\"detail-desc-decorate-richtext\">\n<div style=\"font-family:&quot;Open sans&quot;, Arial, Helvetica, sans-serif\">\n<div><img decoding=\"async\" style=\"width:100%\" width=\"100%\" src=\"https:\/\/d2qc09rl1gfuof.cloudfront.net\/vevor\/boutique-banner\/pc\/banner-en.jpg\" slate-data-type=\"image\"\/><\/div>\n<div>\n<div style=\"font-size:16px;font-weight:bold;text-align:center;color:rgb(34, 34, 34);margin:24px 0px;margin-bottom:24px;margin-top:24px;margin-left:0px;margin-right:0px\" align=\"center\">Przewie\u017a wi\u0119cej, jed\u017a dalej z przyczepk\u0105 rowerow\u0105 VEVOR<\/div>\n<div><img decoding=\"async\" style=\"width:100%\" width=\"100%\" src=\"https:\/\/d2qc09rl1gfuof.cloudfront.net\/product\/CGKHZHJG200B5HWMP\/cargo-trailer-a100-1.4.jpg\" slate-data-type=\"image\"\/><\/div>\n<div style=\"font-size:14px;text-align:center;color:rgb(34, 34, 34);margin:16px 0px 24px;margin-bottom:24px;margin-top:16px;margin-left:0px;margin-right:0px\" align=\"center\">Ta przyczepka rowerowa to idealny transport sprz\u0119tu, wytrzymuj\u0105c ci\u0119\u017car do 72 kg. Pomie\u015bci wszystko, czego potrzebujesz \u2013 od niezb\u0119dnych rzeczy kempingowych po codzienne potrzeby. Dodatkowo, pasuje do rower\u00f3w z ko\u0142ami o \u015brednicy od 22 do 28 cali, dzi\u0119ki czemu sprawdzi si\u0119 w ka\u017cdej podr\u00f3\u017cy.<\/div>\n<\/div>\n<div>\n<div style=\"margin:8px 0px;margin-bottom:8px;margin-top:8px;margin-left:0px;margin-right:0px\"><img decoding=\"async\" style=\"width:100%\" width=\"100%\" src=\"https:\/\/d2qc09rl1gfuof.cloudfront.net\/product\/CGKHZHJG200B5HWMP\/cargo-trailer-a100-2.2.jpg\" slate-data-type=\"image\"\/><\/div>\n<div style=\"font-size:14px;text-align:center;color:rgb(34, 34, 34);margin:16px 0px 24px;margin-bottom:24px;margin-top:16px;margin-left:0px;margin-right:0px\" align=\"center\">Wykonana z przemys\u0142owej stali w\u0119glowej, ta przyczepka rowerowa jest lekka i wytrzyma\u0142a. Dzi\u0119ki malowanej proszkowo powierzchni nie musisz si\u0119 martwi\u0107 rdz\u0105. Gotowa na ka\u017cd\u0105 przygod\u0119, niezale\u017cnie od pogody!<\/div>\n<\/div>\n<div>\n<div style=\"margin:8px 0px;margin-bottom:8px;margin-top:8px;margin-left:0px;margin-right:0px\"><img decoding=\"async\" style=\"width:100%\" width=\"100%\" src=\"https:\/\/d2qc09rl1gfuof.cloudfront.net\/product\/CGKHZHJG200B5HWMP\/cargo-trailer-a100-2.3.jpg\" slate-data-type=\"image\"\/><\/div>\n<div style=\"font-size:14px;text-align:center;color:rgb(34, 34, 34);margin:16px 0px 24px;margin-bottom:24px;margin-top:16px;margin-left:0px;margin-right:0px\" align=\"center\">Dzi\u0119ki sportowym oponom i \u017celaznym piastom ta przyczepka rowerowa zapewni Ci stabilno\u015b\u0107 na ka\u017cdym terenie. Niezale\u017cnie od tego, czy jedziesz po asfalcie, czy po szlakach, pozostaniesz na w\u0142a\u015bciwej drodze.<\/div>\n<\/div>\n<div>\n<div style=\"margin:8px 0px;margin-bottom:8px;margin-top:8px;margin-left:0px;margin-right:0px\"><img decoding=\"async\" style=\"width:100%\" width=\"100%\" src=\"https:\/\/d2qc09rl1gfuof.cloudfront.net\/product\/CGKHZHJG200B5HWMP\/cargo-trailer-a100-2.4.jpg\" slate-data-type=\"image\"\/><\/div>\n<div style=\"font-size:14px;text-align:center;color:rgb(34, 34, 34);margin:16px 0px 24px;margin-bottom:24px;margin-top:16px;margin-left:0px;margin-right:0px\" align=\"center\">Rozstawianie tego w\u00f3zka rowerowego jest dziecinnie proste dzi\u0119ki sk\u0142adanej ramie i systemowi szybkiego zwalniania. Kompaktowy i wygodny, idealny dla podr\u00f3\u017cnik\u00f3w w podr\u00f3\u017cy. Ponadto odblaskowe naklejki dodaj\u0105 odrobin\u0119 stylu, zapewniaj\u0105c jednocze\u015bnie bezpiecze\u0144stwo.<\/div>\n<\/div>\n<div>\n<div style=\"margin:8px 0px;margin-bottom:8px;margin-top:8px;margin-left:0px;margin-right:0px\"><img decoding=\"async\" style=\"width:100%\" width=\"100%\" src=\"https:\/\/d2qc09rl1gfuof.cloudfront.net\/product\/CGKHZHJG200B5HWMP\/cargo-trailer-a100-2.5.jpg\" slate-data-type=\"image\"\/><\/div>\n<div style=\"font-size:14px;text-align:center;color:rgb(34, 34, 34);margin:16px 0px 24px;margin-bottom:24px;margin-top:16px;margin-left:0px;margin-right:0px\" align=\"center\">Niezale\u017cnie od tego, na jakim rowerze je\u017adzisz \u2013 cruiserze, g\u00f3rskim czy szosowym \u2013 ten w\u00f3zek rowerowy jest dla Ciebie. Idealny na wszystko, od zakup\u00f3w spo\u017cywczych po weekendowe wypady, to Tw\u00f3j towarzysz transportu.<\/div>\n<\/div>\n<div style=\"margin:16px 0px 24px;margin-bottom:24px;margin-top:16px;margin-left:0px;margin-right:0px\"><\/div>\n<div style=\"margin:24px 0px;margin-bottom:24px;margin-top:24px;margin-left:0px;margin-right:0px\">\n<div style=\"font-size:16px;font-weight:bold;color:rgb(34, 34, 34);margin:24px 0px 16px;margin-bottom:16px;margin-top:24px;margin-left:0px;margin-right:0px\">Funkcje i szczeg\u00f3\u0142y<\/div>\n<ul style=\"margin:16px 0px 24px;margin-bottom:24px;margin-top:16px;margin-left:0px;margin-right:0px\">\n<li style=\"font-size:14px;color:rgb(34, 34, 34)\">\n<p>Wysoka \u0142adowno\u015b\u0107 72 kg: Nasza przyczepka rowerowa to Tw\u00f3j idealny towarzysz podr\u00f3\u017cy, oferuj\u0105c solidn\u0105 konstrukcj\u0119 i przestronn\u0105 konstrukcj\u0119, kt\u00f3ra pomie\u015bci \u0142adunek o wadze do 72 kg. Idealna na wszystkie Twoje przygody na \u015bwie\u017cym powietrzu, od kemping\u00f3w po pikniki, to idealne rozwi\u0105zanie do przewo\u017cenia niezb\u0119dnych rzeczy, gdziekolwiek si\u0119 udasz.<\/p>\n<\/li>\n<li style=\"font-size:14px;color:rgb(34, 34, 34)\">\n<p>Materia\u0142 klasy przemys\u0142owej: Wykonana z materia\u0142\u00f3w klasy przemys\u0142owej przyczepka rowerowa charakteryzuje si\u0119 solidn\u0105 stalow\u0105 ram\u0105 z pow\u0142ok\u0105 proszkow\u0105 odporn\u0105 na rdz\u0119. Taka konstrukcja gwarantuje d\u0142ugotrwa\u0142\u0105 czysto\u015b\u0107 i elegancki wygl\u0105d, a jednocze\u015bnie gwarantuje stabilno\u015b\u0107 i trwa\u0142o\u015b\u0107 konstrukcji.<\/p>\n<\/li>\n<li style=\"font-size:14px;color:rgb(34, 34, 34)\">\n<p>Profesjonalna konstrukcja opon: P\u0142ynnie tocz si\u0119 po ka\u017cdej drodze! Nasza przyczepka rowerowa jest wyposa\u017cona w sportowe opony 16&quot; x 1,75&quot; i piasty \u017celazne, zapewniaj\u0105c doskona\u0142\u0105 stabilno\u015b\u0107 i przyczepno\u015b\u0107 na r\u00f3\u017cnych nawierzchniach, niezale\u017cnie od tego, czy jedziesz po betonie, po \u017cwirowych \u015bcie\u017ckach, czy pokonujesz piaszczyste szlaki.<\/p>\n<\/li>\n<li style=\"font-size:14px;color:rgb(34, 34, 34)\">\n<p>Ulepszona instalacja: \u0141atwa konfiguracja, zwi\u0119kszone bezpiecze\u0144stwo! Instalacja naszego w\u00f3zka rowerowego jest dziecinnie prosta dzi\u0119ki przyjaznej dla u\u017cytkownika konstrukcji i kompletnemu zestawowi narz\u0119dzi instalacyjnych. Ponadto wyr\u00f3\u017cnij si\u0119 na drodze dzi\u0119ki z\u0142otym odblaskom na szprychach, zapewniaj\u0105c widoczno\u015b\u0107 podczas nocnych przeja\u017cd\u017cek.<\/p>\n<\/li>\n<li style=\"font-size:14px;color:rgb(34, 34, 34)\">\n<p>Pasuje do wielu modeli rower\u00f3w: Kompatybilny z rowerami o przek\u0105tnej od 22 do 28 cali, nasz w\u00f3zek rowerowy bezproblemowo mocuje si\u0119 do r\u00f3\u017cnych modeli rower\u00f3w, w tym rower\u00f3w rekreacyjnych, dzieci\u0119cych, g\u00f3rskich i szosowych. Idealny na zakupy, kemping i piknik. UWAGA: Nie nadaje si\u0119 dla zwierz\u0105t domowych ani dzieci.<\/p>\n<\/li>\n<\/ul>\n<\/div>\n<div>\n<div>\n<div style=\"margin:16px 0px 24px;margin-bottom:24px;margin-top:16px;margin-left:0px;margin-right:0px\"><img decoding=\"async\" style=\"width:100%\" width=\"100%\" src=\"https:\/\/d2qc09rl1gfuof.cloudfront.net\/product\/CGKHZHJG200B5HWMP\/cargo-trailer-a100-1.11.jpg\" slate-data-type=\"image\"\/><\/div>\n<\/div>\n<\/div>\n<\/div>\n<\/div>\n<\/div>\n<p><\/p>","protected":false},"excerpt":{"rendered":"<p>Hign-concerned Chemical:&nbsp;None Seat position:&nbsp;POST Material:&nbsp;Metal Age Range:&nbsp;3-6Y Origin:&nbsp;Mainland China Carry More, Ride Farther with VEVOR Bike Cargo Trailer This bike cargo trailer is your ultimate gear hauler, supporting up to<\/p>","protected":false},"featured_media":25516,"comment_status":"open","ping_status":"closed","template":"","meta":{"_acf_changed":false},"product_brand":[],"product_cat":[523],"product_tag":[],"class_list":{"0":"post-25515","1":"product","2":"type-product","3":"status-publish","4":"has-post-thumbnail","6":"product_cat-bike-trailers-and-wagons","8":"first","9":"instock","10":"shipping-taxable","11":"purchasable","12":"product-type-variable"},"acf":[],"_links":{"self":[{"href":"https:\/\/www.electricstore.eu\/pl\/wp-json\/wp\/v2\/product\/25515","targetHints":{"allow":["GET"]}}],"collection":[{"href":"https:\/\/www.electricstore.eu\/pl\/wp-json\/wp\/v2\/product"}],"about":[{"href":"https:\/\/www.electricstore.eu\/pl\/wp-json\/wp\/v2\/types\/product"}],"replies":[{"embeddable":true,"href":"https:\/\/www.electricstore.eu\/pl\/wp-json\/wp\/v2\/comments?post=25515"}],"wp:featuredmedia":[{"embeddable":true,"href":"https:\/\/www.electricstore.eu\/pl\/wp-json\/wp\/v2\/media\/25516"}],"wp:attachment":[{"href":"https:\/\/www.electricstore.eu\/pl\/wp-json\/wp\/v2\/media?parent=25515"}],"wp:term":[{"taxonomy":"product_brand","embeddable":true,"href":"https:\/\/www.electricstore.eu\/pl\/wp-json\/wp\/v2\/product_brand?post=25515"},{"taxonomy":"product_cat","embeddable":true,"href":"https:\/\/www.electricstore.eu\/pl\/wp-json\/wp\/v2\/product_cat?post=25515"},{"taxonomy":"product_tag","embeddable":true,"href":"https:\/\/www.electricstore.eu\/pl\/wp-json\/wp\/v2\/product_tag?post=25515"}],"curies":[{"name":"wp","href":"https:\/\/api.w.org\/{rel}","templated":true}]}}