{"id":25434,"date":"2025-05-20T18:59:19","date_gmt":"2025-05-20T18:59:19","guid":{"rendered":"https:\/\/electricstore.eu\/p\/uncategorized\/vevor-2-4g-remote-control-excavator-dump-truck-3-in-1-rc-model-car-digger-toy-with-light-sound-construction-vehicle-for-kid\/"},"modified":"2025-05-20T19:02:13","modified_gmt":"2025-05-20T19:02:13","slug":"vevor-2-4g-remote-control-excavator-dump-truck-3-in-1-rc-model-car-digger-toy-with-light-sound-construction-vehicle-for-kid","status":"publish","type":"product","link":"https:\/\/www.electricstore.eu\/pl\/p\/rc\/rc-cars\/vevor-2-4g-remote-control-excavator-dump-truck-3-in-1-rc-model-car-digger-toy-with-light-sound-construction-vehicle-for-kid\/","title":{"rendered":"VEVOR 2.4G Zdalnie sterowana koparka wywrotka 3 w 1 RC Model samochodu koparka zabawka ze \u015bwiat\u0142em i d\u017awi\u0119kiem pojazd budowlany dla dzieci"},"content":{"rendered":"<div class=\"product-specs-list-container\">\n<ul class=\"product-specs-list util-clearfix\">\n<li class=\"product-prop line-limit-length\"><span\n                                        class=\"property-title\">Substancja chemiczna budz\u0105ca du\u017ce obawy:&nbsp;<\/span><span\n                                        class=\"property-desc line-limit-length\">Nic<\/span>\n                            <\/li>\n<li class=\"product-prop line-limit-length\"><span\n                                        class=\"property-title\">Czy jest elektryczny:&nbsp;<\/span><span\n                                        class=\"property-desc line-limit-length\">Brak baterii<\/span>\n                            <\/li>\n<li class=\"product-prop line-limit-length\"><span\n                                        class=\"property-title\">Kod kreskowy:&nbsp;<\/span><span\n                                        class=\"property-desc line-limit-length\">NIE<\/span>\n                            <\/li>\n<li class=\"product-prop line-limit-length\"><span\n                                        class=\"property-title\">Stan Zgromadzenia:&nbsp;<\/span><span\n                                        class=\"property-desc line-limit-length\">Gotowy do u\u017cycia<\/span>\n                            <\/li>\n<li class=\"product-prop line-limit-length\"><span\n                                        class=\"property-title\">Czas lotu:&nbsp;<\/span><span\n                                        class=\"property-desc line-limit-length\">40 minut<\/span>\n                            <\/li>\n<li class=\"product-prop line-limit-length\"><span\n                                        class=\"property-title\">Odleg\u0142o\u015b\u0107 zdalna:&nbsp;<\/span><span\n                                        class=\"property-desc line-limit-length\">Powy\u017cej 25 m<\/span>\n                            <\/li>\n<li class=\"product-prop line-limit-length\"><span\n                                        class=\"property-title\">Skala:&nbsp;<\/span><span\n                                        class=\"property-desc line-limit-length\">1:14<\/span>\n                            <\/li>\n<li class=\"product-prop line-limit-length\"><span\n                                        class=\"property-title\">Wymiary:&nbsp;<\/span><span\n                                        class=\"property-desc line-limit-length\">23 x 6,7 x 8 cali \/ 585 x 170 x 200 mm<\/span>\n                            <\/li>\n<li class=\"product-prop line-limit-length\"><span\n                                        class=\"property-title\">Numer modelu:&nbsp;<\/span><span\n                                        class=\"property-desc line-limit-length\">1535-1<\/span>\n                            <\/li>\n<li class=\"product-prop line-limit-length\"><span\n                                        class=\"property-title\">Zawarto\u015b\u0107 pakietu:&nbsp;<\/span><span\n                                        class=\"property-desc line-limit-length\">Pilot zdalnego sterowania<\/span>\n                            <\/li>\n<li class=\"product-prop line-limit-length\"><span\n                                        class=\"property-title\">Kana\u0142y sterowania:&nbsp;<\/span><span\n                                        class=\"property-desc line-limit-length\">12 kana\u0142\u00f3w i wi\u0119cej<\/span>\n                            <\/li>\n<li class=\"product-prop line-limit-length\"><span\n                                        class=\"property-title\">Napi\u0119cie \u0142adowania:&nbsp;<\/span><span\n                                        class=\"property-desc line-limit-length\">5V2A<\/span>\n                            <\/li>\n<li class=\"product-prop line-limit-length\"><span\n                                        class=\"property-title\">Zdalne sterowanie:&nbsp;<\/span><span\n                                        class=\"property-desc line-limit-length\">Tak<\/span>\n                            <\/li>\n<li class=\"product-prop line-limit-length\"><span\n                                        class=\"property-title\">Tworzywo:&nbsp;<\/span><span\n                                        class=\"property-desc line-limit-length\">Plastikowy<\/span>\n                            <\/li>\n<li class=\"product-prop line-limit-length\"><span\n                                        class=\"property-title\">Zalecany wiek:&nbsp;<\/span><span\n                                        class=\"property-desc line-limit-length\">6-12 lat<\/span>\n                            <\/li>\n<li class=\"product-prop line-limit-length\"><span\n                                        class=\"property-title\">Pochodzenie:&nbsp;<\/span><span\n                                        class=\"property-desc line-limit-length\">Chiny kontynentalne<\/span>\n                            <\/li>\n<li class=\"product-prop line-limit-length\"><span\n                                        class=\"property-title\">Typ:&nbsp;<\/span><span\n                                        class=\"property-desc line-limit-length\">Samoch\u00f3d<\/span>\n                            <\/li>\n<li class=\"product-prop line-limit-length\"><span\n                                        class=\"property-title\">Cechy:&nbsp;<\/span><span\n                                        class=\"property-desc line-limit-length\">ZDALNE STEROWANIE<\/span>\n                            <\/li>\n<\/ul><\/div>\n<div class=\"detailmodule_html\">\n<div class=\"detail-desc-decorate-richtext\">\n<div style=\"font-family:&quot;Open sans&quot;, Arial, Helvetica, sans-serif\">\n<div><img decoding=\"async\" style=\"width:100%\" width=\"100%\" src=\"https:\/\/d2qc09rl1gfuof.cloudfront.net\/vevor\/boutique-banner\/pc\/banner-en.jpg\" slate-data-type=\"image\"\/><\/div>\n<div>\n<div style=\"font-size:16px;font-weight:bold;text-align:center;color:rgb(34, 34, 34);margin:24px 0px;margin-bottom:24px;margin-top:24px;margin-left:0px;margin-right:0px\" align=\"center\">Realistyczna koparka zdalnie sterowana<\/div>\n<div><img decoding=\"async\" style=\"width:100%\" width=\"100%\" src=\"https:\/\/d2qc09rl1gfuof.cloudfront.net\/product\/PTKWJJ3HYGN1OF8VS\/remote-control-excavator-a100-1.4-pt.jpg\" slate-data-type=\"image\"\/><\/div>\n<div style=\"font-size:14px;text-align:center;color:rgb(34, 34, 34);margin:16px 0px 24px;margin-bottom:24px;margin-top:16px;margin-left:0px;margin-right:0px\" align=\"center\">Zdalnie sterowana koparka w skali 1:14 wyposa\u017cona jest w \u0142y\u017ck\u0119 i kilof ze stopu aluminium, co zapewnia niezwykle realistyczne, metalowe wra\u017cenie i pozwala w pe\u0142ni zanurzy\u0107 si\u0119 w \u015bwiecie budowy.<\/div>\n<\/div>\n<div>\n<div style=\"margin:8px 0px;margin-bottom:8px;margin-top:8px;margin-left:0px;margin-right:0px\"><img decoding=\"async\" style=\"width:100%\" width=\"100%\" src=\"https:\/\/d2qc09rl1gfuof.cloudfront.net\/product\/PTKWJJ3HYGN1OF8VS\/remote-control-excavator-a100-2.2-pt.jpg\" slate-data-type=\"image\"\/><\/div>\n<div style=\"font-size:14px;text-align:center;color:rgb(34, 34, 34);margin:16px 0px 24px;margin-bottom:24px;margin-top:16px;margin-left:0px;margin-right:0px\" align=\"center\">Nasza koparka zdalnie sterowana jest wyposa\u017cona w \u0142y\u017ck\u0119, kilof i pazur, z kt\u00f3rych ka\u017cdy ma niezale\u017cne sterowanie. Symuluje ruchy takie jak kopanie, przesuwanie i pchanie, zapewniaj\u0105c dzieciom wra\u017cenia z prawdziwej koparki, a jednocze\u015bnie anga\u017cuj\u0105c je i pobudzaj\u0105c ich kreatywno\u015b\u0107.<\/div>\n<\/div>\n<div>\n<div style=\"margin:8px 0px;margin-bottom:8px;margin-top:8px;margin-left:0px;margin-right:0px\"><img decoding=\"async\" style=\"width:100%\" width=\"100%\" src=\"https:\/\/d2qc09rl1gfuof.cloudfront.net\/product\/PTKWJJ3HYGN1OF8VS\/remote-control-excavator-a100-2.3-pt.jpg\" slate-data-type=\"image\"\/><\/div>\n<div style=\"font-size:14px;text-align:center;color:rgb(34, 34, 34);margin:16px 0px 24px;margin-bottom:24px;margin-top:16px;margin-left:0px;margin-right:0px\" align=\"center\">Zdalnie sterowana koparka jest wyposa\u017cona w nadajnik 2,4 GHz, kt\u00f3ry umo\u017cliwia p\u0142ynn\u0105 nawigacj\u0119 w promieniu 82 st\u00f3p i jest zabezpieczony przed zak\u0142\u00f3ceniami, dzi\u0119ki czemu wielu graczy mo\u017ce cieszy\u0107 si\u0119 zabaw\u0105 bez \u017cadnych zak\u0142\u00f3ce\u0144.<\/div>\n<\/div>\n<div>\n<div style=\"margin:8px 0px;margin-bottom:8px;margin-top:8px;margin-left:0px;margin-right:0px\"><img decoding=\"async\" style=\"width:100%\" width=\"100%\" src=\"https:\/\/d2qc09rl1gfuof.cloudfront.net\/product\/PTKWJJ3HYGN1OF8VS\/remote-control-excavator-a100-2.4-pt.jpg\" slate-data-type=\"image\"\/><\/div>\n<div style=\"font-size:14px;text-align:center;color:rgb(34, 34, 34);margin:16px 0px 24px;margin-bottom:24px;margin-top:16px;margin-left:0px;margin-right:0px\" align=\"center\">Grube, gumowe g\u0105sienice zapewniaj\u0105 trwa\u0142o\u015b\u0107 i odporno\u015b\u0107 na zu\u017cycie. Koparka zdalnie sterowana dla dzieci radzi sobie z trudnym terenem, takim jak trawa, piasek i \u017cwir, zach\u0119caj\u0105c do zabawy i eksploracji na \u015bwie\u017cym powietrzu.<\/div>\n<\/div>\n<div>\n<div style=\"margin:8px 0px;margin-bottom:8px;margin-top:8px;margin-left:0px;margin-right:0px\"><img decoding=\"async\" style=\"width:100%\" width=\"100%\" src=\"https:\/\/d2qc09rl1gfuof.cloudfront.net\/product\/PTKWJJ3HYGN1OF8VS\/remote-control-excavator-a100-2.5-pt.jpg\" slate-data-type=\"image\"\/><\/div>\n<div style=\"font-size:14px;text-align:center;color:rgb(34, 34, 34);margin:16px 0px 24px;margin-bottom:24px;margin-top:16px;margin-left:0px;margin-right:0px\" align=\"center\">Dwa akumulatory o pojemno\u015bci 500 mAh zapewniaj\u0105 80 minut zabawy, a ich \u0142atwa wymiana pozwala na d\u0142u\u017csz\u0105 zabaw\u0119 na \u015bwie\u017cym powietrzu. Dzi\u0119ki temu zdalnie sterowana koparka mo\u017ce dzia\u0142a\u0107 jeszcze wydajniej, zapewniaj\u0105c jeszcze wi\u0119ksz\u0105 rado\u015b\u0107. Akumulatory s\u0105 bezpieczne, trwa\u0142e i mo\u017cna je \u0142adowa\u0107, co zapewnia d\u0142u\u017csze u\u017cytkowanie.<\/div>\n<\/div>\n<div style=\"margin:16px 0px 24px;margin-bottom:24px;margin-top:16px;margin-left:0px;margin-right:0px\"><\/div>\n<div style=\"margin:24px 0px;margin-bottom:24px;margin-top:24px;margin-left:0px;margin-right:0px\">\n<div style=\"font-size:16px;font-weight:bold;color:rgb(34, 34, 34);margin:24px 0px 16px;margin-bottom:16px;margin-top:24px;margin-left:0px;margin-right:0px\">Funkcje i szczeg\u00f3\u0142y<\/div>\n<ul style=\"margin:16px 0px 24px;margin-bottom:24px;margin-top:16px;margin-left:0px;margin-right:0px\">\n<li style=\"font-size:14px;color:rgb(34, 34, 34)\">\n<p>Realistyczny design: Zdalnie sterowana koparka zosta\u0142a zaprojektowana na podstawie prawdziwej koparki i wykonana w skali 1:14. Wyposa\u017cona jest w metalow\u0105 \u0142y\u017ck\u0119, metalowy kilof i pazur \u2014 dzi\u0119ki czemu wygl\u0105da niezwykle realistycznie i sprawia wra\u017cenie w pe\u0142ni metalowej.<\/p>\n<\/li>\n<li style=\"font-size:14px;color:rgb(34, 34, 34)\">\n<p>Wci\u0105gaj\u0105ce wra\u017cenia: zdalnie sterowane rami\u0119 koparki jest wyposa\u017cone w 3 niezale\u017cne silniki, co umo\u017cliwia precyzyjn\u0105 kontrol\u0119 du\u017cego ramienia, ma\u0142ego ramienia i \u0142y\u017cki, co pozwala kopa\u0107 piasek, \u017cwir i inne materia\u0142y. Dzi\u0119ki temu wra\u017cenia z wykopalisk s\u0105 bli\u017csze rzeczywistym.<\/p>\n<\/li>\n<li style=\"font-size:14px;color:rgb(34, 34, 34)\">\n<p>Zdalne sterowanie: Zabawkowa koparka zdalnie sterowana wyposa\u017cona jest w 2,4-gigahercowy pilot o wysokiej cz\u0119stotliwo\u015bci z filtrem przeciwzak\u0142\u00f3ceniowym, kt\u00f3ry umo\u017cliwia sterowanie ni\u0105 z odleg\u0142o\u015bci do 82 st\u00f3p, dzi\u0119ki czemu wielu graczy mo\u017ce bawi\u0107 si\u0119 bez \u017cadnych zak\u0142\u00f3ce\u0144.<\/p>\n<\/li>\n<li style=\"font-size:14px;color:rgb(34, 34, 34)\">\n<p>G\u0105sienice gumowe: Koparka RC jest trwa\u0142a i odporna na zu\u017cycie. Jej g\u0105sienice zapewniaj\u0105 doskona\u0142\u0105 przyczepno\u015b\u0107 i mog\u0105 porusza\u0107 si\u0119 po r\u00f3\u017cnych nier\u00f3wnych terenach, takich jak dywany, pla\u017ce, trawa i \u015bnieg, zach\u0119caj\u0105c dzieci do eksploracji przyrody i kontaktu z natur\u0105.<\/p>\n<\/li>\n<li style=\"font-size:14px;color:rgb(34, 34, 34)\">\n<p>D\u0142uga \u017cywotno\u015b\u0107 baterii: Nasza koparka RC dla dzieci jest wyposa\u017cona w dwa akumulatory o pojemno\u015bci 500 mAh, kt\u00f3re zapewniaj\u0105 do 80 minut zabawy. Dzi\u0119ki szybkiej wymianie baterii dzieci mog\u0105 nadal bawi\u0107 si\u0119 na \u015bwie\u017cym powietrzu.<\/p>\n<\/li>\n<\/ul>\n<\/div>\n<div>\n<div>\n<div style=\"margin:16px 0px 24px;margin-bottom:24px;margin-top:16px;margin-left:0px;margin-right:0px\"><img decoding=\"async\" style=\"width:100%\" width=\"100%\" src=\"https:\/\/d2qc09rl1gfuof.cloudfront.net\/product\/PTKWJJ3HYGN1OF8VS\/remote-control-excavator-a100-1.11-pt.jpg\" slate-data-type=\"image\"\/><\/div>\n<\/div>\n<\/div>\n<\/div>\n<\/div>\n<\/div>\n<p><\/p>","protected":false},"excerpt":{"rendered":"<p>Hign-concerned Chemical:&nbsp;None Is Electric:&nbsp;No battery Barcode:&nbsp;No State of Assembly:&nbsp;Ready-to-Go Flight Time:&nbsp;40min Remote Distance:&nbsp;Greater than 25m Scale:&nbsp;1:14 Dimensions:&nbsp;23 x 6.7 x 8 in \/ 585 x 170 x 200 mm Model<\/p>","protected":false},"featured_media":25435,"comment_status":"open","ping_status":"closed","template":"","meta":{"_acf_changed":false},"product_brand":[],"product_cat":[519],"product_tag":[],"class_list":{"0":"post-25434","1":"product","2":"type-product","3":"status-publish","4":"has-post-thumbnail","6":"product_cat-rc-cars","8":"first","9":"instock","10":"shipping-taxable","11":"purchasable","12":"product-type-variable"},"acf":[],"_links":{"self":[{"href":"https:\/\/www.electricstore.eu\/pl\/wp-json\/wp\/v2\/product\/25434","targetHints":{"allow":["GET"]}}],"collection":[{"href":"https:\/\/www.electricstore.eu\/pl\/wp-json\/wp\/v2\/product"}],"about":[{"href":"https:\/\/www.electricstore.eu\/pl\/wp-json\/wp\/v2\/types\/product"}],"replies":[{"embeddable":true,"href":"https:\/\/www.electricstore.eu\/pl\/wp-json\/wp\/v2\/comments?post=25434"}],"wp:featuredmedia":[{"embeddable":true,"href":"https:\/\/www.electricstore.eu\/pl\/wp-json\/wp\/v2\/media\/25435"}],"wp:attachment":[{"href":"https:\/\/www.electricstore.eu\/pl\/wp-json\/wp\/v2\/media?parent=25434"}],"wp:term":[{"taxonomy":"product_brand","embeddable":true,"href":"https:\/\/www.electricstore.eu\/pl\/wp-json\/wp\/v2\/product_brand?post=25434"},{"taxonomy":"product_cat","embeddable":true,"href":"https:\/\/www.electricstore.eu\/pl\/wp-json\/wp\/v2\/product_cat?post=25434"},{"taxonomy":"product_tag","embeddable":true,"href":"https:\/\/www.electricstore.eu\/pl\/wp-json\/wp\/v2\/product_tag?post=25434"}],"curies":[{"name":"wp","href":"https:\/\/api.w.org\/{rel}","templated":true}]}}