{"id":25422,"date":"2025-05-20T18:59:14","date_gmt":"2025-05-20T18:59:14","guid":{"rendered":"https:\/\/electricstore.eu\/p\/uncategorized\/vevor-300lbs-beach-fishing-cart-fish-marine-foldable-cart-with-four-11-wheels-8-rod-holders-pier-wagon-trolley-for-sand-picnic\/"},"modified":"2025-05-20T19:02:13","modified_gmt":"2025-05-20T19:02:13","slug":"vevor-300lbs-beach-fishing-cart-fish-marine-foldable-cart-with-four-11-wheels-8-rod-holders-pier-wagon-trolley-for-sand-picnic","status":"publish","type":"product","link":"https:\/\/www.electricstore.eu\/pl\/p\/o\/bike-trailers-and-wagons\/vevor-300lbs-beach-fishing-cart-fish-marine-foldable-cart-with-four-11-wheels-8-rod-holders-pier-wagon-trolley-for-sand-picnic\/","title":{"rendered":"VEVOR 300lbs Beach Fishing Cart Fish Marine sk\u0142adany w\u00f3zek z czterema 11-calowymi ko\u0142ami 8 uchwyt\u00f3w na w\u0119dki W\u00f3zek na molo na piknik na piasku"},"content":{"rendered":"<div class=\"product-specs-list-container\">\n<ul class=\"product-specs-list util-clearfix\">\n<li class=\"product-prop line-limit-length\"><span\n                                        class=\"property-title\">Substancja chemiczna budz\u0105ca du\u017ce obawy:&nbsp;<\/span><span\n                                        class=\"property-desc line-limit-length\">Nic<\/span>\n                            <\/li>\n<li class=\"product-prop line-limit-length\"><span\n                                        class=\"property-title\">Pochodzenie:&nbsp;<\/span><span\n                                        class=\"property-desc line-limit-length\">Chiny kontynentalne<\/span>\n                            <\/li>\n<li class=\"product-prop line-limit-length\"><span\n                                        class=\"property-title\">Nazwa marki:&nbsp;<\/span><span\n                                        class=\"property-desc line-limit-length\">WI\u0118ZI\u0106<\/span>\n                            <\/li>\n<li class=\"product-prop line-limit-length\"><span\n                                        class=\"property-title\">Numer modelu przedmiotu:&nbsp;<\/span><span\n                                        class=\"property-desc line-limit-length\">YK-600<\/span>\n                            <\/li>\n<li class=\"product-prop line-limit-length\"><span\n                                        class=\"property-title\">Maksymalna \u0142adowno\u015b\u0107:&nbsp;<\/span><span\n                                        class=\"property-desc line-limit-length\">300 lbs\/136.07 kg<\/span>\n                            <\/li>\n<li class=\"product-prop line-limit-length\"><span\n                                        class=\"property-title\">Waga produktu:&nbsp;<\/span><span\n                                        class=\"property-desc line-limit-length\">41.22 lbs\/18.7 kg<\/span>\n                            <\/li>\n<li class=\"product-prop line-limit-length\"><span\n                                        class=\"property-title\">Rozmiar produktu:&nbsp;<\/span><span\n                                        class=\"property-desc line-limit-length\">55.11 x 24.6 x 38.58 in\/1400 x 625 x 980 mm<\/span>\n                            <\/li>\n<li class=\"product-prop line-limit-length\"><span\n                                        class=\"property-title\">Funkcja:&nbsp;<\/span><span\n                                        class=\"property-desc line-limit-length\">Sk\u0142adana konstrukcja<\/span>\n                            <\/li>\n<\/ul><\/div>\n<div class=\"detailmodule_html\">\n<div class=\"detail-desc-decorate-richtext\">\n<p><\/p>\n<div style=\"margin:0px;margin-bottom:0px;margin-top:0px;margin-left:0px;margin-right:0px;padding:0px;padding-bottom:0px;padding-top:0px;padding-left:0px;padding-right:0px\"><img decoding=\"async\" style=\"margin:0px;margin-bottom:0px;margin-top:0px;margin-left:0px;margin-right:0px;padding:0px;padding-bottom:0px;padding-top:0px;padding-left:0px;padding-right:0px;max-width:100%;width:2242.67px\" width=\"2242.67px\" src=\"https:\/\/d2qc09rl1gfuof.cloudfront.net\/vevor\/boutique-banner\/pc\/banner-en.jpg\" slate-data-type=\"image\"\/><\/div>\n<div style=\"margin:0px;margin-bottom:0px;margin-top:0px;margin-left:0px;margin-right:0px;padding:0px;padding-bottom:0px;padding-top:0px;padding-left:0px;padding-right:0px\">\n<div style=\"font-size:16px;font-weight:bold;text-align:center;color:rgb(34, 34, 34);margin:24px 0px;margin-bottom:24px;margin-top:24px;margin-left:0px;margin-right:0px;padding:0px;padding-bottom:0px;padding-top:0px;padding-left:0px;padding-right:0px\" align=\"center\">W\u00f3zek w\u0119dkarski VEVOR Beach Fishing: Tw\u00f3j niezawodny towarzysz na \u015bwie\u017cym powietrzu<\/div>\n<div style=\"margin:0px;margin-bottom:0px;margin-top:0px;margin-left:0px;margin-right:0px;padding:0px;padding-bottom:0px;padding-top:0px;padding-left:0px;padding-right:0px\"><img decoding=\"async\" style=\"margin:0px;margin-bottom:0px;margin-top:0px;margin-left:0px;margin-right:0px;padding:0px;padding-bottom:0px;padding-top:0px;padding-left:0px;padding-right:0px;max-width:100%;width:2242.67px\" width=\"2242.67px\" src=\"https:\/\/d2qc09rl1gfuof.cloudfront.net\/product\/SLKYJCKZD000GFIOE\/fishing-cart-a100-1.4.jpg\" slate-data-type=\"image\"\/><\/div>\n<div style=\"font-size:14px;text-align:center;color:rgb(34, 34, 34);margin:16px 0px 24px;margin-bottom:24px;margin-top:16px;margin-left:0px;margin-right:0px;padding:0px;padding-bottom:0px;padding-top:0px;padding-left:0px;padding-right:0px\" align=\"center\">Picture this: a fishing cart with a solid steel frame, rolling smoothly on 11-inch rubber inflatable wheels. Sized at 30.9 x 18.5 x 16.3 inches and ready to carry up to 300 lbs with 8 rod holders, it&#x27;s your perfect partner for fishing adventures.<\/div>\n<\/div>\n<div style=\"margin:0px;margin-bottom:0px;margin-top:0px;margin-left:0px;margin-right:0px;padding:0px;padding-bottom:0px;padding-top:0px;padding-left:0px;padding-right:0px\">\n<div style=\"margin:8px 0px;margin-bottom:8px;margin-top:8px;margin-left:0px;margin-right:0px;padding:0px;padding-bottom:0px;padding-top:0px;padding-left:0px;padding-right:0px\"><img decoding=\"async\" style=\"margin:0px;margin-bottom:0px;margin-top:0px;margin-left:0px;margin-right:0px;padding:0px;padding-bottom:0px;padding-top:0px;padding-left:0px;padding-right:0px;max-width:100%;width:2242.67px\" width=\"2242.67px\" src=\"https:\/\/d2qc09rl1gfuof.cloudfront.net\/product\/SLKYJCKZD000GFIOE\/fishing-cart-a100-2.2.jpg\" slate-data-type=\"image\"\/><\/div>\n<div style=\"font-size:14px;text-align:center;color:rgb(34, 34, 34);margin:16px 0px 24px;margin-bottom:24px;margin-top:16px;margin-left:0px;margin-right:0px;padding:0px;padding-bottom:0px;padding-top:0px;padding-left:0px;padding-right:0px\" align=\"center\">Nasz w\u00f3zek w\u0119dkarski na pla\u017c\u0119 wyposa\u017cony jest w ko\u0142a, kt\u00f3re lubi\u0105 wyzwania \u2013 niezale\u017cnie od tego, czy s\u0105 to piaszczyste pla\u017ce, kamieniste \u015bcie\u017cki czy trawiaste pola, dzi\u0119ki nim ka\u017cda podr\u00f3\u017c b\u0119dzie p\u0142ynna i bezproblemowa.<\/div>\n<\/div>\n<div style=\"margin:0px;margin-bottom:0px;margin-top:0px;margin-left:0px;margin-right:0px;padding:0px;padding-bottom:0px;padding-top:0px;padding-left:0px;padding-right:0px\">\n<div style=\"margin:8px 0px;margin-bottom:8px;margin-top:8px;margin-left:0px;margin-right:0px;padding:0px;padding-bottom:0px;padding-top:0px;padding-left:0px;padding-right:0px\"><img decoding=\"async\" style=\"margin:0px;margin-bottom:0px;margin-top:0px;margin-left:0px;margin-right:0px;padding:0px;padding-bottom:0px;padding-top:0px;padding-left:0px;padding-right:0px;max-width:100%;width:2242.67px\" width=\"2242.67px\" src=\"https:\/\/d2qc09rl1gfuof.cloudfront.net\/product\/SLKYJCKZD000GFIOE\/fishing-cart-a100-2.3.jpg\" slate-data-type=\"image\"\/><\/div>\n<div style=\"font-size:14px;text-align:center;color:rgb(34, 34, 34);margin:16px 0px 24px;margin-bottom:24px;margin-top:16px;margin-left:0px;margin-right:0px;padding:0px;padding-bottom:0px;padding-top:0px;padding-left:0px;padding-right:0px\" align=\"center\">Zastosowali\u015bmy \u015bruby ze stali nierdzewnej, kt\u00f3re s\u0105 odporne na luzowanie, rdz\u0119 i zu\u017cycie, zapewniaj\u0105c solidny i niezawodny w\u00f3zek w\u0119dkarski, kt\u00f3ry zachowuje sw\u00f3j kszta\u0142t po d\u0142ugim okresie u\u017cytkowania.<\/div>\n<\/div>\n<div style=\"margin:0px;margin-bottom:0px;margin-top:0px;margin-left:0px;margin-right:0px;padding:0px;padding-bottom:0px;padding-top:0px;padding-left:0px;padding-right:0px\">\n<div style=\"margin:8px 0px;margin-bottom:8px;margin-top:8px;margin-left:0px;margin-right:0px;padding:0px;padding-bottom:0px;padding-top:0px;padding-left:0px;padding-right:0px\"><img decoding=\"async\" style=\"margin:0px;margin-bottom:0px;margin-top:0px;margin-left:0px;margin-right:0px;padding:0px;padding-bottom:0px;padding-top:0px;padding-left:0px;padding-right:0px;max-width:100%;width:2242.67px\" width=\"2242.67px\" src=\"https:\/\/d2qc09rl1gfuof.cloudfront.net\/product\/SLKYJCKZD000GFIOE\/fishing-cart-a100-2.4.jpg\" slate-data-type=\"image\"\/><\/div>\n<div style=\"font-size:14px;text-align:center;color:rgb(34, 34, 34);margin:16px 0px 24px;margin-bottom:24px;margin-top:16px;margin-left:0px;margin-right:0px;padding:0px;padding-bottom:0px;padding-top:0px;padding-left:0px;padding-right:0px\" align=\"center\">Po\u017cegnaj si\u0119 z uci\u0105\u017cliwym monta\u017cem k\u00f3\u0142. Nasz w\u00f3zek z ko\u0142kiem posiada prosty mechanizm trzpieniowy, kt\u00f3ry umo\u017cliwia szybki i \u0142atwy monta\u017c i demonta\u017c k\u00f3\u0142, a tak\u017ce ko\u0142ek z pier\u015bcieniem uszczelniaj\u0105cym dla wi\u0119kszego bezpiecze\u0144stwa.<\/div>\n<\/div>\n<div style=\"margin:0px;margin-bottom:0px;margin-top:0px;margin-left:0px;margin-right:0px;padding:0px;padding-bottom:0px;padding-top:0px;padding-left:0px;padding-right:0px\">\n<div style=\"margin:8px 0px;margin-bottom:8px;margin-top:8px;margin-left:0px;margin-right:0px;padding:0px;padding-bottom:0px;padding-top:0px;padding-left:0px;padding-right:0px\"><img decoding=\"async\" style=\"margin:0px;margin-bottom:0px;margin-top:0px;margin-left:0px;margin-right:0px;padding:0px;padding-bottom:0px;padding-top:0px;padding-left:0px;padding-right:0px;max-width:100%;width:2242.67px\" width=\"2242.67px\" src=\"https:\/\/d2qc09rl1gfuof.cloudfront.net\/product\/SLKYJCKZD000GFIOE\/fishing-cart-a100-2.5.jpg\" slate-data-type=\"image\"\/><\/div>\n<div style=\"font-size:14px;text-align:center;color:rgb(34, 34, 34);margin:16px 0px 24px;margin-bottom:24px;margin-top:16px;margin-left:0px;margin-right:0px;padding:0px;padding-bottom:0px;padding-top:0px;padding-left:0px;padding-right:0px\" align=\"center\">Co\u015b wi\u0119cej ni\u017c tylko towarzysz w\u0119dkarski! Niezale\u017cnie od tego, czy fotografujesz na \u015bwie\u017cym powietrzu, wybierasz si\u0119 na piknik, czy biwakujesz, ten w\u00f3zek w\u0119dkarski z \u0142atwo\u015bci\u0105 pomie\u015bci ca\u0142y Tw\u00f3j sprz\u0119t, oszcz\u0119dzaj\u0105c Ci d\u0142ugich podr\u00f3\u017cy.<\/div>\n<\/div>\n<div style=\"margin:16px 0px 24px;margin-bottom:24px;margin-top:16px;margin-left:0px;margin-right:0px;padding:0px;padding-bottom:0px;padding-top:0px;padding-left:0px;padding-right:0px\"><\/div>\n<div style=\"margin:24px 0px;margin-bottom:24px;margin-top:24px;margin-left:0px;margin-right:0px;padding:0px;padding-bottom:0px;padding-top:0px;padding-left:0px;padding-right:0px\">\n<div style=\"font-size:16px;font-weight:bold;color:rgb(34, 34, 34);margin:24px 0px 16px;margin-bottom:16px;margin-top:24px;margin-left:0px;margin-right:0px;padding:0px;padding-bottom:0px;padding-top:0px;padding-left:0px;padding-right:0px\">Funkcje i szczeg\u00f3\u0142y<\/div>\n<ul style=\"margin:16px 0px 24px;margin-bottom:24px;margin-top:16px;margin-left:0px;margin-right:0px;padding:0px;padding-bottom:0px;padding-top:0px;padding-left:0px;padding-right:0px\">\n<li style=\"font-size:14px;color:rgb(34, 34, 34);margin:0px;margin-bottom:0px;margin-top:0px;margin-left:0px;margin-right:0px;padding:0px;padding-bottom:0px;padding-top:0px;padding-left:0px;padding-right:0px\">\n<p>Sturdy Frame: Meet the VEVOR beach fishing cart, crafted with high-grade steel for a frame that&#x27;s not just tough but also rust-resistant. It&#x27;s like having a reliable fishing buddy who never lets you down. Plus, it&#x27;s lightweight \u2013 so you can focus on the catch, not the carry!<\/p>\n<\/li>\n<li style=\"font-size:14px;color:rgb(34, 34, 34);margin:0px;margin-bottom:0px;margin-top:0px;margin-left:0px;margin-right:0px;padding:0px;padding-bottom:0px;padding-top:0px;padding-left:0px;padding-right:0px\">\n<p>Practical Inflatable Wheels: This fishing beach cart is outfitted with 11-inch rubber inflatable wheels that glide over sand, mud, gravel, and grass like a dream. These wheels don&#x27;t just carry your load; they make your journey to the perfect fishing spot as smooth as your favorite fishing line.<\/p>\n<\/li>\n<li style=\"font-size:14px;color:rgb(34, 34, 34);margin:0px;margin-bottom:0px;margin-top:0px;margin-left:0px;margin-right:0px;padding:0px;padding-bottom:0px;padding-top:0px;padding-left:0px;padding-right:0px\">\n<p>600D Oxford Fabric: Experience the durability of double-layer 600D Oxford cloth. It is not just tough against wear and tear but also water-resistant. Forget about wrinkles or tears, and look forward to a fishing cart that stays looking good as new, trip after trip.<\/p>\n<\/li>\n<li style=\"font-size:14px;color:rgb(34, 34, 34);margin:0px;margin-bottom:0px;margin-top:0px;margin-left:0px;margin-right:0px;padding:0px;padding-bottom:0px;padding-top:0px;padding-left:0px;padding-right:0px\">\n<p>Foldable Design: Our pier fishing cart folds down to a compact 30.51 x 24.6 x 15.74 inches, with handy 11-inch wheels. Assembly is a breeze with the included tools, so you&#x27;re always just a few steps away from your next fishing adventure.<\/p>\n<\/li>\n<li style=\"font-size:14px;color:rgb(34, 34, 34);margin:0px;margin-bottom:0px;margin-top:0px;margin-left:0px;margin-right:0px;padding:0px;padding-bottom:0px;padding-top:0px;padding-left:0px;padding-right:0px\">\n<p>Multifunctional &amp; Portable: Equipped with 8 rod holders and a portable rod-insertion design, this pier cart is a game-changer for anglers. The 2-inch diameter holders accommodate various fishing rods. It&#x27;s all about convenience: grab a rod, cast it, and you&#x27;re fishing in no time.<\/p>\n<\/li>\n<\/ul>\n<\/div>\n<div style=\"margin:0px;margin-bottom:0px;margin-top:0px;margin-left:0px;margin-right:0px;padding:0px;padding-bottom:0px;padding-top:0px;padding-left:0px;padding-right:0px\">\n<div style=\"margin:0px;margin-bottom:0px;margin-top:0px;margin-left:0px;margin-right:0px;padding:0px;padding-bottom:0px;padding-top:0px;padding-left:0px;padding-right:0px\">\n<div style=\"margin:16px 0px 24px;margin-bottom:24px;margin-top:16px;margin-left:0px;margin-right:0px;padding:0px;padding-bottom:0px;padding-top:0px;padding-left:0px;padding-right:0px\"><img decoding=\"async\" style=\"margin:0px;margin-bottom:0px;margin-top:0px;margin-left:0px;margin-right:0px;padding:0px;padding-bottom:0px;padding-top:0px;padding-left:0px;padding-right:0px;max-width:100%;width:2242.67px\" width=\"2242.67px\" src=\"https:\/\/d2qc09rl1gfuof.cloudfront.net\/product\/SLKYJCKZD000GFIOE\/fishing-cart-a100-1.11.jpg\" slate-data-type=\"image\"\/><\/div>\n<\/div>\n<\/div>\n<div style=\"margin:0px;margin-bottom:0px;margin-top:0px;margin-left:0px;margin-right:0px;padding:0px;padding-bottom:0px;padding-top:0px;padding-left:0px;padding-right:0px\">\n<div style=\"margin:0px;margin-bottom:0px;margin-top:0px;margin-left:0px;margin-right:0px;padding:0px;padding-bottom:0px;padding-top:0px;padding-left:0px;padding-right:0px\">\n<div style=\"margin:16px 0px 24px;margin-bottom:24px;margin-top:16px;margin-left:0px;margin-right:0px;padding:0px;padding-bottom:0px;padding-top:0px;padding-left:0px;padding-right:0px\"><\/div>\n<\/div>\n<\/div>\n<p><\/p>\n<\/div>\n<\/div>","protected":false},"excerpt":{"rendered":"<p>Hign-concerned Chemical:&nbsp;None Origin:&nbsp;Mainland China Brand Name:&nbsp;VEVOR Item Model Number:&nbsp;YK-600 Max Load Capacity:&nbsp;300 lbs\/136.07 kg Product Weight:&nbsp;41.22 lbs\/18.7 kg Product Size:&nbsp;55.11 x 24.6 x 38.58 in\/1400 x 625 x 980 mm<\/p>","protected":false},"featured_media":25423,"comment_status":"open","ping_status":"closed","template":"","meta":{"_acf_changed":false},"product_brand":[],"product_cat":[523],"product_tag":[],"class_list":{"0":"post-25422","1":"product","2":"type-product","3":"status-publish","4":"has-post-thumbnail","6":"product_cat-bike-trailers-and-wagons","8":"first","9":"instock","10":"shipping-taxable","11":"purchasable","12":"product-type-variable"},"acf":[],"_links":{"self":[{"href":"https:\/\/www.electricstore.eu\/pl\/wp-json\/wp\/v2\/product\/25422","targetHints":{"allow":["GET"]}}],"collection":[{"href":"https:\/\/www.electricstore.eu\/pl\/wp-json\/wp\/v2\/product"}],"about":[{"href":"https:\/\/www.electricstore.eu\/pl\/wp-json\/wp\/v2\/types\/product"}],"replies":[{"embeddable":true,"href":"https:\/\/www.electricstore.eu\/pl\/wp-json\/wp\/v2\/comments?post=25422"}],"wp:featuredmedia":[{"embeddable":true,"href":"https:\/\/www.electricstore.eu\/pl\/wp-json\/wp\/v2\/media\/25423"}],"wp:attachment":[{"href":"https:\/\/www.electricstore.eu\/pl\/wp-json\/wp\/v2\/media?parent=25422"}],"wp:term":[{"taxonomy":"product_brand","embeddable":true,"href":"https:\/\/www.electricstore.eu\/pl\/wp-json\/wp\/v2\/product_brand?post=25422"},{"taxonomy":"product_cat","embeddable":true,"href":"https:\/\/www.electricstore.eu\/pl\/wp-json\/wp\/v2\/product_cat?post=25422"},{"taxonomy":"product_tag","embeddable":true,"href":"https:\/\/www.electricstore.eu\/pl\/wp-json\/wp\/v2\/product_tag?post=25422"}],"curies":[{"name":"wp","href":"https:\/\/api.w.org\/{rel}","templated":true}]}}