{"id":25382,"date":"2025-05-20T18:58:57","date_gmt":"2025-05-20T18:58:57","guid":{"rendered":"https:\/\/electricstore.eu\/p\/uncategorized\/vevor-rc-car-children-toys-remote-control-dump-truck-toys-9-channel-with-batteries-for-toddlers-boys-electric-car-kids-toys-gift\/"},"modified":"2025-05-20T19:01:08","modified_gmt":"2025-05-20T19:01:08","slug":"vevor-rc-car-children-toys-remote-control-dump-truck-toys-9-channel-with-batteries-for-toddlers-boys-electric-car-kids-toys-gift","status":"publish","type":"product","link":"https:\/\/www.electricstore.eu\/pl\/p\/rc\/rc-cars\/vevor-rc-car-children-toys-remote-control-dump-truck-toys-9-channel-with-batteries-for-toddlers-boys-electric-car-kids-toys-gift\/","title":{"rendered":"VEVOR RC Car Zabawki dla dzieci Zdalnie sterowany samoch\u00f3d wywrotka Zabawki 9-kana\u0142owe z bateriami dla ma\u0142ych ch\u0142opc\u00f3w Samoch\u00f3d elektryczny Zabawki dla dzieci Prezent"},"content":{"rendered":"<div class=\"product-specs-list-container\">\n<ul class=\"product-specs-list util-clearfix\">\n<li class=\"product-prop line-limit-length\"><span\n                                        class=\"property-title\">Substancja chemiczna budz\u0105ca du\u017ce obawy:&nbsp;<\/span><span\n                                        class=\"property-desc line-limit-length\">Nic<\/span>\n                            <\/li>\n<li class=\"product-prop line-limit-length\"><span\n                                        class=\"property-title\">Czy jest elektryczny:&nbsp;<\/span><span\n                                        class=\"property-desc line-limit-length\">Brak baterii<\/span>\n                            <\/li>\n<li class=\"product-prop line-limit-length\"><span\n                                        class=\"property-title\">Kod kreskowy:&nbsp;<\/span><span\n                                        class=\"property-desc line-limit-length\">NIE<\/span>\n                            <\/li>\n<li class=\"product-prop line-limit-length\"><span\n                                        class=\"property-title\">Skala:&nbsp;<\/span><span\n                                        class=\"property-desc line-limit-length\">1:18<\/span>\n                            <\/li>\n<li class=\"product-prop line-limit-length\"><span\n                                        class=\"property-title\">Numer modelu:&nbsp;<\/span><span\n                                        class=\"property-desc line-limit-length\">1534<\/span>\n                            <\/li>\n<li class=\"product-prop line-limit-length\"><span\n                                        class=\"property-title\">Zawarto\u015b\u0107 pakietu:&nbsp;<\/span><span\n                                        class=\"property-desc line-limit-length\">Baterie<\/span>\n                            <\/li>\n<li class=\"product-prop line-limit-length\"><span\n                                        class=\"property-title\">Kana\u0142y sterowania:&nbsp;<\/span><span\n                                        class=\"property-desc line-limit-length\">9 kana\u0142\u00f3w<\/span>\n                            <\/li>\n<li class=\"product-prop line-limit-length\"><span\n                                        class=\"property-title\">Zdalne sterowanie:&nbsp;<\/span><span\n                                        class=\"property-desc line-limit-length\">Tak<\/span>\n                            <\/li>\n<li class=\"product-prop line-limit-length\"><span\n                                        class=\"property-title\">Tworzywo:&nbsp;<\/span><span\n                                        class=\"property-desc line-limit-length\">Plastikowy<\/span>\n                            <\/li>\n<li class=\"product-prop line-limit-length\"><span\n                                        class=\"property-title\">Zalecany wiek:&nbsp;<\/span><span\n                                        class=\"property-desc line-limit-length\">6-12 lat<\/span>\n                            <\/li>\n<li class=\"product-prop line-limit-length\"><span\n                                        class=\"property-title\">Pochodzenie:&nbsp;<\/span><span\n                                        class=\"property-desc line-limit-length\">Chiny kontynentalne<\/span>\n                            <\/li>\n<li class=\"product-prop line-limit-length\"><span\n                                        class=\"property-title\">Projekt:&nbsp;<\/span><span\n                                        class=\"property-desc line-limit-length\">Motocykl terenowy<\/span>\n                            <\/li>\n<li class=\"product-prop line-limit-length\"><span\n                                        class=\"property-title\">Typ:&nbsp;<\/span><span\n                                        class=\"property-desc line-limit-length\">Samoch\u00f3d<\/span>\n                            <\/li>\n<li class=\"product-prop line-limit-length\"><span\n                                        class=\"property-title\">Cechy:&nbsp;<\/span><span\n                                        class=\"property-desc line-limit-length\">ZDALNE STEROWANIE<\/span>\n                            <\/li>\n<li class=\"product-prop line-limit-length\"><span\n                                        class=\"property-title\">Marka:&nbsp;<\/span><span\n                                        class=\"property-desc line-limit-length\">WI\u0118ZI\u0106<\/span>\n                            <\/li>\n<li class=\"product-prop line-limit-length\"><span\n                                        class=\"property-title\">Wiek:&nbsp;<\/span><span\n                                        class=\"property-desc line-limit-length\">8+<\/span>\n                            <\/li>\n<li class=\"product-prop line-limit-length\"><span\n                                        class=\"property-title\">Skala:&nbsp;<\/span><span\n                                        class=\"property-desc line-limit-length\">1:18<\/span>\n                            <\/li>\n<li class=\"product-prop line-limit-length\"><span\n                                        class=\"property-title\">Tworzywo:&nbsp;<\/span><span\n                                        class=\"property-desc line-limit-length\">Plastikowa skrzynia \u0142adunkowa + metalowa kabina + skorupa z tworzywa ABS<\/span>\n                            <\/li>\n<li class=\"product-prop line-limit-length\"><span\n                                        class=\"property-title\">Czas pracy na jednej baterii:&nbsp;<\/span><span\n                                        class=\"property-desc line-limit-length\">40 minut<\/span>\n                            <\/li>\n<li class=\"product-prop line-limit-length\"><span\n                                        class=\"property-title\">Maksymalna pr\u0119dko\u015b\u0107:&nbsp;<\/span><span\n                                        class=\"property-desc line-limit-length\">105 st\u00f3p\/min (32 m\/min)<\/span>\n                            <\/li>\n<li class=\"product-prop line-limit-length\"><span\n                                        class=\"property-title\">No\u015bno\u015b\u0107:&nbsp;<\/span><span\n                                        class=\"property-desc line-limit-length\">6 funt\u00f3w\/2,72 kg<\/span>\n                            <\/li>\n<li class=\"product-prop line-limit-length\"><span\n                                        class=\"property-title\">Waga produktu:&nbsp;<\/span><span\n                                        class=\"property-desc line-limit-length\">2 funty\/0,91 kg<\/span>\n                            <\/li>\n<li class=\"product-prop line-limit-length\"><span\n                                        class=\"property-title\">Typ:&nbsp;<\/span><span\n                                        class=\"property-desc line-limit-length\">Wywrotka RC<\/span>\n                            <\/li>\n<\/ul><\/div>\n<div class=\"detailmodule_html\">\n<div class=\"detail-desc-decorate-richtext\">\n<div style=\"font-family:&quot;Open sans&quot;, Arial, Helvetica, sans-serif\">\n<div><img decoding=\"async\" style=\"width:100%\" width=\"100%\" src=\"https:\/\/d2qc09rl1gfuof.cloudfront.net\/vevor\/boutique-banner\/pc\/banner-en.jpg\" slate-data-type=\"image\"\/><\/div>\n<div>\n<div style=\"font-size:16px;font-weight:bold;text-align:center;color:rgb(34, 34, 34);margin:24px 0px;margin-bottom:24px;margin-top:24px;margin-left:0px;margin-right:0px\" align=\"center\">Buduj, jed\u017a, wyobra\u017caj sobie: najlepsza przygoda z zdalnie sterowan\u0105 wywrotk\u0105!<\/div>\n<div><img decoding=\"async\" style=\"width:100%\" width=\"100%\" src=\"https:\/\/d2qc09rl1gfuof.cloudfront.net\/product\/CDXJSCZ6TDKCG89AR\/rc-dump-truck-a100-1.4-pt.jpg\" slate-data-type=\"image\"\/><\/div>\n<div style=\"font-size:14px;text-align:center;color:rgb(34, 34, 34);margin:16px 0px 24px;margin-bottom:24px;margin-top:16px;margin-left:0px;margin-right:0px\" align=\"center\">Poczuj emocje prawdziwej jazdy z t\u0105 zdalnie sterowan\u0105 wywrotk\u0105! Dzi\u0119ki wy\u015bwietlaczowi z funkcjami takimi jak skrzynia \u0142adunkowa, komora akumulatora i symulowany dr\u0105\u017cek hydrauliczny, poczujesz si\u0119 jak prawdziwy pojazd. Efekty d\u017awi\u0119kowe i antypo\u015blizgowe gumowe ko\u0142a dodaj\u0105 frajdy!<\/div>\n<\/div>\n<div>\n<div style=\"margin:8px 0px;margin-bottom:8px;margin-top:8px;margin-left:0px;margin-right:0px\"><img decoding=\"async\" style=\"width:100%\" width=\"100%\" src=\"https:\/\/d2qc09rl1gfuof.cloudfront.net\/product\/CDXJSCZ6TDKCG89AR\/rc-dump-truck-a100-2.2-pt.jpg\" slate-data-type=\"image\"\/><\/div>\n<div style=\"font-size:14px;text-align:center;color:rgb(34, 34, 34);margin:16px 0px 24px;margin-bottom:24px;margin-top:16px;margin-left:0px;margin-right:0px\" align=\"center\">Z \u0142atwo\u015bci\u0105 pokonasz ka\u017cdy teren! Ta zdalnie sterowana wywrotka bez trudu poradzi sobie zar\u00f3wno z wyboistymi drogami, jak i g\u0142adkimi nawierzchniami, zapewniaj\u0105c emocjonuj\u0105c\u0105 jazd\u0119. Ciesz si\u0119 r\u00f3\u017cnymi trybami jazdy i odkrywaj r\u00f3\u017cnorodne krajobrazy.<\/div>\n<\/div>\n<div>\n<div style=\"margin:8px 0px;margin-bottom:8px;margin-top:8px;margin-left:0px;margin-right:0px\"><img decoding=\"async\" style=\"width:100%\" width=\"100%\" src=\"https:\/\/d2qc09rl1gfuof.cloudfront.net\/product\/CDXJSCZ6TDKCG89AR\/rc-dump-truck-a100-2.3-pt.jpg\" slate-data-type=\"image\"\/><\/div>\n<div style=\"font-size:14px;text-align:center;color:rgb(34, 34, 34);margin:16px 0px 24px;margin-bottom:24px;margin-top:16px;margin-left:0px;margin-right:0px\" align=\"center\">Dzieci mog\u0105 zanurzy\u0107 si\u0119 w symulacji placu budowy z t\u0105 zdalnie sterowan\u0105 wywrotk\u0105, wykonan\u0105 z wysokiej jako\u015bci materia\u0142\u00f3w. Efekty d\u017awi\u0119kowe i \u015bwietlne zapewniaj\u0105 realistyczne wra\u017cenia, pokazuj\u0105c, jak dzia\u0142a prawdziwa wywrotka, i wzbogacaj\u0105c interaktywn\u0105 zabaw\u0119.<\/div>\n<\/div>\n<div>\n<div style=\"margin:8px 0px;margin-bottom:8px;margin-top:8px;margin-left:0px;margin-right:0px\"><img decoding=\"async\" style=\"width:100%\" width=\"100%\" src=\"https:\/\/d2qc09rl1gfuof.cloudfront.net\/product\/CDXJSCZ6TDKCG89AR\/rc-dump-truck-a100-2.4-pt.jpg\" slate-data-type=\"image\"\/><\/div>\n<div style=\"font-size:14px;text-align:center;color:rgb(34, 34, 34);margin:16px 0px 24px;margin-bottom:24px;margin-top:16px;margin-left:0px;margin-right:0px\" align=\"center\">Steruj zdalnie sterowan\u0105 wywrotk\u0105 z odleg\u0142o\u015bci nawet 30 metr\u00f3w i o\u017cyw swoje piaskownice! Szybko si\u0119 \u0142aduje i dzia\u0142a d\u0142ugo, dzi\u0119ki czemu mo\u017cesz cieszy\u0107 si\u0119 nieko\u0144cz\u0105c\u0105 si\u0119 zabaw\u0105, nie martwi\u0105c si\u0119 o bateri\u0119.<\/div>\n<\/div>\n<div>\n<div style=\"margin:8px 0px;margin-bottom:8px;margin-top:8px;margin-left:0px;margin-right:0px\"><img decoding=\"async\" style=\"width:100%\" width=\"100%\" src=\"https:\/\/d2qc09rl1gfuof.cloudfront.net\/product\/CDXJSCZ6TDKCG89AR\/rc-dump-truck-a100-2.5-pt.jpg\" slate-data-type=\"image\"\/><\/div>\n<div style=\"font-size:14px;text-align:center;color:rgb(34, 34, 34);margin:16px 0px 24px;margin-bottom:24px;margin-top:16px;margin-left:0px;margin-right:0px\" align=\"center\">Ta zabawka w kszta\u0142cie wywrotki pobudza kreatywno\u015b\u0107 i pomaga dzieciom rozwija\u0107 umiej\u0119tno\u015bci manualne oraz orientacj\u0119 przestrzenn\u0105. Niezale\u017cnie od tego, czy buduj\u0105 miniaturowe miasto, czy tworz\u0105 wymarzony dom, dzieci mog\u0105 pu\u015bci\u0107 wodze fantazji dzi\u0119ki temu zabawnemu prezentowi.<\/div>\n<\/div>\n<div style=\"margin:16px 0px 24px;margin-bottom:24px;margin-top:16px;margin-left:0px;margin-right:0px\"><\/div>\n<div style=\"margin:24px 0px;margin-bottom:24px;margin-top:24px;margin-left:0px;margin-right:0px\">\n<div style=\"font-size:16px;font-weight:bold;color:rgb(34, 34, 34);margin:24px 0px 16px;margin-bottom:16px;margin-top:24px;margin-left:0px;margin-right:0px\">Funkcje i szczeg\u00f3\u0142y<\/div>\n<ul style=\"margin:16px 0px 24px;margin-bottom:24px;margin-top:16px;margin-left:0px;margin-right:0px\">\n<li style=\"font-size:14px;color:rgb(34, 34, 34)\">\n<p>9-kana\u0142owa zabawa: Ta zdalnie sterowana wywrotka wyposa\u017cona jest w 9 kana\u0142\u00f3w sterowania, co zapewnia realistyczn\u0105 zabaw\u0119. Funkcje takie jak skrzynia \u0142adunkowa, komora na akumulator i symulowany dr\u0105\u017cek hydrauliczny sprawiaj\u0105, \u017ce model czuje si\u0119 jak prawdziwy. Dodatkowo, symulowane d\u017awi\u0119ki i antypo\u015blizgowe gumowe ko\u0142a zapewniaj\u0105 mn\u00f3stwo zabawy!<\/p>\n<\/li>\n<li style=\"font-size:14px;color:rgb(34, 34, 34)\">\n<p>Zbudowana, by przetrwa\u0107: Wykonana z trwa\u0142ych materia\u0142\u00f3w, w tym z solidn\u0105 platform\u0105, komor\u0105 na baterie i symulowanym dr\u0105\u017ckiem hydraulicznym, ta zdalnie sterowana wywrotka z \u0142atwo\u015bci\u0105 poradzi sobie z \u0142adunkiem o wadze ponad 6 funt\u00f3w (ok. 2,7 kg). Jest wystarczaj\u0105co wytrzyma\u0142a, by sprosta\u0107 wszystkim przygodom, jakie wymy\u015bl\u0105 Twoje dzieci.<\/p>\n<\/li>\n<li style=\"font-size:14px;color:rgb(34, 34, 34)\">\n<p>Mocny nap\u0119d na cztery ko\u0142a: Wywrotka RC z mocnym nap\u0119dem na cztery ko\u0142a pozwala jej bez problemu pokonywa\u0107 traw\u0119, drogi i piasek. Na g\u0142adkich nawierzchniach mo\u017ce porusza\u0107 si\u0119 z pr\u0119dko\u015bci\u0105 do 32 m\/min, dzi\u0119ki czemu ka\u017cda jazda b\u0119dzie ekscytuj\u0105ca.<\/p>\n<\/li>\n<li style=\"font-size:14px;color:rgb(34, 34, 34)\">\n<p>Zasi\u0119g pilota 100 st\u00f3p: Dzi\u0119ki zasi\u0119gowi pilota do 100 st\u00f3p dzieci mog\u0105 sterowa\u0107 i obs\u0142ugiwa\u0107 zdalnie sterowan\u0105 wywrotk\u0119, rozwijaj\u0105c koordynacj\u0119 i umiej\u0119tno\u015bci zarz\u0105dzania czasem. Ciesz si\u0119 \u0142atw\u0105, zdaln\u0105 kontrol\u0105 i szybkim \u0142adowaniem \u2013 wystarczy 1-2 godziny, aby zapewni\u0107 do 40 minut zabawy.<\/p>\n<\/li>\n<li style=\"font-size:14px;color:rgb(34, 34, 34)\">\n<p>Zabawa dla ca\u0142ej rodziny: Ta zabawka w kszta\u0142cie wywrotki idealnie nadaje si\u0119 do zabawy w pojedynk\u0119 lub z rodzin\u0105. Rodzice i dzieci mog\u0105 po\u0142\u0105czy\u0107 si\u0142y, aby wsp\u00f3lnie odkrywa\u0107, projektowa\u0107 i budowa\u0107, co stanowi \u015bwietny spos\u00f3b na budowanie wi\u0119zi i pobudzanie kreatywno\u015bci. Czas przygotowa\u0107 ci\u0119\u017car\u00f3wk\u0119 i wyruszy\u0107 na ekscytuj\u0105c\u0105 przygod\u0119!<\/p>\n<\/li>\n<\/ul>\n<\/div>\n<div>\n<div>\n<div style=\"margin:16px 0px 24px;margin-bottom:24px;margin-top:16px;margin-left:0px;margin-right:0px\"><img decoding=\"async\" style=\"width:100%\" width=\"100%\" src=\"https:\/\/d2qc09rl1gfuof.cloudfront.net\/product\/CDXJSCZ6TDKCG89AR\/rc-dump-truck-a100-1.11-pt.jpg\" slate-data-type=\"image\"\/><\/div>\n<\/div>\n<\/div>\n<\/div>\n<\/div>\n<\/div>\n<p><\/p>","protected":false},"excerpt":{"rendered":"<p>Hign-concerned Chemical:&nbsp;None Is Electric:&nbsp;No battery Barcode:&nbsp;No Scale:&nbsp;1:18 Model Number:&nbsp;1534 Package Includes:&nbsp;Batteries Control Channels:&nbsp;9 Channels Remote Control:&nbsp;Yes Material:&nbsp;Plastic Recommend Age:&nbsp;6-12Y Origin:&nbsp;Mainland China Design:&nbsp;Dirt Bike Type:&nbsp;Car Features:&nbsp;REMOTE CONTROL Brand:&nbsp;VEVOR Age:&nbsp;8+ Scale:&nbsp;1:18 Material:&nbsp;Plastic<\/p>","protected":false},"featured_media":25383,"comment_status":"open","ping_status":"closed","template":"","meta":{"_acf_changed":false},"product_brand":[],"product_cat":[519],"product_tag":[],"class_list":{"0":"post-25382","1":"product","2":"type-product","3":"status-publish","4":"has-post-thumbnail","6":"product_cat-rc-cars","8":"first","9":"instock","10":"shipping-taxable","11":"purchasable","12":"product-type-variable"},"acf":[],"_links":{"self":[{"href":"https:\/\/www.electricstore.eu\/pl\/wp-json\/wp\/v2\/product\/25382","targetHints":{"allow":["GET"]}}],"collection":[{"href":"https:\/\/www.electricstore.eu\/pl\/wp-json\/wp\/v2\/product"}],"about":[{"href":"https:\/\/www.electricstore.eu\/pl\/wp-json\/wp\/v2\/types\/product"}],"replies":[{"embeddable":true,"href":"https:\/\/www.electricstore.eu\/pl\/wp-json\/wp\/v2\/comments?post=25382"}],"wp:featuredmedia":[{"embeddable":true,"href":"https:\/\/www.electricstore.eu\/pl\/wp-json\/wp\/v2\/media\/25383"}],"wp:attachment":[{"href":"https:\/\/www.electricstore.eu\/pl\/wp-json\/wp\/v2\/media?parent=25382"}],"wp:term":[{"taxonomy":"product_brand","embeddable":true,"href":"https:\/\/www.electricstore.eu\/pl\/wp-json\/wp\/v2\/product_brand?post=25382"},{"taxonomy":"product_cat","embeddable":true,"href":"https:\/\/www.electricstore.eu\/pl\/wp-json\/wp\/v2\/product_cat?post=25382"},{"taxonomy":"product_tag","embeddable":true,"href":"https:\/\/www.electricstore.eu\/pl\/wp-json\/wp\/v2\/product_tag?post=25382"}],"curies":[{"name":"wp","href":"https:\/\/api.w.org\/{rel}","templated":true}]}}