{"id":25366,"date":"2025-05-20T18:58:54","date_gmt":"2025-05-20T18:58:54","guid":{"rendered":"https:\/\/electricstore.eu\/p\/uncategorized\/vevor-4500lbs-atv-utv-electric-winch-nylon-steel-rope-winch-with-wireless-wired-remote-for-truck-car-towing-jeep-off-road-suv\/"},"modified":"2025-05-20T19:00:46","modified_gmt":"2025-05-20T19:00:46","slug":"vevor-4500lbs-atv-utv-electric-winch-nylon-steel-rope-winch-with-wireless-wired-remote-for-truck-car-towing-jeep-off-road-suv","status":"publish","type":"product","link":"https:\/\/www.electricstore.eu\/pl\/p\/o\/electric-winches\/vevor-4500lbs-atv-utv-electric-winch-nylon-steel-rope-winch-with-wireless-wired-remote-for-truck-car-towing-jeep-off-road-suv\/","title":{"rendered":"VEVOR 4500lbs ATV\/UTV Elektryczna wyci\u0105garka z nylonow\u0105\/stalow\u0105 lin\u0105 i bezprzewodowym\/przewodowym pilotem do holowania samochod\u00f3w ci\u0119\u017carowych, terenowych, Jeep\u00f3w i SUV-\u00f3w"},"content":{"rendered":"<div class=\"product-specs-list-container\">\n<ul class=\"product-specs-list util-clearfix\">\n<li class=\"product-prop line-limit-length\"><span\n                                        class=\"property-title\">Substancja chemiczna budz\u0105ca du\u017ce obawy:&nbsp;<\/span><span\n                                        class=\"property-desc line-limit-length\">Nic<\/span>\n                            <\/li>\n<li class=\"product-prop line-limit-length\"><span\n                                        class=\"property-title\">Pochodzenie:&nbsp;<\/span><span\n                                        class=\"property-desc line-limit-length\">Chiny kontynentalne<\/span>\n                            <\/li>\n<li class=\"product-prop line-limit-length\"><span\n                                        class=\"property-title\">Nazwa marki:&nbsp;<\/span><span\n                                        class=\"property-desc line-limit-length\">WI\u0118ZI\u0106<\/span>\n                            <\/li>\n<li class=\"product-prop line-limit-length\"><span\n                                        class=\"property-title\">Typ:&nbsp;<\/span><span\n                                        class=\"property-desc line-limit-length\">Moc<\/span>\n                            <\/li>\n<\/ul><\/div>\n<div class=\"detailmodule_html\">\n<div class=\"detail-desc-decorate-richtext\">\n<div><\/div>\n<div style=\"font-family:&quot;Open sans&quot;, Arial, Helvetica, sans-serif\">\n<div style=\"font-family:&quot;Open sans&quot;, Arial, Helvetica, sans-serif\"><img decoding=\"async\" style=\"width:100%\" width=\"100%\" src=\"https:\/\/d2qc09rl1gfuof.cloudfront.net\/vevor\/boutique-banner\/pc\/banner-en.jpg\" slate-data-type=\"image\"\/><\/div>\n<div style=\"font-family:&quot;Open sans&quot;, Arial, Helvetica, sans-serif\">\n<div style=\"font-size:16px;font-weight:bold;text-align:center;color:rgb(34, 34, 34);margin:24px 0px;margin-bottom:24px;margin-top:24px;margin-left:0px;margin-right:0px\" align=\"center\">Nie daj si\u0119 z\u0142apa\u0107 w pu\u0142apk\u0119, zaopatrz si\u0119 w elektryczn\u0105 wyci\u0105gark\u0119 VEVOR!<\/div>\n<div><img decoding=\"async\" style=\"width:100%\" width=\"100%\" src=\"https:\/\/d2qc09rl1gfuof.cloudfront.net\/product\/HCSJPHCSYCYCA93Y0\/electric-winch-a100-1.4.jpg\" slate-data-type=\"image\"\/><\/div>\n<div style=\"font-size:14px;text-align:center;color:rgb(34, 34, 34);margin:16px 0px 24px;margin-bottom:24px;margin-top:16px;margin-left:0px;margin-right:0px\" align=\"center\">Nasza wci\u0105garka elektryczna jest wyposa\u017cona w miedziany silnik o du\u017cej mocy, zapewniaj\u0105cy niezawodn\u0105 prac\u0119. Dzi\u0119ki bezprzewodowemu pilotowi zdalnego sterowania mo\u017cesz \u0142atwo obs\u0142ugiwa\u0107 wci\u0105gark\u0119 z odleg\u0142o\u015bci. Wci\u0105garka jest ca\u0142kowicie wodoodporna, co pozwala na bezproblemowe u\u017cytkowanie na zewn\u0105trz, a wysokiej jako\u015bci kabel gwarantuje, \u017ce nie ulegnie \u0142atwemu uszkodzeniu.<\/div>\n<\/div>\n<div style=\"font-family:&quot;Open sans&quot;, Arial, Helvetica, sans-serif\">\n<div style=\"margin:8px 0px;margin-bottom:8px;margin-top:8px;margin-left:0px;margin-right:0px\"><img decoding=\"async\" style=\"width:100%\" width=\"100%\" src=\"https:\/\/d2qc09rl1gfuof.cloudfront.net\/product\/HCSJPHCSYCYCA93Y0\/electric-winch-a100-2.2.jpg\" slate-data-type=\"image\"\/><\/div>\n<div style=\"font-size:14px;text-align:center;color:rgb(34, 34, 34);margin:16px 0px 24px;margin-bottom:24px;margin-top:16px;margin-left:0px;margin-right:0px\" align=\"center\">Wyposa\u017cona jest w wysokowydajny silnik z czystej miedzi o napi\u0119ciu 12 V i superwysokiej mocy, kt\u00f3ry na co dzie\u0144 towarzyszy ratownictwu terenowemu. Precyzyjna, 3-stopniowa przek\u0142adnia planetarna zapewnia stabiln\u0105 prac\u0119 wyci\u0105garki przez d\u0142ugi czas i jest wyposa\u017cona w sprz\u0119g\u0142o z wolnym naci\u0105giem.<\/div>\n<\/div>\n<div style=\"font-family:&quot;Open sans&quot;, Arial, Helvetica, sans-serif\">\n<div style=\"margin:8px 0px;margin-bottom:8px;margin-top:8px;margin-left:0px;margin-right:0px\"><img decoding=\"async\" style=\"width:100%\" width=\"100%\" src=\"https:\/\/d2qc09rl1gfuof.cloudfront.net\/product\/HCSJPHCSYCYCA93Y0\/electric-winch-a100-2.3.jpg\" slate-data-type=\"image\"\/><\/div>\n<div style=\"font-size:14px;text-align:center;color:rgb(34, 34, 34);margin:16px 0px 24px;margin-bottom:24px;margin-top:16px;margin-left:0px;margin-right:0px\" align=\"center\">Ta elektryczna wyci\u0105garka jest wodoodporna i z \u0142atwo\u015bci\u0105 radzi sobie w trudnych warunkach zewn\u0119trznych. Niestraszne jej b\u0142oto, ulewa i \u015bnieg.<\/div>\n<\/div>\n<div style=\"font-family:&quot;Open sans&quot;, Arial, Helvetica, sans-serif\">\n<div style=\"margin:8px 0px;margin-bottom:8px;margin-top:8px;margin-left:0px;margin-right:0px\"><img decoding=\"async\" style=\"width:100%\" width=\"100%\" src=\"https:\/\/d2qc09rl1gfuof.cloudfront.net\/product\/HCSJPHCSYCYCA93Y0\/electric-winch-a100-2.4.jpg\" slate-data-type=\"image\"\/><\/div>\n<div style=\"font-size:14px;text-align:center;color:rgb(34, 34, 34);margin:16px 0px 24px;margin-bottom:24px;margin-top:16px;margin-left:0px;margin-right:0px\" align=\"center\">Lina nylonowa: wykonana z materia\u0142u UHMWPE, 12 splot\u00f3w, lekka, nie tonie w wodzie i nie uszkadza d\u0142oni. Na ostatnich 5 okr\u0105\u017ceniach znajduj\u0105 si\u0119 czerwone oznaczenia, kt\u00f3re mo\u017cna \u0142atwo rozpozna\u0107 z du\u017cej odleg\u0142o\u015bci.<\/div>\n<\/div>\n<div style=\"font-family:&quot;Open sans&quot;, Arial, Helvetica, sans-serif\">\n<div style=\"margin:8px 0px;margin-bottom:8px;margin-top:8px;margin-left:0px;margin-right:0px\"><img decoding=\"async\" style=\"width:100%\" width=\"100%\" src=\"https:\/\/d2qc09rl1gfuof.cloudfront.net\/product\/HCSJPHCSYCYCA93Y0\/electric-winch-a100-2.5.jpg\" slate-data-type=\"image\"\/><\/div>\n<div style=\"font-size:14px;text-align:center;color:rgb(34, 34, 34);margin:16px 0px 24px;margin-bottom:24px;margin-top:16px;margin-left:0px;margin-right:0px\" align=\"center\">Nadaje si\u0119 do quad\u00f3w. Du\u017ca si\u0142a uci\u0105gu zapewni bezpiecze\u0144stwo podczas ka\u017cdej podr\u00f3\u017cy.<\/div>\n<\/div>\n<div style=\"margin:16px 0px 24px;margin-bottom:24px;margin-top:16px;margin-left:0px;margin-right:0px\"><\/div>\n<div style=\"margin:24px 0px;margin-bottom:24px;margin-top:24px;margin-left:0px;margin-right:0px\">\n<div style=\"font-size:16px;font-weight:bold;color:rgb(34, 34, 34);margin:24px 0px 16px;margin-bottom:16px;margin-top:24px;margin-left:0px;margin-right:0px\">Funkcje i szczeg\u00f3\u0142y<\/div>\n<ul style=\"margin:16px 0px 24px;margin-bottom:24px;margin-top:16px;margin-left:0px;margin-right:0px\">\n<li style=\"font-size:14px;color:rgb(34, 34, 34)\">\n<p>Silnik z czystej miedzi: Nasza wyci\u0105garka elektryczna wyposa\u017cona jest w wysokowydajny silnik z czystej miedzi o napi\u0119ciu 12 V i superwysokiej mocy, kt\u00f3ry towarzyszy ratownictwu terenowemu ka\u017cdego dnia. Dodatkowo, precyzyjna, 3-stopniowa przek\u0142adnia planetarna zapewnia stabiln\u0105 prac\u0119 wyci\u0105garki przez d\u0142ugi czas.<\/p>\n<\/li>\n<li style=\"font-size:14px;color:rgb(34, 34, 34)\">\n<p>Wodoodporno\u015b\u0107 IP55: Ta wyci\u0105garka jest wodoodporna zgodnie ze standardem IP55, co pozwala jej bez problemu radzi\u0107 sobie w trudnych warunkach zewn\u0119trznych. Dzi\u0119ki tej funkcji niestraszne jej b\u0142oto, deszcz ani \u015bnieg.<\/p>\n<\/li>\n<li style=\"font-size:14px;color:rgb(34, 34, 34)\">\n<p>Zastosowanie w r\u00f3\u017cnych typach pojazd\u00f3w: Nadaje si\u0119 do quad\u00f3w. Du\u017ca si\u0142a uci\u0105gu zapewni bezpiecze\u0144stwo podczas ka\u017cdej podr\u00f3\u017cy.<\/p>\n<\/li>\n<li style=\"font-size:14px;color:rgb(34, 34, 34)\">\n<p>Kabel Premium: Dzi\u0119ki du\u017cej \u015brednicy nie ma obawy o zerwanie d\u0142ugiego kabla. Co wi\u0119cej, na ostatnich 5 k\u00f3\u0142kach kabla znajduj\u0105 si\u0119 czerwone oznaczenia ostrzegawcze, kt\u00f3re mo\u017cna \u0142atwo rozpozna\u0107 z du\u017cej odleg\u0142o\u015bci.<\/p>\n<\/li>\n<li style=\"font-size:14px;color:rgb(34, 34, 34)\">\n<p>Sterowanie bezprzewodowe: Posiada funkcj\u0119 bezprzewodow\u0105, kt\u00f3ra nie jest zak\u0142\u00f3cana przez przewody. Ponadto, mo\u017ce by\u0107 obs\u0142ugiwany przez jedn\u0105 osob\u0119, co pozwala na ratunek, bez obawy przed uwi\u0119zionymi pojazdami.<\/p>\n<\/li>\n<\/ul>\n<\/div>\n<div>\n<div>\u00a0<\/div>\n<div>\n<div><strong>Lina nylonowa<\/strong><\/div>\n<div style=\"margin:16px 0px 24px;margin-bottom:24px;margin-top:16px;margin-left:0px;margin-right:0px\"><img decoding=\"async\" style=\"width:100%\" width=\"100%\" src=\"https:\/\/d2qc09rl1gfuof.cloudfront.net\/product\/HCSJPHCSYCYCA93Y0\/electric-winch-a100-1.11.jpg\" slate-data-type=\"image\"\/><\/div>\n<\/div>\n<\/div>\n<div style=\"font-family:&quot;Open sans&quot;, Arial, Helvetica, sans-serif\">\n<div><strong>Lina stalowa<\/strong><\/div>\n<div>\n<div style=\"margin:16px 0px 24px;margin-bottom:24px;margin-top:16px;margin-left:0px;margin-right:0px\"><img decoding=\"async\" style=\"width:100%\" width=\"100%\" src=\"https:\/\/d2qc09rl1gfuof.cloudfront.net\/product\/GSSJPGSSYCYCAZZ41\/electric-winch-a100-1.11.jpg\" slate-data-type=\"image\"\/><\/div>\n<\/div>\n<\/div>\n<\/div>\n<div><\/div>\n<\/div>\n<\/div>\n<p><\/p>","protected":false},"excerpt":{"rendered":"<p>Hign-concerned Chemical:&nbsp;None Origin:&nbsp;Mainland China Brand Name:&nbsp;VEVOR Type:&nbsp;Power Don&#x27;t get stuck, get a VEVOR electric winch! Our electric winch features a high-power copper motor for reliable performance. With the wireless remote<\/p>","protected":false},"featured_media":25367,"comment_status":"open","ping_status":"closed","template":"","meta":{"_acf_changed":false},"product_brand":[],"product_cat":[522],"product_tag":[],"class_list":{"0":"post-25366","1":"product","2":"type-product","3":"status-publish","4":"has-post-thumbnail","6":"product_cat-electric-winches","8":"first","9":"instock","10":"shipping-taxable","11":"purchasable","12":"product-type-variable"},"acf":[],"_links":{"self":[{"href":"https:\/\/www.electricstore.eu\/pl\/wp-json\/wp\/v2\/product\/25366","targetHints":{"allow":["GET"]}}],"collection":[{"href":"https:\/\/www.electricstore.eu\/pl\/wp-json\/wp\/v2\/product"}],"about":[{"href":"https:\/\/www.electricstore.eu\/pl\/wp-json\/wp\/v2\/types\/product"}],"replies":[{"embeddable":true,"href":"https:\/\/www.electricstore.eu\/pl\/wp-json\/wp\/v2\/comments?post=25366"}],"wp:featuredmedia":[{"embeddable":true,"href":"https:\/\/www.electricstore.eu\/pl\/wp-json\/wp\/v2\/media\/25367"}],"wp:attachment":[{"href":"https:\/\/www.electricstore.eu\/pl\/wp-json\/wp\/v2\/media?parent=25366"}],"wp:term":[{"taxonomy":"product_brand","embeddable":true,"href":"https:\/\/www.electricstore.eu\/pl\/wp-json\/wp\/v2\/product_brand?post=25366"},{"taxonomy":"product_cat","embeddable":true,"href":"https:\/\/www.electricstore.eu\/pl\/wp-json\/wp\/v2\/product_cat?post=25366"},{"taxonomy":"product_tag","embeddable":true,"href":"https:\/\/www.electricstore.eu\/pl\/wp-json\/wp\/v2\/product_tag?post=25366"}],"curies":[{"name":"wp","href":"https:\/\/api.w.org\/{rel}","templated":true}]}}