{"id":25319,"date":"2025-05-20T18:58:37","date_gmt":"2025-05-20T18:58:37","guid":{"rendered":"https:\/\/electricstore.eu\/p\/uncategorized\/vevor-1700lbs-2200lbs-wired-electric-hoist-crane-with-trolley-portable-lifter-overhead-winch-effort-elevator-for-garage-lifting\/"},"modified":"2025-05-20T18:59:43","modified_gmt":"2025-05-20T18:59:43","slug":"vevor-1700lbs-2200lbs-wired-electric-hoist-crane-with-trolley-portable-lifter-overhead-winch-effort-elevator-for-garage-lifting","status":"publish","type":"product","link":"https:\/\/www.electricstore.eu\/pl\/p\/o\/electric-lifting-hoists\/vevor-1700lbs-2200lbs-wired-electric-hoist-crane-with-trolley-portable-lifter-overhead-winch-effort-elevator-for-garage-lifting\/","title":{"rendered":"VEVOR 1700LBS\/2200LBS Przewodowy elektryczny d\u017awig z w\u00f3zkiem, przeno\u015bny podno\u015bnik, wci\u0105garka, podno\u015bnik do gara\u017cu"},"content":{"rendered":"<div class=\"product-specs-list-container\">\n<ul class=\"product-specs-list util-clearfix\">\n<li class=\"product-prop line-limit-length\"><span\n                                        class=\"property-title\">Substancja chemiczna budz\u0105ca du\u017ce obawy:&nbsp;<\/span><span\n                                        class=\"property-desc line-limit-length\">Nic<\/span>\n                            <\/li>\n<li class=\"product-prop line-limit-length\"><span\n                                        class=\"property-title\">Pochodzenie:&nbsp;<\/span><span\n                                        class=\"property-desc line-limit-length\">Chiny kontynentalne<\/span>\n                            <\/li>\n<li class=\"product-prop line-limit-length\"><span\n                                        class=\"property-title\">Nazwa marki:&nbsp;<\/span><span\n                                        class=\"property-desc line-limit-length\">WI\u0118ZI\u0106<\/span>\n                            <\/li>\n<li class=\"product-prop line-limit-length\"><span\n                                        class=\"property-title\">Pojemno\u015b\u0107 kabla pojedynczego\/podw\u00f3jnego:&nbsp;<\/span><span\n                                        class=\"property-desc line-limit-length\">1700 funt\u00f3w\/220 funt\u00f3w<\/span>\n                            <\/li>\n<li class=\"product-prop line-limit-length\"><span\n                                        class=\"property-title\">Moc 1700 funt\u00f3w:&nbsp;<\/span><span\n                                        class=\"property-desc line-limit-length\">1300 W<\/span>\n                            <\/li>\n<li class=\"product-prop line-limit-length\"><span\n                                        class=\"property-title\">Moc 2200 funt\u00f3w:&nbsp;<\/span><span\n                                        class=\"property-desc line-limit-length\">1800 W<\/span>\n                            <\/li>\n<li class=\"product-prop line-limit-length\"><span\n                                        class=\"property-title\">Tworzywo:&nbsp;<\/span><span\n                                        class=\"property-desc line-limit-length\">Stal, \u017celiwo i aluminium<\/span>\n                            <\/li>\n<\/ul><\/div>\n<div class=\"detailmodule_html\">\n<div class=\"detail-desc-decorate-richtext\"><\/p>\n<div class=\"detailmodule_html\">\n<div class=\"detail-desc-decorate-richtext\">\n<div style=\"padding:20px;padding-bottom:20px;padding-top:20px;padding-left:20px;padding-right:20px\">\n<div style=\"text-align:center;width:100%\" align=\"center\"><img decoding=\"async\" src=\"https:\/\/vevor-bmp-prm.s3.ap-east-1.amazonaws.com\/default\/vevor-1.png\" slate-data-type=\"image\"\/><\/div>\n<div style=\"font-size:16px;font-weight:bold;line-height:36px\">Opis produktu<\/div>\n<div style=\"width:100%\"><img decoding=\"async\" src=\"https:\/\/d2qc09rl1gfuof.cloudfront.net\/product\/DDHL800KGXCZH0001\/lift-electric-hoist-a100-1.4.jpg\" slate-data-type=\"image\"\/><\/div>\n<div style=\"margin-top:15px;display:flex\">\n<div style=\"width:33%\"><img decoding=\"async\" style=\"width:100%\" width=\"100%\" src=\"https:\/\/d2qc09rl1gfuof.cloudfront.net\/product\/DDHL800KGXCZH0001\/lift-electric-hoist-x1.jpg\" slate-data-type=\"image\"\/><\/div>\n<div style=\"padding:0px 15px;padding-bottom:0px;padding-top:0px;padding-left:15px;padding-right:15px;width:33%\">\n<div style=\"font-size:16px;font-weight:bold;line-height:36px\">Wci\u0105gnik elektryczny 1700 funt\u00f3w z w\u00f3zkiem<\/div>\n<div style=\"font-size:14px\"><\/div>\n<div style=\"font-size:14px\">Silnik miedziany o mocy 1300 W, stalowy drut zabezpieczaj\u0105cy przed obrotem i wysokie bezpiecze\u0144stwo<\/div>\n<p>Ten wielofunkcyjny wci\u0105gnik elektryczny zosta\u0142 zaprojektowany do podnoszenia i przenoszenia ci\u0119\u017ckich \u0142adunk\u00f3w. Stalowa konstrukcja i silnik z czystej miedzi zapewniaj\u0105 trwa\u0142o\u015b\u0107 i wysok\u0105 wydajno\u015b\u0107. Szeroko\u015b\u0107 toru mo\u017cna regulowa\u0107 za pomoc\u0105 podk\u0142adki i wysokiej jako\u015bci nakr\u0119tek. To idealne narz\u0119dzie do transportu materia\u0142\u00f3w w fabrykach, kopalniach, dokach, magazynach, do podnoszenia towar\u00f3w, na placach budowy i w innych miejscach wymagaj\u0105cych podnoszenia i przenoszenia ci\u0119\u017ckich \u0142adunk\u00f3w.<\/p>\n<ul style=\"font-size:14px;background-color:rgb(243, 243, 243);border:1px solid rgb(204, 204, 204);margin-top:8px;padding:10px 40px;padding-bottom:10px;padding-top:10px;padding-left:40px;padding-right:40px\">\n<li>\n<p>Przyjazna notatka<\/p>\n<\/li>\n<li>\n<p>Wci\u0105gnik elektryczny i w\u00f3zek mog\u0105 znajdowa\u0107 si\u0119 w oddzielnych opakowaniach i by\u0107 dostarczane oddzielnie.<\/p>\n<\/li>\n<li>\n<p>Prosz\u0119 si\u0119 nie martwi\u0107, WSZYSTKIE przesy\u0142ki zostan\u0105 dostarczone w ci\u0105gu kilku dni od z\u0142o\u017cenia zam\u00f3wienia.<\/p>\n<\/li>\n<li>\n<p>W\u00f3zek Premium<\/p>\n<\/li>\n<li>\n<p>No\u015bno\u015b\u0107 1700 funt\u00f3w<\/p>\n<\/li>\n<li>\n<p>Silnik o mocy 1300 W<\/p>\n<\/li>\n<li>\n<p>Przew\u00f3d steruj\u0105cy o d\u0142ugo\u015bci 4,6 stopy<\/p>\n<\/li>\n<li>\n<p>Bezpieczna struktura<\/p>\n<\/li>\n<\/ul>\n<\/div>\n<div style=\"border-left:1px solid rgb(204, 204, 204);padding:0px 15px;padding-bottom:0px;padding-top:0px;padding-left:15px;padding-right:15px;width:33%\">\n<div> <\/div>\n<div style=\"padding:0px 15px;padding-bottom:0px;padding-top:0px;padding-left:15px;padding-right:15px\">\n<div><img decoding=\"async\" style=\"width:100%\" width=\"100%\" src=\"https:\/\/www.jinlantrade.com\/ebay\/VEVOR\/vevor-2.png\" slate-data-type=\"image\"\/><\/div>\n<div style=\"font-size:14px;font-weight:bold;line-height:24px\">Wytrzyma\u0142y sprz\u0119t i narz\u0119dzia, zap\u0142a\u0107 mniej<\/div>\n<div style=\"font-size:12px;margin:8px 0px;margin-bottom:8px;margin-top:8px;margin-left:0px;margin-right:0px\">VEVOR to wiod\u0105ca marka specjalizuj\u0105ca si\u0119 w sprz\u0119cie i narz\u0119dziach. Dzi\u0119ki tysi\u0105com zmotywowanych pracownik\u00f3w, VEVOR dok\u0142ada wszelkich stara\u0144, aby dostarcza\u0107 klientom wytrzyma\u0142y sprz\u0119t i narz\u0119dzia w niewiarygodnie niskich cenach. Obecnie produkty VEVOR s\u0105 sprzedawane w ponad 200 krajach i regionach, a liczba cz\u0142onk\u00f3w na ca\u0142ym \u015bwiecie przekracza 10 milion\u00f3w.<\/div>\n<div style=\"font-size:14px;font-weight:bold;line-height:24px\">Dlaczego warto wybra\u0107 VEVOR?<\/div>\n<ul style=\"font-size:14px;background-color:rgb(243, 243, 243);border:1px solid rgb(204, 204, 204);margin-top:8px;padding:10px 40px;padding-bottom:10px;padding-top:10px;padding-left:40px;padding-right:40px\">\n<li>\n<p>Wytrzyma\u0142a jako\u015b\u0107 premium<\/p>\n<\/li>\n<li>\n<p>Niesamowicie niskie ceny<\/p>\n<\/li>\n<li>\n<p>Szybka i bezpieczna dostawa<\/p>\n<\/li>\n<li>\n<p>30-dniowy bezp\u0142atny zwrot<\/p>\n<\/li>\n<li>\n<p>Ca\u0142odobowa, 7-godzinna, uwa\u017cna obs\u0142uga<\/p>\n<\/li>\n<\/ul>\n<\/div>\n<\/div>\n<\/div>\n<div style=\"margin-top:30px\">\n<div style=\"font-size:16px;font-weight:bold;line-height:36px\">G\u0142\u00f3wne cechy<\/div>\n<div style=\"padding:30px;padding-bottom:30px;padding-top:30px;padding-left:30px;padding-right:30px\">\n<div>\n<div style=\"margin-top:15px;padding:0px 15px;padding-bottom:0px;padding-top:0px;padding-left:15px;padding-right:15px;display:inline-block;width:33%;box-sizing:border-box\">\n<div><img decoding=\"async\" style=\"width:100%\" width=\"100%\" src=\"https:\/\/d2qc09rl1gfuof.cloudfront.net\/product\/DDHL800KGXCZH0001\/lift-electric-hoist-m100-2.jpg\" slate-data-type=\"image\"\/> <\/div>\n<div style=\"font-size:16px;font-weight:bold;line-height:36px\">Wysokowydajny w\u00f3zek<\/div>\n<div style=\"font-size:14px\">W\u00f3zek elektryczny jest wyposa\u017cony w liczne podk\u0142adki do regulacji szeroko\u015bci toru. Cztery hartowane ko\u0142a s\u0105 wytrzyma\u0142e i trwa\u0142e, a uszczelnione \u0142o\u017cyska zapewniaj\u0105 d\u0142ug\u0105 \u017cywotno\u015b\u0107 i mniejsze wymagania konserwacyjne. Szeroko\u015b\u0107 toru wynosi od 80 do 110 mm (3-4,3 cala), a pr\u0119dko\u015b\u0107 robocza to 13 m\/min (42,7 stopy\/min).<\/div>\n<\/div>\n<div style=\"margin-top:15px;padding:0px 15px;padding-bottom:0px;padding-top:0px;padding-left:15px;padding-right:15px;display:inline-block;width:33%;box-sizing:border-box\">\n<div><img decoding=\"async\" style=\"width:100%\" width=\"100%\" src=\"https:\/\/d2qc09rl1gfuof.cloudfront.net\/product\/DDHL800KGXCZH0001\/lift-electric-hoist-m100-3.jpg\" slate-data-type=\"image\"\/> <\/div>\n<div style=\"font-size:16px;font-weight:bold;line-height:36px\">Silnik z czystej miedzi<\/div>\n<div style=\"font-size:14px\">Wyposa\u017cona w miedziane silniki o mocy 1300 W, zamkni\u0119te w obudowie ze stopu aluminium, kt\u00f3re s\u0105 trwa\u0142e i odporne na korozj\u0119, wci\u0105garka charakteryzuje si\u0119 wysok\u0105 wydajno\u015bci\u0105 i niskim poziomem ha\u0142asu. Co wi\u0119cej, dzi\u0119ki szybkiemu promieniowaniu, wci\u0105garka elektryczna mo\u017ce pracowa\u0107 nieprzerwanie przez d\u0142ugi czas.<\/div>\n<\/div>\n<div style=\"margin-top:15px;padding:0px 15px;padding-bottom:0px;padding-top:0px;padding-left:15px;padding-right:15px;display:inline-block;width:33%;box-sizing:border-box\">\n<div><img decoding=\"async\" style=\"width:100%\" width=\"100%\" src=\"https:\/\/d2qc09rl1gfuof.cloudfront.net\/product\/DDHL800KGXCZH0001\/lift-electric-hoist-m100-4.jpg\" slate-data-type=\"image\"\/> <\/div>\n<div style=\"font-size:16px;font-weight:bold;line-height:36px\">Du\u017ca no\u015bno\u015b\u0107<\/div>\n<div style=\"font-size:14px\">Nasz wci\u0105gnik elektryczny spe\u0142nia zr\u00f3\u017cnicowane wymagania dotycz\u0105ce wytrzyma\u0142o\u015bci i twardo\u015bci. Ud\u017awig i pr\u0119dko\u015b\u0107 podnoszenia to 1700 funt\u00f3w\/800 kg, 880 funt\u00f3w\/400 kg. Wysoka jako\u015b\u0107 spe\u0142ni Pa\u0144stwa zr\u00f3\u017cnicowane potrzeby.<\/div>\n<\/div>\n<div style=\"margin-top:15px;padding:0px 15px;padding-bottom:0px;padding-top:0px;padding-left:15px;padding-right:15px;display:inline-block;width:33%;box-sizing:border-box\">\n<div><img decoding=\"async\" style=\"width:100%\" width=\"100%\" src=\"https:\/\/d2qc09rl1gfuof.cloudfront.net\/product\/DDHL800KGXCZH0001\/lift-electric-hoist-m100-5.jpg\" slate-data-type=\"image\"\/> <\/div>\n<div style=\"font-size:16px;font-weight:bold;line-height:36px\">Zdalne sterowanie<\/div>\n<div style=\"font-size:14px\">Przewodowy pilot zdalnego sterowania wyposa\u017cony jest w przyciski g\u00f3ra\/d\u00f3\u0142 oraz lewo\/prawo, co umo\u017cliwia sterowanie wci\u0105gnikiem z du\u017cej odleg\u0142o\u015bci. Dodatkowo, przycisk zatrzymania awaryjnego zwi\u0119ksza bezpiecze\u0144stwo podczas pracy.<\/div>\n<\/div>\n<div style=\"margin-top:15px;padding:0px 15px;padding-bottom:0px;padding-top:0px;padding-left:15px;padding-right:15px;display:inline-block;width:33%;box-sizing:border-box\">\n<div><img decoding=\"async\" style=\"width:100%\" width=\"100%\" src=\"https:\/\/d2qc09rl1gfuof.cloudfront.net\/product\/DDHL800KGXCZH0001\/lift-electric-hoist-m100-6.jpg\" slate-data-type=\"image\"\/> <\/div>\n<div style=\"font-size:16px;font-weight:bold;line-height:36px\">Projektowanie zabezpiecze\u0144<\/div>\n<div style=\"font-size:14px\">Wy\u0142\u0105cznik kra\u0144cowy automatycznie zatrzymuje silnik, uniemo\u017cliwiaj\u0105c przekroczenie \u0142a\u0144cucha ze wzgl\u0119d\u00f3w bezpiecze\u0144stwa. Hak ze stali manganowej z zatrzaskiem i ocynkowany drut stalowy zapewniaj\u0105 podw\u00f3jn\u0105 ochron\u0119 podczas pracy.<\/div>\n<\/div>\n<div style=\"margin-top:15px;padding:0px 15px;padding-bottom:0px;padding-top:0px;padding-left:15px;padding-right:15px;display:inline-block;width:33%;box-sizing:border-box\">\n<div><img decoding=\"async\" style=\"width:100%\" width=\"100%\" src=\"https:\/\/d2qc09rl1gfuof.cloudfront.net\/product\/DDHL800KGXCZH0001\/lift-electric-hoist-m100-7.jpg\" slate-data-type=\"image\"\/> <\/div>\n<div style=\"font-size:16px;font-weight:bold;line-height:36px\">Szerokie zastosowanie<\/div>\n<div style=\"font-size:14px\">Ten elektryczny wci\u0105gnik to doskona\u0142y wyb\u00f3r do podnoszenia przedmiot\u00f3w o regularnych lub nieregularnych kszta\u0142tach, takich jak kamienie, drzewa, kosiarki, silniki itp. Dzi\u0119ki temu jest szeroko stosowany w przemy\u015ble samochodowym, na placach budowy, w logistyce, magazynach itp.<\/div>\n<\/div>\n<\/div>\n<\/div>\n<\/div>\n<div style=\"margin-top:15px;display:flex\">\n<div style=\"width:33%\"><img decoding=\"async\" style=\"width:100%\" width=\"100%\" src=\"https:\/\/d2qc09rl1gfuof.cloudfront.net\/product\/DDHL800KGXCZH0001\/lift-electric-hoist-a100-2.jpg\" slate-data-type=\"image\"\/><\/div>\n<div style=\"padding:0px 15px;padding-bottom:0px;padding-top:0px;padding-left:15px;padding-right:15px;width:33%\">\n<div style=\"font-size:16px;font-weight:bold;line-height:36px\">Specyfikacje<\/div>\n<ul style=\"font-size:14px;border:1px solid rgb(204, 204, 204);margin-top:8px;padding:10px 40px;padding-bottom:10px;padding-top:10px;padding-left:40px;padding-right:40px\">\n<li>\n<p>Wci\u0105gnik elektryczny<\/p>\n<\/li>\n<li>\n<p>Model: PA800<\/p>\n<\/li>\n<li>\n<p>Materia\u0142: \u017celiwo i aluminium<\/p>\n<\/li>\n<li>\n<p>Napi\u0119cie: 220V\/50Hz<\/p>\n<\/li>\n<li>\n<p>Moc: 1300W<\/p>\n<\/li>\n<li>\n<p>Przew\u00f3d pilota zdalnego sterowania: 4,6 stopy \/ 1,4 m<\/p>\n<\/li>\n<li>\n<p>\u015arednica linii: 0,2 cala \/ 5,1 mm<\/p>\n<\/li>\n<li>\n<p>D\u0142ugo\u015b\u0107 kabla: 40 st\u00f3p \/ 12 m, 20 st\u00f3p \/ 6 m<\/p>\n<\/li>\n<li>\n<p>Pr\u0119dko\u015b\u0107 kabla: 40 st\u00f3p\/min (12 m\/min), 20 st\u00f3p\/min (6 m\/min)<\/p>\n<\/li>\n<li>\n<p>No\u015bno\u015b\u0107 znamionowa: podw\u00f3jna lina 1700 funt\u00f3w \/ 800 kg, pojedyncza lina 880 funt\u00f3w \/ 400 kg<\/p>\n<\/li>\n<li>\n<p>Wymiary produktu: 40 x 15 x 35 cm \/ 15,8 x 6 x 13,8 cala<\/p>\n<\/li>\n<li>\n<p>Waga netto: 75 funt\u00f3w \/ 34 kg<\/p>\n<\/li>\n<li>\n<p>W\u00f3zek<\/p>\n<\/li>\n<li>\n<p>No\u015bno\u015b\u0107 znamionowa: 2200 funt\u00f3w \/ 1 T<\/p>\n<\/li>\n<li>\n<p>Pr\u0119dko\u015b\u0107 robocza: 42,7 st\u00f3p\/min (13 m\/min)<\/p>\n<\/li>\n<li>\n<p>Standardowa wysoko\u015b\u0107 robocza: 3 m \/ 10 st\u00f3p<\/p>\n<\/li>\n<li>\n<p>Odpowiednia szeroko\u015b\u0107: 3-4,3 cala (80-110 mm)<\/p>\n<\/li>\n<\/ul>\n<\/div>\n<div style=\"border-left:1px solid rgb(204, 204, 204);padding:0px 15px;padding-bottom:0px;padding-top:0px;padding-left:15px;padding-right:15px;width:33%\">\n<div style=\"width:100%\"><img decoding=\"async\" style=\"width:100%\" width=\"100%\" src=\"https:\/\/d2qc09rl1gfuof.cloudfront.net\/product\/DDHL800KGXCZH0001\/lift-electric-hoist-a100-3.jpg\" slate-data-type=\"image\"\/><\/div>\n<div style=\"font-size:14px;font-weight:bold;line-height:24px\">Zawarto\u015b\u0107 opakowania<\/div>\n<ul style=\"font-size:14px;background-color:rgb(243, 243, 243);border:1px solid rgb(204, 204, 204);margin-top:8px;padding:10px 40px;padding-bottom:10px;padding-top:10px;padding-left:40px;padding-right:40px\">\n<li>\n<p>1 x wci\u0105gnik elektryczny<\/p>\n<\/li>\n<li>\n<p>1 x w\u00f3zek<\/p>\n<\/li>\n<\/ul>\n<\/div>\n<\/div>\n<div> <\/div>\n<div>\n<div style=\"font-size:16px;font-weight:bold;line-height:36px\">Funkcje i szczeg\u00f3\u0142y<\/div>\n<ul style=\"font-size:14px;padding-left:40px\">\n<li>\n<p>W\u00f3zek Premium: wyposa\u017cony w podno\u015bnik elektryczny i w\u00f3zek. Ten wielofunkcyjny produkt doskonale nadaje si\u0119 do podnoszenia ma\u0142ych silnik\u00f3w, skrzy\u0144 bieg\u00f3w, rozbudowanych narz\u0119dzi warsztatowych lub materia\u0142\u00f3w budowlanych. Czteroko\u0142owy w\u00f3zek wykonany jest ze stali Q235, kt\u00f3ra jest odporna na korozj\u0119 i bardziej wytrzyma\u0142a. Regulowana szeroko\u015b\u0107 rozstawu k\u00f3\u0142 bez problemu spe\u0142ni Twoje wymagania. Odpowiednia szeroko\u015b\u0107 wynosi od 80 do 110 mm (3-4,3 cala).<\/p>\n<\/li>\n<li>\n<p>Ud\u017awig 1700 funt\u00f3w: W\u00f3zek podno\u015bnika ma wystarczaj\u0105c\u0105 no\u015bno\u015b\u0107 do podnoszenia r\u00f3\u017cnych przedmiot\u00f3w. Ud\u017awig pojedynczej liny: 880 funt\u00f3w\/400 kg, 40 st\u00f3p\/min (12 m\/min). Ud\u017awig podw\u00f3jnej liny: 1700 funt\u00f3w\/800 kg, 20 st\u00f3p\/min (6 m\/min). Wy\u0142\u0105cznik kra\u0144cowy i hak ze stali manganowej zapobiegaj\u0105 nag\u0142emu upadkowi. Podw\u00f3jna lina: 1700 funt\u00f3w\/800 kg, pojedyncza lina: 880 funt\u00f3w\/400 kg.<\/p>\n<\/li>\n<li>\n<p>Mocny silnik 1300 W: Wysokiej jako\u015bci miedziany silnik zapewnia moc 1800 W, co pozwala na prac\u0119 z du\u017c\u0105 si\u0142\u0105 bez odkszta\u0142ce\u0144 i uszkodze\u0144. Ponadto, du\u017cy wentylator ch\u0142odnicy szybko ch\u0142odzi urz\u0105dzenie dzi\u0119ki zabezpieczeniu przed przegrzaniem. Dzi\u0119ki temu ten mocny silnik zapewnia wysok\u0105 wydajno\u015b\u0107 i cich\u0105 prac\u0119.<\/p>\n<\/li>\n<li>\n<p>Przew\u00f3d steruj\u0105cy o d\u0142ugo\u015bci 4,6 stopy: Nasz wci\u0105gnik elektryczny ze zdalnym sterowaniem odbywa si\u0119 za pomoc\u0105 prze\u0142\u0105cznika w uchwycie. D\u0142ugo\u015b\u0107 przewodu: 4,6 stopy \/ 1,4 m. Sterowanie odbywa si\u0119 za pomoc\u0105 przycisk\u00f3w podnoszenia i opuszczania z du\u017cej odleg\u0142o\u015bci. Ponadto, prze\u0142\u0105cznik ten posiada dodatkowy przycisk zatrzymania awaryjnego, co zapewnia bezpiecze\u0144stwo.<\/p>\n<\/li>\n<li>\n<p>Bezpieczna konstrukcja: Ta elektryczna wci\u0105garka jest wykonana z aluminiowej obudowy i ocynkowanego drutu stalowego, co zapewnia ochron\u0119 przed erozj\u0105, rdz\u0105 i deszczem. D\u0142ugo\u015b\u0107 stalowej liny: 30 m (98 st\u00f3p); \u015brednica: 5,1 mm (0,2 cala). Dzi\u0119ki tej rozs\u0105dnej konstrukcji mo\u017cna korzysta\u0107 z maszyny przez d\u0142ugi czas.<\/p>\n<\/li>\n<\/ul>\n<\/div>\n<\/div>\n<\/div>\n<\/div>\n<p><\/p>\n<\/div>\n<\/div>\n<p><\/p>","protected":false},"excerpt":{"rendered":"<p>Hign-concerned Chemical:&nbsp;None Origin:&nbsp;Mainland China Brand Name:&nbsp;VEVOR Capacity of Single\/Double Cable:&nbsp;1700 lbs\/220 LBS 1700 LBS Power:&nbsp;1300W 2200 LBS Power:&nbsp;1800W Material:&nbsp;Steel,Cast Iron &amp; Aluminum Product Description 1700lbs Electric Hoist With Trolley 1300W<\/p>","protected":false},"featured_media":25321,"comment_status":"open","ping_status":"closed","template":"","meta":{"_acf_changed":false},"product_brand":[],"product_cat":[517],"product_tag":[],"class_list":{"0":"post-25319","1":"product","2":"type-product","3":"status-publish","4":"has-post-thumbnail","6":"product_cat-electric-lifting-hoists","8":"first","9":"instock","10":"shipping-taxable","11":"purchasable","12":"product-type-variable"},"acf":[],"_links":{"self":[{"href":"https:\/\/www.electricstore.eu\/pl\/wp-json\/wp\/v2\/product\/25319","targetHints":{"allow":["GET"]}}],"collection":[{"href":"https:\/\/www.electricstore.eu\/pl\/wp-json\/wp\/v2\/product"}],"about":[{"href":"https:\/\/www.electricstore.eu\/pl\/wp-json\/wp\/v2\/types\/product"}],"replies":[{"embeddable":true,"href":"https:\/\/www.electricstore.eu\/pl\/wp-json\/wp\/v2\/comments?post=25319"}],"wp:featuredmedia":[{"embeddable":true,"href":"https:\/\/www.electricstore.eu\/pl\/wp-json\/wp\/v2\/media\/25321"}],"wp:attachment":[{"href":"https:\/\/www.electricstore.eu\/pl\/wp-json\/wp\/v2\/media?parent=25319"}],"wp:term":[{"taxonomy":"product_brand","embeddable":true,"href":"https:\/\/www.electricstore.eu\/pl\/wp-json\/wp\/v2\/product_brand?post=25319"},{"taxonomy":"product_cat","embeddable":true,"href":"https:\/\/www.electricstore.eu\/pl\/wp-json\/wp\/v2\/product_cat?post=25319"},{"taxonomy":"product_tag","embeddable":true,"href":"https:\/\/www.electricstore.eu\/pl\/wp-json\/wp\/v2\/product_tag?post=25319"}],"curies":[{"name":"wp","href":"https:\/\/api.w.org\/{rel}","templated":true}]}}