{"id":25306,"date":"2025-05-20T18:58:33","date_gmt":"2025-05-20T18:58:33","guid":{"rendered":"https:\/\/electricstore.eu\/p\/uncategorized\/vevor-3000-5000kg-digital-crane-scales-heavy-duty-aluminum-hanging-scale-w-ocs-t-lcd-display-reinforced-ring-hook-for-industry\/"},"modified":"2025-05-20T18:59:27","modified_gmt":"2025-05-20T18:59:27","slug":"vevor-3000-5000kg-digital-crane-scales-heavy-duty-aluminum-hanging-scale-w-ocs-t-lcd-display-reinforced-ring-hook-for-industry","status":"publish","type":"product","link":"https:\/\/www.electricstore.eu\/pl\/p\/o\/electric-lifting-hoists\/vevor-3000-5000kg-digital-crane-scales-heavy-duty-aluminum-hanging-scale-w-ocs-t-lcd-display-reinforced-ring-hook-for-industry\/","title":{"rendered":"VEVOR 3000 5000 kg cyfrowa waga d\u017awigowa, wytrzyma\u0142a aluminiowa waga wisz\u0105ca z wy\u015bwietlaczem LCD OCS-T, wzmocniony hak pier\u015bcieniowy do zastosowa\u0144 przemys\u0142owych"},"content":{"rendered":"<div class=\"product-specs-list-container\">\n<ul class=\"product-specs-list util-clearfix\">\n<li class=\"product-prop line-limit-length\"><span\n                                        class=\"property-title\">Substancja chemiczna budz\u0105ca du\u017ce obawy:&nbsp;<\/span><span\n                                        class=\"property-desc line-limit-length\">Nic<\/span>\n                            <\/li>\n<li class=\"product-prop line-limit-length\"><span\n                                        class=\"property-title\">Typ:&nbsp;<\/span><span\n                                        class=\"property-desc line-limit-length\">Waga d\u017awigowa<\/span>\n                            <\/li>\n<li class=\"product-prop line-limit-length\"><span\n                                        class=\"property-title\">Nazwa marki:&nbsp;<\/span><span\n                                        class=\"property-desc line-limit-length\">WI\u0118ZI\u0106<\/span>\n                            <\/li>\n<li class=\"product-prop line-limit-length\"><span\n                                        class=\"property-title\">Pochodzenie:&nbsp;<\/span><span\n                                        class=\"property-desc line-limit-length\">Chiny kontynentalne<\/span>\n                            <\/li>\n<\/ul><\/div>\n<div class=\"detailmodule_html\">\n<div class=\"detail-desc-decorate-richtext\">\n<div class=\"detailmodule_dynamic\"><kse:widget data-widget-type=\"customText\" id=\"1005000000821364\" type=\"relation\"><\/kse:widget><\/div>\n<div style=\"padding:20px;padding-bottom:20px;padding-top:20px;padding-left:20px;padding-right:20px\">\n<div style=\"text-align:center;width:100%\" align=\"center\"><img decoding=\"async\" src=\"https:\/\/vevor-bmp-prm.s3.ap-east-1.amazonaws.com\/default\/vevor-1.png\" slate-data-type=\"image\"\/><\/div>\n<div style=\"font-size:16px;font-weight:bold;line-height:36px\">Opis produktu<\/div>\n<div style=\"width:100%\"><img decoding=\"async\" src=\"https:\/\/d2qc09rl1gfuof.cloudfront.net\/product\/OCS-T-5TDZDC00001\/crane-scale-a100-1.4.jpg\" slate-data-type=\"image\"\/><\/div>\n<div style=\"margin-top:15px;display:flex\">\n<div style=\"width:33%\"><img decoding=\"async\" style=\"width:100%\" width=\"100%\" src=\"https:\/\/d2qc09rl1gfuof.cloudfront.net\/product\/OCS-T-5TDZDC00001\/crane-scale-x1.jpg\" slate-data-type=\"image\"\/><\/div>\n<div style=\"padding:0px 15px;padding-bottom:0px;padding-top:0px;padding-left:15px;padding-right:15px;width:33%\">\n<div style=\"font-size:16px;font-weight:700;line-height:36px\">11000LBS\/5000KG cyfrowa waga d\u017awigowa aluminiowa<\/div>\n<div style=\"font-size:14px\"><\/div>\n<div style=\"font-size:14px\">Cyfrowa waga d\u017awigowa wykonana jest z wysokiej jako\u015bci aluminium, co zapewnia wysok\u0105 wydajno\u015b\u0107 i d\u0142ugotrwa\u0142\u0105 stabilno\u015b\u0107. Posiada funkcje zerowania, obierania, wy\u015bwietlania na wy\u015bwietlaczu, ostrzegania o przeci\u0105\u017ceniu oraz automatycznego wy\u0142\u0105czania. Cyfrowa waga do ryb jest \u0142atwa w obs\u0142udze i transporcie, dzi\u0119ki czemu znajduje szerokie zastosowanie w magazynach, rolnictwie, \u0142owiectwie, rybo\u0142\u00f3wstwie, warsztatach, biurach i innych firmach.<\/div>\n<ul style=\"font-size:14px;background-color:rgb(243, 243, 243);border:1px solid rgb(204, 204, 204);margin-top:8px;padding:10px 40px;padding-bottom:10px;padding-top:10px;padding-left:40px;padding-right:40px\">\n<li>\n<p>Wytrzyma\u0142a konstrukcja<\/p>\n<\/li>\n<li>\n<p>Bezkompromisowa dok\u0142adno\u015b\u0107<\/p>\n<\/li>\n<li>\n<p>Ekran LCD<\/p>\n<\/li>\n<li>\n<p>\u0141atwy w u\u017cyciu<\/p>\n<\/li>\n<\/ul>\n<\/div>\n<div style=\"border-left:1px solid rgb(204, 204, 204);padding:0px 15px;padding-bottom:0px;padding-top:0px;padding-left:15px;padding-right:15px;width:33%\">\n<div style=\"padding:0px 15px;padding-bottom:0px;padding-top:0px;padding-left:15px;padding-right:15px\">\n<div><img decoding=\"async\" style=\"width:100%\" width=\"100%\" src=\"https:\/\/vevor-bmp-prm.s3.ap-east-1.amazonaws.com\/default\/vevor-2.jpg\" slate-data-type=\"image\"\/><\/div>\n<div style=\"font-size:14px;font-weight:bold;line-height:24px\">Wytrzyma\u0142y sprz\u0119t i narz\u0119dzia, zap\u0142a\u0107 mniej<\/div>\n<div style=\"font-size:12px;margin:8px 0px;margin-bottom:8px;margin-top:8px;margin-left:0px;margin-right:0px\">VEVOR to wiod\u0105ca marka specjalizuj\u0105ca si\u0119 w sprz\u0119cie i narz\u0119dziach. Wraz z tysi\u0105cami zmotywowanych<br \/>Pracownicy VEVOR s\u0105 oddani dostarczaniu naszym klientom wytrzyma\u0142ego sprz\u0119tu i narz\u0119dzi w niezwykle<br \/>Niskie ceny. Obecnie produkty VEVOR s\u0105 sprzedawane w ponad 200 krajach i regionach, a ich liczba wynosi 10 milion\u00f3w.<br \/>plus cz\u0142onkowie na ca\u0142ym \u015bwiecie.<\/div>\n<div style=\"font-size:14px;font-weight:bold;line-height:24px\">Dlaczego warto wybra\u0107 VEVOR?<\/div>\n<ul style=\"font-size:14px;background-color:rgb(243, 243, 243);border:1px solid rgb(204, 204, 204);margin-top:8px;padding:10px 40px;padding-bottom:10px;padding-top:10px;padding-left:40px;padding-right:40px\">\n<li>\n<p>Wytrzyma\u0142a jako\u015b\u0107 premium<\/p>\n<\/li>\n<li>\n<p>Niesamowicie niskie ceny<\/p>\n<\/li>\n<li>\n<p>Szybka i bezpieczna dostawa<\/p>\n<\/li>\n<li>\n<p>30-dniowy bezp\u0142atny zwrot<\/p>\n<\/li>\n<li>\n<p>Ca\u0142odobowa, 7-godzinna, uwa\u017cna obs\u0142uga<\/p>\n<\/li>\n<\/ul>\n<\/div>\n<\/div>\n<\/div>\n<div style=\"margin-top:30px\">\n<div style=\"font-size:16px;font-weight:bold;line-height:36px\">G\u0142\u00f3wne cechy<\/div>\n<div style=\"padding:30px;padding-bottom:30px;padding-top:30px;padding-left:30px;padding-right:30px\">\n<div>\n<div style=\"margin-top:15px;padding:0px 15px;padding-bottom:0px;padding-top:0px;padding-left:15px;padding-right:15px;display:inline-block;width:33%;box-sizing:border-box\">\n<div><img decoding=\"async\" style=\"width:100%\" width=\"100%\" src=\"https:\/\/d2qc09rl1gfuof.cloudfront.net\/product\/OCS-T-5TDZDC00001\/crane-scale-m100-2.jpg\" slate-data-type=\"image\"\/><\/div>\n<div style=\"font-size:16px;font-weight:700;line-height:36px\">Doskona\u0142a jako\u015b\u0107<\/div>\n<div style=\"font-size:14px\">Precyzyjnie uformowana obudowa ze stopu aluminium; proces odlewania klasy przemys\u0142owej, waga wisz\u0105ca o wysokiej niezawodno\u015bci.<\/div>\n<\/div>\n<div style=\"margin-top:15px;padding:0px 15px;padding-bottom:0px;padding-top:0px;padding-left:15px;padding-right:15px;display:inline-block;width:33%;box-sizing:border-box\">\n<div><img decoding=\"async\" style=\"width:100%\" width=\"100%\" src=\"https:\/\/d2qc09rl1gfuof.cloudfront.net\/product\/OCS-T-5TDZDC00001\/crane-scale-m100-3.jpg\" slate-data-type=\"image\"\/><\/div>\n<div style=\"font-size:16px;font-weight:700;line-height:36px\">Dok\u0142adny i wra\u017cliwy<\/div>\n<div style=\"font-size:14px\">Wysokiej jako\u015bci ogniwa wagowe gwarantuj\u0105 sta\u0142e i dok\u0142adne pomiary do 11000 funt\u00f3w lub 5000 kg.<\/div>\n<\/div>\n<div style=\"margin-top:15px;padding:0px 15px;padding-bottom:0px;padding-top:0px;padding-left:15px;padding-right:15px;display:inline-block;width:33%;box-sizing:border-box\">\n<div><img decoding=\"async\" style=\"width:100%\" width=\"100%\" src=\"https:\/\/d2qc09rl1gfuof.cloudfront.net\/product\/OCS-T-5TDZDC00001\/crane-scale-m100-4.jpg\" slate-data-type=\"image\"\/><\/div>\n<div style=\"font-size:16px;font-weight:700;line-height:36px\">Pod\u015bwietlany ekran LCD<\/div>\n<div style=\"font-size:14px\">Wysokiej rozdzielczo\u015bci wy\u015bwietlacz LCD z pod\u015bwietleniem uzupe\u0142nia t\u0119 wydajn\u0105 elektroniczn\u0105 wag\u0119 do ryb. Modu\u0142owy wy\u015bwietlacz LCD, \u0142atwy do odczytania.<\/div>\n<\/div>\n<div style=\"margin-top:15px;padding:0px 15px;padding-bottom:0px;padding-top:0px;padding-left:15px;padding-right:15px;display:inline-block;width:33%;box-sizing:border-box\">\n<div><img decoding=\"async\" style=\"width:100%\" width=\"100%\" src=\"https:\/\/d2qc09rl1gfuof.cloudfront.net\/product\/OCS-T-5TDZDC00001\/crane-scale-m100-5.jpg\" slate-data-type=\"image\"\/><\/div>\n<div style=\"font-size:16px;font-weight:700;line-height:36px\">Bardzo \u0142atwy w u\u017cyciu<\/div>\n<div style=\"font-size:14px\">\u0141atwy w u\u017cyciu i obs\u0142udze, mo\u017cna zawiesi\u0107 rzeczy na haczyku i odczyta\u0107 numery.<\/div>\n<\/div>\n<div style=\"margin-top:15px;padding:0px 15px;padding-bottom:0px;padding-top:0px;padding-left:15px;padding-right:15px;display:inline-block;width:33%;box-sizing:border-box\">\n<div><img decoding=\"async\" style=\"width:100%\" width=\"100%\" src=\"https:\/\/d2qc09rl1gfuof.cloudfront.net\/product\/OCS-T-5TDZDC00001\/crane-scale-m100-6.jpg\" slate-data-type=\"image\"\/><\/div>\n<div style=\"font-size:16px;font-weight:700;line-height:36px\">Wzmocniony pier\u015bcie\u0144 i haczyk<\/div>\n<div style=\"font-size:14px\">Wysokiej wytrzyma\u0142o\u015bci pier\u015bcienie i haki s\u0105 mocne, trwa\u0142e i bezpieczne w u\u017cyciu.<\/div>\n<\/div>\n<div style=\"margin-top:15px;padding:0px 15px;padding-bottom:0px;padding-top:0px;padding-left:15px;padding-right:15px;display:inline-block;width:33%;box-sizing:border-box\">\n<div><img decoding=\"async\" style=\"width:100%\" width=\"100%\" src=\"https:\/\/d2qc09rl1gfuof.cloudfront.net\/product\/OCS-T-5TDZDC00001\/crane-scale-m100-7.jpg\" slate-data-type=\"image\"\/><\/div>\n<div style=\"font-size:16px;font-weight:700;line-height:36px\">Szerokie zastosowanie<\/div>\n<div style=\"font-size:14px\">Waga przemys\u0142owa zapewnia profesjonalne rozwi\u0105zania wa\u017cenia dla przemys\u0142u ci\u0119\u017ckiego i jest szeroko stosowana w magazynach, rolnictwie, \u0142owiectwie, rybo\u0142\u00f3wstwie, warsztatach, biurach i innych przedsi\u0119biorstwach.<\/div>\n<\/div>\n<\/div>\n<\/div>\n<\/div>\n<div style=\"margin-top:15px;display:flex\">\n<div style=\"width:33%\"><img decoding=\"async\" style=\"width:100%\" width=\"100%\" src=\"https:\/\/d2qc09rl1gfuof.cloudfront.net\/product\/OCS-T-5TDZDC00001\/crane-scale-a100-2.jpg\" slate-data-type=\"image\"\/><\/div>\n<div style=\"padding:0px 15px;padding-bottom:0px;padding-top:0px;padding-left:15px;padding-right:15px;width:33%\">\n<div style=\"font-size:16px;font-weight:700;line-height:36px\">Specyfikacje<\/div>\n<ul style=\"font-size:14px;border:1px solid rgb(204, 204, 204);margin-top:8px;padding:10px 40px;padding-bottom:10px;padding-top:10px;padding-left:40px;padding-right:40px\">\n<li>\n<p>Maksymalna \u0142adowno\u015b\u0107: 11000 funt\u00f3w \/ 5000 kg<\/p>\n<\/li>\n<li>\n<p>Minimalna pojemno\u015b\u0107: 88 funt\u00f3w \/ 40 kg<\/p>\n<\/li>\n<li>\n<p>Rozdzielczo\u015b\u0107: 4,4 funta \/ 2 kg<\/p>\n<\/li>\n<li>\n<p>Podzia\u0142: 2500<\/p>\n<\/li>\n<li>\n<p>Klasa dok\u0142adno\u015bci: OIML III<\/p>\n<\/li>\n<li>\n<p>Zakres tary: 100% FS<\/p>\n<\/li>\n<li>\n<p>Zasi\u0119g zerowy: 4% FS<\/p>\n<\/li>\n<li>\n<p>Obci\u0105\u017cenie bezpiecze\u0144stwa: 120% FS<\/p>\n<\/li>\n<li>\n<p>Maksymalne przeci\u0105\u017cenie: 400% FS<\/p>\n<\/li>\n<li>\n<p>Ostrze\u017cenie o przeci\u0105\u017ceniu: 100% FS + 9e<\/p>\n<\/li>\n<li>\n<p>Zakres temperatur: 14\u2109-104\u2109 \/ -10\u2103-40\u2103<\/p>\n<\/li>\n<li>\n<p>Masa ca\u0142kowita: 32,9 funta \/ 14,9 kg<\/p>\n<\/li>\n<li>\n<p>Wymiary: 10,4&quot; x 8,7&quot; x 29,5&quot; \/ 26,5 x 22 x 75 cm<\/p>\n<\/li>\n<\/ul>\n<\/div>\n<div style=\"border-left:1px solid rgb(204, 204, 204);padding:0px 15px;padding-bottom:0px;padding-top:0px;padding-left:15px;padding-right:15px;width:33%\">\n<div style=\"width:100%\"><img decoding=\"async\" style=\"width:100%\" width=\"100%\" src=\"https:\/\/d2qc09rl1gfuof.cloudfront.net\/product\/OCS-T-5TDZDC00001\/crane-scale-a100-3.jpg\" slate-data-type=\"image\"\/><\/div>\n<div style=\"font-size:14px;font-weight:bold;line-height:24px\">Zawarto\u015b\u0107 opakowania<\/div>\n<ul style=\"font-size:14px;background-color:rgb(243, 243, 243);border:1px solid rgb(204, 204, 204);margin-top:8px;padding:10px 40px;padding-bottom:10px;padding-top:10px;padding-left:40px;padding-right:40px\">\n<li>\n<p>1 x waga d\u017awigowa o ud\u017awigu 5000 kg (bez akumulatora)<\/p>\n<\/li>\n<li>\n<p>1 x Pilot zdalnego sterowania<\/p>\n<\/li>\n<li>\n<p>1 x \u0142adowarka akumulatora\/wtyczka zasilaj\u0105ca<\/p>\n<\/li>\n<li>\n<p>1 x Instrukcja obs\u0142ugi<\/p>\n<\/li>\n<\/ul>\n<\/div>\n<\/div>\n<div style=\"margin-top:15px;display:flex\">\n<div style=\"width:33%\"><img decoding=\"async\" style=\"width:100%\" width=\"100%\" src=\"https:\/\/d2qc09rl1gfuof.cloudfront.net\/product\/OCS-T-3000KGDZDC1\/crane-scale-a100-2.jpg\" slate-data-type=\"image\"\/><\/div>\n<div style=\"padding:0px 15px;padding-bottom:0px;padding-top:0px;padding-left:15px;padding-right:15px;width:33%\">\n<div style=\"font-size:16px;font-weight:700;line-height:36px\">Specyfikacje<\/div>\n<ul style=\"font-size:14px;border:1px solid rgb(204, 204, 204);margin-top:8px;padding:10px 40px;padding-bottom:10px;padding-top:10px;padding-left:40px;padding-right:40px\">\n<li>\n<p>Maksymalna \u0142adowno\u015b\u0107: 6600 funt\u00f3w \/ 3000 kg<\/p>\n<\/li>\n<li>\n<p>Minimalna pojemno\u015b\u0107: 44 funty \/ 20 kg<\/p>\n<\/li>\n<li>\n<p>Rozdzielczo\u015b\u0107: 2,2 funta \/ 1 kg<\/p>\n<\/li>\n<li>\n<p>Podzia\u0142: 3000<\/p>\n<\/li>\n<li>\n<p>Klasa dok\u0142adno\u015bci: OIML III<\/p>\n<\/li>\n<li>\n<p>Zakres tary: 100% FS<\/p>\n<\/li>\n<li>\n<p>Zasi\u0119g zerowy: 4% FS<\/p>\n<\/li>\n<li>\n<p>Obci\u0105\u017cenie bezpiecze\u0144stwa: 120% FS<\/p>\n<\/li>\n<li>\n<p>Maksymalne przeci\u0105\u017cenie: 400% FS<\/p>\n<\/li>\n<li>\n<p>Ostrze\u017cenie o przeci\u0105\u017ceniu: 100% FS + 9e<\/p>\n<\/li>\n<li>\n<p>Zakres temperatur: 14\u2109-104\u2109 \/ -10\u2103-40\u2103<\/p>\n<\/li>\n<li>\n<p>Masa ca\u0142kowita: 30 funt\u00f3w \/ 13,7 kg<\/p>\n<\/li>\n<li>\n<p>Wymiary: 10,4&quot; x 8,7&quot; x 26,8&quot; \/ 26,5 x 22 x 68 cm<\/p>\n<\/li>\n<\/ul>\n<\/div>\n<div style=\"border-left:1px solid rgb(204, 204, 204);padding:0px 15px;padding-bottom:0px;padding-top:0px;padding-left:15px;padding-right:15px;width:33%\">\n<div style=\"width:100%\"><img decoding=\"async\" style=\"width:100%\" width=\"100%\" src=\"https:\/\/d2qc09rl1gfuof.cloudfront.net\/product\/OCS-T-3000KGDZDC1\/crane-scale-a100-3.jpg\" slate-data-type=\"image\"\/><\/div>\n<div style=\"font-size:14px;font-weight:bold;line-height:24px\">Zawarto\u015b\u0107 opakowania<\/div>\n<ul style=\"font-size:14px;background-color:rgb(243, 243, 243);border:1px solid rgb(204, 204, 204);margin-top:8px;padding:10px 40px;padding-bottom:10px;padding-top:10px;padding-left:40px;padding-right:40px\">\n<li>\n<p>1 x waga d\u017awigowa o ud\u017awigu 3000 kg (bez akumulatora)<\/p>\n<\/li>\n<li>\n<p>1 x Pilot zdalnego sterowania<\/p>\n<\/li>\n<li>\n<p>1 x \u0142adowarka akumulatora\/wtyczka zasilaj\u0105ca<\/p>\n<\/li>\n<li>\n<p>1 x Instrukcja obs\u0142ugi<\/p>\n<\/li>\n<\/ul>\n<\/div>\n<\/div>\n<div>\n<div style=\"font-size:16px;font-weight:bold;line-height:36px\">Funkcje i szczeg\u00f3\u0142y<\/div>\n<ul style=\"font-size:14px;padding-left:40px\">\n<li>\n<p>Wytrzyma\u0142a konstrukcja: Cyfrowa waga d\u017awigowa jest wykonana z wysokiej jako\u015bci aluminium i charakteryzuje si\u0119 wysok\u0105 stabilno\u015bci\u0105. Wytrzyma\u0142y stalowy hak ma du\u017c\u0105 no\u015bno\u015b\u0107. Trwa\u0142a obudowa sprawia, \u017ce waga jest odporna na uderzenia i wstrz\u0105sy typowe dla du\u017cych prac.<\/p>\n<\/li>\n<li>\n<p>Bezkompromisowa dok\u0142adno\u015b\u0107: cyfrowa waga wisz\u0105ca o maksymalnym ud\u017awigu 5000 kg\/11000 funt\u00f3w jest wyposa\u017cona w dok\u0142adny czujnik, charakteryzuje si\u0119 wysok\u0105 dok\u0142adno\u015bci\u0105 pomiaru, a tak\u017ce funkcjami zerowania, tarowania i przytrzymywania wy\u015bwietlacza.<\/p>\n<\/li>\n<li>\n<p>Ekran LCD: Waga w\u0119dkarska wyposa\u017cona jest w du\u017cy wy\u015bwietlacz LCD z pod\u015bwietleniem i funkcj\u0105 konwersji jednostek. Mo\u017cna wybiera\u0107 mi\u0119dzy funtami i kilogramami. Ponadto waga ma funkcj\u0119 ostrzegania o przeci\u0105\u017ceniu i automatycznego wy\u0142\u0105czania.<\/p>\n<\/li>\n<li>\n<p>Prosta obs\u0142uga: Koniec z du\u017cymi, wisz\u0105cymi wagami. Nasze wagi w\u0119dkarskie s\u0105 proste w obs\u0142udze i kompaktowe, mo\u017cna je wygodnie umie\u015bci\u0107 w schowku samochodowym lub spakowa\u0107 razem ze sprz\u0119tem outdoorowym.<\/p>\n<\/li>\n<li>\n<p>Odkryj wszechstronno\u015b\u0107: elektroniczna waga wisz\u0105ca szybko odczyta ci\u0119\u017car i sprawdzi si\u0119 podczas w\u0119dkowania, polowa\u0144, prac w gospodarstwie rolnym lub na placach budowy, a tak\u017ce innych ci\u0119\u017ckich prac.<\/p>\n<\/li>\n<\/ul>\n<\/div>\n<\/div>\n<div class=\"detailmodule_dynamic\"><kse:widget data-widget-type=\"customText\" id=\"1005000000397265\" type=\"custom\"><\/kse:widget><\/div>\n<p><\/p>\n<\/div>\n<\/div>\n<p><\/p>","protected":false},"excerpt":{"rendered":"<p>Hign-concerned Chemical:&nbsp;None Type:&nbsp;Crane Scale Brand Name:&nbsp;VEVOR Origin:&nbsp;Mainland China Product Description 11000LBS\/5000KG Aluminum Digital Crane Scale The digital crane scale is made of high-quality aluminum, which provides high performance and long-term<\/p>","protected":false},"featured_media":25307,"comment_status":"open","ping_status":"closed","template":"","meta":{"_acf_changed":false},"product_brand":[],"product_cat":[517],"product_tag":[],"class_list":{"0":"post-25306","1":"product","2":"type-product","3":"status-publish","4":"has-post-thumbnail","6":"product_cat-electric-lifting-hoists","8":"first","9":"instock","10":"shipping-taxable","11":"purchasable","12":"product-type-variable"},"acf":[],"_links":{"self":[{"href":"https:\/\/www.electricstore.eu\/pl\/wp-json\/wp\/v2\/product\/25306","targetHints":{"allow":["GET"]}}],"collection":[{"href":"https:\/\/www.electricstore.eu\/pl\/wp-json\/wp\/v2\/product"}],"about":[{"href":"https:\/\/www.electricstore.eu\/pl\/wp-json\/wp\/v2\/types\/product"}],"replies":[{"embeddable":true,"href":"https:\/\/www.electricstore.eu\/pl\/wp-json\/wp\/v2\/comments?post=25306"}],"wp:featuredmedia":[{"embeddable":true,"href":"https:\/\/www.electricstore.eu\/pl\/wp-json\/wp\/v2\/media\/25307"}],"wp:attachment":[{"href":"https:\/\/www.electricstore.eu\/pl\/wp-json\/wp\/v2\/media?parent=25306"}],"wp:term":[{"taxonomy":"product_brand","embeddable":true,"href":"https:\/\/www.electricstore.eu\/pl\/wp-json\/wp\/v2\/product_brand?post=25306"},{"taxonomy":"product_cat","embeddable":true,"href":"https:\/\/www.electricstore.eu\/pl\/wp-json\/wp\/v2\/product_cat?post=25306"},{"taxonomy":"product_tag","embeddable":true,"href":"https:\/\/www.electricstore.eu\/pl\/wp-json\/wp\/v2\/product_tag?post=25306"}],"curies":[{"name":"wp","href":"https:\/\/api.w.org\/{rel}","templated":true}]}}