{"id":25283,"date":"2025-05-20T18:58:26","date_gmt":"2025-05-20T18:58:26","guid":{"rendered":"https:\/\/electricstore.eu\/p\/uncategorized\/vevor-300kg-electric-hoist-lifting-crane-cable-hoist-winch-for-boat-car-garage-elevator-with-wired-remote-control-lifter\/"},"modified":"2025-05-20T18:59:06","modified_gmt":"2025-05-20T18:59:06","slug":"vevor-300kg-electric-hoist-lifting-crane-cable-hoist-winch-for-boat-car-garage-elevator-with-wired-remote-control-lifter","status":"publish","type":"product","link":"https:\/\/www.electricstore.eu\/pl\/p\/o\/electric-lifting-hoists\/vevor-300kg-electric-hoist-lifting-crane-cable-hoist-winch-for-boat-car-garage-elevator-with-wired-remote-control-lifter\/","title":{"rendered":"VEVOR 300 kg Elektryczny podno\u015bnik d\u017awigowy z wci\u0105gark\u0105 linow\u0105 do \u0142odzi, samochod\u00f3w, gara\u017cu, windy z przewodowym pilotem zdalnego sterowania"},"content":{"rendered":"<div class=\"product-specs-list-container\">\n<ul class=\"product-specs-list util-clearfix\">\n<li class=\"product-prop line-limit-length\"><span\n                                        class=\"property-title\">Substancja chemiczna budz\u0105ca du\u017ce obawy:&nbsp;<\/span><span\n                                        class=\"property-desc line-limit-length\">Nic<\/span>\n                            <\/li>\n<li class=\"product-prop line-limit-length\"><span\n                                        class=\"property-title\">Pochodzenie:&nbsp;<\/span><span\n                                        class=\"property-desc line-limit-length\">Chiny kontynentalne<\/span>\n                            <\/li>\n<li class=\"product-prop line-limit-length\"><span\n                                        class=\"property-title\">Nazwa marki:&nbsp;<\/span><span\n                                        class=\"property-desc line-limit-length\">WI\u0118ZI\u0106<\/span>\n                            <\/li>\n<\/ul><\/div>\n<div class=\"detailmodule_dynamic\"><kse:widget data-widget-type=\"customText\" id=\"1005000000572806\" type=\"relation\"><\/kse:widget><\/div>\n<div class=\"detailmodule_html\">\n<div class=\"detail-desc-decorate-richtext\">\n<div style=\"padding:20px;padding-bottom:20px;padding-top:20px;padding-left:20px;padding-right:20px\">\n<div style=\"text-align:center;width:100%\" align=\"center\"><img decoding=\"async\" src=\"https:\/\/vevor-bmp-prm.s3.ap-east-1.amazonaws.com\/default\/vevor-1.png\" slate-data-type=\"image\"\/><\/div>\n<div style=\"font-size:16px;font-weight:bold;line-height:36px\">Opis produktu<\/div>\n<div style=\"width:100%\"><img decoding=\"async\" src=\"https:\/\/d2qc09rl1gfuof.cloudfront.net\/product\/DDHLPA30000000001\/lift-electric-hoist-a100-1.4.jpg\" slate-data-type=\"image\"\/><\/div>\n<div style=\"margin-top:15px;display:flex\">\n<div style=\"width:33%\"><img decoding=\"async\" style=\"width:100%\" width=\"100%\" src=\"https:\/\/d2qc09rl1gfuof.cloudfront.net\/product\/DDHLPA30000000001\/lift-electric-hoist-x1.jpg\" slate-data-type=\"image\"\/><\/div>\n<div style=\"padding:0px 15px;padding-bottom:0px;padding-top:0px;padding-left:15px;padding-right:15px;width:33%\">\n<div style=\"font-size:16px;font-weight:bold;line-height:36px\">Podno\u015bnik elektryczny 660LBS Lift<\/div>\n<div style=\"font-size:14px\"><\/div>\n<div style=\"font-size:14px\">Silnik miedziany 550 W, stalowy drut zabezpieczaj\u0105cy przed obrotem i wysokie bezpiecze\u0144stwo<\/div>\n<ul style=\"font-size:14px;background-color:rgb(243, 243, 243);border:1px solid rgb(204, 204, 204);margin-top:8px;padding:10px 40px;padding-bottom:10px;padding-top:10px;padding-left:40px;padding-right:40px\">\n<li>\n<p>Ten wci\u0105gnik elektryczny zosta\u0142 zaprojektowany do podnoszenia i przemieszczania ci\u0119\u017ckich \u0142adunk\u00f3w. Stalowa konstrukcja i silnik z czystej miedzi zapewniaj\u0105 trwa\u0142o\u015b\u0107 i wysok\u0105 wydajno\u015b\u0107. Wci\u0105gnik mo\u017ce by\u0107 u\u017cywany z pojedyncz\u0105 lin\u0105 o ud\u017awigu 150 kg (330 funt\u00f3w) lub podw\u00f3jn\u0105 lin\u0105 o ud\u017awigu 300 kg (660 funt\u00f3w). To idealne narz\u0119dzie do transportu bliskiego w fabrykach, dokach, magazynach, do podnoszenia towar\u00f3w, na placach budowy i w innych miejscach.<\/p>\n<\/li>\n<li>\n<p>No\u015bno\u015b\u0107 660 funt\u00f3w<\/p>\n<\/li>\n<li>\n<p>Mocny silnik 550 W<\/p>\n<\/li>\n<li>\n<p>Przew\u00f3d steruj\u0105cy o d\u0142ugo\u015bci 3,9 stopy<\/p>\n<\/li>\n<li>\n<p>Struktura Premium<\/p>\n<\/li>\n<\/ul>\n<\/div>\n<div style=\"border-left:1px solid rgb(204, 204, 204);padding:0px 15px;padding-bottom:0px;padding-top:0px;padding-left:15px;padding-right:15px;width:33%\">\n<div>\u00a0<\/div>\n<div style=\"padding:0px 15px;padding-bottom:0px;padding-top:0px;padding-left:15px;padding-right:15px\">\n<div><img decoding=\"async\" style=\"width:100%\" width=\"100%\" src=\"https:\/\/vevor-bmp-prm.s3.ap-east-1.amazonaws.com\/default\/vevor-2.jpg\" slate-data-type=\"image\"\/><\/div>\n<div style=\"font-size:14px;font-weight:bold;line-height:24px\">Wytrzyma\u0142y sprz\u0119t i narz\u0119dzia, zap\u0142a\u0107 mniej<\/div>\n<div style=\"font-size:12px;margin:8px 0px;margin-bottom:8px;margin-top:8px;margin-left:0px;margin-right:0px\">VEVOR to wiod\u0105ca marka specjalizuj\u0105ca si\u0119 w sprz\u0119cie i narz\u0119dziach. Dzi\u0119ki tysi\u0105com zmotywowanych pracownik\u00f3w, VEVOR dok\u0142ada wszelkich stara\u0144, aby dostarcza\u0107 klientom wytrzyma\u0142y sprz\u0119t i narz\u0119dzia w niewiarygodnie niskich cenach. Obecnie produkty VEVOR s\u0105 sprzedawane w ponad 200 krajach i regionach, a liczba cz\u0142onk\u00f3w na ca\u0142ym \u015bwiecie przekracza 10 milion\u00f3w.<\/div>\n<div style=\"font-size:14px;font-weight:bold;line-height:24px\">Dlaczego warto wybra\u0107 VEVOR?<\/div>\n<ul style=\"font-size:14px;background-color:rgb(243, 243, 243);border:1px solid rgb(204, 204, 204);margin-top:8px;padding:10px 40px;padding-bottom:10px;padding-top:10px;padding-left:40px;padding-right:40px\">\n<li>\n<p>Wytrzyma\u0142a jako\u015b\u0107 premium<\/p>\n<\/li>\n<li>\n<p>Niesamowicie niskie ceny<\/p>\n<\/li>\n<li>\n<p>Szybka i bezpieczna dostawa<\/p>\n<\/li>\n<li>\n<p>30-dniowy bezp\u0142atny zwrot<\/p>\n<\/li>\n<li>\n<p>Ca\u0142odobowa, 7-godzinna, uwa\u017cna obs\u0142uga<\/p>\n<\/li>\n<\/ul>\n<\/div>\n<\/div>\n<\/div>\n<div style=\"margin-top:30px\">\n<div style=\"font-size:16px;font-weight:bold;line-height:36px\">G\u0142\u00f3wne cechy<\/div>\n<div style=\"padding:30px;padding-bottom:30px;padding-top:30px;padding-left:30px;padding-right:30px\">\n<div>\n<div style=\"margin-top:15px;padding:0px 15px;padding-bottom:0px;padding-top:0px;padding-left:15px;padding-right:15px;display:inline-block;width:33%;box-sizing:border-box\">\n<div><img decoding=\"async\" style=\"width:100%\" width=\"100%\" src=\"https:\/\/d2qc09rl1gfuof.cloudfront.net\/product\/DDHLPA30000000001\/lift-electric-hoist-m100-2.jpg\" slate-data-type=\"image\"\/><\/div>\n<div style=\"font-size:16px;font-weight:bold;line-height:36px\">Du\u017ca no\u015bno\u015b\u0107<\/div>\n<div style=\"font-size:14px\">Nasz wci\u0105gnik elektryczny spe\u0142nia zr\u00f3\u017cnicowane wymagania dotycz\u0105ce wytrzyma\u0142o\u015bci i twardo\u015bci. Ud\u017awig i pr\u0119dko\u015b\u0107 pojedynczej liny to 150 kg (330 funt\u00f3w), 10 m\/min (32,8 stopy\/min). Ud\u017awig i pr\u0119dko\u015b\u0107 podw\u00f3jnej liny to 300 kg (660 funt\u00f3w), 5 m\/min (16,4 stopy\/min).<\/div>\n<\/div>\n<div style=\"margin-top:15px;padding:0px 15px;padding-bottom:0px;padding-top:0px;padding-left:15px;padding-right:15px;display:inline-block;width:33%;box-sizing:border-box\">\n<div><img decoding=\"async\" style=\"width:100%\" width=\"100%\" src=\"https:\/\/d2qc09rl1gfuof.cloudfront.net\/product\/DDHLPA30000000001\/lift-electric-hoist-m100-3.jpg\" slate-data-type=\"image\"\/><\/div>\n<div style=\"font-size:16px;font-weight:bold;line-height:36px\">Prze\u0142\u0105cznik uchwytowy<\/div>\n<div style=\"font-size:14px\">Przewodowe sterowanie w tym wci\u0105gniku odbywa si\u0119 za pomoc\u0105 prze\u0142\u0105cznika r\u0119cznego. Naciskanie odbywa si\u0119 w g\u00f3r\u0119, a w d\u00f3\u0142 w d\u00f3\u0142. Przew\u00f3d o d\u0142ugo\u015bci oko\u0142o 1,2 m (3,9 stopy) pozwala na sterowanie z pewnej odleg\u0142o\u015bci.<\/div>\n<\/div>\n<div style=\"margin-top:15px;padding:0px 15px;padding-bottom:0px;padding-top:0px;padding-left:15px;padding-right:15px;display:inline-block;width:33%;box-sizing:border-box\">\n<div><img decoding=\"async\" style=\"width:100%\" width=\"100%\" src=\"https:\/\/d2qc09rl1gfuof.cloudfront.net\/product\/DDHLPA30000000001\/lift-electric-hoist-m100-4.jpg\" slate-data-type=\"image\"\/><\/div>\n<div style=\"font-size:16px;font-weight:bold;line-height:36px\">Silnik miedziany wysokiej jako\u015bci<\/div>\n<div style=\"font-size:14px\">Wci\u0105garka elektryczna jest wyposa\u017cona w silnik z czystej miedzi o mocy 550 W, kt\u00f3ry charakteryzuje si\u0119 wysok\u0105 wydajno\u015bci\u0105 i niskim poziomem ha\u0142asu. Co wi\u0119cej, dzi\u0119ki szybkiemu promieniowaniu, wci\u0105garka mo\u017ce pracowa\u0107 nieprzerwanie przez d\u0142ugi czas.<\/div>\n<\/div>\n<div style=\"margin-top:15px;padding:0px 15px;padding-bottom:0px;padding-top:0px;padding-left:15px;padding-right:15px;display:inline-block;width:33%;box-sizing:border-box\">\n<div><img decoding=\"async\" style=\"width:100%\" width=\"100%\" src=\"https:\/\/d2qc09rl1gfuof.cloudfront.net\/product\/DDHLPA30000000001\/lift-electric-hoist-m100-5.jpg\" slate-data-type=\"image\"\/><\/div>\n<div style=\"font-size:16px;font-weight:bold;line-height:36px\">Projektowanie zabezpiecze\u0144<\/div>\n<div style=\"font-size:14px\">Gdy czerwony klocek dotknie wy\u0142\u0105cznika kra\u0144cowego, silnik automatycznie si\u0119 zatrzyma, aby zapobiec przeci\u0105\u017ceniu \u0142a\u0144cuch\u00f3w. Co wi\u0119cej, ocynkowana stalowa linka i hak z zatrzaskiem zapewniaj\u0105 podw\u00f3jn\u0105 ochron\u0119 podczas pracy.<\/div>\n<\/div>\n<div style=\"margin-top:15px;padding:0px 15px;padding-bottom:0px;padding-top:0px;padding-left:15px;padding-right:15px;display:inline-block;width:33%;box-sizing:border-box\">\n<div><img decoding=\"async\" style=\"width:100%\" width=\"100%\" src=\"https:\/\/d2qc09rl1gfuof.cloudfront.net\/product\/DDHLPA30000000001\/lift-electric-hoist-m100-6.jpg\" slate-data-type=\"image\"\/><\/div>\n<div style=\"font-size:16px;font-weight:bold;line-height:36px\">\u0141atwy w instalacji<\/div>\n<div style=\"font-size:14px\">Aby spe\u0142ni\u0107 Pa\u0144stwa potrzeby, nasz wci\u0105gnik elektryczny jest wyposa\u017cony w metalowy pier\u015bcie\u0144 mocuj\u0105cy, kt\u00f3ry mo\u017cna bez problemu zamontowa\u0107. Nale\u017cy pami\u0119ta\u0107, \u017ce szeroko\u015b\u0107 i wysoko\u015b\u0107 dr\u0105\u017cka nie mog\u0105 przekracza\u0107 wewn\u0119trznych wymiar\u00f3w uchwyt\u00f3w monta\u017cowych. Szeroko\u015b\u0107 pier\u015bcienia: 5 cm (2 cale); wysoko\u015b\u0107: 4,5 cm (1,8 cala).<\/div>\n<\/div>\n<div style=\"margin-top:15px;padding:0px 15px;padding-bottom:0px;padding-top:0px;padding-left:15px;padding-right:15px;display:inline-block;width:33%;box-sizing:border-box\">\n<div><img decoding=\"async\" style=\"width:100%\" width=\"100%\" src=\"https:\/\/d2qc09rl1gfuof.cloudfront.net\/product\/DDHLPA30000000001\/lift-electric-hoist-m100-7.jpg\" slate-data-type=\"image\"\/><\/div>\n<div style=\"font-size:16px;font-weight:bold;line-height:36px\">Szerokie zastosowanie<\/div>\n<div style=\"font-size:14px\">Ten elektryczny wci\u0105gnik to doskona\u0142y wyb\u00f3r do podnoszenia przedmiot\u00f3w o regularnych lub nieregularnych kszta\u0142tach, takich jak kamienie, drzewa, kosiarki, silniki itp. Dzi\u0119ki temu jest szeroko stosowany w przemy\u015ble samochodowym, na placach budowy, w logistyce, magazynach itp.<\/div>\n<\/div>\n<\/div>\n<\/div>\n<\/div>\n<div style=\"margin-top:15px;display:flex\">\n<div style=\"width:33%\"><img decoding=\"async\" style=\"width:100%\" width=\"100%\" src=\"https:\/\/d2qc09rl1gfuof.cloudfront.net\/product\/DDHLPA30000000001\/lift-electric-hoist-a100-2.jpg\" slate-data-type=\"image\"\/><\/div>\n<div style=\"padding:0px 15px;padding-bottom:0px;padding-top:0px;padding-left:15px;padding-right:15px;width:33%\">\n<div style=\"font-size:16px;font-weight:bold;line-height:36px\">300 kg<\/div>\n<ul style=\"font-size:14px;border:1px solid rgb(204, 204, 204);margin-top:8px;padding:10px 40px;padding-bottom:10px;padding-top:10px;padding-left:40px;padding-right:40px\">\n<li>\n<p>Model: PA300<\/p>\n<\/li>\n<li>\n<p>Materia\u0142: stop aluminium i stal stopowa<\/p>\n<\/li>\n<li>\n<p>Napi\u0119cie: 110V\/60Hz<\/p>\n<\/li>\n<li>\n<p>Moc: 550 W<\/p>\n<\/li>\n<li>\n<p>No\u015bno\u015b\u0107: 330 funt\u00f3w \/ 150 kg, 660 funt\u00f3w \/ 300 kg<\/p>\n<\/li>\n<li>\n<p>Wysoko\u015b\u0107 podnoszenia: 39,4 stopy \/ 12 m, 19,7 stopy \/ 6 m<\/p>\n<\/li>\n<li>\n<p>Pr\u0119dko\u015b\u0107 podnoszenia: 32,8 st\u00f3p\/min \/ 10 m\/min, 16,4 st\u00f3p\/min \/ 5 m\/min<\/p>\n<\/li>\n<li>\n<p>D\u0142ugo\u015b\u0107 liny stalowej: 39,4 stopy \/ 12 m<\/p>\n<\/li>\n<li>\n<p>D\u0142ugo\u015b\u0107 przewodu zasilaj\u0105cego: 2,1 stopy \/ 0,65 m<\/p>\n<\/li>\n<li>\n<p>D\u0142ugo\u015b\u0107 przewodu pilota: 1,2 m\/3,9 stopy<\/p>\n<\/li>\n<li>\n<p>Szeroko\u015b\u0107 pier\u015bcionka: 2 cale \/ 5 cm<\/p>\n<\/li>\n<li>\n<p>Wysoko\u015b\u0107 pier\u015bcionka: 4,5 cm<\/p>\n<\/li>\n<li>\n<p>Wymiary przedmiotu: 13,5 x 5,5 x 7,8 cala \/ 34,3 x 14 x 19,8 cm<\/p>\n<\/li>\n<li>\n<p>Waga przedmiotu: 24,3 funta \/ 11 kg<\/p>\n<\/li>\n<\/ul>\n<\/div>\n<div style=\"border-left:1px solid rgb(204, 204, 204);padding:0px 15px;padding-bottom:0px;padding-top:0px;padding-left:15px;padding-right:15px;width:33%\">\n<div style=\"width:100%\"><img decoding=\"async\" style=\"width:100%\" width=\"100%\" src=\"https:\/\/d2qc09rl1gfuof.cloudfront.net\/product\/DDHLPA30000000001\/lift-electric-hoist-a100-3.jpg\" slate-data-type=\"image\"\/><\/div>\n<div style=\"font-size:14px;font-weight:bold;line-height:24px\">Zawarto\u015b\u0107 opakowania<\/div>\n<ul style=\"font-size:14px;background-color:rgb(243, 243, 243);border:1px solid rgb(204, 204, 204);margin-top:8px;padding:10px 40px;padding-bottom:10px;padding-top:10px;padding-left:40px;padding-right:40px\">\n<li>\n<p>1 x Podno\u015bnik elektryczny<\/p>\n<\/li>\n<li>\n<p>2 x uchwyty do podnoszenia<\/p>\n<\/li>\n<li>\n<p>1 x Ruchomy bloczek<\/p>\n<\/li>\n<li>\n<p>1 x worek \u015brub<\/p>\n<\/li>\n<\/ul>\n<\/div>\n<\/div>\n<div style=\"margin-top:15px;display:flex\">\n<div style=\"width:33%\"><img decoding=\"async\" style=\"width:100%\" width=\"100%\" src=\"https:\/\/d2qc09rl1gfuof.cloudfront.net\/product\/DDHLPA25000000001\/lift-electric-hoist-a100-2.jpg\" slate-data-type=\"image\"\/><\/div>\n<div style=\"padding:0px 15px;padding-bottom:0px;padding-top:0px;padding-left:15px;padding-right:15px;width:33%\">\n<div style=\"font-size:16px;font-weight:bold;line-height:36px\">250 kg<\/div>\n<ul style=\"font-size:14px;border:1px solid rgb(204, 204, 204);margin-top:8px;padding:10px 40px;padding-bottom:10px;padding-top:10px;padding-left:40px;padding-right:40px\">\n<li>\n<p>Model: PA250<\/p>\n<\/li>\n<li>\n<p>Materia\u0142: stop aluminium i stal stopowa<\/p>\n<\/li>\n<li>\n<p>Napi\u0119cie: 110V\/60Hz<\/p>\n<\/li>\n<li>\n<p>Moc: 500W<\/p>\n<\/li>\n<li>\n<p>No\u015bno\u015b\u0107: 275 funt\u00f3w \/ 125 kg, 550 funt\u00f3w \/ 250 kg<\/p>\n<\/li>\n<li>\n<p>Wysoko\u015b\u0107 podnoszenia: 39,4 stopy \/ 12 m, 19,7 stopy \/ 6 m<\/p>\n<\/li>\n<li>\n<p>Pr\u0119dko\u015b\u0107 podnoszenia: 32,8 st\u00f3p\/min \/ 10 m\/min, 16,4 st\u00f3p\/min \/ 5 m\/min<\/p>\n<\/li>\n<li>\n<p>D\u0142ugo\u015b\u0107 liny stalowej: 39,4 stopy \/ 12 m<\/p>\n<\/li>\n<li>\n<p>D\u0142ugo\u015b\u0107 przewodu zasilaj\u0105cego: 2,1 stopy \/ 0,65 m<\/p>\n<\/li>\n<li>\n<p>D\u0142ugo\u015b\u0107 przewodu pilota: 1,5 m \/ 5 st\u00f3p<\/p>\n<\/li>\n<li>\n<p>Szeroko\u015b\u0107 pier\u015bcionka: 2 cale \/ 5 cm<\/p>\n<\/li>\n<li>\n<p>Wysoko\u015b\u0107 pier\u015bcionka: 4,5 cm<\/p>\n<\/li>\n<li>\n<p>Wymiary przedmiotu: 13,5 x 5,5 x 7,8 cala \/ 34,3 x 14 x 19,8 cm<\/p>\n<\/li>\n<li>\n<p>Waga przedmiotu: 24,3 funta \/ 11 kg<\/p>\n<\/li>\n<\/ul>\n<\/div>\n<div style=\"border-left:1px solid rgb(204, 204, 204);padding:0px 15px;padding-bottom:0px;padding-top:0px;padding-left:15px;padding-right:15px;width:33%\">\n<div style=\"width:100%\"><img decoding=\"async\" style=\"width:100%\" width=\"100%\" src=\"https:\/\/d2qc09rl1gfuof.cloudfront.net\/product\/DDHLPA25000000001\/lift-electric-hoist-a100-3.jpg\" slate-data-type=\"image\"\/><\/div>\n<div style=\"font-size:14px;font-weight:bold;line-height:24px\">Zawarto\u015b\u0107 opakowania<\/div>\n<ul style=\"font-size:14px;background-color:rgb(243, 243, 243);border:1px solid rgb(204, 204, 204);margin-top:8px;padding:10px 40px;padding-bottom:10px;padding-top:10px;padding-left:40px;padding-right:40px\">\n<li>\n<p>1 x Podno\u015bnik elektryczny<\/p>\n<\/li>\n<li>\n<p>2 x uchwyty do podnoszenia<\/p>\n<\/li>\n<li>\n<p>1 x Ruchomy bloczek<\/p>\n<\/li>\n<li>\n<p>1 x worek \u015brub<\/p>\n<\/li>\n<\/ul>\n<\/div>\n<\/div>\n<div style=\"margin-top:15px;display:flex\">\n<div style=\"width:33%\"><img decoding=\"async\" style=\"width:100%\" width=\"100%\" src=\"https:\/\/d2qc09rl1gfuof.cloudfront.net\/product\/DDHLPA50000000001\/lift-electric-hoist-a100-2.jpg\" slate-data-type=\"image\"\/><\/div>\n<div style=\"padding:0px 15px;padding-bottom:0px;padding-top:0px;padding-left:15px;padding-right:15px;width:33%\">\n<div style=\"font-size:16px;font-weight:bold;line-height:36px\">500 kg<\/div>\n<ul style=\"font-size:14px;border:1px solid rgb(204, 204, 204);margin-top:8px;padding:10px 40px;padding-bottom:10px;padding-top:10px;padding-left:40px;padding-right:40px\">\n<li>\n<p>Model: PA500<\/p>\n<\/li>\n<li>\n<p>Materia\u0142: stop aluminium i stal stopowa<\/p>\n<\/li>\n<li>\n<p>Napi\u0119cie: 110V\/60Hz<\/p>\n<\/li>\n<li>\n<p>Moc: 900W<\/p>\n<\/li>\n<li>\n<p>No\u015bno\u015b\u0107: 550 funt\u00f3w \/ 250 kg, 1100 funt\u00f3w \/ 500 kg<\/p>\n<\/li>\n<li>\n<p>Wysoko\u015b\u0107 podnoszenia: 39,4 stopy \/ 12 m, 19,7 stopy \/ 6 m<\/p>\n<\/li>\n<li>\n<p>Pr\u0119dko\u015b\u0107 podnoszenia: 32,8 st\u00f3p\/min \/ 10 m\/min, 16,4 st\u00f3p\/min \/ 5 m\/min<\/p>\n<\/li>\n<li>\n<p>D\u0142ugo\u015b\u0107 liny stalowej: 39,4 stopy \/ 12 m<\/p>\n<\/li>\n<li>\n<p>D\u0142ugo\u015b\u0107 przewodu zasilaj\u0105cego: 2,1 stopy \/ 0,65 m<\/p>\n<\/li>\n<li>\n<p>D\u0142ugo\u015b\u0107 przewodu pilota: 4,3 stopy \/ 1,3 m<\/p>\n<\/li>\n<li>\n<p>Szeroko\u015b\u0107 pier\u015bcionka: 2,2 cala \/ 5,5 cm<\/p>\n<\/li>\n<li>\n<p>Wysoko\u015b\u0107 pier\u015bcionka: 5 cm<\/p>\n<\/li>\n<li>\n<p>Wymiary przedmiotu: 15 x 5,7 x 9,1 cala \/ 38 x 14 x 23 cm<\/p>\n<\/li>\n<li>\n<p>Waga przedmiotu: 33,1 funta \/ 15 kg<\/p>\n<\/li>\n<\/ul>\n<\/div>\n<div style=\"border-left:1px solid rgb(204, 204, 204);padding:0px 15px;padding-bottom:0px;padding-top:0px;padding-left:15px;padding-right:15px;width:33%\">\n<div style=\"width:100%\"><img decoding=\"async\" style=\"width:100%\" width=\"100%\" src=\"https:\/\/d2qc09rl1gfuof.cloudfront.net\/product\/DDHLPA50000000001\/lift-electric-hoist-a100-3.jpg\" slate-data-type=\"image\"\/><\/div>\n<div style=\"font-size:14px;font-weight:bold;line-height:24px\">Zawarto\u015b\u0107 opakowania<\/div>\n<ul style=\"font-size:14px;background-color:rgb(243, 243, 243);border:1px solid rgb(204, 204, 204);margin-top:8px;padding:10px 40px;padding-bottom:10px;padding-top:10px;padding-left:40px;padding-right:40px\">\n<li>\n<p>1 x Podno\u015bnik elektryczny<\/p>\n<\/li>\n<li>\n<p>2 x uchwyty do podnoszenia<\/p>\n<\/li>\n<li>\n<p>1 x Ruchomy bloczek<\/p>\n<\/li>\n<li>\n<p>1 x worek \u015brub<\/p>\n<\/li>\n<\/ul>\n<\/div>\n<\/div>\n<div>\n<div style=\"font-size:16px;font-weight:bold;line-height:36px\">Funkcje i szczeg\u00f3\u0142y<\/div>\n<ul style=\"font-size:14px;padding-left:40px\">\n<li>\n<p>Ud\u017awig 660 funt\u00f3w (ok. 660 funt\u00f3w): Wci\u0105gnik elektryczny z \u0142atwo\u015bci\u0105 podnosi ma\u0142e silniki, przek\u0142adnie lub materia\u0142y budowlane. Obs\u0142uguje dwa tryby podnoszenia dzi\u0119ki stalowemu hakowi z blokad\u0105 bezpiecze\u0144stwa. Ud\u017awig i pr\u0119dko\u015b\u0107 pojedynczej liny to 330 funt\u00f3w\/150 kg, 32,8 stopy\/min (10 m\/min). Ud\u017awig i pr\u0119dko\u015b\u0107 podw\u00f3jnej liny to 660 funt\u00f3w\/300 kg, 16,4 stopy\/min (5 m\/min).<\/p>\n<\/li>\n<li>\n<p>Mocny silnik 550 W: Wysokiej jako\u015bci miedziany silnik zapewnia moc 550 W, kt\u00f3ra pozwala tej wci\u0105garce elektrycznej przenosi\u0107 du\u017ce si\u0142y bez odkszta\u0142ce\u0144. Ponadto, du\u017cy wentylator ch\u0142odnicy szybko ch\u0142odzi maszyn\u0119 dzi\u0119ki zabezpieczeniu przed przegrzaniem. Dzi\u0119ki temu ten mocny silnik zapewnia wysok\u0105 wydajno\u015b\u0107 pracy i oszcz\u0119dza energi\u0119.<\/p>\n<\/li>\n<li>\n<p>Przew\u00f3d steruj\u0105cy o d\u0142ugo\u015bci 3,9 stopy: Nasz wci\u0105gnik elektryczny ze zdalnym sterowaniem jest obs\u0142ugiwany za pomoc\u0105 prze\u0142\u0105cznika r\u0119cznego, kt\u00f3ry jest zamontowany na maszynie, co zapewnia bezpieczn\u0105 odleg\u0142o\u015b\u0107. Ponadto nasz wci\u0105gnik jest wyposa\u017cony w wy\u0142\u0105cznik kra\u0144cowy i spr\u0119\u017cyn\u0119 buforow\u0105, kt\u00f3re automatycznie zatrzymuj\u0105 maszyn\u0119 i zapobiegaj\u0105 jej opadaniu.<\/p>\n<\/li>\n<li>\n<p>Konstrukcja premium: Ta elektryczna wci\u0105garka jest wykonana ze stopu aluminium i ocynkowanego drutu stalowego, co zapewnia ochron\u0119 przed korozj\u0105, rdz\u0105 i deszczem. D\u0142ugo\u015b\u0107 stalowej liny: 12 m (39,4 stopy); \u015brednica: 3 mm (0,12 cala). Ponadto metalowy pier\u015bcie\u0144 mocuj\u0105cy jest regulowany w zale\u017cno\u015bci od potrzeb i \u0142atwy w monta\u017cu.<\/p>\n<\/li>\n<li>\n<p>Szerokie zastosowanie: Wci\u0105gnik mechaniczny nadaje si\u0119 do fabryk, magazyn\u00f3w, plac\u00f3w budowy, zak\u0142ad\u00f3w motoryzacyjnych, na kolei itp. To idealne narz\u0119dzie do pracy w trudnych warunkach wewn\u0119trznych i zewn\u0119trznych. Nale\u017cy dobra\u0107 odpowiedni\u0105 szeroko\u015b\u0107 i wysoko\u015b\u0107 belki, aby dopasowa\u0107 j\u0105 do wewn\u0119trznych wymiar\u00f3w wspornik\u00f3w monta\u017cowych.<\/p>\n<\/li>\n<\/ul>\n<\/div>\n<\/div>\n<div><\/div>\n<\/div>\n<\/div>\n<div class=\"detailmodule_dynamic\"><kse:widget data-widget-type=\"customText\" id=\"1005000000397265\" type=\"custom\"><\/kse:widget><\/div>\n<p><\/p>","protected":false},"excerpt":{"rendered":"<p>Hign-concerned Chemical:&nbsp;None Origin:&nbsp;Mainland China Brand Name:&nbsp;VEVOR Product Description 660LBS Lift Electric Hoist 550W Copper Motor &amp; Anti-Rotate Steel Wire &amp; High Security This lift electric hoist is designed for lifting<\/p>","protected":false},"featured_media":25285,"comment_status":"open","ping_status":"closed","template":"","meta":{"_acf_changed":false},"product_brand":[],"product_cat":[517],"product_tag":[],"class_list":{"0":"post-25283","1":"product","2":"type-product","3":"status-publish","4":"has-post-thumbnail","6":"product_cat-electric-lifting-hoists","8":"first","9":"instock","10":"shipping-taxable","11":"purchasable","12":"product-type-variable"},"acf":[],"_links":{"self":[{"href":"https:\/\/www.electricstore.eu\/pl\/wp-json\/wp\/v2\/product\/25283","targetHints":{"allow":["GET"]}}],"collection":[{"href":"https:\/\/www.electricstore.eu\/pl\/wp-json\/wp\/v2\/product"}],"about":[{"href":"https:\/\/www.electricstore.eu\/pl\/wp-json\/wp\/v2\/types\/product"}],"replies":[{"embeddable":true,"href":"https:\/\/www.electricstore.eu\/pl\/wp-json\/wp\/v2\/comments?post=25283"}],"wp:featuredmedia":[{"embeddable":true,"href":"https:\/\/www.electricstore.eu\/pl\/wp-json\/wp\/v2\/media\/25285"}],"wp:attachment":[{"href":"https:\/\/www.electricstore.eu\/pl\/wp-json\/wp\/v2\/media?parent=25283"}],"wp:term":[{"taxonomy":"product_brand","embeddable":true,"href":"https:\/\/www.electricstore.eu\/pl\/wp-json\/wp\/v2\/product_brand?post=25283"},{"taxonomy":"product_cat","embeddable":true,"href":"https:\/\/www.electricstore.eu\/pl\/wp-json\/wp\/v2\/product_cat?post=25283"},{"taxonomy":"product_tag","embeddable":true,"href":"https:\/\/www.electricstore.eu\/pl\/wp-json\/wp\/v2\/product_tag?post=25283"}],"curies":[{"name":"wp","href":"https:\/\/api.w.org\/{rel}","templated":true}]}}