{"id":25065,"date":"2025-05-20T18:44:10","date_gmt":"2025-05-20T18:44:10","guid":{"rendered":"https:\/\/electricstore.eu\/p\/uncategorized\/vevor-4000lbs-electric-winch-with-39ft-7-strands-steel-cable-wireless-wired-remote-control-atv-utv-winch-for-truck-towing\/"},"modified":"2025-05-20T18:48:23","modified_gmt":"2025-05-20T18:48:23","slug":"vevor-4000lbs-electric-winch-with-39ft-7-strands-steel-cable-wireless-wired-remote-control-atv-utv-winch-for-truck-towing","status":"publish","type":"product","link":"https:\/\/www.electricstore.eu\/pl\/p\/o\/electric-winches\/vevor-4000lbs-electric-winch-with-39ft-7-strands-steel-cable-wireless-wired-remote-control-atv-utv-winch-for-truck-towing\/","title":{"rendered":"VEVOR 4000lbs Elektryczna wyci\u0105garka z 39-stopow\u0105, 7-\u017cy\u0142ow\u0105 stalow\u0105 link\u0105, bezprzewodowa i przewodowa, zdalnie sterowana wyci\u0105garka ATV\/UTV do holowania ci\u0119\u017car\u00f3wek"},"content":{"rendered":"<div class=\"product-specs-list-container\">\n<ul class=\"product-specs-list util-clearfix\">\n<li class=\"product-prop line-limit-length\"><span\n                                        class=\"property-title\">Substancja chemiczna budz\u0105ca du\u017ce obawy:&nbsp;<\/span><span\n                                        class=\"property-desc line-limit-length\">Nic<\/span>\n                            <\/li>\n<li class=\"product-prop line-limit-length\"><span\n                                        class=\"property-title\">Pochodzenie:&nbsp;<\/span><span\n                                        class=\"property-desc line-limit-length\">Chiny kontynentalne<\/span>\n                            <\/li>\n<li class=\"product-prop line-limit-length\"><span\n                                        class=\"property-title\">Nazwa marki:&nbsp;<\/span><span\n                                        class=\"property-desc line-limit-length\">WI\u0118ZI\u0106<\/span>\n                            <\/li>\n<li class=\"product-prop line-limit-length\"><span\n                                        class=\"property-title\">Numer modelu przedmiotu:&nbsp;<\/span><span\n                                        class=\"property-desc line-limit-length\">P3000-1C<\/span>\n                            <\/li>\n<li class=\"product-prop line-limit-length\"><span\n                                        class=\"property-title\">Materia\u0142 kabla:&nbsp;<\/span><span\n                                        class=\"property-desc line-limit-length\">Stal, 7 splot\u00f3w<\/span>\n                            <\/li>\n<li class=\"product-prop line-limit-length\"><span\n                                        class=\"property-title\">Napi\u0119cie\/Moc:&nbsp;<\/span><span\n                                        class=\"property-desc line-limit-length\">12 V DC\/1,3 KM<\/span>\n                            <\/li>\n<li class=\"product-prop line-limit-length\"><span\n                                        class=\"property-title\">Prze\u0142o\u017cenie:&nbsp;<\/span><span\n                                        class=\"property-desc line-limit-length\">153:1<\/span>\n                            <\/li>\n<li class=\"product-prop line-limit-length\"><span\n                                        class=\"property-title\">Masa netto:&nbsp;<\/span><span\n                                        class=\"property-desc line-limit-length\">18,5 funta\/8,4 kg<\/span>\n                            <\/li>\n<\/ul><\/div>\n<div class=\"detailmodule_html\">\n<div class=\"detail-desc-decorate-richtext\">\n<div style=\"font-family:&quot;Open sans&quot;, Arial, Helvetica, sans-serif\">\n<div style=\"font-family:&quot;Open sans&quot;, Arial, Helvetica, sans-serif;font-size:medium;font-weight:400;letter-spacing:normal;text-align:start;white-space:normal;color:rgb(0, 0, 0);margin:0px;margin-bottom:0px;margin-top:0px;margin-left:0px;margin-right:0px;padding:0px;padding-bottom:0px;padding-top:0px;padding-left:0px;padding-right:0px\" align=\"start\"><img decoding=\"async\" style=\"margin:0px;margin-bottom:0px;margin-top:0px;margin-left:0px;margin-right:0px;padding:0px;padding-bottom:0px;padding-top:0px;padding-left:0px;padding-right:0px;max-width:100%;width:918.667px\" width=\"918.667px\" src=\"https:\/\/d2qc09rl1gfuof.cloudfront.net\/vevor\/boutique-banner\/pc\/banner-en.jpg\" slate-data-type=\"image\"\/><\/div>\n<div style=\"font-family:&quot;Open sans&quot;, Arial, Helvetica, sans-serif;font-size:medium;font-weight:400;letter-spacing:normal;text-align:start;white-space:normal;color:rgb(0, 0, 0);margin:0px;margin-bottom:0px;margin-top:0px;margin-left:0px;margin-right:0px;padding:0px;padding-bottom:0px;padding-top:0px;padding-left:0px;padding-right:0px\" align=\"start\">\n<div style=\"font-size:16px;font-weight:bold;text-align:center;color:rgb(34, 34, 34);margin:24px 0px;margin-bottom:24px;margin-top:24px;margin-left:0px;margin-right:0px;padding:0px;padding-bottom:0px;padding-top:0px;padding-left:0px;padding-right:0px\" align=\"center\">Wyci\u0105garka elektryczna do quad\u00f3w o ud\u017awigu 4000 funt\u00f3w. Pewne pokonywanie ka\u017cdego terenu.<\/div>\n<div style=\"margin:0px;margin-bottom:0px;margin-top:0px;margin-left:0px;margin-right:0px;padding:0px;padding-bottom:0px;padding-top:0px;padding-left:0px;padding-right:0px\"><img decoding=\"async\" style=\"margin:0px;margin-bottom:0px;margin-top:0px;margin-left:0px;margin-right:0px;padding:0px;padding-bottom:0px;padding-top:0px;padding-left:0px;padding-right:0px;max-width:100%;width:918.667px\" width=\"918.667px\" src=\"https:\/\/d2qc09rl1gfuof.cloudfront.net\/product\/ATVGSSJPYXWXEJRPB\/electric-winch-a100-1.4-pt.jpg\" slate-data-type=\"image\"\/><\/div>\n<div style=\"font-size:14px;text-align:center;color:rgb(34, 34, 34);margin:16px 0px 24px;margin-bottom:24px;margin-top:16px;margin-left:0px;margin-right:0px;padding:0px;padding-bottom:0px;padding-top:0px;padding-left:0px;padding-right:0px\" align=\"center\">Nasza wytrzyma\u0142a wci\u0105garka elektryczna charakteryzuje si\u0119 uci\u0105giem liny o sile 4000 funt\u00f3w (1800 kg) i stopniem wodoodporno\u015bci IP55, co czyni j\u0105 idealn\u0105 do wyci\u0105gania quada lub UTV z lepkiego b\u0142ota. Dzi\u0119ki miedzianemu silnikowi z magnesami trwa\u0142ymi o napi\u0119ciu 12 V DC i mocy 1,3 KM, prze\u0142o\u017ceniu 153:1 i stalowej lince, nie utkniesz na d\u0142ugo.<\/div>\n<\/div>\n<div style=\"font-family:&quot;Open sans&quot;, Arial, Helvetica, sans-serif;font-size:medium;font-weight:400;letter-spacing:normal;text-align:start;white-space:normal;color:rgb(0, 0, 0);margin:0px;margin-bottom:0px;margin-top:0px;margin-left:0px;margin-right:0px;padding:0px;padding-bottom:0px;padding-top:0px;padding-left:0px;padding-right:0px\" align=\"start\">\n<div style=\"margin:8px 0px;margin-bottom:8px;margin-top:8px;margin-left:0px;margin-right:0px;padding:0px;padding-bottom:0px;padding-top:0px;padding-left:0px;padding-right:0px\"><img decoding=\"async\" style=\"margin:0px;margin-bottom:0px;margin-top:0px;margin-left:0px;margin-right:0px;padding:0px;padding-bottom:0px;padding-top:0px;padding-left:0px;padding-right:0px;max-width:100%;width:918.667px\" width=\"918.667px\" src=\"https:\/\/d2qc09rl1gfuof.cloudfront.net\/product\/ATVGSSJPYXWXEJRPB\/electric-winch-a100-2.2-pt.jpg\" slate-data-type=\"image\"\/><\/div>\n<div style=\"font-size:14px;text-align:center;color:rgb(34, 34, 34);margin:16px 0px 24px;margin-bottom:24px;margin-top:16px;margin-left:0px;margin-right:0px;padding:0px;padding-bottom:0px;padding-top:0px;padding-left:0px;padding-right:0px\" align=\"center\">Nasza wyci\u0105garka elektryczna jest nap\u0119dzana solidnym miedzianym silnikiem 12 V DC\/1,3 KM, kt\u00f3ry zapewnia sta\u0142\u0105 i wydajn\u0105 moc za ka\u017cdym razem. Dzi\u0119ki zaawansowanej przek\u0142adni planetarnej i prze\u0142o\u017ceniu 153:1, mo\u017cesz cieszy\u0107 si\u0119 p\u0142ynnym i niezawodnym naci\u0105giem liny nawet w trudnych warunkach pogodowych lub g\u0142\u0119bokim b\u0142ocie.<\/div>\n<\/div>\n<div style=\"font-family:&quot;Open sans&quot;, Arial, Helvetica, sans-serif;font-size:medium;font-weight:400;letter-spacing:normal;text-align:start;white-space:normal;color:rgb(0, 0, 0);margin:0px;margin-bottom:0px;margin-top:0px;margin-left:0px;margin-right:0px;padding:0px;padding-bottom:0px;padding-top:0px;padding-left:0px;padding-right:0px\" align=\"start\">\n<div style=\"margin:8px 0px;margin-bottom:8px;margin-top:8px;margin-left:0px;margin-right:0px;padding:0px;padding-bottom:0px;padding-top:0px;padding-left:0px;padding-right:0px\"><img decoding=\"async\" style=\"margin:0px;margin-bottom:0px;margin-top:0px;margin-left:0px;margin-right:0px;padding:0px;padding-bottom:0px;padding-top:0px;padding-left:0px;padding-right:0px;max-width:100%;width:918.667px\" width=\"918.667px\" src=\"https:\/\/d2qc09rl1gfuof.cloudfront.net\/product\/ATVGSSJPYXWXEJRPB\/electric-winch-a100-2.3-pt.jpg\" slate-data-type=\"image\"\/><\/div>\n<div style=\"font-size:14px;text-align:center;color:rgb(34, 34, 34);margin:16px 0px 24px;margin-bottom:24px;margin-top:16px;margin-left:0px;margin-right:0px;padding:0px;padding-bottom:0px;padding-top:0px;padding-left:0px;padding-right:0px\" align=\"center\">Nasza wyci\u0105garka do quad\u00f3w zosta\u0142a wyposa\u017cona w wysokiej jako\u015bci link\u0119 z czerwonymi oznaczeniami na ostatnich 5 rolkach dla dodatkowego bezpiecze\u0144stwa. Posiada klas\u0119 wodoodporno\u015bci IP55 i solidne, czarne, matowe wyko\u0144czenie, dzi\u0119ki czemu bez problemu poradzi sobie z ulewnym deszczem i trudnymi warunkami.<\/div>\n<\/div>\n<div style=\"font-family:&quot;Open sans&quot;, Arial, Helvetica, sans-serif;font-size:medium;font-weight:400;letter-spacing:normal;text-align:start;white-space:normal;color:rgb(0, 0, 0);margin:0px;margin-bottom:0px;margin-top:0px;margin-left:0px;margin-right:0px;padding:0px;padding-bottom:0px;padding-top:0px;padding-left:0px;padding-right:0px\" align=\"start\">\n<div style=\"margin:8px 0px;margin-bottom:8px;margin-top:8px;margin-left:0px;margin-right:0px;padding:0px;padding-bottom:0px;padding-top:0px;padding-left:0px;padding-right:0px\"><img decoding=\"async\" style=\"margin:0px;margin-bottom:0px;margin-top:0px;margin-left:0px;margin-right:0px;padding:0px;padding-bottom:0px;padding-top:0px;padding-left:0px;padding-right:0px;max-width:100%;width:918.667px\" width=\"918.667px\" src=\"https:\/\/d2qc09rl1gfuof.cloudfront.net\/product\/ATVGSSJPYXWXEJRPB\/electric-winch-a100-2.4-pt.jpg\" slate-data-type=\"image\"\/><\/div>\n<div style=\"font-size:14px;text-align:center;color:rgb(34, 34, 34);margin:16px 0px 24px;margin-bottom:24px;margin-top:16px;margin-left:0px;margin-right:0px;padding:0px;padding-bottom:0px;padding-top:0px;padding-left:0px;padding-right:0px\" align=\"center\">Zaprojektowana z my\u015bl\u0105 o trudnych wyzwaniach, nasza lina do wyci\u0105garek UTV jest odporna na trudne warunki atmosferyczne i ekstremalne temperatury, umo\u017cliwiaj\u0105c wykonywanie r\u00f3\u017cnorodnych zada\u0144 z nominaln\u0105 si\u0142\u0105 uci\u0105gu bez zerwania. Dodatkowo, dzi\u0119ki wyra\u017anym oznaczeniom obci\u0105\u017cenia na ka\u017cdej warstwie, zyskujesz zar\u00f3wno doskona\u0142\u0105 integralno\u015b\u0107 materia\u0142u, jak i bezpiecze\u0144stwo ci\u0105gni\u0119cia.<\/div>\n<\/div>\n<div style=\"font-family:&quot;Open sans&quot;, Arial, Helvetica, sans-serif;font-size:medium;font-weight:400;letter-spacing:normal;text-align:start;white-space:normal;color:rgb(0, 0, 0);margin:0px;margin-bottom:0px;margin-top:0px;margin-left:0px;margin-right:0px;padding:0px;padding-bottom:0px;padding-top:0px;padding-left:0px;padding-right:0px\" align=\"start\">\n<div style=\"margin:8px 0px;margin-bottom:8px;margin-top:8px;margin-left:0px;margin-right:0px;padding:0px;padding-bottom:0px;padding-top:0px;padding-left:0px;padding-right:0px\"><img decoding=\"async\" style=\"margin:0px;margin-bottom:0px;margin-top:0px;margin-left:0px;margin-right:0px;padding:0px;padding-bottom:0px;padding-top:0px;padding-left:0px;padding-right:0px;max-width:100%;width:918.667px\" width=\"918.667px\" src=\"https:\/\/d2qc09rl1gfuof.cloudfront.net\/product\/ATVGSSJPYXWXEJRPB\/electric-winch-a100-2.5-pt.jpg\" slate-data-type=\"image\"\/><\/div>\n<div style=\"font-size:14px;text-align:center;color:rgb(34, 34, 34);margin:16px 0px 24px;margin-bottom:24px;margin-top:16px;margin-left:0px;margin-right:0px;padding:0px;padding-bottom:0px;padding-top:0px;padding-left:0px;padding-right:0px\" align=\"center\">Po\u017cegnaj si\u0119 z zamieszaniem zwi\u0105zanym z okablowaniem! Nasza 12-woltowa wyci\u0105garka jest wyposa\u017cona w kolorowe kable zasilaj\u0105ce, co zapewnia szybk\u0105 i bezb\u0142\u0119dn\u0105 konfiguracj\u0119. Za pomoc\u0105 przewodowego pilota wystarczy pod\u0142\u0105czy\u0107 przewody zasilaj\u0105ce, a holowanie pojazdu b\u0119dzie p\u0142ynne i efektywne.<\/div>\n<\/div>\n<div style=\"font-family:&quot;Open sans&quot;, Arial, Helvetica, sans-serif;font-size:medium;font-weight:400;letter-spacing:normal;text-align:start;white-space:normal;color:rgb(0, 0, 0);margin:16px 0px 24px;margin-bottom:24px;margin-top:16px;margin-left:0px;margin-right:0px;padding:0px;padding-bottom:0px;padding-top:0px;padding-left:0px;padding-right:0px\" align=\"start\"><\/div>\n<div style=\"font-family:&quot;Open sans&quot;, Arial, Helvetica, sans-serif;font-size:medium;font-weight:400;letter-spacing:normal;text-align:start;white-space:normal;color:rgb(0, 0, 0);margin:24px 0px;margin-bottom:24px;margin-top:24px;margin-left:0px;margin-right:0px;padding:0px;padding-bottom:0px;padding-top:0px;padding-left:0px;padding-right:0px\" align=\"start\">\n<div style=\"font-size:16px;font-weight:bold;color:rgb(34, 34, 34);margin:24px 0px 16px;margin-bottom:16px;margin-top:24px;margin-left:0px;margin-right:0px;padding:0px;padding-bottom:0px;padding-top:0px;padding-left:0px;padding-right:0px\">Funkcje i szczeg\u00f3\u0142y<\/div>\n<ul style=\"margin:16px 0px 24px;margin-bottom:24px;margin-top:16px;margin-left:0px;margin-right:0px;padding:0px;padding-bottom:0px;padding-top:0px;padding-left:0px;padding-right:0px\">\n<li style=\"font-size:14px;color:rgb(34, 34, 34);margin:0px;margin-bottom:0px;margin-top:0px;margin-left:0px;margin-right:0px;padding:0px;padding-bottom:0px;padding-top:0px;padding-left:0px;padding-right:0px\">\n<p>Zapasowe zasilanie Twojego pojazdu: Zaprojektowana specjalnie do holowania w terenie, nasza wytrzyma\u0142a wyci\u0105garka elektryczna oferuje uci\u0105g liny o sile 1800 kg (4000 funt\u00f3w). Gdy Tw\u00f3j pojazd ugrz\u0119\u017anie w b\u0142ocie lub z\u0142apie go ulewa, ta wyci\u0105garka zapewni Ci dodatkow\u0105 moc potrzebn\u0105 do szybkiego powrotu na w\u0142a\u015bciwe tory. Idealna do holowania ma\u0142ych pojazd\u00f3w, takich jak quady i UTV, dzi\u0119ki czemu Twoje przygody nigdy si\u0119 nie sko\u0144cz\u0105.<\/p>\n<\/li>\n<li style=\"font-size:14px;color:rgb(34, 34, 34);margin:0px;margin-bottom:0px;margin-top:0px;margin-left:0px;margin-right:0px;padding:0px;padding-bottom:0px;padding-top:0px;padding-left:0px;padding-right:0px\">\n<p>Moc, kt\u00f3ra wyci\u0105gnie Ci\u0119 z ka\u017cdej opresji: Nasza wyci\u0105garka ATV jest nap\u0119dzana solidnym miedzianym silnikiem 12 V DC\/1,3 KM z magnesami trwa\u0142ymi, kt\u00f3ry zapewnia ci\u0105g\u0142\u0105 i wydajn\u0105 moc, gdy jej najbardziej potrzebujesz. Zaawansowany uk\u0142ad przek\u0142adni planetarnej i prze\u0142o\u017cenie 153:1 zapewniaj\u0105 niezawodn\u0105 i mocn\u0105 si\u0142\u0119 uci\u0105gu. Niezale\u017cnie od tego, czy zmagasz si\u0119 z niesprzyjaj\u0105c\u0105 pogod\u0105, czy g\u0142\u0119bokim b\u0142otem, ta wyci\u0105garka Ci pomo\u017ce, dzi\u0119ki czemu wyci\u0105ganie pojazdu b\u0119dzie \u0142atwe i niezawodne.<\/p>\n<\/li>\n<li style=\"font-size:14px;color:rgb(34, 34, 34);margin:0px;margin-bottom:0px;margin-top:0px;margin-left:0px;margin-right:0px;padding:0px;padding-bottom:0px;padding-top:0px;padding-left:0px;padding-right:0px\">\n<p>Wytrzyma\u0142a stalowa linka: Przygotuj si\u0119 na solidn\u0105 prac\u0119 z nasz\u0105 7-\u017cy\u0142ow\u0105, wytrzyma\u0142\u0105 stalow\u0105 link\u0105. Zaprojektowana z my\u015bl\u0105 o trudnych warunkach i ekstremalnych temperaturach, ta stalowa linka jest wytrzyma\u0142a i wytrzyma ka\u017cde wyzwanie. Dodatkowo, jaskrawoczerwone oznaczenia na ostatnich 5 rolkach zapewniaj\u0105 dobr\u0105 widoczno\u015b\u0107, gwarantuj\u0105c bezpiecze\u0144stwo i trwa\u0142o\u015b\u0107 niezale\u017cnie od tego, jak trudne jest zadanie.<\/p>\n<\/li>\n<li style=\"font-size:14px;color:rgb(34, 34, 34);margin:0px;margin-bottom:0px;margin-top:0px;margin-left:0px;margin-right:0px;padding:0px;padding-bottom:0px;padding-top:0px;padding-left:0px;padding-right:0px\">\n<p>\u0141atwo\u015b\u0107 obs\u0142ugi i bezproblemowa obs\u0142uga: Nasza ma\u0142a wyci\u0105garka oferuje zar\u00f3wno bezprzewodowe, jak i przewodowe opcje zdalnego sterowania, dopasowane do Twoich potrzeb. \u0141atwy w obs\u0142udze bezprzewodowy pilot pozwala na bezproblemowe holowanie pojazdu w zasi\u0119gu 20 m (65,61 stopy), a przewodowy pilot stanowi niezawodn\u0105 alternatyw\u0119 dla precyzyjnego, bezpo\u015bredniego sterowania. Ciesz si\u0119 elastyczno\u015bci\u0105 i wygod\u0105 obu tryb\u00f3w sterowania, aby holowanie pojazdu przebiega\u0142o jak najsprawniej.<\/p>\n<\/li>\n<li style=\"font-size:14px;color:rgb(34, 34, 34);margin:0px;margin-bottom:0px;margin-top:0px;margin-left:0px;margin-right:0px;padding:0px;padding-bottom:0px;padding-top:0px;padding-left:0px;padding-right:0px\">\n<p>Spok\u00f3j ducha i wydajno\u015b\u0107 holowania: Trudna pogoda? \u017baden problem! Nasza wyci\u0105garka elektryczna posiada klas\u0119 wodoodporno\u015bci IP55 i eleganckie, czarne, matowe wyko\u0144czenie, kt\u00f3re zwi\u0119ksza odporno\u015b\u0107 na rdz\u0119 i izolacj\u0119. Jest gotowa na ulewny deszcz, b\u0142oto i inne trudne warunki. Kolorowe kable zasilaj\u0105ce i proste instrukcje oznaczaj\u0105, \u017ce bez problemu j\u0105 roz\u0142o\u017cysz i b\u0119dziesz m\u00f3g\u0142 wr\u00f3ci\u0107 do przyjemno\u015bci z jazdy.<\/p>\n<\/li>\n<\/ul>\n<\/div>\n<div style=\"font-family:&quot;Open sans&quot;, Arial, Helvetica, sans-serif;font-size:medium;font-weight:400;letter-spacing:normal;text-align:start;white-space:normal;color:rgb(0, 0, 0);margin:0px;margin-bottom:0px;margin-top:0px;margin-left:0px;margin-right:0px;padding:0px;padding-bottom:0px;padding-top:0px;padding-left:0px;padding-right:0px\" align=\"start\">\n<div style=\"margin:0px;margin-bottom:0px;margin-top:0px;margin-left:0px;margin-right:0px;padding:0px;padding-bottom:0px;padding-top:0px;padding-left:0px;padding-right:0px\">\n<div style=\"margin:16px 0px 24px;margin-bottom:24px;margin-top:16px;margin-left:0px;margin-right:0px;padding:0px;padding-bottom:0px;padding-top:0px;padding-left:0px;padding-right:0px\"><img decoding=\"async\" style=\"margin:0px;margin-bottom:0px;margin-top:0px;margin-left:0px;margin-right:0px;padding:0px;padding-bottom:0px;padding-top:0px;padding-left:0px;padding-right:0px;max-width:100%;width:918.667px\" width=\"918.667px\" src=\"https:\/\/d2qc09rl1gfuof.cloudfront.net\/product\/ATVGSSJPYXWXEJRPB\/electric-winch-a100-1.11-pt.jpg\" slate-data-type=\"image\"\/><\/div>\n<\/div>\n<\/div>\n<div>\n<p><\/p>\n<\/div>\n<\/div>\n<\/div>\n<\/div>\n<p><\/p>","protected":false},"excerpt":{"rendered":"<p>Hign-concerned Chemical:&nbsp;None Origin:&nbsp;Mainland China Brand Name:&nbsp;VEVOR Item Model Number:&nbsp;P3000-1C Cable Material:&nbsp;Steel, 7 Strands Voltage\/Horsepower:&nbsp;12V DC\/1.3 HP Gear Ratio:&nbsp;153:1 Net Weight:&nbsp;18.5 lbs\/8.4 kg 4000 lbs ATV Electric Winch, Conquer any terrain<\/p>","protected":false},"featured_media":25066,"comment_status":"open","ping_status":"closed","template":"","meta":{"_acf_changed":false},"product_brand":[],"product_cat":[522],"product_tag":[],"class_list":{"0":"post-25065","1":"product","2":"type-product","3":"status-publish","4":"has-post-thumbnail","6":"product_cat-electric-winches","8":"first","9":"instock","10":"shipping-taxable","11":"purchasable","12":"product-type-variable"},"acf":[],"_links":{"self":[{"href":"https:\/\/www.electricstore.eu\/pl\/wp-json\/wp\/v2\/product\/25065","targetHints":{"allow":["GET"]}}],"collection":[{"href":"https:\/\/www.electricstore.eu\/pl\/wp-json\/wp\/v2\/product"}],"about":[{"href":"https:\/\/www.electricstore.eu\/pl\/wp-json\/wp\/v2\/types\/product"}],"replies":[{"embeddable":true,"href":"https:\/\/www.electricstore.eu\/pl\/wp-json\/wp\/v2\/comments?post=25065"}],"wp:featuredmedia":[{"embeddable":true,"href":"https:\/\/www.electricstore.eu\/pl\/wp-json\/wp\/v2\/media\/25066"}],"wp:attachment":[{"href":"https:\/\/www.electricstore.eu\/pl\/wp-json\/wp\/v2\/media?parent=25065"}],"wp:term":[{"taxonomy":"product_brand","embeddable":true,"href":"https:\/\/www.electricstore.eu\/pl\/wp-json\/wp\/v2\/product_brand?post=25065"},{"taxonomy":"product_cat","embeddable":true,"href":"https:\/\/www.electricstore.eu\/pl\/wp-json\/wp\/v2\/product_cat?post=25065"},{"taxonomy":"product_tag","embeddable":true,"href":"https:\/\/www.electricstore.eu\/pl\/wp-json\/wp\/v2\/product_tag?post=25065"}],"curies":[{"name":"wp","href":"https:\/\/api.w.org\/{rel}","templated":true}]}}