{"id":25039,"date":"2025-05-20T18:44:05","date_gmt":"2025-05-20T18:44:05","guid":{"rendered":"https:\/\/electricstore.eu\/p\/uncategorized\/vevor-come-along-winch-2-4-5-ton-pulling-capacity-heavy-duty-ratchet-automotive-hoist-power-cable-puller-for-vehicle-rescue\/"},"modified":"2025-05-20T18:48:06","modified_gmt":"2025-05-20T18:48:06","slug":"vevor-come-along-winch-2-4-5-ton-pulling-capacity-heavy-duty-ratchet-automotive-hoist-power-cable-puller-for-vehicle-rescue","status":"publish","type":"product","link":"https:\/\/www.electricstore.eu\/pl\/p\/o\/electric-lifting-hoists\/vevor-come-along-winch-2-4-5-ton-pulling-capacity-heavy-duty-ratchet-automotive-hoist-power-cable-puller-for-vehicle-rescue\/","title":{"rendered":"Wci\u0105garka VEVOR Come Along o ud\u017awigu 2\/4\/5 ton, wytrzyma\u0142a grzechotka, wci\u0105garka samochodowa, wyci\u0105garka kabli elektrycznych do ratownictwa samochodowego"},"content":{"rendered":"<div class=\"product-specs-list-container\">\n<ul class=\"product-specs-list util-clearfix\">\n<li class=\"product-prop line-limit-length\"><span\n                                        class=\"property-title\">Substancja chemiczna budz\u0105ca du\u017ce obawy:&nbsp;<\/span><span\n                                        class=\"property-desc line-limit-length\">Nic<\/span>\n                            <\/li>\n<li class=\"product-prop line-limit-length\"><span\n                                        class=\"property-title\">Pochodzenie:&nbsp;<\/span><span\n                                        class=\"property-desc line-limit-length\">Chiny kontynentalne<\/span>\n                            <\/li>\n<li class=\"product-prop line-limit-length\"><span\n                                        class=\"property-title\">Nazwa marki:&nbsp;<\/span><span\n                                        class=\"property-desc line-limit-length\">WI\u0118ZI\u0106<\/span>\n                            <\/li>\n<li class=\"product-prop line-limit-length\"><span\n                                        class=\"property-title\">Marka:&nbsp;<\/span><span\n                                        class=\"property-desc line-limit-length\">WI\u0118ZI\u0106<\/span>\n                            <\/li>\n<li class=\"product-prop line-limit-length\"><span\n                                        class=\"property-title\">Maksymalna \u0142adowno\u015b\u0107:&nbsp;<\/span><span\n                                        class=\"property-desc line-limit-length\">2\/4\/5T<\/span>\n                            <\/li>\n<li class=\"product-prop line-limit-length\"><span\n                                        class=\"property-title\">Funkcja 1:&nbsp;<\/span><span\n                                        class=\"property-desc line-limit-length\">Z 2 haczykami<\/span>\n                            <\/li>\n<li class=\"product-prop line-limit-length\"><span\n                                        class=\"property-title\">Funkcja 2:&nbsp;<\/span><span\n                                        class=\"property-desc line-limit-length\">Przyjd\u017a wyci\u0105gark\u0105<\/span>\n                            <\/li>\n<li class=\"product-prop line-limit-length\"><span\n                                        class=\"property-title\">Funkcja 3:&nbsp;<\/span><span\n                                        class=\"property-desc line-limit-length\">Wci\u0105gnik linowy Ratchet Automotive Hoist Power Cable Puller<\/span>\n                            <\/li>\n<li class=\"product-prop line-limit-length\"><span\n                                        class=\"property-title\">Funkcja 4:&nbsp;<\/span><span\n                                        class=\"property-desc line-limit-length\">dla ratownictwa samochodowego<\/span>\n                            <\/li>\n<\/ul><\/div>\n<div class=\"detailmodule_html\">\n<div class=\"detail-desc-decorate-richtext\">\n<div class=\"detailmodule_dynamic\"><kse:widget data-widget-type=\"customText\" id=\"1005000000572806\" type=\"relation\"><\/kse:widget><\/div>\n<div style=\"font-family:&quot;Open sans&quot;, Arial, Helvetica, sans-serif\">\n<div><img decoding=\"async\" style=\"width:100%\" width=\"100%\" src=\"https:\/\/d2qc09rl1gfuof.cloudfront.net\/vevor\/boutique-banner\/pc\/banner-en.jpg\" slate-data-type=\"image\"\/><\/div>\n<div>\n<div><\/div>\n<p style=\"text-align:center\" align=\"center\"><span style=\"color:rgb(15, 17, 17);font-size:26px;font-family:Arial\">Twoje miejsce do pracy w zakresie holowania i transportu<\/span><\/p>\n<div><img decoding=\"async\" style=\"width:100%\" width=\"100%\" src=\"https:\/\/d2qc09rl1gfuof.cloudfront.net\/product\/GSSJXQ2T13YCZS88W\/power-puller-a100-1.4.jpg\" slate-data-type=\"image\"\/><\/div>\n<div style=\"font-size:14px;text-align:center;color:rgb(34, 34, 34);margin:16px 0px 24px;margin-bottom:24px;margin-top:16px;margin-left:0px;margin-right:0px\" align=\"center\"><span style=\"color:rgb(15, 17, 17);font-size:20px;font-family:Arial\">Potrzebujesz naprawd\u0119 du\u017cej si\u0142y uci\u0105gu? Wci\u0105garka VEVOR spe\u0142ni Twoje oczekiwania. Dzi\u0119ki solidnej, jednocz\u0119\u015bciowej konstrukcji, bez trudu przesunie si\u0119, zabezpieczaj\u0105c przenoszone przedmioty. Idealna do ratowania pojazd\u00f3w, przenoszenia materia\u0142\u00f3w, usuwania pni drzew czy przenoszenia mebli \u2013 zaspokoimy Twoje pilne potrzeby!<\/span><\/div>\n<\/div>\n<div>\n<div style=\"margin:8px 0px;margin-bottom:8px;margin-top:8px;margin-left:0px;margin-right:0px\"><img decoding=\"async\" style=\"width:100%\" width=\"100%\" src=\"https:\/\/d2qc09rl1gfuof.cloudfront.net\/product\/GSSJXQ2T13YCZS88W\/power-puller-a100-2.2.jpg\" slate-data-type=\"image\"\/><\/div>\n<div style=\"font-size:14px;text-align:center;color:rgb(34, 34, 34);margin:16px 0px 24px;margin-bottom:24px;margin-top:16px;margin-left:0px;margin-right:0px\" align=\"center\"><span style=\"color:rgb(15, 17, 17);font-size:20px;font-family:Arial\">Ta grzechotka jest wyposa\u017cona w link\u0119 ze stali w\u0119glowej klasy przemys\u0142owej. Zosta\u0142a zaprojektowana z my\u015bl\u0105 o zwi\u0119kszonej trwa\u0142o\u015bci i odporno\u015bci na zu\u017cycie \u2013 co oznacza, \u017ce b\u0119dziesz m\u00f3g\u0142 ci\u0105gn\u0105\u0107 i przeci\u0105ga\u0107 przez wiele lat.<\/span><\/div>\n<\/div>\n<div>\n<div style=\"margin:8px 0px;margin-bottom:8px;margin-top:8px;margin-left:0px;margin-right:0px\"><img decoding=\"async\" style=\"width:100%\" width=\"100%\" src=\"https:\/\/d2qc09rl1gfuof.cloudfront.net\/product\/GSSJXQ2T13YCZS88W\/power-puller-a100-2.3.jpg\" slate-data-type=\"image\"\/><\/div>\n<\/div>\n<div>\n<div style=\"text-align:center;margin:8px 0px;margin-bottom:8px;margin-top:8px;margin-left:0px;margin-right:0px\" align=\"center\"><span style=\"color:rgb(15, 17, 17);font-size:20px;font-family:Arial\">Po\u017cegnaj tradycyjne, wielorz\u0119dowe przek\u0142adnie, kt\u00f3re si\u0119 zacinaj\u0105 i rdzewiej\u0105. Jednocz\u0119\u015bciowa, dwubiegowa konstrukcja naszego \u015bci\u0105gacza zapewnia p\u0142ynne zwalnianie linki i d\u0142ugotrwa\u0142\u0105 wytrzyma\u0142o\u015b\u0107. To si\u0119 nazywa wydajno\u015b\u0107!<\/span><\/div>\n<div style=\"margin:8px 0px;margin-bottom:8px;margin-top:8px;margin-left:0px;margin-right:0px\"><img decoding=\"async\" style=\"width:100%\" width=\"100%\" src=\"https:\/\/d2qc09rl1gfuof.cloudfront.net\/product\/GSSJXQ2T13YCZS88W\/power-puller-a100-2.4.jpg\" slate-data-type=\"image\"\/><\/div>\n<\/div>\n<div>\n<div style=\"text-align:center;margin:8px 0px;margin-bottom:8px;margin-top:8px;margin-left:0px;margin-right:0px\" align=\"center\"><span style=\"color:rgb(15, 17, 17);font-size:20px;font-family:Arial\">Ten \u015bci\u0105gacz grzechotkowy wykonany z solidnych, wytrzyma\u0142ych komponent\u00f3w zapewnia bezpieczniejsze i trwalsze rozwi\u0105zanie do wszelkich potrzeb zwi\u0105zanych z holowaniem i transportem.<\/span><\/div>\n<div style=\"margin:8px 0px;margin-bottom:8px;margin-top:8px;margin-left:0px;margin-right:0px\"><img decoding=\"async\" style=\"width:100%\" width=\"100%\" src=\"https:\/\/d2qc09rl1gfuof.cloudfront.net\/product\/GSSJXQ2T13YCZS88W\/power-puller-a100-2.5.jpg\" slate-data-type=\"image\"\/><\/div>\n<\/div>\n<div style=\"margin:24px 0px;margin-bottom:24px;margin-top:24px;margin-left:0px;margin-right:0px\">\n<div style=\"font-size:16px;font-weight:bold;text-align:center;color:rgb(34, 34, 34);margin:24px 0px 16px;margin-bottom:16px;margin-top:24px;margin-left:0px;margin-right:0px\" align=\"center\"><span style=\"color:rgb(15, 17, 17);font-size:20px;font-family:Arial\">Po co si\u0119 m\u0119czy\u0107, skoro mo\u017cesz sun\u0105\u0107? Wyd\u0142u\u017cona r\u0105czka naszej wyci\u0105garki r\u0119cznej pozwala naci\u0105gn\u0105\u0107 lin\u0119 z minimalnym wysi\u0142kiem \u2013 i to jedn\u0105 r\u0119k\u0105! Antypo\u015blizgowy uchwyt gwarantuje, \u017ce poradzisz sobie z zadaniem, a nie b\u0119dziesz si\u0119 miota\u0142.<\/span><\/div>\n<div style=\"font-size:16px;font-weight:bold;color:rgb(34, 34, 34);margin:24px 0px 16px;margin-bottom:16px;margin-top:24px;margin-left:0px;margin-right:0px\">Funkcje i szczeg\u00f3\u0142y<\/div>\n<ul style=\"margin:16px 0px 24px;margin-bottom:24px;margin-top:16px;margin-left:0px;margin-right:0px\">\n<li style=\"font-size:14px;color:rgb(34, 34, 34)\">\n<p>Ud\u017awig 2 tony: Gotowy do podj\u0119cia si\u0119 ci\u0119\u017ckich zada\u0144? Do\u015bwiadcz bezpiecznego i mocnego ci\u0105gni\u0119cia z nasz\u0105 wci\u0105gark\u0105 o ud\u017awigu 2 ton i 2400 kg. Idealna do wszystkiego, od ratownictwa samochodowego po przenoszenie mebli \u2013 to narz\u0119dzie to marzenie ka\u017cdego multitaskera!<\/p>\n<\/li>\n<li style=\"font-size:14px;color:rgb(34, 34, 34)\">\n<p>12-stopowa linka stalowa: Linka naszej wci\u0105garki grzechotkowej jest wykonana z najwy\u017cszej jako\u015bci stali i skr\u0119cona w wiele pasm, co zapewnia jej wysok\u0105 wytrzyma\u0142o\u015b\u0107 i trwa\u0142o\u015b\u0107. Nie tylko wytrzymuje intensywne ci\u0105gni\u0119cie i szarpanie, ale tak\u017ce nie luzuje si\u0119, nie skr\u0119ca ani nie pl\u0105cze \u2013 co znacznie u\u0142atwia \u017cycie!<\/p>\n<\/li>\n<li style=\"font-size:14px;color:rgb(34, 34, 34)\">\n<p>Zintegrowana konstrukcja z podw\u00f3jnym prze\u0142o\u017ceniem: P\u0142ynna i bezproblemowa praca? Oczywi\u015bcie! Nasza wci\u0105garka linowa posiada unikaln\u0105, jednocz\u0119\u015bciow\u0105 konstrukcj\u0119 z podw\u00f3jnym prze\u0142o\u017ceniem. Po\u017cegnaj si\u0119 z irytuj\u0105cymi zaci\u0119ciami i rdz\u0105, kt\u00f3re wyst\u0119puj\u0105 w tradycyjnych systemach przek\u0142adni.<\/p>\n<\/li>\n<li style=\"font-size:14px;color:rgb(34, 34, 34)\">\n<p>Koniec z po\u015blizgiem kabli: mechanizm anty-odwrotny naszego wci\u0105gnika gwarantuje, \u017ce Twoje zadania przebiegn\u0105 zgodnie z planem, bez cofania si\u0119 i luzu kabli. A te wbudowane spr\u0119\u017cynowe zatrzaski na hakach? To wisienka na torcie, dzi\u0119ki kt\u00f3rej wszystko, co transportujesz, pozostanie na swoim miejscu.<\/p>\n<\/li>\n<li style=\"font-size:14px;color:rgb(34, 34, 34)\">\n<p>Cudo jednej r\u0119ki: Masz do\u015b\u0107 kombinowania ze skomplikowanymi mechanizmami? Nasz \u015bci\u0105gacz z grzechotk\u0105 ma przed\u0142u\u017con\u0105 r\u0119koje\u015b\u0107, dzi\u0119ki czemu \u015bci\u0105ganie jest dziecinnie proste \u2013 wystarczy szybki ruch jedn\u0105 r\u0119k\u0105 w prz\u00f3d i w ty\u0142, i gotowe! Dodatkowo, nasz uchwyt jest gumowany dla Twojego komfortu i bezpiecze\u0144stwa.<\/p>\n<\/li>\n<\/ul>\n<\/div>\n<div>\n<div>\n<div style=\"margin:16px 0px 24px;margin-bottom:24px;margin-top:16px;margin-left:0px;margin-right:0px\"><strong>2T<\/strong><\/div>\n<div style=\"margin:16px 0px 24px;margin-bottom:24px;margin-top:16px;margin-left:0px;margin-right:0px\"><img decoding=\"async\" style=\"width:100%\" width=\"100%\" src=\"https:\/\/d2qc09rl1gfuof.cloudfront.net\/product\/GSSJXQ2T13YCZS88W\/power-puller-a100-1.11.jpg\" slate-data-type=\"image\"\/><\/div>\n<\/div>\n<\/div>\n<div>\n<div>\n<div style=\"margin:16px 0px 24px;margin-bottom:24px;margin-top:16px;margin-left:0px;margin-right:0px\"><strong>5T<\/strong><\/div>\n<div style=\"margin:16px 0px 24px;margin-bottom:24px;margin-top:16px;margin-left:0px;margin-right:0px\"><img decoding=\"async\" style=\"width:100%\" width=\"100%\" src=\"https:\/\/d2qc09rl1gfuof.cloudfront.net\/product\/GSSJXQ5T13YC77Z63\/power-puller-a100-1.11.jpg\" slate-data-type=\"image\"\/><\/div>\n<\/div>\n<\/div>\n<div>\n<div>\n<div style=\"margin:16px 0px 24px;margin-bottom:24px;margin-top:16px;margin-left:0px;margin-right:0px\"><strong>4T<\/strong><\/div>\n<div style=\"margin:16px 0px 24px;margin-bottom:24px;margin-top:16px;margin-left:0px;margin-right:0px\"><img decoding=\"async\" style=\"width:100%\" width=\"100%\" src=\"https:\/\/d2qc09rl1gfuof.cloudfront.net\/product\/GSSJXQ4T13YCXN5I5\/power-puller-a100-1.11.jpg\" slate-data-type=\"image\"\/><\/div>\n<\/div>\n<\/div>\n<\/div>\n<div class=\"detailmodule_dynamic\"><kse:widget data-widget-type=\"customText\" id=\"1005000000397265\" type=\"custom\"><\/kse:widget><\/div>\n<p><\/p>\n<\/div>\n<\/div>\n<p><\/p>","protected":false},"excerpt":{"rendered":"<p>Hign-concerned Chemical:&nbsp;None Origin:&nbsp;Mainland China Brand Name:&nbsp;VEVOR Brand:&nbsp;VEVOR Max Load Capacity:&nbsp;2\/4\/5T Feature 1:&nbsp;With 2 Hooks Feature 2:&nbsp;Come Along Winch Feature 3:&nbsp;Ratchet Automotive Hoist Power Cable Puller Feature 4:&nbsp;for Vehicle Rescue Your<\/p>","protected":false},"featured_media":25040,"comment_status":"open","ping_status":"closed","template":"","meta":{"_acf_changed":false},"product_brand":[],"product_cat":[517],"product_tag":[],"class_list":{"0":"post-25039","1":"product","2":"type-product","3":"status-publish","4":"has-post-thumbnail","6":"product_cat-electric-lifting-hoists","8":"first","9":"instock","10":"shipping-taxable","11":"purchasable","12":"product-type-variable"},"acf":[],"_links":{"self":[{"href":"https:\/\/www.electricstore.eu\/pl\/wp-json\/wp\/v2\/product\/25039","targetHints":{"allow":["GET"]}}],"collection":[{"href":"https:\/\/www.electricstore.eu\/pl\/wp-json\/wp\/v2\/product"}],"about":[{"href":"https:\/\/www.electricstore.eu\/pl\/wp-json\/wp\/v2\/types\/product"}],"replies":[{"embeddable":true,"href":"https:\/\/www.electricstore.eu\/pl\/wp-json\/wp\/v2\/comments?post=25039"}],"wp:featuredmedia":[{"embeddable":true,"href":"https:\/\/www.electricstore.eu\/pl\/wp-json\/wp\/v2\/media\/25040"}],"wp:attachment":[{"href":"https:\/\/www.electricstore.eu\/pl\/wp-json\/wp\/v2\/media?parent=25039"}],"wp:term":[{"taxonomy":"product_brand","embeddable":true,"href":"https:\/\/www.electricstore.eu\/pl\/wp-json\/wp\/v2\/product_brand?post=25039"},{"taxonomy":"product_cat","embeddable":true,"href":"https:\/\/www.electricstore.eu\/pl\/wp-json\/wp\/v2\/product_cat?post=25039"},{"taxonomy":"product_tag","embeddable":true,"href":"https:\/\/www.electricstore.eu\/pl\/wp-json\/wp\/v2\/product_tag?post=25039"}],"curies":[{"name":"wp","href":"https:\/\/api.w.org\/{rel}","templated":true}]}}