{"id":25029,"date":"2025-05-20T18:44:02","date_gmt":"2025-05-20T18:44:02","guid":{"rendered":"https:\/\/electricstore.eu\/p\/uncategorized\/vevor-13500lbs-electric-winch-car-truck-winch-with-80ft-synthetic-rope-wireless-wired-remote-control-for-towing-off-road-suv\/"},"modified":"2025-05-20T18:47:45","modified_gmt":"2025-05-20T18:47:45","slug":"vevor-13500lbs-electric-winch-car-truck-winch-with-80ft-synthetic-rope-wireless-wired-remote-control-for-towing-off-road-suv","status":"publish","type":"product","link":"https:\/\/www.electricstore.eu\/pl\/p\/o\/electric-winches\/vevor-13500lbs-electric-winch-car-truck-winch-with-80ft-synthetic-rope-wireless-wired-remote-control-for-towing-off-road-suv\/","title":{"rendered":"VEVOR 13500lbs Elektryczna wyci\u0105garka samochodowa i ci\u0119\u017carowa z lin\u0105 syntetyczn\u0105 o d\u0142ugo\u015bci 80 st\u00f3p, bezprzewodowym i przewodowym pilotem do holowania SUV-\u00f3w terenowych"},"content":{"rendered":"<div class=\"product-specs-list-container\">\n<ul class=\"product-specs-list util-clearfix\">\n<li class=\"product-prop line-limit-length\"><span\n                                        class=\"property-title\">Substancja chemiczna budz\u0105ca du\u017ce obawy:&nbsp;<\/span><span\n                                        class=\"property-desc line-limit-length\">Nic<\/span>\n                            <\/li>\n<li class=\"product-prop line-limit-length\"><span\n                                        class=\"property-title\">Pochodzenie:&nbsp;<\/span><span\n                                        class=\"property-desc line-limit-length\">Chiny kontynentalne<\/span>\n                            <\/li>\n<li class=\"product-prop line-limit-length\"><span\n                                        class=\"property-title\">Nazwa marki:&nbsp;<\/span><span\n                                        class=\"property-desc line-limit-length\">WI\u0118ZI\u0106<\/span>\n                            <\/li>\n<li class=\"product-prop line-limit-length\"><span\n                                        class=\"property-title\">Typ:&nbsp;<\/span><span\n                                        class=\"property-desc line-limit-length\">Moc<\/span>\n                            <\/li>\n<li class=\"product-prop line-limit-length\"><span\n                                        class=\"property-title\">Marka:&nbsp;<\/span><span\n                                        class=\"property-desc line-limit-length\">WI\u0118ZI\u0106<\/span>\n                            <\/li>\n<li class=\"product-prop line-limit-length\"><span\n                                        class=\"property-title\">Nominalna si\u0142a naci\u0105gu liny:&nbsp;<\/span><span\n                                        class=\"property-desc line-limit-length\">13500 funt\u00f3w\/6123 kg<\/span>\n                            <\/li>\n<li class=\"product-prop line-limit-length\"><span\n                                        class=\"property-title\">Materia\u0142 liny:&nbsp;<\/span><span\n                                        class=\"property-desc line-limit-length\">Polietylen, 12 w\u0142\u00f3kien<\/span>\n                            <\/li>\n<li class=\"product-prop line-limit-length\"><span\n                                        class=\"property-title\">Zdalne sterowanie:&nbsp;<\/span><span\n                                        class=\"property-desc line-limit-length\">Pilot bezprzewodowy + przewodowy<\/span>\n                            <\/li>\n<li class=\"product-prop line-limit-length\"><span\n                                        class=\"property-title\">Napi\u0119cie\/Moc:&nbsp;<\/span><span\n                                        class=\"property-desc line-limit-length\">12 V DC\/6,6 KM<\/span>\n                            <\/li>\n<li class=\"product-prop line-limit-length\"><span\n                                        class=\"property-title\">Prze\u0142o\u017cenie:&nbsp;<\/span><span\n                                        class=\"property-desc line-limit-length\">195.8:1<\/span>\n                            <\/li>\n<li class=\"product-prop line-limit-length\"><span\n                                        class=\"property-title\">Typ:&nbsp;<\/span><span\n                                        class=\"property-desc line-limit-length\">Wyci\u0105garka elektryczna<\/span>\n                            <\/li>\n<li class=\"product-prop line-limit-length\"><span\n                                        class=\"property-title\">Tworzywo:&nbsp;<\/span><span\n                                        class=\"property-desc line-limit-length\">Stop aluminium, stal, mied\u017a, plastik (PPS i PA itp.)<\/span>\n                            <\/li>\n<li class=\"product-prop line-limit-length\"><span\n                                        class=\"property-title\">Odleg\u0142o\u015b\u0107 bezprzewodowego pilota:&nbsp;<\/span><span\n                                        class=\"property-desc line-limit-length\">65,61 st\u00f3p\/20 m<\/span>\n                            <\/li>\n<li class=\"product-prop line-limit-length\"><span\n                                        class=\"property-title\">Stopie\u0144 wodoodporno\u015bci:&nbsp;<\/span><span\n                                        class=\"property-desc line-limit-length\">IP55<\/span>\n                            <\/li>\n<li class=\"product-prop line-limit-length\"><span\n                                        class=\"property-title\">Specyfikacja liny:&nbsp;<\/span><span\n                                        class=\"property-desc line-limit-length\">3\/8 cala x 80 st\u00f3p\/1,0 x 2438,4 cm<\/span>\n                            <\/li>\n<\/ul><\/div>\n<div class=\"detailmodule_dynamic\"><kse:widget data-widget-type=\"customText\" id=\"1005000000790434\" type=\"relation\"><\/kse:widget><\/div>\n<div class=\"detailmodule_html\">\n<div class=\"detail-desc-decorate-richtext\">\n<div style=\"font-family:&quot;Open sans&quot;, Arial, Helvetica, sans-serif\">\n<div><img decoding=\"async\" style=\"width:100%\" width=\"100%\" src=\"https:\/\/d2qc09rl1gfuof.cloudfront.net\/vevor\/boutique-banner\/pc\/banner-en.jpg\" slate-data-type=\"image\"\/><\/div>\n<div>\n<div style=\"font-size:16px;font-weight:bold;text-align:center;color:rgb(34, 34, 34);margin:24px 0px;margin-bottom:24px;margin-top:24px;margin-left:0px;margin-right:0px\" align=\"center\">Wyci\u0105garka elektryczna o ud\u017awigu 13500 funt\u00f3w. Podejmij si\u0119 przyg\u00f3d w terenie z pewno\u015bci\u0105 siebie.<\/div>\n<div><img decoding=\"async\" style=\"width:100%\" width=\"100%\" src=\"https:\/\/d2qc09rl1gfuof.cloudfront.net\/product\/DDHCSJPYXWXYBQ8X5\/electric-winch-a100-1.4-pt.jpg\" slate-data-type=\"image\"\/><\/div>\n<div style=\"font-size:14px;text-align:center;color:rgb(34, 34, 34);margin:16px 0px 24px;margin-bottom:24px;margin-top:16px;margin-left:0px;margin-right:0px\" align=\"center\">Nasza wytrzyma\u0142a wyci\u0105garka do samochod\u00f3w ci\u0119\u017carowych charakteryzuje si\u0119 uci\u0105giem liny o sile 13500 funt\u00f3w (6140 kg) i stopniem wodoodporno\u015bci IP55, co czyni j\u0105 idealn\u0105 do wyci\u0105gania pojazd\u00f3w terenowych lub SUV-\u00f3w z lepkiego b\u0142ota lub ulewnego deszczu. Dzi\u0119ki miedzianemu silnikowi 12 V DC\/6,6 KM, prze\u0142o\u017ceniu 195,8:1 i lince syntetycznej jeste\u015b zawsze przygotowany.<\/div>\n<\/div>\n<div>\n<div style=\"margin:8px 0px;margin-bottom:8px;margin-top:8px;margin-left:0px;margin-right:0px\"><img decoding=\"async\" style=\"width:100%\" width=\"100%\" src=\"https:\/\/d2qc09rl1gfuof.cloudfront.net\/product\/DDHCSJPYXWXYBQ8X5\/electric-winch-a100-2.2-pt.jpg\" slate-data-type=\"image\"\/><\/div>\n<div style=\"font-size:14px;text-align:center;color:rgb(34, 34, 34);margin:16px 0px 24px;margin-bottom:24px;margin-top:16px;margin-left:0px;margin-right:0px\" align=\"center\">Nasza wyci\u0105garka elektryczna jest nap\u0119dzana solidnym miedzianym silnikiem 12 V DC\/6,6 KM, kt\u00f3ry zapewnia sta\u0142\u0105 i wydajn\u0105 moc za ka\u017cdym razem. Dzi\u0119ki zaawansowanej przek\u0142adni planetarnej i prze\u0142o\u017ceniu 195,8:1 mo\u017cesz cieszy\u0107 si\u0119 p\u0142ynnym i niezawodnym naci\u0105giem liny nawet w trudnych warunkach pogodowych lub g\u0142\u0119bokim b\u0142ocie.<\/div>\n<\/div>\n<div>\n<div style=\"margin:8px 0px;margin-bottom:8px;margin-top:8px;margin-left:0px;margin-right:0px\"><img decoding=\"async\" style=\"width:100%\" width=\"100%\" src=\"https:\/\/d2qc09rl1gfuof.cloudfront.net\/product\/DDHCSJPYXWXYBQ8X5\/electric-winch-a100-2.3-pt.jpg\" slate-data-type=\"image\"\/><\/div>\n<div style=\"font-size:14px;text-align:center;color:rgb(34, 34, 34);margin:16px 0px 24px;margin-bottom:24px;margin-top:16px;margin-left:0px;margin-right:0px\" align=\"center\">Nasza elektryczna wci\u0105garka do samochod\u00f3w ci\u0119\u017carowych zosta\u0142a zaprojektowana z wysokiej jako\u015bci lin\u0105, kt\u00f3rej ostatnie 5 rolek oznaczono na czerwono, co zapewnia dodatkowe bezpiecze\u0144stwo. Posiada klas\u0119 wodoodporno\u015bci IP55 i solidne, czarne, matowe wyko\u0144czenie, dzi\u0119ki czemu bez problemu poradzi sobie z ulewnym deszczem i trudnymi warunkami.<\/div>\n<\/div>\n<div>\n<div style=\"margin:8px 0px;margin-bottom:8px;margin-top:8px;margin-left:0px;margin-right:0px\"><img decoding=\"async\" style=\"width:100%\" width=\"100%\" src=\"https:\/\/d2qc09rl1gfuof.cloudfront.net\/product\/DDHCSJPYXWXYBQ8X5\/electric-winch-a100-2.4-pt.jpg\" slate-data-type=\"image\"\/><\/div>\n<div style=\"font-size:14px;text-align:center;color:rgb(34, 34, 34);margin:16px 0px 24px;margin-bottom:24px;margin-top:16px;margin-left:0px;margin-right:0px\" align=\"center\">Zaprojektowana z my\u015bl\u0105 o trudnych wyzwaniach, nasza lina do wci\u0105garek samochodowych jest odporna na trudne warunki atmosferyczne i ekstremalne temperatury, umo\u017cliwiaj\u0105c wykonywanie r\u00f3\u017cnorodnych zada\u0144 ci\u0105gni\u0119cia z nominaln\u0105 si\u0142\u0105 uci\u0105gu bez zerwania. Dodatkowo, dzi\u0119ki wyra\u017anym oznaczeniom obci\u0105\u017cenia na ka\u017cdej warstwie, zyskujesz zar\u00f3wno doskona\u0142\u0105 integralno\u015b\u0107 materia\u0142u, jak i bezpiecze\u0144stwo ci\u0105gni\u0119cia.<\/div>\n<\/div>\n<div>\n<div style=\"margin:8px 0px;margin-bottom:8px;margin-top:8px;margin-left:0px;margin-right:0px\"><img decoding=\"async\" style=\"width:100%\" width=\"100%\" src=\"https:\/\/d2qc09rl1gfuof.cloudfront.net\/product\/DDHCSJPYXWXYBQ8X5\/electric-winch-a100-2.5-pt.jpg\" slate-data-type=\"image\"\/><\/div>\n<div style=\"font-size:14px;text-align:center;color:rgb(34, 34, 34);margin:16px 0px 24px;margin-bottom:24px;margin-top:16px;margin-left:0px;margin-right:0px\" align=\"center\">Nasza 12-woltowa wyci\u0105garka jest wyposa\u017cona w kable zasilaj\u0105ce oznaczone kolorami, co zapewnia szybk\u0105 i bezb\u0142\u0119dn\u0105 konfiguracj\u0119. Bezprzewodowe piloty zdalnego sterowania pomagaj\u0105 w samodzielnym ratowaniu pojazdu bez przeszk\u00f3d w zasi\u0119gu 20 m (65,61 stopy). Oferujemy r\u00f3wnie\u017c przewodowy pilot zdalnego sterowania, kt\u00f3ry zapewnia pe\u0142n\u0105 kontrol\u0119.<\/div>\n<\/div>\n<div style=\"margin:16px 0px 24px;margin-bottom:24px;margin-top:16px;margin-left:0px;margin-right:0px\"><\/div>\n<div style=\"margin:24px 0px;margin-bottom:24px;margin-top:24px;margin-left:0px;margin-right:0px\">\n<div style=\"font-size:16px;font-weight:bold;color:rgb(34, 34, 34);margin:24px 0px 16px;margin-bottom:16px;margin-top:24px;margin-left:0px;margin-right:0px\">Funkcje i szczeg\u00f3\u0142y<\/div>\n<ul style=\"margin:16px 0px 24px;margin-bottom:24px;margin-top:16px;margin-left:0px;margin-right:0px\">\n<li style=\"font-size:14px;color:rgb(34, 34, 34)\">\n<p>Zapasowa moc Twojego pojazdu: Zaprojektowana specjalnie do pomocy w terenie, nasza wytrzyma\u0142a wyci\u0105garka elektryczna zwi\u0119ksza ud\u017awig liny do 6140 kg (13 500 funt\u00f3w). Gdy Tw\u00f3j pojazd ugrz\u0119\u017anie w b\u0142ocie lub z\u0142apie go ulewa, ta wyci\u0105garka zapewni Ci dodatkow\u0105 moc, kt\u00f3rej potrzebujesz, aby szybko wr\u00f3ci\u0107 na w\u0142a\u015bciwe tory. Nie jest przeznaczona tylko do pojazd\u00f3w terenowych i SUV-\u00f3w, ale \u015bwietnie nadaje si\u0119 r\u00f3wnie\u017c do transportu ci\u0119\u017ckich \u0142adunk\u00f3w, takich jak drewno. Pokonaj ka\u017cd\u0105 przeszkod\u0119 z pewno\u015bci\u0105 i moc\u0105!<\/p>\n<\/li>\n<li style=\"font-size:14px;color:rgb(34, 34, 34)\">\n<p>Moc, kt\u00f3ra pomo\u017ce Ci wyj\u015b\u0107 z ka\u017cdej opresji: Nasza wci\u0105garka samochodowa nap\u0119dzana jest miedzianym silnikiem 12 V DC\/6,6 KM, kt\u00f3ry zapewnia sta\u0142\u0105 moc, gdy jej najbardziej potrzebujesz. Wyposa\u017cona w zaawansowany 3-stopniowy uk\u0142ad przek\u0142adni planetarnej i prze\u0142o\u017cenie 195,8:1, ta wci\u0105garka zapewnia du\u017c\u0105 si\u0142\u0119 uci\u0105gu, nawet w trudnych warunkach pogodowych i g\u0142\u0119bokim b\u0142ocie. Przygotuj si\u0119 na stawienie czo\u0142a ka\u017cdemu wyzwaniu z pewno\u015bci\u0105 siebie!<\/p>\n<\/li>\n<li style=\"font-size:14px;color:rgb(34, 34, 34)\">\n<p>Lekka lina syntetyczna: Poznaj najwy\u017csz\u0105 wydajno\u015b\u0107 liny. Nasza wyci\u0105garka do samochod\u00f3w ci\u0119\u017carowych jest wyposa\u017cona w 12-\u017cy\u0142ow\u0105 lin\u0119 z polietylenu o wysokiej g\u0119sto\u015bci, kt\u00f3ra jest wytrzyma\u0142a, a jednocze\u015bnie lekka, dzi\u0119ki czemu idealnie nadaje si\u0119 do ka\u017cdej wyprawy terenowej. Nie tonie w wodzie i jest odporna na wszelkiego rodzaju uszkodzenia w terenie. Dodatkowo, jaskrawoczerwone oznaczenia na ostatnich 5 rolkach zapewniaj\u0105 dobr\u0105 widoczno\u015b\u0107, gwarantuj\u0105c bezpiecze\u0144stwo i wytrzyma\u0142o\u015b\u0107 w ka\u017cdej chwili.<\/p>\n<\/li>\n<li style=\"font-size:14px;color:rgb(34, 34, 34)\">\n<p>\u0141atwo\u015b\u0107 obs\u0142ugi i bezproblemowa eksploatacja: Nasza 12-woltowa wyci\u0105garka oferuje zar\u00f3wno bezprzewodowe, jak i przewodowe sterowanie, dopasowane do Twoich potrzeb. \u0141atwy w obs\u0142udze pilot bezprzewodowy pozwala na bezproblemowe holowanie pojazdu w zasi\u0119gu 20 m (65,61 stopy), a pilot przewodowy stanowi niezawodn\u0105 alternatyw\u0119 dla precyzyjnego, bezpo\u015bredniego sterowania. Ciesz si\u0119 elastyczno\u015bci\u0105 i wygod\u0105 obu tryb\u00f3w sterowania, aby holowanie pojazdu przebiega\u0142o jak najsprawniej.<\/p>\n<\/li>\n<li style=\"font-size:14px;color:rgb(34, 34, 34)\">\n<p>Spok\u00f3j ducha i wydajno\u015b\u0107 holowania: Trudna pogoda? \u017baden problem! Nasza wyci\u0105garka elektryczna posiada klas\u0119 wodoodporno\u015bci IP55 i eleganckie, czarne, matowe wyko\u0144czenie, kt\u00f3re zwi\u0119ksza odporno\u015b\u0107 na rdz\u0119 i izolacj\u0119. Jest gotowa na ulewny deszcz, b\u0142oto i inne trudne warunki. Kolorowe kable zasilaj\u0105ce i proste instrukcje oznaczaj\u0105, \u017ce bez problemu j\u0105 roz\u0142o\u017cysz i b\u0119dziesz m\u00f3g\u0142 wr\u00f3ci\u0107 do przyjemno\u015bci z jazdy.<\/p>\n<\/li>\n<\/ul>\n<\/div>\n<div>\n<div>\n<div style=\"margin:16px 0px 24px;margin-bottom:24px;margin-top:16px;margin-left:0px;margin-right:0px\"><img decoding=\"async\" style=\"width:100%\" width=\"100%\" src=\"https:\/\/d2qc09rl1gfuof.cloudfront.net\/product\/DDHCSJPYXWXYBQ8X5\/electric-winch-a100-1.11-pt.jpg\" slate-data-type=\"image\"\/><\/div>\n<\/div>\n<\/div>\n<\/div>\n<div><\/div>\n<\/div>\n<\/div>\n<div class=\"detailmodule_dynamic\"><kse:widget data-widget-type=\"customText\" id=\"1005000000397265\" type=\"custom\"><\/kse:widget><\/div>\n<p><\/p>","protected":false},"excerpt":{"rendered":"<p>Hign-concerned Chemical:&nbsp;None Origin:&nbsp;Mainland China Brand Name:&nbsp;VEVOR Type:&nbsp;Power Brand:&nbsp;VEVOR Rated Line Pull Capacity:&nbsp;13500 lbs\/6123 kg Rope Material:&nbsp;Polyethylene, 12 Strands Remote Control:&nbsp;Wireless + Wired Remote Control Voltage\/Horsepower:&nbsp;12V DC\/6.6 HP Gear Ratio:&nbsp;195.8:1 Type:&nbsp;Electric<\/p>","protected":false},"featured_media":25030,"comment_status":"open","ping_status":"closed","template":"","meta":{"_acf_changed":false},"product_brand":[],"product_cat":[522],"product_tag":[],"class_list":{"0":"post-25029","1":"product","2":"type-product","3":"status-publish","4":"has-post-thumbnail","6":"product_cat-electric-winches","8":"first","9":"instock","10":"shipping-taxable","11":"purchasable","12":"product-type-variable"},"acf":[],"_links":{"self":[{"href":"https:\/\/www.electricstore.eu\/pl\/wp-json\/wp\/v2\/product\/25029","targetHints":{"allow":["GET"]}}],"collection":[{"href":"https:\/\/www.electricstore.eu\/pl\/wp-json\/wp\/v2\/product"}],"about":[{"href":"https:\/\/www.electricstore.eu\/pl\/wp-json\/wp\/v2\/types\/product"}],"replies":[{"embeddable":true,"href":"https:\/\/www.electricstore.eu\/pl\/wp-json\/wp\/v2\/comments?post=25029"}],"wp:featuredmedia":[{"embeddable":true,"href":"https:\/\/www.electricstore.eu\/pl\/wp-json\/wp\/v2\/media\/25030"}],"wp:attachment":[{"href":"https:\/\/www.electricstore.eu\/pl\/wp-json\/wp\/v2\/media?parent=25029"}],"wp:term":[{"taxonomy":"product_brand","embeddable":true,"href":"https:\/\/www.electricstore.eu\/pl\/wp-json\/wp\/v2\/product_brand?post=25029"},{"taxonomy":"product_cat","embeddable":true,"href":"https:\/\/www.electricstore.eu\/pl\/wp-json\/wp\/v2\/product_cat?post=25029"},{"taxonomy":"product_tag","embeddable":true,"href":"https:\/\/www.electricstore.eu\/pl\/wp-json\/wp\/v2\/product_tag?post=25029"}],"curies":[{"name":"wp","href":"https:\/\/api.w.org\/{rel}","templated":true}]}}