{"id":25022,"date":"2025-05-20T18:43:58","date_gmt":"2025-05-20T18:43:58","guid":{"rendered":"https:\/\/electricstore.eu\/p\/uncategorized\/vevor-motorcycle-lift-500kg-motorcycle-scissor-lift-jack-with-saddle-safety-pin-steel-motorcycle-jack-hoist-stand-for-motorbike\/"},"modified":"2025-05-20T18:47:33","modified_gmt":"2025-05-20T18:47:33","slug":"vevor-motorcycle-lift-500kg-motorcycle-scissor-lift-jack-with-saddle-safety-pin-steel-motorcycle-jack-hoist-stand-for-motorbike","status":"publish","type":"product","link":"https:\/\/www.electricstore.eu\/pl\/p\/a\/vevor-motorcycle-lift-500kg-motorcycle-scissor-lift-jack-with-saddle-safety-pin-steel-motorcycle-jack-hoist-stand-for-motorbike\/","title":{"rendered":"Podno\u015bnik no\u017cycowy do motocykli VEVOR 500 kg z siode\u0142kiem i sworzniem bezpiecze\u0144stwa, stalowy podno\u015bnik do motocykli"},"content":{"rendered":"<div class=\"product-specs-list-container\">\n<ul class=\"product-specs-list util-clearfix\">\n<li class=\"product-prop line-limit-length\"><span\n                                        class=\"property-title\">Substancja chemiczna budz\u0105ca du\u017ce obawy:&nbsp;<\/span><span\n                                        class=\"property-desc line-limit-length\">Nic<\/span>\n                            <\/li>\n<li class=\"product-prop line-limit-length\"><span\n                                        class=\"property-title\">Pochodzenie:&nbsp;<\/span><span\n                                        class=\"property-desc line-limit-length\">Chiny kontynentalne<\/span>\n                            <\/li>\n<\/ul><\/div>\n<div class=\"detailmodule_html\">\n<div class=\"detail-desc-decorate-richtext\">\n<div style=\"font-family:&quot;Open sans&quot;, Arial, Helvetica, sans-serif\">\n<div><img decoding=\"async\" style=\"width:100%\" width=\"100%\" src=\"https:\/\/d2qc09rl1gfuof.cloudfront.net\/vevor\/boutique-banner\/pc\/banner-en.jpg\" slate-data-type=\"image\"\/><\/div>\n<div>\n<div style=\"font-size:16px;font-weight:bold;text-align:center;color:rgb(34, 34, 34);margin:24px 0px;margin-bottom:24px;margin-top:24px;margin-left:0px;margin-right:0px\" align=\"center\"><\/div>\n<div><img decoding=\"async\" style=\"width:100%\" width=\"100%\" src=\"https:\/\/d2qc09rl1gfuof.cloudfront.net\/product\/MTCSJJCSB1100PWQ4\/motorcycle-lift-a100-1.4.jpg\" slate-data-type=\"image\"\/><\/div>\n<div style=\"font-size:14px;text-align:center;color:rgb(34, 34, 34);margin:16px 0px 24px;margin-bottom:24px;margin-top:16px;margin-left:0px;margin-right:0px\" align=\"center\"><\/div>\n<\/div>\n<div>\n<div style=\"margin:8px 0px;margin-bottom:8px;margin-top:8px;margin-left:0px;margin-right:0px\"><img decoding=\"async\" style=\"width:100%\" width=\"100%\" src=\"https:\/\/d2qc09rl1gfuof.cloudfront.net\/product\/MTCSJJCSB1100PWQ4\/motorcycle-lift-a100-1.12.jpg\" slate-data-type=\"image\"\/><\/div>\n<\/div>\n<div>\n<div style=\"margin:8px 0px;margin-bottom:8px;margin-top:8px;margin-left:0px;margin-right:0px\"><img decoding=\"async\" style=\"width:100%\" width=\"100%\" src=\"https:\/\/d2qc09rl1gfuof.cloudfront.net\/product\/MTCSJJCSB1100PWQ4\/motorcycle-lift-a100-1.13.jpg\" slate-data-type=\"image\"\/><\/div>\n<\/div>\n<div>\n<div style=\"margin:8px 0px;margin-bottom:8px;margin-top:8px;margin-left:0px;margin-right:0px\"><img decoding=\"async\" style=\"width:100%\" width=\"100%\" src=\"https:\/\/d2qc09rl1gfuof.cloudfront.net\/product\/MTCSJJCSB1100PWQ4\/motorcycle-lift-a100-1.16.jpg\" slate-data-type=\"image\"\/><\/div>\n<\/div>\n<div>\n<div style=\"margin:8px 0px;margin-bottom:8px;margin-top:8px;margin-left:0px;margin-right:0px\"><img decoding=\"async\" style=\"width:100%\" width=\"100%\" src=\"https:\/\/d2qc09rl1gfuof.cloudfront.net\/product\/MTCSJJCSB1100PWQ4\/motorcycle-lift-a100-1.17.jpg\" slate-data-type=\"image\"\/><\/div>\n<\/div>\n<div>\n<div style=\"margin:8px 0px;margin-bottom:8px;margin-top:8px;margin-left:0px;margin-right:0px\"><img decoding=\"async\" style=\"width:100%\" width=\"100%\" src=\"https:\/\/d2qc09rl1gfuof.cloudfront.net\/product\/MTCSJJCSB1100PWQ4\/motorcycle-lift-a100-1.18.jpg\" slate-data-type=\"image\"\/><\/div>\n<\/div>\n<div>\n<div style=\"margin:8px 0px;margin-bottom:8px;margin-top:8px;margin-left:0px;margin-right:0px\"><img decoding=\"async\" style=\"width:100%\" width=\"100%\" src=\"https:\/\/d2qc09rl1gfuof.cloudfront.net\/product\/MTCSJJCSB1100PWQ4\/motorcycle-lift-a100-1.20.jpg\" slate-data-type=\"image\"\/><\/div>\n<\/div>\n<div style=\"margin:16px 0px 24px;margin-bottom:24px;margin-top:16px;margin-left:0px;margin-right:0px\"><\/div>\n<div style=\"margin:24px 0px;margin-bottom:24px;margin-top:24px;margin-left:0px;margin-right:0px\">\n<div style=\"font-size:16px;font-weight:bold;color:rgb(34, 34, 34);margin:24px 0px 16px;margin-bottom:16px;margin-top:24px;margin-left:0px;margin-right:0px\">Funkcje i szczeg\u00f3\u0142y<\/div>\n<ul style=\"margin:16px 0px 24px;margin-bottom:24px;margin-top:16px;margin-left:0px;margin-right:0px\">\n<li style=\"font-size:14px;color:rgb(34, 34, 34)\">\n<p>Du\u017ca no\u015bno\u015b\u0107: Je\u015bli potrzebujesz podnie\u015b\u0107 motocykl w celu konserwacji i czyszczenia, mo\u017cesz skorzysta\u0107 z podno\u015bnika no\u017cycowego VEVOR. Testy wytrzyma\u0142o\u015bci wykaza\u0142y, \u017ce podno\u015bnik bezpiecznie utrzymuje ci\u0119\u017car do 1100 funt\u00f3w (0,5 tony). Podno\u015bnik centralny do motocykli to doskona\u0142e narz\u0119dzie w gara\u017cu do podnoszenia motocykli szosowych, cruiser\u00f3w i motocykli turystycznych.<\/p>\n<\/li>\n<li style=\"font-size:14px;color:rgb(34, 34, 34)\">\n<p>\u0141atwa obs\u0142uga: Podnie\u015b sw\u00f3j motocykl bez u\u017cycia dodatkowych narz\u0119dzi, bez potu. Wystarczy obr\u00f3ci\u0107 od\u0142\u0105czan\u0105 metalow\u0105 r\u0105czk\u0119, aby bez wysi\u0142ku podnie\u015b\u0107 podno\u015bnik. Regulacja wysoko\u015bci w zakresie od 95 mm (3,7&quot;) do 400 mm (15,7&quot;) u\u0142atwia napraw\u0119 i konserwacj\u0119 motocykla.<\/p>\n<\/li>\n<li style=\"font-size:14px;color:rgb(34, 34, 34)\">\n<p>Bezpiecze\u0144stwo przede wszystkim: Centralny wa\u0142 stalowej ramy X utrzymuje motocykl w r\u00f3\u017cnych pozycjach. Sze\u015bciopozycyjny sworze\u0144 zabezpieczaj\u0105cy zapewnia bezpieczne podnoszenie, zmniejszaj\u0105c ryzyko upadku i zapewniaj\u0105c bezpiecze\u0144stwo Tobie i Twojemu motocyklowi.<\/p>\n<\/li>\n<li style=\"font-size:14px;color:rgb(34, 34, 34)\">\n<p>Antypo\u015blizgowe siode\u0142ka: Nie lubisz, gdy Tw\u00f3j motocykl trz\u0119sie si\u0119 i \u015blizga na ma\u0142ej platformie podczas podnoszenia, prawda? G\u00f3rna cz\u0119\u015b\u0107 podno\u015bnika motocyklowego jest wyposa\u017cona w dwa zakrzywione siode\u0142ka, a powierzchnia pokryta jest antypo\u015blizgow\u0105 gum\u0105, kt\u00f3ra zapobiega \u015blizganiu si\u0119 i chroni sp\u00f3d motocykla przed zarysowaniami.<\/p>\n<\/li>\n<li style=\"font-size:14px;color:rgb(34, 34, 34)\">\n<p>Z\u0142\u00f3\u017c i przechowuj: Z\u0142\u00f3\u017c podno\u015bnik motocyklowy do wysoko\u015bci 9,8 cm (3,7 cala), aby u\u0142atwi\u0107 przechowywanie i transport. Malowana proszkowo pow\u0142oka jest odporna na olej, smar i rdz\u0119, dzi\u0119ki czemu podno\u015bnik motocyklowy jest \u0142atwy w czyszczeniu i przechowywaniu w gara\u017cu lub warsztacie. Wszystkie Twoje zmartwienia znikn\u0105.<\/p>\n<\/li>\n<\/ul>\n<\/div>\n<div>\n<div>\n<div style=\"margin:16px 0px 24px;margin-bottom:24px;margin-top:16px;margin-left:0px;margin-right:0px\"><img decoding=\"async\" style=\"width:100%\" width=\"100%\" src=\"https:\/\/d2qc09rl1gfuof.cloudfront.net\/product\/MTCSJJCSB1100PWQ4\/motorcycle-lift-a100-1.11.jpg\" slate-data-type=\"image\"\/><\/div>\n<\/div>\n<\/div>\n<\/div>\n<\/div>\n<\/div>\n<p><\/p>","protected":false},"excerpt":{"rendered":"<p>Hign-concerned Chemical:&nbsp;None Origin:&nbsp;Mainland China Features &amp; Details Large Weight-bearing Capacity: When you need to lift your motorcycle for maintenance and cleaning, you can partner with a VEVOR motorcycle scissor lift<\/p>","protected":false},"featured_media":25023,"comment_status":"open","ping_status":"closed","template":"","meta":{"_acf_changed":false},"product_brand":[],"product_cat":[525],"product_tag":[],"class_list":{"0":"post-25022","1":"product","2":"type-product","3":"status-publish","4":"has-post-thumbnail","6":"product_cat-a","8":"first","9":"instock","10":"shipping-taxable","11":"purchasable","12":"product-type-variable"},"acf":[],"_links":{"self":[{"href":"https:\/\/www.electricstore.eu\/pl\/wp-json\/wp\/v2\/product\/25022","targetHints":{"allow":["GET"]}}],"collection":[{"href":"https:\/\/www.electricstore.eu\/pl\/wp-json\/wp\/v2\/product"}],"about":[{"href":"https:\/\/www.electricstore.eu\/pl\/wp-json\/wp\/v2\/types\/product"}],"replies":[{"embeddable":true,"href":"https:\/\/www.electricstore.eu\/pl\/wp-json\/wp\/v2\/comments?post=25022"}],"wp:featuredmedia":[{"embeddable":true,"href":"https:\/\/www.electricstore.eu\/pl\/wp-json\/wp\/v2\/media\/25023"}],"wp:attachment":[{"href":"https:\/\/www.electricstore.eu\/pl\/wp-json\/wp\/v2\/media?parent=25022"}],"wp:term":[{"taxonomy":"product_brand","embeddable":true,"href":"https:\/\/www.electricstore.eu\/pl\/wp-json\/wp\/v2\/product_brand?post=25022"},{"taxonomy":"product_cat","embeddable":true,"href":"https:\/\/www.electricstore.eu\/pl\/wp-json\/wp\/v2\/product_cat?post=25022"},{"taxonomy":"product_tag","embeddable":true,"href":"https:\/\/www.electricstore.eu\/pl\/wp-json\/wp\/v2\/product_tag?post=25022"}],"curies":[{"name":"wp","href":"https:\/\/api.w.org\/{rel}","templated":true}]}}