{"id":24937,"date":"2025-05-20T18:43:31","date_gmt":"2025-05-20T18:43:31","guid":{"rendered":"https:\/\/electricstore.eu\/p\/uncategorized\/vevor-ratchet-chain-binder-3-8-1-2-heavy-duty-load-binders-12000-lbs-limit-hauling-chain-binders-for-flatbed-truck-trailer-4pc\/"},"modified":"2025-05-20T18:46:10","modified_gmt":"2025-05-20T18:46:10","slug":"vevor-ratchet-chain-binder-3-8-1-2-heavy-duty-load-binders-12000-lbs-limit-hauling-chain-binders-for-flatbed-truck-trailer-4pc","status":"publish","type":"product","link":"https:\/\/www.electricstore.eu\/pl\/p\/o\/electric-lifting-hoists\/vevor-ratchet-chain-binder-3-8-1-2-heavy-duty-load-binders-12000-lbs-limit-hauling-chain-binders-for-flatbed-truck-trailer-4pc\/","title":{"rendered":"VEVOR \u0141a\u0144cuch zapadkowy 3\/8\u2033-1\/2\u2033, \u0142a\u0144cuch o du\u017cej wytrzyma\u0142o\u015bci, 12000 funt\u00f3w, \u0142a\u0144cuch do transportu przyczep ci\u0119\u017car\u00f3wek z platform\u0105, 4 szt."},"content":{"rendered":"<div class=\"product-specs-list-container\">\n<ul class=\"product-specs-list util-clearfix\">\n<li class=\"product-prop line-limit-length\"><span\n                                        class=\"property-title\">Substancja chemiczna budz\u0105ca du\u017ce obawy:&nbsp;<\/span><span\n                                        class=\"property-desc line-limit-length\">Nic<\/span>\n                            <\/li>\n<li class=\"product-prop line-limit-length\"><span\n                                        class=\"property-title\">Pochodzenie:&nbsp;<\/span><span\n                                        class=\"property-desc line-limit-length\">Chiny kontynentalne<\/span>\n                            <\/li>\n<li class=\"product-prop line-limit-length\"><span\n                                        class=\"property-title\">Nazwa marki:&nbsp;<\/span><span\n                                        class=\"property-desc line-limit-length\">WI\u0118ZI\u0106<\/span>\n                            <\/li>\n<li class=\"product-prop line-limit-length\"><span\n                                        class=\"property-title\">Marka:&nbsp;<\/span><span\n                                        class=\"property-desc line-limit-length\">WI\u0118ZI\u0106<\/span>\n                            <\/li>\n<li class=\"product-prop line-limit-length\"><span\n                                        class=\"property-title\">Tworzywo:&nbsp;<\/span><span\n                                        class=\"property-desc line-limit-length\">Odlew ze stali<\/span>\n                            <\/li>\n<li class=\"product-prop line-limit-length\"><span\n                                        class=\"property-title\">Maksymalne obci\u0105\u017cenie \u0142a\u0144cucha:&nbsp;<\/span><span\n                                        class=\"property-desc line-limit-length\">7100 funt\u00f3w \/ 3220 kg<\/span>\n                            <\/li>\n<li class=\"product-prop line-limit-length\"><span\n                                        class=\"property-title\">Struktura zapadki:&nbsp;<\/span><span\n                                        class=\"property-desc line-limit-length\">Zewn\u0119trzny uchwyt regulacyjny<\/span>\n                            <\/li>\n<li class=\"product-prop line-limit-length\"><span\n                                        class=\"property-title\">Maksymalne obci\u0105\u017cenie wi\u0105zania zapadkowego:&nbsp;<\/span><span\n                                        class=\"property-desc line-limit-length\">12000 funt\u00f3w \/ 5443 kg<\/span>\n                            <\/li>\n<li class=\"product-prop line-limit-length\"><span\n                                        class=\"property-title\">Model:&nbsp;<\/span><span\n                                        class=\"property-desc line-limit-length\">Zapi\u0119cia \u0142a\u0144cuchowe 3\/8-1\/2<\/span>\n                            <\/li>\n<li class=\"product-prop line-limit-length\"><span\n                                        class=\"property-title\">Typ:&nbsp;<\/span><span\n                                        class=\"property-desc line-limit-length\">\u0141a\u0144cuchy wi\u0105\u017c\u0105ce<\/span>\n                            <\/li>\n<li class=\"product-prop line-limit-length\"><span\n                                        class=\"property-title\">Cechy:&nbsp;<\/span><span\n                                        class=\"property-desc line-limit-length\">\u0141atwa instalacja, wytrzyma\u0142o\u015b\u0107<\/span>\n                            <\/li>\n<li class=\"product-prop line-limit-length\"><span\n                                        class=\"property-title\">Sko\u0144czy\u0107:&nbsp;<\/span><span\n                                        class=\"property-desc line-limit-length\">Malowane proszkowo<\/span>\n                            <\/li>\n<\/ul><\/div>\n<div class=\"detailmodule_html\">\n<div class=\"detail-desc-decorate-richtext\">\n<div style=\"font-family:&quot;Open sans&quot;, Arial, Helvetica, sans-serif\">\n<div><img decoding=\"async\" style=\"width:100%\" width=\"100%\" src=\"https:\/\/d2qc09rl1gfuof.cloudfront.net\/vevor\/boutique-banner\/pc\/banner-en.jpg\" slate-data-type=\"image\"\/><\/div>\n<div>\n<div style=\"font-size:16px;font-weight:bold;text-align:center;color:rgb(34, 34, 34);margin:24px 0px;margin-bottom:24px;margin-top:24px;margin-left:0px;margin-right:0px\" align=\"center\">Przeno\u015bny \u015bci\u0105gacz zapadkowy<\/div>\n<div><img decoding=\"async\" style=\"width:100%\" width=\"100%\" src=\"https:\/\/d2qc09rl1gfuof.cloudfront.net\/product\/DLTJLLJQBBTYCEEB7\/chain-binder-a100-1.4.jpg\" slate-data-type=\"image\"\/><\/div>\n<div style=\"font-size:14px;text-align:center;color:rgb(34, 34, 34);margin:16px 0px 24px;margin-bottom:24px;margin-top:16px;margin-left:0px;margin-right:0px\" align=\"center\">Ten napinacz VEVOR jest bardziej pracoch\u0142onny ni\u017c zwyk\u0142e napinacze. Mo\u017cesz zdj\u0105\u0107 uchwyt i schowa\u0107 go do skrzynki narz\u0119dziowej lub w w\u0105skiej przestrzeni baga\u017cowej w samochodzie. Idealny do transportu r\u00f3\u017cnych ci\u0119\u017ckich towar\u00f3w, sprz\u0119tu i pojazd\u00f3w w paczkach. Dostarcz swoje produkty tam, gdzie powinny by\u0107, z VEVOR!<\/div>\n<\/div>\n<div>\n<div style=\"font-size:16px;font-weight:bold;text-align:center;color:rgb(34, 34, 34);margin:24px 0px;margin-bottom:24px;margin-top:24px;margin-left:0px;margin-right:0px\" align=\"center\"><\/div>\n<div style=\"margin:8px 0px;margin-bottom:8px;margin-top:8px;margin-left:0px;margin-right:0px\"><img decoding=\"async\" style=\"width:100%\" width=\"100%\" src=\"https:\/\/d2qc09rl1gfuof.cloudfront.net\/product\/DLTJLLJQBBTYCEEB7\/chain-binder-a100-2.2.jpg\" slate-data-type=\"image\"\/><\/div>\n<div style=\"font-size:14px;text-align:center;color:rgb(34, 34, 34);margin:16px 0px 24px;margin-bottom:24px;margin-top:16px;margin-left:0px;margin-right:0px\" align=\"center\">Mechanizm zapadkowy u\u0142atwia napinanie\/luzowanie \u0142a\u0144cucha. Uchwyt o d\u0142ugo\u015bci 40 cm jest o 5 cm d\u0142u\u017cszy ni\u017c standardowy, a oszcz\u0119dno\u015b\u0107 pracy zosta\u0142a zwi\u0119kszona dzi\u0119ki 14%, co zapewnia bezproblemow\u0105 obs\u0142ug\u0119.<\/div>\n<\/div>\n<div>\n<div style=\"font-size:16px;font-weight:bold;text-align:center;color:rgb(34, 34, 34);margin:24px 0px;margin-bottom:24px;margin-top:24px;margin-left:0px;margin-right:0px\" align=\"center\"><\/div>\n<div style=\"margin:8px 0px;margin-bottom:8px;margin-top:8px;margin-left:0px;margin-right:0px\"><img decoding=\"async\" style=\"width:100%\" width=\"100%\" src=\"https:\/\/d2qc09rl1gfuof.cloudfront.net\/product\/DLTJLLJQBBTYCEEB7\/chain-binder-a100-2.3.jpg\" slate-data-type=\"image\"\/><\/div>\n<div style=\"font-size:14px;text-align:center;color:rgb(34, 34, 34);margin:16px 0px 24px;margin-bottom:24px;margin-top:16px;margin-left:0px;margin-right:0px\" align=\"center\">Przesu\u0144 prze\u0142\u0105cznik, aby kontrolowa\u0107 dodatnie i ujemne obroty grzechotki. Pow\u0142oka jest odporna na rdz\u0119 i korozj\u0119, co sprawia, \u017ce nadaje si\u0119 do wszelkiego rodzaju wymagaj\u0105cych zastosowa\u0144 w terenie.<\/div>\n<\/div>\n<div>\n<div style=\"font-size:16px;font-weight:bold;text-align:center;color:rgb(34, 34, 34);margin:24px 0px;margin-bottom:24px;margin-top:24px;margin-left:0px;margin-right:0px\" align=\"center\"><\/div>\n<div style=\"margin:8px 0px;margin-bottom:8px;margin-top:8px;margin-left:0px;margin-right:0px\"><img decoding=\"async\" style=\"width:100%\" width=\"100%\" src=\"https:\/\/d2qc09rl1gfuof.cloudfront.net\/product\/DLTJLLJQBBTYCEEB7\/chain-binder-a100-2.4.jpg\" slate-data-type=\"image\"\/><\/div>\n<div style=\"font-size:14px;text-align:center;color:rgb(34, 34, 34);margin:16px 0px 24px;margin-bottom:24px;margin-top:16px;margin-left:0px;margin-right:0px\" align=\"center\">\u0141a\u0144cuchy G80 ze stali odlewanej, kute w wysokiej temperaturze, nie odkszta\u0142caj\u0105 si\u0119 \u0142atwo i nie p\u0119kaj\u0105 nawet w trudnych warunkach zewn\u0119trznych przez d\u0142ugi czas, s\u0105 odporne na zu\u017cycie i korozj\u0119.<\/div>\n<\/div>\n<div>\n<div style=\"font-size:16px;font-weight:bold;text-align:center;color:rgb(34, 34, 34);margin:24px 0px;margin-bottom:24px;margin-top:24px;margin-left:0px;margin-right:0px\" align=\"center\"><\/div>\n<div style=\"margin:8px 0px;margin-bottom:8px;margin-top:8px;margin-left:0px;margin-right:0px\"><img decoding=\"async\" style=\"width:100%\" width=\"100%\" src=\"https:\/\/d2qc09rl1gfuof.cloudfront.net\/product\/DLTJLLJQBBTYCEEB7\/chain-binder-a100-2.5.jpg\" slate-data-type=\"image\"\/><\/div>\n<div style=\"font-size:14px;text-align:center;color:rgb(34, 34, 34);margin:16px 0px 24px;margin-bottom:24px;margin-top:16px;margin-left:0px;margin-right:0px\" align=\"center\">Uchwyt jest od\u0142\u0105czany, co pozwala na wykorzystanie go do wielu cel\u00f3w. Ponadto, maszyna do spinania zapadkowego mo\u017ce zast\u0105pi\u0107 urz\u0105dzenie do napinania drutu w konwencjonalnych wagonach towarowych.<\/div>\n<\/div>\n<div style=\"margin:16px 0px 24px;margin-bottom:24px;margin-top:16px;margin-left:0px;margin-right:0px\"><\/div>\n<div style=\"margin:24px 0px;margin-bottom:24px;margin-top:24px;margin-left:0px;margin-right:0px\">\n<div style=\"font-size:16px;font-weight:bold;color:rgb(34, 34, 34);margin:24px 0px 16px;margin-bottom:16px;margin-top:24px;margin-left:0px;margin-right:0px\">Funkcje i szczeg\u00f3\u0142y<\/div>\n<ul style=\"margin:16px 0px 24px;margin-bottom:24px;margin-top:16px;margin-left:0px;margin-right:0px\">\n<li style=\"font-size:14px;color:rgb(34, 34, 34)\">\n<p>Oszcz\u0119dno\u015b\u0107 pracy: Przygotuj si\u0119 na zwi\u0119kszon\u0105 d\u0142ugo\u015b\u0107! Uchwyty o d\u0142ugo\u015bci 40 cm zapewniaj\u0105 d\u017awigni\u0119, a uchwyty zapadkowe zwi\u0119kszaj\u0105 jej si\u0142\u0119. Metalowy, rade\u0142kowany uchwyt i gumowy uchwyt o wkl\u0119s\u0142o-wypuk\u0142ej fakturze zapewniaj\u0105 efekt antypo\u015blizgowy, kt\u00f3ry zapewnia wygod\u0119 trzymania i \u0142atwo\u015b\u0107 u\u017cytkowania.<\/p>\n<\/li>\n<li style=\"font-size:14px;color:rgb(34, 34, 34)\">\n<p>Stworzony do ci\u0119\u017ckich zada\u0144: Hak mocuj\u0105cy \u0142adunek wykonany jest ze staliwa, co zapewnia wi\u0119ksz\u0105 no\u015bno\u015b\u0107. Powierzchnia jest powlekana, aby zapobiec rdzewieniu. Maksymalne obci\u0105\u017cenie robocze: 5500 kg, wytrzyma\u0142o\u015b\u0107 na zerwanie: 20000 kg. Pasuje do \u0142a\u0144cuch\u00f3w 3\/8&quot; i 1\/2&quot;. Maksymalne obci\u0105\u017cenie robocze \u0142a\u0144cucha 3\/8&quot; G80: 3100 kg, wytrzyma\u0142o\u015b\u0107 na zerwanie: 12400 kg.<\/p>\n<\/li>\n<li style=\"font-size:14px;color:rgb(34, 34, 34)\">\n<p>\u0141atwe przechowywanie: Nie martw si\u0119 o przechowywanie. Skomplikowane przechowywanie to ju\u017c przesz\u0142o\u015b\u0107. Uchwyt posiada opatentowan\u0105, od\u0142\u0105czan\u0105 konstrukcj\u0119, kt\u00f3r\u0105 mo\u017cna przechowywa\u0107 w w\u0105skiej przestrzeni ci\u0119\u017car\u00f3wki, po prostu zdejmuj\u0105c uchwyt. Nadaje si\u0119 r\u00f3wnie\u017c do napinaczy wagon\u00f3w towarowych.<\/p>\n<\/li>\n<li style=\"font-size:14px;color:rgb(34, 34, 34)\">\n<p>Bezpiecze\u0144stwo to nasz priorytet: Odpowiednio zaprojektowany z my\u015bl\u0105 o Twoim bezpiecze\u0144stwie, \u0142\u0105cznik posiada zabezpieczenie przed upadkiem, chroni\u0105ce Twoje stopy przed uderzeniem. Ulepszona konstrukcja zewn\u0119trznego prze\u0142\u0105cznika oszcz\u0119dza si\u0142\u0119 robocz\u0105 i zapobiega przytrza\u015bni\u0119ciu d\u0142oni. Kuty chwytak z obrotem 360 stopni zapewnia maksymaln\u0105 trwa\u0142o\u015b\u0107 i niezawodno\u015b\u0107.<\/p>\n<\/li>\n<li style=\"font-size:14px;color:rgb(34, 34, 34)\">\n<p>Zastosowanie w wielu scenariuszach: Nasze opaski zapadkowe s\u0105 przeznaczone do zabezpieczania \u0142adunk\u00f3w w zastosowaniach z wi\u0105zaniem \u0142a\u0144cuchowym w transporcie, przemy\u015ble i rolnictwie, a tak\u017ce do mocowania \u0142adunk\u00f3w w przemy\u015ble morskim, rolnictwie i obiektach u\u017cyteczno\u015bci publicznej. Spe\u0142nia wszystkie wymogi CVSA, DOT, NACM i FMCSA. Uwaga: ta opaska nie jest przeznaczona ani dopuszczona do podnoszenia \u0142adunk\u00f3w nad g\u0142ow\u0105.<\/p>\n<\/li>\n<\/ul>\n<\/div>\n<div>\n<div>\n<div style=\"margin:16px 0px 24px;margin-bottom:24px;margin-top:16px;margin-left:0px;margin-right:0px\"><img decoding=\"async\" style=\"width:100%\" width=\"100%\" src=\"https:\/\/d2qc09rl1gfuof.cloudfront.net\/product\/DLTJLLJQBBTYCEEB7\/chain-binder-a100-1.11.jpg\" slate-data-type=\"image\"\/><\/div>\n<\/div>\n<\/div>\n<\/div>\n<\/div>\n<\/div>\n<p><\/p>","protected":false},"excerpt":{"rendered":"<p>Hign-concerned Chemical:&nbsp;None Origin:&nbsp;Mainland China Brand Name:&nbsp;VEVOR Brand:&nbsp;VEVOR Material:&nbsp;Cast Steel Max. Load of Chain:&nbsp;7100 lbs \/ 3220 kg Pawl Structure:&nbsp;External Adjusting Handle Max. Load of Ratchet Binder:&nbsp;12000 lbs \/ 5443 kg<\/p>","protected":false},"featured_media":24939,"comment_status":"open","ping_status":"closed","template":"","meta":{"_acf_changed":false},"product_brand":[],"product_cat":[517],"product_tag":[],"class_list":{"0":"post-24937","1":"product","2":"type-product","3":"status-publish","4":"has-post-thumbnail","6":"product_cat-electric-lifting-hoists","8":"first","9":"instock","10":"shipping-taxable","11":"purchasable","12":"product-type-variable"},"acf":[],"_links":{"self":[{"href":"https:\/\/www.electricstore.eu\/pl\/wp-json\/wp\/v2\/product\/24937","targetHints":{"allow":["GET"]}}],"collection":[{"href":"https:\/\/www.electricstore.eu\/pl\/wp-json\/wp\/v2\/product"}],"about":[{"href":"https:\/\/www.electricstore.eu\/pl\/wp-json\/wp\/v2\/types\/product"}],"replies":[{"embeddable":true,"href":"https:\/\/www.electricstore.eu\/pl\/wp-json\/wp\/v2\/comments?post=24937"}],"wp:featuredmedia":[{"embeddable":true,"href":"https:\/\/www.electricstore.eu\/pl\/wp-json\/wp\/v2\/media\/24939"}],"wp:attachment":[{"href":"https:\/\/www.electricstore.eu\/pl\/wp-json\/wp\/v2\/media?parent=24937"}],"wp:term":[{"taxonomy":"product_brand","embeddable":true,"href":"https:\/\/www.electricstore.eu\/pl\/wp-json\/wp\/v2\/product_brand?post=24937"},{"taxonomy":"product_cat","embeddable":true,"href":"https:\/\/www.electricstore.eu\/pl\/wp-json\/wp\/v2\/product_cat?post=24937"},{"taxonomy":"product_tag","embeddable":true,"href":"https:\/\/www.electricstore.eu\/pl\/wp-json\/wp\/v2\/product_tag?post=24937"}],"curies":[{"name":"wp","href":"https:\/\/api.w.org\/{rel}","templated":true}]}}