{"id":24746,"date":"2025-05-20T18:42:23","date_gmt":"2025-05-20T18:42:23","guid":{"rendered":"https:\/\/electricstore.eu\/p\/uncategorized\/kids-electric-motorcycle-150w-24v-3-0ah-battery-dual-speed-led-lights-for-children-over-6-years-black-colorful\/"},"modified":"2025-05-20T18:43:37","modified_gmt":"2025-05-20T18:43:37","slug":"kids-electric-motorcycle-150w-24v-3-0ah-battery-dual-speed-led-lights-for-children-over-6-years-black-colorful","status":"publish","type":"product","link":"https:\/\/www.electricstore.eu\/pl\/p\/motorbikes\/electric-children-motorbikes\/kids-electric-motorcycle-150w-24v-3-0ah-battery-dual-speed-led-lights-for-children-over-6-years-black-colorful\/","title":{"rendered":"Dzieci\u0119cy motocykl elektryczny 150 W, 24 V, 3,0 Ah, akumulator, \u015bwiat\u0142a LED o podw\u00f3jnej pr\u0119dko\u015bci, dla dzieci powy\u017cej 6 lat, czarny, kolorowy"},"content":{"rendered":"<div class=\"product-specs-list-container\">\n<ul class=\"product-specs-list util-clearfix\">\n<li class=\"product-prop line-limit-length\"><span\n                                        class=\"property-title\">Substancja chemiczna budz\u0105ca du\u017ce obawy:&nbsp;<\/span><span\n                                        class=\"property-desc line-limit-length\">Nic<\/span>\n                            <\/li>\n<li class=\"product-prop line-limit-length\"><span\n                                        class=\"property-title\">Pochodzenie:&nbsp;<\/span><span\n                                        class=\"property-desc line-limit-length\">Chiny kontynentalne<\/span>\n                            <\/li>\n<li class=\"product-prop line-limit-length\"><span\n                                        class=\"property-title\">Typ przedmiotu:&nbsp;<\/span><span\n                                        class=\"property-desc line-limit-length\">inni<\/span>\n                            <\/li>\n<\/ul><\/div>\n<div class=\"detailmodule_text-image\">\n<p style=\"font-size:16px\">Opis<br \/>Chcesz zapewni\u0107 swoim dzieciom dzieci\u0144stwo pe\u0142ne zabawy i eksploracji? Ten elektryczny motocykl dla dzieci to idealny wyb\u00f3r! Dzi\u0119ki efektownemu i przyci\u0105gaj\u0105cemu wzrok designowi, natychmiast zamienia dzieci w ma\u0142ych kierowc\u00f3w wy\u015bcigowych, pokazuj\u0105c ich dzieci\u0119cy styl. Pozw\u00f3l mu rozpali\u0107 w dzieciach pasj\u0119 do eksploracji i poprowadzi\u0107 je ku szcz\u0119\u015bliwej przysz\u0142o\u015bci!<\/p>\n<p>G\u0142\u00f3wne cechy<br \/>Zbudowany, aby przetrwa\u0107: Wykonany z wysokiej jako\u015bci \u017celaza i przyjaznego dla dzieci polipropylenu, z zastosowaniem natrysku tworzywa sztucznego i druku wodnego, jest przyjazny dla \u015brodowiska, odporny na korozj\u0119, wilgo\u0107, warunki atmosferyczne, starzenie i zu\u017cycie, dzi\u0119ki czemu dobrze znosi pr\u00f3b\u0119 czasu.<\/p>\n<p>Wydajny uk\u0142ad elektryczny: dzi\u0119ki mocy 150 W i akumulatorowi 24 V 3,0 Ah mo\u017cesz je\u017adzi\u0107 przez oko\u0142o 1,2 godziny po 3-5 godzinach \u0142adowania, co pozwoli Twojemu dziecku na \u015bwietn\u0105 zabaw\u0119 bez konieczno\u015bci cz\u0119stego \u0142adowania.<\/p>\n<p>Tryb podw\u00f3jnej pr\u0119dko\u015bci: motocykl elektryczny jest wyposa\u017cony w 2-biegow\u0105 funkcj\u0119 regulacji (4,97 mil\/h, 7,46 mil\/h), dzi\u0119ki czemu mo\u017cesz swobodnie prze\u0142\u0105cza\u0107 si\u0119 mi\u0119dzy trybami wysokiej i niskiej pr\u0119dko\u015bci w zale\u017cno\u015bci od warunk\u00f3w na drodze i osobistych nawyk\u00f3w jazdy, co jest szczeg\u00f3lnie przydatne dla dzieci lub pocz\u0105tkuj\u0105cych u\u017cytkownik\u00f3w, kt\u00f3rzy chc\u0105 cieszy\u0107 si\u0119 jazd\u0105. <\/p>\n<p>Zabawna jazda: pojazd ma fajny design i kolorowe \u015bwiat\u0142a LED (czerwone, niebieskie i zielone), kt\u00f3re przypadn\u0105 do gustu dzieciom, dzi\u0119ki czemu jazda staje si\u0119 o wiele \u0142atwiejsza i przyjemniejsza. <\/p>\n<p>Wygodne i bezpieczne: Ergonomiczne siedzenie zapewnia dzieciom doskona\u0142\u0105 i wygodn\u0105 jazd\u0119. Dodatkowo, tylny hamulec tarczowy zapewnia bezpiecze\u0144stwo dziecka podczas jazdy, a kr\u00f3tka r\u0105czka umo\u017cliwia szybkie hamowanie.                                      <\/p>\n<p>Du\u017ca no\u015bno\u015b\u0107: Stabilna rama \u017celazna, tr\u00f3jk\u0105tna konstrukcja i mocne po\u0142\u0105czenie \u015brubowe sprawiaj\u0105, \u017ce produkt ma no\u015bno\u015b\u0107 143,3 funta, co zapewnia wi\u0119kszy komfort podczas jego u\u017cytkowania.<\/p>\n<p>\u0141atwa konserwacja: Dzi\u0119ki g\u0142adkiej powierzchni i prostej konstrukcji, mo\u017cesz \u0142atwo zetrze\u0107 z niego brud mi\u0119kk\u0105 szmatk\u0105.\u00a0<\/p>\n<p>Wspania\u0142y prezent: Ten produkt mo\u017ce rozpali\u0107 w dziecku pasj\u0119 do eksploracji i przyg\u00f3d, pom\u00f3c mu rozwin\u0105\u0107 odwag\u0119, ciekawo\u015b\u0107 oraz doskona\u0142e umiej\u0119tno\u015bci kontroli i jazdy, dzi\u0119ki kt\u00f3rym wyr\u00f3\u017cni si\u0119 z t\u0142umu. Dzi\u0119ki temu mo\u017ce by\u0107 idealnym prezentem urodzinowym i \u015bwi\u0105tecznym dla Twojego dziecka.<\/p>\n<p>\u0141atwy monta\u017c: Kompletne akcesoria instalacyjne, szczeg\u00f3\u0142owa instrukcja obs\u0142ugi i prosta konstrukcja pozwalaj\u0105 na uko\u0144czenie monta\u017cu w bardzo kr\u00f3tkim czasie.\u00a0 \u00a0<\/p>\n<p>Dobra obs\u0142uga klienta: Wspieramy wszystkich naszych go\u015bci i z przyjemno\u015bci\u0105 pomo\u017cemy Ci w zakupie. Z przyjemno\u015bci\u0105 odpowiemy na Twoje pytania i w\u0105tpliwo\u015bci. Koniec historii mi\u0119dzy nami nie polega na tym, \u017ce \u201emy sprzedajemy, a Ty kupujesz\u201d.<\/p>\n<p>Bli\u017csze dane<br \/>Peda\u0142 antypo\u015blizgowy: zwi\u0119ksza tarcie mi\u0119dzy podeszw\u0105 stopy a peda\u0142em, zapobiegaj\u0105c po\u015blizgowi.<\/p>\n<p>Opony antypo\u015blizgowe: Opony z rowkami antypo\u015blizgowymi s\u0105 trwa\u0142e i zapewniaj\u0105 dobr\u0105 przyczepno\u015b\u0107, a tak\u017ce zapobiegaj\u0105 po\u015blizgom na mokrych drogach. <\/p>\n<p>Wska\u017anik \u0142adowania: \u0141adowarka posiada lampk\u0119 kontroln\u0105, dzi\u0119ki kt\u00f3rej mo\u017cna \u0142atwo sprawdzi\u0107 stan na\u0142adowania. Wska\u017anik \u015bwieci na czerwono podczas \u0142adowania i na zielono po jego zako\u0144czeniu.<\/p>\n<p>Praktyczne b\u0142otniki: Przednie i tylne b\u0142otniki chroni\u0105 w pewnym stopniu Ciebie i Tw\u00f3j rower przed rozpryskiwaniem si\u0119 b\u0142ota podczas jazdy po b\u0142otnistych drogach.<\/p>\n<p>Aplikacja<br \/>Produkt jest odpowiedni dla dzieci i m\u0142odzie\u017cy powy\u017cej 6 lat i o wadze nieprzekraczaj\u0105cej 63 kg. Mo\u017cna nim r\u00f3wnie\u017c je\u017adzi\u0107 po nawierzchniach zewn\u0119trznych, takich jak asfalt, ceg\u0142a i cement.<\/p>\n<p>Specyfikacja<br \/>Kolor: Czarny, Kolorowy<br \/>Styl: Nowoczesny<br \/>Materia\u0142: \u017celazo, PP<br \/>Proces: natryskiwanie plastiku, druk transferowy na wodzie<br \/>Wymagany monta\u017c: Tak<br \/>Hamulec: Tarczowy<br \/>\u0179r\u00f3d\u0142o \u015bwiat\u0142a: LED<br \/>Jasne kolory: czerwony, niebieski, zielony<br \/>\u0179r\u00f3d\u0142o zasilania: przewodowe<br \/>Typ wtyczki: Standard UE<br \/>Napi\u0119cie: 24V<br \/>Moc: 150 W<br \/>Pojemno\u015b\u0107 akumulatora: 24 V 3,0 Ah<br \/>Model adaptera: DCSP294100<br \/>Wej\u015bcie: 100-240 V AC 50\/60 Hz 2 A maks.<br \/>Wyj\u015bcie: DC29,4V 1A                     <br \/>Czas \u0142adowania: 3-5 godz.<br \/>Czas wytrzyma\u0142o\u015bci: oko\u0142o 1,2 godz.<br \/>Maksymalna \u0142adowno\u015b\u0107: 65 kg\/143,3 funta<br \/>Odpowiedni wiek: &gt; 6 lat<br \/>Pr\u0119dko\u015b\u0107: oko\u0142o 8 km\/4,97 mil\/h, 12 km\/7,46 mil\/h<br \/>\u015arednica ko\u0142a: 30,48 cm\/12 cali<br \/>Stopie\u0144 wspinaczki: 15\u00b0<br \/>Masa ca\u0142kowita: 16 kg\/35,27 funta <br \/>Rozmiar opakowania: 95*50*20 cm\/ 37,4*19,69*7,87 cala<br \/>Wymiary produktu: 106*59*66 cm\/ 41,7*23,22*26 cali<\/p>\n<p>W pakiecie<br \/>1* Motocykl elektryczny dla dzieci<br \/>1* Instrukcja wieloj\u0119zyczna<br \/>Wszystkie akcesoria do instalacji<\/p>\n<p>Notatki<br \/>1. Przed u\u017cyciem nale\u017cy dok\u0142adnie przeczyta\u0107 instrukcj\u0119 obs\u0142ugi. Nale\u017cy zwr\u00f3ci\u0107 szczeg\u00f3ln\u0105 uwag\u0119 na zawarte w niej instrukcje bezpiecze\u0144stwa.<br \/>2. Regularnie sprawdzaj po\u0142\u0105czenia cz\u0119\u015bci, aby upewni\u0107 si\u0119, \u017ce produkt jest bezpiecznie zmontowany. W przypadku zauwa\u017cenia uszkodze\u0144 na ruchomych cz\u0119\u015bciach lub ramie, natychmiast zaprzesta\u0144 u\u017cytkowania produktu.        <br \/>3. Na\u0142aduj akumulator za pomoc\u0105 specjalnej \u0142adowarki. Nie zbli\u017caj akumulatora do ognia, nie rozmontowuj go i nie u\u017cywaj ani nie \u0142aduj w wysokich temperaturach. Po pe\u0142nym na\u0142adowaniu akumulatora od\u0142\u0105cz go od zasilania. <br \/>4. Prosz\u0119 uwzgl\u0119dni\u0107 niewielk\u0105 r\u00f3\u017cnic\u0119 kolor\u00f3w spowodowan\u0105 \u015bwiat\u0142em fotografowania oraz b\u0142\u0105d pomiaru r\u0119cznego wynosz\u0105cy 1-3 cm. Przed z\u0142o\u017ceniem zam\u00f3wienia upewnij si\u0119, \u017ce nie b\u0119dzie Ci to przeszkadza\u0107.<\/p>\n<div><img decoding=\"async\" class=\"detail-desc-decorate-image\" src=\"https:\/\/ae01.alicdn.com\/kf\/S912bc17749c840e59e982e5b6f40637fu.jpg\" slate-data-type=\"image\"\/><img decoding=\"async\" class=\"detail-desc-decorate-image\" src=\"https:\/\/ae01.alicdn.com\/kf\/S5e0136287c924d47a5e331dcb3eab88bb.jpg\" slate-data-type=\"image\"\/><img decoding=\"async\" class=\"detail-desc-decorate-image\" src=\"https:\/\/ae01.alicdn.com\/kf\/S343e378342484d22ab03e2087fba3c00W.jpg\" slate-data-type=\"image\"\/><img decoding=\"async\" class=\"detail-desc-decorate-image\" src=\"https:\/\/ae01.alicdn.com\/kf\/S1482a5b681a441ed90f723f28f8bce2bd.jpg\" slate-data-type=\"image\"\/><img decoding=\"async\" class=\"detail-desc-decorate-image\" src=\"https:\/\/ae01.alicdn.com\/kf\/S235805ba05354a2f9d458549b98ecb23F.jpg\" slate-data-type=\"image\"\/><img decoding=\"async\" class=\"detail-desc-decorate-image\" src=\"https:\/\/ae01.alicdn.com\/kf\/Sc9f59ca8be0c415d9257d275b225b2f3u.jpg\" slate-data-type=\"image\"\/><img decoding=\"async\" class=\"detail-desc-decorate-image\" src=\"https:\/\/ae01.alicdn.com\/kf\/Se60e27f4afe54e4f81bfbbc1c66ad94ak.jpg\" slate-data-type=\"image\"\/><img decoding=\"async\" class=\"detail-desc-decorate-image\" src=\"https:\/\/ae01.alicdn.com\/kf\/S509a7d8ba55647529309011c4b646e15z.jpg\" slate-data-type=\"image\"\/><img decoding=\"async\" class=\"detail-desc-decorate-image\" src=\"https:\/\/ae01.alicdn.com\/kf\/Sc9a3b5bd9691435da18fd2b68744023es.jpg\" slate-data-type=\"image\"\/><img decoding=\"async\" class=\"detail-desc-decorate-image\" src=\"https:\/\/ae01.alicdn.com\/kf\/S9b5325899d2143a8897666a327ccb99bt.jpg\" slate-data-type=\"image\"\/><\/div>\n<\/div>\n<p><\/p>","protected":false},"excerpt":{"rendered":"<p>Hign-concerned Chemical:&nbsp;None Origin:&nbsp;Mainland China Item Type:&nbsp;others DescriptionDo you want to give your children a childhood full of fun and exploration? Then this electric motorcycle for kids is the ideal choice<\/p>","protected":false},"featured_media":24748,"comment_status":"open","ping_status":"closed","template":"","meta":{"_acf_changed":false},"product_brand":[],"product_cat":[313],"product_tag":[],"class_list":{"0":"post-24746","1":"product","2":"type-product","3":"status-publish","4":"has-post-thumbnail","6":"product_cat-electric-children-motorbikes","8":"first","9":"instock","10":"shipping-taxable","11":"purchasable","12":"product-type-simple"},"acf":[],"_links":{"self":[{"href":"https:\/\/www.electricstore.eu\/pl\/wp-json\/wp\/v2\/product\/24746","targetHints":{"allow":["GET"]}}],"collection":[{"href":"https:\/\/www.electricstore.eu\/pl\/wp-json\/wp\/v2\/product"}],"about":[{"href":"https:\/\/www.electricstore.eu\/pl\/wp-json\/wp\/v2\/types\/product"}],"replies":[{"embeddable":true,"href":"https:\/\/www.electricstore.eu\/pl\/wp-json\/wp\/v2\/comments?post=24746"}],"wp:featuredmedia":[{"embeddable":true,"href":"https:\/\/www.electricstore.eu\/pl\/wp-json\/wp\/v2\/media\/24748"}],"wp:attachment":[{"href":"https:\/\/www.electricstore.eu\/pl\/wp-json\/wp\/v2\/media?parent=24746"}],"wp:term":[{"taxonomy":"product_brand","embeddable":true,"href":"https:\/\/www.electricstore.eu\/pl\/wp-json\/wp\/v2\/product_brand?post=24746"},{"taxonomy":"product_cat","embeddable":true,"href":"https:\/\/www.electricstore.eu\/pl\/wp-json\/wp\/v2\/product_cat?post=24746"},{"taxonomy":"product_tag","embeddable":true,"href":"https:\/\/www.electricstore.eu\/pl\/wp-json\/wp\/v2\/product_tag?post=24746"}],"curies":[{"name":"wp","href":"https:\/\/api.w.org\/{rel}","templated":true}]}}