{"id":24721,"date":"2025-05-20T18:42:10","date_gmt":"2025-05-20T18:42:10","guid":{"rendered":"https:\/\/electricstore.eu\/p\/uncategorized\/homcom-electric-motorcycle-3-years-with-3-wheels-lights-music-3-km-h-86x42x52cm\/"},"modified":"2025-05-20T18:43:28","modified_gmt":"2025-05-20T18:43:28","slug":"homcom-electric-motorcycle-3-years-with-3-wheels-lights-music-3-km-h-86x42x52cm","status":"publish","type":"product","link":"https:\/\/www.electricstore.eu\/pl\/p\/motorbikes\/electric-children-motorbikes\/homcom-electric-motorcycle-3-years-with-3-wheels-lights-music-3-km-h-86x42x52cm\/","title":{"rendered":"Motocykl elektryczny HOMCOM + 3 lata na 3 ko\u0142ach \u015awiat\u0142a Muzyka 3 km\/h 86x42x52cm"},"content":{"rendered":"<div class=\"product-specs-list-container\">\n<ul class=\"product-specs-list util-clearfix\">\n<li class=\"product-prop line-limit-length\"><span\n                                        class=\"property-title\">Pochodzenie:&nbsp;<\/span><span\n                                        class=\"property-desc line-limit-length\">Chiny kontynentalne<\/span>\n                            <\/li>\n<li class=\"product-prop line-limit-length\"><span\n                                        class=\"property-title\">Cechy:&nbsp;<\/span><span\n                                        class=\"property-desc line-limit-length\">Jecha\u0107 dalej<\/span>\n                            <\/li>\n<li class=\"product-prop line-limit-length\"><span\n                                        class=\"property-title\">Certyfikat:&nbsp;<\/span><span\n                                        class=\"property-desc line-limit-length\"><\/span>\n                            <\/li>\n<\/ul><\/div>\n<div class=\"detailmodule_html\">\n<div class=\"detail-desc-decorate-richtext\">\n<p><\/p>\n<div>\n <br \/>&amp; Iexcl; What starts the adventure! This HOMCOM electric scooter with 3 wheels will be the perfect adventure companion for any child. With a range of up to 45 minutes after a full charge, you can go through your favorite places as a true driver and at a limited safety speed of 3 km\/h. With headlights with light, this bike offers a most realistic driving experience, for children to have a great time.<br \/>\n\n<\/div>\n<div class=\"lc-1\">\n<div class=\"f-line\">\n<div class=\"fts\">\n<div>\n    <strong>Cechy:<\/strong><br \/>\n    <br \/>\u25cf Electric children&#8217;s vehicle with realistic design and functions such as the 2 headlights;\n<\/div>\n<div>\n\u25cf Advance at low speed, so that your child can anticipate and respond to unexpected situations;\n<\/div>\n<div>\n\u25cf This battery bike incorporates music that is activated by pressing a button;\n<\/div>\n<div>\n\u25cf 3 wide tires provide stable and smooth driving;\n<\/div>\n<div>\n\u25cf Speed can reach a maximum of 3 km\/h;\n<\/div>\n<div>\n\u25cf After a full charge, it has a range of up to 45 minutes approx.;\n<\/div>\n<div>\n\u25cf Recommended for children from 3 years and up to 25 kg;\n<\/div>\n<div>\n\u25cf This children&#8217;s motorcycle promotes the development of different skills such as hand-eye coordination;\n<\/div>\n<div>\n\u25cf Wymagany jest monta\u017c;\n<\/div>\n<div>\n\u25cf Wa\u017cne: Zawsze u\u017cywaj pod nadzorem osoby doros\u0142ej;<br \/>\n\n   <\/div><\/div><\/div>\n<\/div>\n<div class=\"lc-1\">\n<div class=\"f-line\">\n<div class=\"fts\">\n<div>\n    <strong>Dane techniczne:<\/strong><br \/>\n    <br \/>\u25cf Color: red and black\/blue;\n<\/div>\n<div>\n\u25cf Materia\u0142: PP, metal;\n<\/div>\n<div>\n\u25cf Total measurements: 86x42x52 cm (LxANxAL);\n<\/div>\n<div>\n\u25cf Wheel measurements: &Oslash; 23&#215;7,5 cm (DIAMxAN);\n<\/div>\n<div>\n\u25cf Czas \u0142adowania: 8-12 godzin;\n<\/div>\n<div>\n\u25cf Battery autonomy: 45 minutes (fully charged);\n<\/div>\n<div>\n\u25cf Motor: 25 W;\n<\/div>\n<div>\n\u25cf Charger: 6V \/ 500MA;\n<\/div>\n<div>\n\u25cf Maximum weight supported: 25 kg;\n<\/div>\n<div>\n\u25cf Suitable for children: over 3 years old;\n<\/div>\n<div>\n\u25cf Reference: 370-102RD\/370-102BU;<br \/>\n\n   <\/div><\/div><\/div>\n<\/div>\n<div>\n <img decoding=\"async\" width=\"1000    \" height=\"35\" src=\"https:\/\/ae01.alicdn.com\/kf\/HTB1KhgjkfiSBuNkSnhJq6zDcpXaR.jpg\" slate-data-type=\"image\" \/>\n<\/div>\n<div class=\"content01\">\n<div class=\"content_img\">\n  <img decoding=\"async\" width=\"1000\" src=\"https:\/\/ae01.alicdn.com\/kf\/H70614f8129544824ab0c7d099a3ef9aaC.jpg\" slate-data-type=\"image\" \/>\n <\/div>\n<div class=\"content_img\">\n  <img decoding=\"async\" width=\"1000\" src=\"https:\/\/ae01.alicdn.com\/kf\/H9cbca82ec0f34df6bc382192a0ae4fd4G.jpg\" slate-data-type=\"image\" \/>\n <\/div>\n<div class=\"content_img\">\n  <img decoding=\"async\" width=\"1000\" src=\"https:\/\/ae01.alicdn.com\/kf\/He21326f0f8e145e48f32f1cfbfe9d369f.jpg\" slate-data-type=\"image\" \/>\n <\/div>\n<div class=\"content_img\">\n  <img decoding=\"async\" width=\"1000\" src=\"https:\/\/ae01.alicdn.com\/kf\/He6920fc9da1242eea230ccf1e67e6854Q.jpg\" slate-data-type=\"image\" \/>\n <\/div>\n<div class=\"content_img\">\n  <img decoding=\"async\" width=\"1000\" src=\"https:\/\/ae01.alicdn.com\/kf\/Hcdd359b5f57a41df9fd20bd7c4998b72U.jpg\" slate-data-type=\"image\" \/>\n <\/div>\n<div class=\"content_img\">\n  <img decoding=\"async\" width=\"1000\" src=\"https:\/\/ae01.alicdn.com\/kf\/Hd2824e6f3c1446b383c9dc3797cc51276.jpg\" slate-data-type=\"image\" \/>\n <\/div>\n<div class=\"content_img\">\n  <img decoding=\"async\" width=\"1000\" src=\"https:\/\/ae01.alicdn.com\/kf\/H79c926e88feb4b258588fb5c8581f499u.jpg\" slate-data-type=\"image\" \/>\n <\/div>\n<div class=\"content_img\">\n  <img decoding=\"async\" width=\"1000\" src=\"https:\/\/gsp.aliexpress.com\/apps\/product\/publish?spm=5261.ProductManageOnline.0.0.7d564edfWFvxkZ&amp;productId=4001337167822\" slate-data-type=\"image\" \/>\n <\/div>\n<\/div>\n<div>\n <img fetchpriority=\"high\" decoding=\"async\" width=\"1000\" height=\"1881\" src=\"https:\/\/ae01.alicdn.com\/kf\/HTB1i.OtVMHqK1RjSZFkq6x.WFXaT.jpg\" slate-data-type=\"image\" \/>\n<\/div>\n<p><\/p>\n<\/div>\n<\/div>","protected":false},"excerpt":{"rendered":"<p>Origin:&nbsp;Mainland China Features:&nbsp;Ride On Certificate:&nbsp; &amp; Iexcl; What starts the adventure! This HOMCOM electric scooter with 3 wheels will be the perfect adventure companion for any child. With a range<\/p>","protected":false},"featured_media":24722,"comment_status":"open","ping_status":"closed","template":"","meta":{"_acf_changed":false},"product_brand":[],"product_cat":[313],"product_tag":[],"class_list":{"0":"post-24721","1":"product","2":"type-product","3":"status-publish","4":"has-post-thumbnail","6":"product_cat-electric-children-motorbikes","8":"first","9":"instock","10":"shipping-taxable","11":"purchasable","12":"product-type-variable"},"acf":[],"_links":{"self":[{"href":"https:\/\/www.electricstore.eu\/pl\/wp-json\/wp\/v2\/product\/24721","targetHints":{"allow":["GET"]}}],"collection":[{"href":"https:\/\/www.electricstore.eu\/pl\/wp-json\/wp\/v2\/product"}],"about":[{"href":"https:\/\/www.electricstore.eu\/pl\/wp-json\/wp\/v2\/types\/product"}],"replies":[{"embeddable":true,"href":"https:\/\/www.electricstore.eu\/pl\/wp-json\/wp\/v2\/comments?post=24721"}],"wp:featuredmedia":[{"embeddable":true,"href":"https:\/\/www.electricstore.eu\/pl\/wp-json\/wp\/v2\/media\/24722"}],"wp:attachment":[{"href":"https:\/\/www.electricstore.eu\/pl\/wp-json\/wp\/v2\/media?parent=24721"}],"wp:term":[{"taxonomy":"product_brand","embeddable":true,"href":"https:\/\/www.electricstore.eu\/pl\/wp-json\/wp\/v2\/product_brand?post=24721"},{"taxonomy":"product_cat","embeddable":true,"href":"https:\/\/www.electricstore.eu\/pl\/wp-json\/wp\/v2\/product_cat?post=24721"},{"taxonomy":"product_tag","embeddable":true,"href":"https:\/\/www.electricstore.eu\/pl\/wp-json\/wp\/v2\/product_tag?post=24721"}],"curies":[{"name":"wp","href":"https:\/\/api.w.org\/{rel}","templated":true}]}}