{"id":24681,"date":"2025-05-20T18:41:43","date_gmt":"2025-05-20T18:41:43","guid":{"rendered":"https:\/\/electricstore.eu\/p\/uncategorized\/homcom-electric-motorcycle-children-3-years-12v-2-balance-wheels-plus-8-km-h\/"},"modified":"2025-05-20T18:42:46","modified_gmt":"2025-05-20T18:42:46","slug":"homcom-electric-motorcycle-children-3-years-12v-2-balance-wheels-plus-8-km-h","status":"publish","type":"product","link":"https:\/\/www.electricstore.eu\/pl\/p\/motorbikes\/electric-children-motorbikes\/homcom-electric-motorcycle-children-3-years-12v-2-balance-wheels-plus-8-km-h\/","title":{"rendered":"Motocykl elektryczny HOMCOM dla dzieci + 3 lata 12V 2 ko\u0142a r\u00f3wnowa\u017c\u0105ce plus 8 km\/h"},"content":{"rendered":"<div class=\"product-specs-list-container\">\n<ul class=\"product-specs-list util-clearfix\">\n<li class=\"product-prop line-limit-length\"><span\n                                        class=\"property-title\">Nazwa marki:&nbsp;<\/span><span\n                                        class=\"property-desc line-limit-length\">HOMCOM<\/span>\n                            <\/li>\n<li class=\"product-prop line-limit-length\"><span\n                                        class=\"property-title\">Pochodzenie:&nbsp;<\/span><span\n                                        class=\"property-desc line-limit-length\">Chiny kontynentalne<\/span>\n                            <\/li>\n<li class=\"product-prop line-limit-length\"><span\n                                        class=\"property-title\">Cechy:&nbsp;<\/span><span\n                                        class=\"property-desc line-limit-length\">Jecha\u0107 dalej<\/span>\n                            <\/li>\n<\/ul><\/div>\n<div class=\"detailmodule_html\">\n<div class=\"detail-desc-decorate-richtext\">\n<p><\/p>\n<div>\n<div>\n<div>Let the adventure begin! This HOMCOM children&#8217;s electric motorcycle will be the perfect adventure companion for any child. With a range of up to 45 minutes after a full charge, you can go through your favorite places as a true driver. It has 1 comfortable seat and 2 auxiliary wheels that provide stability and security. And it is operated almost like real motorcycles, pressing the button that is on one of the handles, and when it is released it stops.<\/p>\n<\/div>\n<div>\n<div>\n<div>\n<div><strong>Cechy:<\/strong><br \/>\u25cf Toy motorcycle with very realistic finishes to offer the little ones an authentic driving experience;<\/div>\n<div>\u25cf 12 V rechargeable battery with a range of approximately 45 minutes after a full charge;<\/div>\n<div>\u25cf Dual damping system for safe and comfortable driving;<\/div>\n<div>\u25cf This electric motorcycle includes two removable auxiliary wheels;<\/div>\n<div>\u25cf It is turned on by pressing the button that is on one of the handles and stops when it is released;<\/div>\n<div>\u25cf Wymagany jest monta\u017c;<\/p>\n<\/div>\n<\/div>\n<\/div>\n<\/div>\n<div>\n<div>\n<div>\n<div><strong>Dane techniczne:<\/strong><br \/>\u25cf Materia\u0142: PP i metal;<\/div>\n<div>\u25cf Total measurements: 106,5&#215;51,5&#215;68 cm (LxANxAL);<\/div>\n<div>\u25cf Seat measurements: 35x15x49 cm (LxANxAL);<\/div>\n<div>\u25cf Diameter of the wheels: &Oslash; 34 cm;<\/div>\n<div>\u25cf Speed range: 3-8 km\/h;<\/div>\n<div>\u25cf Charging Time: 8-12 h;<\/div>\n<div>\u25cf Autonomy (fully charged): 45 minutes;<\/div>\n<div>\u25cf Battery: 12V, 4.5A;<\/div>\n<div>\u25cf Recommended age: from 3 years;<\/div>\n<div>\u25cf Maximum weight supported: 30 kg;<\/p>\n<\/div>\n<\/div>\n<\/div>\n<\/div>\n<div><img decoding=\"async\" width=\"1000    \" height=\"35\" src=\"https:\/\/ae01.alicdn.com\/kf\/HTB1KhgjkfiSBuNkSnhJq6zDcpXaR.jpg\" slate-data-type=\"image\"\/><\/div>\n<div>\n<div><img decoding=\"async\" width=\"1000\" src=\"https:\/\/ae01.alicdn.com\/kf\/Ha4cf50237c924b5fb3feafe5a8c98fbdf.jpg\" slate-data-type=\"image\"\/><\/div>\n<div><img decoding=\"async\" width=\"1000\" src=\"https:\/\/ae01.alicdn.com\/kf\/H5f32a616bd98452d83e0584f095f9ca8P.jpg\" slate-data-type=\"image\"\/><\/div>\n<div><img decoding=\"async\" width=\"1000\" src=\"https:\/\/ae01.alicdn.com\/kf\/H94a735ea79ad493f936fe95099dea084O.jpg\" slate-data-type=\"image\"\/><\/div>\n<div><img decoding=\"async\" width=\"1000\" src=\"https:\/\/ae01.alicdn.com\/kf\/H80b5463f227146c980a676339489f97f3.jpg\" slate-data-type=\"image\"\/><\/div>\n<div><img decoding=\"async\" width=\"1000\" src=\"https:\/\/ae01.alicdn.com\/kf\/Hc1cfe080fd1648e09c55f47aa1f33731F.jpg\" slate-data-type=\"image\"\/><\/div>\n<div><img decoding=\"async\" width=\"1000\" src=\"https:\/\/ae01.alicdn.com\/kf\/Hd9b5ca2473164f0dbfa582482c90603cb.jpg\" slate-data-type=\"image\"\/><\/div>\n<div><img decoding=\"async\" width=\"1000\" src=\"https:\/\/ae01.alicdn.com\/kf\/Hb3577dba132e4438a59d3bd6c27c70659.jpg\" slate-data-type=\"image\"\/><\/div>\n<div><img decoding=\"async\" width=\"1000\" src=\"https:\/\/ae01.alicdn.com\/kf\/H1032ee7a8aba49fe81dc9315aba7f6fdk.jpg\" slate-data-type=\"image\"\/><\/div>\n<\/div>\n<div><img fetchpriority=\"high\" decoding=\"async\" width=\"1000\" height=\"1881\" src=\"https:\/\/ae01.alicdn.com\/kf\/HTB1i.OtVMHqK1RjSZFkq6x.WFXaT.jpg\" slate-data-type=\"image\"\/><\/div>\n<\/div>\n<\/div>\n<p><\/p>\n<\/div>\n<\/div>","protected":false},"excerpt":{"rendered":"<p>Brand Name:&nbsp;HOMCOM Origin:&nbsp;Mainland China Features:&nbsp;Ride On Let the adventure begin! This HOMCOM children&#8217;s electric motorcycle will be the perfect adventure companion for any child. With a range of up to<\/p>","protected":false},"featured_media":24683,"comment_status":"open","ping_status":"closed","template":"","meta":{"_acf_changed":false},"product_brand":[],"product_cat":[313],"product_tag":[],"class_list":{"0":"post-24681","1":"product","2":"type-product","3":"status-publish","4":"has-post-thumbnail","6":"product_cat-electric-children-motorbikes","8":"first","9":"instock","10":"shipping-taxable","11":"purchasable","12":"product-type-variable"},"acf":[],"_links":{"self":[{"href":"https:\/\/www.electricstore.eu\/pl\/wp-json\/wp\/v2\/product\/24681","targetHints":{"allow":["GET"]}}],"collection":[{"href":"https:\/\/www.electricstore.eu\/pl\/wp-json\/wp\/v2\/product"}],"about":[{"href":"https:\/\/www.electricstore.eu\/pl\/wp-json\/wp\/v2\/types\/product"}],"replies":[{"embeddable":true,"href":"https:\/\/www.electricstore.eu\/pl\/wp-json\/wp\/v2\/comments?post=24681"}],"wp:featuredmedia":[{"embeddable":true,"href":"https:\/\/www.electricstore.eu\/pl\/wp-json\/wp\/v2\/media\/24683"}],"wp:attachment":[{"href":"https:\/\/www.electricstore.eu\/pl\/wp-json\/wp\/v2\/media?parent=24681"}],"wp:term":[{"taxonomy":"product_brand","embeddable":true,"href":"https:\/\/www.electricstore.eu\/pl\/wp-json\/wp\/v2\/product_brand?post=24681"},{"taxonomy":"product_cat","embeddable":true,"href":"https:\/\/www.electricstore.eu\/pl\/wp-json\/wp\/v2\/product_cat?post=24681"},{"taxonomy":"product_tag","embeddable":true,"href":"https:\/\/www.electricstore.eu\/pl\/wp-json\/wp\/v2\/product_tag?post=24681"}],"curies":[{"name":"wp","href":"https:\/\/api.w.org\/{rel}","templated":true}]}}