{"id":24663,"date":"2025-05-20T18:41:29","date_gmt":"2025-05-20T18:41:29","guid":{"rendered":"https:\/\/electricstore.eu\/p\/uncategorized\/pawhut-cargo-bicycle-trailer-40kg-light-steel-frame-with\/"},"modified":"2025-05-20T18:41:56","modified_gmt":"2025-05-20T18:41:56","slug":"pawhut-cargo-bicycle-trailer-40kg-light-steel-frame-with","status":"publish","type":"product","link":"https:\/\/www.electricstore.eu\/pl\/p\/o\/bike-trailers-and-wagons\/pawhut-cargo-bicycle-trailer-40kg-light-steel-frame-with\/","title":{"rendered":"Przyczepka rowerowa PawHut cargo 40 kg lekka rama stalowa z"},"content":{"rendered":"<div class=\"product-specs-list-container\">\n<ul class=\"product-specs-list util-clearfix\">\n<li class=\"product-prop line-limit-length\"><span\n                                        class=\"property-title\">Nazwa marki:&nbsp;<\/span><span\n                                        class=\"property-desc line-limit-length\">PawHut<\/span>\n                            <\/li>\n<\/ul><\/div>\n<div class=\"detailmodule_html\">\n<div class=\"detail-desc-decorate-richtext\">\n<p><\/p>\n<div style=\"overflow:visible;height:auto\" class=\"lc-1\">\n<div class=\"f-line\">\n<div class=\"fts\">\n<div>\nAby jeszcze lepiej wykorzysta\u0107 sw\u00f3j rower miejski, &amp; iquest; Co mo\u017ce by\u0107 lepszego ni\u017c ta fantastyczna, du\u017ca przyczepka rowerowa do przewozu rower\u00f3w? Jej stalowa konstrukcja i du\u017ce ko\u0142a sprawiaj\u0105, \u017ce jest to wytrzyma\u0142a i \u0142atwa w transporcie przyczepka. Ponadto jest bardzo elastyczna, poniewa\u017c jej boczne panele mo\u017cna z\u0142o\u017cy\u0107, a tylna i przednia cz\u0119\u015b\u0107 s\u0105 \u0142atwo demontowalne. Dzi\u0119ki temu zapewnia mn\u00f3stwo miejsca na za\u0142adunek du\u017cych przedmiot\u00f3w. To przyczepka o ud\u017awigu do 50 kg, zaprojektowana tak, aby \u0142atwo j\u0105 schowa\u0107, gdy nie jest u\u017cywana. Dzi\u0119ki temu, ta du\u017ca przyczepka rowerowa do przewozu rower\u00f3w jest szybko demontowana. &amp; iquest; Na co czekasz, aby w pe\u0142ni wykorzysta\u0107 sw\u00f3j rower miejski?<\/p><\/div><\/div><\/div>\n<\/div>\n<div class=\"lc-1\">\n<div class=\"f-line\">\n<div class=\"fts\">\n<div>\n    <strong>Cechy:<\/strong><br \/>\n    <br \/>\u25cf Lekka rama stalowa;\n<\/div>\n<div>\n\u25cf Wzmocnione, solidne t\u0142o z PE;\n<\/div>\n<div>\n\u25cf Du\u017ce ko\u0142a i stalowa konstrukcja zapewniaj\u0105 optymaln\u0105 stabilno\u015b\u0107;\n<\/div>\n<div>\n\u25cf Wzmocniona stalowa belka kotwi\u0105ca;\n<\/div>\n<div>\n\u25cf \u0141atwy monta\u017c i demonta\u017c;\n<\/div>\n<div>\n\u25cf Przyczepa towarowa pomaga w zadaniach zwi\u0105zanych z dostaw\u0105 paczek, prze\u0142adunkiem ci\u0119\u017ckich \u0142adunk\u00f3w itp.;\n<\/div>\n<div>\n\u25cf Bariery boczne mo\u017cna z\u0142o\u017cy\u0107 na platformie przyczepy;\n<\/div>\n<div>\n\u25cf Mo\u017cliwo\u015b\u0107 opuszczenia bariery przedniej i tylnej;\n<\/div>\n<div>\n\u25cf Zawiera z\u0142\u0105cze rowerowe Aosom typu \u201eB\u201d, nie potrzeba niczego wi\u0119cej do po\u0142\u0105czenia przyczepki z rowerem;\n<\/div>\n<div>\n\u25cf Ko\u0142a z szybkim demonta\u017cem;\n<\/div>\n<div>\n\u25cf \u0141\u0105cznie 4 odblaski rozmieszczone pomi\u0119dzy ty\u0142em a ko\u0142ami<\/p><\/div><\/div><\/div>\n<\/div>\n<div class=\"lc-1\">\n<div class=\"f-line\">\n<div class=\"fts\">\n<div>\n    <strong>Dane techniczne:<\/strong><br \/>\n    <br \/>-Materia\u0142: solidna konstrukcja stalowa z podstaw\u0105 z tworzywa sztucznego<br \/>\n<br \/>-Kolor: czarny<br \/>\n<br \/>-Obs\u0142uguje maksymaln\u0105 wag\u0119 50 kg<br \/>\n<br \/>-Masa przyczepy: 11,5 kg<br \/>\n<br \/>-Wymiary: 145x70x49cm (d\u0142. x szer. x wys.)<br \/>\n<br \/>-Grubo\u015b\u0107 panelu PE: 2mm\n<\/div>\n<div class=\"detailmodule_html\">\n<div class=\"detail-desc-decorate-richtext\">\n<div class=\"lc-1\">\n<div class=\"f-line\">\n<div class=\"fts\">\n<div>\n-\u015arednica ko\u0142a roweru odpowiednia: 20\u201d-26\u201d<br \/>\n<br \/>-Numer referencyjny: B4-0008<br \/>\n\n        <\/div><\/div><\/div><\/div><\/div><\/div><\/div><\/div>\n<\/div>\n<div>\n <img decoding=\"async\" width=\"1000    \" height=\"35\" src=\"https:\/\/ae01.alicdn.com\/kf\/HTB1KhgjkfiSBuNkSnhJq6zDcpXaR.jpg\" slate-data-type=\"image\" \/>\n<\/div>\n<div class=\"content01\">\n<div class=\"content_img\">\n  <img decoding=\"async\" width=\"1000\" src=\"https:\/\/ae01.alicdn.com\/kf\/H2c64b258a67643ed85a0cc187dc8bb3cQ.jpg\" slate-data-type=\"image\" \/>\n <\/div>\n<div class=\"content_img\">\n  <img decoding=\"async\" width=\"1000\" src=\"https:\/\/ae01.alicdn.com\/kf\/Ha7bcb129fe7d4a999932bc04554ebedbq.jpg\" slate-data-type=\"image\" \/>\n <\/div>\n<div class=\"content_img\">\n  <img decoding=\"async\" width=\"1000\" src=\"https:\/\/ae01.alicdn.com\/kf\/Hab3a76bdd7564a8b9d6f90e3279125fbF.jpg\" slate-data-type=\"image\" \/>\n <\/div>\n<div class=\"content_img\">\n  <img decoding=\"async\" width=\"1000\" src=\"https:\/\/ae01.alicdn.com\/kf\/Hfe13f487df274ceea08e55911aec8ed9M.jpg\" slate-data-type=\"image\" \/>\n <\/div>\n<div class=\"content_img\">\n  <img decoding=\"async\" width=\"1000\" src=\"https:\/\/ae01.alicdn.com\/kf\/Hfd097be8084043459af95bdb322fc4cf5.jpg\" slate-data-type=\"image\" \/>\n <\/div>\n<div class=\"content_img\">\n  <img decoding=\"async\" width=\"1000\" src=\"https:\/\/ae01.alicdn.com\/kf\/H5068429d5fe74a8cad3b2c1594bd1abcs.jpg\" slate-data-type=\"image\" \/>\n <\/div>\n<div class=\"content_img\">\n  <img decoding=\"async\" width=\"1000\" src=\"https:\/\/gsp.aliexpress.com\/apps\/product\/publish?spm=5261.ProductManageOnline.0.0.789e4edf7O1jHp&amp;productId=4000370801767\" slate-data-type=\"image\" \/>\n <\/div>\n<div class=\"content_img\">\n  <img decoding=\"async\" width=\"1000\" src=\"https:\/\/gsp.aliexpress.com\/apps\/product\/publish?spm=5261.ProductManageOnline.0.0.789e4edf7O1jHp&amp;productId=4000370801767\" slate-data-type=\"image\" \/>\n <\/div>\n<\/div>\n<div>\n <img fetchpriority=\"high\" decoding=\"async\" width=\"1000\" height=\"1881\" src=\"https:\/\/ae01.alicdn.com\/kf\/HTB1i.OtVMHqK1RjSZFkq6x.WFXaT.jpg\" slate-data-type=\"image\" \/>\n<\/div>\n<p><\/p>\n<\/div>\n<\/div>","protected":false},"excerpt":{"rendered":"<p>Brand Name:&nbsp;PawHut To get even more out of your city bike, &amp; iquest; What better than this fantastic large cargo bike trailer? Its steel structure and large wheels make it<\/p>","protected":false},"featured_media":24664,"comment_status":"open","ping_status":"closed","template":"","meta":{"_acf_changed":false},"product_brand":[],"product_cat":[523],"product_tag":[],"class_list":{"0":"post-24663","1":"product","2":"type-product","3":"status-publish","4":"has-post-thumbnail","6":"product_cat-bike-trailers-and-wagons","8":"first","9":"instock","10":"shipping-taxable","11":"purchasable","12":"product-type-variable"},"acf":[],"_links":{"self":[{"href":"https:\/\/www.electricstore.eu\/pl\/wp-json\/wp\/v2\/product\/24663","targetHints":{"allow":["GET"]}}],"collection":[{"href":"https:\/\/www.electricstore.eu\/pl\/wp-json\/wp\/v2\/product"}],"about":[{"href":"https:\/\/www.electricstore.eu\/pl\/wp-json\/wp\/v2\/types\/product"}],"replies":[{"embeddable":true,"href":"https:\/\/www.electricstore.eu\/pl\/wp-json\/wp\/v2\/comments?post=24663"}],"wp:featuredmedia":[{"embeddable":true,"href":"https:\/\/www.electricstore.eu\/pl\/wp-json\/wp\/v2\/media\/24664"}],"wp:attachment":[{"href":"https:\/\/www.electricstore.eu\/pl\/wp-json\/wp\/v2\/media?parent=24663"}],"wp:term":[{"taxonomy":"product_brand","embeddable":true,"href":"https:\/\/www.electricstore.eu\/pl\/wp-json\/wp\/v2\/product_brand?post=24663"},{"taxonomy":"product_cat","embeddable":true,"href":"https:\/\/www.electricstore.eu\/pl\/wp-json\/wp\/v2\/product_cat?post=24663"},{"taxonomy":"product_tag","embeddable":true,"href":"https:\/\/www.electricstore.eu\/pl\/wp-json\/wp\/v2\/product_tag?post=24663"}],"curies":[{"name":"wp","href":"https:\/\/api.w.org\/{rel}","templated":true}]}}