{"id":24638,"date":"2025-05-20T18:41:15","date_gmt":"2025-05-20T18:41:15","guid":{"rendered":"https:\/\/electricstore.eu\/p\/uncategorized\/homcom-electric-car-for-child-3-years-outdoor-with-remote-control-music-lights-2-door-opening-30kg-115x70x55cm\/"},"modified":"2025-05-20T18:41:40","modified_gmt":"2025-05-20T18:41:40","slug":"homcom-electric-car-for-child-3-years-outdoor-with-remote-control-music-lights-2-door-opening-30kg-115x70x55cm","status":"publish","type":"product","link":"https:\/\/www.electricstore.eu\/pl\/p\/o\/homcom-electric-car-for-child-3-years-outdoor-with-remote-control-music-lights-2-door-opening-30kg-115x70x55cm\/","title":{"rendered":"Samoch\u00f3d elektryczny HOMCOM dla dzieci + 3 lata do jazdy na zewn\u0105trz z pilotem, muzyk\u0105 i \u015bwiat\u0142ami, otwierane drzwi, 2 sztuki, 30 kg, 115x70x55 cm"},"content":{"rendered":"<div class=\"product-specs-list-container\">\n<ul class=\"product-specs-list util-clearfix\">\n<li class=\"product-prop line-limit-length\"><span\n                                        class=\"property-title\">Nazwa marki:&nbsp;<\/span><span\n                                        class=\"property-desc line-limit-length\">HOMCOM<\/span>\n                            <\/li>\n<li class=\"product-prop line-limit-length\"><span\n                                        class=\"property-title\">Pochodzenie:&nbsp;<\/span><span\n                                        class=\"property-desc line-limit-length\">Chiny kontynentalne<\/span>\n                            <\/li>\n<li class=\"product-prop line-limit-length\"><span\n                                        class=\"property-title\">Cechy:&nbsp;<\/span><span\n                                        class=\"property-desc line-limit-length\">Jecha\u0107 dalej<\/span>\n                            <\/li>\n<\/ul><\/div>\n<div class=\"detailmodule_html\">\n<div class=\"detail-desc-decorate-richtext\">\n<p>Ten dzieci\u0119cy samoch\u00f3d akumulatorowy z nap\u0119dem do przodu i do ty\u0142u mo\u017ce by\u0107 sterowany r\u0119cznie przez dzieci lub rodzic\u00f3w za pomoc\u0105 pilota. Dzi\u0119ki temu poruszanie pojazdem lub sterowanie nim przez osob\u0119 doros\u0142\u0105 jest niezwykle proste. Dzieci b\u0119d\u0105 si\u0119 \u015bwietnie bawi\u0107 dzi\u0119ki naprawd\u0119 dzia\u0142aj\u0105cym \u015bwiat\u0142om, s\u0142uchaj\u0105c muzyki w formacie MP3 dzi\u0119ki czytnikowi kart pami\u0119ci i portowi USB, a tak\u017ce wygodnie prowadz\u0105c go dzi\u0119ki praktycznej kierownicy i bezpiecznie dzi\u0119ki pasom bezpiecze\u0144stwa.<\/p>\n<p><\/p>\n<div class=\"detailmodule_html\">\n<div class=\"detail-desc-decorate-richtext\">\n<div class=\"lc-1\">\n<div class=\"f-line\">\n<div class=\"fts\">\n<div><strong>Cechy:<\/strong><\/div>\n<\/div>\n<\/div>\n<\/div>\n<\/div>\n<\/div>\n<p>\u25cf Ten dzieci\u0119cy samoch\u00f3d akumulatorowy dzia\u0142a za pomoc\u0105 peda\u0142u gazu i kierownicy;<\/p>\n<p>\u25cf Posiada gniazda na karty TF i port USB, co umo\u017cliwia odtwarzanie muzyki w formacie MP3;<\/p>\n<p>\u25cf Z trybem opowiadania historii i nauk\u0105 j\u0119zyka angielskiego;<\/p>\n<p>\u25cf Posiada 2 silniki 12 V\/30 W, a w pe\u0142ni na\u0142adowany akumulator zapewnia oko\u0142o 1 godziny autonomii;<\/p>\n<p>\u25cf \u015awiat\u0142a przednie i tylne naprawd\u0119 dzia\u0142aj\u0105;<\/p>\n<p>\u25cf Zawiera wska\u017anik poziomu na\u0142adowania baterii;<\/p>\n<p>\u25cf Zdalne sterowanie umo\u017cliwiaj\u0105ce kontrol\u0119 rodzicielsk\u0105;<\/p>\n<p>\u25cf Wymaga monta\u017cu<\/p>\n<p><\/p>\n<div class=\"detailmodule_html\">\n<div class=\"detail-desc-decorate-richtext\">\n<div class=\"lc-1\">\n<div class=\"f-line\">\n<div class=\"fts\">\n<div><strong>Dane techniczne:<\/strong><\/div>\n<\/div>\n<\/div>\n<\/div>\n<\/div>\n<\/div>\n<p>\u25cf Kolor: czerwony;<\/p>\n<p>\u25cf Materia\u0142: PP, metal;<\/p>\n<p>\u25cf Wymiary ca\u0142kowite: 102x60x44 cm (DxSxG);<\/p>\n<p>\u25cf Wymiary siedziska: 35,5\u00d719,5\u00d721,5 cm (DxANxAL);<\/p>\n<p>\u25cf Wymiary ko\u0142a: \u00d8 21\u00d76,5 cm(DxAN);<\/p>\n<p>\u25cfCzas \u0142adowania: 8-12 godz.;<\/p>\n<p>\u25cf Silnik: 30 W;<\/p>\n<p>\u25cf \u0141adowarka: 12V \/ 500MA;<\/p>\n<p>\u25cf Zalecany wiek: 3-5 lat;<\/p>\n<p>\u25cf Maksymalne obci\u0105\u017cenie: 25 kg;<\/p>\n<p>\u25cf Numer referencyjny: 370-079V90D<\/p>\n<p><\/p>\n<p><img decoding=\"async\" src=\"https:\/\/ae01.alicdn.com\/kf\/HTB1KhgjkfiSBuNkSnhJq6zDcpXaR.jpg\" slate-data-type=\"image\"\/><\/p>\n<\/p>\n<p><img decoding=\"async\" src=\"https:\/\/ae01.alicdn.com\/kf\/S8f0b0bcc1bbb489ea861b651b5af8d5aJ.jpg\" slate-data-type=\"image\"\/><img decoding=\"async\" src=\"https:\/\/ae01.alicdn.com\/kf\/Se8c6f2a1a4214ead87fb5b19710ddec0z.jpg\" slate-data-type=\"image\"\/><img decoding=\"async\" src=\"https:\/\/ae01.alicdn.com\/kf\/Sb5e6a314294a4c6f8d8585f79dd715b20.jpg\" slate-data-type=\"image\"\/><img decoding=\"async\" src=\"https:\/\/ae01.alicdn.com\/kf\/S807d823845b448c8b7f8eb1ddc4b4e2ed.jpg\" slate-data-type=\"image\"\/><img decoding=\"async\" src=\"https:\/\/ae01.alicdn.com\/kf\/S70fa9c78f16e4272b24bedaffe02d853R.jpg\" slate-data-type=\"image\"\/><img decoding=\"async\" src=\"https:\/\/ae01.alicdn.com\/kf\/S35bf9aec658f488583003bec3fe69ae9z.jpg\" slate-data-type=\"image\"\/><img decoding=\"async\" src=\"https:\/\/ae01.alicdn.com\/kf\/HTB1i.OtVMHqK1RjSZFkq6x.WFXaT.jpg\" slate-data-type=\"image\"\/><\/p>\n<p><img decoding=\"async\" width=\"750\" height=\"auto\" src=\"https:\/\/ae01.alicdn.com\/kf\/S11b87778fb234582a169c08233ec9094s.png\" slate-data-type=\"image\"\/><\/p>\n<\/div>\n<\/div>","protected":false},"excerpt":{"rendered":"<p>Brand Name:&nbsp;HOMCOM Origin:&nbsp;Mainland China Features:&nbsp;Ride On This children&#8217;s battery car with forward and backward driving, can be controlled manually by children or by parents with remote control. Thus, moving the<\/p>","protected":false},"featured_media":24639,"comment_status":"open","ping_status":"closed","template":"","meta":{"_acf_changed":false},"product_brand":[],"product_cat":[15],"product_tag":[],"class_list":{"0":"post-24638","1":"product","2":"type-product","3":"status-publish","4":"has-post-thumbnail","6":"product_cat-o","8":"first","9":"instock","10":"shipping-taxable","11":"purchasable","12":"product-type-variable"},"acf":[],"_links":{"self":[{"href":"https:\/\/www.electricstore.eu\/pl\/wp-json\/wp\/v2\/product\/24638","targetHints":{"allow":["GET"]}}],"collection":[{"href":"https:\/\/www.electricstore.eu\/pl\/wp-json\/wp\/v2\/product"}],"about":[{"href":"https:\/\/www.electricstore.eu\/pl\/wp-json\/wp\/v2\/types\/product"}],"replies":[{"embeddable":true,"href":"https:\/\/www.electricstore.eu\/pl\/wp-json\/wp\/v2\/comments?post=24638"}],"wp:featuredmedia":[{"embeddable":true,"href":"https:\/\/www.electricstore.eu\/pl\/wp-json\/wp\/v2\/media\/24639"}],"wp:attachment":[{"href":"https:\/\/www.electricstore.eu\/pl\/wp-json\/wp\/v2\/media?parent=24638"}],"wp:term":[{"taxonomy":"product_brand","embeddable":true,"href":"https:\/\/www.electricstore.eu\/pl\/wp-json\/wp\/v2\/product_brand?post=24638"},{"taxonomy":"product_cat","embeddable":true,"href":"https:\/\/www.electricstore.eu\/pl\/wp-json\/wp\/v2\/product_cat?post=24638"},{"taxonomy":"product_tag","embeddable":true,"href":"https:\/\/www.electricstore.eu\/pl\/wp-json\/wp\/v2\/product_tag?post=24638"}],"curies":[{"name":"wp","href":"https:\/\/api.w.org\/{rel}","templated":true}]}}