{"id":23377,"date":"2025-05-20T18:33:55","date_gmt":"2025-05-20T18:33:55","guid":{"rendered":"https:\/\/electricstore.eu\/p\/uncategorized\/csc-e-bike-battery-hailong-18650-cells-pack-52v-48v-36v-15ah-12-5ah-18ah-20ah-24ah-powerful-lithium-electric-bicycle-battery\/"},"modified":"2025-05-20T18:33:56","modified_gmt":"2025-05-20T18:33:56","slug":"csc-e-bike-battery-hailong-18650-cells-pack-52v-48v-36v-15ah-12-5ah-18ah-20ah-24ah-powerful-lithium-electric-bicycle-battery","status":"publish","type":"product","link":"https:\/\/www.electricstore.eu\/pl\/p\/p\/ebike-batteries\/downtube-e-bike-batteries\/csc-e-bike-battery-hailong-18650-cells-pack-52v-48v-36v-15ah-12-5ah-18ah-20ah-24ah-powerful-lithium-electric-bicycle-battery\/","title":{"rendered":"Akumulator litowo-jonowy do roweru elektrycznego CSC Hailong 18650 ogniw 52 V 48 V 36 V 15 Ah 12,5 Ah 18 Ah 20 Ah 24 Ah Mocny akumulator litowo-jonowy do roweru elektrycznego"},"content":{"rendered":"<div class=\"product-specs-list-container\">\n<ul class=\"product-specs-list util-clearfix\">\n<li class=\"product-prop line-limit-length\"><span\n                                        class=\"property-title\">Pojemno\u015b\u0107:&nbsp;<\/span><span\n                                        class=\"property-desc line-limit-length\">21 \u2013 30Ah<\/span>\n                            <\/li>\n<li class=\"product-prop line-limit-length\"><span\n                                        class=\"property-title\">Wolta\u017c:&nbsp;<\/span><span\n                                        class=\"property-desc line-limit-length\">48V<\/span>\n                            <\/li>\n<li class=\"product-prop line-limit-length\"><span\n                                        class=\"property-title\">Typ:&nbsp;<\/span><span\n                                        class=\"property-desc line-limit-length\">bateria litowa<\/span>\n                            <\/li>\n<li class=\"product-prop line-limit-length\"><span\n                                        class=\"property-title\">Pochodzenie:&nbsp;<\/span><span\n                                        class=\"property-desc line-limit-length\">Chiny kontynentalne<\/span>\n                            <\/li>\n<li class=\"product-prop line-limit-length\"><span\n                                        class=\"property-title\">Wolta\u017c:&nbsp;<\/span><span\n                                        class=\"property-desc line-limit-length\">36V<\/span>\n                            <\/li>\n<\/ul><\/div>\n<div class=\"detailmodule_dynamic\"><kse:widget data-widget-type=\"customText\" id=\"1005000011616010\" type=\"custom\"><\/kse:widget><\/div>\n<div class=\"detailmodule_html\">\n<div class=\"detail-desc-decorate-richtext\">\n<div class=\"detailmodule_text\">\n<p style=\"font-family:OpenSans;font-size:20px;font-weight:900;line-height:28px;white-space:pre-wrap;color:rgb(0, 0, 0);margin-bottom:12px\" class=\"detail-desc-decorate-title\">Opis produktu<\/p>\n<p style=\"font-family:OpenSans;font-size:14px;text-align:left;color:rgb(0, 0, 0);background-color:rgb(255, 255, 255);display:block;width:100%\" align=\"left\">Opis produktu<br \/>1. Port USB umo\u017cliwia \u0142adowanie telefonu kom\u00f3rkowego i g\u0142o\u015bnika Bluetooth<br \/>2. Nowa, smuk\u0142a obudowa typu Hailong z przyciskiem zasilania<br \/>3. Wygodny port \u0142adowania z szybszym \u0142adowaniem o nat\u0119\u017ceniu 2A<br \/>4. Wodoodporna i solidna obudowa z tworzywa sztucznego<br \/>5. Pod\u015bwietlany wska\u017anik LED poziomu na\u0142adowania baterii<br \/>6. Blokada z kluczami bezpiecznie blokuje uchwyt na ramie roweru<\/p>\n<p>Lista rzeczy do spakowania baterii<br \/>1. Akumulator do roweru elektrycznego z wbudowanym wysokiej jako\u015bci systemem BMS.<br \/>2. Ebike battery with EU plugElectric Bike Battery Specifications:<\/p>\n<p>Akumulator 36 V 15 Ah<br \/>Z\u0142\u0105cze do kontrolera: XT60<br \/>Napi\u0119cie nominalne: 36 V<br \/>Pojemno\u015b\u0107 nominalna: 15Ah<br \/>Typ z\u0142o\u017cony: 10Series 6Paralles 10S6P<br \/>Ogniwa: Mocne ogniwa 18650 3,7 V 2500 mAh 10 A 5 C<br \/>BMS: ci\u0105g\u0142y 20 A, maksymalny 50 \u00b1 10 A<br \/>Moc silnika Fit: 36 V 250 W 350 W 500 W<br \/>Pr\u0105d \u0142adowania: 2-5A<br \/>Napi\u0119cie odci\u0119cia \u0142adowania: 42 V<br \/>Napi\u0119cie odci\u0119cia roz\u0142adowania: 30 V<br \/>Temperatura roz\u0142adowania: od -20 do 65\u00b0C<br \/>Temperatura \u0142adowania: od 0 do 45\u00b0C<br \/>Dimensions: 90*113*365mm<br \/>Waga akumulatora: 3,8 kg<br \/>Cykl \u017cycia: \u2265pojemno\u015b\u0107 80% po 800 cyklach.<br \/>&#8212;&#8212;&#8212;&#8212;&#8212;&#8212;&#8212;&#8212;&#8212;&#8212;&#8212;&#8212;&#8212;&#8212;&#8212;&#8212;&#8212;&#8212;&#8212;&#8212;&#8212;&#8212;<\/p>\n<p>Akumulator 48 V 18 Ah<br \/>Napi\u0119cie nominalne: 48 V<br \/>Pojemno\u015b\u0107 nominalna: 18Ah<br \/>Typ z\u0142o\u017cony: 13Series 4Paralles 13S4P<br \/>Ogniwa: Mocne ogniwa 21700 3,7 V 4500 mAh<br \/>BMS: ci\u0105g\u0142y 40 A, maksymalny 100 \u00b1 10 A<br \/>Moc silnika Fit: 48 V 250 W-1500 W<br \/>Pr\u0105d \u0142adowania: 2-5A<br \/>Napi\u0119cie odci\u0119cia \u0142adowania: 54,6 V<br \/>Napi\u0119cie odci\u0119cia roz\u0142adowania: 39 V<br \/>Temperatura roz\u0142adowania: od -20 do 65\u00b0C<br \/>Temperatura \u0142adowania: od 0 do 45\u00b0C<br \/>Dimensions: 90*127*367mm<br \/>Waga akumulatora: 4,77 kg<br \/>Cykl \u017cycia: \u2265pojemno\u015b\u0107 80% po 800 cyklach.<br \/>&#8212;&#8212;&#8212;&#8212;&#8212;&#8212;&#8212;&#8212;&#8212;&#8212;&#8212;&#8212;&#8212;&#8212;&#8212;&#8212;&#8212;&#8212;&#8212;&#8212;&#8212;&#8212;<br \/>Akumulator 48 V 24 Ah<br \/>Napi\u0119cie nominalne: 48 V<br \/>Pojemno\u015b\u0107 nominalna: 24Ah<br \/>Typ z\u0142o\u017cony: 13Series 5Paralles 13S5P<br \/>Ogniwa: Mocne ogniwa 21700 3,7 V 4800 mAh<br \/>BMS: ci\u0105g\u0142y 40 A, maksymalny 100 \u00b1 10 A<br \/>Moc silnika Fit: 48 V 250 W-1500 W<br \/>Pr\u0105d \u0142adowania: 2-5A<br \/>Napi\u0119cie odci\u0119cia \u0142adowania: 54,6 V<br \/>Napi\u0119cie odci\u0119cia roz\u0142adowania: 39 V<br \/>Temperatura roz\u0142adowania: od -20 do 65\u00b0C<br \/>Temperatura \u0142adowania: od 0 do 45\u00b0C<br \/>Dimensions: 90*127*367mm<br \/>Waga akumulatora: 5,73 kg<br \/>Cykl \u017cycia: \u2265pojemno\u015b\u0107 80% po 800 cyklach.<br \/>&#8212;&#8212;&#8212;&#8212;&#8212;&#8212;&#8212;&#8212;&#8212;&#8212;&#8212;&#8212;&#8212;&#8212;&#8212;&#8212;&#8212;&#8212;&#8212;&#8212;&#8212;&#8212;<br \/>Akumulator 52 V 13,5 Ah<br \/>Napi\u0119cie nominalne: 52 V<br \/>Pojemno\u015b\u0107 nominalna: 13,5 Ah<br \/>Typ z\u0142o\u017cony: 14Series 3Paralles 14S3P<br \/>Ogniwa: Mocne ogniwa 21700 3,7 V 4500 mAh<br \/>BMS: 30 A ci\u0105g\u0142y, 100 \u00b1 10 A maksymalny<br \/>Moc silnika Fit: 52V 250W-750W<br \/>Pr\u0105d \u0142adowania: 2-5A<br \/>Napi\u0119cie odci\u0119cia \u0142adowania: 60 V<br \/>Napi\u0119cie odci\u0119cia roz\u0142adowania: 39 V<br \/>Temperatura roz\u0142adowania: od -20 do 65\u00b0C<br \/>Temperatura \u0142adowania: od 0 do 45\u00b0C<br \/>Dimensions: 90*113*365mm<br \/>Waga akumulatora: 4,15 kg<br \/>Cykl \u017cycia: \u2265pojemno\u015b\u0107 80% po 800 cyklach.<br \/>&#8212;&#8212;&#8212;&#8212;&#8212;&#8212;&#8212;&#8212;&#8212;&#8212;&#8212;&#8212;&#8212;&#8212;&#8212;&#8212;&#8212;&#8212;&#8212;&#8212;&#8212;&#8212;<\/p>\n<\/div>\n<div class=\"detailmodule_image\"><img decoding=\"async\" style=\"margin-bottom:10px\" class=\"detail-desc-decorate-image\" src=\"https:\/\/ae01.alicdn.com\/kf\/S12042ef3bcb04b42a377ff31ffd8cabef.png\" slate-data-type=\"image\"\/><img decoding=\"async\" class=\"detail-desc-decorate-image\" src=\"https:\/\/sc02.alicdn.com\/kf\/HTB1oiqdaizxK1RjSspjq6AS.pXaC\/220335770\/HTB1oiqdaizxK1RjSspjq6AS.pXaC.jpg_.webp\" slate-data-type=\"image\"\/><img decoding=\"async\" class=\"detail-desc-decorate-image\" src=\"https:\/\/sc02.alicdn.com\/kf\/HTB1qa1bac_vK1Rjy0Foq6xIxVXa9\/220335770\/HTB1qa1bac_vK1Rjy0Foq6xIxVXa9.jpg_.webp\" slate-data-type=\"image\"\/><img decoding=\"async\" class=\"detail-desc-decorate-image\" src=\"https:\/\/sc01.alicdn.com\/kf\/HTB1DQ2Fu9zqK1RjSZFHq6z3CpXas\/220335770\/HTB1DQ2Fu9zqK1RjSZFHq6z3CpXas.jpg_.webp\" slate-data-type=\"image\"\/><img decoding=\"async\" class=\"detail-desc-decorate-image\" src=\"https:\/\/sc01.alicdn.com\/kf\/HTB1aKedaiLrK1Rjy1zdq6ynnpXaO\/220335770\/HTB1aKedaiLrK1Rjy1zdq6ynnpXaO.jpg_.webp\" slate-data-type=\"image\"\/><img decoding=\"async\" class=\"detail-desc-decorate-image\" src=\"https:\/\/ae01.alicdn.com\/kf\/HTB1UPG0LxjaK1RjSZFAq6zdLFXa0.jpg\" slate-data-type=\"image\"\/><img decoding=\"async\" class=\"detail-desc-decorate-image\" src=\"https:\/\/sc01.alicdn.com\/kf\/HTB1KFucaizxK1RkSnaVq6xn9VXa3\/220335770\/HTB1KFucaizxK1RkSnaVq6xn9VXa3.jpg_.webp\" slate-data-type=\"image\"\/><img decoding=\"async\" class=\"detail-desc-decorate-image\" src=\"https:\/\/sc01.alicdn.com\/kf\/HTB1mNfrX6LuK1Rjy0Fhq6xpdFXa0\/220335770\/HTB1mNfrX6LuK1Rjy0Fhq6xpdFXa0.jpg_.webp\" slate-data-type=\"image\"\/><img decoding=\"async\" class=\"detail-desc-decorate-image\" src=\"https:\/\/sc01.alicdn.com\/kf\/HTB19zylafjsK1Rjy1Xaq6zispXal\/220335770\/HTB19zylafjsK1Rjy1Xaq6zispXal.jpg_.webp\" slate-data-type=\"image\"\/><img decoding=\"async\" class=\"detail-desc-decorate-image\" src=\"https:\/\/sc01.alicdn.com\/kf\/HTB1kjJ8airxK1RkHFCcq6AQCVXac\/220335770\/HTB1kjJ8airxK1RkHFCcq6AQCVXac.jpg_.webp\" slate-data-type=\"image\"\/><\/div>\n<div class=\"detailmodule_image\"><img decoding=\"async\" class=\"detail-desc-decorate-image\" src=\"https:\/\/sc02.alicdn.com\/kf\/HTB1YhadajvuK1Rjy0Faq6x2aVXau\/220335770\/HTB1YhadajvuK1Rjy0Faq6x2aVXau.jpg_.webp\" slate-data-type=\"image\"\/><img decoding=\"async\" class=\"detail-desc-decorate-image\" src=\"https:\/\/sc01.alicdn.com\/kf\/HTB1BqudajzuK1RjSspeq6ziHVXab\/220335770\/HTB1BqudajzuK1RjSspeq6ziHVXab.jpg_.webp\" slate-data-type=\"image\"\/><img decoding=\"async\" class=\"detail-desc-decorate-image\" src=\"https:\/\/sc01.alicdn.com\/kf\/HTB1VvGfaffsK1RjSszgq6yXzpXaW\/220335770\/HTB1VvGfaffsK1RjSszgq6yXzpXaW.jpg_.webp\" slate-data-type=\"image\"\/><\/div>\n<div class=\"detailmodule_image\"><img decoding=\"async\" class=\"detail-desc-decorate-image\" src=\"https:\/\/sc01.alicdn.com\/kf\/HTB1fMOEacrrK1Rjy1zeq6xalFXaM\/220335770\/HTB1fMOEacrrK1Rjy1zeq6xalFXaM.jpg_.webp\" slate-data-type=\"image\"\/><\/div>\n<p><\/p>\n<\/div>\n<\/div>\n<p><\/p>","protected":false},"excerpt":{"rendered":"<p>Capacity:&nbsp;21 &#8211; 30Ah Voltage:&nbsp;48v Type:&nbsp;lithium battery Origin:&nbsp;Mainland China Voltage:&nbsp;36V Product Description Product Description1. With USB port can charge Cell Phone and Bluetooth Speaker2. New slim hailong style Case Battery with<\/p>","protected":false},"featured_media":22579,"comment_status":"open","ping_status":"closed","template":"","meta":{"_acf_changed":false},"product_brand":[],"product_cat":[533],"product_tag":[],"class_list":{"0":"post-23377","1":"product","2":"type-product","3":"status-publish","4":"has-post-thumbnail","6":"product_cat-downtube-e-bike-batteries","8":"first","9":"instock","10":"shipping-taxable","11":"purchasable","12":"product-type-variable"},"acf":[],"_links":{"self":[{"href":"https:\/\/www.electricstore.eu\/pl\/wp-json\/wp\/v2\/product\/23377","targetHints":{"allow":["GET"]}}],"collection":[{"href":"https:\/\/www.electricstore.eu\/pl\/wp-json\/wp\/v2\/product"}],"about":[{"href":"https:\/\/www.electricstore.eu\/pl\/wp-json\/wp\/v2\/types\/product"}],"replies":[{"embeddable":true,"href":"https:\/\/www.electricstore.eu\/pl\/wp-json\/wp\/v2\/comments?post=23377"}],"wp:featuredmedia":[{"embeddable":true,"href":"https:\/\/www.electricstore.eu\/pl\/wp-json\/wp\/v2\/media\/22579"}],"wp:attachment":[{"href":"https:\/\/www.electricstore.eu\/pl\/wp-json\/wp\/v2\/media?parent=23377"}],"wp:term":[{"taxonomy":"product_brand","embeddable":true,"href":"https:\/\/www.electricstore.eu\/pl\/wp-json\/wp\/v2\/product_brand?post=23377"},{"taxonomy":"product_cat","embeddable":true,"href":"https:\/\/www.electricstore.eu\/pl\/wp-json\/wp\/v2\/product_cat?post=23377"},{"taxonomy":"product_tag","embeddable":true,"href":"https:\/\/www.electricstore.eu\/pl\/wp-json\/wp\/v2\/product_tag?post=23377"}],"curies":[{"name":"wp","href":"https:\/\/api.w.org\/{rel}","templated":true}]}}