{"id":23134,"date":"2025-05-20T18:32:57","date_gmt":"2025-05-20T18:32:57","guid":{"rendered":"https:\/\/electricstore.eu\/p\/uncategorized\/csc-electric-bicycle-conversion-kit-48v-1000w-1500w-e-bike-front-rear-36v-250w-350w-500w-kit-electric-bike-wheel-hub-motor\/"},"modified":"2025-05-20T18:33:01","modified_gmt":"2025-05-20T18:33:01","slug":"csc-electric-bicycle-conversion-kit-48v-1000w-1500w-e-bike-front-rear-36v-250w-350w-500w-kit-electric-bike-wheel-hub-motor","status":"publish","type":"product","link":"https:\/\/www.electricstore.eu\/pl\/p\/p\/kits\/electric-hub-motor-kits\/csc-electric-bicycle-conversion-kit-48v-1000w-1500w-e-bike-front-rear-36v-250w-350w-500w-kit-electric-bike-wheel-hub-motor\/","title":{"rendered":"Zestaw do konwersji roweru elektrycznego CSC 48V 1000W 1500W e-bike Prz\u00f3d Ty\u0142 36V 250W 350W 500W Zestaw rower elektryczny Silnik piasty ko\u0142a"},"content":{"rendered":"<div class=\"product-specs-list-container\">\n<ul class=\"product-specs-list util-clearfix\">\n<li class=\"product-prop line-limit-length\"><span\n                                        class=\"property-title\">Rozmiar:&nbsp;<\/span><span\n                                        class=\"property-desc line-limit-length\">26 cali<\/span>\n                            <\/li>\n<li class=\"product-prop line-limit-length\"><span\n                                        class=\"property-title\">Pozycja monta\u017cu:&nbsp;<\/span><span\n                                        class=\"property-desc line-limit-length\">Nap\u0119d przedni<\/span>\n                            <\/li>\n<li class=\"product-prop line-limit-length\"><span\n                                        class=\"property-title\">Projekt:&nbsp;<\/span><span\n                                        class=\"property-desc line-limit-length\">Bezszczotkowy<\/span>\n                            <\/li>\n<li class=\"product-prop line-limit-length\"><span\n                                        class=\"property-title\">Moc:&nbsp;<\/span><span\n                                        class=\"property-desc line-limit-length\">&gt; 1000W<\/span>\n                            <\/li>\n<li class=\"product-prop line-limit-length\"><span\n                                        class=\"property-title\">Wolta\u017c:&nbsp;<\/span><span\n                                        class=\"property-desc line-limit-length\">48V<\/span>\n                            <\/li>\n<li class=\"product-prop line-limit-length\"><span\n                                        class=\"property-title\">Pochodzenie:&nbsp;<\/span><span\n                                        class=\"property-desc line-limit-length\">Chiny kontynentalne<\/span>\n                            <\/li>\n<li class=\"product-prop line-limit-length\"><span\n                                        class=\"property-title\">Wolta\u017c:&nbsp;<\/span><span\n                                        class=\"property-desc line-limit-length\">36V 48V<\/span>\n                            <\/li>\n<li class=\"product-prop line-limit-length\"><span\n                                        class=\"property-title\">Moc:&nbsp;<\/span><span\n                                        class=\"property-desc line-limit-length\">250 W 350 W 500 W 1000 W 1500 W<\/span>\n                            <\/li>\n<li class=\"product-prop line-limit-length\"><span\n                                        class=\"property-title\">Typ hamulca:&nbsp;<\/span><span\n                                        class=\"property-desc line-limit-length\">kompatybilny z hamulcami V-brake i tarczowymi<\/span>\n                            <\/li>\n<li class=\"product-prop line-limit-length\"><span\n                                        class=\"property-title\">rozmiar:&nbsp;<\/span><span\n                                        class=\"property-desc line-limit-length\">20 cali 24 cale 26 cali 27,5 cala 28 cali 29 cali 700C<\/span>\n                            <\/li>\n<li class=\"product-prop line-limit-length\"><span\n                                        class=\"property-title\">\u015arednica wa\u0142u silnika:&nbsp;<\/span><span\n                                        class=\"property-desc line-limit-length\">36V M12 (12MM*10MM), 48V M14 (14MM*10MM),<\/span>\n                            <\/li>\n<li class=\"product-prop line-limit-length\"><span\n                                        class=\"property-title\">Notatka:&nbsp;<\/span><span\n                                        class=\"property-desc line-limit-length\">Przed z\u0142o\u017ceniem zam\u00f3wienia sprawd\u017a wymiary wyt\u0142oczone na oponie<\/span>\n                            <\/li>\n<li class=\"product-prop line-limit-length\"><span\n                                        class=\"property-title\">Szeroko\u015b\u0107 przedmiotu:&nbsp;<\/span><span\n                                        class=\"property-desc line-limit-length\">Prz\u00f3d 100mm, ty\u0142 135mm<\/span>\n                            <\/li>\n<li class=\"product-prop line-limit-length\"><span\n                                        class=\"property-title\">Typ silnika:&nbsp;<\/span><span\n                                        class=\"property-desc line-limit-length\">Silnik bezszczotkowy bez przek\u0142adni 48V 1000W 1500W, silnik bezszczotkowy bez przek\u0142adni 36V 250W 350W 500W<\/span>\n                            <\/li>\n<li class=\"product-prop line-limit-length\"><span\n                                        class=\"property-title\">Miejsce instalacji:&nbsp;<\/span><span\n                                        class=\"property-desc line-limit-length\">nap\u0119d przedni, nap\u0119d tylny<\/span>\n                            <\/li>\n<\/ul><\/div>\n<div class=\"detailmodule_text\">\n<p style=\"font-family:OpenSans;font-size:20px;font-weight:900;line-height:28px;white-space:pre-wrap;color:rgb(0, 0, 0);margin-bottom:12px\" class=\"detail-desc-decorate-title\"><kse:widget data-widget-type=\"customText\" id=\"1005000001164523\" type=\"relation\"><\/kse:widget><\/p>\n<p style=\"font-family:OpenSans;font-size:20px;font-weight:900;line-height:28px;white-space:pre-wrap;color:rgb(0, 0, 0);margin-bottom:12px\" class=\"detail-desc-decorate-title\">Lista rzeczy do spakowania<\/p>\n<p style=\"font-family:OpenSans;font-size:14px;text-align:left;color:rgb(0, 0, 0);background-color:rgb(255, 255, 255);display:block;width:100%\" align=\"left\">Uwaga: Zestaw konwersyjny nie obejmuje akumulatora, opony, wolnobiegu ani hamulca tarczowego. (Je\u015bli potrzebujesz akumulatora, opony, wolnobiegu, hamulca tarczowego, skontaktuj si\u0119 z nami za dodatkow\u0105 op\u0142at\u0105).<\/p>\n<p>1 * Tylne ko\u0142o silnika<br \/>1 * Kontroler pr\u0105du sta\u0142ego <br \/>1 * Torba na kontroler<br \/>1 para * D\u017awignia hamulca z odci\u0119ciem zasilania<br \/>1 * Wy\u015bwietlacz sw900<br \/>1 * 8 Czujnik asystenta peda\u0142u magnetycznego<br \/>1 zestaw * Przepustnica skr\u0119tna<\/p>\n<\/div>\n<div class=\"detailmodule_image\"><img decoding=\"async\" class=\"detail-desc-decorate-image\" src=\"https:\/\/ae04.alicdn.com\/kf\/H7fef7aef407745faabf15817e0fca9fbj.jpg\" slate-data-type=\"image\"\/><\/div>\n<div class=\"detailmodule_text\">\n<p style=\"font-family:OpenSans;font-size:20px;font-weight:900;line-height:28px;white-space:pre-wrap;color:rgb(0, 0, 0);margin-bottom:12px\" class=\"detail-desc-decorate-title\">Ko\u0142o silnikowe<\/p>\n<p style=\"font-family:OpenSans;font-size:14px;text-align:left;color:rgb(0, 0, 0);background-color:rgb(255, 255, 255);display:block;width:100%\" align=\"left\">1. Pe\u0142na pr\u0119dko\u015b\u0107: 36 V 250\/350\/500 W oko\u0142o 20-35 km\/godz.,<br \/>48V 1000W oko\u0142o 45-55km\/h, <br \/>48V 1500W oko\u0142o 50-60km\/h, <br \/> (r\u00f3\u017cne rozmiary k\u00f3\u0142, warunki drogowe i pogodowe oraz waga rowerzysty mog\u0105 powodowa\u0107 r\u00f3\u017cn\u0105 pr\u0119dko\u015b\u0107)<br \/>2. Silnik piasty: bezszczotkowy silnik piasty z przek\u0142adni\u0105 do 36 V <br \/>Silnik bezszczotkowy bez przek\u0142adni w pia\u015bcie do 48 V <br \/>3. Obr\u0119cz: Obr\u0119cz aluminiowa ze stopu aluminium o podw\u00f3jnych \u015bciankach<br \/>4. Ko\u0142o Suport: Ty\u0142 135mm-142mm<br \/>5. Moment obrotowy: 25-35 NM dla 36 V 250 W 350 W 500 W<br \/>30-40NM dla 500W 1000W<br \/>35-45NM dla 1500W<br \/>6. RPM: 320 dla 36 V 250 W 350 W<br \/>350 dla 36V 500W<br \/>470 dla 48V 500W 1000W<br \/>540 dla 48V 1500W<br \/>7. Silnik nadaje si\u0119 do wolnobiegu gwintowanego, nie nadaje si\u0119 do kasety. Je\u015bli potrzebujesz silnika odpowiedniego do kasety, skontaktuj si\u0119 z nami<\/p>\n<\/div>\n<div class=\"detailmodule_image\"><img decoding=\"async\" class=\"detail-desc-decorate-image\" src=\"https:\/\/ae01.alicdn.com\/kf\/H7bc9f84c75704df78fd5fb271f27f1d3c.jpg\" slate-data-type=\"image\"\/><img decoding=\"async\" class=\"detail-desc-decorate-image\" src=\"https:\/\/ae01.alicdn.com\/kf\/H406141f49450451f823fc314a1c6ea900.jpg\" slate-data-type=\"image\"\/><img decoding=\"async\" class=\"detail-desc-decorate-image\" src=\"https:\/\/ae01.alicdn.com\/kf\/H719fb8172fba4e62b41ae2b8a38ff726U.jpg\" slate-data-type=\"image\"\/><\/div>\n<div class=\"detailmodule_text-image\">\n<p style=\"font-family:OpenSans;font-size:20px;font-weight:900;line-height:28px;white-space:pre-wrap;color:rgb(0, 0, 0);margin-bottom:12px\" class=\"detail-desc-decorate-title\">36V<\/p>\n<div><img decoding=\"async\" class=\"detail-desc-decorate-image\" src=\"https:\/\/ae01.alicdn.com\/kf\/Sa29181c74c1040a6ad6abe49d77785ebd.jpg\" slate-data-type=\"image\"\/><\/div>\n<\/div>\n<div class=\"detailmodule_text-image\">\n<p style=\"font-family:OpenSans;font-size:20px;font-weight:900;line-height:28px;white-space:pre-wrap;color:rgb(0, 0, 0);margin-bottom:12px\" class=\"detail-desc-decorate-title\">48V<\/p>\n<div><img decoding=\"async\" class=\"detail-desc-decorate-image\" src=\"https:\/\/ae01.alicdn.com\/kf\/S94f1108a98974f77b46d408ac0658f20X.jpg\" slate-data-type=\"image\"\/><\/div>\n<\/div>\n<div class=\"detailmodule_text-image\">\n<p style=\"font-family:OpenSans;font-size:20px;font-weight:900;line-height:28px;white-space:pre-wrap;color:rgb(0, 0, 0);margin-bottom:12px\" class=\"detail-desc-decorate-title\">Wy\u015bwietlacz<\/p>\n<p style=\"font-family:OpenSans;font-size:14px;font-weight:300;line-height:20px;white-space:pre-wrap;color:rgb(0, 0, 0);margin-bottom:12px\" class=\"detail-desc-decorate-content\">Wy\u015bwietlacz SW900 Cechy produktu<br \/>Funkcja wy\u015bwietlania:<br \/>Wy\u015bwietlacz pr\u0119dko\u015bci, wy\u015bwietlacz wspomagania zmiany bieg\u00f3w, wska\u017anik zasilania, monit o usterkach, ca\u0142kowity przebieg, przebieg jednostkowy, \u015bwiat\u0142a przednie i pojedynczy czas jazdy.<br \/>(2) Funkcja sterowania\/ustawiania:<br \/>Sterowanie prze\u0142\u0105cznikiem zasilania, sterowanie prze\u0142\u0105cznikiem reflektor\u00f3w, sterowanie do\u0142adowaniem 6 km\/h, ustawianie \u015brednicy ko\u0142a, ustawianie limitu pr\u0119dko\u015bci, ustawianie u\u015bpienia licznika, ustawianie jasno\u015bci pod\u015bwietlenia, ustawianie napi\u0119cia.<\/p>\n<div><img decoding=\"async\" class=\"detail-desc-decorate-image\" src=\"https:\/\/ae01.alicdn.com\/kf\/S94f1108a98974f77b46d408ac0658f20X.jpg\" slate-data-type=\"image\"\/><\/div>\n<\/div>\n<div class=\"detailmodule_text\">\n<p style=\"font-family:OpenSans;font-size:20px;font-weight:900;line-height:28px;white-space:pre-wrap;color:rgb(0, 0, 0);margin-bottom:12px\" class=\"detail-desc-decorate-title\">Kontroler<\/p>\n<p style=\"font-family:OpenSans;font-size:14px;font-weight:300;line-height:20px;white-space:pre-wrap;color:rgb(0, 0, 0);margin-bottom:12px\" class=\"detail-desc-decorate-content\">Kontroler MOSFET CSC 6<br \/>Pasuje do: ko\u0142a silnika 36 V 250 W\/350 W\/500 W, wy\u015bwietlacz SW900<br \/>Pr\u0105d znamionowy: 15A, pr\u0105d maksymalny: 30\u00b11A<br \/>Rozmiar: 100*64*32mm<\/p>\n<p>Kontroler MOSFET CSC 12<br \/>Pasuje do: ko\u0142a silnika 48 V 1000 W, wy\u015bwietlacz SW900<br \/>Pr\u0105d znamionowy: 22A, Pr\u0105d maksymalny: 44\u00b11A<br \/>Rozmiar: 149*83,3*42mm<\/p>\n<p>Kontroler MOSFET CSC 15<br \/>Pasuje do: ko\u0142a silnika 48 V 1500 W, wy\u015bwietlacz SW900<br \/>Pr\u0105d znamionowy: 35A, Pr\u0105d maksymalny: 70\u00b11A<br \/>Rozmiar: 118,2*82,33*41 mm<\/p>\n<\/div>\n<div class=\"detailmodule_image\"><img decoding=\"async\" class=\"detail-desc-decorate-image\" src=\"https:\/\/ae01.alicdn.com\/kf\/H91b578cda72b4fe3bcd7881269329105N.jpg\" slate-data-type=\"image\"\/><\/div>\n<div class=\"detailmodule_text-image\">\n<p style=\"font-family:OpenSans;font-size:20px;font-weight:900;line-height:28px;white-space:pre-wrap;color:rgb(0, 0, 0);margin-bottom:12px\" class=\"detail-desc-decorate-title\">Torba na kontroler<\/p>\n<div><img decoding=\"async\" class=\"detail-desc-decorate-image\" src=\"https:\/\/ae01.alicdn.com\/kf\/S833eeef04fff4093917542c4880acb9ep.jpg\" slate-data-type=\"image\"\/><\/div>\n<\/div>\n<div class=\"detailmodule_text\">\n<p style=\"font-family:OpenSans;font-size:20px;font-weight:900;line-height:28px;white-space:pre-wrap;color:rgb(0, 0, 0);margin-bottom:12px\" class=\"detail-desc-decorate-title\">PIERWSZE\u0143STWO<\/p>\n<\/div>\n<div class=\"detailmodule_image\"><a href=\"https:\/\/www.aliexpress.com\/store\/product\/Electric-Bicycle-Pedal-BZ-4-8-8-Magnet-or-KT-V12L-12-Magnets-E-bike-PAS\/502344_32947529138.html?spm=2114.12010612.8148356.5.19f8628fiwlFMT\" target=\"_self\" class=\"\"><img decoding=\"async\" class=\"detail-desc-decorate-image\" src=\"https:\/\/ae01.alicdn.com\/kf\/H088209dd4faa4eca81369d582b8c1418x.jpg\" slate-data-type=\"image\"\/><\/a><\/div>\n<div class=\"detailmodule_text\">\n<p style=\"font-family:OpenSans;font-size:20px;font-weight:900;line-height:28px;white-space:pre-wrap;color:rgb(0, 0, 0);margin-bottom:12px\" class=\"detail-desc-decorate-title\">Przepustnica<\/p>\n<p style=\"font-family:OpenSans;font-size:14px;font-weight:300;line-height:20px;white-space:pre-wrap;color:rgb(0, 0, 0);margin-bottom:12px\" class=\"detail-desc-decorate-content\">Wy\u015bwietlacz SW900 wykorzystuje przepustnic\u0119 Twist Throttle<\/p>\n<\/div>\n<div class=\"detailmodule_image\"><img decoding=\"async\" class=\"detail-desc-decorate-image\" src=\"https:\/\/ae01.alicdn.com\/kf\/H00dccd59c973440b9a8550dc62c3c82dG.jpg\" slate-data-type=\"image\"\/><\/div>\n<div class=\"detailmodule_text\">\n<p style=\"font-family:OpenSans;font-size:20px;font-weight:900;line-height:28px;white-space:pre-wrap;color:rgb(0, 0, 0);margin-bottom:12px\" class=\"detail-desc-decorate-title\">D\u017awignia hamulca odcinaj\u0105cego zasilanie<\/p>\n<\/div>\n<div class=\"detailmodule_image\"><img decoding=\"async\" class=\"detail-desc-decorate-image\" src=\"https:\/\/ae01.alicdn.com\/kf\/Hdcb7d7c9239040f182c68d68ed21828ao.jpg\" slate-data-type=\"image\"\/><img decoding=\"async\" class=\"detail-desc-decorate-image\" src=\"https:\/\/ae01.alicdn.com\/kf\/H2f40eb453ff042d19f4edd32f21b3176U.jpg\" slate-data-type=\"image\"\/><\/div>\n<div class=\"detailmodule_text\">\n<p style=\"font-family:OpenSans;font-size:20px;font-weight:900;line-height:28px;white-space:pre-wrap;color:rgb(0, 0, 0);margin-bottom:12px\" class=\"detail-desc-decorate-title\">Wysy\u0142ka i gwarancja<\/p>\n<p style=\"font-family:OpenSans;font-size:14px;font-weight:300;line-height:20px;white-space:pre-wrap;color:rgb(0, 0, 0);margin-bottom:12px\" class=\"detail-desc-decorate-content\">Numer \u015bledzenia jest r\u00f3wnie\u017c dost\u0119pny dla wybranej przez Sprzedawc\u0119 metody wysy\u0142ki.<\/p>\n<p>1.) Cena zawiera wszystkie podatki<\/p>\n<p>2.) Je\u015bli masz jakiekolwiek pytania po otrzymaniu przedmiot\u00f3w, skontaktuj si\u0119 z nami. Twoja satysfakcja jest naszym najwy\u017cszym priorytetem i jeste\u015bmy pewni, \u017ce b\u0119dziesz zadowolony z naszych us\u0142ug.<\/p>\n<\/div>\n<div class=\"detailmodule_image\"><img decoding=\"async\" class=\"detail-desc-decorate-image\" src=\"https:\/\/ae01.alicdn.com\/kf\/H8b810db2ab8b4d8eb427b8a220c721431.jpg\" slate-data-type=\"image\"\/><\/div>\n<div class=\"detailmodule_image\"><img decoding=\"async\" class=\"detail-desc-decorate-image\" src=\"https:\/\/ae01.alicdn.com\/kf\/Hf9f37f875a884c5f9a1fa1d70020da65l.jpg\" slate-data-type=\"image\"\/><\/div>\n<p><\/p>","protected":false},"excerpt":{"rendered":"<p>Size:&nbsp;26inch Mounting Position:&nbsp;Front Drive Design:&nbsp;Brushless Wattage:&nbsp;&gt; 1000w Voltage:&nbsp;48V Origin:&nbsp;Mainland China Voltage:&nbsp;36V 48V Wattage:&nbsp;250W 350W 500W 1000W 1500W Brake Type:&nbsp;v-brake, disc brake compatible size:&nbsp;20 inch 24 inch 26 inch 27.5 inch<\/p>","protected":false},"featured_media":23135,"comment_status":"open","ping_status":"closed","template":"","meta":{"_acf_changed":false},"product_brand":[],"product_cat":[528],"product_tag":[],"class_list":{"0":"post-23134","1":"product","2":"type-product","3":"status-publish","4":"has-post-thumbnail","6":"product_cat-electric-hub-motor-kits","8":"first","9":"instock","10":"shipping-taxable","11":"purchasable","12":"product-type-variable"},"acf":[],"_links":{"self":[{"href":"https:\/\/www.electricstore.eu\/pl\/wp-json\/wp\/v2\/product\/23134","targetHints":{"allow":["GET"]}}],"collection":[{"href":"https:\/\/www.electricstore.eu\/pl\/wp-json\/wp\/v2\/product"}],"about":[{"href":"https:\/\/www.electricstore.eu\/pl\/wp-json\/wp\/v2\/types\/product"}],"replies":[{"embeddable":true,"href":"https:\/\/www.electricstore.eu\/pl\/wp-json\/wp\/v2\/comments?post=23134"}],"wp:featuredmedia":[{"embeddable":true,"href":"https:\/\/www.electricstore.eu\/pl\/wp-json\/wp\/v2\/media\/23135"}],"wp:attachment":[{"href":"https:\/\/www.electricstore.eu\/pl\/wp-json\/wp\/v2\/media?parent=23134"}],"wp:term":[{"taxonomy":"product_brand","embeddable":true,"href":"https:\/\/www.electricstore.eu\/pl\/wp-json\/wp\/v2\/product_brand?post=23134"},{"taxonomy":"product_cat","embeddable":true,"href":"https:\/\/www.electricstore.eu\/pl\/wp-json\/wp\/v2\/product_cat?post=23134"},{"taxonomy":"product_tag","embeddable":true,"href":"https:\/\/www.electricstore.eu\/pl\/wp-json\/wp\/v2\/product_tag?post=23134"}],"curies":[{"name":"wp","href":"https:\/\/api.w.org\/{rel}","templated":true}]}}