{"id":21860,"date":"2025-05-20T18:27:38","date_gmt":"2025-05-20T18:27:38","guid":{"rendered":"https:\/\/electricstore.eu\/p\/uncategorized\/150w-electric-motorcycle-for-kids-w-led-lights-12-inch-mini-electric-dirt-bike-24v-3-0ah-battery-powered-motorcycle\/"},"modified":"2025-05-20T18:27:40","modified_gmt":"2025-05-20T18:27:40","slug":"150w-electric-motorcycle-for-kids-w-led-lights-12-inch-mini-electric-dirt-bike-24v-3-0ah-battery-powered-motorcycle","status":"publish","type":"product","link":"https:\/\/www.electricstore.eu\/pl\/p\/motorbikes\/electric-children-motorbikes\/150w-electric-motorcycle-for-kids-w-led-lights-12-inch-mini-electric-dirt-bike-24v-3-0ah-battery-powered-motorcycle\/","title":{"rendered":"150-watowy elektryczny motocykl dla dzieci z o\u015bwietleniem LED, 12-calowy mini elektryczny motocykl terenowy, motocykl zasilany akumulatorem 24 V 3,0 Ah"},"content":{"rendered":"<div class=\"product-specs-list-container\">\n<ul class=\"product-specs-list util-clearfix\">\n<li class=\"product-prop line-limit-length\"><span\n                                        class=\"property-title\">Substancja chemiczna budz\u0105ca du\u017ce obawy:&nbsp;<\/span><span\n                                        class=\"property-desc line-limit-length\">Nic<\/span>\n                            <\/li>\n<li class=\"product-prop line-limit-length\"><span\n                                        class=\"property-title\">Pochodzenie:&nbsp;<\/span><span\n                                        class=\"property-desc line-limit-length\">Chiny kontynentalne<\/span>\n                            <\/li>\n<\/ul><\/div>\n<p><strong><span style=\"color:rgb(0, 0, 0);font-size:15pt;font-family:&quot;Times New Roman&quot;\">Opis<\/span><\/strong><\/p>\n<p class=\"MsoNormal\"><span style=\"font-size:12pt;font-family:&quot;Times New Roman&quot;\">Chcesz zapewni\u0107 swoim dzieciom dzieci\u0144stwo pe\u0142ne zabawy i eksploracji? Ten elektryczny motocykl dla dzieci to idealny wyb\u00f3r! Dzi\u0119ki efektownemu i przyci\u0105gaj\u0105cemu wzrok designowi, natychmiast zamienia dzieci w ma\u0142ych kierowc\u00f3w wy\u015bcigowych, pokazuj\u0105c ich dzieci\u0119cy styl. Pozw\u00f3l mu rozpali\u0107 w dzieciach pasj\u0119 do eksploracji i poprowadzi\u0107 je ku szcz\u0119\u015bliwej przysz\u0142o\u015bci!<\/span><img decoding=\"async\" src=\"https:\/\/ae01.alicdn.com\/kf\/S1d7e378a83f0443eb8937695ec1f9d1fR.jpg\" slate-data-type=\"image\"\/><strong><span style=\"color:rgb(0, 0, 0);font-size:15pt;font-family:&quot;Times New Roman&quot;\">Aplikacja<\/span><\/strong><\/p>\n<p class=\"MsoNormal\"><span style=\"font-size:12pt;font-family:&quot;Times New Roman&quot;\">Produkt jest odpowiedni dla dzieci i m\u0142odzie\u017cy powy\u017cej 6 lat i o wadze nieprzekraczaj\u0105cej 63 kg. Mo\u017cna nim r\u00f3wnie\u017c je\u017adzi\u0107 po nawierzchniach zewn\u0119trznych, takich jak asfalt, ceg\u0142a i cement.<\/span><\/p>\n<p><\/p>\n<p class=\"MsoNormal\"><strong><span style=\"color:rgb(0, 0, 0);font-size:15pt;font-family:&quot;Times New Roman&quot;\">Specyfikacja<\/span><\/strong><\/p>\n<p class=\"MsoNormal\"><span style=\"color:rgb(14, 16, 26);font-size:12pt;font-family:&quot;Times New Roman&quot;\">Kolor: czarny<\/span><\/p>\n<p class=\"MsoNormal\"><span style=\"color:rgb(14, 16, 26);font-size:12pt;font-family:&quot;Times New Roman&quot;\">Styl: Nowoczesny<\/span><\/p>\n<p class=\"MsoNormal\"><span style=\"color:rgb(14, 16, 26);font-size:12pt;font-family:&quot;Times New Roman&quot;\">Materia\u0142: \u017celazo, PP<\/span><\/p>\n<p class=\"MsoNormal\"><span style=\"color:rgb(14, 16, 26);font-size:12pt;font-family:&quot;Times New Roman&quot;\">Proces: natryskiwanie plastiku, druk transferowy na wodzie<\/span><\/p>\n<p class=\"MsoNormal\"><span style=\"color:rgb(14, 16, 26);font-size:12pt;font-family:&quot;Times New Roman&quot;\">Wymagany monta\u017c: Tak<\/span><\/p>\n<p class=\"MsoNormal\"><span style=\"color:rgb(14, 16, 26);font-size:12pt;font-family:&quot;Times New Roman&quot;\">Hamulec: Tarczowy<\/span><\/p>\n<p class=\"MsoNormal\"><span style=\"color:rgb(14, 16, 26);font-size:12pt;font-family:&quot;Times New Roman&quot;\">\u0179r\u00f3d\u0142o \u015bwiat\u0142a: LED<\/span><\/p>\n<p class=\"MsoNormal\"><span style=\"color:rgb(14, 16, 26);font-size:12pt;font-family:&quot;Times New Roman&quot;\">Jasne kolory: czerwony, niebieski, zielony<\/span><\/p>\n<p class=\"MsoNormal\"><span style=\"color:rgb(0, 0, 0);font-size:12pt;font-family:&quot;Times New Roman&quot;\">\u0179r\u00f3d\u0142o zasilania: przewodowe<\/span><\/p>\n<p class=\"MsoNormal\"><span style=\"color:rgb(0, 0, 0);font-size:12pt;font-family:&quot;Times New Roman&quot;\">Typ wtyczki: Standard UE<\/span><\/p>\n<p class=\"MsoNormal\"><span style=\"color:rgb(23, 26, 29);font-size:12pt;font-family:&quot;Times New Roman&quot;\">Napi\u0119cie: 24V<\/span><\/p>\n<p class=\"MsoNormal\"><span style=\"color:rgb(23, 26, 29);font-size:12pt;font-family:&quot;Times New Roman&quot;\">Moc: 150 W<\/span><\/p>\n<p class=\"MsoNormal\"><span style=\"color:rgb(23, 26, 29);font-size:12pt;font-family:&quot;Times New Roman&quot;\">Pojemno\u015b\u0107 akumulatora: 24 V 3,0 Ah<\/span><\/p>\n<p class=\"MsoNormal\"><span style=\"color:rgb(23, 26, 29);font-size:12pt;font-family:&quot;Times New Roman&quot;\">Model adaptera: DCSP294100<\/span><\/p>\n<p class=\"MsoNormal\"><span style=\"color:rgb(23, 26, 29);font-size:12pt;font-family:&quot;Times New Roman&quot;\">Wej\u015bcie: 100-240 V AC 50\/60 Hz 2 A maks.<\/span><\/p>\n<p class=\"MsoNormal\"><span style=\"color:rgb(23, 26, 29);font-size:12pt;font-family:&quot;Times New Roman&quot;\">Wyj\u015bcie: DC29,4V 1A \u00a0\u00a0\u00a0\u00a0\u00a0\u00a0\u00a0\u00a0\u00a0\u00a0\u00a0\u00a0\u00a0\u00a0\u00a0\u00a0\u00a0\u00a0\u00a0\u00a0<\/span><\/p>\n<p class=\"MsoNormal\"><span style=\"color:rgb(23, 26, 29);font-size:12pt;font-family:&quot;Times New Roman&quot;\">Czas \u0142adowania: 3-5 godz.<\/span><\/p>\n<p class=\"MsoNormal\"><span style=\"color:rgb(23, 26, 29);font-size:12pt;font-family:&quot;Times New Roman&quot;\">Czas wytrzyma\u0142o\u015bci: oko\u0142o 1,2 godz.<\/span><\/p>\n<p class=\"MsoNormal\"><span style=\"color:rgb(23, 26, 29);font-size:12pt;font-family:&quot;Times New Roman&quot;\">Maksymalna \u0142adowno\u015b\u0107: 65 kg\/143,3 funta<\/span><\/p>\n<p class=\"MsoNormal\"><span style=\"color:rgb(23, 26, 29);font-size:12pt;font-family:&quot;Times New Roman&quot;\">Odpowiedni wiek: &gt; 6 lat<\/span><\/p>\n<p class=\"MsoNormal\"><span style=\"color:rgb(23, 26, 29);font-size:12pt;font-family:&quot;Times New Roman&quot;\">Pr\u0119dko\u015b\u0107: oko\u0142o 8 km\/4,97 mil\/h, 12 km\/7,46 mil\/h<\/span><\/p>\n<p class=\"MsoNormal\"><span style=\"color:rgb(23, 26, 29);font-size:12pt;font-family:&quot;Times New Roman&quot;\">\u015arednica ko\u0142a: 30,48 cm\/12 cali<\/span><\/p>\n<p class=\"MsoNormal\"><span style=\"color:rgb(23, 26, 29);font-size:12pt;font-family:&quot;Times New Roman&quot;\">Stopie\u0144 wspinaczki: 15\u00b0<\/span><\/p>\n<p class=\"MsoNormal\"><span style=\"font-size:12pt;font-family:&quot;Times New Roman&quot;\">Masa ca\u0142kowita: 16 kg\/35,27 funta <\/span><\/p>\n<p class=\"MsoNormal\"><span style=\"font-size:12pt;font-family:&quot;Times New Roman&quot;\">Rozmiar opakowania: 95*50*20 cm\/ 37,4*19,69*7,87 cala<\/span><\/p>\n<p class=\"MsoNormal\"><span style=\"font-size:12pt;font-family:&quot;Times New Roman&quot;\">Wymiary produktu: 106*59*66 cm\/ 41,7*23,22*26 cali<\/span><\/p>\n<p><\/p>\n<p class=\"MsoNormal\"><strong><span style=\"color:rgb(0, 0, 0);font-size:15pt;font-family:&quot;Times New Roman&quot;\">W pakiecie<\/span><\/strong><\/p>\n<p class=\"MsoNormal\"><span style=\"color:rgb(0, 0, 0);font-size:12pt;font-family:&quot;Times New Roman&quot;\">1* <\/span><span style=\"font-size:12pt;font-family:&quot;Times New Roman&quot;\">Motocykl elektryczny dla dzieci<\/span><\/p>\n<p class=\"MsoNormal\"><span style=\"color:rgb(0, 0, 0);font-size:12pt;font-family:&quot;Times New Roman&quot;\">1* Instrukcja wieloj\u0119zyczna<\/span><\/p>\n<p class=\"MsoNormal\"><span style=\"color:rgb(0, 0, 0);font-size:12pt;font-family:&quot;Times New Roman&quot;\">Wszystkie akcesoria do instalacji<\/span><img decoding=\"async\" src=\"https:\/\/ae01.alicdn.com\/kf\/Sb637673d892643ae91c4e17a583042fae.jpg\" slate-data-type=\"image\"\/><img decoding=\"async\" src=\"https:\/\/ae01.alicdn.com\/kf\/Scda005db7def4763844f4b29804b3e7cg.jpg\" slate-data-type=\"image\"\/><img decoding=\"async\" src=\"https:\/\/ae01.alicdn.com\/kf\/S5eb41cad3d3740edb715dd1ead4eb58f5.jpg\" slate-data-type=\"image\"\/><img decoding=\"async\" src=\"https:\/\/ae01.alicdn.com\/kf\/S89f5ee141e8f4cb8bd3b87f03b698767Z.jpg\" slate-data-type=\"image\"\/><img decoding=\"async\" src=\"https:\/\/ae01.alicdn.com\/kf\/Sa24f88a9c75244899dade1d514066e4bN.jpg\" slate-data-type=\"image\"\/><img decoding=\"async\" src=\"https:\/\/ae01.alicdn.com\/kf\/S9a403cf417364f9fb32b77c0273956da2.jpg\" slate-data-type=\"image\"\/><img decoding=\"async\" src=\"https:\/\/ae01.alicdn.com\/kf\/S0ed886f5026a4ddeaad882457f992a10x.jpg\" slate-data-type=\"image\"\/><img decoding=\"async\" src=\"https:\/\/ae01.alicdn.com\/kf\/S8a67a9750231465ab1e4cd2b144053dfp.jpg\" slate-data-type=\"image\"\/><img decoding=\"async\" src=\"https:\/\/ae01.alicdn.com\/kf\/S932a4ca6ed384e3a9f2e63705540ef80s.jpg\" slate-data-type=\"image\"\/><img decoding=\"async\" src=\"https:\/\/ae01.alicdn.com\/kf\/Sf7f026a092894633be24def19e9b7134T.jpg\" slate-data-type=\"image\"\/><img decoding=\"async\" src=\"https:\/\/ae01.alicdn.com\/kf\/S64aa53d27b2a43de9b9bcb9798ede6e5O.jpg\" slate-data-type=\"image\"\/><img decoding=\"async\" src=\"https:\/\/ae01.alicdn.com\/kf\/S3333fdf5ccc44555831179272117b2f9c.jpg\" slate-data-type=\"image\"\/><img decoding=\"async\" src=\"https:\/\/ae01.alicdn.com\/kf\/S32d8cc102f8d4115ad4f49d2d295a54bj.jpg\" slate-data-type=\"image\"\/><img decoding=\"async\" src=\"https:\/\/ae01.alicdn.com\/kf\/S372688bcaaef4f329fd83fe108b46a17I.jpg\" slate-data-type=\"image\"\/><img decoding=\"async\" src=\"https:\/\/ae01.alicdn.com\/kf\/Sc7d6cb2e3228477bb9b8756cc2ee6b4a3.jpg\" slate-data-type=\"image\"\/><img decoding=\"async\" src=\"https:\/\/ae01.alicdn.com\/kf\/S97970c3c5b5c45f495feaac3c54076a6X.jpg\" slate-data-type=\"image\"\/><img decoding=\"async\" src=\"https:\/\/ae01.alicdn.com\/kf\/S77207917972246e7aa64d79d6f71e0d9V.jpg\" slate-data-type=\"image\"\/><img decoding=\"async\" src=\"https:\/\/ae01.alicdn.com\/kf\/S9312a09277154cc587baf1b00756a40bN.jpg\" slate-data-type=\"image\"\/><img decoding=\"async\" src=\"https:\/\/ae01.alicdn.com\/kf\/Sff4d08b9442d47ed8acf5a8482c23b46J.jpg\" slate-data-type=\"image\"\/><img decoding=\"async\" src=\"https:\/\/ae01.alicdn.com\/kf\/S37df5a8ec3484d0e98befc8f3b105ff21.jpg\" slate-data-type=\"image\"\/><img decoding=\"async\" src=\"https:\/\/ae01.alicdn.com\/kf\/S7b6355aa5d8444bcb7ae05b528cf9782x.jpg\" slate-data-type=\"image\"\/><\/p>\n<p><\/p>\n<p class=\"MsoNormal\"><strong><span style=\"color:rgb(0, 0, 0);font-size:15pt;font-family:&quot;Times New Roman&quot;\">G\u0142\u00f3wne cechy<\/span><\/strong><\/p>\n<p class=\"MsoNormal\"><strong><span style=\"font-size:12pt;font-family:&quot;Times New Roman&quot;\">Zbuduj, aby przetrwa\u0107: <\/span><\/strong><span style=\"font-size:12pt;font-family:&quot;Times New Roman&quot;\">Wykonany jest z wysokiej jako\u015bci \u017celaza i przyjaznego dla dzieci PP z zastosowaniem natrysku tworzywa sztucznego i druku metod\u0105 transferu wody, co czyni go idealnym <\/span><span style=\"background-color:rgb(245, 199, 205);font-size:12pt;font-family:&quot;Times New Roman&quot;\">przyjazny dla \u015brodowiska, odporny na korozj\u0119, wilgo\u0107, warunki atmosferyczne, starzenie i zu\u017cycie<\/span><span style=\"font-size:12pt;font-family:&quot;Times New Roman&quot;\">, dzi\u0119ki czemu dobrze zniesie pr\u00f3b\u0119 czasu<\/span><span style=\"font-size:14pt;font-family:&quot;Times New Roman&quot;\">.<\/span><\/p>\n<p><\/p>\n<p class=\"MsoNormal\"><strong><span style=\"font-size:12pt;font-family:&quot;Times New Roman&quot;\">Wydajny uk\u0142ad elektryczny: <\/span><\/strong><span style=\"color:rgb(23, 26, 29);font-size:12pt;font-family:&quot;Times New Roman&quot;\">Dzi\u0119ki mocy 150 W i akumulatorowi 24 V 3,0 Ah mo\u017cesz je\u017adzi\u0107 przez oko\u0142o 1,2 godziny po 3-5 godzinach \u0142adowania, co pozwoli Twojemu dziecku na zabaw\u0119 bez konieczno\u015bci cz\u0119stego \u0142adowania.<\/span><\/p>\n<p><\/p>\n<p class=\"MsoNormal\"><strong><span style=\"color:rgb(23, 26, 29);font-size:12pt;font-family:&quot;Times New Roman&quot;\">Tryb podw\u00f3jnej pr\u0119dko\u015bci:<\/span><\/strong><span style=\"color:rgb(23, 26, 29);font-size:12pt;font-family:&quot;Times New Roman&quot;\">\u00a0Motocykl elektryczny wyposa\u017cony jest w 2-biegow\u0105 regulacj\u0119 pr\u0119dko\u015bci (4,97 mil\/h, 7,46 mil\/h), dzi\u0119ki czemu mo\u017cna swobodnie prze\u0142\u0105cza\u0107 si\u0119 mi\u0119dzy trybami wysokiej i niskiej pr\u0119dko\u015bci w zale\u017cno\u015bci od warunk\u00f3w na drodze i osobistych nawyk\u00f3w jazdy. Jest to szczeg\u00f3lnie przydatne dla dzieci lub pocz\u0105tkuj\u0105cych u\u017cytkownik\u00f3w, kt\u00f3rzy chc\u0105 cieszy\u0107 si\u0119 jazd\u0105. <\/span><\/p>\n<p><\/p>\n<p class=\"MsoNormal\"><strong><span style=\"font-size:12pt;font-family:&quot;Times New Roman&quot;\">Zabawna jazda:<\/span><\/strong><span style=\"font-size:12pt;font-family:&quot;Times New Roman&quot;\">\u00a0Posiada ciekawy design motocykla i kolorowe \u015bwiat\u0142a LED (czerwone, niebieskie i zielone), kt\u00f3re przypadn\u0105 do gustu dzieciom, dzi\u0119ki czemu jazda staje si\u0119 o wiele \u0142atwiejsza i przyjemniejsza. <\/span><\/p>\n<p><\/p>\n<p class=\"MsoNormal\"><strong><span style=\"font-size:12pt;font-family:&quot;Times New Roman&quot;\">Wygodnie i bezpiecznie:<\/span><\/strong><span style=\"font-size:12pt;font-family:&quot;Times New Roman&quot;\">\u00a0Ergonomiczne siedzenie zapewnia dzieciom doskona\u0142\u0105 i wygodn\u0105 jazd\u0119. Dodatkowo, tylny hamulec tarczowy zapewnia bezpiecze\u0144stwo dziecka podczas jazdy, a kr\u00f3tka r\u0105czka umo\u017cliwia szybkie hamowanie. \u00a0\u00a0\u00a0\u00a0\u00a0\u00a0\u00a0\u00a0\u00a0\u00a0\u00a0\u00a0\u00a0\u00a0\u00a0\u00a0\u00a0\u00a0\u00a0\u00a0\u00a0\u00a0\u00a0\u00a0\u00a0\u00a0\u00a0\u00a0\u00a0\u00a0\u00a0\u00a0\u00a0\u00a0\u00a0\u00a0\u00a0<\/span><\/p>\n<p><\/p>\n<p class=\"MsoNormal\"><strong><span style=\"font-size:12pt;font-family:&quot;Times New Roman&quot;\">Du\u017ca \u0142adowno\u015b\u0107:<\/span><\/strong><span style=\"font-size:12pt;font-family:&quot;Times New Roman&quot;\">\u00a0Stabilna rama \u017celazna, <\/span><span style=\"color:rgb(0, 0, 0);font-size:12pt;font-family:&quot;Times New Roman&quot;\">tr\u00f3jk\u0105tna struktura<\/span><span style=\"font-size:12pt;font-family:&quot;Times New Roman&quot;\">i solidne po\u0142\u0105czenie \u015brubowe sprawiaj\u0105, \u017ce produkt ma no\u015bno\u015b\u0107 <\/span><span style=\"color:rgb(23, 26, 29);font-size:12pt;font-family:&quot;Times New Roman&quot;\">143,3 funta<\/span><span style=\"font-size:12pt;font-family:&quot;Times New Roman&quot;\">, dzi\u0119ki czemu b\u0119dziesz czu\u0107 si\u0119 bardziej komfortowo podczas jego u\u017cywania.<\/span><\/p>\n<p><\/p>\n<p class=\"MsoNormal\"><strong><span style=\"font-size:12pt;font-family:&quot;Times New Roman&quot;\">\u0141atwe w utrzymaniu: <\/span><\/strong><span style=\"font-size:12pt;font-family:&quot;Times New Roman&quot;\">Dzi\u0119ki g\u0142adkiej powierzchni i prostej konstrukcji, mo\u017cesz \u0142atwo zetrze\u0107 z niej brud mi\u0119kk\u0105 szmatk\u0105.\u00a0<\/span><\/p>\n<p><\/p>\n<p class=\"MsoNormal\"><strong><span style=\"font-size:12pt;font-family:&quot;Times New Roman&quot;\">Cudowny prezent: <\/span><\/strong><span style=\"font-size:12pt;font-family:&quot;Times New Roman&quot;\">Ten produkt mo\u017ce rozpali\u0107 w dziecku pasj\u0119 do eksploracji i przyg\u00f3d, pom\u00f3c mu rozwin\u0105\u0107 odwag\u0119, ciekawo\u015b\u0107 oraz doskona\u0142e umiej\u0119tno\u015bci kontroli i prowadzenia pojazdu, dzi\u0119ki kt\u00f3rym wyr\u00f3\u017cni si\u0119 z t\u0142umu. Dzi\u0119ki temu mo\u017ce by\u0107 idealnym prezentem urodzinowym i \u015bwi\u0105tecznym dla Twojego dziecka.<\/span><\/p>\n<p><\/p>\n<p class=\"MsoNormal\"><strong><span style=\"font-size:12pt;font-family:&quot;Times New Roman&quot;\">Monta\u017c w mgnieniu oka: <\/span><\/strong><span style=\"font-size:12pt;font-family:&quot;Times New Roman&quot;\">Kompletne akcesoria monta\u017cowe, szczeg\u00f3\u0142owa instrukcja obs\u0142ugi i prosta konstrukcja pozwalaj\u0105 na uko\u0144czenie monta\u017cu w bardzo kr\u00f3tkim czasie.\u00a0 \u00a0<\/span><\/p>\n<p><\/p>\n<p class=\"MsoNormal\"><strong><span style=\"font-size:12pt;font-family:&quot;Times New Roman&quot;\">Dobra obs\u0142uga klienta:<\/span><\/strong><span style=\"color:rgb(0, 0, 0);font-size:12pt;font-family:&quot;Times New Roman&quot;\">Wspieramy wszystkich naszych go\u015bci i z przyjemno\u015bci\u0105 pomo\u017cemy Pa\u0144stwu w zakupie. Z przyjemno\u015bci\u0105 odpowiemy na Pa\u0144stwa pytania i rozwiejemy wszelkie w\u0105tpliwo\u015bci. Koniec historii mi\u0119dzy nami nie polega na tym, \u017ce \u201emy sprzedajemy, a Pa\u0144stwo kupujecie\u201d.<\/span><\/p>\n<p><\/p>\n<p class=\"MsoNormal\"><strong><span style=\"color:rgb(0, 0, 0);font-size:15pt;font-family:&quot;Times New Roman&quot;\">Bli\u017csze dane<\/span><\/strong><\/p>\n<p class=\"MsoNormal\"><strong><span style=\"background-color:rgb(245, 199, 205);font-size:12pt;font-family:&quot;Times New Roman&quot;\">Antypo\u015blizgowy<\/span><\/strong><strong><span style=\"font-size:12pt;font-family:&quot;Times New Roman&quot;\">\u00a0Peda\u0142:<\/span><\/strong><span style=\"font-size:12pt;font-family:&quot;Times New Roman&quot;\">\u00a0Zwi\u0119ksza tarcie mi\u0119dzy podeszw\u0105 stopy i peda\u0142em, zapobiegaj\u0105c po\u015blizgowi.<\/span><\/p>\n<p><\/p>\n<p class=\"MsoNormal\"><strong><span style=\"background-color:rgb(245, 199, 205);font-size:12pt;font-family:&quot;Times New Roman&quot;\">Antypo\u015blizgowe<\/span><\/strong><strong><span style=\"font-size:12pt;font-family:&quot;Times New Roman&quot;\">\u00a0Opony:<\/span><\/strong><span style=\"font-size:12pt;font-family:&quot;Times New Roman&quot;\">\u00a0Opony z <\/span><span style=\"background-color:rgb(245, 199, 205);font-size:12pt;font-family:&quot;Times New Roman&quot;\">antypo\u015blizgowe<\/span><span style=\"font-size:12pt;font-family:&quot;Times New Roman&quot;\">\u00a0rowki s\u0105 trwa\u0142e i zapewniaj\u0105 przyczepno\u015b\u0107, a tak\u017ce zapobiegaj\u0105 po\u015blizgom na mokrych drogach. <\/span><\/p>\n<p><\/p>\n<p class=\"MsoNormal\"><strong><span style=\"font-size:12pt;font-family:&quot;Times New Roman&quot;\">Wska\u017anik \u0142adowania: <\/span><\/strong><span style=\"font-size:12pt;font-family:&quot;Times New Roman&quot;\">\u0141adowarka posiada lampk\u0119 kontroln\u0105, dzi\u0119ki kt\u00f3rej mo\u017cna \u0142atwo sprawdzi\u0107 stan na\u0142adowania. Wska\u017anik \u015bwieci na czerwono podczas \u0142adowania i na zielono po zako\u0144czeniu \u0142adowania.<\/span><\/p>\n<p><\/p>\n<p class=\"MsoNormal\"><strong><span style=\"font-size:12pt;font-family:&quot;Times New Roman&quot;\">Praktyczne b\u0142otniki:<\/span><\/strong><span style=\"font-size:12pt;font-family:&quot;Times New Roman&quot;\">\u00a0B\u0142otniki przednie i tylne w pewnym stopniu chroni\u0105 Ciebie i Tw\u00f3j rower przed rozpryskiwaniem si\u0119 b\u0142ota podczas jazdy po b\u0142otnistych drogach.<\/span><\/p>\n<p class=\"MsoNormal\"><strong><span style=\"color:rgb(0, 0, 0);font-size:15pt;font-family:&quot;Times New Roman&quot;\">Notatki<\/span><\/strong><\/p>\n<p style=\"margin-left:21pt\" class=\"MsoNormal\"><span style=\"color:rgb(0, 0, 0);font-size:12pt;font-family:&quot;Times New Roman&quot;\"><span>1.\u00a0<\/span><\/span><span style=\"color:rgb(0, 0, 0);font-size:12pt;font-family:&quot;Times New Roman&quot;\">Przed u\u017cyciem nale\u017cy dok\u0142adnie przeczyta\u0107 instrukcj\u0119 obs\u0142ugi. Nale\u017cy zwr\u00f3ci\u0107 szczeg\u00f3ln\u0105 uwag\u0119 na do\u0142\u0105czone instrukcje bezpiecze\u0144stwa.<\/span><\/p>\n<p style=\"margin-left:21pt\" class=\"MsoNormal\"><span style=\"color:rgb(23, 26, 29);font-size:12pt;font-family:&quot;Times New Roman&quot;\"><span>2.\u00a0<\/span><\/span><span style=\"color:rgb(23, 26, 29);font-size:12pt;font-family:&quot;Times New Roman&quot;\">Prosimy o regularne sprawdzanie po\u0142\u0105cze\u0144 cz\u0119\u015bci, aby upewni\u0107 si\u0119, \u017ce produkt jest bezpiecznie zmontowany. W przypadku zauwa\u017cenia uszkodze\u0144 na ruchomych cz\u0119\u015bciach lub ramie, prosimy o natychmiastowe zaprzestanie u\u017cytkowania produktu. \u00a0\u00a0\u00a0\u00a0\u00a0\u00a0\u00a0<\/span><\/p>\n<p style=\"margin-left:21pt\" class=\"MsoNormal\"><span style=\"color:rgb(23, 26, 29);font-size:12pt;font-family:&quot;Times New Roman&quot;\"><span>3.\u00a0<\/span><\/span><span style=\"color:rgb(23, 26, 29);font-size:12pt;font-family:&quot;Times New Roman&quot;\">Prosz\u0119 \u0142adowa\u0107 akumulator za pomoc\u0105 specjalnej \u0142adowarki. Nie nale\u017cy zbli\u017ca\u0107 akumulatora do ognia, rozmontowywa\u0107 go i u\u017cywa\u0107 ani \u0142adowa\u0107 w wysokich temperaturach. Po pe\u0142nym na\u0142adowaniu akumulatora nale\u017cy od\u0142\u0105czy\u0107 go od zasilania. <\/span><\/p>\n<p style=\"margin-left:21pt\" class=\"MsoNormal\"><span style=\"color:rgb(0, 0, 0);font-size:12pt;font-family:&quot;Times New Roman&quot;\"><span>4.\u00a0<\/span><\/span><span style=\"color:rgb(0, 0, 0);font-size:12pt;font-family:&quot;Times New Roman&quot;\">Prosz\u0119 uwzgl\u0119dni\u0107 niewielk\u0105 r\u00f3\u017cnic\u0119 kolor\u00f3w spowodowan\u0105 \u015bwiat\u0142em fotografowania oraz b\u0142\u0105d pomiaru r\u0119cznego wynosz\u0105cy 1-3 cm. Przed z\u0142o\u017ceniem zam\u00f3wienia upewnij si\u0119, \u017ce nie b\u0119dzie Ci to przeszkadza\u0107.<\/span><\/p>","protected":false},"excerpt":{"rendered":"<p>Hign-concerned Chemical:&nbsp;None Origin:&nbsp;Mainland China Description Do you want to give your children a childhood full of fun and exploration? Then this electric motorcycle for kids is the ideal choice for<\/p>","protected":false},"featured_media":21862,"comment_status":"open","ping_status":"closed","template":"","meta":{"_acf_changed":false},"product_brand":[],"product_cat":[313],"product_tag":[],"class_list":{"0":"post-21860","1":"product","2":"type-product","3":"status-publish","4":"has-post-thumbnail","6":"product_cat-electric-children-motorbikes","8":"first","9":"instock","10":"shipping-taxable","11":"purchasable","12":"product-type-simple"},"acf":[],"_links":{"self":[{"href":"https:\/\/www.electricstore.eu\/pl\/wp-json\/wp\/v2\/product\/21860","targetHints":{"allow":["GET"]}}],"collection":[{"href":"https:\/\/www.electricstore.eu\/pl\/wp-json\/wp\/v2\/product"}],"about":[{"href":"https:\/\/www.electricstore.eu\/pl\/wp-json\/wp\/v2\/types\/product"}],"replies":[{"embeddable":true,"href":"https:\/\/www.electricstore.eu\/pl\/wp-json\/wp\/v2\/comments?post=21860"}],"wp:featuredmedia":[{"embeddable":true,"href":"https:\/\/www.electricstore.eu\/pl\/wp-json\/wp\/v2\/media\/21862"}],"wp:attachment":[{"href":"https:\/\/www.electricstore.eu\/pl\/wp-json\/wp\/v2\/media?parent=21860"}],"wp:term":[{"taxonomy":"product_brand","embeddable":true,"href":"https:\/\/www.electricstore.eu\/pl\/wp-json\/wp\/v2\/product_brand?post=21860"},{"taxonomy":"product_cat","embeddable":true,"href":"https:\/\/www.electricstore.eu\/pl\/wp-json\/wp\/v2\/product_cat?post=21860"},{"taxonomy":"product_tag","embeddable":true,"href":"https:\/\/www.electricstore.eu\/pl\/wp-json\/wp\/v2\/product_tag?post=21860"}],"curies":[{"name":"wp","href":"https:\/\/api.w.org\/{rel}","templated":true}]}}