{"id":21752,"date":"2025-05-20T18:26:44","date_gmt":"2025-05-20T18:26:44","guid":{"rendered":"https:\/\/electricstore.eu\/p\/uncategorized\/vtoman-v10-pro-car-jump-starter-4500a-with-led-lights-power-bank-car-power-supply-type-c-quick-charge-for-12v-vehicles\/"},"modified":"2025-05-20T18:26:44","modified_gmt":"2025-05-20T18:26:44","slug":"vtoman-v10-pro-car-jump-starter-4500a-with-led-lights-power-bank-car-power-supply-type-c-quick-charge-for-12v-vehicles","status":"publish","type":"product","link":"https:\/\/www.electricstore.eu\/pl\/p\/batteries\/jump-starter-compressor-power-banks\/vtoman-v10-pro-car-jump-starter-4500a-with-led-lights-power-bank-car-power-supply-type-c-quick-charge-for-12v-vehicles\/","title":{"rendered":"Rozrusznik samochodowy VTOMAN V10 PRO 4500A z diodami LED, powerbank, zasilacz samochodowy typu C, szybkie \u0142adowanie dla pojazd\u00f3w 12 V"},"content":{"rendered":"<div class=\"product-specs-list-container\">\n<ul class=\"product-specs-list util-clearfix\">\n<li class=\"product-prop line-limit-length\"><span\n                                        class=\"property-title\">Pojemno\u015b\u0107 baterii (mAh):&nbsp;<\/span><span\n                                        class=\"property-desc line-limit-length\">3000-5000<\/span>\n                            <\/li>\n<li class=\"product-prop line-limit-length\"><span\n                                        class=\"property-title\">Marka:&nbsp;<\/span><span\n                                        class=\"property-desc line-limit-length\">VTOMNA<\/span>\n                            <\/li>\n<li class=\"product-prop line-limit-length\"><span\n                                        class=\"property-title\">Model:&nbsp;<\/span><span\n                                        class=\"property-desc line-limit-length\">V10 PRO<\/span>\n                            <\/li>\n<li class=\"product-prop line-limit-length\"><span\n                                        class=\"property-title\">Rated Current:&nbsp;<\/span><span\n                                        class=\"property-desc line-limit-length\">4500A<\/span>\n                            <\/li>\n<li class=\"product-prop line-limit-length\"><span\n                                        class=\"property-title\">Suits:&nbsp;<\/span><span\n                                        class=\"property-desc line-limit-length\">for 12V Vehicles(including all gasoline and up to 10.0 liters diesel engines)<\/span>\n                            <\/li>\n<li class=\"product-prop line-limit-length\"><span\n                                        class=\"property-title\">Cechy 02:&nbsp;<\/span><span\n                                        class=\"property-desc line-limit-length\">Type-C Quick Charge<\/span>\n                            <\/li>\n<li class=\"product-prop line-limit-length\"><span\n                                        class=\"property-title\">Cechy 03:&nbsp;<\/span><span\n                                        class=\"property-desc line-limit-length\">Start Dead Batteries<\/span>\n                            <\/li>\n<li class=\"product-prop line-limit-length\"><span\n                                        class=\"property-title\">Cechy 04:&nbsp;<\/span><span\n                                        class=\"property-desc line-limit-length\">4500A for 12V Vehicles<\/span>\n                            <\/li>\n<li class=\"product-prop line-limit-length\"><span\n                                        class=\"property-title\">Cechy 05:&nbsp;<\/span><span\n                                        class=\"property-desc line-limit-length\">10 Most Advanced Safety Technologies<\/span>\n                            <\/li>\n<li class=\"product-prop line-limit-length\"><span\n                                        class=\"property-title\">Cechy 06:&nbsp;<\/span><span\n                                        class=\"property-desc line-limit-length\">Portable and Compact<\/span>\n                            <\/li>\n<li class=\"product-prop line-limit-length\"><span\n                                        class=\"property-title\">Cechy 01:&nbsp;<\/span><span\n                                        class=\"property-desc line-limit-length\">24 Months Standby Time<\/span>\n                            <\/li>\n<\/ul><\/div>\n<p><span style=\"font-size:26px\"><strong>Przegl\u0105d najwa\u017cniejszych wydarze\u0144:<\/strong><\/span><\/p>\n<ul style=\"font-family:&quot;Microsoft YaHei&quot;;font-size:medium;font-weight:400;letter-spacing:normal;text-align:start;white-space:normal;color:rgb(0, 0, 0);margin-bottom:10px;padding-left:0px\" class=\"clearfix\" align=\"start\">\n<li style=\"font-size:14px;margin-right:10px;padding-left:18px;list-style:none;position:relative;float:left\">\n<h3><strong>4500A for 12V Vehicles<\/strong><\/h3>\n<p>Rated at a genuine 4500 amps, the V10 Pro jump starter battery pack can safely and efficiently jump start all 12V vehicles (including all gasoline and up to 10.0 liters diesel engines) in just 30 seconds. It&#x27;s universally compatible with cars, trucks, motorcycles, tractors, lawnmowers, SUVs, snowmobiles, boats, vans, RVs, and more.<\/p>\n<h3><strong>Start Dead Batteries<\/strong><\/h3>\n<p>With the V10 Pro jump box, even if your car battery is totally dead or the voltage is too low to detect, simply press the&quot;BOOST&quot; button, your car will restart immediately &#8211; start up to 70 times on a single charge, even in extreme weather(-4\u2109 to 140\u2109). Never anxiously wait hours for roadside assistance again.<\/p>\n<h3><strong>Type-C Quick Charge<\/strong><\/h3>\n<p>Equipped with USB-C\/PD15W, dual USB-A\/Quick Charging outputs, and 15V\/10A DC, this portable battery jumper starter also functions as a versatile battery charger power bank to charge tablets, phones, wearables, air compressors, car refrigerators, etc.<\/p>\n<h3><strong>10 Most Advanced Safety Technologies<\/strong><\/h3>\n<p>VTOMAN car battery jump starter pack prioritizes safety and ease of use. This enhanced jump cable indicator uses a reverse red light to notify you of incorrect usage, eliminating any concerns about incorrect connections or sparks. It offers a comprehensive range of protection features, including spark-proof, reverse-charge, over-current, over-charge, reverse-polarity, high-temp, low-temp, short-circuit, over-voltage, and over-load protection.<\/p>\n<h3><strong>Portable and Compact<\/strong><\/h3>\n<p>VTOMAN V10 Pro car battery jump starter comes with a sturdy case, allowing you to conveniently store it in your trunk for emergency situations. It&#x27;s highly portable and suitable for various outdoor activities and camping, featuring 3 modes of 400-lumen LED lights (Normal, Strobe, SOS).<\/p>\n<h3><strong>24 Months Standby Time<\/strong><\/h3>\n<p>It will automatically power down after 10 seconds of inactivity, preserving power and ensuring a standby time of 24 months. It&#x27;s your dependable, all-in-one solution for roadside emergencies.<\/p>\n<\/li>\n<li style=\"font-size:14px;font-weight:bold;margin-right:10px;padding-left:18px;list-style:none;float:left\">\n<p><span style=\"font-size:26px\"><strong>Specyfikacja:<\/strong><\/span><\/p>\n<\/li>\n<li style=\"font-size:14px;margin-right:10px;padding-left:18px;list-style:none;position:relative;float:left\">\n<table style=\"border-collapse:collapse;width:1000px\" class=\"jbEidtTable\" border=\"1\" cellpadding=\"5\" cellspacing=\"0\">\n<tbody>\n<tr>\n<td style=\"font-size:14px;text-align:left\" align=\"left\">\n<p><strong>Og\u00f3lny<\/strong><\/p>\n<\/td>\n<td style=\"font-size:14px;text-align:left\" align=\"left\">\n<p>Brand: VTOMNA<br \/>Type: Car Jump Starter<br \/>Model: V10 PRO<br \/>Color: Yellow<\/p>\n<\/td>\n<\/tr>\n<tr>\n<td style=\"font-size:14px;text-align:left\" align=\"left\">\n<p><strong>Specyfikacja<\/strong><\/p>\n<\/td>\n<td style=\"font-size:14px;text-align:left\" align=\"left\">\n<p>Rated Current: 4500A<br \/>Suits: for 12V Vehicles(including all gasoline and up to 10.0 liters diesel engines)<\/p>\n<\/td>\n<\/tr>\n<tr>\n<td style=\"font-size:14px;text-align:left\" align=\"left\">\n<p><strong>Waga i rozmiar<\/strong><\/p>\n<\/td>\n<td style=\"font-size:14px;text-align:left\" align=\"left\">\n<p>Package Weight: 640g<br \/>Package Size(L x W x H): 230*94*35mm<\/p>\n<\/td>\n<\/tr>\n<tr>\n<td style=\"font-size:14px;text-align:left\" align=\"left\">\n<p><strong>Zawarto\u015b\u0107 opakowania<\/strong><\/p>\n<\/td>\n<td style=\"font-size:14px;text-align:left\" align=\"left\">\n<p>1 x Car Jump Starter<br \/>1 x Jump Starter Cable<br \/>1 x USB-A to Type-C Cable<br \/>1 x Type-C to Type-C Cable<br \/>1 x Storage Case<br \/>1 x Instrukcja obs\u0142ugi<\/p>\n<\/td>\n<\/tr>\n<\/tbody>\n<\/table>\n<\/li>\n<\/ul>\n<p><img decoding=\"async\" src=\"https:\/\/ae01.alicdn.com\/kf\/Sc600202e0dc64b898a894dea26f916461.jpg\" slate-data-type=\"image\"\/><img decoding=\"async\" src=\"https:\/\/ae01.alicdn.com\/kf\/Sebb0626c4d7d499c852a7f1da2fce90cK.jpg\" slate-data-type=\"image\"\/><img decoding=\"async\" src=\"https:\/\/ae01.alicdn.com\/kf\/S356867fe7509432d9c10f8cbdf554f3d2.jpg\" slate-data-type=\"image\"\/><img decoding=\"async\" src=\"https:\/\/ae01.alicdn.com\/kf\/S4898ce700f864c83ab95ea2b81172d73U.jpg\" slate-data-type=\"image\"\/><img decoding=\"async\" src=\"https:\/\/ae01.alicdn.com\/kf\/S1678e755b3844ab59c22e4b2cae55c87K.jpg\" slate-data-type=\"image\"\/><img decoding=\"async\" src=\"https:\/\/ae01.alicdn.com\/kf\/S967ac49f559a42c19bbd0e97da7410e4A.jpg\" slate-data-type=\"image\"\/><img decoding=\"async\" src=\"https:\/\/ae01.alicdn.com\/kf\/Sbb5c5babf8844ffcb1030170ec8db036a.jpg\" slate-data-type=\"image\"\/><img decoding=\"async\" src=\"https:\/\/ae01.alicdn.com\/kf\/S3e28dfa1575e4c5fad3e7ad71e63243a0.jpg\" slate-data-type=\"image\"\/><img decoding=\"async\" src=\"https:\/\/ae01.alicdn.com\/kf\/S92fcf4cefc14436fab1d15759c729e63c.jpg\" slate-data-type=\"image\"\/><img decoding=\"async\" src=\"https:\/\/ae01.alicdn.com\/kf\/Sa23e005522994f1b98ba035e79ddfb27p.jpg\" slate-data-type=\"image\"\/><img decoding=\"async\" src=\"https:\/\/ae01.alicdn.com\/kf\/S5ffb78eeb8664be78833e7921638ae6fP.jpg\" slate-data-type=\"image\"\/><img decoding=\"async\" src=\"https:\/\/ae01.alicdn.com\/kf\/S2d81bd5174e645ef9f6645b1644d2f3bK.jpg\" slate-data-type=\"image\"\/><img decoding=\"async\" src=\"https:\/\/ae01.alicdn.com\/kf\/S1f6683fa371c4a65921e9aae8f9424a0B.jpg\" slate-data-type=\"image\"\/><img decoding=\"async\" src=\"https:\/\/ae01.alicdn.com\/kf\/Sd98411c6a5f547578da7e786510deeccB.jpg\" slate-data-type=\"image\"\/><img decoding=\"async\" src=\"https:\/\/ae01.alicdn.com\/kf\/S02f3de51e4754ccc8b5b2a6e4eed52a2A.jpg\" slate-data-type=\"image\"\/><\/p>","protected":false},"excerpt":{"rendered":"<p>Battery Capacity(mAh):&nbsp;3000-5000 Brand:&nbsp;VTOMNA Model:&nbsp;V10 PRO Rated Current:&nbsp;4500A Suits:&nbsp;for 12V Vehicles(including all gasoline and up to 10.0 liters diesel engines) Features 02:&nbsp;Type-C Quick Charge Features 03:&nbsp;Start Dead Batteries Features 04:&nbsp;4500A for<\/p>","protected":false},"featured_media":21753,"comment_status":"open","ping_status":"closed","template":"","meta":{"_acf_changed":false},"product_brand":[],"product_cat":[527],"product_tag":[],"class_list":{"0":"post-21752","1":"product","2":"type-product","3":"status-publish","4":"has-post-thumbnail","6":"product_cat-jump-starter-compressor-power-banks","8":"first","9":"instock","10":"shipping-taxable","11":"purchasable","12":"product-type-simple"},"acf":[],"_links":{"self":[{"href":"https:\/\/www.electricstore.eu\/pl\/wp-json\/wp\/v2\/product\/21752","targetHints":{"allow":["GET"]}}],"collection":[{"href":"https:\/\/www.electricstore.eu\/pl\/wp-json\/wp\/v2\/product"}],"about":[{"href":"https:\/\/www.electricstore.eu\/pl\/wp-json\/wp\/v2\/types\/product"}],"replies":[{"embeddable":true,"href":"https:\/\/www.electricstore.eu\/pl\/wp-json\/wp\/v2\/comments?post=21752"}],"wp:featuredmedia":[{"embeddable":true,"href":"https:\/\/www.electricstore.eu\/pl\/wp-json\/wp\/v2\/media\/21753"}],"wp:attachment":[{"href":"https:\/\/www.electricstore.eu\/pl\/wp-json\/wp\/v2\/media?parent=21752"}],"wp:term":[{"taxonomy":"product_brand","embeddable":true,"href":"https:\/\/www.electricstore.eu\/pl\/wp-json\/wp\/v2\/product_brand?post=21752"},{"taxonomy":"product_cat","embeddable":true,"href":"https:\/\/www.electricstore.eu\/pl\/wp-json\/wp\/v2\/product_cat?post=21752"},{"taxonomy":"product_tag","embeddable":true,"href":"https:\/\/www.electricstore.eu\/pl\/wp-json\/wp\/v2\/product_tag?post=21752"}],"curies":[{"name":"wp","href":"https:\/\/api.w.org\/{rel}","templated":true}]}}