{"id":21731,"date":"2025-05-20T18:21:40","date_gmt":"2025-05-20T18:21:40","guid":{"rendered":"https:\/\/electricstore.eu\/p\/uncategorized\/tallpower-tp200-200w-portable-foldable-solar-panel-solar-charger-24-energy-conversion-efficiency-solar-panel-support-kit\/"},"modified":"2025-05-20T18:21:47","modified_gmt":"2025-05-20T18:21:47","slug":"tallpower-tp200-200w-portable-foldable-solar-panel-solar-charger-24-energy-conversion-efficiency-solar-panel-support-kit","status":"publish","type":"product","link":"https:\/\/www.electricstore.eu\/pl\/p\/batteries\/foldable-solar-panels\/tallpower-tp200-200w-portable-foldable-solar-panel-solar-charger-24-energy-conversion-efficiency-solar-panel-support-kit\/","title":{"rendered":"TALLPOWER TP200 200W przeno\u015bny sk\u0142adany panel s\u0142oneczny \u0142adowarka s\u0142oneczna 24% zestaw podtrzymuj\u0105cy panel s\u0142oneczny wydajno\u015b\u0107 konwersji energii"},"content":{"rendered":"<div class=\"product-specs-list-container\">\n<ul class=\"product-specs-list util-clearfix\">\n<li class=\"product-prop line-limit-length\"><span\n                                        class=\"property-title\">Marka:&nbsp;<\/span><span\n                                        class=\"property-desc line-limit-length\">TALPOT\u0118GA<\/span>\n                            <\/li>\n<li class=\"product-prop line-limit-length\"><span\n                                        class=\"property-title\">Model:&nbsp;<\/span><span\n                                        class=\"property-desc line-limit-length\">TP200<\/span>\n                            <\/li>\n<li class=\"product-prop line-limit-length\"><span\n                                        class=\"property-title\">Kolor:&nbsp;<\/span><span\n                                        class=\"property-desc line-limit-length\">Czarny<\/span>\n                            <\/li>\n<li class=\"product-prop line-limit-length\"><span\n                                        class=\"property-title\">Typ:&nbsp;<\/span><span\n                                        class=\"property-desc line-limit-length\">Przeno\u015bny panel s\u0142oneczny<\/span>\n                            <\/li>\n<li class=\"product-prop line-limit-length\"><span\n                                        class=\"property-title\">Moc paneli s\u0142onecznych:&nbsp;<\/span><span\n                                        class=\"property-desc line-limit-length\">200 W<\/span>\n                            <\/li>\n<li class=\"product-prop line-limit-length\"><span\n                                        class=\"property-title\">Wolta\u017c:&nbsp;<\/span><span\n                                        class=\"property-desc line-limit-length\">18V<\/span>\n                            <\/li>\n<li class=\"product-prop line-limit-length\"><span\n                                        class=\"property-title\">Aktualny:&nbsp;<\/span><span\n                                        class=\"property-desc line-limit-length\">11.1A<\/span>\n                            <\/li>\n<li class=\"product-prop line-limit-length\"><span\n                                        class=\"property-title\">Wokal:&nbsp;<\/span><span\n                                        class=\"property-desc line-limit-length\">21,6 V<\/span>\n                            <\/li>\n<li class=\"product-prop line-limit-length\"><span\n                                        class=\"property-title\">Efektywno\u015b\u0107 konwersji:&nbsp;<\/span><span\n                                        class=\"property-desc line-limit-length\">24%<\/span>\n                            <\/li>\n<li class=\"product-prop line-limit-length\"><span\n                                        class=\"property-title\">Waga paczki:&nbsp;<\/span><span\n                                        class=\"property-desc line-limit-length\">7,2 kg<\/span>\n                            <\/li>\n<\/ul><\/div>\n<p><\/p>\n<div id=\"nav-description\" style=\"font-family:&quot;TT Norms Pro&quot;, &quot;Open Sans&quot;, Roboto, Arial, Helvetica, sans-serif, SimSun;font-size:14px;font-weight:400;letter-spacing:normal;text-align:start;white-space:normal;color:rgb(34, 34, 34);margin:-156px 0px 0px;margin-bottom:0px;margin-top:-156px;margin-left:0px;margin-right:0px;padding:156px 0px 0px;padding-bottom:0px;padding-top:156px;padding-left:0px;padding-right:0px;box-sizing:border-box\" class=\"description--wrap--LscZ0He\" align=\"start\">\n<div style=\"margin:0px;margin-bottom:0px;margin-top:0px;margin-left:0px;margin-right:0px;padding:0px;padding-bottom:0px;padding-top:0px;padding-left:0px;padding-right:0px;box-sizing:border-box\">\n<div style=\"margin:0px;margin-bottom:0px;margin-top:0px;margin-left:0px;margin-right:0px;padding:0px;padding-bottom:0px;padding-top:0px;padding-left:0px;padding-right:0px;overflow:hidden;position:relative;box-sizing:border-box\" class=\"extend--content--VuIQZia\">\n<div style=\"margin:0px;margin-bottom:0px;margin-top:0px;margin-left:0px;margin-right:0px;padding:0px;padding-bottom:0px;padding-top:0px;padding-left:0px;padding-right:0px;box-sizing:border-box\">\n<div id=\"product-description\" style=\"margin:0px;margin-bottom:0px;margin-top:0px;margin-left:0px;margin-right:0px;padding:0px;padding-bottom:0px;padding-top:0px;padding-left:0px;padding-right:0px;max-width:944px;overflow:hidden;position:relative;box-sizing:border-box\" class=\"description--product-description--Mjtql28\">\n<div style=\"margin:0px;margin-bottom:0px;margin-top:0px;margin-left:0px;margin-right:0px;padding:0px;padding-bottom:0px;padding-top:0px;padding-left:0px;padding-right:0px;box-sizing:border-box\" class=\"description--origin-part--rWy05pE\">\n<ul style=\"font-family:&quot;Microsoft YaHei&quot;;font-size:medium;font-weight:400;letter-spacing:normal;text-align:start;white-space:normal;color:rgb(0, 0, 0);margin:0px 0px 10px;margin-bottom:10px;margin-top:0px;margin-left:0px;margin-right:0px;padding:0px;padding-bottom:0px;padding-top:0px;padding-left:0px;padding-right:0px;list-style:disc;box-sizing:border-box\" class=\"clearfix\" align=\"start\">\n<li style=\"font-size:14px;font-weight:bold;margin:0px 10px 0px 0px;margin-bottom:0px;margin-top:0px;margin-left:0px;margin-right:10px;padding:0px 0px 0px 18px;padding-bottom:0px;padding-top:0px;padding-left:18px;padding-right:0px;list-style:none;float:left;box-sizing:border-box\">\n<p style=\"line-height:inherit;margin:0px;margin-bottom:0px;margin-top:0px;margin-left:0px;margin-right:0px;padding:0px;padding-bottom:0px;padding-top:0px;padding-left:0px;padding-right:0px;box-sizing:border-box\"><span style=\"font-size:22px\"><strong>Przegl\u0105d najwa\u017cniejszych wydarze\u0144:<\/strong><\/span><\/p>\n<\/li>\n<li style=\"font-size:14px;margin:0px 10px 0px 0px;margin-bottom:0px;margin-top:0px;margin-left:0px;margin-right:10px;padding:0px 0px 0px 18px;padding-bottom:0px;padding-top:0px;padding-left:18px;padding-right:0px;list-style:none;position:relative;float:left;box-sizing:border-box\">\n<h3 style=\"box-sizing:border-box\"><strong>Maksymalna moc wyj\u015bciowa 200 W<\/strong><\/h3>\n<p style=\"line-height:inherit;margin:0px;margin-bottom:0px;margin-top:0px;margin-left:0px;margin-right:0px;padding:0px;padding-bottom:0px;padding-top:0px;padding-left:0px;padding-right:0px;box-sizing:border-box\">TP200 ma maksymaln\u0105 moc wyj\u015bciow\u0105 200 W, co pozwala na szybkie \u0142adowanie urz\u0105dze\u0144. Niezale\u017cnie od tego, czy jeste\u015b na przygodach na \u015bwie\u017cym powietrzu, czy jako zapasowe \u017ar\u00f3d\u0142o zasilania w domu, TP200 zapewnia niezawodne wsparcie zasilania.<\/p>\n<h3 style=\"box-sizing:border-box\"><strong>Wysokowydajny panel s\u0142oneczny<\/strong><\/h3>\n<p style=\"line-height:inherit;margin:0px;margin-bottom:0px;margin-top:0px;margin-left:0px;margin-right:0px;padding:0px;padding-bottom:0px;padding-top:0px;padding-left:0px;padding-right:0px;box-sizing:border-box\">TP200 wykorzystuje panele s\u0142oneczne ETFE, aby zwi\u0119kszy\u0107 zdolno\u015b\u0107 absorpcji \u015bwiat\u0142a. Dzi\u0119ki temu TP200 jest niezawodnym, wydajnym generatorem s\u0142onecznym, kt\u00f3ry zapewnia niezawodn\u0105 moc nawet w warunkach s\u0142abego o\u015bwietlenia.<\/p>\n<h3 style=\"box-sizing:border-box\"><strong>Stabilne zasilanie<\/strong><\/h3>\n<p style=\"line-height:inherit;margin:0px;margin-bottom:0px;margin-top:0px;margin-left:0px;margin-right:0px;padding:0px;padding-bottom:0px;padding-top:0px;padding-left:0px;padding-right:0px;box-sizing:border-box\">TP200 zapewnia do 18 V napi\u0119cia wyj\u015bciowego (maks.) i pr\u0105d wyj\u015bciowy do 11,1 A (maks.), aby zapewni\u0107 niezawodne zasilanie. Posiada r\u00f3wnie\u017c 21,6 V napi\u0119cia obwodu otwartego i 13,3 A pr\u0105du zwarciowego, dzi\u0119ki czemu mo\u017ce zapewni\u0107 stabilne zasilanie nawet w przypadku uszkodzenia panelu s\u0142onecznego.<\/p>\n<\/li>\n<\/ul>\n<p style=\"line-height:inherit;margin:0px;margin-bottom:0px;margin-top:0px;margin-left:0px;margin-right:0px;padding:0px;padding-bottom:0px;padding-top:0px;padding-left:0px;padding-right:0px;box-sizing:border-box\"><\/p>\n<ul style=\"font-family:&quot;Microsoft YaHei&quot;;font-size:medium;font-weight:400;letter-spacing:normal;text-align:start;white-space:normal;color:rgb(0, 0, 0);margin:0px 0px 10px;margin-bottom:10px;margin-top:0px;margin-left:0px;margin-right:0px;padding:0px;padding-bottom:0px;padding-top:0px;padding-left:0px;padding-right:0px;list-style:disc;box-sizing:border-box\" class=\"clearfix\" align=\"start\">\n<li style=\"font-size:14px;font-weight:bold;margin:0px 10px 0px 0px;margin-bottom:0px;margin-top:0px;margin-left:0px;margin-right:10px;padding:0px 0px 0px 18px;padding-bottom:0px;padding-top:0px;padding-left:18px;padding-right:0px;list-style:none;float:left;box-sizing:border-box\">\n<p style=\"line-height:inherit;margin:0px;margin-bottom:0px;margin-top:0px;margin-left:0px;margin-right:0px;padding:0px;padding-bottom:0px;padding-top:0px;padding-left:0px;padding-right:0px;box-sizing:border-box\"><span style=\"font-size:22px\"><strong>Specyfikacja:<\/strong><\/span><\/p>\n<\/li>\n<li style=\"font-size:14px;margin:0px 10px 0px 0px;margin-bottom:0px;margin-top:0px;margin-left:0px;margin-right:10px;padding:0px 0px 0px 18px;padding-bottom:0px;padding-top:0px;padding-left:18px;padding-right:0px;list-style:none;position:relative;float:left;box-sizing:border-box\">\n<table style=\"border-collapse:collapse;width:800px\" class=\"jbEidtTable\" border=\"1\" cellpadding=\"5\" cellspacing=\"0\">\n<tbody>\n<tr>\n<td style=\"font-size:14px;text-align:left\" align=\"left\">\n<p style=\"line-height:inherit;margin:0px;margin-bottom:0px;margin-top:0px;margin-left:0px;margin-right:0px;padding:0px;padding-bottom:0px;padding-top:0px;padding-left:0px;padding-right:0px;box-sizing:border-box\"><strong>Og\u00f3lny<\/strong><\/p>\n<\/td>\n<td style=\"font-size:14px;text-align:left\" align=\"left\">\n<p style=\"line-height:inherit;margin:0px;margin-bottom:0px;margin-top:0px;margin-left:0px;margin-right:0px;padding:0px;padding-bottom:0px;padding-top:0px;padding-left:0px;padding-right:0px;box-sizing:border-box\">Marka: TALLPOWER<br \/>Typ: przeno\u015bny panel s\u0142oneczny<br \/>Model: TP200<br \/>Kolor: czarny<\/p>\n<\/td>\n<\/tr>\n<tr>\n<td style=\"font-size:14px;text-align:left\" align=\"left\">\n<p style=\"line-height:inherit;margin:0px;margin-bottom:0px;margin-top:0px;margin-left:0px;margin-right:0px;padding:0px;padding-bottom:0px;padding-top:0px;padding-left:0px;padding-right:0px;box-sizing:border-box\"><strong>Specyfikacja<\/strong><\/p>\n<\/td>\n<td style=\"font-size:14px;text-align:left\" align=\"left\">\n<p style=\"line-height:inherit;margin:0px;margin-bottom:0px;margin-top:0px;margin-left:0px;margin-right:0px;padding:0px;padding-bottom:0px;padding-top:0px;padding-left:0px;padding-right:0px;box-sizing:border-box\">Moc panelu s\u0142onecznego: 200 W<br \/>Napi\u0119cie: 18V<br \/>Pr\u0105d: 11,1A<br \/>Lotne: 21,6 V<br \/>Isc: 13.3A<br \/>Wydajno\u015b\u0107 konwersji: 24%<br \/>Temperatura pracy: -10 \u2013 65 stopni Celsjusza<\/p>\n<\/td>\n<\/tr>\n<tr>\n<td style=\"font-size:14px;text-align:left\" align=\"left\">\n<p style=\"line-height:inherit;margin:0px;margin-bottom:0px;margin-top:0px;margin-left:0px;margin-right:0px;padding:0px;padding-bottom:0px;padding-top:0px;padding-left:0px;padding-right:0px;box-sizing:border-box\"><strong>Waga i rozmiar<\/strong><\/p>\n<\/td>\n<td style=\"font-size:14px;text-align:left\" align=\"left\">\n<p style=\"line-height:inherit;margin:0px;margin-bottom:0px;margin-top:0px;margin-left:0px;margin-right:0px;padding:0px;padding-bottom:0px;padding-top:0px;padding-left:0px;padding-right:0px;box-sizing:border-box\">Waga paczki: 7,2 kg<br \/>Wymiary paczki (d\u0142. x szer. x wys.): 53x57x0,1 cm<\/p>\n<\/td>\n<\/tr>\n<tr>\n<td style=\"font-size:14px;text-align:left\" align=\"left\">\n<p style=\"line-height:inherit;margin:0px;margin-bottom:0px;margin-top:0px;margin-left:0px;margin-right:0px;padding:0px;padding-bottom:0px;padding-top:0px;padding-left:0px;padding-right:0px;box-sizing:border-box\"><strong>Zawarto\u015b\u0107 opakowania<\/strong><\/p>\n<\/td>\n<td style=\"font-size:14px;text-align:left\" align=\"left\">\n<p style=\"line-height:inherit;margin:0px;margin-bottom:0px;margin-top:0px;margin-left:0px;margin-right:0px;padding:0px;padding-bottom:0px;padding-top:0px;padding-left:0px;padding-right:0px;box-sizing:border-box\">1 x przeno\u015bny panel s\u0142oneczny TP200<br \/>1 x kabel \u0142aduj\u0105cy MC4<br \/>1 x Instrukcja obs\u0142ugi<\/p>\n<\/td>\n<\/tr>\n<\/tbody>\n<\/table>\n<\/li>\n<\/ul>\n<p style=\"line-height:inherit;margin:0px;margin-bottom:0px;margin-top:0px;margin-left:0px;margin-right:0px;padding:0px;padding-bottom:0px;padding-top:0px;padding-left:0px;padding-right:0px;box-sizing:border-box\"><img decoding=\"async\" style=\"border:0px;margin:0px;margin-bottom:0px;margin-top:0px;margin-left:0px;margin-right:0px;padding:0px;padding-bottom:0px;padding-top:0px;padding-left:0px;padding-right:0px;max-width:100%;box-sizing:border-box\" src=\"https:\/\/ae01.alicdn.com\/kf\/S076f9dba37d744febb962915a6aaf5c2U.jpg\" slate-data-type=\"image\"\/><img decoding=\"async\" style=\"border:0px;margin:0px;margin-bottom:0px;margin-top:0px;margin-left:0px;margin-right:0px;padding:0px;padding-bottom:0px;padding-top:0px;padding-left:0px;padding-right:0px;max-width:100%;box-sizing:border-box\" src=\"https:\/\/ae01.alicdn.com\/kf\/Se821d56c9ec1405e98bae05c3227d23aH.jpg\" slate-data-type=\"image\"\/><img decoding=\"async\" style=\"border:0px;margin:0px;margin-bottom:0px;margin-top:0px;margin-left:0px;margin-right:0px;padding:0px;padding-bottom:0px;padding-top:0px;padding-left:0px;padding-right:0px;max-width:100%;box-sizing:border-box\" src=\"https:\/\/ae01.alicdn.com\/kf\/S6ac95138c9c448b69777c0a149a3b2aeW.jpg\" slate-data-type=\"image\"\/><img decoding=\"async\" style=\"border:0px;margin:0px;margin-bottom:0px;margin-top:0px;margin-left:0px;margin-right:0px;padding:0px;padding-bottom:0px;padding-top:0px;padding-left:0px;padding-right:0px;max-width:100%;box-sizing:border-box\" src=\"https:\/\/ae01.alicdn.com\/kf\/Se8c451b7257e421bb904625311af33164.jpg\" slate-data-type=\"image\"\/><\/p>\n<\/div>\n<\/div>\n<\/div>\n<\/div>\n<\/div>\n<\/div>\n<p><\/p>","protected":false},"excerpt":{"rendered":"<p>Brand:&nbsp;TALLPOWER Model:&nbsp;TP200 Color:&nbsp;Black Type:&nbsp;Portable Solar Panel Solar Panel Power:&nbsp;200W Voltage:&nbsp;18V Current:&nbsp;11.1A Voc:&nbsp;21.6V Conversion Efficiency:&nbsp;24% Package Weight:&nbsp;7.2kg Highlights\uff1a 200W Max Output TP200 has a maximum output of 200W, which allows you<\/p>","protected":false},"featured_media":21732,"comment_status":"open","ping_status":"closed","template":"","meta":{"_acf_changed":false},"product_brand":[],"product_cat":[531],"product_tag":[],"class_list":{"0":"post-21731","1":"product","2":"type-product","3":"status-publish","4":"has-post-thumbnail","6":"product_cat-foldable-solar-panels","8":"first","9":"instock","10":"shipping-taxable","11":"purchasable","12":"product-type-simple"},"acf":[],"_links":{"self":[{"href":"https:\/\/www.electricstore.eu\/pl\/wp-json\/wp\/v2\/product\/21731","targetHints":{"allow":["GET"]}}],"collection":[{"href":"https:\/\/www.electricstore.eu\/pl\/wp-json\/wp\/v2\/product"}],"about":[{"href":"https:\/\/www.electricstore.eu\/pl\/wp-json\/wp\/v2\/types\/product"}],"replies":[{"embeddable":true,"href":"https:\/\/www.electricstore.eu\/pl\/wp-json\/wp\/v2\/comments?post=21731"}],"wp:featuredmedia":[{"embeddable":true,"href":"https:\/\/www.electricstore.eu\/pl\/wp-json\/wp\/v2\/media\/21732"}],"wp:attachment":[{"href":"https:\/\/www.electricstore.eu\/pl\/wp-json\/wp\/v2\/media?parent=21731"}],"wp:term":[{"taxonomy":"product_brand","embeddable":true,"href":"https:\/\/www.electricstore.eu\/pl\/wp-json\/wp\/v2\/product_brand?post=21731"},{"taxonomy":"product_cat","embeddable":true,"href":"https:\/\/www.electricstore.eu\/pl\/wp-json\/wp\/v2\/product_cat?post=21731"},{"taxonomy":"product_tag","embeddable":true,"href":"https:\/\/www.electricstore.eu\/pl\/wp-json\/wp\/v2\/product_tag?post=21731"}],"curies":[{"name":"wp","href":"https:\/\/api.w.org\/{rel}","templated":true}]}}