{"id":21725,"date":"2025-05-20T18:21:34","date_gmt":"2025-05-20T18:21:34","guid":{"rendered":"https:\/\/electricstore.eu\/p\/uncategorized\/oukitel-pv200-foldable-solar-panel-21-7-solar-conversion-efficiency-ip65-waterproof\/"},"modified":"2025-05-20T18:21:35","modified_gmt":"2025-05-20T18:21:35","slug":"oukitel-pv200-foldable-solar-panel-21-7-solar-conversion-efficiency-ip65-waterproof","status":"publish","type":"product","link":"https:\/\/www.electricstore.eu\/pl\/p\/batteries\/foldable-solar-panels\/oukitel-pv200-foldable-solar-panel-21-7-solar-conversion-efficiency-ip65-waterproof\/","title":{"rendered":"OUKITEL PV200 sk\u0142adany panel s\u0142oneczny, 21,7% wydajno\u015b\u0107 konwersji s\u0142onecznej, IP65 wodoodporno\u015b\u0107"},"content":{"rendered":"<div class=\"product-specs-list-container\">\n<ul class=\"product-specs-list util-clearfix\">\n<li class=\"product-prop line-limit-length\"><span\n                                        class=\"property-title\">Marka:&nbsp;<\/span><span\n                                        class=\"property-desc line-limit-length\">OUKITEL<\/span>\n                            <\/li>\n<li class=\"product-prop line-limit-length\"><span\n                                        class=\"property-title\">Model:&nbsp;<\/span><span\n                                        class=\"property-desc line-limit-length\">PV200<\/span>\n                            <\/li>\n<li class=\"product-prop line-limit-length\"><span\n                                        class=\"property-title\">Moc znamionowa:&nbsp;<\/span><span\n                                        class=\"property-desc line-limit-length\">200 W<\/span>\n                            <\/li>\n<li class=\"product-prop line-limit-length\"><span\n                                        class=\"property-title\">Efektywno\u015b\u0107:&nbsp;<\/span><span\n                                        class=\"property-desc line-limit-length\">21.7%<\/span>\n                            <\/li>\n<li class=\"product-prop line-limit-length\"><span\n                                        class=\"property-title\">Napi\u0119cie w obwodzie otwartym:&nbsp;<\/span><span\n                                        class=\"property-desc line-limit-length\">25,2 V<\/span>\n                            <\/li>\n<\/ul><\/div>\n<p style=\"font-family:&quot;Microsoft YaHei&quot;;font-size:medium;font-weight:400;letter-spacing:normal;text-align:start;white-space:normal;color:rgb(0, 0, 0)\" align=\"start\"><span style=\"font-size:x-large\">Przegl\u0105d najwa\u017cniejszych wydarze\u0144<\/span><\/p>\n<p><\/p>\n<p style=\"font-family:&quot;Microsoft YaHei&quot;;font-size:medium;font-weight:400;letter-spacing:normal;text-align:start;white-space:normal;color:rgb(0, 0, 0)\" align=\"start\"><strong>Wysoka wydajno\u015b\u0107 konwersji<\/strong><br \/>Zbudowany z wysoce wydajnych monokrystalicznych ogniw s\u0142onecznych o sprawno\u015bci do 21,7%, OUKITEL PV200 mo\u017ce przetworzy\u0107 wi\u0119cej energii s\u0142onecznej na energi\u0119 u\u017cyteczn\u0105, co pozwala na wytwarzanie wi\u0119kszej ilo\u015bci energii, nawet je\u015bli rozmiar panelu nie jest wi\u0119kszy od rozmiaru zwyk\u0142ych paneli s\u0142onecznych.<\/p>\n<p><\/p>\n<p style=\"font-family:&quot;Microsoft YaHei&quot;;font-size:medium;font-weight:400;letter-spacing:normal;text-align:start;white-space:normal;color:rgb(0, 0, 0)\" align=\"start\"><strong>Trwa\u0142e i odporne na zachlapanie<\/strong><br \/>Obudowa laminowana ETFE jest wystarczaj\u0105co wytrzyma\u0142a, aby wyd\u0142u\u017cy\u0107 \u017cywotno\u015b\u0107 panelu s\u0142onecznego. Wodoodporna konstrukcja IP65 ochroni go przed zachlapaniem wod\u0105 (nie umieszczaj go na deszczu).<\/p>\n<p><\/p>\n<p style=\"font-family:&quot;Microsoft YaHei&quot;;font-size:medium;font-weight:400;letter-spacing:normal;text-align:start;white-space:normal;color:rgb(0, 0, 0)\" align=\"start\"><strong>\u0141atwy do przenoszenia i ze stopk\u0105 w zestawie<\/strong><br \/>Panel s\u0142oneczny OUKITEL PV200 jest sk\u0142adany, wi\u0119c mo\u017cesz zabra\u0107 go wsz\u0119dzie. Podp\u00f3rka opiera si\u0119 pod k\u0105tem, dzi\u0119ki czemu panel s\u0142oneczny \u0142atwo wch\u0142ania energi\u0119 ze \u015bwiat\u0142a s\u0142onecznego.<\/p>\n<p><\/p>\n<p style=\"font-family:&quot;Microsoft YaHei&quot;;font-size:medium;font-weight:400;letter-spacing:normal;text-align:start;white-space:normal;color:rgb(0, 0, 0)\" align=\"start\"><strong>Szeroka kompatybilno\u015b\u0107<\/strong><br \/>Ten panel s\u0142oneczny jest kompatybilny ze stacjami zasilania OUKITEL P2001\/P501\/CN505\/P301 i innymi generatorami dost\u0119pnymi na rynku. Idealnie nadaje si\u0119 na kempingi poza sieci\u0105 i w przypadku nieoczekiwanych przerw w dostawie pr\u0105du.<\/p>\n<p><\/p>\n<h2 style=\"font-family:&quot;Microsoft YaHei&quot;;font-size:14px;letter-spacing:normal;text-align:start;white-space:normal;color:rgb(0, 0, 0);margin:10px 0px;margin-bottom:10px;margin-top:10px;margin-left:0px;margin-right:0px;padding:0px;padding-bottom:0px;padding-top:0px;padding-left:0px;padding-right:0px\" align=\"start\"><span style=\"font-size:26px\"><strong>Specyfikacja<\/strong><\/span><\/h2>\n<p><\/p>\n<table style=\"border-collapse:collapse;font-family:&quot;Microsoft YaHei&quot;;width:1000px\" class=\"jbEidtTable\" border=\"1\" cellpadding=\"5\" cellspacing=\"0\">\n<tbody>\n<tr>\n<td style=\"text-align:left\" align=\"left\">\n<p><strong>Og\u00f3lny<\/strong><\/p>\n<\/td>\n<td style=\"text-align:left\" align=\"left\">\n<p>Marka: OUKITEL<br \/>Typ: Panel s\u0142oneczny<br \/>Model: PV200<br \/>Kolor: czarny<\/p>\n<\/td>\n<\/tr>\n<tr>\n<td style=\"text-align:left\" align=\"left\">\n<p><strong>Specyfikacja<\/strong><\/p>\n<\/td>\n<td style=\"text-align:left\" align=\"left\">\n<p>Moc znamionowa: 200 W<br \/>Napi\u0119cie w obwodzie otwartym: 25,2 V<br \/>Pr\u0105d zwarciowy: 11,42 A<br \/>Wydajno\u015b\u0107: 21,7%<br \/>Typ ogniwa: monokrystaliczny krzem<\/p>\n<\/td>\n<\/tr>\n<tr>\n<td style=\"text-align:left\" align=\"left\">\n<p><strong>Waga i rozmiar<\/strong><\/p>\n<\/td>\n<td style=\"text-align:left\" align=\"left\">\n<p>Waga produktu: 7,85 kg<br \/>Waga paczki: 8,8 kg<br \/>Rozmiar po roz\u0142o\u017ceniu: 53,6\u00d7234,9\u00d72,5 cm<br \/>Wymiary paczki (d\u0142. x szer. x wys.): 60,5 x 10,5 x 71 cm<\/p>\n<\/td>\n<\/tr>\n<tr>\n<td style=\"text-align:left\" align=\"left\">\n<p><strong>Zawarto\u015b\u0107 opakowania<\/strong><\/p>\n<\/td>\n<td style=\"text-align:left\" align=\"left\">\n<p>1 x Panel s\u0142oneczny OUKITEL 200W<br \/>1 x kabel MC4<br \/>1 x Instrukcja obs\u0142ugi<\/p>\n<\/td>\n<\/tr>\n<\/tbody>\n<\/table>\n<p style=\"font-family:&quot;Microsoft YaHei&quot;;font-size:medium;font-weight:400;letter-spacing:normal;text-align:start;white-space:normal;color:rgb(0, 0, 0)\" align=\"start\"><img decoding=\"async\" src=\"https:\/\/ae01.alicdn.com\/kf\/S7817362f58a644d8a7cc52f2946bc9a3D.jpg\" slate-data-type=\"image\"\/><img decoding=\"async\" src=\"https:\/\/ae01.alicdn.com\/kf\/Sd676fea295974799af5ec16c033960f9d.jpg\" slate-data-type=\"image\"\/><img decoding=\"async\" src=\"https:\/\/ae01.alicdn.com\/kf\/S45f04756718446159144f5d91996eeab0.jpg\" slate-data-type=\"image\"\/><img decoding=\"async\" src=\"https:\/\/ae01.alicdn.com\/kf\/Sd625b966d7d54b30a3a98e67d55e7e6bB.jpg\" slate-data-type=\"image\"\/><\/p>","protected":false},"excerpt":{"rendered":"<p>Brand:&nbsp;OUKITEL Model:&nbsp;PV200 Rated Power:&nbsp;200W Efficiency:&nbsp;21.7% Open Circuit Voltage:&nbsp;25.2V Highlights High Conversion EfficiencyConstructed from high-efficiency monocrystalline solar cells, with an efficiency of up to 21.7%, OUKITEL PV200 can convert more solar<\/p>","protected":false},"featured_media":21726,"comment_status":"open","ping_status":"closed","template":"","meta":{"_acf_changed":false},"product_brand":[],"product_cat":[531],"product_tag":[],"class_list":{"0":"post-21725","1":"product","2":"type-product","3":"status-publish","4":"has-post-thumbnail","6":"product_cat-foldable-solar-panels","8":"first","9":"instock","10":"shipping-taxable","11":"purchasable","12":"product-type-simple"},"acf":[],"_links":{"self":[{"href":"https:\/\/www.electricstore.eu\/pl\/wp-json\/wp\/v2\/product\/21725","targetHints":{"allow":["GET"]}}],"collection":[{"href":"https:\/\/www.electricstore.eu\/pl\/wp-json\/wp\/v2\/product"}],"about":[{"href":"https:\/\/www.electricstore.eu\/pl\/wp-json\/wp\/v2\/types\/product"}],"replies":[{"embeddable":true,"href":"https:\/\/www.electricstore.eu\/pl\/wp-json\/wp\/v2\/comments?post=21725"}],"wp:featuredmedia":[{"embeddable":true,"href":"https:\/\/www.electricstore.eu\/pl\/wp-json\/wp\/v2\/media\/21726"}],"wp:attachment":[{"href":"https:\/\/www.electricstore.eu\/pl\/wp-json\/wp\/v2\/media?parent=21725"}],"wp:term":[{"taxonomy":"product_brand","embeddable":true,"href":"https:\/\/www.electricstore.eu\/pl\/wp-json\/wp\/v2\/product_brand?post=21725"},{"taxonomy":"product_cat","embeddable":true,"href":"https:\/\/www.electricstore.eu\/pl\/wp-json\/wp\/v2\/product_cat?post=21725"},{"taxonomy":"product_tag","embeddable":true,"href":"https:\/\/www.electricstore.eu\/pl\/wp-json\/wp\/v2\/product_tag?post=21725"}],"curies":[{"name":"wp","href":"https:\/\/api.w.org\/{rel}","templated":true}]}}